{"id":6696,"date":"2022-03-01T14:46:38","date_gmt":"2022-03-01T12:46:38","guid":{"rendered":"https:\/\/legandgo.com\/?post_type=product&#038;p=6696"},"modified":"2026-04-08T17:35:33","modified_gmt":"2026-04-08T15:35:33","slug":"tisch-stuhl-fur-sprossenwand","status":"publish","type":"product","link":"https:\/\/legandgo.com\/de\/shop\/toys-de\/tisch-stuhl-fur-sprossenwand\/","title":{"rendered":"Tisch und Stuhl f\u00fcr Sprossenwand"},"content":{"rendered":"<p style=\"font-weight: 400;\">Von Bewegung zu Momenten der Konzentration.<\/p>\n<p style=\"font-weight: 400;\">Unser Tisch &amp; Stuhl Add-on verwandelt Ihre Schwedische Sprossenwand und das Dreieck-Kletterger\u00e4t 2in1 in einen eigenen Bereich f\u00fcr Kreativit\u00e4t, Lernen und allt\u00e4gliche Aktivit\u00e4ten.<\/p>\n<p style=\"font-weight: 400;\">Positionieren Sie den Tisch einfach auf der gew\u00fcnschten H\u00f6he, um eine komfortable Fl\u00e4che zum Zeichnen, Schreiben, f\u00fcr Puzzles oder Bastelarbeiten zu schaffen. Er kann sogar als praktischer Laptop-Tisch f\u00fcr Erwachsene genutzt werden.<\/p>\n<p style=\"font-weight: 400;\">Bitte beachten Sie: Das Schwedische Sprossenwand 2in1 Set ist nicht enthalten, wird f\u00fcr dieses Produkt ben\u00f6tigt und muss separat erworben werden.<\/p>\n<p style=\"font-weight: 400;\"><strong>Entdecken Sie unten mehr.<\/strong><\/p>\n","protected":false},"excerpt":{"rendered":"<p>Von Bewegung zu Momenten der Konzentration. Unser Tisch &amp; Stuhl Add-on verwandelt Ihre Schwedische Sprossenwand und das Dreieck-Kletterger\u00e4t 2in1 in einen eigenen Bereich f\u00fcr Kreativit\u00e4t, Lernen und allt\u00e4gliche Aktivit\u00e4ten. Positionieren Sie den Tisch einfach auf der gew\u00fcnschten H\u00f6he, um eine komfortable Fl\u00e4che zum Zeichnen, Schreiben, f\u00fcr Puzzles oder Bastelarbeiten zu schaffen. Er kann sogar als<a class=\"excerpt-read-more\" href=\"https:\/\/legandgo.com\/de\/shop\/toys-de\/tisch-stuhl-fur-sprossenwand\/\" title=\"ReadTisch und Stuhl f\u00fcr Sprossenwand\">&#8230; Read more &raquo;<\/a><\/p>\n","protected":false},"featured_media":53839,"comment_status":"closed","ping_status":"closed","template":"","meta":{"_acf_changed":false,"inline_featured_image":false,"footnotes":""},"product_brand":[],"product_cat":[1319,56],"product_tag":[],"class_list":{"0":"post-6696","1":"product","2":"type-product","3":"status-publish","4":"has-post-thumbnail","6":"product_cat-kategorie-spielzeug","7":"product_cat-toys-de","8":"product_shipping_class-climbers-shipping","10":"first","11":"instock","12":"sale","13":"purchasable","14":"product-type-simple"},"bundled_by":[],"bundle_stock_status":"instock","bundle_stock_quantity":null,"bundle_virtual":false,"bundle_layout":"","bundle_add_to_cart_form_location":"","bundle_editable_in_cart":false,"bundle_sold_individually_context":"","bundle_item_grouping":"","bundle_min_size":"","bundle_max_size":"","bundle_price":[],"bundled_items":[],"bundle_sell_ids":[],"acf":[],"yoast_head":"<!-- This site is optimized with the Yoast SEO plugin v25.9 - https:\/\/yoast.com\/wordpress\/plugins\/seo\/ -->\n<title>Tisch und Stuhl f\u00fcr Sprossenwand &#183; leg&amp;go<\/title>\n<meta name=\"description\" content=\"Tisch- und Stuhlerweiterung f\u00fcr das Leg&amp;Go Kletterdreieck-Set. Verwandeln Sie das Holz-Aktivit\u00e4tsset in einen gem\u00fctlichen Sitzplatz zum Entspannen.\" \/>\n<meta name=\"robots\" content=\"index, follow, max-snippet:-1, max-image-preview:large, max-video-preview:-1\" \/>\n<link rel=\"canonical\" href=\"https:\/\/legandgo.com\/de\/shop\/toys-de\/tisch-stuhl-fur-sprossenwand\/\" \/>\n<meta property=\"og:locale\" content=\"de_DE\" \/>\n<meta property=\"og:type\" content=\"article\" \/>\n<meta property=\"og:title\" content=\"Tisch und Stuhl f\u00fcr Sprossenwand &#183; leg&amp;go\" \/>\n<meta property=\"og:description\" content=\"Tisch- und Stuhlerweiterung f\u00fcr das Leg&amp;Go Kletterdreieck-Set. Verwandeln Sie das Holz-Aktivit\u00e4tsset in einen gem\u00fctlichen Sitzplatz zum Entspannen.\" \/>\n<meta property=\"og:url\" content=\"https:\/\/legandgo.com\/de\/shop\/toys-de\/tisch-stuhl-fur-sprossenwand\/\" \/>\n<meta property=\"og:site_name\" content=\"leg&amp;go\" \/>\n<meta property=\"article:publisher\" content=\"https:\/\/www.facebook.com\/legandgo\" \/>\n<meta property=\"article:modified_time\" content=\"2026-04-08T15:35:33+00:00\" \/>\n<meta property=\"og:image\" content=\"https:\/\/legandgo.com\/wp-content\/uploads\/2022\/03\/Swedish-wall-table-and-chair-addon.jpg\" \/>\n\t<meta property=\"og:image:width\" content=\"2048\" \/>\n\t<meta property=\"og:image:height\" content=\"2048\" \/>\n\t<meta property=\"og:image:type\" content=\"image\/jpeg\" \/>\n<meta name=\"twitter:card\" content=\"summary_large_image\" \/>\n<script type=\"application\/ld+json\" class=\"yoast-schema-graph\">{\"@context\":\"https:\/\/schema.org\",\"@graph\":[{\"@type\":\"WebPage\",\"@id\":\"https:\/\/legandgo.com\/de\/shop\/toys-de\/tisch-stuhl-fur-sprossenwand\/\",\"url\":\"https:\/\/legandgo.com\/de\/shop\/toys-de\/tisch-stuhl-fur-sprossenwand\/\",\"name\":\"Tisch und Stuhl f\u00fcr Sprossenwand &#183; leg&amp;go\",\"isPartOf\":{\"@id\":\"https:\/\/legandgo.com\/de\/#website\"},\"primaryImageOfPage\":{\"@id\":\"https:\/\/legandgo.com\/de\/shop\/toys-de\/tisch-stuhl-fur-sprossenwand\/#primaryimage\"},\"image\":{\"@id\":\"https:\/\/legandgo.com\/de\/shop\/toys-de\/tisch-stuhl-fur-sprossenwand\/#primaryimage\"},\"thumbnailUrl\":\"https:\/\/legandgo.com\/wp-content\/uploads\/2022\/03\/Swedish-wall-table-and-chair-addon.jpg\",\"datePublished\":\"2022-03-01T12:46:38+00:00\",\"dateModified\":\"2026-04-08T15:35:33+00:00\",\"description\":\"Tisch- und Stuhlerweiterung f\u00fcr das Leg&Go Kletterdreieck-Set. Verwandeln Sie das Holz-Aktivit\u00e4tsset in einen gem\u00fctlichen Sitzplatz zum Entspannen.\",\"breadcrumb\":{\"@id\":\"https:\/\/legandgo.com\/de\/shop\/toys-de\/tisch-stuhl-fur-sprossenwand\/#breadcrumb\"},\"inLanguage\":\"de-DE\",\"potentialAction\":[{\"@type\":\"ReadAction\",\"target\":[\"https:\/\/legandgo.com\/de\/shop\/toys-de\/tisch-stuhl-fur-sprossenwand\/\"]}]},{\"@type\":\"ImageObject\",\"inLanguage\":\"de-DE\",\"@id\":\"https:\/\/legandgo.com\/de\/shop\/toys-de\/tisch-stuhl-fur-sprossenwand\/#primaryimage\",\"url\":\"https:\/\/legandgo.com\/wp-content\/uploads\/2022\/03\/Swedish-wall-table-and-chair-addon.jpg\",\"contentUrl\":\"https:\/\/legandgo.com\/wp-content\/uploads\/2022\/03\/Swedish-wall-table-and-chair-addon.jpg\",\"width\":2048,\"height\":2048},{\"@type\":\"BreadcrumbList\",\"@id\":\"https:\/\/legandgo.com\/de\/shop\/toys-de\/tisch-stuhl-fur-sprossenwand\/#breadcrumb\",\"itemListElement\":[{\"@type\":\"ListItem\",\"position\":1,\"name\":\"Home\",\"item\":\"https:\/\/legandgo.com\/de\/\"},{\"@type\":\"ListItem\",\"position\":2,\"name\":\"Shop\",\"item\":\"https:\/\/legandgo.com\/de\/shop\/\"},{\"@type\":\"ListItem\",\"position\":3,\"name\":\"Tisch und Stuhl f\u00fcr Sprossenwand\"}]},{\"@type\":\"WebSite\",\"@id\":\"https:\/\/legandgo.com\/de\/#website\",\"url\":\"https:\/\/legandgo.com\/de\/\",\"name\":\"leg&amp;go\",\"description\":\"\",\"publisher\":{\"@id\":\"https:\/\/legandgo.com\/de\/#organization\"},\"potentialAction\":[{\"@type\":\"SearchAction\",\"target\":{\"@type\":\"EntryPoint\",\"urlTemplate\":\"https:\/\/legandgo.com\/de\/?s={search_term_string}\"},\"query-input\":{\"@type\":\"PropertyValueSpecification\",\"valueRequired\":true,\"valueName\":\"search_term_string\"}}],\"inLanguage\":\"de-DE\"},{\"@type\":\"Organization\",\"@id\":\"https:\/\/legandgo.com\/de\/#organization\",\"name\":\"leg&go bike\",\"url\":\"https:\/\/legandgo.com\/de\/\",\"logo\":{\"@type\":\"ImageObject\",\"inLanguage\":\"de-DE\",\"@id\":\"https:\/\/legandgo.com\/de\/#\/schema\/logo\/image\/\",\"url\":\"https:\/\/legandgo.com\/wp-content\/uploads\/2021\/03\/logorf.png\",\"contentUrl\":\"https:\/\/legandgo.com\/wp-content\/uploads\/2021\/03\/logorf.png\",\"width\":675,\"height\":216,\"caption\":\"leg&go bike\"},\"image\":{\"@id\":\"https:\/\/legandgo.com\/de\/#\/schema\/logo\/image\/\"},\"sameAs\":[\"https:\/\/www.facebook.com\/legandgo\",\"https:\/\/www.instagram.com\/legandgo\/\",\"https:\/\/www.linkedin.com\/company\/legandgo\/\",\"https:\/\/www.pinterest.com\/legandgo\/\",\"https:\/\/www.youtube.com\/channel\/UC_FBzWPmKWE0g7fcR4Xdfuw\/\"]}]}<\/script>\n<!-- \/ Yoast SEO plugin. -->","yoast_head_json":{"title":"Tisch und Stuhl f\u00fcr Sprossenwand &#183; leg&amp;go","description":"Tisch- und Stuhlerweiterung f\u00fcr das Leg&Go Kletterdreieck-Set. Verwandeln Sie das Holz-Aktivit\u00e4tsset in einen gem\u00fctlichen Sitzplatz zum Entspannen.","robots":{"index":"index","follow":"follow","max-snippet":"max-snippet:-1","max-image-preview":"max-image-preview:large","max-video-preview":"max-video-preview:-1"},"canonical":"https:\/\/legandgo.com\/de\/shop\/toys-de\/tisch-stuhl-fur-sprossenwand\/","og_locale":"de_DE","og_type":"article","og_title":"Tisch und Stuhl f\u00fcr Sprossenwand &#183; leg&amp;go","og_description":"Tisch- und Stuhlerweiterung f\u00fcr das Leg&Go Kletterdreieck-Set. Verwandeln Sie das Holz-Aktivit\u00e4tsset in einen gem\u00fctlichen Sitzplatz zum Entspannen.","og_url":"https:\/\/legandgo.com\/de\/shop\/toys-de\/tisch-stuhl-fur-sprossenwand\/","og_site_name":"leg&amp;go","article_publisher":"https:\/\/www.facebook.com\/legandgo","article_modified_time":"2026-04-08T15:35:33+00:00","og_image":[{"width":2048,"height":2048,"url":"https:\/\/legandgo.com\/wp-content\/uploads\/2022\/03\/Swedish-wall-table-and-chair-addon.jpg","type":"image\/jpeg"}],"twitter_card":"summary_large_image","schema":{"@context":"https:\/\/schema.org","@graph":[{"@type":"WebPage","@id":"https:\/\/legandgo.com\/de\/shop\/toys-de\/tisch-stuhl-fur-sprossenwand\/","url":"https:\/\/legandgo.com\/de\/shop\/toys-de\/tisch-stuhl-fur-sprossenwand\/","name":"Tisch und Stuhl f\u00fcr Sprossenwand &#183; leg&amp;go","isPartOf":{"@id":"https:\/\/legandgo.com\/de\/#website"},"primaryImageOfPage":{"@id":"https:\/\/legandgo.com\/de\/shop\/toys-de\/tisch-stuhl-fur-sprossenwand\/#primaryimage"},"image":{"@id":"https:\/\/legandgo.com\/de\/shop\/toys-de\/tisch-stuhl-fur-sprossenwand\/#primaryimage"},"thumbnailUrl":"https:\/\/legandgo.com\/wp-content\/uploads\/2022\/03\/Swedish-wall-table-and-chair-addon.jpg","datePublished":"2022-03-01T12:46:38+00:00","dateModified":"2026-04-08T15:35:33+00:00","description":"Tisch- und Stuhlerweiterung f\u00fcr das Leg&Go Kletterdreieck-Set. Verwandeln Sie das Holz-Aktivit\u00e4tsset in einen gem\u00fctlichen Sitzplatz zum Entspannen.","breadcrumb":{"@id":"https:\/\/legandgo.com\/de\/shop\/toys-de\/tisch-stuhl-fur-sprossenwand\/#breadcrumb"},"inLanguage":"de-DE","potentialAction":[{"@type":"ReadAction","target":["https:\/\/legandgo.com\/de\/shop\/toys-de\/tisch-stuhl-fur-sprossenwand\/"]}]},{"@type":"ImageObject","inLanguage":"de-DE","@id":"https:\/\/legandgo.com\/de\/shop\/toys-de\/tisch-stuhl-fur-sprossenwand\/#primaryimage","url":"https:\/\/legandgo.com\/wp-content\/uploads\/2022\/03\/Swedish-wall-table-and-chair-addon.jpg","contentUrl":"https:\/\/legandgo.com\/wp-content\/uploads\/2022\/03\/Swedish-wall-table-and-chair-addon.jpg","width":2048,"height":2048},{"@type":"BreadcrumbList","@id":"https:\/\/legandgo.com\/de\/shop\/toys-de\/tisch-stuhl-fur-sprossenwand\/#breadcrumb","itemListElement":[{"@type":"ListItem","position":1,"name":"Home","item":"https:\/\/legandgo.com\/de\/"},{"@type":"ListItem","position":2,"name":"Shop","item":"https:\/\/legandgo.com\/de\/shop\/"},{"@type":"ListItem","position":3,"name":"Tisch und Stuhl f\u00fcr Sprossenwand"}]},{"@type":"WebSite","@id":"https:\/\/legandgo.com\/de\/#website","url":"https:\/\/legandgo.com\/de\/","name":"leg&amp;go","description":"","publisher":{"@id":"https:\/\/legandgo.com\/de\/#organization"},"potentialAction":[{"@type":"SearchAction","target":{"@type":"EntryPoint","urlTemplate":"https:\/\/legandgo.com\/de\/?s={search_term_string}"},"query-input":{"@type":"PropertyValueSpecification","valueRequired":true,"valueName":"search_term_string"}}],"inLanguage":"de-DE"},{"@type":"Organization","@id":"https:\/\/legandgo.com\/de\/#organization","name":"leg&go bike","url":"https:\/\/legandgo.com\/de\/","logo":{"@type":"ImageObject","inLanguage":"de-DE","@id":"https:\/\/legandgo.com\/de\/#\/schema\/logo\/image\/","url":"https:\/\/legandgo.com\/wp-content\/uploads\/2021\/03\/logorf.png","contentUrl":"https:\/\/legandgo.com\/wp-content\/uploads\/2021\/03\/logorf.png","width":675,"height":216,"caption":"leg&go bike"},"image":{"@id":"https:\/\/legandgo.com\/de\/#\/schema\/logo\/image\/"},"sameAs":["https:\/\/www.facebook.com\/legandgo","https:\/\/www.instagram.com\/legandgo\/","https:\/\/www.linkedin.com\/company\/legandgo\/","https:\/\/www.pinterest.com\/legandgo\/","https:\/\/www.youtube.com\/channel\/UC_FBzWPmKWE0g7fcR4Xdfuw\/"]}]}},"_links":{"self":[{"href":"https:\/\/legandgo.com\/de\/wp-json\/wp\/v2\/product\/6696","targetHints":{"allow":["GET"]}}],"collection":[{"href":"https:\/\/legandgo.com\/de\/wp-json\/wp\/v2\/product"}],"about":[{"href":"https:\/\/legandgo.com\/de\/wp-json\/wp\/v2\/types\/product"}],"replies":[{"embeddable":true,"href":"https:\/\/legandgo.com\/de\/wp-json\/wp\/v2\/comments?post=6696"}],"version-history":[{"count":17,"href":"https:\/\/legandgo.com\/de\/wp-json\/wp\/v2\/product\/6696\/revisions"}],"predecessor-version":[{"id":53843,"href":"https:\/\/legandgo.com\/de\/wp-json\/wp\/v2\/product\/6696\/revisions\/53843"}],"wp:featuredmedia":[{"embeddable":true,"href":"https:\/\/legandgo.com\/de\/wp-json\/wp\/v2\/media\/53839"}],"wp:attachment":[{"href":"https:\/\/legandgo.com\/de\/wp-json\/wp\/v2\/media?parent=6696"}],"wp:term":[{"taxonomy":"product_brand","embeddable":true,"href":"https:\/\/legandgo.com\/de\/wp-json\/wp\/v2\/product_brand?post=6696"},{"taxonomy":"product_cat","embeddable":true,"href":"https:\/\/legandgo.com\/de\/wp-json\/wp\/v2\/product_cat?post=6696"},{"taxonomy":"product_tag","embeddable":true,"href":"https:\/\/legandgo.com\/de\/wp-json\/wp\/v2\/product_tag?post=6696"}],"curies":[{"name":"wp","href":"https:\/\/api.w.org\/{rel}","templated":true}]}}