{"id":67481,"date":"2026-05-13T17:42:28","date_gmt":"2026-05-13T15:42:28","guid":{"rendered":"https:\/\/legandgo.com\/shop\/unkategorisiert\/zeichentisch-mit-bleistifthalter\/"},"modified":"2026-05-14T16:10:26","modified_gmt":"2026-05-14T14:10:26","slug":"zeichentisch-mit-bleistifthalter","status":"publish","type":"product","link":"https:\/\/legandgo.com\/de\/shop\/toys-de\/zeichentisch-mit-bleistifthalter\/","title":{"rendered":"Zeichentisch mit Bleistifthalter"},"content":{"rendered":"<p style=\"font-weight: 400;\">Verwandeln Sie jede Wand in eine ruhige und inspirierende Kreativecke mit diesem wandmontierten Zeichenbrett f\u00fcr Kinder mit integrierten Becherhaltern, einem eingebauten Ablagefach und einem Papierrollenspender, der das Spielen ohne Bildschirm f\u00f6rdert.<\/p>\n<p style=\"font-weight: 400;\">Dank des leichtg\u00e4ngigen Systems zum Herunterziehen des Papiers k\u00f6nnen Kinder ganz einfach nach frischem Papier greifen, wann immer sie sich inspirieren lassen, w\u00e4hrend das untere Regal die bevorzugten Malutensilien sichtbar und in Reichweite h\u00e4lt. Direkt an der Wand montiert, schafft es eine sch\u00f6ne und praktische kreative Einrichtung, ohne wertvollen Platz auf dem Boden einzunehmen. <\/p>\n<p style=\"font-weight: 400;\">Bitte beachten Sie: Die Becher sind nicht im Lieferumfang enthalten. Jeder wiederverwendbare Becher oder Beh\u00e4lter in Standardgr\u00f6\u00dfe passt in die Halter. <\/p>\n<p style=\"font-weight: 400;\"><strong>Mehr entdecken unten.<\/strong><\/p>\n","protected":false},"excerpt":{"rendered":"<p>Verwandeln Sie jede Wand in eine ruhige und inspirierende Kreativecke mit diesem wandmontierten Zeichenbrett f\u00fcr Kinder mit integrierten Becherhaltern, einem eingebauten Ablagefach und einem Papierrollenspender, der das Spielen ohne Bildschirm f\u00f6rdert. Dank des leichtg\u00e4ngigen Systems zum Herunterziehen des Papiers k\u00f6nnen Kinder ganz einfach nach frischem Papier greifen, wann immer sie sich inspirieren lassen, w\u00e4hrend das<a class=\"excerpt-read-more\" href=\"https:\/\/legandgo.com\/de\/shop\/toys-de\/zeichentisch-mit-bleistifthalter\/\" title=\"ReadZeichentisch mit Bleistifthalter\">&#8230; Read more &raquo;<\/a><\/p>\n","protected":false},"featured_media":67275,"comment_status":"closed","ping_status":"closed","template":"","meta":{"_acf_changed":false,"inline_featured_image":false,"footnotes":""},"product_brand":[],"product_cat":[1319,56],"product_tag":[],"class_list":{"0":"post-67481","1":"product","2":"type-product","3":"status-publish","4":"has-post-thumbnail","6":"product_cat-kategorie-spielzeug","7":"product_cat-toys-de","9":"first","10":"instock","11":"sale","12":"purchasable","13":"product-type-variable"},"bundled_by":[],"bundle_stock_status":"instock","bundle_stock_quantity":null,"bundle_virtual":false,"bundle_layout":"","bundle_add_to_cart_form_location":"","bundle_editable_in_cart":false,"bundle_sold_individually_context":"","bundle_item_grouping":"","bundle_min_size":"","bundle_max_size":"","bundle_price":[],"bundled_items":[],"bundle_sell_ids":[],"acf":[],"yoast_head":"<!-- This site is optimized with the Yoast SEO plugin v25.9 - https:\/\/yoast.com\/wordpress\/plugins\/seo\/ -->\n<title>Zeichentisch mit Bleistifthalter &#183; leg&amp;go<\/title>\n<meta name=\"description\" content=\"leg&amp;go wandmontiertes ZeichenbrettVerwandeln Sie jede Wand in eine ruhige und inspirierende Kreativecke mit diesem wandmontierten Zeichenbrett f\u00fcr Kinder, das \u00fcber integrierte Becherhalter, ein eingebautes Ablagefach und einen Papierrollenspender verf\u00fcgt, um das Spielen ohne Bildschirm zu f\u00f6rdern.\" \/>\n<meta name=\"robots\" content=\"index, follow, max-snippet:-1, max-image-preview:large, max-video-preview:-1\" \/>\n<link rel=\"canonical\" href=\"https:\/\/legandgo.com\/de\/shop\/toys-de\/zeichentisch-mit-bleistifthalter\/\" \/>\n<meta property=\"og:locale\" content=\"de_DE\" \/>\n<meta property=\"og:type\" content=\"article\" \/>\n<meta property=\"og:title\" content=\"Zeichentisch mit Bleistifthalter &#183; leg&amp;go\" \/>\n<meta property=\"og:description\" content=\"leg&amp;go wandmontiertes ZeichenbrettVerwandeln Sie jede Wand in eine ruhige und inspirierende Kreativecke mit diesem wandmontierten Zeichenbrett f\u00fcr Kinder, das \u00fcber integrierte Becherhalter, ein eingebautes Ablagefach und einen Papierrollenspender verf\u00fcgt, um das Spielen ohne Bildschirm zu f\u00f6rdern.\" \/>\n<meta property=\"og:url\" content=\"https:\/\/legandgo.com\/de\/shop\/toys-de\/zeichentisch-mit-bleistifthalter\/\" \/>\n<meta property=\"og:site_name\" content=\"leg&amp;go\" \/>\n<meta property=\"article:publisher\" content=\"https:\/\/www.facebook.com\/legandgo\" \/>\n<meta property=\"article:modified_time\" content=\"2026-05-14T14:10:26+00:00\" \/>\n<meta property=\"og:image\" content=\"https:\/\/legandgo.com\/wp-content\/uploads\/2026\/05\/cup-drawing-board-white-background.jpg\" \/>\n\t<meta property=\"og:image:width\" content=\"1000\" \/>\n\t<meta property=\"og:image:height\" content=\"1000\" \/>\n\t<meta property=\"og:image:type\" content=\"image\/jpeg\" \/>\n<meta name=\"twitter:card\" content=\"summary_large_image\" \/>\n<meta name=\"twitter:label1\" content=\"Gesch\u00e4tzte Lesezeit\" \/>\n\t<meta name=\"twitter:data1\" content=\"1 Minute\" \/>\n<script type=\"application\/ld+json\" class=\"yoast-schema-graph\">{\"@context\":\"https:\/\/schema.org\",\"@graph\":[{\"@type\":\"WebPage\",\"@id\":\"https:\/\/legandgo.com\/de\/shop\/toys-de\/zeichentisch-mit-bleistifthalter\/\",\"url\":\"https:\/\/legandgo.com\/de\/shop\/toys-de\/zeichentisch-mit-bleistifthalter\/\",\"name\":\"Zeichentisch mit Bleistifthalter &#183; leg&amp;go\",\"isPartOf\":{\"@id\":\"https:\/\/legandgo.com\/de\/#website\"},\"primaryImageOfPage\":{\"@id\":\"https:\/\/legandgo.com\/de\/shop\/toys-de\/zeichentisch-mit-bleistifthalter\/#primaryimage\"},\"image\":{\"@id\":\"https:\/\/legandgo.com\/de\/shop\/toys-de\/zeichentisch-mit-bleistifthalter\/#primaryimage\"},\"thumbnailUrl\":\"https:\/\/legandgo.com\/wp-content\/uploads\/2026\/05\/cup-drawing-board-white-background.jpg\",\"datePublished\":\"2026-05-13T15:42:28+00:00\",\"dateModified\":\"2026-05-14T14:10:26+00:00\",\"description\":\"leg&go wandmontiertes ZeichenbrettVerwandeln Sie jede Wand in eine ruhige und inspirierende Kreativecke mit diesem wandmontierten Zeichenbrett f\u00fcr Kinder, das \u00fcber integrierte Becherhalter, ein eingebautes Ablagefach und einen Papierrollenspender verf\u00fcgt, um das Spielen ohne Bildschirm zu f\u00f6rdern.\",\"breadcrumb\":{\"@id\":\"https:\/\/legandgo.com\/de\/shop\/toys-de\/zeichentisch-mit-bleistifthalter\/#breadcrumb\"},\"inLanguage\":\"de-DE\",\"potentialAction\":[{\"@type\":\"ReadAction\",\"target\":[\"https:\/\/legandgo.com\/de\/shop\/toys-de\/zeichentisch-mit-bleistifthalter\/\"]}]},{\"@type\":\"ImageObject\",\"inLanguage\":\"de-DE\",\"@id\":\"https:\/\/legandgo.com\/de\/shop\/toys-de\/zeichentisch-mit-bleistifthalter\/#primaryimage\",\"url\":\"https:\/\/legandgo.com\/wp-content\/uploads\/2026\/05\/cup-drawing-board-white-background.jpg\",\"contentUrl\":\"https:\/\/legandgo.com\/wp-content\/uploads\/2026\/05\/cup-drawing-board-white-background.jpg\",\"width\":1000,\"height\":1000},{\"@type\":\"BreadcrumbList\",\"@id\":\"https:\/\/legandgo.com\/de\/shop\/toys-de\/zeichentisch-mit-bleistifthalter\/#breadcrumb\",\"itemListElement\":[{\"@type\":\"ListItem\",\"position\":1,\"name\":\"Home\",\"item\":\"https:\/\/legandgo.com\/de\/\"},{\"@type\":\"ListItem\",\"position\":2,\"name\":\"Shop\",\"item\":\"https:\/\/legandgo.com\/de\/shop\/\"},{\"@type\":\"ListItem\",\"position\":3,\"name\":\"Zeichentisch mit Bleistifthalter\"}]},{\"@type\":\"WebSite\",\"@id\":\"https:\/\/legandgo.com\/de\/#website\",\"url\":\"https:\/\/legandgo.com\/de\/\",\"name\":\"leg&amp;go\",\"description\":\"\",\"publisher\":{\"@id\":\"https:\/\/legandgo.com\/de\/#organization\"},\"potentialAction\":[{\"@type\":\"SearchAction\",\"target\":{\"@type\":\"EntryPoint\",\"urlTemplate\":\"https:\/\/legandgo.com\/de\/?s={search_term_string}\"},\"query-input\":{\"@type\":\"PropertyValueSpecification\",\"valueRequired\":true,\"valueName\":\"search_term_string\"}}],\"inLanguage\":\"de-DE\"},{\"@type\":\"Organization\",\"@id\":\"https:\/\/legandgo.com\/de\/#organization\",\"name\":\"leg&go bike\",\"url\":\"https:\/\/legandgo.com\/de\/\",\"logo\":{\"@type\":\"ImageObject\",\"inLanguage\":\"de-DE\",\"@id\":\"https:\/\/legandgo.com\/de\/#\/schema\/logo\/image\/\",\"url\":\"https:\/\/legandgo.com\/wp-content\/uploads\/2021\/03\/logorf.png\",\"contentUrl\":\"https:\/\/legandgo.com\/wp-content\/uploads\/2021\/03\/logorf.png\",\"width\":675,\"height\":216,\"caption\":\"leg&go bike\"},\"image\":{\"@id\":\"https:\/\/legandgo.com\/de\/#\/schema\/logo\/image\/\"},\"sameAs\":[\"https:\/\/www.facebook.com\/legandgo\",\"https:\/\/www.instagram.com\/legandgo\/\",\"https:\/\/www.linkedin.com\/company\/legandgo\/\",\"https:\/\/www.pinterest.com\/legandgo\/\",\"https:\/\/www.youtube.com\/channel\/UC_FBzWPmKWE0g7fcR4Xdfuw\/\"]}]}<\/script>\n<!-- \/ Yoast SEO plugin. -->","yoast_head_json":{"title":"Zeichentisch mit Bleistifthalter &#183; leg&amp;go","description":"leg&go wandmontiertes ZeichenbrettVerwandeln Sie jede Wand in eine ruhige und inspirierende Kreativecke mit diesem wandmontierten Zeichenbrett f\u00fcr Kinder, das \u00fcber integrierte Becherhalter, ein eingebautes Ablagefach und einen Papierrollenspender verf\u00fcgt, um das Spielen ohne Bildschirm zu f\u00f6rdern.","robots":{"index":"index","follow":"follow","max-snippet":"max-snippet:-1","max-image-preview":"max-image-preview:large","max-video-preview":"max-video-preview:-1"},"canonical":"https:\/\/legandgo.com\/de\/shop\/toys-de\/zeichentisch-mit-bleistifthalter\/","og_locale":"de_DE","og_type":"article","og_title":"Zeichentisch mit Bleistifthalter &#183; leg&amp;go","og_description":"leg&go wandmontiertes ZeichenbrettVerwandeln Sie jede Wand in eine ruhige und inspirierende Kreativecke mit diesem wandmontierten Zeichenbrett f\u00fcr Kinder, das \u00fcber integrierte Becherhalter, ein eingebautes Ablagefach und einen Papierrollenspender verf\u00fcgt, um das Spielen ohne Bildschirm zu f\u00f6rdern.","og_url":"https:\/\/legandgo.com\/de\/shop\/toys-de\/zeichentisch-mit-bleistifthalter\/","og_site_name":"leg&amp;go","article_publisher":"https:\/\/www.facebook.com\/legandgo","article_modified_time":"2026-05-14T14:10:26+00:00","og_image":[{"width":1000,"height":1000,"url":"https:\/\/legandgo.com\/wp-content\/uploads\/2026\/05\/cup-drawing-board-white-background.jpg","type":"image\/jpeg"}],"twitter_card":"summary_large_image","twitter_misc":{"Gesch\u00e4tzte Lesezeit":"1 Minute"},"schema":{"@context":"https:\/\/schema.org","@graph":[{"@type":"WebPage","@id":"https:\/\/legandgo.com\/de\/shop\/toys-de\/zeichentisch-mit-bleistifthalter\/","url":"https:\/\/legandgo.com\/de\/shop\/toys-de\/zeichentisch-mit-bleistifthalter\/","name":"Zeichentisch mit Bleistifthalter &#183; leg&amp;go","isPartOf":{"@id":"https:\/\/legandgo.com\/de\/#website"},"primaryImageOfPage":{"@id":"https:\/\/legandgo.com\/de\/shop\/toys-de\/zeichentisch-mit-bleistifthalter\/#primaryimage"},"image":{"@id":"https:\/\/legandgo.com\/de\/shop\/toys-de\/zeichentisch-mit-bleistifthalter\/#primaryimage"},"thumbnailUrl":"https:\/\/legandgo.com\/wp-content\/uploads\/2026\/05\/cup-drawing-board-white-background.jpg","datePublished":"2026-05-13T15:42:28+00:00","dateModified":"2026-05-14T14:10:26+00:00","description":"leg&go wandmontiertes ZeichenbrettVerwandeln Sie jede Wand in eine ruhige und inspirierende Kreativecke mit diesem wandmontierten Zeichenbrett f\u00fcr Kinder, das \u00fcber integrierte Becherhalter, ein eingebautes Ablagefach und einen Papierrollenspender verf\u00fcgt, um das Spielen ohne Bildschirm zu f\u00f6rdern.","breadcrumb":{"@id":"https:\/\/legandgo.com\/de\/shop\/toys-de\/zeichentisch-mit-bleistifthalter\/#breadcrumb"},"inLanguage":"de-DE","potentialAction":[{"@type":"ReadAction","target":["https:\/\/legandgo.com\/de\/shop\/toys-de\/zeichentisch-mit-bleistifthalter\/"]}]},{"@type":"ImageObject","inLanguage":"de-DE","@id":"https:\/\/legandgo.com\/de\/shop\/toys-de\/zeichentisch-mit-bleistifthalter\/#primaryimage","url":"https:\/\/legandgo.com\/wp-content\/uploads\/2026\/05\/cup-drawing-board-white-background.jpg","contentUrl":"https:\/\/legandgo.com\/wp-content\/uploads\/2026\/05\/cup-drawing-board-white-background.jpg","width":1000,"height":1000},{"@type":"BreadcrumbList","@id":"https:\/\/legandgo.com\/de\/shop\/toys-de\/zeichentisch-mit-bleistifthalter\/#breadcrumb","itemListElement":[{"@type":"ListItem","position":1,"name":"Home","item":"https:\/\/legandgo.com\/de\/"},{"@type":"ListItem","position":2,"name":"Shop","item":"https:\/\/legandgo.com\/de\/shop\/"},{"@type":"ListItem","position":3,"name":"Zeichentisch mit Bleistifthalter"}]},{"@type":"WebSite","@id":"https:\/\/legandgo.com\/de\/#website","url":"https:\/\/legandgo.com\/de\/","name":"leg&amp;go","description":"","publisher":{"@id":"https:\/\/legandgo.com\/de\/#organization"},"potentialAction":[{"@type":"SearchAction","target":{"@type":"EntryPoint","urlTemplate":"https:\/\/legandgo.com\/de\/?s={search_term_string}"},"query-input":{"@type":"PropertyValueSpecification","valueRequired":true,"valueName":"search_term_string"}}],"inLanguage":"de-DE"},{"@type":"Organization","@id":"https:\/\/legandgo.com\/de\/#organization","name":"leg&go bike","url":"https:\/\/legandgo.com\/de\/","logo":{"@type":"ImageObject","inLanguage":"de-DE","@id":"https:\/\/legandgo.com\/de\/#\/schema\/logo\/image\/","url":"https:\/\/legandgo.com\/wp-content\/uploads\/2021\/03\/logorf.png","contentUrl":"https:\/\/legandgo.com\/wp-content\/uploads\/2021\/03\/logorf.png","width":675,"height":216,"caption":"leg&go bike"},"image":{"@id":"https:\/\/legandgo.com\/de\/#\/schema\/logo\/image\/"},"sameAs":["https:\/\/www.facebook.com\/legandgo","https:\/\/www.instagram.com\/legandgo\/","https:\/\/www.linkedin.com\/company\/legandgo\/","https:\/\/www.pinterest.com\/legandgo\/","https:\/\/www.youtube.com\/channel\/UC_FBzWPmKWE0g7fcR4Xdfuw\/"]}]}},"_links":{"self":[{"href":"https:\/\/legandgo.com\/de\/wp-json\/wp\/v2\/product\/67481","targetHints":{"allow":["GET"]}}],"collection":[{"href":"https:\/\/legandgo.com\/de\/wp-json\/wp\/v2\/product"}],"about":[{"href":"https:\/\/legandgo.com\/de\/wp-json\/wp\/v2\/types\/product"}],"replies":[{"embeddable":true,"href":"https:\/\/legandgo.com\/de\/wp-json\/wp\/v2\/comments?post=67481"}],"version-history":[{"count":3,"href":"https:\/\/legandgo.com\/de\/wp-json\/wp\/v2\/product\/67481\/revisions"}],"predecessor-version":[{"id":67516,"href":"https:\/\/legandgo.com\/de\/wp-json\/wp\/v2\/product\/67481\/revisions\/67516"}],"wp:featuredmedia":[{"embeddable":true,"href":"https:\/\/legandgo.com\/de\/wp-json\/wp\/v2\/media\/67275"}],"wp:attachment":[{"href":"https:\/\/legandgo.com\/de\/wp-json\/wp\/v2\/media?parent=67481"}],"wp:term":[{"taxonomy":"product_brand","embeddable":true,"href":"https:\/\/legandgo.com\/de\/wp-json\/wp\/v2\/product_brand?post=67481"},{"taxonomy":"product_cat","embeddable":true,"href":"https:\/\/legandgo.com\/de\/wp-json\/wp\/v2\/product_cat?post=67481"},{"taxonomy":"product_tag","embeddable":true,"href":"https:\/\/legandgo.com\/de\/wp-json\/wp\/v2\/product_tag?post=67481"}],"curies":[{"name":"wp","href":"https:\/\/api.w.org\/{rel}","templated":true}]}}