{"id":8043,"date":"2022-06-16T20:41:49","date_gmt":"2022-06-16T18:41:49","guid":{"rendered":"https:\/\/legandgo.com\/?post_type=product&#038;p=8043"},"modified":"2026-03-24T15:14:50","modified_gmt":"2026-03-24T13:14:50","slug":"spielbogen-aus-holz","status":"publish","type":"product","link":"https:\/\/legandgo.com\/de\/shop\/toys-de\/spielbogen-aus-holz\/","title":{"rendered":"Spielbogen aus Holz"},"content":{"rendered":"<p style=\"font-weight: 400;\">Ein ruhiger Ort zum Spielen, Wachsen und Entdecken.<\/p>\n<p style=\"font-weight: 400;\">Unser Holz-Babyspielbogen schafft eine sichere, wundersch\u00f6n gestaltete Umgebung, in der Ihr Neugeborenes von Anfang an Bewegung, Fokus und sensorisches Spiel entdecken kann.<\/p>\n<p style=\"font-weight: 400;\">Legen Sie Ihr Baby einfach auf eine weiche Decke oder Spielmatte und beobachten Sie, wie es beginnt, seine Umgebung wahrzunehmen, danach zu greifen und mit ihr zu interagieren.<\/p>\n<p style=\"font-weight: 400;\"><strong>W\u00e4hlen Sie nur das Gestell oder entscheiden Sie sich f\u00fcr ein abgestimmtes Spielzeugset in Schwarz &amp; Wei\u00df, Blau oder Rosa, um sofort mit dem Spielen zu beginnen.<\/strong><\/p>\n<p style=\"font-weight: 400;\">Ein liebevolles Geschenk f\u00fcr frischgebackene Eltern.<\/p>\n","protected":false},"excerpt":{"rendered":"<p>Ein ruhiger Ort zum Spielen, Wachsen und Entdecken. Unser Holz-Babyspielbogen schafft eine sichere, wundersch\u00f6n gestaltete Umgebung, in der Ihr Neugeborenes von Anfang an Bewegung, Fokus und sensorisches Spiel entdecken kann. Legen Sie Ihr Baby einfach auf eine weiche Decke oder Spielmatte und beobachten Sie, wie es beginnt, seine Umgebung wahrzunehmen, danach zu greifen und mit<a class=\"excerpt-read-more\" href=\"https:\/\/legandgo.com\/de\/shop\/toys-de\/spielbogen-aus-holz\/\" title=\"ReadSpielbogen aus Holz\">&#8230; Read more &raquo;<\/a><\/p>\n","protected":false},"featured_media":48677,"comment_status":"closed","ping_status":"closed","template":"","meta":{"_acf_changed":false,"inline_featured_image":false,"footnotes":""},"product_brand":[],"product_cat":[1319,56],"product_tag":[1727,1719,1723,1715,1711],"class_list":{"0":"post-8043","1":"product","2":"type-product","3":"status-publish","4":"has-post-thumbnail","6":"product_cat-kategorie-spielzeug","7":"product_cat-toys-de","8":"product_tag-leg-go-2","9":"product_tag-leg-and-go","10":"product_tag-leg-go","11":"product_tag-leggo","12":"product_tag-legandgo","13":"product_shipping_class-toys-shipping-de","14":"pa_color-type-rahmen","15":"pa_color-type-schwarz-weiss","16":"pa_color-type-blau","17":"pa_color-type-rosa","19":"first","20":"instock","21":"purchasable","22":"product-type-variable","23":"has-default-attributes"},"bundled_by":[],"bundle_stock_status":"instock","bundle_stock_quantity":null,"bundle_virtual":false,"bundle_layout":"","bundle_add_to_cart_form_location":"","bundle_editable_in_cart":false,"bundle_sold_individually_context":"","bundle_item_grouping":"","bundle_min_size":"","bundle_max_size":"","bundle_price":[],"bundled_items":[],"bundle_sell_ids":[],"acf":[],"yoast_head":"<!-- This site is optimized with the Yoast SEO plugin v25.9 - https:\/\/yoast.com\/wordpress\/plugins\/seo\/ -->\n<title>Baby Gym aus Holz - Baby Activity Gym f\u00fcr Neugeborene<\/title>\n<meta name=\"description\" content=\"Baby Spielbogen aus Holz f\u00fcr Neugeborene und Babys. F\u00f6rdert die sensorische Entwicklung, Motorik und fr\u00fches Lernen durch Spielen und Bewegung.\" \/>\n<meta name=\"robots\" content=\"index, follow, max-snippet:-1, max-image-preview:large, max-video-preview:-1\" \/>\n<link rel=\"canonical\" href=\"https:\/\/legandgo.com\/de\/shop\/toys-de\/spielbogen-aus-holz\/\" \/>\n<meta property=\"og:locale\" content=\"de_DE\" \/>\n<meta property=\"og:type\" content=\"article\" \/>\n<meta property=\"og:title\" content=\"Baby Gym aus Holz - Baby Activity Gym f\u00fcr Neugeborene\" \/>\n<meta property=\"og:description\" content=\"Baby Spielbogen aus Holz f\u00fcr Neugeborene und Babys. F\u00f6rdert die sensorische Entwicklung, Motorik und fr\u00fches Lernen durch Spielen und Bewegung.\" \/>\n<meta property=\"og:url\" content=\"https:\/\/legandgo.com\/de\/shop\/toys-de\/spielbogen-aus-holz\/\" \/>\n<meta property=\"og:site_name\" content=\"leg&amp;go\" \/>\n<meta property=\"article:publisher\" content=\"https:\/\/www.facebook.com\/legandgo\" \/>\n<meta property=\"article:modified_time\" content=\"2026-03-24T13:14:50+00:00\" \/>\n<meta property=\"og:image\" content=\"https:\/\/legandgo.com\/wp-content\/uploads\/2022\/06\/wooden-baby-gym-scaled.jpg\" \/>\n\t<meta property=\"og:image:width\" content=\"2560\" \/>\n\t<meta property=\"og:image:height\" content=\"2560\" \/>\n\t<meta property=\"og:image:type\" content=\"image\/jpeg\" \/>\n<meta name=\"twitter:card\" content=\"summary_large_image\" \/>\n<script type=\"application\/ld+json\" class=\"yoast-schema-graph\">{\"@context\":\"https:\/\/schema.org\",\"@graph\":[{\"@type\":\"WebPage\",\"@id\":\"https:\/\/legandgo.com\/de\/shop\/toys-de\/spielbogen-aus-holz\/\",\"url\":\"https:\/\/legandgo.com\/de\/shop\/toys-de\/spielbogen-aus-holz\/\",\"name\":\"Baby Gym aus Holz - Baby Activity Gym f\u00fcr Neugeborene\",\"isPartOf\":{\"@id\":\"https:\/\/legandgo.com\/de\/#website\"},\"primaryImageOfPage\":{\"@id\":\"https:\/\/legandgo.com\/de\/shop\/toys-de\/spielbogen-aus-holz\/#primaryimage\"},\"image\":{\"@id\":\"https:\/\/legandgo.com\/de\/shop\/toys-de\/spielbogen-aus-holz\/#primaryimage\"},\"thumbnailUrl\":\"https:\/\/legandgo.com\/wp-content\/uploads\/2022\/06\/wooden-baby-gym-scaled.jpg\",\"datePublished\":\"2022-06-16T18:41:49+00:00\",\"dateModified\":\"2026-03-24T13:14:50+00:00\",\"description\":\"Baby Spielbogen aus Holz f\u00fcr Neugeborene und Babys. F\u00f6rdert die sensorische Entwicklung, Motorik und fr\u00fches Lernen durch Spielen und Bewegung.\",\"breadcrumb\":{\"@id\":\"https:\/\/legandgo.com\/de\/shop\/toys-de\/spielbogen-aus-holz\/#breadcrumb\"},\"inLanguage\":\"de-DE\",\"potentialAction\":[{\"@type\":\"ReadAction\",\"target\":[\"https:\/\/legandgo.com\/de\/shop\/toys-de\/spielbogen-aus-holz\/\"]}]},{\"@type\":\"ImageObject\",\"inLanguage\":\"de-DE\",\"@id\":\"https:\/\/legandgo.com\/de\/shop\/toys-de\/spielbogen-aus-holz\/#primaryimage\",\"url\":\"https:\/\/legandgo.com\/wp-content\/uploads\/2022\/06\/wooden-baby-gym-scaled.jpg\",\"contentUrl\":\"https:\/\/legandgo.com\/wp-content\/uploads\/2022\/06\/wooden-baby-gym-scaled.jpg\",\"width\":2560,\"height\":2560},{\"@type\":\"BreadcrumbList\",\"@id\":\"https:\/\/legandgo.com\/de\/shop\/toys-de\/spielbogen-aus-holz\/#breadcrumb\",\"itemListElement\":[{\"@type\":\"ListItem\",\"position\":1,\"name\":\"Home\",\"item\":\"https:\/\/legandgo.com\/de\/\"},{\"@type\":\"ListItem\",\"position\":2,\"name\":\"Shop\",\"item\":\"https:\/\/legandgo.com\/de\/shop\/\"},{\"@type\":\"ListItem\",\"position\":3,\"name\":\"Spielbogen aus Holz\"}]},{\"@type\":\"WebSite\",\"@id\":\"https:\/\/legandgo.com\/de\/#website\",\"url\":\"https:\/\/legandgo.com\/de\/\",\"name\":\"leg&amp;go\",\"description\":\"\",\"publisher\":{\"@id\":\"https:\/\/legandgo.com\/de\/#organization\"},\"potentialAction\":[{\"@type\":\"SearchAction\",\"target\":{\"@type\":\"EntryPoint\",\"urlTemplate\":\"https:\/\/legandgo.com\/de\/?s={search_term_string}\"},\"query-input\":{\"@type\":\"PropertyValueSpecification\",\"valueRequired\":true,\"valueName\":\"search_term_string\"}}],\"inLanguage\":\"de-DE\"},{\"@type\":\"Organization\",\"@id\":\"https:\/\/legandgo.com\/de\/#organization\",\"name\":\"leg&go bike\",\"url\":\"https:\/\/legandgo.com\/de\/\",\"logo\":{\"@type\":\"ImageObject\",\"inLanguage\":\"de-DE\",\"@id\":\"https:\/\/legandgo.com\/de\/#\/schema\/logo\/image\/\",\"url\":\"https:\/\/legandgo.com\/wp-content\/uploads\/2021\/03\/logorf.png\",\"contentUrl\":\"https:\/\/legandgo.com\/wp-content\/uploads\/2021\/03\/logorf.png\",\"width\":675,\"height\":216,\"caption\":\"leg&go bike\"},\"image\":{\"@id\":\"https:\/\/legandgo.com\/de\/#\/schema\/logo\/image\/\"},\"sameAs\":[\"https:\/\/www.facebook.com\/legandgo\",\"https:\/\/www.instagram.com\/legandgo\/\",\"https:\/\/www.linkedin.com\/company\/legandgo\/\",\"https:\/\/www.pinterest.com\/legandgo\/\",\"https:\/\/www.youtube.com\/channel\/UC_FBzWPmKWE0g7fcR4Xdfuw\/\"]}]}<\/script>\n<!-- \/ Yoast SEO plugin. -->","yoast_head_json":{"title":"Baby Gym aus Holz - Baby Activity Gym f\u00fcr Neugeborene","description":"Baby Spielbogen aus Holz f\u00fcr Neugeborene und Babys. F\u00f6rdert die sensorische Entwicklung, Motorik und fr\u00fches Lernen durch Spielen und Bewegung.","robots":{"index":"index","follow":"follow","max-snippet":"max-snippet:-1","max-image-preview":"max-image-preview:large","max-video-preview":"max-video-preview:-1"},"canonical":"https:\/\/legandgo.com\/de\/shop\/toys-de\/spielbogen-aus-holz\/","og_locale":"de_DE","og_type":"article","og_title":"Baby Gym aus Holz - Baby Activity Gym f\u00fcr Neugeborene","og_description":"Baby Spielbogen aus Holz f\u00fcr Neugeborene und Babys. F\u00f6rdert die sensorische Entwicklung, Motorik und fr\u00fches Lernen durch Spielen und Bewegung.","og_url":"https:\/\/legandgo.com\/de\/shop\/toys-de\/spielbogen-aus-holz\/","og_site_name":"leg&amp;go","article_publisher":"https:\/\/www.facebook.com\/legandgo","article_modified_time":"2026-03-24T13:14:50+00:00","og_image":[{"width":2560,"height":2560,"url":"https:\/\/legandgo.com\/wp-content\/uploads\/2022\/06\/wooden-baby-gym-scaled.jpg","type":"image\/jpeg"}],"twitter_card":"summary_large_image","schema":{"@context":"https:\/\/schema.org","@graph":[{"@type":"WebPage","@id":"https:\/\/legandgo.com\/de\/shop\/toys-de\/spielbogen-aus-holz\/","url":"https:\/\/legandgo.com\/de\/shop\/toys-de\/spielbogen-aus-holz\/","name":"Baby Gym aus Holz - Baby Activity Gym f\u00fcr Neugeborene","isPartOf":{"@id":"https:\/\/legandgo.com\/de\/#website"},"primaryImageOfPage":{"@id":"https:\/\/legandgo.com\/de\/shop\/toys-de\/spielbogen-aus-holz\/#primaryimage"},"image":{"@id":"https:\/\/legandgo.com\/de\/shop\/toys-de\/spielbogen-aus-holz\/#primaryimage"},"thumbnailUrl":"https:\/\/legandgo.com\/wp-content\/uploads\/2022\/06\/wooden-baby-gym-scaled.jpg","datePublished":"2022-06-16T18:41:49+00:00","dateModified":"2026-03-24T13:14:50+00:00","description":"Baby Spielbogen aus Holz f\u00fcr Neugeborene und Babys. F\u00f6rdert die sensorische Entwicklung, Motorik und fr\u00fches Lernen durch Spielen und Bewegung.","breadcrumb":{"@id":"https:\/\/legandgo.com\/de\/shop\/toys-de\/spielbogen-aus-holz\/#breadcrumb"},"inLanguage":"de-DE","potentialAction":[{"@type":"ReadAction","target":["https:\/\/legandgo.com\/de\/shop\/toys-de\/spielbogen-aus-holz\/"]}]},{"@type":"ImageObject","inLanguage":"de-DE","@id":"https:\/\/legandgo.com\/de\/shop\/toys-de\/spielbogen-aus-holz\/#primaryimage","url":"https:\/\/legandgo.com\/wp-content\/uploads\/2022\/06\/wooden-baby-gym-scaled.jpg","contentUrl":"https:\/\/legandgo.com\/wp-content\/uploads\/2022\/06\/wooden-baby-gym-scaled.jpg","width":2560,"height":2560},{"@type":"BreadcrumbList","@id":"https:\/\/legandgo.com\/de\/shop\/toys-de\/spielbogen-aus-holz\/#breadcrumb","itemListElement":[{"@type":"ListItem","position":1,"name":"Home","item":"https:\/\/legandgo.com\/de\/"},{"@type":"ListItem","position":2,"name":"Shop","item":"https:\/\/legandgo.com\/de\/shop\/"},{"@type":"ListItem","position":3,"name":"Spielbogen aus Holz"}]},{"@type":"WebSite","@id":"https:\/\/legandgo.com\/de\/#website","url":"https:\/\/legandgo.com\/de\/","name":"leg&amp;go","description":"","publisher":{"@id":"https:\/\/legandgo.com\/de\/#organization"},"potentialAction":[{"@type":"SearchAction","target":{"@type":"EntryPoint","urlTemplate":"https:\/\/legandgo.com\/de\/?s={search_term_string}"},"query-input":{"@type":"PropertyValueSpecification","valueRequired":true,"valueName":"search_term_string"}}],"inLanguage":"de-DE"},{"@type":"Organization","@id":"https:\/\/legandgo.com\/de\/#organization","name":"leg&go bike","url":"https:\/\/legandgo.com\/de\/","logo":{"@type":"ImageObject","inLanguage":"de-DE","@id":"https:\/\/legandgo.com\/de\/#\/schema\/logo\/image\/","url":"https:\/\/legandgo.com\/wp-content\/uploads\/2021\/03\/logorf.png","contentUrl":"https:\/\/legandgo.com\/wp-content\/uploads\/2021\/03\/logorf.png","width":675,"height":216,"caption":"leg&go bike"},"image":{"@id":"https:\/\/legandgo.com\/de\/#\/schema\/logo\/image\/"},"sameAs":["https:\/\/www.facebook.com\/legandgo","https:\/\/www.instagram.com\/legandgo\/","https:\/\/www.linkedin.com\/company\/legandgo\/","https:\/\/www.pinterest.com\/legandgo\/","https:\/\/www.youtube.com\/channel\/UC_FBzWPmKWE0g7fcR4Xdfuw\/"]}]}},"_links":{"self":[{"href":"https:\/\/legandgo.com\/de\/wp-json\/wp\/v2\/product\/8043","targetHints":{"allow":["GET"]}}],"collection":[{"href":"https:\/\/legandgo.com\/de\/wp-json\/wp\/v2\/product"}],"about":[{"href":"https:\/\/legandgo.com\/de\/wp-json\/wp\/v2\/types\/product"}],"replies":[{"embeddable":true,"href":"https:\/\/legandgo.com\/de\/wp-json\/wp\/v2\/comments?post=8043"}],"version-history":[{"count":14,"href":"https:\/\/legandgo.com\/de\/wp-json\/wp\/v2\/product\/8043\/revisions"}],"predecessor-version":[{"id":62591,"href":"https:\/\/legandgo.com\/de\/wp-json\/wp\/v2\/product\/8043\/revisions\/62591"}],"wp:featuredmedia":[{"embeddable":true,"href":"https:\/\/legandgo.com\/de\/wp-json\/wp\/v2\/media\/48677"}],"wp:attachment":[{"href":"https:\/\/legandgo.com\/de\/wp-json\/wp\/v2\/media?parent=8043"}],"wp:term":[{"taxonomy":"product_brand","embeddable":true,"href":"https:\/\/legandgo.com\/de\/wp-json\/wp\/v2\/product_brand?post=8043"},{"taxonomy":"product_cat","embeddable":true,"href":"https:\/\/legandgo.com\/de\/wp-json\/wp\/v2\/product_cat?post=8043"},{"taxonomy":"product_tag","embeddable":true,"href":"https:\/\/legandgo.com\/de\/wp-json\/wp\/v2\/product_tag?post=8043"}],"curies":[{"name":"wp","href":"https:\/\/api.w.org\/{rel}","templated":true}]}}