{"id":990,"date":"2021-02-08T14:10:03","date_gmt":"2021-02-08T14:10:03","guid":{"rendered":"https:\/\/legandgo.com\/product\/montessori-geoboard-small\/"},"modified":"2026-03-23T13:51:42","modified_gmt":"2026-03-23T11:51:42","slug":"montessori-geobrett","status":"publish","type":"product","link":"https:\/\/legandgo.com\/de\/shop\/toys-de\/montessori-geobrett\/","title":{"rendered":"Montessori Geobrett"},"content":{"rendered":"<p style=\"font-weight: 400;\">Wo Spiel auf fr\u00fches mathematisches Denken trifft.<\/p>\n<p style=\"font-weight: 400;\">Unser Geobrett l\u00e4dt Kinder dazu ein, spielerisch Muster, Formen und Kreativit\u00e4t zu entdecken.<\/p>\n<p style=\"font-weight: 400;\">Indem sie bunte B\u00e4nder um glatte Holzpfl\u00f6cke spannen, entwickeln Kinder auf nat\u00fcrliche Weise feinmotorische F\u00e4higkeiten, Konzentration und fr\u00fches mathematisches Denken.<\/p>\n<p style=\"font-weight: 400;\">Enth\u00e4lt 36 farbige Gummib\u00e4nder.<\/p>\n<p style=\"font-weight: 400;\"><strong>Entdecken Sie unten mehr. <br \/> <\/strong><\/p>\n","protected":false},"excerpt":{"rendered":"<p>Wo Spiel auf fr\u00fches mathematisches Denken trifft. Unser Geobrett l\u00e4dt Kinder dazu ein, spielerisch Muster, Formen und Kreativit\u00e4t zu entdecken. Indem sie bunte B\u00e4nder um glatte Holzpfl\u00f6cke spannen, entwickeln Kinder auf nat\u00fcrliche Weise feinmotorische F\u00e4higkeiten, Konzentration und fr\u00fches mathematisches Denken. Enth\u00e4lt 36 farbige Gummib\u00e4nder. Entdecken Sie unten mehr.<\/p>\n","protected":false},"featured_media":48430,"comment_status":"closed","ping_status":"closed","template":"","meta":{"_acf_changed":false,"inline_featured_image":false,"footnotes":""},"product_brand":[],"product_cat":[1319,56],"product_tag":[],"class_list":{"0":"post-990","1":"product","2":"type-product","3":"status-publish","4":"has-post-thumbnail","6":"product_cat-kategorie-spielzeug","7":"product_cat-toys-de","8":"product_shipping_class-toys-shipping-de","9":"pa_color-type-birke","10":"pa_color-type-eiche","11":"pa_color-type-nussbaum","13":"first","14":"instock","15":"purchasable","16":"product-type-simple"},"bundled_by":[],"bundle_stock_status":"instock","bundle_stock_quantity":null,"bundle_virtual":false,"bundle_layout":"","bundle_add_to_cart_form_location":"","bundle_editable_in_cart":false,"bundle_sold_individually_context":"","bundle_item_grouping":"","bundle_min_size":"","bundle_max_size":"","bundle_price":[],"bundled_items":[],"bundle_sell_ids":[],"acf":[],"yoast_head":"<!-- This site is optimized with the Yoast SEO plugin v25.9 - https:\/\/yoast.com\/wordpress\/plugins\/seo\/ -->\n<title>Montessori Geobrett &#183; leg&amp;go<\/title>\n<meta name=\"description\" content=\"Wo Spiel auf fr\u00fches mathematisches Denken trifft. Erforschen Sie mathematische Konzepte mit dem leg&amp;go Geoboard. Perfekt f\u00fcr ruhiges Spiel.\" \/>\n<meta name=\"robots\" content=\"index, follow, max-snippet:-1, max-image-preview:large, max-video-preview:-1\" \/>\n<link rel=\"canonical\" href=\"https:\/\/legandgo.com\/de\/shop\/toys-de\/montessori-geobrett\/\" \/>\n<meta property=\"og:locale\" content=\"de_DE\" \/>\n<meta property=\"og:type\" content=\"article\" \/>\n<meta property=\"og:title\" content=\"Montessori Geobrett &#183; leg&amp;go\" \/>\n<meta property=\"og:description\" content=\"Wo Spiel auf fr\u00fches mathematisches Denken trifft. Erforschen Sie mathematische Konzepte mit dem leg&amp;go Geoboard. Perfekt f\u00fcr ruhiges Spiel.\" \/>\n<meta property=\"og:url\" content=\"https:\/\/legandgo.com\/de\/shop\/toys-de\/montessori-geobrett\/\" \/>\n<meta property=\"og:site_name\" content=\"leg&amp;go\" \/>\n<meta property=\"article:publisher\" content=\"https:\/\/www.facebook.com\/legandgo\" \/>\n<meta property=\"article:modified_time\" content=\"2026-03-23T11:51:42+00:00\" \/>\n<meta property=\"og:image\" content=\"https:\/\/legandgo.com\/wp-content\/uploads\/2021\/02\/Geogoard-birch-white-background-scaled.jpg\" \/>\n\t<meta property=\"og:image:width\" content=\"2560\" \/>\n\t<meta property=\"og:image:height\" content=\"2560\" \/>\n\t<meta property=\"og:image:type\" content=\"image\/jpeg\" \/>\n<meta name=\"twitter:card\" content=\"summary_large_image\" \/>\n<meta name=\"twitter:label1\" content=\"Gesch\u00e4tzte Lesezeit\" \/>\n\t<meta name=\"twitter:data1\" content=\"1 Minute\" \/>\n<script type=\"application\/ld+json\" class=\"yoast-schema-graph\">{\"@context\":\"https:\/\/schema.org\",\"@graph\":[{\"@type\":\"WebPage\",\"@id\":\"https:\/\/legandgo.com\/de\/shop\/toys-de\/montessori-geobrett\/\",\"url\":\"https:\/\/legandgo.com\/de\/shop\/toys-de\/montessori-geobrett\/\",\"name\":\"Montessori Geobrett &#183; leg&amp;go\",\"isPartOf\":{\"@id\":\"https:\/\/legandgo.com\/de\/#website\"},\"primaryImageOfPage\":{\"@id\":\"https:\/\/legandgo.com\/de\/shop\/toys-de\/montessori-geobrett\/#primaryimage\"},\"image\":{\"@id\":\"https:\/\/legandgo.com\/de\/shop\/toys-de\/montessori-geobrett\/#primaryimage\"},\"thumbnailUrl\":\"https:\/\/legandgo.com\/wp-content\/uploads\/2021\/02\/Geogoard-birch-white-background-scaled.jpg\",\"datePublished\":\"2021-02-08T14:10:03+00:00\",\"dateModified\":\"2026-03-23T11:51:42+00:00\",\"description\":\"Wo Spiel auf fr\u00fches mathematisches Denken trifft. Erforschen Sie mathematische Konzepte mit dem leg&go Geoboard. Perfekt f\u00fcr ruhiges Spiel.\",\"breadcrumb\":{\"@id\":\"https:\/\/legandgo.com\/de\/shop\/toys-de\/montessori-geobrett\/#breadcrumb\"},\"inLanguage\":\"de-DE\",\"potentialAction\":[{\"@type\":\"ReadAction\",\"target\":[\"https:\/\/legandgo.com\/de\/shop\/toys-de\/montessori-geobrett\/\"]}]},{\"@type\":\"ImageObject\",\"inLanguage\":\"de-DE\",\"@id\":\"https:\/\/legandgo.com\/de\/shop\/toys-de\/montessori-geobrett\/#primaryimage\",\"url\":\"https:\/\/legandgo.com\/wp-content\/uploads\/2021\/02\/Geogoard-birch-white-background-scaled.jpg\",\"contentUrl\":\"https:\/\/legandgo.com\/wp-content\/uploads\/2021\/02\/Geogoard-birch-white-background-scaled.jpg\",\"width\":2560,\"height\":2560},{\"@type\":\"BreadcrumbList\",\"@id\":\"https:\/\/legandgo.com\/de\/shop\/toys-de\/montessori-geobrett\/#breadcrumb\",\"itemListElement\":[{\"@type\":\"ListItem\",\"position\":1,\"name\":\"Home\",\"item\":\"https:\/\/legandgo.com\/de\/\"},{\"@type\":\"ListItem\",\"position\":2,\"name\":\"Shop\",\"item\":\"https:\/\/legandgo.com\/de\/shop\/\"},{\"@type\":\"ListItem\",\"position\":3,\"name\":\"Montessori Geobrett\"}]},{\"@type\":\"WebSite\",\"@id\":\"https:\/\/legandgo.com\/de\/#website\",\"url\":\"https:\/\/legandgo.com\/de\/\",\"name\":\"leg&amp;go\",\"description\":\"\",\"publisher\":{\"@id\":\"https:\/\/legandgo.com\/de\/#organization\"},\"potentialAction\":[{\"@type\":\"SearchAction\",\"target\":{\"@type\":\"EntryPoint\",\"urlTemplate\":\"https:\/\/legandgo.com\/de\/?s={search_term_string}\"},\"query-input\":{\"@type\":\"PropertyValueSpecification\",\"valueRequired\":true,\"valueName\":\"search_term_string\"}}],\"inLanguage\":\"de-DE\"},{\"@type\":\"Organization\",\"@id\":\"https:\/\/legandgo.com\/de\/#organization\",\"name\":\"leg&go bike\",\"url\":\"https:\/\/legandgo.com\/de\/\",\"logo\":{\"@type\":\"ImageObject\",\"inLanguage\":\"de-DE\",\"@id\":\"https:\/\/legandgo.com\/de\/#\/schema\/logo\/image\/\",\"url\":\"https:\/\/legandgo.com\/wp-content\/uploads\/2021\/03\/logorf.png\",\"contentUrl\":\"https:\/\/legandgo.com\/wp-content\/uploads\/2021\/03\/logorf.png\",\"width\":675,\"height\":216,\"caption\":\"leg&go bike\"},\"image\":{\"@id\":\"https:\/\/legandgo.com\/de\/#\/schema\/logo\/image\/\"},\"sameAs\":[\"https:\/\/www.facebook.com\/legandgo\",\"https:\/\/www.instagram.com\/legandgo\/\",\"https:\/\/www.linkedin.com\/company\/legandgo\/\",\"https:\/\/www.pinterest.com\/legandgo\/\",\"https:\/\/www.youtube.com\/channel\/UC_FBzWPmKWE0g7fcR4Xdfuw\/\"]}]}<\/script>\n<!-- \/ Yoast SEO plugin. -->","yoast_head_json":{"title":"Montessori Geobrett &#183; leg&amp;go","description":"Wo Spiel auf fr\u00fches mathematisches Denken trifft. Erforschen Sie mathematische Konzepte mit dem leg&go Geoboard. Perfekt f\u00fcr ruhiges Spiel.","robots":{"index":"index","follow":"follow","max-snippet":"max-snippet:-1","max-image-preview":"max-image-preview:large","max-video-preview":"max-video-preview:-1"},"canonical":"https:\/\/legandgo.com\/de\/shop\/toys-de\/montessori-geobrett\/","og_locale":"de_DE","og_type":"article","og_title":"Montessori Geobrett &#183; leg&amp;go","og_description":"Wo Spiel auf fr\u00fches mathematisches Denken trifft. Erforschen Sie mathematische Konzepte mit dem leg&go Geoboard. Perfekt f\u00fcr ruhiges Spiel.","og_url":"https:\/\/legandgo.com\/de\/shop\/toys-de\/montessori-geobrett\/","og_site_name":"leg&amp;go","article_publisher":"https:\/\/www.facebook.com\/legandgo","article_modified_time":"2026-03-23T11:51:42+00:00","og_image":[{"width":2560,"height":2560,"url":"https:\/\/legandgo.com\/wp-content\/uploads\/2021\/02\/Geogoard-birch-white-background-scaled.jpg","type":"image\/jpeg"}],"twitter_card":"summary_large_image","twitter_misc":{"Gesch\u00e4tzte Lesezeit":"1 Minute"},"schema":{"@context":"https:\/\/schema.org","@graph":[{"@type":"WebPage","@id":"https:\/\/legandgo.com\/de\/shop\/toys-de\/montessori-geobrett\/","url":"https:\/\/legandgo.com\/de\/shop\/toys-de\/montessori-geobrett\/","name":"Montessori Geobrett &#183; leg&amp;go","isPartOf":{"@id":"https:\/\/legandgo.com\/de\/#website"},"primaryImageOfPage":{"@id":"https:\/\/legandgo.com\/de\/shop\/toys-de\/montessori-geobrett\/#primaryimage"},"image":{"@id":"https:\/\/legandgo.com\/de\/shop\/toys-de\/montessori-geobrett\/#primaryimage"},"thumbnailUrl":"https:\/\/legandgo.com\/wp-content\/uploads\/2021\/02\/Geogoard-birch-white-background-scaled.jpg","datePublished":"2021-02-08T14:10:03+00:00","dateModified":"2026-03-23T11:51:42+00:00","description":"Wo Spiel auf fr\u00fches mathematisches Denken trifft. Erforschen Sie mathematische Konzepte mit dem leg&go Geoboard. Perfekt f\u00fcr ruhiges Spiel.","breadcrumb":{"@id":"https:\/\/legandgo.com\/de\/shop\/toys-de\/montessori-geobrett\/#breadcrumb"},"inLanguage":"de-DE","potentialAction":[{"@type":"ReadAction","target":["https:\/\/legandgo.com\/de\/shop\/toys-de\/montessori-geobrett\/"]}]},{"@type":"ImageObject","inLanguage":"de-DE","@id":"https:\/\/legandgo.com\/de\/shop\/toys-de\/montessori-geobrett\/#primaryimage","url":"https:\/\/legandgo.com\/wp-content\/uploads\/2021\/02\/Geogoard-birch-white-background-scaled.jpg","contentUrl":"https:\/\/legandgo.com\/wp-content\/uploads\/2021\/02\/Geogoard-birch-white-background-scaled.jpg","width":2560,"height":2560},{"@type":"BreadcrumbList","@id":"https:\/\/legandgo.com\/de\/shop\/toys-de\/montessori-geobrett\/#breadcrumb","itemListElement":[{"@type":"ListItem","position":1,"name":"Home","item":"https:\/\/legandgo.com\/de\/"},{"@type":"ListItem","position":2,"name":"Shop","item":"https:\/\/legandgo.com\/de\/shop\/"},{"@type":"ListItem","position":3,"name":"Montessori Geobrett"}]},{"@type":"WebSite","@id":"https:\/\/legandgo.com\/de\/#website","url":"https:\/\/legandgo.com\/de\/","name":"leg&amp;go","description":"","publisher":{"@id":"https:\/\/legandgo.com\/de\/#organization"},"potentialAction":[{"@type":"SearchAction","target":{"@type":"EntryPoint","urlTemplate":"https:\/\/legandgo.com\/de\/?s={search_term_string}"},"query-input":{"@type":"PropertyValueSpecification","valueRequired":true,"valueName":"search_term_string"}}],"inLanguage":"de-DE"},{"@type":"Organization","@id":"https:\/\/legandgo.com\/de\/#organization","name":"leg&go bike","url":"https:\/\/legandgo.com\/de\/","logo":{"@type":"ImageObject","inLanguage":"de-DE","@id":"https:\/\/legandgo.com\/de\/#\/schema\/logo\/image\/","url":"https:\/\/legandgo.com\/wp-content\/uploads\/2021\/03\/logorf.png","contentUrl":"https:\/\/legandgo.com\/wp-content\/uploads\/2021\/03\/logorf.png","width":675,"height":216,"caption":"leg&go bike"},"image":{"@id":"https:\/\/legandgo.com\/de\/#\/schema\/logo\/image\/"},"sameAs":["https:\/\/www.facebook.com\/legandgo","https:\/\/www.instagram.com\/legandgo\/","https:\/\/www.linkedin.com\/company\/legandgo\/","https:\/\/www.pinterest.com\/legandgo\/","https:\/\/www.youtube.com\/channel\/UC_FBzWPmKWE0g7fcR4Xdfuw\/"]}]}},"_links":{"self":[{"href":"https:\/\/legandgo.com\/de\/wp-json\/wp\/v2\/product\/990","targetHints":{"allow":["GET"]}}],"collection":[{"href":"https:\/\/legandgo.com\/de\/wp-json\/wp\/v2\/product"}],"about":[{"href":"https:\/\/legandgo.com\/de\/wp-json\/wp\/v2\/types\/product"}],"replies":[{"embeddable":true,"href":"https:\/\/legandgo.com\/de\/wp-json\/wp\/v2\/comments?post=990"}],"version-history":[{"count":8,"href":"https:\/\/legandgo.com\/de\/wp-json\/wp\/v2\/product\/990\/revisions"}],"predecessor-version":[{"id":62374,"href":"https:\/\/legandgo.com\/de\/wp-json\/wp\/v2\/product\/990\/revisions\/62374"}],"wp:featuredmedia":[{"embeddable":true,"href":"https:\/\/legandgo.com\/de\/wp-json\/wp\/v2\/media\/48430"}],"wp:attachment":[{"href":"https:\/\/legandgo.com\/de\/wp-json\/wp\/v2\/media?parent=990"}],"wp:term":[{"taxonomy":"product_brand","embeddable":true,"href":"https:\/\/legandgo.com\/de\/wp-json\/wp\/v2\/product_brand?post=990"},{"taxonomy":"product_cat","embeddable":true,"href":"https:\/\/legandgo.com\/de\/wp-json\/wp\/v2\/product_cat?post=990"},{"taxonomy":"product_tag","embeddable":true,"href":"https:\/\/legandgo.com\/de\/wp-json\/wp\/v2\/product_tag?post=990"}],"curies":[{"name":"wp","href":"https:\/\/api.w.org\/{rel}","templated":true}]}}