{"id":26404,"date":"2024-07-30T10:29:36","date_gmt":"2024-07-30T08:29:36","guid":{"rendered":"https:\/\/legandgo.com\/contacto\/"},"modified":"2025-09-05T12:02:41","modified_gmt":"2025-09-05T10:02:41","slug":"contacto","status":"publish","type":"page","link":"https:\/\/legandgo.com\/es\/sobre-nosotros\/contacto\/","title":{"rendered":"Contactar"},"content":{"rendered":"\n<h3 class=\"wp-block-heading\">Atenci\u00f3n al cliente<\/h3>\n\n<p>Si tienes alguna pregunta sobre el env\u00edo de tu pedido, la garant\u00eda, las reparaciones o cualquier otra cuesti\u00f3n relacionada con el mantenimiento y el uso de tu bicicleta, no dudes en ponerte en contacto con nosotros. Nos gusta cuidar de nuestros clientes tanto como fabricar bicicletas.<\/p>\n\n<h4 class=\"wp-block-heading\">CONT\u00c1CTANOS POR<\/h4>\n\n<p style=\"font-size:30px\"><\/p><p style=\"font-size:20px\"><img decoding=\"async\" class=\"wp-image-892\" style=\"width: 0px;\" src=\"https:\/\/legandgo.com\/wp-content\/uploads\/2021\/02\/ph.svg\" alt=\"\"\/><a href=\"mailto:support@legandgo.com\">support@legandgo.com<\/a><\/p>\n\n<p style=\"font-size:30px\"><\/p><p style=\"font-size:20px\"><img decoding=\"async\" class=\"wp-image-894\" style=\"width: 0px;\" src=\"https:\/\/legandgo.com\/wp-content\/uploads\/2021\/02\/phh.svg\" alt=\"\"\/>  +371 27 558 833<\/p>\n\n<div class=\"wp-block-columns my-columns is-layout-flex wp-container-core-columns-is-layout-9d6595d7 wp-block-columns-is-layout-flex\">\n<div class=\"wp-block-column my-columns is-layout-flow wp-block-column-is-layout-flow\">\n<h4 class=\"wp-block-heading\">VENTAS<\/h4>\n\n\n\n<p>Estimado minorista o agente, ponte en contacto con nuestro Equipo de Ventas a trav\u00e9s de <a href=\"mailto:sales@legandgo.com\">sales@legandgo.com<\/a><\/p>\n<\/div>\n\n\n\n<div class=\"wp-block-column my-columns is-layout-flow wp-block-column-is-layout-flow\">\n<h4 class=\"wp-block-heading\">MARKETING<\/h4>\n\n\n\n<p>Para cualquier consulta sobre publicidad y colaboraciones, ponte en contacto con el equipo de Marketing de leg&amp;go en <a href=\"mailto:kristine.pramniece@legandgo.com\">info@legandgo.com<\/a><\/p>\n<\/div>\n<\/div>\n\n<div class=\"wp-block-columns are-vertically-aligned-top my-columns is-layout-flex wp-container-core-columns-is-layout-9d6595d7 wp-block-columns-is-layout-flex\">\n<div class=\"wp-block-column my-columns is-layout-flow wp-block-column-is-layout-flow\">\n<h4 class=\"wp-block-heading\">OFICINA<\/h4>\n\n\n\n<p class=\"my-columns\">Para otras consultas generales, no dudes en ponerte en contacto con nosotros en nuestra oficina:<\/p>\n\n\n\n<p>Tel\u00e9fono: <a href=\"llamar a:+37127558833\">+371 27 558 833<\/a><br\/>Correo electr\u00f3nico: <a href=\"mailto:info@legandgo.com\">info@legandgo.com<\/a><br\/>Calle Kalku 12, Cesis,<br\/>LV-4101, Letonia<\/p>\n<\/div>\n\n\n\n<div class=\"wp-block-column is-vertically-aligned-top my-columns is-layout-flow wp-block-column-is-layout-flow\">\n<h4 class=\"wp-block-heading\">INFORMACI\u00d3N LEGAL<\/h4>\n\n\n\n<p>Shaman Inventions SIA<br\/>N\u00famero de IVA LV40103795203<br\/>N\u00famero de registro mercantil 40103795203 <\/p>\n\n\n\n<p><\/p>\n\n\n\n<p><\/p>\n<\/div>\n<\/div>\n<\/div>\n<p><!-- \/wp:post-content --><\/p>\n","protected":false},"excerpt":{"rendered":"<p>Atenci\u00f3n al cliente Si tienes alguna pregunta sobre el env\u00edo de tu pedido, la garant\u00eda, las reparaciones o cualquier otra cuesti\u00f3n relacionada con el mantenimiento y el uso de tu bicicleta, no dudes en ponerte en contacto con nosotros. Nos gusta cuidar de nuestros clientes tanto como fabricar bicicletas. CONT\u00c1CTANOS POR support@legandgo.com +371 27 558<a class=\"excerpt-read-more\" href=\"https:\/\/legandgo.com\/es\/sobre-nosotros\/contacto\/\" title=\"ReadContactar\">&#8230; Read more &raquo;<\/a><\/p>\n","protected":false},"author":1,"featured_media":0,"parent":42401,"menu_order":15,"comment_status":"closed","ping_status":"closed","template":"page-contacts.php","meta":{"_acf_changed":false,"inline_featured_image":false,"footnotes":""},"class_list":["post-26404","page","type-page","status-publish","hentry"],"acf":[],"yoast_head":"<!-- This site is optimized with the Yoast SEO plugin v25.9 - https:\/\/yoast.com\/wordpress\/plugins\/seo\/ -->\n<title>Contactar &#183; leg&amp;go<\/title>\n<meta name=\"robots\" content=\"index, follow, max-snippet:-1, max-image-preview:large, max-video-preview:-1\" \/>\n<link rel=\"canonical\" href=\"https:\/\/legandgo.com\/es\/sobre-nosotros\/contacto\/\" \/>\n<meta property=\"og:locale\" content=\"es_ES\" \/>\n<meta property=\"og:type\" content=\"article\" \/>\n<meta property=\"og:title\" content=\"Contactar &#183; leg&amp;go\" \/>\n<meta property=\"og:description\" content=\"Atenci\u00f3n al cliente Si tienes alguna pregunta sobre el env\u00edo de tu pedido, la garant\u00eda, las reparaciones o cualquier otra cuesti\u00f3n relacionada con el mantenimiento y el uso de tu bicicleta, no dudes en ponerte en contacto con nosotros. Nos gusta cuidar de nuestros clientes tanto como fabricar bicicletas. CONT\u00c1CTANOS POR support@legandgo.com +371 27 558... Read more &raquo;\" \/>\n<meta property=\"og:url\" content=\"https:\/\/legandgo.com\/es\/sobre-nosotros\/contacto\/\" \/>\n<meta property=\"og:site_name\" content=\"leg&amp;go\" \/>\n<meta property=\"article:publisher\" content=\"https:\/\/www.facebook.com\/legandgo\" \/>\n<meta property=\"article:modified_time\" content=\"2025-09-05T10:02:41+00:00\" \/>\n<meta property=\"og:image\" content=\"https:\/\/legandgo.com\/wp-content\/uploads\/2021\/02\/572a9dff7e0dea6b91d5e27979d5f64e.jpg\" \/>\n\t<meta property=\"og:image:width\" content=\"1200\" \/>\n\t<meta property=\"og:image:height\" content=\"675\" \/>\n\t<meta property=\"og:image:type\" content=\"image\/jpeg\" \/>\n<meta name=\"twitter:card\" content=\"summary_large_image\" \/>\n<meta name=\"twitter:label1\" content=\"Est. reading time\" \/>\n\t<meta name=\"twitter:data1\" content=\"1 minuto\" \/>\n<script type=\"application\/ld+json\" class=\"yoast-schema-graph\">{\"@context\":\"https:\/\/schema.org\",\"@graph\":[{\"@type\":\"WebPage\",\"@id\":\"https:\/\/legandgo.com\/es\/sobre-nosotros\/contacto\/\",\"url\":\"https:\/\/legandgo.com\/es\/sobre-nosotros\/contacto\/\",\"name\":\"Contactar &#183; leg&amp;go\",\"isPartOf\":{\"@id\":\"https:\/\/legandgo.com\/es\/#website\"},\"primaryImageOfPage\":{\"@id\":\"https:\/\/legandgo.com\/es\/sobre-nosotros\/contacto\/#primaryimage\"},\"image\":{\"@id\":\"https:\/\/legandgo.com\/es\/sobre-nosotros\/contacto\/#primaryimage\"},\"thumbnailUrl\":\"https:\/\/legandgo.com\/wp-content\/uploads\/2021\/02\/ph.svg\",\"datePublished\":\"2024-07-30T08:29:36+00:00\",\"dateModified\":\"2025-09-05T10:02:41+00:00\",\"breadcrumb\":{\"@id\":\"https:\/\/legandgo.com\/es\/sobre-nosotros\/contacto\/#breadcrumb\"},\"inLanguage\":\"es\",\"potentialAction\":[{\"@type\":\"ReadAction\",\"target\":[\"https:\/\/legandgo.com\/es\/sobre-nosotros\/contacto\/\"]}]},{\"@type\":\"ImageObject\",\"inLanguage\":\"es\",\"@id\":\"https:\/\/legandgo.com\/es\/sobre-nosotros\/contacto\/#primaryimage\",\"url\":\"https:\/\/legandgo.com\/wp-content\/uploads\/2021\/02\/ph.svg\",\"contentUrl\":\"https:\/\/legandgo.com\/wp-content\/uploads\/2021\/02\/ph.svg\"},{\"@type\":\"BreadcrumbList\",\"@id\":\"https:\/\/legandgo.com\/es\/sobre-nosotros\/contacto\/#breadcrumb\",\"itemListElement\":[{\"@type\":\"ListItem\",\"position\":1,\"name\":\"Home\",\"item\":\"https:\/\/legandgo.com\/es\/\"},{\"@type\":\"ListItem\",\"position\":2,\"name\":\"Sobre nosotros\",\"item\":\"https:\/\/legandgo.com\/es\/sobre-nosotros\/\"},{\"@type\":\"ListItem\",\"position\":3,\"name\":\"Contactar\"}]},{\"@type\":\"WebSite\",\"@id\":\"https:\/\/legandgo.com\/es\/#website\",\"url\":\"https:\/\/legandgo.com\/es\/\",\"name\":\"leg&amp;go\",\"description\":\"\",\"publisher\":{\"@id\":\"https:\/\/legandgo.com\/es\/#organization\"},\"potentialAction\":[{\"@type\":\"SearchAction\",\"target\":{\"@type\":\"EntryPoint\",\"urlTemplate\":\"https:\/\/legandgo.com\/es\/?s={search_term_string}\"},\"query-input\":{\"@type\":\"PropertyValueSpecification\",\"valueRequired\":true,\"valueName\":\"search_term_string\"}}],\"inLanguage\":\"es\"},{\"@type\":\"Organization\",\"@id\":\"https:\/\/legandgo.com\/es\/#organization\",\"name\":\"leg&go bike\",\"url\":\"https:\/\/legandgo.com\/es\/\",\"logo\":{\"@type\":\"ImageObject\",\"inLanguage\":\"es\",\"@id\":\"https:\/\/legandgo.com\/es\/#\/schema\/logo\/image\/\",\"url\":\"https:\/\/legandgo.com\/wp-content\/uploads\/2021\/03\/logorf.png\",\"contentUrl\":\"https:\/\/legandgo.com\/wp-content\/uploads\/2021\/03\/logorf.png\",\"width\":675,\"height\":216,\"caption\":\"leg&go bike\"},\"image\":{\"@id\":\"https:\/\/legandgo.com\/es\/#\/schema\/logo\/image\/\"},\"sameAs\":[\"https:\/\/www.facebook.com\/legandgo\",\"https:\/\/www.instagram.com\/legandgo\/\",\"https:\/\/www.linkedin.com\/company\/legandgo\/\",\"https:\/\/www.pinterest.com\/legandgo\/\",\"https:\/\/www.youtube.com\/channel\/UC_FBzWPmKWE0g7fcR4Xdfuw\/\"]}]}<\/script>\n<!-- \/ Yoast SEO plugin. -->","yoast_head_json":{"title":"Contactar &#183; leg&amp;go","robots":{"index":"index","follow":"follow","max-snippet":"max-snippet:-1","max-image-preview":"max-image-preview:large","max-video-preview":"max-video-preview:-1"},"canonical":"https:\/\/legandgo.com\/es\/sobre-nosotros\/contacto\/","og_locale":"es_ES","og_type":"article","og_title":"Contactar &#183; leg&amp;go","og_description":"Atenci\u00f3n al cliente Si tienes alguna pregunta sobre el env\u00edo de tu pedido, la garant\u00eda, las reparaciones o cualquier otra cuesti\u00f3n relacionada con el mantenimiento y el uso de tu bicicleta, no dudes en ponerte en contacto con nosotros. Nos gusta cuidar de nuestros clientes tanto como fabricar bicicletas. CONT\u00c1CTANOS POR support@legandgo.com +371 27 558... Read more &raquo;","og_url":"https:\/\/legandgo.com\/es\/sobre-nosotros\/contacto\/","og_site_name":"leg&amp;go","article_publisher":"https:\/\/www.facebook.com\/legandgo","article_modified_time":"2025-09-05T10:02:41+00:00","og_image":[{"width":1200,"height":675,"url":"https:\/\/legandgo.com\/wp-content\/uploads\/2021\/02\/572a9dff7e0dea6b91d5e27979d5f64e.jpg","type":"image\/jpeg"}],"twitter_card":"summary_large_image","twitter_misc":{"Est. reading time":"1 minuto"},"schema":{"@context":"https:\/\/schema.org","@graph":[{"@type":"WebPage","@id":"https:\/\/legandgo.com\/es\/sobre-nosotros\/contacto\/","url":"https:\/\/legandgo.com\/es\/sobre-nosotros\/contacto\/","name":"Contactar &#183; leg&amp;go","isPartOf":{"@id":"https:\/\/legandgo.com\/es\/#website"},"primaryImageOfPage":{"@id":"https:\/\/legandgo.com\/es\/sobre-nosotros\/contacto\/#primaryimage"},"image":{"@id":"https:\/\/legandgo.com\/es\/sobre-nosotros\/contacto\/#primaryimage"},"thumbnailUrl":"https:\/\/legandgo.com\/wp-content\/uploads\/2021\/02\/ph.svg","datePublished":"2024-07-30T08:29:36+00:00","dateModified":"2025-09-05T10:02:41+00:00","breadcrumb":{"@id":"https:\/\/legandgo.com\/es\/sobre-nosotros\/contacto\/#breadcrumb"},"inLanguage":"es","potentialAction":[{"@type":"ReadAction","target":["https:\/\/legandgo.com\/es\/sobre-nosotros\/contacto\/"]}]},{"@type":"ImageObject","inLanguage":"es","@id":"https:\/\/legandgo.com\/es\/sobre-nosotros\/contacto\/#primaryimage","url":"https:\/\/legandgo.com\/wp-content\/uploads\/2021\/02\/ph.svg","contentUrl":"https:\/\/legandgo.com\/wp-content\/uploads\/2021\/02\/ph.svg"},{"@type":"BreadcrumbList","@id":"https:\/\/legandgo.com\/es\/sobre-nosotros\/contacto\/#breadcrumb","itemListElement":[{"@type":"ListItem","position":1,"name":"Home","item":"https:\/\/legandgo.com\/es\/"},{"@type":"ListItem","position":2,"name":"Sobre nosotros","item":"https:\/\/legandgo.com\/es\/sobre-nosotros\/"},{"@type":"ListItem","position":3,"name":"Contactar"}]},{"@type":"WebSite","@id":"https:\/\/legandgo.com\/es\/#website","url":"https:\/\/legandgo.com\/es\/","name":"leg&amp;go","description":"","publisher":{"@id":"https:\/\/legandgo.com\/es\/#organization"},"potentialAction":[{"@type":"SearchAction","target":{"@type":"EntryPoint","urlTemplate":"https:\/\/legandgo.com\/es\/?s={search_term_string}"},"query-input":{"@type":"PropertyValueSpecification","valueRequired":true,"valueName":"search_term_string"}}],"inLanguage":"es"},{"@type":"Organization","@id":"https:\/\/legandgo.com\/es\/#organization","name":"leg&go bike","url":"https:\/\/legandgo.com\/es\/","logo":{"@type":"ImageObject","inLanguage":"es","@id":"https:\/\/legandgo.com\/es\/#\/schema\/logo\/image\/","url":"https:\/\/legandgo.com\/wp-content\/uploads\/2021\/03\/logorf.png","contentUrl":"https:\/\/legandgo.com\/wp-content\/uploads\/2021\/03\/logorf.png","width":675,"height":216,"caption":"leg&go bike"},"image":{"@id":"https:\/\/legandgo.com\/es\/#\/schema\/logo\/image\/"},"sameAs":["https:\/\/www.facebook.com\/legandgo","https:\/\/www.instagram.com\/legandgo\/","https:\/\/www.linkedin.com\/company\/legandgo\/","https:\/\/www.pinterest.com\/legandgo\/","https:\/\/www.youtube.com\/channel\/UC_FBzWPmKWE0g7fcR4Xdfuw\/"]}]}},"_links":{"self":[{"href":"https:\/\/legandgo.com\/es\/wp-json\/wp\/v2\/pages\/26404","targetHints":{"allow":["GET"]}}],"collection":[{"href":"https:\/\/legandgo.com\/es\/wp-json\/wp\/v2\/pages"}],"about":[{"href":"https:\/\/legandgo.com\/es\/wp-json\/wp\/v2\/types\/page"}],"author":[{"embeddable":true,"href":"https:\/\/legandgo.com\/es\/wp-json\/wp\/v2\/users\/1"}],"replies":[{"embeddable":true,"href":"https:\/\/legandgo.com\/es\/wp-json\/wp\/v2\/comments?post=26404"}],"version-history":[{"count":6,"href":"https:\/\/legandgo.com\/es\/wp-json\/wp\/v2\/pages\/26404\/revisions"}],"predecessor-version":[{"id":42405,"href":"https:\/\/legandgo.com\/es\/wp-json\/wp\/v2\/pages\/26404\/revisions\/42405"}],"up":[{"embeddable":true,"href":"https:\/\/legandgo.com\/es\/wp-json\/wp\/v2\/pages\/42401"}],"wp:attachment":[{"href":"https:\/\/legandgo.com\/es\/wp-json\/wp\/v2\/media?parent=26404"}],"curies":[{"name":"wp","href":"https:\/\/api.w.org\/{rel}","templated":true}]}}