{"id":42188,"date":"2025-09-02T13:58:12","date_gmt":"2025-09-02T11:58:12","guid":{"rendered":"https:\/\/legandgo.com\/pagina-de-inicio\/"},"modified":"2026-01-15T12:29:19","modified_gmt":"2026-01-15T10:29:19","slug":"pagina-de-inicio","status":"publish","type":"page","link":"https:\/\/legandgo.com\/es\/","title":{"rendered":"P\u00e1gina de inicio"},"content":{"rendered":"\n<div class=\"wp-block-group\"><div class=\"wp-block-group__inner-container is-layout-flow wp-block-group-is-layout-flow\">\n<h1 class=\"wp-block-heading has-text-align-center\">\u00a1Todo lo que una primera bicicleta debe ser!<\/h1>\n\n\n\n<div class=\"relative-position scroll-animation-div\"><div class=\"scroll-animation notscrolled\"><\/div><span>Desliza hacia abajo para ver la transformaci\u00f3n de la bicicleta<\/span><\/div>\n\n\n\n<div class=\"wrapper-common\">\n   <div class=\"front-slide-changer front-slide info-block\">\n      <div class=\"show-info-bl show-info-bl-1\">\n         <h3>Creciendo juntos<\/h3>\n         <p>\u00a1Esta bicicleta crece y se transforma junto a tu peque\u00f1o!<\/p>\n         <a class=\"bike-bttn\" href=\"https:\/\/legandgo.com\/es\/shop\/bicicleta-de-equilibrio\/bicicleta-de-equilibrio-3en1\/\">VER LA BICICLETA<\/a>\n      <\/div>\n      <div class=\"show-info-bl show-info-bl-2\" style=\"display: none;\">\n         <h3>Una inversi\u00f3n inteligente\n         <\/h3>\n         <p>\u00bfPor qu\u00e9 comprar varias bicicletas a lo largo de los a\u00f1os cuando puedes tener una sola, siempre del tama\u00f1o adecuado?<\/p>\n         <a class=\"bike-bttn\" href=\"https:\/\/legandgo.com\/es\/shop\/bicicleta-de-equilibrio\/bicicleta-de-equilibrio-3en1\/\">VER LA BICICLETA<\/a>\n      <\/div>\n      <div class=\"show-info-bl show-info-bl-3\" style=\"display: none;\">\n         <h3>Seguridad a cualquier edad \n         <\/h3>\n         <p>A lo largo de todas las transformaciones, la bicicleta se mantiene fuerte y ergon\u00f3mica para que sus ciclistas puedan desarrollar nuevas habilidades de forma segura.<\/p>\n         <a class=\"bike-bttn\" href=\"https:\/\/legandgo.com\/es\/shop\/bicicleta-de-equilibrio\/bicicleta-de-equilibrio-3en1\/\">VER LA BICICLETA<\/a>\n      <\/div>\n   <\/div>\n<\/div>\n<\/div><\/div>\n\n\n\n<div class=\"wp-block-group\"><div class=\"wp-block-group__inner-container is-layout-flow wp-block-group-is-layout-flow\">\n<div class=\"wp-block-columns is-layout-flex wp-container-core-columns-is-layout-9d6595d7 wp-block-columns-is-layout-flex\">\n<div class=\"wp-block-column is-layout-flow wp-block-column-is-layout-flow\">\n<h3 class=\"wp-block-heading has-text-align-center\">Capacidad de transformaci\u00f3n<\/h3>\n\n\n\n<figure class=\"wp-block-image size-large is-resized\"><img decoding=\"async\" src=\"https:\/\/legandgo.com\/wp-content\/uploads\/2020\/08\/transformability-1.svg\" alt=\"\" class=\"wp-image-159\" style=\"width:242px;height:auto\"\/><\/figure>\n\n\n\n<p class=\"has-text-align-center\">1 minuto y sin herramientas: eso es todo lo que se necesita para transformar su bicicleta de equilibrio 3 en 1, desde una versi\u00f3n muy baja para beb\u00e9 hasta una configuraci\u00f3n mucho m\u00e1s alta o con m\u00e1s rebote.<\/p>\n<\/div>\n\n\n\n<div class=\"wp-block-column is-layout-flow wp-block-column-is-layout-flow\">\n<h3 class=\"wp-block-heading has-text-align-center\">Longevidad<\/h3>\n\n\n\n<figure class=\"wp-block-image size-large\"><img decoding=\"async\" src=\"https:\/\/legandgo.com\/wp-content\/uploads\/2020\/08\/longevity-1.svg\" alt=\"\" class=\"wp-image-162\"\/><\/figure>\n\n\n\n<p class=\"has-text-align-center\">Una bicicleta desde 1 a 5 a\u00f1os. Desde 85 cm de altura hasta 115 cm. Altura de asiento desde 25 cm a 47 cm.  <\/p>\n<\/div>\n\n\n\n<div class=\"wp-block-column is-layout-flow wp-block-column-is-layout-flow\">\n<h3 class=\"wp-block-heading has-text-align-center\">Calidad<\/h3>\n\n\n\n<figure class=\"wp-block-image size-large\"><img decoding=\"async\" src=\"https:\/\/legandgo.com\/wp-content\/uploads\/2020\/08\/quality.svg\" alt=\"\" class=\"wp-image-165\"\/><\/figure>\n\n\n\n<p class=\"has-text-align-center\">Combinando una cuidadosa mano de obra y tecnolog\u00edas inteligentes, se necesitan 3 meses desde que nuetros artesanos reciben una pieza s\u00f3lida de contrachapado de abedul de primera clase hasta que la bicicleta terminada es colocada en su embalaje cuidadosamente dise\u00f1ado.<\/p>\n<\/div>\n<\/div>\n\n\n\n<p><\/p>\n<\/div><\/div>\n\n\n\n<div class=\"wp-block-group\"><div class=\"wp-block-group__inner-container is-layout-flow wp-block-group-is-layout-flow\">\n<h2 class=\"wp-block-heading has-text-align-center\">Nuestros premios<\/h2>\n\n\n\n<p class=\"has-text-align-center\">Estamos orgullosos y honrados de haber recibido estos premios.<\/p>\n\n\n\n<div class=\"wp-block-columns is-layout-flex wp-container-core-columns-is-layout-9d6595d7 wp-block-columns-is-layout-flex\">\n<div class=\"wp-block-column is-layout-flow wp-block-column-is-layout-flow\">\n<figure class=\"wp-block-image size-large is-resized\"><img loading=\"lazy\" decoding=\"async\" width=\"976\" height=\"500\" src=\"https:\/\/legandgo.com\/wp-content\/uploads\/2020\/08\/award1.jpg\" alt=\"\" class=\"wp-image-171\" style=\"width:220px;height:111px\" srcset=\"https:\/\/legandgo.com\/wp-content\/uploads\/2020\/08\/award1.jpg 976w, https:\/\/legandgo.com\/wp-content\/uploads\/2020\/08\/award1-300x154.jpg 300w, https:\/\/legandgo.com\/wp-content\/uploads\/2020\/08\/award1-768x393.jpg 768w, https:\/\/legandgo.com\/wp-content\/uploads\/2020\/08\/award1-720x369.jpg 720w, https:\/\/legandgo.com\/wp-content\/uploads\/2020\/08\/award1-600x307.jpg 600w\" sizes=\"auto, (max-width: 976px) 100vw, 976px\" \/><\/figure>\n<\/div>\n\n\n\n<div class=\"wp-block-column is-layout-flow wp-block-column-is-layout-flow\">\n<figure class=\"wp-block-image size-large is-resized\"><img loading=\"lazy\" decoding=\"async\" width=\"266\" height=\"224\" src=\"https:\/\/legandgo.com\/wp-content\/uploads\/2020\/08\/award2-2.png\" alt=\"\" class=\"wp-image-173\" style=\"width:189px;height:156px\"\/><\/figure>\n<\/div>\n\n\n\n<div class=\"wp-block-column is-layout-flow wp-block-column-is-layout-flow\">\n<figure class=\"wp-block-image size-large is-resized\"><img loading=\"lazy\" decoding=\"async\" width=\"500\" height=\"901\" src=\"https:\/\/legandgo.com\/wp-content\/uploads\/2020\/08\/award3.jpg\" alt=\"\" class=\"wp-image-168\" style=\"width:93px;height:166px\" srcset=\"https:\/\/legandgo.com\/wp-content\/uploads\/2020\/08\/award3.jpg 500w, https:\/\/legandgo.com\/wp-content\/uploads\/2020\/08\/award3-166x300.jpg 166w, https:\/\/legandgo.com\/wp-content\/uploads\/2020\/08\/award3-266x480.jpg 266w\" sizes=\"auto, (max-width: 500px) 100vw, 500px\" \/><\/figure>\n<\/div>\n\n\n\n<div class=\"wp-block-column is-layout-flow wp-block-column-is-layout-flow\">\n<figure class=\"wp-block-image size-large is-resized\"><img loading=\"lazy\" decoding=\"async\" width=\"934\" height=\"501\" src=\"https:\/\/legandgo.com\/wp-content\/uploads\/2020\/08\/award4-2.png\" alt=\"\" class=\"wp-image-175\" style=\"width:315px;height:168px\" srcset=\"https:\/\/legandgo.com\/wp-content\/uploads\/2020\/08\/award4-2.png 934w, https:\/\/legandgo.com\/wp-content\/uploads\/2020\/08\/award4-2-300x161.png 300w, https:\/\/legandgo.com\/wp-content\/uploads\/2020\/08\/award4-2-768x412.png 768w, https:\/\/legandgo.com\/wp-content\/uploads\/2020\/08\/award4-2-720x386.png 720w, https:\/\/legandgo.com\/wp-content\/uploads\/2020\/08\/award4-2-600x322.png 600w\" sizes=\"auto, (max-width: 934px) 100vw, 934px\" \/><\/figure>\n<\/div>\n<\/div>\n\n\n\n<p><\/p>\n<\/div><\/div>\n\n\n\n<div class=\"wp-block-group\"><div class=\"wp-block-group__inner-container is-layout-flow wp-block-group-is-layout-flow\">\n<h2 class=\"wp-block-heading has-text-align-center\">Lo que dicen los clientes y los expertos<\/h2>\n\n\n\n<div class=\"wp-block-group\"><div class=\"wp-block-group__inner-container is-layout-flow wp-block-group-is-layout-flow\">\n<p>The leg&#038;go balance bike was the perfect purchase for my kid. She was a bit hesitant at first, but soon got comfortable playing with the bike, and then quickly learned to ride. Transitioning to the pedal bike was even easier. Once we noticed that our daughter seemed confident on the balance bike we added the pedal add-ons and she didn\u2019t have to learn for long at all. We really only had to explain what the pedals were for and she got it right away. Much smoother transition than with our older son, who had to get used to 3 different bikes before we found the right one. Highly recommended for all my friends with kids. Plus the bike is a pretty wood, looks great on trips!       <\/p> <span class=\"author\">Jeniffer, mother of 2 awesome kids, Australia <\/span>\n\n\n\n<p>Just amazing! Every time we\u2019re outside someone says \u201cWow! What a bike!\u201d My son is totally in love with his special bike that everyone wants to have. And the customer service is just made of fantastic people, always on top!   <\/p> <span class=\"author\">Sarah Cools Gallien, Switzerland<\/span>\n\n\n\n<p>Every bike nerd\u2019s dream! Trend-setting, sustainable, simple and adaptable \u2013 one of the most innovative products of the year! <\/p> <span class=\"author\">Jury of Design &#038; Innovation Award 2019<\/span>\n\n\n\n<p>The bike is almost a moving art piece how beautiful it is.<\/p> <span class=\"author\">Bryan O&#8217; Connell, Republic of South Africa<\/span>\n\n\n\n<p>We were speechless when we received the new bike for exchange for our son\u2026 you are an incredible company.<\/p> <span class=\"author\">Dorit Breitfellner, Austria<\/span>\n\n\n\n<p>Before purchasing leg&#038;go bike I did a substantial amount of research to find the best balance bike for kids. I can tell you for sure that leg&#038;go truly have an exceptional design; they stand out for their functionality, quality and sustainability. With a 5 year warranty, there is no other bike like that on the market. Great customer service and functionality really makes this bike value for money!   <\/p> <span class=\"author\">Robert Smith, Father of Emma, New York <\/span>\n\n\n\n<p>Awesome bike \u2013 my daughter started using it at 1 and a half years old by riding inside our house. Later we started to use it for our everyday commute to kindergarten, and she just loved it. She wanted to ride no matter what the weather was like outside!  <\/p> <span class=\"author\">Katie\u2019s mom, California<\/span>\n\n\n\n<p><span style=\"font-weight: 400;\">We received our bike yesterday and could not be happier!!!! It is even more beautiful in person.<\/span><\/p><p><span style=\"font-weight: 400;\">Thank you so much for the free, super quick, shipping to the other side of the world. What an amazing service. <\/span><\/p><p><span style=\"font-weight: 400;\">Our little boy (18 month) is a bit unsure for now, but I\u2019m sure he will be zooming around before we know it \u2013 I absolutely can\u2019t wait to see him fall in love with it.<\/span><\/p> <span class=\"author\">One of our riders&#8217; mums, Lara<\/span>\n<\/div><\/div>\n<\/div><\/div>\n","protected":false},"excerpt":{"rendered":"<p>\u00a1Todo lo que una primera bicicleta debe ser! Desliza hacia abajo para ver la transformaci\u00f3n de la bicicleta Creciendo juntos \u00a1Esta bicicleta crece y se transforma junto a tu peque\u00f1o! VER LA BICICLETA Una inversi\u00f3n inteligente \u00bfPor qu\u00e9 comprar varias bicicletas a lo largo de los a\u00f1os cuando puedes tener una sola, siempre del tama\u00f1o<a class=\"excerpt-read-more\" href=\"https:\/\/legandgo.com\/es\/\" title=\"ReadP\u00e1gina de inicio\">&#8230; Read more &raquo;<\/a><\/p>\n","protected":false},"author":1,"featured_media":0,"parent":0,"menu_order":61,"comment_status":"closed","ping_status":"closed","template":"page-home.php","meta":{"_acf_changed":false,"inline_featured_image":false,"footnotes":""},"class_list":["post-42188","page","type-page","status-publish","hentry"],"acf":[],"yoast_head":"<!-- This site is optimized with the Yoast SEO plugin v25.9 - https:\/\/yoast.com\/wordpress\/plugins\/seo\/ -->\n<title>bicicleta de equilibrio leg&amp;go. Transformable. Duradera. Sostenible.<\/title>\n<meta name=\"description\" content=\"bicicleta de equilibrio leg&amp;go. Transformable. Duradera. Sostenible. \u00a1Todo lo que una primera bicicleta debe ser! Env\u00edo a todo el mundo.\" \/>\n<meta name=\"robots\" content=\"index, follow, max-snippet:-1, max-image-preview:large, max-video-preview:-1\" \/>\n<link rel=\"canonical\" href=\"https:\/\/legandgo.com\/es\/\" \/>\n<meta property=\"og:locale\" content=\"es_ES\" \/>\n<meta property=\"og:type\" content=\"article\" \/>\n<meta property=\"og:title\" content=\"bicicleta de equilibrio leg&amp;go. Transformable. Duradera. Sostenible.\" \/>\n<meta property=\"og:description\" content=\"bicicleta de equilibrio leg&amp;go. Transformable. Duradera. Sostenible. \u00a1Todo lo que una primera bicicleta debe ser!\" \/>\n<meta property=\"og:url\" content=\"https:\/\/legandgo.com\/es\/\" \/>\n<meta property=\"og:site_name\" content=\"leg&amp;go\" \/>\n<meta property=\"article:publisher\" content=\"https:\/\/www.facebook.com\/legandgo\" \/>\n<meta property=\"article:modified_time\" content=\"2026-01-15T10:29:19+00:00\" \/>\n<meta property=\"og:image\" content=\"https:\/\/legandgo.com\/wp-content\/uploads\/2021\/02\/572a9dff7e0dea6b91d5e27979d5f64e.jpg\" \/>\n<meta name=\"twitter:card\" content=\"summary_large_image\" \/>\n<meta name=\"twitter:label1\" content=\"Est. reading time\" \/>\n\t<meta name=\"twitter:data1\" content=\"3 minutos\" \/>\n<script type=\"application\/ld+json\" class=\"yoast-schema-graph\">{\"@context\":\"https:\/\/schema.org\",\"@graph\":[{\"@type\":\"WebPage\",\"@id\":\"https:\/\/legandgo.com\/es\/\",\"url\":\"https:\/\/legandgo.com\/es\/\",\"name\":\"bicicleta de equilibrio leg&go. Transformable. Duradera. Sostenible.\",\"isPartOf\":{\"@id\":\"https:\/\/legandgo.com\/es\/#website\"},\"primaryImageOfPage\":{\"@id\":\"https:\/\/legandgo.com\/es\/#primaryimage\"},\"image\":{\"@id\":\"https:\/\/legandgo.com\/es\/#primaryimage\"},\"thumbnailUrl\":\"https:\/\/legandgo.com\/wp-content\/uploads\/2020\/08\/transformability-1.svg\",\"datePublished\":\"2025-09-02T11:58:12+00:00\",\"dateModified\":\"2026-01-15T10:29:19+00:00\",\"description\":\"bicicleta de equilibrio leg&go. Transformable. Duradera. Sostenible. \u00a1Todo lo que una primera bicicleta debe ser! Env\u00edo a todo el mundo.\",\"breadcrumb\":{\"@id\":\"https:\/\/legandgo.com\/es\/#breadcrumb\"},\"inLanguage\":\"es\",\"potentialAction\":[{\"@type\":\"ReadAction\",\"target\":[\"https:\/\/legandgo.com\/es\/\"]}]},{\"@type\":\"ImageObject\",\"inLanguage\":\"es\",\"@id\":\"https:\/\/legandgo.com\/es\/#primaryimage\",\"url\":\"https:\/\/legandgo.com\/wp-content\/uploads\/2020\/08\/transformability-1.svg\",\"contentUrl\":\"https:\/\/legandgo.com\/wp-content\/uploads\/2020\/08\/transformability-1.svg\"},{\"@type\":\"BreadcrumbList\",\"@id\":\"https:\/\/legandgo.com\/es\/#breadcrumb\",\"itemListElement\":[{\"@type\":\"ListItem\",\"position\":1,\"name\":\"Home\",\"item\":\"https:\/\/legandgo.com\/es\/\"},{\"@type\":\"ListItem\",\"position\":2,\"name\":\"P\u00e1gina de inicio\"}]},{\"@type\":\"WebSite\",\"@id\":\"https:\/\/legandgo.com\/es\/#website\",\"url\":\"https:\/\/legandgo.com\/es\/\",\"name\":\"leg&amp;go\",\"description\":\"\",\"publisher\":{\"@id\":\"https:\/\/legandgo.com\/es\/#organization\"},\"potentialAction\":[{\"@type\":\"SearchAction\",\"target\":{\"@type\":\"EntryPoint\",\"urlTemplate\":\"https:\/\/legandgo.com\/es\/?s={search_term_string}\"},\"query-input\":{\"@type\":\"PropertyValueSpecification\",\"valueRequired\":true,\"valueName\":\"search_term_string\"}}],\"inLanguage\":\"es\"},{\"@type\":\"Organization\",\"@id\":\"https:\/\/legandgo.com\/es\/#organization\",\"name\":\"leg&go bike\",\"url\":\"https:\/\/legandgo.com\/es\/\",\"logo\":{\"@type\":\"ImageObject\",\"inLanguage\":\"es\",\"@id\":\"https:\/\/legandgo.com\/es\/#\/schema\/logo\/image\/\",\"url\":\"https:\/\/legandgo.com\/wp-content\/uploads\/2021\/03\/logorf.png\",\"contentUrl\":\"https:\/\/legandgo.com\/wp-content\/uploads\/2021\/03\/logorf.png\",\"width\":675,\"height\":216,\"caption\":\"leg&go bike\"},\"image\":{\"@id\":\"https:\/\/legandgo.com\/es\/#\/schema\/logo\/image\/\"},\"sameAs\":[\"https:\/\/www.facebook.com\/legandgo\",\"https:\/\/www.instagram.com\/legandgo\/\",\"https:\/\/www.linkedin.com\/company\/legandgo\/\",\"https:\/\/www.pinterest.com\/legandgo\/\",\"https:\/\/www.youtube.com\/channel\/UC_FBzWPmKWE0g7fcR4Xdfuw\/\"]}]}<\/script>\n<!-- \/ Yoast SEO plugin. -->","yoast_head_json":{"title":"bicicleta de equilibrio leg&go. Transformable. Duradera. Sostenible.","description":"bicicleta de equilibrio leg&go. Transformable. Duradera. Sostenible. \u00a1Todo lo que una primera bicicleta debe ser! Env\u00edo a todo el mundo.","robots":{"index":"index","follow":"follow","max-snippet":"max-snippet:-1","max-image-preview":"max-image-preview:large","max-video-preview":"max-video-preview:-1"},"canonical":"https:\/\/legandgo.com\/es\/","og_locale":"es_ES","og_type":"article","og_title":"bicicleta de equilibrio leg&go. Transformable. Duradera. Sostenible.","og_description":"bicicleta de equilibrio leg&go. Transformable. Duradera. Sostenible. \u00a1Todo lo que una primera bicicleta debe ser!","og_url":"https:\/\/legandgo.com\/es\/","og_site_name":"leg&amp;go","article_publisher":"https:\/\/www.facebook.com\/legandgo","article_modified_time":"2026-01-15T10:29:19+00:00","og_image":[{"url":"https:\/\/legandgo.com\/wp-content\/uploads\/2021\/02\/572a9dff7e0dea6b91d5e27979d5f64e.jpg","type":"","width":"","height":""}],"twitter_card":"summary_large_image","twitter_misc":{"Est. reading time":"3 minutos"},"schema":{"@context":"https:\/\/schema.org","@graph":[{"@type":"WebPage","@id":"https:\/\/legandgo.com\/es\/","url":"https:\/\/legandgo.com\/es\/","name":"bicicleta de equilibrio leg&go. Transformable. Duradera. Sostenible.","isPartOf":{"@id":"https:\/\/legandgo.com\/es\/#website"},"primaryImageOfPage":{"@id":"https:\/\/legandgo.com\/es\/#primaryimage"},"image":{"@id":"https:\/\/legandgo.com\/es\/#primaryimage"},"thumbnailUrl":"https:\/\/legandgo.com\/wp-content\/uploads\/2020\/08\/transformability-1.svg","datePublished":"2025-09-02T11:58:12+00:00","dateModified":"2026-01-15T10:29:19+00:00","description":"bicicleta de equilibrio leg&go. Transformable. Duradera. Sostenible. \u00a1Todo lo que una primera bicicleta debe ser! Env\u00edo a todo el mundo.","breadcrumb":{"@id":"https:\/\/legandgo.com\/es\/#breadcrumb"},"inLanguage":"es","potentialAction":[{"@type":"ReadAction","target":["https:\/\/legandgo.com\/es\/"]}]},{"@type":"ImageObject","inLanguage":"es","@id":"https:\/\/legandgo.com\/es\/#primaryimage","url":"https:\/\/legandgo.com\/wp-content\/uploads\/2020\/08\/transformability-1.svg","contentUrl":"https:\/\/legandgo.com\/wp-content\/uploads\/2020\/08\/transformability-1.svg"},{"@type":"BreadcrumbList","@id":"https:\/\/legandgo.com\/es\/#breadcrumb","itemListElement":[{"@type":"ListItem","position":1,"name":"Home","item":"https:\/\/legandgo.com\/es\/"},{"@type":"ListItem","position":2,"name":"P\u00e1gina de inicio"}]},{"@type":"WebSite","@id":"https:\/\/legandgo.com\/es\/#website","url":"https:\/\/legandgo.com\/es\/","name":"leg&amp;go","description":"","publisher":{"@id":"https:\/\/legandgo.com\/es\/#organization"},"potentialAction":[{"@type":"SearchAction","target":{"@type":"EntryPoint","urlTemplate":"https:\/\/legandgo.com\/es\/?s={search_term_string}"},"query-input":{"@type":"PropertyValueSpecification","valueRequired":true,"valueName":"search_term_string"}}],"inLanguage":"es"},{"@type":"Organization","@id":"https:\/\/legandgo.com\/es\/#organization","name":"leg&go bike","url":"https:\/\/legandgo.com\/es\/","logo":{"@type":"ImageObject","inLanguage":"es","@id":"https:\/\/legandgo.com\/es\/#\/schema\/logo\/image\/","url":"https:\/\/legandgo.com\/wp-content\/uploads\/2021\/03\/logorf.png","contentUrl":"https:\/\/legandgo.com\/wp-content\/uploads\/2021\/03\/logorf.png","width":675,"height":216,"caption":"leg&go bike"},"image":{"@id":"https:\/\/legandgo.com\/es\/#\/schema\/logo\/image\/"},"sameAs":["https:\/\/www.facebook.com\/legandgo","https:\/\/www.instagram.com\/legandgo\/","https:\/\/www.linkedin.com\/company\/legandgo\/","https:\/\/www.pinterest.com\/legandgo\/","https:\/\/www.youtube.com\/channel\/UC_FBzWPmKWE0g7fcR4Xdfuw\/"]}]}},"_links":{"self":[{"href":"https:\/\/legandgo.com\/es\/wp-json\/wp\/v2\/pages\/42188","targetHints":{"allow":["GET"]}}],"collection":[{"href":"https:\/\/legandgo.com\/es\/wp-json\/wp\/v2\/pages"}],"about":[{"href":"https:\/\/legandgo.com\/es\/wp-json\/wp\/v2\/types\/page"}],"author":[{"embeddable":true,"href":"https:\/\/legandgo.com\/es\/wp-json\/wp\/v2\/users\/1"}],"replies":[{"embeddable":true,"href":"https:\/\/legandgo.com\/es\/wp-json\/wp\/v2\/comments?post=42188"}],"version-history":[{"count":4,"href":"https:\/\/legandgo.com\/es\/wp-json\/wp\/v2\/pages\/42188\/revisions"}],"predecessor-version":[{"id":48129,"href":"https:\/\/legandgo.com\/es\/wp-json\/wp\/v2\/pages\/42188\/revisions\/48129"}],"wp:attachment":[{"href":"https:\/\/legandgo.com\/es\/wp-json\/wp\/v2\/media?parent=42188"}],"curies":[{"name":"wp","href":"https:\/\/api.w.org\/{rel}","templated":true}]}}