{"id":42403,"date":"2025-09-05T12:01:42","date_gmt":"2025-09-05T10:01:42","guid":{"rendered":"https:\/\/legandgo.com\/sobre-nosotros\/nuestra-historia\/"},"modified":"2025-09-18T09:14:39","modified_gmt":"2025-09-18T07:14:39","slug":"nuestra-historia","status":"publish","type":"page","link":"https:\/\/legandgo.com\/es\/sobre-nosotros\/nuestra-historia\/","title":{"rendered":"Nuestra historia"},"content":{"rendered":"","protected":false},"excerpt":{"rendered":"","protected":false},"author":1,"featured_media":0,"parent":42401,"menu_order":42,"comment_status":"closed","ping_status":"closed","template":"page-our-story.php","meta":{"_acf_changed":false,"inline_featured_image":false,"footnotes":""},"class_list":["post-42403","page","type-page","status-publish","hentry"],"acf":[],"yoast_head":"<!-- This site is optimized with the Yoast SEO plugin v25.9 - https:\/\/yoast.com\/wordpress\/plugins\/seo\/ -->\n<title>Nuestra historia detr\u00e1s de leg&amp;go | La bicicleta de equilibrio con mayor vida \u00fatil<\/title>\n<meta name=\"description\" content=\"Nuestra historia detr\u00e1s de leg&amp;go. Desde la innovadora bicicleta de equilibrio de madera con mayor vida \u00fatil hasta otros productos que inspiran el crecimiento y la creatividad de los ni\u00f1os.\" \/>\n<meta name=\"robots\" content=\"index, follow, max-snippet:-1, max-image-preview:large, max-video-preview:-1\" \/>\n<link rel=\"canonical\" href=\"https:\/\/legandgo.com\/es\/sobre-nosotros\/nuestra-historia\/\" \/>\n<meta property=\"og:locale\" content=\"es_ES\" \/>\n<meta property=\"og:type\" content=\"article\" \/>\n<meta property=\"og:title\" content=\"Nuestra historia detr\u00e1s de leg&amp;go | La bicicleta de equilibrio con mayor vida \u00fatil\" \/>\n<meta property=\"og:description\" content=\"Nuestra historia detr\u00e1s de leg&amp;go. Desde la innovadora bicicleta de equilibrio de madera con mayor vida \u00fatil hasta otros productos que inspiran el crecimiento y la creatividad de los ni\u00f1os.\" \/>\n<meta property=\"og:url\" content=\"https:\/\/legandgo.com\/es\/sobre-nosotros\/nuestra-historia\/\" \/>\n<meta property=\"og:site_name\" content=\"leg&amp;go\" \/>\n<meta property=\"article:publisher\" content=\"https:\/\/www.facebook.com\/legandgo\" \/>\n<meta property=\"article:modified_time\" content=\"2025-09-18T07:14:39+00:00\" \/>\n<meta property=\"og:image\" content=\"https:\/\/legandgo.com\/wp-content\/uploads\/2021\/02\/572a9dff7e0dea6b91d5e27979d5f64e.jpg\" \/>\n\t<meta property=\"og:image:width\" content=\"1200\" \/>\n\t<meta property=\"og:image:height\" content=\"675\" \/>\n\t<meta property=\"og:image:type\" content=\"image\/jpeg\" \/>\n<meta name=\"twitter:card\" content=\"summary_large_image\" \/>\n<script type=\"application\/ld+json\" class=\"yoast-schema-graph\">{\"@context\":\"https:\/\/schema.org\",\"@graph\":[{\"@type\":\"WebPage\",\"@id\":\"https:\/\/legandgo.com\/es\/sobre-nosotros\/nuestra-historia\/\",\"url\":\"https:\/\/legandgo.com\/es\/sobre-nosotros\/nuestra-historia\/\",\"name\":\"Nuestra historia detr\u00e1s de leg&go | La bicicleta de equilibrio con mayor vida \u00fatil\",\"isPartOf\":{\"@id\":\"https:\/\/legandgo.com\/es\/#website\"},\"datePublished\":\"2025-09-05T10:01:42+00:00\",\"dateModified\":\"2025-09-18T07:14:39+00:00\",\"description\":\"Nuestra historia detr\u00e1s de leg&go. Desde la innovadora bicicleta de equilibrio de madera con mayor vida \u00fatil hasta otros productos que inspiran el crecimiento y la creatividad de los ni\u00f1os.\",\"breadcrumb\":{\"@id\":\"https:\/\/legandgo.com\/es\/sobre-nosotros\/nuestra-historia\/#breadcrumb\"},\"inLanguage\":\"es\",\"potentialAction\":[{\"@type\":\"ReadAction\",\"target\":[\"https:\/\/legandgo.com\/es\/sobre-nosotros\/nuestra-historia\/\"]}]},{\"@type\":\"BreadcrumbList\",\"@id\":\"https:\/\/legandgo.com\/es\/sobre-nosotros\/nuestra-historia\/#breadcrumb\",\"itemListElement\":[{\"@type\":\"ListItem\",\"position\":1,\"name\":\"Home\",\"item\":\"https:\/\/legandgo.com\/es\/\"},{\"@type\":\"ListItem\",\"position\":2,\"name\":\"Sobre nosotros\",\"item\":\"https:\/\/legandgo.com\/es\/sobre-nosotros\/\"},{\"@type\":\"ListItem\",\"position\":3,\"name\":\"Nuestra historia\"}]},{\"@type\":\"WebSite\",\"@id\":\"https:\/\/legandgo.com\/es\/#website\",\"url\":\"https:\/\/legandgo.com\/es\/\",\"name\":\"leg&amp;go\",\"description\":\"\",\"publisher\":{\"@id\":\"https:\/\/legandgo.com\/es\/#organization\"},\"potentialAction\":[{\"@type\":\"SearchAction\",\"target\":{\"@type\":\"EntryPoint\",\"urlTemplate\":\"https:\/\/legandgo.com\/es\/?s={search_term_string}\"},\"query-input\":{\"@type\":\"PropertyValueSpecification\",\"valueRequired\":true,\"valueName\":\"search_term_string\"}}],\"inLanguage\":\"es\"},{\"@type\":\"Organization\",\"@id\":\"https:\/\/legandgo.com\/es\/#organization\",\"name\":\"leg&go bike\",\"url\":\"https:\/\/legandgo.com\/es\/\",\"logo\":{\"@type\":\"ImageObject\",\"inLanguage\":\"es\",\"@id\":\"https:\/\/legandgo.com\/es\/#\/schema\/logo\/image\/\",\"url\":\"https:\/\/legandgo.com\/wp-content\/uploads\/2021\/03\/logorf.png\",\"contentUrl\":\"https:\/\/legandgo.com\/wp-content\/uploads\/2021\/03\/logorf.png\",\"width\":675,\"height\":216,\"caption\":\"leg&go bike\"},\"image\":{\"@id\":\"https:\/\/legandgo.com\/es\/#\/schema\/logo\/image\/\"},\"sameAs\":[\"https:\/\/www.facebook.com\/legandgo\",\"https:\/\/www.instagram.com\/legandgo\/\",\"https:\/\/www.linkedin.com\/company\/legandgo\/\",\"https:\/\/www.pinterest.com\/legandgo\/\",\"https:\/\/www.youtube.com\/channel\/UC_FBzWPmKWE0g7fcR4Xdfuw\/\"]}]}<\/script>\n<!-- \/ Yoast SEO plugin. -->","yoast_head_json":{"title":"Nuestra historia detr\u00e1s de leg&go | La bicicleta de equilibrio con mayor vida \u00fatil","description":"Nuestra historia detr\u00e1s de leg&go. Desde la innovadora bicicleta de equilibrio de madera con mayor vida \u00fatil hasta otros productos que inspiran el crecimiento y la creatividad de los ni\u00f1os.","robots":{"index":"index","follow":"follow","max-snippet":"max-snippet:-1","max-image-preview":"max-image-preview:large","max-video-preview":"max-video-preview:-1"},"canonical":"https:\/\/legandgo.com\/es\/sobre-nosotros\/nuestra-historia\/","og_locale":"es_ES","og_type":"article","og_title":"Nuestra historia detr\u00e1s de leg&go | La bicicleta de equilibrio con mayor vida \u00fatil","og_description":"Nuestra historia detr\u00e1s de leg&go. Desde la innovadora bicicleta de equilibrio de madera con mayor vida \u00fatil hasta otros productos que inspiran el crecimiento y la creatividad de los ni\u00f1os.","og_url":"https:\/\/legandgo.com\/es\/sobre-nosotros\/nuestra-historia\/","og_site_name":"leg&amp;go","article_publisher":"https:\/\/www.facebook.com\/legandgo","article_modified_time":"2025-09-18T07:14:39+00:00","og_image":[{"width":1200,"height":675,"url":"https:\/\/legandgo.com\/wp-content\/uploads\/2021\/02\/572a9dff7e0dea6b91d5e27979d5f64e.jpg","type":"image\/jpeg"}],"twitter_card":"summary_large_image","schema":{"@context":"https:\/\/schema.org","@graph":[{"@type":"WebPage","@id":"https:\/\/legandgo.com\/es\/sobre-nosotros\/nuestra-historia\/","url":"https:\/\/legandgo.com\/es\/sobre-nosotros\/nuestra-historia\/","name":"Nuestra historia detr\u00e1s de leg&go | La bicicleta de equilibrio con mayor vida \u00fatil","isPartOf":{"@id":"https:\/\/legandgo.com\/es\/#website"},"datePublished":"2025-09-05T10:01:42+00:00","dateModified":"2025-09-18T07:14:39+00:00","description":"Nuestra historia detr\u00e1s de leg&go. Desde la innovadora bicicleta de equilibrio de madera con mayor vida \u00fatil hasta otros productos que inspiran el crecimiento y la creatividad de los ni\u00f1os.","breadcrumb":{"@id":"https:\/\/legandgo.com\/es\/sobre-nosotros\/nuestra-historia\/#breadcrumb"},"inLanguage":"es","potentialAction":[{"@type":"ReadAction","target":["https:\/\/legandgo.com\/es\/sobre-nosotros\/nuestra-historia\/"]}]},{"@type":"BreadcrumbList","@id":"https:\/\/legandgo.com\/es\/sobre-nosotros\/nuestra-historia\/#breadcrumb","itemListElement":[{"@type":"ListItem","position":1,"name":"Home","item":"https:\/\/legandgo.com\/es\/"},{"@type":"ListItem","position":2,"name":"Sobre nosotros","item":"https:\/\/legandgo.com\/es\/sobre-nosotros\/"},{"@type":"ListItem","position":3,"name":"Nuestra historia"}]},{"@type":"WebSite","@id":"https:\/\/legandgo.com\/es\/#website","url":"https:\/\/legandgo.com\/es\/","name":"leg&amp;go","description":"","publisher":{"@id":"https:\/\/legandgo.com\/es\/#organization"},"potentialAction":[{"@type":"SearchAction","target":{"@type":"EntryPoint","urlTemplate":"https:\/\/legandgo.com\/es\/?s={search_term_string}"},"query-input":{"@type":"PropertyValueSpecification","valueRequired":true,"valueName":"search_term_string"}}],"inLanguage":"es"},{"@type":"Organization","@id":"https:\/\/legandgo.com\/es\/#organization","name":"leg&go bike","url":"https:\/\/legandgo.com\/es\/","logo":{"@type":"ImageObject","inLanguage":"es","@id":"https:\/\/legandgo.com\/es\/#\/schema\/logo\/image\/","url":"https:\/\/legandgo.com\/wp-content\/uploads\/2021\/03\/logorf.png","contentUrl":"https:\/\/legandgo.com\/wp-content\/uploads\/2021\/03\/logorf.png","width":675,"height":216,"caption":"leg&go bike"},"image":{"@id":"https:\/\/legandgo.com\/es\/#\/schema\/logo\/image\/"},"sameAs":["https:\/\/www.facebook.com\/legandgo","https:\/\/www.instagram.com\/legandgo\/","https:\/\/www.linkedin.com\/company\/legandgo\/","https:\/\/www.pinterest.com\/legandgo\/","https:\/\/www.youtube.com\/channel\/UC_FBzWPmKWE0g7fcR4Xdfuw\/"]}]}},"_links":{"self":[{"href":"https:\/\/legandgo.com\/es\/wp-json\/wp\/v2\/pages\/42403","targetHints":{"allow":["GET"]}}],"collection":[{"href":"https:\/\/legandgo.com\/es\/wp-json\/wp\/v2\/pages"}],"about":[{"href":"https:\/\/legandgo.com\/es\/wp-json\/wp\/v2\/types\/page"}],"author":[{"embeddable":true,"href":"https:\/\/legandgo.com\/es\/wp-json\/wp\/v2\/users\/1"}],"replies":[{"embeddable":true,"href":"https:\/\/legandgo.com\/es\/wp-json\/wp\/v2\/comments?post=42403"}],"version-history":[{"count":2,"href":"https:\/\/legandgo.com\/es\/wp-json\/wp\/v2\/pages\/42403\/revisions"}],"predecessor-version":[{"id":43247,"href":"https:\/\/legandgo.com\/es\/wp-json\/wp\/v2\/pages\/42403\/revisions\/43247"}],"up":[{"embeddable":true,"href":"https:\/\/legandgo.com\/es\/wp-json\/wp\/v2\/pages\/42401"}],"wp:attachment":[{"href":"https:\/\/legandgo.com\/es\/wp-json\/wp\/v2\/media?parent=42403"}],"curies":[{"name":"wp","href":"https:\/\/api.w.org\/{rel}","templated":true}]}}