{"id":43249,"date":"2025-09-18T09:20:42","date_gmt":"2025-09-18T07:20:42","guid":{"rendered":"https:\/\/legandgo.com\/conviertase-en-afiliado-de-leggo\/"},"modified":"2025-09-18T09:28:51","modified_gmt":"2025-09-18T07:28:51","slug":"conviertase-en-afiliado-de-leggo","status":"publish","type":"page","link":"https:\/\/legandgo.com\/es\/conviertase-en-afiliado-de-leggo\/","title":{"rendered":"Convi\u00e9rtase en afiliado de Leg&amp;go"},"content":{"rendered":"\n<div class=\"show-desktop\"><img decoding=\"async\" src=\"https:\/\/legandgo.com\/wp-content\/themes\/legandgo2\/img\/afilliate-header-pc.jpg\" alt=\"\" class=\"wp-image-1702\"\/><\/div>\n\n<div class=\"show-mobile\"><img decoding=\"async\" src=\"https:\/\/legandgo.com\/wp-content\/themes\/legandgo2\/img\/afilliate-header-mob.jpg\" alt=\"\" class=\"wp-image-1714\"\/><\/div>\n\n<p><\/p>\n\n<h2 class=\"has-text-align-left wp-block-heading\">\u00bfQui\u00e9nes somos?<\/h2>\n\n<p class=\"has-text-align-left\">Leg&amp;go es la primera y \u00fanica bicicleta infantil de madera del mundo que se puede transformar de 8 formas diferentes, lo que garantiza la sostenibilidad, un dise\u00f1o excepcional y con la calidad duradera que buscan los padres. <\/p>\n\n<p class=\"has-text-align-left\">El chasis de madera de alta calidad se puede ajustar seg\u00fan la edad, el tama\u00f1o y las preferencias mediante varios accesorios de extensi\u00f3n, lo que permite que la bicicleta crezca con el ni\u00f1o desde los 6 meses hasta los 6 a\u00f1os de edad.<\/p>\n\n<p class=\"has-text-align-left\">Los productos Leg&amp;go se pueden comprar en l\u00ednea y ofrecemos env\u00edos a todo el mundo. <\/p>\n\n<p><\/p>\n\n<p><\/p>\n\n<h2 class=\"has-text-align-left wp-block-heading\">\u00bfQui\u00e9n puede unirse?<\/h2>\n\n<p class=\"has-text-align-left\">Buscamos afiliados que encajen con la tem\u00e1tica de nuestra marca. <\/p>\n\n<p class=\"has-text-align-left\">Los afiliados pueden ser editores, sitios web sobre ciclismo, foros de bicicletas, sitios web de rese\u00f1as de productos, redes sociales y mucho m\u00e1s. \u00bfQuiz\u00e1s tiene un canal de YouTube, un tablero de Pinterest o un feed de Instagram con un p\u00fablico compuesto por nuevos padres? \u00a1Perfecto, entonces el programa de afiliados de leg&amp;go es una forma estupenda de empezar a ganar una comisi\u00f3n por las compras que realicen los visitantes que refiera!  <\/p>\n\n<p><\/p>\n\n<p><\/p>\n\n<h2 class=\"has-text-align-left wp-block-heading\">\u00bfCu\u00e1les son las ventajas de unirse? <\/h2>\n\n<ul class=\"wp-block-list\"><li>Comisiones muy competitivas a partir del 3 %, con incrementos disponibles para los afiliados con mejor rendimiento.<\/li><li>Alto precio medio por pedido, entre 295 y 630 euros.<\/li><li>Cookies con una duraci\u00f3n de 30 d\u00edas; gane comisiones por el tr\u00e1fico que env\u00ede durante todo un mes.<\/li><li>Le proporcionamos banners profesionales, anuncios de texto, entrevistas, descripciones de productos&#8230; todo lo que necesita para aumentar las ventas.<\/li><li>Asistencia de nuestro gestor de afiliados.<\/li><li>Opciones de seguimiento e informes detallados a trav\u00e9s de la c\u00f3moda plataforma de afiliados.<\/li><\/ul>\n\n<p><\/p>\n\n<p><\/p>\n\n<h2 class=\"has-text-align-left wp-block-heading\"> \u00bfC\u00f3mo funciona?<\/h2>\n\n<p class=\"has-text-align-left\">Todo lo que tiene que hacer despu\u00e9s de unirse al programa es enlazar nuestra p\u00e1gina desde la suya. Los enlaces contienen un c\u00f3digo especial que rastrea desde qu\u00e9 p\u00e1gina visita el cliente y, cuando realiza un pedido con nosotros, \u00a1recibe una comisi\u00f3n por cada art\u00edculo que compra! <\/p>\n\n<p class=\"has-text-align-left\">Es sencillo y transparente: gestionamos nuestro programa de afiliados con la plataforma de afiliados Target Circle, lo que significa que todas tus ventas son rastreadas por un sistema externo independiente, por lo que puede estar seguro de su progreso y saber cu\u00e1nto ha ganado.<\/p>\n\n<p><\/p>\n\n<p><\/p>\n\n<h2 class=\"has-text-align-left wp-block-heading\"> \u00bfC\u00f3mo solicitarlo?<strong> <\/strong> <\/h2>\n\n<p class=\"has-text-align-left\"><a href=\"https:\/\/legandgo.targetcircle.com\/signup?ref=legandgo\" target=\"_blank\" rel=\"noreferrer noopener\">Reg\u00edstrese aqu\u00ed<\/a> para convertirse en nuestro socio afiliado. Si tiene alguna pregunta, no dude en ponerse en contacto con nosotros en <a href=\"mailto:affiliate@legandgo.com\">affiliate@legandgo.com<\/a>. En un plazo de tres d\u00edas, nos pondremos en contacto con usted para darle m\u00e1s instrucciones sobre c\u00f3mo empezar a ganar dinero con nosotros. \u00a1Estamos deseando saber de usted!   <\/p>\n\n<p><\/p>\n\n<p><\/p>\n\n<p><\/p>\n","protected":false},"excerpt":{"rendered":"<p>\u00bfQui\u00e9nes somos? Leg&amp;go es la primera y \u00fanica bicicleta infantil de madera del mundo que se puede transformar de 8 formas diferentes, lo que garantiza la sostenibilidad, un dise\u00f1o excepcional y con la calidad duradera que buscan los padres. El chasis de madera de alta calidad se puede ajustar seg\u00fan la edad, el tama\u00f1o y<a class=\"excerpt-read-more\" href=\"https:\/\/legandgo.com\/es\/conviertase-en-afiliado-de-leggo\/\" title=\"ReadConvi\u00e9rtase en afiliado de Leg&amp;go\">&#8230; Read more &raquo;<\/a><\/p>\n","protected":false},"author":1,"featured_media":0,"parent":0,"menu_order":14,"comment_status":"closed","ping_status":"closed","template":"","meta":{"_acf_changed":false,"inline_featured_image":false,"footnotes":""},"class_list":["post-43249","page","type-page","status-publish","hentry"],"acf":[],"yoast_head":"<!-- This site is optimized with the Yoast SEO plugin v25.9 - https:\/\/yoast.com\/wordpress\/plugins\/seo\/ -->\n<title>Convi\u00e9rtase en afiliado de Leg&amp;go &#183; leg&amp;go<\/title>\n<meta name=\"robots\" content=\"noindex, follow\" \/>\n<meta property=\"og:locale\" content=\"es_ES\" \/>\n<meta property=\"og:type\" content=\"article\" \/>\n<meta property=\"og:title\" content=\"Convi\u00e9rtase en afiliado de Leg&amp;go &#183; leg&amp;go\" \/>\n<meta property=\"og:description\" content=\"\u00bfQui\u00e9nes somos? Leg&amp;go es la primera y \u00fanica bicicleta infantil de madera del mundo que se puede transformar de 8 formas diferentes, lo que garantiza la sostenibilidad, un dise\u00f1o excepcional y con la calidad duradera que buscan los padres. El chasis de madera de alta calidad se puede ajustar seg\u00fan la edad, el tama\u00f1o y... Read more &raquo;\" \/>\n<meta property=\"og:url\" content=\"https:\/\/legandgo.com\/es\/conviertase-en-afiliado-de-leggo\/\" \/>\n<meta property=\"og:site_name\" content=\"leg&amp;go\" \/>\n<meta property=\"article:publisher\" content=\"https:\/\/www.facebook.com\/legandgo\" \/>\n<meta property=\"article:modified_time\" content=\"2025-09-18T07:28:51+00:00\" \/>\n<meta property=\"og:image\" content=\"https:\/\/legandgo.com\/wp-content\/uploads\/2021\/02\/572a9dff7e0dea6b91d5e27979d5f64e.jpg\" \/>\n\t<meta property=\"og:image:width\" content=\"1200\" \/>\n\t<meta property=\"og:image:height\" content=\"675\" \/>\n\t<meta property=\"og:image:type\" content=\"image\/jpeg\" \/>\n<meta name=\"twitter:card\" content=\"summary_large_image\" \/>\n<meta name=\"twitter:label1\" content=\"Est. reading time\" \/>\n\t<meta name=\"twitter:data1\" content=\"2 minutos\" \/>\n<script type=\"application\/ld+json\" class=\"yoast-schema-graph\">{\"@context\":\"https:\/\/schema.org\",\"@graph\":[{\"@type\":\"WebPage\",\"@id\":\"https:\/\/legandgo.com\/es\/conviertase-en-afiliado-de-leggo\/\",\"url\":\"https:\/\/legandgo.com\/es\/conviertase-en-afiliado-de-leggo\/\",\"name\":\"Convi\u00e9rtase en afiliado de Leg&amp;go &#183; leg&amp;go\",\"isPartOf\":{\"@id\":\"https:\/\/legandgo.com\/es\/#website\"},\"primaryImageOfPage\":{\"@id\":\"https:\/\/legandgo.com\/es\/conviertase-en-afiliado-de-leggo\/#primaryimage\"},\"image\":{\"@id\":\"https:\/\/legandgo.com\/es\/conviertase-en-afiliado-de-leggo\/#primaryimage\"},\"thumbnailUrl\":\"https:\/\/legandgo.com\/wp-content\/themes\/legandgo2\/img\/afilliate-header-pc.jpg\",\"datePublished\":\"2025-09-18T07:20:42+00:00\",\"dateModified\":\"2025-09-18T07:28:51+00:00\",\"breadcrumb\":{\"@id\":\"https:\/\/legandgo.com\/es\/conviertase-en-afiliado-de-leggo\/#breadcrumb\"},\"inLanguage\":\"es\",\"potentialAction\":[{\"@type\":\"ReadAction\",\"target\":[\"https:\/\/legandgo.com\/es\/conviertase-en-afiliado-de-leggo\/\"]}]},{\"@type\":\"ImageObject\",\"inLanguage\":\"es\",\"@id\":\"https:\/\/legandgo.com\/es\/conviertase-en-afiliado-de-leggo\/#primaryimage\",\"url\":\"https:\/\/legandgo.com\/wp-content\/themes\/legandgo2\/img\/afilliate-header-pc.jpg\",\"contentUrl\":\"https:\/\/legandgo.com\/wp-content\/themes\/legandgo2\/img\/afilliate-header-pc.jpg\"},{\"@type\":\"BreadcrumbList\",\"@id\":\"https:\/\/legandgo.com\/es\/conviertase-en-afiliado-de-leggo\/#breadcrumb\",\"itemListElement\":[{\"@type\":\"ListItem\",\"position\":1,\"name\":\"Home\",\"item\":\"https:\/\/legandgo.com\/es\/\"},{\"@type\":\"ListItem\",\"position\":2,\"name\":\"Convi\u00e9rtase en afiliado de Leg&amp;go\"}]},{\"@type\":\"WebSite\",\"@id\":\"https:\/\/legandgo.com\/es\/#website\",\"url\":\"https:\/\/legandgo.com\/es\/\",\"name\":\"leg&amp;go\",\"description\":\"\",\"publisher\":{\"@id\":\"https:\/\/legandgo.com\/es\/#organization\"},\"potentialAction\":[{\"@type\":\"SearchAction\",\"target\":{\"@type\":\"EntryPoint\",\"urlTemplate\":\"https:\/\/legandgo.com\/es\/?s={search_term_string}\"},\"query-input\":{\"@type\":\"PropertyValueSpecification\",\"valueRequired\":true,\"valueName\":\"search_term_string\"}}],\"inLanguage\":\"es\"},{\"@type\":\"Organization\",\"@id\":\"https:\/\/legandgo.com\/es\/#organization\",\"name\":\"leg&go bike\",\"url\":\"https:\/\/legandgo.com\/es\/\",\"logo\":{\"@type\":\"ImageObject\",\"inLanguage\":\"es\",\"@id\":\"https:\/\/legandgo.com\/es\/#\/schema\/logo\/image\/\",\"url\":\"https:\/\/legandgo.com\/wp-content\/uploads\/2021\/03\/logorf.png\",\"contentUrl\":\"https:\/\/legandgo.com\/wp-content\/uploads\/2021\/03\/logorf.png\",\"width\":675,\"height\":216,\"caption\":\"leg&go bike\"},\"image\":{\"@id\":\"https:\/\/legandgo.com\/es\/#\/schema\/logo\/image\/\"},\"sameAs\":[\"https:\/\/www.facebook.com\/legandgo\",\"https:\/\/www.instagram.com\/legandgo\/\",\"https:\/\/www.linkedin.com\/company\/legandgo\/\",\"https:\/\/www.pinterest.com\/legandgo\/\",\"https:\/\/www.youtube.com\/channel\/UC_FBzWPmKWE0g7fcR4Xdfuw\/\"]}]}<\/script>\n<!-- \/ Yoast SEO plugin. -->","yoast_head_json":{"title":"Convi\u00e9rtase en afiliado de Leg&amp;go &#183; leg&amp;go","robots":{"index":"noindex","follow":"follow"},"og_locale":"es_ES","og_type":"article","og_title":"Convi\u00e9rtase en afiliado de Leg&amp;go &#183; leg&amp;go","og_description":"\u00bfQui\u00e9nes somos? Leg&amp;go es la primera y \u00fanica bicicleta infantil de madera del mundo que se puede transformar de 8 formas diferentes, lo que garantiza la sostenibilidad, un dise\u00f1o excepcional y con la calidad duradera que buscan los padres. El chasis de madera de alta calidad se puede ajustar seg\u00fan la edad, el tama\u00f1o y... Read more &raquo;","og_url":"https:\/\/legandgo.com\/es\/conviertase-en-afiliado-de-leggo\/","og_site_name":"leg&amp;go","article_publisher":"https:\/\/www.facebook.com\/legandgo","article_modified_time":"2025-09-18T07:28:51+00:00","og_image":[{"width":1200,"height":675,"url":"https:\/\/legandgo.com\/wp-content\/uploads\/2021\/02\/572a9dff7e0dea6b91d5e27979d5f64e.jpg","type":"image\/jpeg"}],"twitter_card":"summary_large_image","twitter_misc":{"Est. reading time":"2 minutos"},"schema":{"@context":"https:\/\/schema.org","@graph":[{"@type":"WebPage","@id":"https:\/\/legandgo.com\/es\/conviertase-en-afiliado-de-leggo\/","url":"https:\/\/legandgo.com\/es\/conviertase-en-afiliado-de-leggo\/","name":"Convi\u00e9rtase en afiliado de Leg&amp;go &#183; leg&amp;go","isPartOf":{"@id":"https:\/\/legandgo.com\/es\/#website"},"primaryImageOfPage":{"@id":"https:\/\/legandgo.com\/es\/conviertase-en-afiliado-de-leggo\/#primaryimage"},"image":{"@id":"https:\/\/legandgo.com\/es\/conviertase-en-afiliado-de-leggo\/#primaryimage"},"thumbnailUrl":"https:\/\/legandgo.com\/wp-content\/themes\/legandgo2\/img\/afilliate-header-pc.jpg","datePublished":"2025-09-18T07:20:42+00:00","dateModified":"2025-09-18T07:28:51+00:00","breadcrumb":{"@id":"https:\/\/legandgo.com\/es\/conviertase-en-afiliado-de-leggo\/#breadcrumb"},"inLanguage":"es","potentialAction":[{"@type":"ReadAction","target":["https:\/\/legandgo.com\/es\/conviertase-en-afiliado-de-leggo\/"]}]},{"@type":"ImageObject","inLanguage":"es","@id":"https:\/\/legandgo.com\/es\/conviertase-en-afiliado-de-leggo\/#primaryimage","url":"https:\/\/legandgo.com\/wp-content\/themes\/legandgo2\/img\/afilliate-header-pc.jpg","contentUrl":"https:\/\/legandgo.com\/wp-content\/themes\/legandgo2\/img\/afilliate-header-pc.jpg"},{"@type":"BreadcrumbList","@id":"https:\/\/legandgo.com\/es\/conviertase-en-afiliado-de-leggo\/#breadcrumb","itemListElement":[{"@type":"ListItem","position":1,"name":"Home","item":"https:\/\/legandgo.com\/es\/"},{"@type":"ListItem","position":2,"name":"Convi\u00e9rtase en afiliado de Leg&amp;go"}]},{"@type":"WebSite","@id":"https:\/\/legandgo.com\/es\/#website","url":"https:\/\/legandgo.com\/es\/","name":"leg&amp;go","description":"","publisher":{"@id":"https:\/\/legandgo.com\/es\/#organization"},"potentialAction":[{"@type":"SearchAction","target":{"@type":"EntryPoint","urlTemplate":"https:\/\/legandgo.com\/es\/?s={search_term_string}"},"query-input":{"@type":"PropertyValueSpecification","valueRequired":true,"valueName":"search_term_string"}}],"inLanguage":"es"},{"@type":"Organization","@id":"https:\/\/legandgo.com\/es\/#organization","name":"leg&go bike","url":"https:\/\/legandgo.com\/es\/","logo":{"@type":"ImageObject","inLanguage":"es","@id":"https:\/\/legandgo.com\/es\/#\/schema\/logo\/image\/","url":"https:\/\/legandgo.com\/wp-content\/uploads\/2021\/03\/logorf.png","contentUrl":"https:\/\/legandgo.com\/wp-content\/uploads\/2021\/03\/logorf.png","width":675,"height":216,"caption":"leg&go bike"},"image":{"@id":"https:\/\/legandgo.com\/es\/#\/schema\/logo\/image\/"},"sameAs":["https:\/\/www.facebook.com\/legandgo","https:\/\/www.instagram.com\/legandgo\/","https:\/\/www.linkedin.com\/company\/legandgo\/","https:\/\/www.pinterest.com\/legandgo\/","https:\/\/www.youtube.com\/channel\/UC_FBzWPmKWE0g7fcR4Xdfuw\/"]}]}},"_links":{"self":[{"href":"https:\/\/legandgo.com\/es\/wp-json\/wp\/v2\/pages\/43249","targetHints":{"allow":["GET"]}}],"collection":[{"href":"https:\/\/legandgo.com\/es\/wp-json\/wp\/v2\/pages"}],"about":[{"href":"https:\/\/legandgo.com\/es\/wp-json\/wp\/v2\/types\/page"}],"author":[{"embeddable":true,"href":"https:\/\/legandgo.com\/es\/wp-json\/wp\/v2\/users\/1"}],"replies":[{"embeddable":true,"href":"https:\/\/legandgo.com\/es\/wp-json\/wp\/v2\/comments?post=43249"}],"version-history":[{"count":1,"href":"https:\/\/legandgo.com\/es\/wp-json\/wp\/v2\/pages\/43249\/revisions"}],"predecessor-version":[{"id":43250,"href":"https:\/\/legandgo.com\/es\/wp-json\/wp\/v2\/pages\/43249\/revisions\/43250"}],"wp:attachment":[{"href":"https:\/\/legandgo.com\/es\/wp-json\/wp\/v2\/media?parent=43249"}],"curies":[{"name":"wp","href":"https:\/\/api.w.org\/{rel}","templated":true}]}}