{"id":25981,"date":"2024-06-14T15:39:46","date_gmt":"2024-06-14T13:39:46","guid":{"rendered":"https:\/\/legandgo.com\/shop\/sin%20categor\u00eda\/ultra-slim-helper-tower\/"},"modified":"2026-02-24T13:44:00","modified_gmt":"2026-02-24T11:44:00","slug":"ultra-slim-helper-tower","status":"publish","type":"product","link":"https:\/\/legandgo.com\/es\/shop\/torre-de-aprendizaje\/ultra-slim-helper-tower\/","title":{"rendered":"Torre de aprendizaje Montessori abatible"},"content":{"rendered":"<p>Descubra la incre\u00edble comodidad de la torre de aprendizaje ultra fina, dise\u00f1ada para ayudar a los ni\u00f1os y simplificar su vida diaria.<\/p>\n<p>\u00a1Diga adi\u00f3s a las dificultades y hola a la autonom\u00eda! La torre de aprendizaje plegable ayuda a los ni\u00f1os a alcanzar encimeras, fregaderos y m\u00e1s f\u00e1cilmente, haciendo que se sientan incluidos en las actividades diarias. \u00bfY lo mejor? Se pliega hasta un tama\u00f1o superfino para guardarla f\u00e1cilmente y ahorrar espacio.<\/p>\n","protected":false},"excerpt":{"rendered":"<p>Descubra la incre\u00edble comodidad de la torre de aprendizaje ultra fina, dise\u00f1ada para ayudar a los ni\u00f1os y simplificar su vida diaria. \u00a1Diga adi\u00f3s a las dificultades y hola a la autonom\u00eda! La torre de aprendizaje plegable ayuda a los ni\u00f1os a alcanzar encimeras, fregaderos y m\u00e1s f\u00e1cilmente, haciendo que se sientan incluidos en las<a class=\"excerpt-read-more\" href=\"https:\/\/legandgo.com\/es\/shop\/torre-de-aprendizaje\/ultra-slim-helper-tower\/\" title=\"ReadTorre de aprendizaje Montessori abatible\">&#8230; Read more &raquo;<\/a><\/p>\n","protected":false},"featured_media":41716,"comment_status":"closed","ping_status":"closed","template":"","meta":{"_acf_changed":false,"inline_featured_image":false,"footnotes":""},"product_brand":[],"product_cat":[1317,440],"product_tag":[],"class_list":{"0":"post-25981","1":"product","2":"type-product","3":"status-publish","4":"has-post-thumbnail","6":"product_cat-muebles","7":"product_cat-torre-de-aprendizaje","8":"product_shipping_class-learning-tower-shipping-es","9":"pa_color-madera-natural","10":"pa_color-negro","12":"first","13":"outofstock","14":"purchasable","15":"product-type-variable","16":"has-default-attributes"},"bundled_by":[],"bundle_stock_status":"outofstock","bundle_stock_quantity":null,"bundle_virtual":false,"bundle_layout":"","bundle_add_to_cart_form_location":"","bundle_editable_in_cart":false,"bundle_sold_individually_context":"","bundle_item_grouping":"","bundle_min_size":"","bundle_max_size":"","bundle_price":[],"bundled_items":[],"bundle_sell_ids":[],"acf":[],"yoast_head":"<!-- This site is optimized with the Yoast SEO plugin v25.9 - https:\/\/yoast.com\/wordpress\/plugins\/seo\/ -->\n<title>Torre de aprendizaje plegable ultra delgada para ni\u00f1os<\/title>\n<meta name=\"description\" content=\"Torre de aprendizaje plegable para ni\u00f1os que ayuda a alcanzar encimeras de forma segura. Dise\u00f1o ultradelgado que se pliega en plano para un f\u00e1cil almacenamiento y se entrega completamente montada.\" \/>\n<meta name=\"robots\" content=\"index, follow, max-snippet:-1, max-image-preview:large, max-video-preview:-1\" \/>\n<link rel=\"canonical\" href=\"https:\/\/legandgo.com\/es\/shop\/torre-de-aprendizaje\/ultra-slim-helper-tower\/\" \/>\n<meta property=\"og:locale\" content=\"es_ES\" \/>\n<meta property=\"og:type\" content=\"article\" \/>\n<meta property=\"og:title\" content=\"Torre de aprendizaje plegable ultra delgada para ni\u00f1os\" \/>\n<meta property=\"og:description\" content=\"Torre de aprendizaje plegable para ni\u00f1os que ayuda a alcanzar encimeras de forma segura. Dise\u00f1o ultradelgado que se pliega en plano para un f\u00e1cil almacenamiento y se entrega completamente montada.\" \/>\n<meta property=\"og:url\" content=\"https:\/\/legandgo.com\/es\/shop\/torre-de-aprendizaje\/ultra-slim-helper-tower\/\" \/>\n<meta property=\"og:site_name\" content=\"leg&amp;go\" \/>\n<meta property=\"article:publisher\" content=\"https:\/\/www.facebook.com\/legandgo\" \/>\n<meta property=\"article:modified_time\" content=\"2026-02-24T11:44:00+00:00\" \/>\n<meta property=\"og:image\" content=\"https:\/\/legandgo.com\/wp-content\/uploads\/2024\/06\/helper-tower-black.jpg\" \/>\n\t<meta property=\"og:image:width\" content=\"1434\" \/>\n\t<meta property=\"og:image:height\" content=\"1434\" \/>\n\t<meta property=\"og:image:type\" content=\"image\/jpeg\" \/>\n<meta name=\"twitter:card\" content=\"summary_large_image\" \/>\n<script type=\"application\/ld+json\" class=\"yoast-schema-graph\">{\"@context\":\"https:\/\/schema.org\",\"@graph\":[{\"@type\":\"WebPage\",\"@id\":\"https:\/\/legandgo.com\/es\/shop\/torre-de-aprendizaje\/ultra-slim-helper-tower\/\",\"url\":\"https:\/\/legandgo.com\/es\/shop\/torre-de-aprendizaje\/ultra-slim-helper-tower\/\",\"name\":\"Torre de aprendizaje plegable ultra delgada para ni\u00f1os\",\"isPartOf\":{\"@id\":\"https:\/\/legandgo.com\/es\/#website\"},\"primaryImageOfPage\":{\"@id\":\"https:\/\/legandgo.com\/es\/shop\/torre-de-aprendizaje\/ultra-slim-helper-tower\/#primaryimage\"},\"image\":{\"@id\":\"https:\/\/legandgo.com\/es\/shop\/torre-de-aprendizaje\/ultra-slim-helper-tower\/#primaryimage\"},\"thumbnailUrl\":\"https:\/\/legandgo.com\/wp-content\/uploads\/2024\/06\/helper-tower-black.jpg\",\"datePublished\":\"2024-06-14T13:39:46+00:00\",\"dateModified\":\"2026-02-24T11:44:00+00:00\",\"description\":\"Torre de aprendizaje plegable para ni\u00f1os que ayuda a alcanzar encimeras de forma segura. Dise\u00f1o ultradelgado que se pliega en plano para un f\u00e1cil almacenamiento y se entrega completamente montada.\",\"breadcrumb\":{\"@id\":\"https:\/\/legandgo.com\/es\/shop\/torre-de-aprendizaje\/ultra-slim-helper-tower\/#breadcrumb\"},\"inLanguage\":\"es\",\"potentialAction\":[{\"@type\":\"ReadAction\",\"target\":[\"https:\/\/legandgo.com\/es\/shop\/torre-de-aprendizaje\/ultra-slim-helper-tower\/\"]}]},{\"@type\":\"ImageObject\",\"inLanguage\":\"es\",\"@id\":\"https:\/\/legandgo.com\/es\/shop\/torre-de-aprendizaje\/ultra-slim-helper-tower\/#primaryimage\",\"url\":\"https:\/\/legandgo.com\/wp-content\/uploads\/2024\/06\/helper-tower-black.jpg\",\"contentUrl\":\"https:\/\/legandgo.com\/wp-content\/uploads\/2024\/06\/helper-tower-black.jpg\",\"width\":1434,\"height\":1434},{\"@type\":\"BreadcrumbList\",\"@id\":\"https:\/\/legandgo.com\/es\/shop\/torre-de-aprendizaje\/ultra-slim-helper-tower\/#breadcrumb\",\"itemListElement\":[{\"@type\":\"ListItem\",\"position\":1,\"name\":\"Home\",\"item\":\"https:\/\/legandgo.com\/es\/\"},{\"@type\":\"ListItem\",\"position\":2,\"name\":\"Tienda\",\"item\":\"https:\/\/legandgo.com\/es\/shop\/\"},{\"@type\":\"ListItem\",\"position\":3,\"name\":\"Torre de aprendizaje Montessori abatible\"}]},{\"@type\":\"WebSite\",\"@id\":\"https:\/\/legandgo.com\/es\/#website\",\"url\":\"https:\/\/legandgo.com\/es\/\",\"name\":\"leg&amp;go\",\"description\":\"\",\"publisher\":{\"@id\":\"https:\/\/legandgo.com\/es\/#organization\"},\"potentialAction\":[{\"@type\":\"SearchAction\",\"target\":{\"@type\":\"EntryPoint\",\"urlTemplate\":\"https:\/\/legandgo.com\/es\/?s={search_term_string}\"},\"query-input\":{\"@type\":\"PropertyValueSpecification\",\"valueRequired\":true,\"valueName\":\"search_term_string\"}}],\"inLanguage\":\"es\"},{\"@type\":\"Organization\",\"@id\":\"https:\/\/legandgo.com\/es\/#organization\",\"name\":\"leg&go bike\",\"url\":\"https:\/\/legandgo.com\/es\/\",\"logo\":{\"@type\":\"ImageObject\",\"inLanguage\":\"es\",\"@id\":\"https:\/\/legandgo.com\/es\/#\/schema\/logo\/image\/\",\"url\":\"https:\/\/legandgo.com\/wp-content\/uploads\/2021\/03\/logorf.png\",\"contentUrl\":\"https:\/\/legandgo.com\/wp-content\/uploads\/2021\/03\/logorf.png\",\"width\":675,\"height\":216,\"caption\":\"leg&go bike\"},\"image\":{\"@id\":\"https:\/\/legandgo.com\/es\/#\/schema\/logo\/image\/\"},\"sameAs\":[\"https:\/\/www.facebook.com\/legandgo\",\"https:\/\/www.instagram.com\/legandgo\/\",\"https:\/\/www.linkedin.com\/company\/legandgo\/\",\"https:\/\/www.pinterest.com\/legandgo\/\",\"https:\/\/www.youtube.com\/channel\/UC_FBzWPmKWE0g7fcR4Xdfuw\/\"]}]}<\/script>\n<!-- \/ Yoast SEO plugin. -->","yoast_head_json":{"title":"Torre de aprendizaje plegable ultra delgada para ni\u00f1os","description":"Torre de aprendizaje plegable para ni\u00f1os que ayuda a alcanzar encimeras de forma segura. Dise\u00f1o ultradelgado que se pliega en plano para un f\u00e1cil almacenamiento y se entrega completamente montada.","robots":{"index":"index","follow":"follow","max-snippet":"max-snippet:-1","max-image-preview":"max-image-preview:large","max-video-preview":"max-video-preview:-1"},"canonical":"https:\/\/legandgo.com\/es\/shop\/torre-de-aprendizaje\/ultra-slim-helper-tower\/","og_locale":"es_ES","og_type":"article","og_title":"Torre de aprendizaje plegable ultra delgada para ni\u00f1os","og_description":"Torre de aprendizaje plegable para ni\u00f1os que ayuda a alcanzar encimeras de forma segura. Dise\u00f1o ultradelgado que se pliega en plano para un f\u00e1cil almacenamiento y se entrega completamente montada.","og_url":"https:\/\/legandgo.com\/es\/shop\/torre-de-aprendizaje\/ultra-slim-helper-tower\/","og_site_name":"leg&amp;go","article_publisher":"https:\/\/www.facebook.com\/legandgo","article_modified_time":"2026-02-24T11:44:00+00:00","og_image":[{"width":1434,"height":1434,"url":"https:\/\/legandgo.com\/wp-content\/uploads\/2024\/06\/helper-tower-black.jpg","type":"image\/jpeg"}],"twitter_card":"summary_large_image","schema":{"@context":"https:\/\/schema.org","@graph":[{"@type":"WebPage","@id":"https:\/\/legandgo.com\/es\/shop\/torre-de-aprendizaje\/ultra-slim-helper-tower\/","url":"https:\/\/legandgo.com\/es\/shop\/torre-de-aprendizaje\/ultra-slim-helper-tower\/","name":"Torre de aprendizaje plegable ultra delgada para ni\u00f1os","isPartOf":{"@id":"https:\/\/legandgo.com\/es\/#website"},"primaryImageOfPage":{"@id":"https:\/\/legandgo.com\/es\/shop\/torre-de-aprendizaje\/ultra-slim-helper-tower\/#primaryimage"},"image":{"@id":"https:\/\/legandgo.com\/es\/shop\/torre-de-aprendizaje\/ultra-slim-helper-tower\/#primaryimage"},"thumbnailUrl":"https:\/\/legandgo.com\/wp-content\/uploads\/2024\/06\/helper-tower-black.jpg","datePublished":"2024-06-14T13:39:46+00:00","dateModified":"2026-02-24T11:44:00+00:00","description":"Torre de aprendizaje plegable para ni\u00f1os que ayuda a alcanzar encimeras de forma segura. Dise\u00f1o ultradelgado que se pliega en plano para un f\u00e1cil almacenamiento y se entrega completamente montada.","breadcrumb":{"@id":"https:\/\/legandgo.com\/es\/shop\/torre-de-aprendizaje\/ultra-slim-helper-tower\/#breadcrumb"},"inLanguage":"es","potentialAction":[{"@type":"ReadAction","target":["https:\/\/legandgo.com\/es\/shop\/torre-de-aprendizaje\/ultra-slim-helper-tower\/"]}]},{"@type":"ImageObject","inLanguage":"es","@id":"https:\/\/legandgo.com\/es\/shop\/torre-de-aprendizaje\/ultra-slim-helper-tower\/#primaryimage","url":"https:\/\/legandgo.com\/wp-content\/uploads\/2024\/06\/helper-tower-black.jpg","contentUrl":"https:\/\/legandgo.com\/wp-content\/uploads\/2024\/06\/helper-tower-black.jpg","width":1434,"height":1434},{"@type":"BreadcrumbList","@id":"https:\/\/legandgo.com\/es\/shop\/torre-de-aprendizaje\/ultra-slim-helper-tower\/#breadcrumb","itemListElement":[{"@type":"ListItem","position":1,"name":"Home","item":"https:\/\/legandgo.com\/es\/"},{"@type":"ListItem","position":2,"name":"Tienda","item":"https:\/\/legandgo.com\/es\/shop\/"},{"@type":"ListItem","position":3,"name":"Torre de aprendizaje Montessori abatible"}]},{"@type":"WebSite","@id":"https:\/\/legandgo.com\/es\/#website","url":"https:\/\/legandgo.com\/es\/","name":"leg&amp;go","description":"","publisher":{"@id":"https:\/\/legandgo.com\/es\/#organization"},"potentialAction":[{"@type":"SearchAction","target":{"@type":"EntryPoint","urlTemplate":"https:\/\/legandgo.com\/es\/?s={search_term_string}"},"query-input":{"@type":"PropertyValueSpecification","valueRequired":true,"valueName":"search_term_string"}}],"inLanguage":"es"},{"@type":"Organization","@id":"https:\/\/legandgo.com\/es\/#organization","name":"leg&go bike","url":"https:\/\/legandgo.com\/es\/","logo":{"@type":"ImageObject","inLanguage":"es","@id":"https:\/\/legandgo.com\/es\/#\/schema\/logo\/image\/","url":"https:\/\/legandgo.com\/wp-content\/uploads\/2021\/03\/logorf.png","contentUrl":"https:\/\/legandgo.com\/wp-content\/uploads\/2021\/03\/logorf.png","width":675,"height":216,"caption":"leg&go bike"},"image":{"@id":"https:\/\/legandgo.com\/es\/#\/schema\/logo\/image\/"},"sameAs":["https:\/\/www.facebook.com\/legandgo","https:\/\/www.instagram.com\/legandgo\/","https:\/\/www.linkedin.com\/company\/legandgo\/","https:\/\/www.pinterest.com\/legandgo\/","https:\/\/www.youtube.com\/channel\/UC_FBzWPmKWE0g7fcR4Xdfuw\/"]}]}},"_links":{"self":[{"href":"https:\/\/legandgo.com\/es\/wp-json\/wp\/v2\/product\/25981","targetHints":{"allow":["GET"]}}],"collection":[{"href":"https:\/\/legandgo.com\/es\/wp-json\/wp\/v2\/product"}],"about":[{"href":"https:\/\/legandgo.com\/es\/wp-json\/wp\/v2\/types\/product"}],"replies":[{"embeddable":true,"href":"https:\/\/legandgo.com\/es\/wp-json\/wp\/v2\/comments?post=25981"}],"version-history":[{"count":14,"href":"https:\/\/legandgo.com\/es\/wp-json\/wp\/v2\/product\/25981\/revisions"}],"predecessor-version":[{"id":53255,"href":"https:\/\/legandgo.com\/es\/wp-json\/wp\/v2\/product\/25981\/revisions\/53255"}],"wp:featuredmedia":[{"embeddable":true,"href":"https:\/\/legandgo.com\/es\/wp-json\/wp\/v2\/media\/41716"}],"wp:attachment":[{"href":"https:\/\/legandgo.com\/es\/wp-json\/wp\/v2\/media?parent=25981"}],"wp:term":[{"taxonomy":"product_brand","embeddable":true,"href":"https:\/\/legandgo.com\/es\/wp-json\/wp\/v2\/product_brand?post=25981"},{"taxonomy":"product_cat","embeddable":true,"href":"https:\/\/legandgo.com\/es\/wp-json\/wp\/v2\/product_cat?post=25981"},{"taxonomy":"product_tag","embeddable":true,"href":"https:\/\/legandgo.com\/es\/wp-json\/wp\/v2\/product_tag?post=25981"}],"curies":[{"name":"wp","href":"https:\/\/api.w.org\/{rel}","templated":true}]}}