{"id":42077,"date":"2025-08-18T09:57:54","date_gmt":"2025-08-18T07:57:54","guid":{"rendered":"https:\/\/legandgo.com\/shop\/sin%20categor\u00eda\/torre-de-aprendizaje-plegable-con-barandilla-extraible\/"},"modified":"2026-03-31T12:12:05","modified_gmt":"2026-03-31T10:12:05","slug":"torre-de-aprendizaje-plegable-con-barandilla-extraible","status":"publish","type":"product","link":"https:\/\/legandgo.com\/es\/shop\/torre-de-aprendizaje\/torre-de-aprendizaje-plegable-con-barandilla-extraible\/","title":{"rendered":"Torre de aprendizaje plegable con barandilla extra\u00edble"},"content":{"rendered":"<p><span style=\"font-weight: 400;\">Torre de aprendizaje plegable, dise\u00f1ada para ayudar a los ni\u00f1os y hacerle la vida m\u00e1s f\u00e1cil. Esta torre auxiliar ayuda a los ni\u00f1os a alcanzar encimeras, fregaderos y otros lugares con mayor facilidad, haci\u00e9ndoles sentir parte de las actividades diarias. <\/span><\/p>\n","protected":false},"excerpt":{"rendered":"<p>Torre de aprendizaje plegable, dise\u00f1ada para ayudar a los ni\u00f1os y hacerle la vida m\u00e1s f\u00e1cil. Esta torre auxiliar ayuda a los ni\u00f1os a alcanzar encimeras, fregaderos y otros lugares con mayor facilidad, haci\u00e9ndoles sentir parte de las actividades diarias.<\/p>\n","protected":false},"featured_media":47889,"comment_status":"closed","ping_status":"closed","template":"","meta":{"_acf_changed":false,"inline_featured_image":false,"footnotes":""},"product_brand":[],"product_cat":[1317,440],"product_tag":[947,941,928,932,931,933,930,1744,949,926,951,946,945,936,939,934,935,929,943,942,950,937,944,938,927,948,1745,940],"class_list":{"0":"post-42077","1":"product","2":"type-product","3":"status-publish","4":"has-post-thumbnail","6":"product_cat-muebles","7":"product_cat-torre-de-aprendizaje","8":"product_tag-ayudante-de-cocina-plegable","9":"product_tag-ayudante-de-torre-de-cocina","10":"product_tag-taburete-de-cocina","11":"product_tag-taburete-de-cocina-step","12":"product_tag-taburete-de-cocina-taburete-escalonado","13":"product_tag-taburete-en-la-cocina","14":"product_tag-taburete-peldanos-para-cocina","15":"product_tag-torre-auxiliar","16":"product_tag-torre-cocina-infantil","17":"product_tag-torre-de-aprendizaje","18":"product_tag-torre-de-aprendizaje-ajustable","19":"product_tag-torre-de-aprendizaje-convertible","20":"product_tag-torre-de-aprendizaje-montessori","21":"product_tag-torre-de-aprendizaje-plegable-es-2","22":"product_tag-torre-de-aprendizaje-plegable-es-3","23":"product_tag-torre-de-aprendizaje-plegable","24":"product_tag-torre-de-aprendizaje-plegable-es","25":"product_tag-torre-de-ayudantes-de-cocina","26":"product_tag-torre-de-cocina-nino-pequeno","27":"product_tag-torre-de-cocina-plegable","28":"product_tag-torre-de-observacion-infantil","29":"product_tag-torre-de-observacion-montessori","30":"product_tag-torre-montessori-es","31":"product_tag-torre-montessori-plegable","32":"product_tag-torre-para-ninos-pequenos","33":"product_tag-torre-plegable","34":"product_tag-torre-plegable-para-ninos-pequenos-2","35":"product_tag-torre-plegable-para-ninos-pequenos","36":"product_shipping_class-learning-tower-shipping-es","37":"pa_color-madera-natural","38":"pa_color-blanco","39":"pa_color-gris","40":"pa_color-negro","42":"first","43":"instock","44":"sale","45":"purchasable","46":"product-type-variable","47":"has-default-attributes"},"bundled_by":[],"bundle_stock_status":"instock","bundle_stock_quantity":null,"bundle_virtual":false,"bundle_layout":"","bundle_add_to_cart_form_location":"","bundle_editable_in_cart":false,"bundle_sold_individually_context":"","bundle_item_grouping":"","bundle_min_size":"","bundle_max_size":"","bundle_price":[],"bundled_items":[],"bundle_sell_ids":[],"acf":[],"yoast_head":"<!-- This site is optimized with the Yoast SEO plugin v25.9 - https:\/\/yoast.com\/wordpress\/plugins\/seo\/ -->\n<title>Torre de aprendizaje plegable con barandilla extra\u00edble &#183; leg&amp;go<\/title>\n<meta name=\"description\" content=\"Torre de aprendizaje plegable que ayuda a los ni\u00f1os a alcanzar encimeras y fregaderos de forma segura. Totalmente montada, compacta y con barandilla extra\u00edble.\" \/>\n<meta name=\"robots\" content=\"index, follow, max-snippet:-1, max-image-preview:large, max-video-preview:-1\" \/>\n<link rel=\"canonical\" href=\"https:\/\/legandgo.com\/es\/shop\/torre-de-aprendizaje\/torre-de-aprendizaje-plegable-con-barandilla-extraible\/\" \/>\n<meta property=\"og:locale\" content=\"es_ES\" \/>\n<meta property=\"og:type\" content=\"article\" \/>\n<meta property=\"og:title\" content=\"Torre de aprendizaje plegable con barandilla extra\u00edble &#183; leg&amp;go\" \/>\n<meta property=\"og:description\" content=\"Torre de aprendizaje plegable que ayuda a los ni\u00f1os a alcanzar encimeras y fregaderos de forma segura. Totalmente montada, compacta y con barandilla extra\u00edble.\" \/>\n<meta property=\"og:url\" content=\"https:\/\/legandgo.com\/es\/shop\/torre-de-aprendizaje\/torre-de-aprendizaje-plegable-con-barandilla-extraible\/\" \/>\n<meta property=\"og:site_name\" content=\"leg&amp;go\" \/>\n<meta property=\"article:publisher\" content=\"https:\/\/www.facebook.com\/legandgo\" \/>\n<meta property=\"article:modified_time\" content=\"2026-03-31T10:12:05+00:00\" \/>\n<meta property=\"og:image\" content=\"https:\/\/legandgo.com\/wp-content\/uploads\/2025\/08\/HTF-04-NT-scaled.jpg\" \/>\n\t<meta property=\"og:image:width\" content=\"2560\" \/>\n\t<meta property=\"og:image:height\" content=\"2560\" \/>\n\t<meta property=\"og:image:type\" content=\"image\/jpeg\" \/>\n<meta name=\"twitter:card\" content=\"summary_large_image\" \/>\n<script type=\"application\/ld+json\" class=\"yoast-schema-graph\">{\"@context\":\"https:\/\/schema.org\",\"@graph\":[{\"@type\":\"WebPage\",\"@id\":\"https:\/\/legandgo.com\/es\/shop\/torre-de-aprendizaje\/torre-de-aprendizaje-plegable-con-barandilla-extraible\/\",\"url\":\"https:\/\/legandgo.com\/es\/shop\/torre-de-aprendizaje\/torre-de-aprendizaje-plegable-con-barandilla-extraible\/\",\"name\":\"Torre de aprendizaje plegable con barandilla extra\u00edble &#183; leg&amp;go\",\"isPartOf\":{\"@id\":\"https:\/\/legandgo.com\/es\/#website\"},\"primaryImageOfPage\":{\"@id\":\"https:\/\/legandgo.com\/es\/shop\/torre-de-aprendizaje\/torre-de-aprendizaje-plegable-con-barandilla-extraible\/#primaryimage\"},\"image\":{\"@id\":\"https:\/\/legandgo.com\/es\/shop\/torre-de-aprendizaje\/torre-de-aprendizaje-plegable-con-barandilla-extraible\/#primaryimage\"},\"thumbnailUrl\":\"https:\/\/legandgo.com\/wp-content\/uploads\/2025\/08\/HTF-04-NT-scaled.jpg\",\"datePublished\":\"2025-08-18T07:57:54+00:00\",\"dateModified\":\"2026-03-31T10:12:05+00:00\",\"description\":\"Torre de aprendizaje plegable que ayuda a los ni\u00f1os a alcanzar encimeras y fregaderos de forma segura. Totalmente montada, compacta y con barandilla extra\u00edble.\",\"breadcrumb\":{\"@id\":\"https:\/\/legandgo.com\/es\/shop\/torre-de-aprendizaje\/torre-de-aprendizaje-plegable-con-barandilla-extraible\/#breadcrumb\"},\"inLanguage\":\"es\",\"potentialAction\":[{\"@type\":\"ReadAction\",\"target\":[\"https:\/\/legandgo.com\/es\/shop\/torre-de-aprendizaje\/torre-de-aprendizaje-plegable-con-barandilla-extraible\/\"]}]},{\"@type\":\"ImageObject\",\"inLanguage\":\"es\",\"@id\":\"https:\/\/legandgo.com\/es\/shop\/torre-de-aprendizaje\/torre-de-aprendizaje-plegable-con-barandilla-extraible\/#primaryimage\",\"url\":\"https:\/\/legandgo.com\/wp-content\/uploads\/2025\/08\/HTF-04-NT-scaled.jpg\",\"contentUrl\":\"https:\/\/legandgo.com\/wp-content\/uploads\/2025\/08\/HTF-04-NT-scaled.jpg\",\"width\":2560,\"height\":2560},{\"@type\":\"BreadcrumbList\",\"@id\":\"https:\/\/legandgo.com\/es\/shop\/torre-de-aprendizaje\/torre-de-aprendizaje-plegable-con-barandilla-extraible\/#breadcrumb\",\"itemListElement\":[{\"@type\":\"ListItem\",\"position\":1,\"name\":\"Home\",\"item\":\"https:\/\/legandgo.com\/es\/\"},{\"@type\":\"ListItem\",\"position\":2,\"name\":\"Tienda\",\"item\":\"https:\/\/legandgo.com\/es\/shop\/\"},{\"@type\":\"ListItem\",\"position\":3,\"name\":\"Torre de aprendizaje plegable con barandilla extra\u00edble\"}]},{\"@type\":\"WebSite\",\"@id\":\"https:\/\/legandgo.com\/es\/#website\",\"url\":\"https:\/\/legandgo.com\/es\/\",\"name\":\"leg&amp;go\",\"description\":\"\",\"publisher\":{\"@id\":\"https:\/\/legandgo.com\/es\/#organization\"},\"potentialAction\":[{\"@type\":\"SearchAction\",\"target\":{\"@type\":\"EntryPoint\",\"urlTemplate\":\"https:\/\/legandgo.com\/es\/?s={search_term_string}\"},\"query-input\":{\"@type\":\"PropertyValueSpecification\",\"valueRequired\":true,\"valueName\":\"search_term_string\"}}],\"inLanguage\":\"es\"},{\"@type\":\"Organization\",\"@id\":\"https:\/\/legandgo.com\/es\/#organization\",\"name\":\"leg&go bike\",\"url\":\"https:\/\/legandgo.com\/es\/\",\"logo\":{\"@type\":\"ImageObject\",\"inLanguage\":\"es\",\"@id\":\"https:\/\/legandgo.com\/es\/#\/schema\/logo\/image\/\",\"url\":\"https:\/\/legandgo.com\/wp-content\/uploads\/2021\/03\/logorf.png\",\"contentUrl\":\"https:\/\/legandgo.com\/wp-content\/uploads\/2021\/03\/logorf.png\",\"width\":675,\"height\":216,\"caption\":\"leg&go bike\"},\"image\":{\"@id\":\"https:\/\/legandgo.com\/es\/#\/schema\/logo\/image\/\"},\"sameAs\":[\"https:\/\/www.facebook.com\/legandgo\",\"https:\/\/www.instagram.com\/legandgo\/\",\"https:\/\/www.linkedin.com\/company\/legandgo\/\",\"https:\/\/www.pinterest.com\/legandgo\/\",\"https:\/\/www.youtube.com\/channel\/UC_FBzWPmKWE0g7fcR4Xdfuw\/\"]}]}<\/script>\n<!-- \/ Yoast SEO plugin. -->","yoast_head_json":{"title":"Torre de aprendizaje plegable con barandilla extra\u00edble &#183; leg&amp;go","description":"Torre de aprendizaje plegable que ayuda a los ni\u00f1os a alcanzar encimeras y fregaderos de forma segura. Totalmente montada, compacta y con barandilla extra\u00edble.","robots":{"index":"index","follow":"follow","max-snippet":"max-snippet:-1","max-image-preview":"max-image-preview:large","max-video-preview":"max-video-preview:-1"},"canonical":"https:\/\/legandgo.com\/es\/shop\/torre-de-aprendizaje\/torre-de-aprendizaje-plegable-con-barandilla-extraible\/","og_locale":"es_ES","og_type":"article","og_title":"Torre de aprendizaje plegable con barandilla extra\u00edble &#183; leg&amp;go","og_description":"Torre de aprendizaje plegable que ayuda a los ni\u00f1os a alcanzar encimeras y fregaderos de forma segura. Totalmente montada, compacta y con barandilla extra\u00edble.","og_url":"https:\/\/legandgo.com\/es\/shop\/torre-de-aprendizaje\/torre-de-aprendizaje-plegable-con-barandilla-extraible\/","og_site_name":"leg&amp;go","article_publisher":"https:\/\/www.facebook.com\/legandgo","article_modified_time":"2026-03-31T10:12:05+00:00","og_image":[{"width":2560,"height":2560,"url":"https:\/\/legandgo.com\/wp-content\/uploads\/2025\/08\/HTF-04-NT-scaled.jpg","type":"image\/jpeg"}],"twitter_card":"summary_large_image","schema":{"@context":"https:\/\/schema.org","@graph":[{"@type":"WebPage","@id":"https:\/\/legandgo.com\/es\/shop\/torre-de-aprendizaje\/torre-de-aprendizaje-plegable-con-barandilla-extraible\/","url":"https:\/\/legandgo.com\/es\/shop\/torre-de-aprendizaje\/torre-de-aprendizaje-plegable-con-barandilla-extraible\/","name":"Torre de aprendizaje plegable con barandilla extra\u00edble &#183; leg&amp;go","isPartOf":{"@id":"https:\/\/legandgo.com\/es\/#website"},"primaryImageOfPage":{"@id":"https:\/\/legandgo.com\/es\/shop\/torre-de-aprendizaje\/torre-de-aprendizaje-plegable-con-barandilla-extraible\/#primaryimage"},"image":{"@id":"https:\/\/legandgo.com\/es\/shop\/torre-de-aprendizaje\/torre-de-aprendizaje-plegable-con-barandilla-extraible\/#primaryimage"},"thumbnailUrl":"https:\/\/legandgo.com\/wp-content\/uploads\/2025\/08\/HTF-04-NT-scaled.jpg","datePublished":"2025-08-18T07:57:54+00:00","dateModified":"2026-03-31T10:12:05+00:00","description":"Torre de aprendizaje plegable que ayuda a los ni\u00f1os a alcanzar encimeras y fregaderos de forma segura. Totalmente montada, compacta y con barandilla extra\u00edble.","breadcrumb":{"@id":"https:\/\/legandgo.com\/es\/shop\/torre-de-aprendizaje\/torre-de-aprendizaje-plegable-con-barandilla-extraible\/#breadcrumb"},"inLanguage":"es","potentialAction":[{"@type":"ReadAction","target":["https:\/\/legandgo.com\/es\/shop\/torre-de-aprendizaje\/torre-de-aprendizaje-plegable-con-barandilla-extraible\/"]}]},{"@type":"ImageObject","inLanguage":"es","@id":"https:\/\/legandgo.com\/es\/shop\/torre-de-aprendizaje\/torre-de-aprendizaje-plegable-con-barandilla-extraible\/#primaryimage","url":"https:\/\/legandgo.com\/wp-content\/uploads\/2025\/08\/HTF-04-NT-scaled.jpg","contentUrl":"https:\/\/legandgo.com\/wp-content\/uploads\/2025\/08\/HTF-04-NT-scaled.jpg","width":2560,"height":2560},{"@type":"BreadcrumbList","@id":"https:\/\/legandgo.com\/es\/shop\/torre-de-aprendizaje\/torre-de-aprendizaje-plegable-con-barandilla-extraible\/#breadcrumb","itemListElement":[{"@type":"ListItem","position":1,"name":"Home","item":"https:\/\/legandgo.com\/es\/"},{"@type":"ListItem","position":2,"name":"Tienda","item":"https:\/\/legandgo.com\/es\/shop\/"},{"@type":"ListItem","position":3,"name":"Torre de aprendizaje plegable con barandilla extra\u00edble"}]},{"@type":"WebSite","@id":"https:\/\/legandgo.com\/es\/#website","url":"https:\/\/legandgo.com\/es\/","name":"leg&amp;go","description":"","publisher":{"@id":"https:\/\/legandgo.com\/es\/#organization"},"potentialAction":[{"@type":"SearchAction","target":{"@type":"EntryPoint","urlTemplate":"https:\/\/legandgo.com\/es\/?s={search_term_string}"},"query-input":{"@type":"PropertyValueSpecification","valueRequired":true,"valueName":"search_term_string"}}],"inLanguage":"es"},{"@type":"Organization","@id":"https:\/\/legandgo.com\/es\/#organization","name":"leg&go bike","url":"https:\/\/legandgo.com\/es\/","logo":{"@type":"ImageObject","inLanguage":"es","@id":"https:\/\/legandgo.com\/es\/#\/schema\/logo\/image\/","url":"https:\/\/legandgo.com\/wp-content\/uploads\/2021\/03\/logorf.png","contentUrl":"https:\/\/legandgo.com\/wp-content\/uploads\/2021\/03\/logorf.png","width":675,"height":216,"caption":"leg&go bike"},"image":{"@id":"https:\/\/legandgo.com\/es\/#\/schema\/logo\/image\/"},"sameAs":["https:\/\/www.facebook.com\/legandgo","https:\/\/www.instagram.com\/legandgo\/","https:\/\/www.linkedin.com\/company\/legandgo\/","https:\/\/www.pinterest.com\/legandgo\/","https:\/\/www.youtube.com\/channel\/UC_FBzWPmKWE0g7fcR4Xdfuw\/"]}]}},"_links":{"self":[{"href":"https:\/\/legandgo.com\/es\/wp-json\/wp\/v2\/product\/42077","targetHints":{"allow":["GET"]}}],"collection":[{"href":"https:\/\/legandgo.com\/es\/wp-json\/wp\/v2\/product"}],"about":[{"href":"https:\/\/legandgo.com\/es\/wp-json\/wp\/v2\/types\/product"}],"replies":[{"embeddable":true,"href":"https:\/\/legandgo.com\/es\/wp-json\/wp\/v2\/comments?post=42077"}],"version-history":[{"count":7,"href":"https:\/\/legandgo.com\/es\/wp-json\/wp\/v2\/product\/42077\/revisions"}],"predecessor-version":[{"id":50724,"href":"https:\/\/legandgo.com\/es\/wp-json\/wp\/v2\/product\/42077\/revisions\/50724"}],"wp:featuredmedia":[{"embeddable":true,"href":"https:\/\/legandgo.com\/es\/wp-json\/wp\/v2\/media\/47889"}],"wp:attachment":[{"href":"https:\/\/legandgo.com\/es\/wp-json\/wp\/v2\/media?parent=42077"}],"wp:term":[{"taxonomy":"product_brand","embeddable":true,"href":"https:\/\/legandgo.com\/es\/wp-json\/wp\/v2\/product_brand?post=42077"},{"taxonomy":"product_cat","embeddable":true,"href":"https:\/\/legandgo.com\/es\/wp-json\/wp\/v2\/product_cat?post=42077"},{"taxonomy":"product_tag","embeddable":true,"href":"https:\/\/legandgo.com\/es\/wp-json\/wp\/v2\/product_tag?post=42077"}],"curies":[{"name":"wp","href":"https:\/\/api.w.org\/{rel}","templated":true}]}}