{"id":42445,"date":"2021-02-08T13:36:07","date_gmt":"2021-02-08T13:36:07","guid":{"rendered":"https:\/\/legandgo.com\/shop\/sin%20categor\u00eda\/tabla-de-equilibrio-con-base-de-fieltro-gris\/"},"modified":"2026-04-09T10:40:46","modified_gmt":"2026-04-09T08:40:46","slug":"felt-base-balance-board","status":"publish","type":"product","link":"https:\/\/legandgo.com\/es\/shop\/plancha-de-equilibrio\/felt-base-balance-board\/","title":{"rendered":"Tabla de Equilibrio con Base de Fieltro"},"content":{"rendered":"<p>Donde el movimiento se encuentra con la imaginaci\u00f3n.<\/p>\n<p>Nuestra tabla de equilibrio de madera con base de fieltro invita al movimiento l\u00fadico en la vida diaria mientras protege tus suelos con una capa suave y de apoyo.<\/p>\n<p>Balancearse, girar, mantener el equilibrio, estirarse \u2014 no existe una \u00fanica forma de usarla. Lo que comienza como un juego se convierte r\u00e1pidamente en una poderosa herramienta para desarrollar la coordinaci\u00f3n, la fuerza, la creatividad y la confianza.<\/p>\n<p>Dise\u00f1ada para todas las edades, crece junto a tu familia, fomentando el movimiento activo desde la primera infancia hasta la edad adulta.<\/p>\n<p><strong>Explora m\u00e1s abajo.<\/strong><\/p>\n","protected":false},"excerpt":{"rendered":"<p>Donde el movimiento se encuentra con la imaginaci\u00f3n. Nuestra tabla de equilibrio de madera con base de fieltro invita al movimiento l\u00fadico en la vida diaria mientras protege tus suelos con una capa suave y de apoyo. Balancearse, girar, mantener el equilibrio, estirarse \u2014 no existe una \u00fanica forma de usarla. Lo que comienza como<a class=\"excerpt-read-more\" href=\"https:\/\/legandgo.com\/es\/shop\/plancha-de-equilibrio\/felt-base-balance-board\/\" title=\"ReadTabla de Equilibrio con Base de Fieltro\">&#8230; Read more &raquo;<\/a><\/p>\n","protected":false},"featured_media":48799,"comment_status":"closed","ping_status":"closed","template":"","meta":{"_acf_changed":false,"inline_featured_image":false,"footnotes":""},"product_brand":[],"product_cat":[954,1321],"product_tag":[1729,1721,1725,1717,1713,955],"class_list":{"0":"post-42445","1":"product","2":"type-product","3":"status-publish","4":"has-post-thumbnail","6":"product_cat-plancha-de-equilibrio","7":"product_cat-categoria-de-juguete","8":"product_tag-leg-go-2","9":"product_tag-leg-and-go","10":"product_tag-leg-go","11":"product_tag-leggo","12":"product_tag-legandgo","13":"product_tag-tablero-de-equilibrio","14":"product_shipping_class-bike-shipping-es","16":"first","17":"instock","18":"sale","19":"purchasable","20":"product-type-variable","21":"has-default-attributes"},"bundled_by":[],"bundle_stock_status":"instock","bundle_stock_quantity":null,"bundle_virtual":false,"bundle_layout":"","bundle_add_to_cart_form_location":"","bundle_editable_in_cart":false,"bundle_sold_individually_context":"","bundle_item_grouping":"","bundle_min_size":"","bundle_max_size":"","bundle_price":[],"bundled_items":[],"bundle_sell_ids":[],"acf":[],"yoast_head":"<!-- This site is optimized with the Yoast SEO plugin v25.9 - https:\/\/yoast.com\/wordpress\/plugins\/seo\/ -->\n<title>Tabla de Equilibrio con Base de Fieltro &#183; leg&amp;go<\/title>\n<meta name=\"description\" content=\"Tabla de equilibrio Leg&amp;Go con base de fieltro, fabricada en madera natural para fomentar el equilibrio, el movimiento y la creatividad mientras protege tus suelos.\" \/>\n<meta name=\"robots\" content=\"index, follow, max-snippet:-1, max-image-preview:large, max-video-preview:-1\" \/>\n<link rel=\"canonical\" href=\"https:\/\/legandgo.com\/es\/shop\/plancha-de-equilibrio\/felt-base-balance-board\/\" \/>\n<meta property=\"og:locale\" content=\"es_ES\" \/>\n<meta property=\"og:type\" content=\"article\" \/>\n<meta property=\"og:title\" content=\"Tabla de Equilibrio con Base de Fieltro &#183; leg&amp;go\" \/>\n<meta property=\"og:description\" content=\"Tabla de equilibrio Leg&amp;Go con base de fieltro, fabricada en madera natural para fomentar el equilibrio, el movimiento y la creatividad mientras protege tus suelos.\" \/>\n<meta property=\"og:url\" content=\"https:\/\/legandgo.com\/es\/shop\/plancha-de-equilibrio\/felt-base-balance-board\/\" \/>\n<meta property=\"og:site_name\" content=\"leg&amp;go\" \/>\n<meta property=\"article:publisher\" content=\"https:\/\/www.facebook.com\/legandgo\" \/>\n<meta property=\"article:modified_time\" content=\"2026-04-09T08:40:46+00:00\" \/>\n<meta property=\"og:image\" content=\"https:\/\/legandgo.com\/wp-content\/uploads\/2021\/02\/Balance-Board-with-a-Gray-Felt-Bottom-scaled.jpg\" \/>\n\t<meta property=\"og:image:width\" content=\"2560\" \/>\n\t<meta property=\"og:image:height\" content=\"2560\" \/>\n\t<meta property=\"og:image:type\" content=\"image\/jpeg\" \/>\n<meta name=\"twitter:card\" content=\"summary_large_image\" \/>\n<meta name=\"twitter:label1\" content=\"Est. reading time\" \/>\n\t<meta name=\"twitter:data1\" content=\"1 minuto\" \/>\n<script type=\"application\/ld+json\" class=\"yoast-schema-graph\">{\"@context\":\"https:\/\/schema.org\",\"@graph\":[{\"@type\":\"WebPage\",\"@id\":\"https:\/\/legandgo.com\/es\/shop\/plancha-de-equilibrio\/felt-base-balance-board\/\",\"url\":\"https:\/\/legandgo.com\/es\/shop\/plancha-de-equilibrio\/felt-base-balance-board\/\",\"name\":\"Tabla de Equilibrio con Base de Fieltro &#183; leg&amp;go\",\"isPartOf\":{\"@id\":\"https:\/\/legandgo.com\/es\/#website\"},\"primaryImageOfPage\":{\"@id\":\"https:\/\/legandgo.com\/es\/shop\/plancha-de-equilibrio\/felt-base-balance-board\/#primaryimage\"},\"image\":{\"@id\":\"https:\/\/legandgo.com\/es\/shop\/plancha-de-equilibrio\/felt-base-balance-board\/#primaryimage\"},\"thumbnailUrl\":\"https:\/\/legandgo.com\/wp-content\/uploads\/2021\/02\/Balance-Board-with-a-Gray-Felt-Bottom-scaled.jpg\",\"datePublished\":\"2021-02-08T13:36:07+00:00\",\"dateModified\":\"2026-04-09T08:40:46+00:00\",\"description\":\"Tabla de equilibrio Leg&Go con base de fieltro, fabricada en madera natural para fomentar el equilibrio, el movimiento y la creatividad mientras protege tus suelos.\",\"breadcrumb\":{\"@id\":\"https:\/\/legandgo.com\/es\/shop\/plancha-de-equilibrio\/felt-base-balance-board\/#breadcrumb\"},\"inLanguage\":\"es\",\"potentialAction\":[{\"@type\":\"ReadAction\",\"target\":[\"https:\/\/legandgo.com\/es\/shop\/plancha-de-equilibrio\/felt-base-balance-board\/\"]}]},{\"@type\":\"ImageObject\",\"inLanguage\":\"es\",\"@id\":\"https:\/\/legandgo.com\/es\/shop\/plancha-de-equilibrio\/felt-base-balance-board\/#primaryimage\",\"url\":\"https:\/\/legandgo.com\/wp-content\/uploads\/2021\/02\/Balance-Board-with-a-Gray-Felt-Bottom-scaled.jpg\",\"contentUrl\":\"https:\/\/legandgo.com\/wp-content\/uploads\/2021\/02\/Balance-Board-with-a-Gray-Felt-Bottom-scaled.jpg\",\"width\":2560,\"height\":2560},{\"@type\":\"BreadcrumbList\",\"@id\":\"https:\/\/legandgo.com\/es\/shop\/plancha-de-equilibrio\/felt-base-balance-board\/#breadcrumb\",\"itemListElement\":[{\"@type\":\"ListItem\",\"position\":1,\"name\":\"Home\",\"item\":\"https:\/\/legandgo.com\/es\/\"},{\"@type\":\"ListItem\",\"position\":2,\"name\":\"Tienda\",\"item\":\"https:\/\/legandgo.com\/es\/shop\/\"},{\"@type\":\"ListItem\",\"position\":3,\"name\":\"Tabla de Equilibrio con Base de Fieltro\"}]},{\"@type\":\"WebSite\",\"@id\":\"https:\/\/legandgo.com\/es\/#website\",\"url\":\"https:\/\/legandgo.com\/es\/\",\"name\":\"leg&amp;go\",\"description\":\"\",\"publisher\":{\"@id\":\"https:\/\/legandgo.com\/es\/#organization\"},\"potentialAction\":[{\"@type\":\"SearchAction\",\"target\":{\"@type\":\"EntryPoint\",\"urlTemplate\":\"https:\/\/legandgo.com\/es\/?s={search_term_string}\"},\"query-input\":{\"@type\":\"PropertyValueSpecification\",\"valueRequired\":true,\"valueName\":\"search_term_string\"}}],\"inLanguage\":\"es\"},{\"@type\":\"Organization\",\"@id\":\"https:\/\/legandgo.com\/es\/#organization\",\"name\":\"leg&go bike\",\"url\":\"https:\/\/legandgo.com\/es\/\",\"logo\":{\"@type\":\"ImageObject\",\"inLanguage\":\"es\",\"@id\":\"https:\/\/legandgo.com\/es\/#\/schema\/logo\/image\/\",\"url\":\"https:\/\/legandgo.com\/wp-content\/uploads\/2021\/03\/logorf.png\",\"contentUrl\":\"https:\/\/legandgo.com\/wp-content\/uploads\/2021\/03\/logorf.png\",\"width\":675,\"height\":216,\"caption\":\"leg&go bike\"},\"image\":{\"@id\":\"https:\/\/legandgo.com\/es\/#\/schema\/logo\/image\/\"},\"sameAs\":[\"https:\/\/www.facebook.com\/legandgo\",\"https:\/\/www.instagram.com\/legandgo\/\",\"https:\/\/www.linkedin.com\/company\/legandgo\/\",\"https:\/\/www.pinterest.com\/legandgo\/\",\"https:\/\/www.youtube.com\/channel\/UC_FBzWPmKWE0g7fcR4Xdfuw\/\"]}]}<\/script>\n<!-- \/ Yoast SEO plugin. -->","yoast_head_json":{"title":"Tabla de Equilibrio con Base de Fieltro &#183; leg&amp;go","description":"Tabla de equilibrio Leg&Go con base de fieltro, fabricada en madera natural para fomentar el equilibrio, el movimiento y la creatividad mientras protege tus suelos.","robots":{"index":"index","follow":"follow","max-snippet":"max-snippet:-1","max-image-preview":"max-image-preview:large","max-video-preview":"max-video-preview:-1"},"canonical":"https:\/\/legandgo.com\/es\/shop\/plancha-de-equilibrio\/felt-base-balance-board\/","og_locale":"es_ES","og_type":"article","og_title":"Tabla de Equilibrio con Base de Fieltro &#183; leg&amp;go","og_description":"Tabla de equilibrio Leg&Go con base de fieltro, fabricada en madera natural para fomentar el equilibrio, el movimiento y la creatividad mientras protege tus suelos.","og_url":"https:\/\/legandgo.com\/es\/shop\/plancha-de-equilibrio\/felt-base-balance-board\/","og_site_name":"leg&amp;go","article_publisher":"https:\/\/www.facebook.com\/legandgo","article_modified_time":"2026-04-09T08:40:46+00:00","og_image":[{"width":2560,"height":2560,"url":"https:\/\/legandgo.com\/wp-content\/uploads\/2021\/02\/Balance-Board-with-a-Gray-Felt-Bottom-scaled.jpg","type":"image\/jpeg"}],"twitter_card":"summary_large_image","twitter_misc":{"Est. reading time":"1 minuto"},"schema":{"@context":"https:\/\/schema.org","@graph":[{"@type":"WebPage","@id":"https:\/\/legandgo.com\/es\/shop\/plancha-de-equilibrio\/felt-base-balance-board\/","url":"https:\/\/legandgo.com\/es\/shop\/plancha-de-equilibrio\/felt-base-balance-board\/","name":"Tabla de Equilibrio con Base de Fieltro &#183; leg&amp;go","isPartOf":{"@id":"https:\/\/legandgo.com\/es\/#website"},"primaryImageOfPage":{"@id":"https:\/\/legandgo.com\/es\/shop\/plancha-de-equilibrio\/felt-base-balance-board\/#primaryimage"},"image":{"@id":"https:\/\/legandgo.com\/es\/shop\/plancha-de-equilibrio\/felt-base-balance-board\/#primaryimage"},"thumbnailUrl":"https:\/\/legandgo.com\/wp-content\/uploads\/2021\/02\/Balance-Board-with-a-Gray-Felt-Bottom-scaled.jpg","datePublished":"2021-02-08T13:36:07+00:00","dateModified":"2026-04-09T08:40:46+00:00","description":"Tabla de equilibrio Leg&Go con base de fieltro, fabricada en madera natural para fomentar el equilibrio, el movimiento y la creatividad mientras protege tus suelos.","breadcrumb":{"@id":"https:\/\/legandgo.com\/es\/shop\/plancha-de-equilibrio\/felt-base-balance-board\/#breadcrumb"},"inLanguage":"es","potentialAction":[{"@type":"ReadAction","target":["https:\/\/legandgo.com\/es\/shop\/plancha-de-equilibrio\/felt-base-balance-board\/"]}]},{"@type":"ImageObject","inLanguage":"es","@id":"https:\/\/legandgo.com\/es\/shop\/plancha-de-equilibrio\/felt-base-balance-board\/#primaryimage","url":"https:\/\/legandgo.com\/wp-content\/uploads\/2021\/02\/Balance-Board-with-a-Gray-Felt-Bottom-scaled.jpg","contentUrl":"https:\/\/legandgo.com\/wp-content\/uploads\/2021\/02\/Balance-Board-with-a-Gray-Felt-Bottom-scaled.jpg","width":2560,"height":2560},{"@type":"BreadcrumbList","@id":"https:\/\/legandgo.com\/es\/shop\/plancha-de-equilibrio\/felt-base-balance-board\/#breadcrumb","itemListElement":[{"@type":"ListItem","position":1,"name":"Home","item":"https:\/\/legandgo.com\/es\/"},{"@type":"ListItem","position":2,"name":"Tienda","item":"https:\/\/legandgo.com\/es\/shop\/"},{"@type":"ListItem","position":3,"name":"Tabla de Equilibrio con Base de Fieltro"}]},{"@type":"WebSite","@id":"https:\/\/legandgo.com\/es\/#website","url":"https:\/\/legandgo.com\/es\/","name":"leg&amp;go","description":"","publisher":{"@id":"https:\/\/legandgo.com\/es\/#organization"},"potentialAction":[{"@type":"SearchAction","target":{"@type":"EntryPoint","urlTemplate":"https:\/\/legandgo.com\/es\/?s={search_term_string}"},"query-input":{"@type":"PropertyValueSpecification","valueRequired":true,"valueName":"search_term_string"}}],"inLanguage":"es"},{"@type":"Organization","@id":"https:\/\/legandgo.com\/es\/#organization","name":"leg&go bike","url":"https:\/\/legandgo.com\/es\/","logo":{"@type":"ImageObject","inLanguage":"es","@id":"https:\/\/legandgo.com\/es\/#\/schema\/logo\/image\/","url":"https:\/\/legandgo.com\/wp-content\/uploads\/2021\/03\/logorf.png","contentUrl":"https:\/\/legandgo.com\/wp-content\/uploads\/2021\/03\/logorf.png","width":675,"height":216,"caption":"leg&go bike"},"image":{"@id":"https:\/\/legandgo.com\/es\/#\/schema\/logo\/image\/"},"sameAs":["https:\/\/www.facebook.com\/legandgo","https:\/\/www.instagram.com\/legandgo\/","https:\/\/www.linkedin.com\/company\/legandgo\/","https:\/\/www.pinterest.com\/legandgo\/","https:\/\/www.youtube.com\/channel\/UC_FBzWPmKWE0g7fcR4Xdfuw\/"]}]}},"_links":{"self":[{"href":"https:\/\/legandgo.com\/es\/wp-json\/wp\/v2\/product\/42445","targetHints":{"allow":["GET"]}}],"collection":[{"href":"https:\/\/legandgo.com\/es\/wp-json\/wp\/v2\/product"}],"about":[{"href":"https:\/\/legandgo.com\/es\/wp-json\/wp\/v2\/types\/product"}],"replies":[{"embeddable":true,"href":"https:\/\/legandgo.com\/es\/wp-json\/wp\/v2\/comments?post=42445"}],"version-history":[{"count":15,"href":"https:\/\/legandgo.com\/es\/wp-json\/wp\/v2\/product\/42445\/revisions"}],"predecessor-version":[{"id":63408,"href":"https:\/\/legandgo.com\/es\/wp-json\/wp\/v2\/product\/42445\/revisions\/63408"}],"wp:featuredmedia":[{"embeddable":true,"href":"https:\/\/legandgo.com\/es\/wp-json\/wp\/v2\/media\/48799"}],"wp:attachment":[{"href":"https:\/\/legandgo.com\/es\/wp-json\/wp\/v2\/media?parent=42445"}],"wp:term":[{"taxonomy":"product_brand","embeddable":true,"href":"https:\/\/legandgo.com\/es\/wp-json\/wp\/v2\/product_brand?post=42445"},{"taxonomy":"product_cat","embeddable":true,"href":"https:\/\/legandgo.com\/es\/wp-json\/wp\/v2\/product_cat?post=42445"},{"taxonomy":"product_tag","embeddable":true,"href":"https:\/\/legandgo.com\/es\/wp-json\/wp\/v2\/product_tag?post=42445"}],"curies":[{"name":"wp","href":"https:\/\/api.w.org\/{rel}","templated":true}]}}