{"id":42709,"date":"2021-02-03T16:37:48","date_gmt":"2021-02-03T16:37:48","guid":{"rendered":"https:\/\/legandgo.com\/shop\/sin%20categor\u00eda\/complemento-rocking-elephant\/"},"modified":"2026-02-13T18:28:59","modified_gmt":"2026-02-13T16:28:59","slug":"rocking-elephant","status":"publish","type":"product","link":"https:\/\/legandgo.com\/es\/shop\/complementos\/rocking-elephant\/","title":{"rendered":"Complemento Rocking Elephant"},"content":{"rendered":"<p style=\"font-weight: 400;\">El complemento Rocking Elephant transforma tu leg&amp;go Balance Bike 3in1 en un suave juguete de balanceo, permitiendo que los beb\u00e9s descubran el movimiento y el equilibrio temprano desde el momento en que pueden sentarse.<\/p>\n<p style=\"font-weight: 400;\">Seguro, calmante y dise\u00f1ado para apoyar el desarrollo a trav\u00e9s del movimiento natural.<\/p>\n<p style=\"font-weight: 400;\">Ten en cuenta: la Balance Bike 3in1 debe adquirirse por separado. Dise\u00f1ado exclusivamente para su uso con la leg&amp;go Balance Bike 3in1. <\/p>\n<p style=\"font-weight: 400;\"><strong>Explora m\u00e1s caracter\u00edsticas a continuaci\u00f3n.<\/strong><\/p>\n","protected":false},"excerpt":{"rendered":"<p>El complemento Rocking Elephant transforma tu leg&amp;go Balance Bike 3in1 en un suave juguete de balanceo, permitiendo que los beb\u00e9s descubran el movimiento y el equilibrio temprano desde el momento en que pueden sentarse. Seguro, calmante y dise\u00f1ado para apoyar el desarrollo a trav\u00e9s del movimiento natural. Ten en cuenta: la Balance Bike 3in1 debe<a class=\"excerpt-read-more\" href=\"https:\/\/legandgo.com\/es\/shop\/complementos\/rocking-elephant\/\" title=\"ReadComplemento Rocking Elephant\">&#8230; Read more &raquo;<\/a><\/p>\n","protected":false},"featured_media":42712,"comment_status":"closed","ping_status":"closed","template":"","meta":{"_acf_changed":false,"inline_featured_image":false,"footnotes":""},"product_brand":[],"product_cat":[1313,1011],"product_tag":[1729,1721,1725,1717,1713],"class_list":{"0":"post-42709","1":"product","2":"type-product","3":"status-publish","4":"has-post-thumbnail","6":"product_cat-bicicletas-de-equilibrio-y-mas","7":"product_cat-complementos","8":"product_tag-leg-go-2","9":"product_tag-leg-and-go","10":"product_tag-leg-go","11":"product_tag-leggo","12":"product_tag-legandgo","13":"product_shipping_class-toys-shipping-es","14":"pa_color-rosa-es","15":"pa_color-blanco","16":"pa_color-gris","18":"first","19":"instock","20":"purchasable","21":"product-type-variable","22":"has-default-attributes"},"bundled_by":["48639","50850"],"bundle_stock_status":"instock","bundle_stock_quantity":null,"bundle_virtual":false,"bundle_layout":"","bundle_add_to_cart_form_location":"","bundle_editable_in_cart":false,"bundle_sold_individually_context":"","bundle_item_grouping":"","bundle_min_size":"","bundle_max_size":"","bundle_price":[],"bundled_items":[],"bundle_sell_ids":[],"acf":[],"yoast_head":"<!-- This site is optimized with the Yoast SEO plugin v25.9 - https:\/\/yoast.com\/wordpress\/plugins\/seo\/ -->\n<title>Complemento Rocking Elephant &#183; leg&amp;go<\/title>\n<meta name=\"description\" content=\"Leg&amp;go rocking elephant add on that transforms leg&amp;go wooden balance bike 3-in1 for toddlers into rocking elephant product.\" \/>\n<meta name=\"robots\" content=\"index, follow, max-snippet:-1, max-image-preview:large, max-video-preview:-1\" \/>\n<link rel=\"canonical\" href=\"https:\/\/legandgo.com\/es\/shop\/complementos\/rocking-elephant\/\" \/>\n<meta property=\"og:locale\" content=\"es_ES\" \/>\n<meta property=\"og:type\" content=\"article\" \/>\n<meta property=\"og:title\" content=\"Complemento Rocking Elephant &#183; leg&amp;go\" \/>\n<meta property=\"og:description\" content=\"Leg&amp;go rocking elephant add on that transforms leg&amp;go wooden balance bike 3-in1 for toddlers into rocking elephant product.\" \/>\n<meta property=\"og:url\" content=\"https:\/\/legandgo.com\/es\/shop\/complementos\/rocking-elephant\/\" \/>\n<meta property=\"og:site_name\" content=\"leg&amp;go\" \/>\n<meta property=\"article:publisher\" content=\"https:\/\/www.facebook.com\/legandgo\" \/>\n<meta property=\"article:modified_time\" content=\"2026-02-13T16:28:59+00:00\" \/>\n<meta property=\"og:image\" content=\"https:\/\/legandgo.com\/wp-content\/uploads\/2021\/02\/Rocking-Elephant_add-on-gray.jpg\" \/>\n\t<meta property=\"og:image:width\" content=\"300\" \/>\n\t<meta property=\"og:image:height\" content=\"300\" \/>\n\t<meta property=\"og:image:type\" content=\"image\/jpeg\" \/>\n<meta name=\"twitter:card\" content=\"summary_large_image\" \/>\n<script type=\"application\/ld+json\" class=\"yoast-schema-graph\">{\"@context\":\"https:\/\/schema.org\",\"@graph\":[{\"@type\":\"WebPage\",\"@id\":\"https:\/\/legandgo.com\/es\/shop\/complementos\/rocking-elephant\/\",\"url\":\"https:\/\/legandgo.com\/es\/shop\/complementos\/rocking-elephant\/\",\"name\":\"Complemento Rocking Elephant &#183; leg&amp;go\",\"isPartOf\":{\"@id\":\"https:\/\/legandgo.com\/es\/#website\"},\"primaryImageOfPage\":{\"@id\":\"https:\/\/legandgo.com\/es\/shop\/complementos\/rocking-elephant\/#primaryimage\"},\"image\":{\"@id\":\"https:\/\/legandgo.com\/es\/shop\/complementos\/rocking-elephant\/#primaryimage\"},\"thumbnailUrl\":\"https:\/\/legandgo.com\/wp-content\/uploads\/2021\/02\/Rocking-Elephant_add-on-gray.jpg\",\"datePublished\":\"2021-02-03T16:37:48+00:00\",\"dateModified\":\"2026-02-13T16:28:59+00:00\",\"description\":\"Leg&go rocking elephant add on that transforms leg&go wooden balance bike 3-in1 for toddlers into rocking elephant product.\",\"breadcrumb\":{\"@id\":\"https:\/\/legandgo.com\/es\/shop\/complementos\/rocking-elephant\/#breadcrumb\"},\"inLanguage\":\"es\",\"potentialAction\":[{\"@type\":\"ReadAction\",\"target\":[\"https:\/\/legandgo.com\/es\/shop\/complementos\/rocking-elephant\/\"]}]},{\"@type\":\"ImageObject\",\"inLanguage\":\"es\",\"@id\":\"https:\/\/legandgo.com\/es\/shop\/complementos\/rocking-elephant\/#primaryimage\",\"url\":\"https:\/\/legandgo.com\/wp-content\/uploads\/2021\/02\/Rocking-Elephant_add-on-gray.jpg\",\"contentUrl\":\"https:\/\/legandgo.com\/wp-content\/uploads\/2021\/02\/Rocking-Elephant_add-on-gray.jpg\",\"width\":300,\"height\":300},{\"@type\":\"BreadcrumbList\",\"@id\":\"https:\/\/legandgo.com\/es\/shop\/complementos\/rocking-elephant\/#breadcrumb\",\"itemListElement\":[{\"@type\":\"ListItem\",\"position\":1,\"name\":\"Home\",\"item\":\"https:\/\/legandgo.com\/es\/\"},{\"@type\":\"ListItem\",\"position\":2,\"name\":\"Tienda\",\"item\":\"https:\/\/legandgo.com\/es\/shop\/\"},{\"@type\":\"ListItem\",\"position\":3,\"name\":\"Complemento Rocking Elephant\"}]},{\"@type\":\"WebSite\",\"@id\":\"https:\/\/legandgo.com\/es\/#website\",\"url\":\"https:\/\/legandgo.com\/es\/\",\"name\":\"leg&amp;go\",\"description\":\"\",\"publisher\":{\"@id\":\"https:\/\/legandgo.com\/es\/#organization\"},\"potentialAction\":[{\"@type\":\"SearchAction\",\"target\":{\"@type\":\"EntryPoint\",\"urlTemplate\":\"https:\/\/legandgo.com\/es\/?s={search_term_string}\"},\"query-input\":{\"@type\":\"PropertyValueSpecification\",\"valueRequired\":true,\"valueName\":\"search_term_string\"}}],\"inLanguage\":\"es\"},{\"@type\":\"Organization\",\"@id\":\"https:\/\/legandgo.com\/es\/#organization\",\"name\":\"leg&go bike\",\"url\":\"https:\/\/legandgo.com\/es\/\",\"logo\":{\"@type\":\"ImageObject\",\"inLanguage\":\"es\",\"@id\":\"https:\/\/legandgo.com\/es\/#\/schema\/logo\/image\/\",\"url\":\"https:\/\/legandgo.com\/wp-content\/uploads\/2021\/03\/logorf.png\",\"contentUrl\":\"https:\/\/legandgo.com\/wp-content\/uploads\/2021\/03\/logorf.png\",\"width\":675,\"height\":216,\"caption\":\"leg&go bike\"},\"image\":{\"@id\":\"https:\/\/legandgo.com\/es\/#\/schema\/logo\/image\/\"},\"sameAs\":[\"https:\/\/www.facebook.com\/legandgo\",\"https:\/\/www.instagram.com\/legandgo\/\",\"https:\/\/www.linkedin.com\/company\/legandgo\/\",\"https:\/\/www.pinterest.com\/legandgo\/\",\"https:\/\/www.youtube.com\/channel\/UC_FBzWPmKWE0g7fcR4Xdfuw\/\"]}]}<\/script>\n<!-- \/ Yoast SEO plugin. -->","yoast_head_json":{"title":"Complemento Rocking Elephant &#183; leg&amp;go","description":"Leg&go rocking elephant add on that transforms leg&go wooden balance bike 3-in1 for toddlers into rocking elephant product.","robots":{"index":"index","follow":"follow","max-snippet":"max-snippet:-1","max-image-preview":"max-image-preview:large","max-video-preview":"max-video-preview:-1"},"canonical":"https:\/\/legandgo.com\/es\/shop\/complementos\/rocking-elephant\/","og_locale":"es_ES","og_type":"article","og_title":"Complemento Rocking Elephant &#183; leg&amp;go","og_description":"Leg&go rocking elephant add on that transforms leg&go wooden balance bike 3-in1 for toddlers into rocking elephant product.","og_url":"https:\/\/legandgo.com\/es\/shop\/complementos\/rocking-elephant\/","og_site_name":"leg&amp;go","article_publisher":"https:\/\/www.facebook.com\/legandgo","article_modified_time":"2026-02-13T16:28:59+00:00","og_image":[{"width":300,"height":300,"url":"https:\/\/legandgo.com\/wp-content\/uploads\/2021\/02\/Rocking-Elephant_add-on-gray.jpg","type":"image\/jpeg"}],"twitter_card":"summary_large_image","schema":{"@context":"https:\/\/schema.org","@graph":[{"@type":"WebPage","@id":"https:\/\/legandgo.com\/es\/shop\/complementos\/rocking-elephant\/","url":"https:\/\/legandgo.com\/es\/shop\/complementos\/rocking-elephant\/","name":"Complemento Rocking Elephant &#183; leg&amp;go","isPartOf":{"@id":"https:\/\/legandgo.com\/es\/#website"},"primaryImageOfPage":{"@id":"https:\/\/legandgo.com\/es\/shop\/complementos\/rocking-elephant\/#primaryimage"},"image":{"@id":"https:\/\/legandgo.com\/es\/shop\/complementos\/rocking-elephant\/#primaryimage"},"thumbnailUrl":"https:\/\/legandgo.com\/wp-content\/uploads\/2021\/02\/Rocking-Elephant_add-on-gray.jpg","datePublished":"2021-02-03T16:37:48+00:00","dateModified":"2026-02-13T16:28:59+00:00","description":"Leg&go rocking elephant add on that transforms leg&go wooden balance bike 3-in1 for toddlers into rocking elephant product.","breadcrumb":{"@id":"https:\/\/legandgo.com\/es\/shop\/complementos\/rocking-elephant\/#breadcrumb"},"inLanguage":"es","potentialAction":[{"@type":"ReadAction","target":["https:\/\/legandgo.com\/es\/shop\/complementos\/rocking-elephant\/"]}]},{"@type":"ImageObject","inLanguage":"es","@id":"https:\/\/legandgo.com\/es\/shop\/complementos\/rocking-elephant\/#primaryimage","url":"https:\/\/legandgo.com\/wp-content\/uploads\/2021\/02\/Rocking-Elephant_add-on-gray.jpg","contentUrl":"https:\/\/legandgo.com\/wp-content\/uploads\/2021\/02\/Rocking-Elephant_add-on-gray.jpg","width":300,"height":300},{"@type":"BreadcrumbList","@id":"https:\/\/legandgo.com\/es\/shop\/complementos\/rocking-elephant\/#breadcrumb","itemListElement":[{"@type":"ListItem","position":1,"name":"Home","item":"https:\/\/legandgo.com\/es\/"},{"@type":"ListItem","position":2,"name":"Tienda","item":"https:\/\/legandgo.com\/es\/shop\/"},{"@type":"ListItem","position":3,"name":"Complemento Rocking Elephant"}]},{"@type":"WebSite","@id":"https:\/\/legandgo.com\/es\/#website","url":"https:\/\/legandgo.com\/es\/","name":"leg&amp;go","description":"","publisher":{"@id":"https:\/\/legandgo.com\/es\/#organization"},"potentialAction":[{"@type":"SearchAction","target":{"@type":"EntryPoint","urlTemplate":"https:\/\/legandgo.com\/es\/?s={search_term_string}"},"query-input":{"@type":"PropertyValueSpecification","valueRequired":true,"valueName":"search_term_string"}}],"inLanguage":"es"},{"@type":"Organization","@id":"https:\/\/legandgo.com\/es\/#organization","name":"leg&go bike","url":"https:\/\/legandgo.com\/es\/","logo":{"@type":"ImageObject","inLanguage":"es","@id":"https:\/\/legandgo.com\/es\/#\/schema\/logo\/image\/","url":"https:\/\/legandgo.com\/wp-content\/uploads\/2021\/03\/logorf.png","contentUrl":"https:\/\/legandgo.com\/wp-content\/uploads\/2021\/03\/logorf.png","width":675,"height":216,"caption":"leg&go bike"},"image":{"@id":"https:\/\/legandgo.com\/es\/#\/schema\/logo\/image\/"},"sameAs":["https:\/\/www.facebook.com\/legandgo","https:\/\/www.instagram.com\/legandgo\/","https:\/\/www.linkedin.com\/company\/legandgo\/","https:\/\/www.pinterest.com\/legandgo\/","https:\/\/www.youtube.com\/channel\/UC_FBzWPmKWE0g7fcR4Xdfuw\/"]}]}},"_links":{"self":[{"href":"https:\/\/legandgo.com\/es\/wp-json\/wp\/v2\/product\/42709","targetHints":{"allow":["GET"]}}],"collection":[{"href":"https:\/\/legandgo.com\/es\/wp-json\/wp\/v2\/product"}],"about":[{"href":"https:\/\/legandgo.com\/es\/wp-json\/wp\/v2\/types\/product"}],"replies":[{"embeddable":true,"href":"https:\/\/legandgo.com\/es\/wp-json\/wp\/v2\/comments?post=42709"}],"version-history":[{"count":7,"href":"https:\/\/legandgo.com\/es\/wp-json\/wp\/v2\/product\/42709\/revisions"}],"predecessor-version":[{"id":51806,"href":"https:\/\/legandgo.com\/es\/wp-json\/wp\/v2\/product\/42709\/revisions\/51806"}],"wp:featuredmedia":[{"embeddable":true,"href":"https:\/\/legandgo.com\/es\/wp-json\/wp\/v2\/media\/42712"}],"wp:attachment":[{"href":"https:\/\/legandgo.com\/es\/wp-json\/wp\/v2\/media?parent=42709"}],"wp:term":[{"taxonomy":"product_brand","embeddable":true,"href":"https:\/\/legandgo.com\/es\/wp-json\/wp\/v2\/product_brand?post=42709"},{"taxonomy":"product_cat","embeddable":true,"href":"https:\/\/legandgo.com\/es\/wp-json\/wp\/v2\/product_cat?post=42709"},{"taxonomy":"product_tag","embeddable":true,"href":"https:\/\/legandgo.com\/es\/wp-json\/wp\/v2\/product_tag?post=42709"}],"curies":[{"name":"wp","href":"https:\/\/api.w.org\/{rel}","templated":true}]}}