{"id":42716,"date":"2021-02-03T16:38:40","date_gmt":"2021-02-03T16:38:40","guid":{"rendered":"https:\/\/legandgo.com\/shop\/sin%20categor\u00eda\/complemento-para-bicicleta-con-pedales\/"},"modified":"2026-04-16T10:35:51","modified_gmt":"2026-04-16T08:35:51","slug":"complemento-para-bicicleta-con-pedales","status":"publish","type":"product","link":"https:\/\/legandgo.com\/es\/shop\/complementos\/complemento-para-bicicleta-con-pedales\/","title":{"rendered":"Kit de pedales para bicicleta de equilibrio 3 en 1"},"content":{"rendered":"<p style=\"font-weight: 400;\">La forma m\u00e1s natural de pasar a una primera bicicleta de pedales.<\/p>\n<p style=\"font-weight: 400;\">Simplemente fija los pedales a tu leg&amp;go Balance Bike 3in1 y observa c\u00f3mo tu hijo pasa de mantener el equilibrio con seguridad a pedalear sin esfuerzo.<\/p>\n<p style=\"font-weight: 400;\">Familiar, intuitiva y dise\u00f1ada para que el paso final resulte f\u00e1cil.<\/p>\n<p style=\"font-weight: 400;\">Ten en cuenta: el Pedal Bike Add-on no incluye la Balance Bike y debe comprarse por separado. Est\u00e1 dise\u00f1ado exclusivamente para su uso con la leg&amp;go Balance Bike 3in1.<\/p>\n<p style=\"font-weight: 400;\"><strong>Explora m\u00e1s abajo.<\/strong><\/p>\n","protected":false},"excerpt":{"rendered":"<p>La forma m\u00e1s natural de pasar a una primera bicicleta de pedales. Simplemente fija los pedales a tu leg&amp;go Balance Bike 3in1 y observa c\u00f3mo tu hijo pasa de mantener el equilibrio con seguridad a pedalear sin esfuerzo. Familiar, intuitiva y dise\u00f1ada para que el paso final resulte f\u00e1cil. Ten en cuenta: el Pedal Bike<a class=\"excerpt-read-more\" href=\"https:\/\/legandgo.com\/es\/shop\/complementos\/complemento-para-bicicleta-con-pedales\/\" title=\"ReadKit de pedales para bicicleta de equilibrio 3 en 1\">&#8230; Read more &raquo;<\/a><\/p>\n","protected":false},"featured_media":42717,"comment_status":"closed","ping_status":"closed","template":"","meta":{"_acf_changed":false,"inline_featured_image":false,"footnotes":""},"product_brand":[],"product_cat":[1313,1011],"product_tag":[1729,1721,1725,1717,1713],"class_list":{"0":"post-42716","1":"product","2":"type-product","3":"status-publish","4":"has-post-thumbnail","6":"product_cat-bicicletas-de-equilibrio-y-mas","7":"product_cat-complementos","8":"product_tag-leg-go-2","9":"product_tag-leg-and-go","10":"product_tag-leg-go","11":"product_tag-leggo","12":"product_tag-legandgo","13":"product_shipping_class-toys-shipping-es","15":"first","16":"instock","17":"purchasable","18":"product-type-simple"},"bundled_by":["48639","50850"],"bundle_stock_status":"instock","bundle_stock_quantity":null,"bundle_virtual":false,"bundle_layout":"","bundle_add_to_cart_form_location":"","bundle_editable_in_cart":false,"bundle_sold_individually_context":"","bundle_item_grouping":"","bundle_min_size":"","bundle_max_size":"","bundle_price":[],"bundled_items":[],"bundle_sell_ids":[],"acf":[],"yoast_head":"<!-- This site is optimized with the Yoast SEO plugin v25.9 - https:\/\/yoast.com\/wordpress\/plugins\/seo\/ -->\n<title>Kit de pedales para bicicleta de equilibrio 3 en 1 &#183; leg&amp;go<\/title>\n<meta name=\"description\" content=\"Convierte tu bicicleta de equilibrio 3 en 1 en una primera bicicleta de pedales ligera e intuitiva. Dise\u00f1ada para una transici\u00f3n natural, ayuda a tu hijo a ganar confianza y disfrutar de cada recorrido.\" \/>\n<meta name=\"robots\" content=\"index, follow, max-snippet:-1, max-image-preview:large, max-video-preview:-1\" \/>\n<link rel=\"canonical\" href=\"https:\/\/legandgo.com\/es\/shop\/complementos\/complemento-para-bicicleta-con-pedales\/\" \/>\n<meta property=\"og:locale\" content=\"es_ES\" \/>\n<meta property=\"og:type\" content=\"article\" \/>\n<meta property=\"og:title\" content=\"Kit de pedales para bicicleta de equilibrio 3 en 1 &#183; leg&amp;go\" \/>\n<meta property=\"og:description\" content=\"Convierte tu bicicleta de equilibrio 3 en 1 en una primera bicicleta de pedales ligera e intuitiva. Dise\u00f1ada para una transici\u00f3n natural, ayuda a tu hijo a ganar confianza y disfrutar de cada recorrido.\" \/>\n<meta property=\"og:url\" content=\"https:\/\/legandgo.com\/es\/shop\/complementos\/complemento-para-bicicleta-con-pedales\/\" \/>\n<meta property=\"og:site_name\" content=\"leg&amp;go\" \/>\n<meta property=\"article:publisher\" content=\"https:\/\/www.facebook.com\/legandgo\" \/>\n<meta property=\"article:modified_time\" content=\"2026-04-16T08:35:51+00:00\" \/>\n<meta property=\"og:image\" content=\"https:\/\/legandgo.com\/wp-content\/uploads\/2021\/02\/Pedal-Bike_add-on.jpg\" \/>\n\t<meta property=\"og:image:width\" content=\"750\" \/>\n\t<meta property=\"og:image:height\" content=\"750\" \/>\n\t<meta property=\"og:image:type\" content=\"image\/jpeg\" \/>\n<meta name=\"twitter:card\" content=\"summary_large_image\" \/>\n<script type=\"application\/ld+json\" class=\"yoast-schema-graph\">{\"@context\":\"https:\/\/schema.org\",\"@graph\":[{\"@type\":\"WebPage\",\"@id\":\"https:\/\/legandgo.com\/es\/shop\/complementos\/complemento-para-bicicleta-con-pedales\/\",\"url\":\"https:\/\/legandgo.com\/es\/shop\/complementos\/complemento-para-bicicleta-con-pedales\/\",\"name\":\"Kit de pedales para bicicleta de equilibrio 3 en 1 &#183; leg&amp;go\",\"isPartOf\":{\"@id\":\"https:\/\/legandgo.com\/es\/#website\"},\"primaryImageOfPage\":{\"@id\":\"https:\/\/legandgo.com\/es\/shop\/complementos\/complemento-para-bicicleta-con-pedales\/#primaryimage\"},\"image\":{\"@id\":\"https:\/\/legandgo.com\/es\/shop\/complementos\/complemento-para-bicicleta-con-pedales\/#primaryimage\"},\"thumbnailUrl\":\"https:\/\/legandgo.com\/wp-content\/uploads\/2021\/02\/Pedal-Bike_add-on.jpg\",\"datePublished\":\"2021-02-03T16:38:40+00:00\",\"dateModified\":\"2026-04-16T08:35:51+00:00\",\"description\":\"Convierte tu bicicleta de equilibrio 3 en 1 en una primera bicicleta de pedales ligera e intuitiva. Dise\u00f1ada para una transici\u00f3n natural, ayuda a tu hijo a ganar confianza y disfrutar de cada recorrido.\",\"breadcrumb\":{\"@id\":\"https:\/\/legandgo.com\/es\/shop\/complementos\/complemento-para-bicicleta-con-pedales\/#breadcrumb\"},\"inLanguage\":\"es\",\"potentialAction\":[{\"@type\":\"ReadAction\",\"target\":[\"https:\/\/legandgo.com\/es\/shop\/complementos\/complemento-para-bicicleta-con-pedales\/\"]}]},{\"@type\":\"ImageObject\",\"inLanguage\":\"es\",\"@id\":\"https:\/\/legandgo.com\/es\/shop\/complementos\/complemento-para-bicicleta-con-pedales\/#primaryimage\",\"url\":\"https:\/\/legandgo.com\/wp-content\/uploads\/2021\/02\/Pedal-Bike_add-on.jpg\",\"contentUrl\":\"https:\/\/legandgo.com\/wp-content\/uploads\/2021\/02\/Pedal-Bike_add-on.jpg\",\"width\":750,\"height\":750},{\"@type\":\"BreadcrumbList\",\"@id\":\"https:\/\/legandgo.com\/es\/shop\/complementos\/complemento-para-bicicleta-con-pedales\/#breadcrumb\",\"itemListElement\":[{\"@type\":\"ListItem\",\"position\":1,\"name\":\"Home\",\"item\":\"https:\/\/legandgo.com\/es\/\"},{\"@type\":\"ListItem\",\"position\":2,\"name\":\"Tienda\",\"item\":\"https:\/\/legandgo.com\/es\/shop\/\"},{\"@type\":\"ListItem\",\"position\":3,\"name\":\"Kit de pedales para bicicleta de equilibrio 3 en 1\"}]},{\"@type\":\"WebSite\",\"@id\":\"https:\/\/legandgo.com\/es\/#website\",\"url\":\"https:\/\/legandgo.com\/es\/\",\"name\":\"leg&amp;go\",\"description\":\"\",\"publisher\":{\"@id\":\"https:\/\/legandgo.com\/es\/#organization\"},\"potentialAction\":[{\"@type\":\"SearchAction\",\"target\":{\"@type\":\"EntryPoint\",\"urlTemplate\":\"https:\/\/legandgo.com\/es\/?s={search_term_string}\"},\"query-input\":{\"@type\":\"PropertyValueSpecification\",\"valueRequired\":true,\"valueName\":\"search_term_string\"}}],\"inLanguage\":\"es\"},{\"@type\":\"Organization\",\"@id\":\"https:\/\/legandgo.com\/es\/#organization\",\"name\":\"leg&go bike\",\"url\":\"https:\/\/legandgo.com\/es\/\",\"logo\":{\"@type\":\"ImageObject\",\"inLanguage\":\"es\",\"@id\":\"https:\/\/legandgo.com\/es\/#\/schema\/logo\/image\/\",\"url\":\"https:\/\/legandgo.com\/wp-content\/uploads\/2021\/03\/logorf.png\",\"contentUrl\":\"https:\/\/legandgo.com\/wp-content\/uploads\/2021\/03\/logorf.png\",\"width\":675,\"height\":216,\"caption\":\"leg&go bike\"},\"image\":{\"@id\":\"https:\/\/legandgo.com\/es\/#\/schema\/logo\/image\/\"},\"sameAs\":[\"https:\/\/www.facebook.com\/legandgo\",\"https:\/\/www.instagram.com\/legandgo\/\",\"https:\/\/www.linkedin.com\/company\/legandgo\/\",\"https:\/\/www.pinterest.com\/legandgo\/\",\"https:\/\/www.youtube.com\/channel\/UC_FBzWPmKWE0g7fcR4Xdfuw\/\"]}]}<\/script>\n<!-- \/ Yoast SEO plugin. -->","yoast_head_json":{"title":"Kit de pedales para bicicleta de equilibrio 3 en 1 &#183; leg&amp;go","description":"Convierte tu bicicleta de equilibrio 3 en 1 en una primera bicicleta de pedales ligera e intuitiva. Dise\u00f1ada para una transici\u00f3n natural, ayuda a tu hijo a ganar confianza y disfrutar de cada recorrido.","robots":{"index":"index","follow":"follow","max-snippet":"max-snippet:-1","max-image-preview":"max-image-preview:large","max-video-preview":"max-video-preview:-1"},"canonical":"https:\/\/legandgo.com\/es\/shop\/complementos\/complemento-para-bicicleta-con-pedales\/","og_locale":"es_ES","og_type":"article","og_title":"Kit de pedales para bicicleta de equilibrio 3 en 1 &#183; leg&amp;go","og_description":"Convierte tu bicicleta de equilibrio 3 en 1 en una primera bicicleta de pedales ligera e intuitiva. Dise\u00f1ada para una transici\u00f3n natural, ayuda a tu hijo a ganar confianza y disfrutar de cada recorrido.","og_url":"https:\/\/legandgo.com\/es\/shop\/complementos\/complemento-para-bicicleta-con-pedales\/","og_site_name":"leg&amp;go","article_publisher":"https:\/\/www.facebook.com\/legandgo","article_modified_time":"2026-04-16T08:35:51+00:00","og_image":[{"width":750,"height":750,"url":"https:\/\/legandgo.com\/wp-content\/uploads\/2021\/02\/Pedal-Bike_add-on.jpg","type":"image\/jpeg"}],"twitter_card":"summary_large_image","schema":{"@context":"https:\/\/schema.org","@graph":[{"@type":"WebPage","@id":"https:\/\/legandgo.com\/es\/shop\/complementos\/complemento-para-bicicleta-con-pedales\/","url":"https:\/\/legandgo.com\/es\/shop\/complementos\/complemento-para-bicicleta-con-pedales\/","name":"Kit de pedales para bicicleta de equilibrio 3 en 1 &#183; leg&amp;go","isPartOf":{"@id":"https:\/\/legandgo.com\/es\/#website"},"primaryImageOfPage":{"@id":"https:\/\/legandgo.com\/es\/shop\/complementos\/complemento-para-bicicleta-con-pedales\/#primaryimage"},"image":{"@id":"https:\/\/legandgo.com\/es\/shop\/complementos\/complemento-para-bicicleta-con-pedales\/#primaryimage"},"thumbnailUrl":"https:\/\/legandgo.com\/wp-content\/uploads\/2021\/02\/Pedal-Bike_add-on.jpg","datePublished":"2021-02-03T16:38:40+00:00","dateModified":"2026-04-16T08:35:51+00:00","description":"Convierte tu bicicleta de equilibrio 3 en 1 en una primera bicicleta de pedales ligera e intuitiva. Dise\u00f1ada para una transici\u00f3n natural, ayuda a tu hijo a ganar confianza y disfrutar de cada recorrido.","breadcrumb":{"@id":"https:\/\/legandgo.com\/es\/shop\/complementos\/complemento-para-bicicleta-con-pedales\/#breadcrumb"},"inLanguage":"es","potentialAction":[{"@type":"ReadAction","target":["https:\/\/legandgo.com\/es\/shop\/complementos\/complemento-para-bicicleta-con-pedales\/"]}]},{"@type":"ImageObject","inLanguage":"es","@id":"https:\/\/legandgo.com\/es\/shop\/complementos\/complemento-para-bicicleta-con-pedales\/#primaryimage","url":"https:\/\/legandgo.com\/wp-content\/uploads\/2021\/02\/Pedal-Bike_add-on.jpg","contentUrl":"https:\/\/legandgo.com\/wp-content\/uploads\/2021\/02\/Pedal-Bike_add-on.jpg","width":750,"height":750},{"@type":"BreadcrumbList","@id":"https:\/\/legandgo.com\/es\/shop\/complementos\/complemento-para-bicicleta-con-pedales\/#breadcrumb","itemListElement":[{"@type":"ListItem","position":1,"name":"Home","item":"https:\/\/legandgo.com\/es\/"},{"@type":"ListItem","position":2,"name":"Tienda","item":"https:\/\/legandgo.com\/es\/shop\/"},{"@type":"ListItem","position":3,"name":"Kit de pedales para bicicleta de equilibrio 3 en 1"}]},{"@type":"WebSite","@id":"https:\/\/legandgo.com\/es\/#website","url":"https:\/\/legandgo.com\/es\/","name":"leg&amp;go","description":"","publisher":{"@id":"https:\/\/legandgo.com\/es\/#organization"},"potentialAction":[{"@type":"SearchAction","target":{"@type":"EntryPoint","urlTemplate":"https:\/\/legandgo.com\/es\/?s={search_term_string}"},"query-input":{"@type":"PropertyValueSpecification","valueRequired":true,"valueName":"search_term_string"}}],"inLanguage":"es"},{"@type":"Organization","@id":"https:\/\/legandgo.com\/es\/#organization","name":"leg&go bike","url":"https:\/\/legandgo.com\/es\/","logo":{"@type":"ImageObject","inLanguage":"es","@id":"https:\/\/legandgo.com\/es\/#\/schema\/logo\/image\/","url":"https:\/\/legandgo.com\/wp-content\/uploads\/2021\/03\/logorf.png","contentUrl":"https:\/\/legandgo.com\/wp-content\/uploads\/2021\/03\/logorf.png","width":675,"height":216,"caption":"leg&go bike"},"image":{"@id":"https:\/\/legandgo.com\/es\/#\/schema\/logo\/image\/"},"sameAs":["https:\/\/www.facebook.com\/legandgo","https:\/\/www.instagram.com\/legandgo\/","https:\/\/www.linkedin.com\/company\/legandgo\/","https:\/\/www.pinterest.com\/legandgo\/","https:\/\/www.youtube.com\/channel\/UC_FBzWPmKWE0g7fcR4Xdfuw\/"]}]}},"_links":{"self":[{"href":"https:\/\/legandgo.com\/es\/wp-json\/wp\/v2\/product\/42716","targetHints":{"allow":["GET"]}}],"collection":[{"href":"https:\/\/legandgo.com\/es\/wp-json\/wp\/v2\/product"}],"about":[{"href":"https:\/\/legandgo.com\/es\/wp-json\/wp\/v2\/types\/product"}],"replies":[{"embeddable":true,"href":"https:\/\/legandgo.com\/es\/wp-json\/wp\/v2\/comments?post=42716"}],"version-history":[{"count":4,"href":"https:\/\/legandgo.com\/es\/wp-json\/wp\/v2\/product\/42716\/revisions"}],"predecessor-version":[{"id":51690,"href":"https:\/\/legandgo.com\/es\/wp-json\/wp\/v2\/product\/42716\/revisions\/51690"}],"wp:featuredmedia":[{"embeddable":true,"href":"https:\/\/legandgo.com\/es\/wp-json\/wp\/v2\/media\/42717"}],"wp:attachment":[{"href":"https:\/\/legandgo.com\/es\/wp-json\/wp\/v2\/media?parent=42716"}],"wp:term":[{"taxonomy":"product_brand","embeddable":true,"href":"https:\/\/legandgo.com\/es\/wp-json\/wp\/v2\/product_brand?post=42716"},{"taxonomy":"product_cat","embeddable":true,"href":"https:\/\/legandgo.com\/es\/wp-json\/wp\/v2\/product_cat?post=42716"},{"taxonomy":"product_tag","embeddable":true,"href":"https:\/\/legandgo.com\/es\/wp-json\/wp\/v2\/product_tag?post=42716"}],"curies":[{"name":"wp","href":"https:\/\/api.w.org\/{rel}","templated":true}]}}