{"id":42721,"date":"2021-02-03T16:46:05","date_gmt":"2021-02-03T16:46:05","guid":{"rendered":"https:\/\/legandgo.com\/shop\/sin%20categor\u00eda\/complemento-de-bicicleta-para-los-descensos\/"},"modified":"2026-02-13T14:32:28","modified_gmt":"2026-02-13T12:32:28","slug":"complemento-downhill-bike","status":"publish","type":"product","link":"https:\/\/legandgo.com\/es\/shop\/complementos\/complemento-downhill-bike\/","title":{"rendered":"Complemento Downhill Bike"},"content":{"rendered":"<p style=\"font-weight: 400;\">Dise\u00f1ado para peque\u00f1os amantes de la adrenalina, el Complemento Downhill Bike combina un reposapi\u00e9s, un freno y un esp\u00edritu de aventura en un dise\u00f1o cuidadosamente pensado. Ayuda a los ni\u00f1os a montar con mayor confianza mientras aprenden a gestionar su velocidad de forma natural.<\/p>\n<p style=\"font-weight: 400;\">Transforma la bicicleta de equilibrio en una emocionante experiencia de descenso \u2014 ideal para ni\u00f1os que aman la velocidad mientras siguen benefici\u00e1ndose de estabilidad y control.<\/p>\n<p style=\"font-weight: 400;\"><strong>Ten en cuenta<\/strong>: la Balance Bike 3in1 debe adquirirse por separado. El Complemento Downhill Bike es compatible \u00fanicamente con la leg&amp;go Balance Bike 3in1.<\/p>\n<p style=\"font-weight: 400;\"><strong>Descubre m\u00e1s a continuaci\u00f3n.<\/strong><\/p>\n","protected":false},"excerpt":{"rendered":"<p>Dise\u00f1ado para peque\u00f1os amantes de la adrenalina, el Complemento Downhill Bike combina un reposapi\u00e9s, un freno y un esp\u00edritu de aventura en un dise\u00f1o cuidadosamente pensado. Ayuda a los ni\u00f1os a montar con mayor confianza mientras aprenden a gestionar su velocidad de forma natural. Transforma la bicicleta de equilibrio en una emocionante experiencia de descenso<a class=\"excerpt-read-more\" href=\"https:\/\/legandgo.com\/es\/shop\/complementos\/complemento-downhill-bike\/\" title=\"ReadComplemento Downhill Bike\">&#8230; Read more &raquo;<\/a><\/p>\n","protected":false},"featured_media":42724,"comment_status":"closed","ping_status":"closed","template":"","meta":{"_acf_changed":false,"inline_featured_image":false,"footnotes":""},"product_brand":[],"product_cat":[1313,1011],"product_tag":[1729,1721,1725,1717,1713],"class_list":{"0":"post-42721","1":"product","2":"type-product","3":"status-publish","4":"has-post-thumbnail","6":"product_cat-bicicletas-de-equilibrio-y-mas","7":"product_cat-complementos","8":"product_tag-leg-go-2","9":"product_tag-leg-and-go","10":"product_tag-leg-go","11":"product_tag-leggo","12":"product_tag-legandgo","13":"product_shipping_class-toys-shipping-es","15":"first","16":"instock","17":"purchasable","18":"product-type-simple"},"bundled_by":["48639","50850"],"bundle_stock_status":"instock","bundle_stock_quantity":null,"bundle_virtual":false,"bundle_layout":"","bundle_add_to_cart_form_location":"","bundle_editable_in_cart":false,"bundle_sold_individually_context":"","bundle_item_grouping":"","bundle_min_size":"","bundle_max_size":"","bundle_price":[],"bundled_items":[],"bundle_sell_ids":[],"acf":[],"yoast_head":"<!-- This site is optimized with the Yoast SEO plugin v25.9 - https:\/\/yoast.com\/wordpress\/plugins\/seo\/ -->\n<title>Complemento Downhill Bike &#183; leg&amp;go<\/title>\n<meta name=\"description\" content=\"Complemento de descenso para bicicleta de equilibrio de madera Leg&amp;Go 3 en 1 para convertir la bicicleta de equilibrio en una bicicleta de descenso para ni\u00f1os peque\u00f1os\" \/>\n<meta name=\"robots\" content=\"index, follow, max-snippet:-1, max-image-preview:large, max-video-preview:-1\" \/>\n<link rel=\"canonical\" href=\"https:\/\/legandgo.com\/es\/shop\/complementos\/complemento-downhill-bike\/\" \/>\n<meta property=\"og:locale\" content=\"es_ES\" \/>\n<meta property=\"og:type\" content=\"article\" \/>\n<meta property=\"og:title\" content=\"Complemento Downhill Bike &#183; leg&amp;go\" \/>\n<meta property=\"og:description\" content=\"Complemento de descenso para bicicleta de equilibrio de madera Leg&amp;Go 3 en 1 para convertir la bicicleta de equilibrio en una bicicleta de descenso para ni\u00f1os peque\u00f1os\" \/>\n<meta property=\"og:url\" content=\"https:\/\/legandgo.com\/es\/shop\/complementos\/complemento-downhill-bike\/\" \/>\n<meta property=\"og:site_name\" content=\"leg&amp;go\" \/>\n<meta property=\"article:publisher\" content=\"https:\/\/www.facebook.com\/legandgo\" \/>\n<meta property=\"article:modified_time\" content=\"2026-02-13T12:32:28+00:00\" \/>\n<meta property=\"og:image\" content=\"https:\/\/legandgo.com\/wp-content\/uploads\/2021\/02\/Downhill_add-on.jpg\" \/>\n\t<meta property=\"og:image:width\" content=\"750\" \/>\n\t<meta property=\"og:image:height\" content=\"749\" \/>\n\t<meta property=\"og:image:type\" content=\"image\/jpeg\" \/>\n<meta name=\"twitter:card\" content=\"summary_large_image\" \/>\n<meta name=\"twitter:label1\" content=\"Est. reading time\" \/>\n\t<meta name=\"twitter:data1\" content=\"1 minuto\" \/>\n<script type=\"application\/ld+json\" class=\"yoast-schema-graph\">{\"@context\":\"https:\/\/schema.org\",\"@graph\":[{\"@type\":\"WebPage\",\"@id\":\"https:\/\/legandgo.com\/es\/shop\/complementos\/complemento-downhill-bike\/\",\"url\":\"https:\/\/legandgo.com\/es\/shop\/complementos\/complemento-downhill-bike\/\",\"name\":\"Complemento Downhill Bike &#183; leg&amp;go\",\"isPartOf\":{\"@id\":\"https:\/\/legandgo.com\/es\/#website\"},\"primaryImageOfPage\":{\"@id\":\"https:\/\/legandgo.com\/es\/shop\/complementos\/complemento-downhill-bike\/#primaryimage\"},\"image\":{\"@id\":\"https:\/\/legandgo.com\/es\/shop\/complementos\/complemento-downhill-bike\/#primaryimage\"},\"thumbnailUrl\":\"https:\/\/legandgo.com\/wp-content\/uploads\/2021\/02\/Downhill_add-on.jpg\",\"datePublished\":\"2021-02-03T16:46:05+00:00\",\"dateModified\":\"2026-02-13T12:32:28+00:00\",\"description\":\"Complemento de descenso para bicicleta de equilibrio de madera Leg&Go 3 en 1 para convertir la bicicleta de equilibrio en una bicicleta de descenso para ni\u00f1os peque\u00f1os\",\"breadcrumb\":{\"@id\":\"https:\/\/legandgo.com\/es\/shop\/complementos\/complemento-downhill-bike\/#breadcrumb\"},\"inLanguage\":\"es\",\"potentialAction\":[{\"@type\":\"ReadAction\",\"target\":[\"https:\/\/legandgo.com\/es\/shop\/complementos\/complemento-downhill-bike\/\"]}]},{\"@type\":\"ImageObject\",\"inLanguage\":\"es\",\"@id\":\"https:\/\/legandgo.com\/es\/shop\/complementos\/complemento-downhill-bike\/#primaryimage\",\"url\":\"https:\/\/legandgo.com\/wp-content\/uploads\/2021\/02\/Downhill_add-on.jpg\",\"contentUrl\":\"https:\/\/legandgo.com\/wp-content\/uploads\/2021\/02\/Downhill_add-on.jpg\",\"width\":750,\"height\":749},{\"@type\":\"BreadcrumbList\",\"@id\":\"https:\/\/legandgo.com\/es\/shop\/complementos\/complemento-downhill-bike\/#breadcrumb\",\"itemListElement\":[{\"@type\":\"ListItem\",\"position\":1,\"name\":\"Home\",\"item\":\"https:\/\/legandgo.com\/es\/\"},{\"@type\":\"ListItem\",\"position\":2,\"name\":\"Tienda\",\"item\":\"https:\/\/legandgo.com\/es\/shop\/\"},{\"@type\":\"ListItem\",\"position\":3,\"name\":\"Complemento Downhill Bike\"}]},{\"@type\":\"WebSite\",\"@id\":\"https:\/\/legandgo.com\/es\/#website\",\"url\":\"https:\/\/legandgo.com\/es\/\",\"name\":\"leg&amp;go\",\"description\":\"\",\"publisher\":{\"@id\":\"https:\/\/legandgo.com\/es\/#organization\"},\"potentialAction\":[{\"@type\":\"SearchAction\",\"target\":{\"@type\":\"EntryPoint\",\"urlTemplate\":\"https:\/\/legandgo.com\/es\/?s={search_term_string}\"},\"query-input\":{\"@type\":\"PropertyValueSpecification\",\"valueRequired\":true,\"valueName\":\"search_term_string\"}}],\"inLanguage\":\"es\"},{\"@type\":\"Organization\",\"@id\":\"https:\/\/legandgo.com\/es\/#organization\",\"name\":\"leg&go bike\",\"url\":\"https:\/\/legandgo.com\/es\/\",\"logo\":{\"@type\":\"ImageObject\",\"inLanguage\":\"es\",\"@id\":\"https:\/\/legandgo.com\/es\/#\/schema\/logo\/image\/\",\"url\":\"https:\/\/legandgo.com\/wp-content\/uploads\/2021\/03\/logorf.png\",\"contentUrl\":\"https:\/\/legandgo.com\/wp-content\/uploads\/2021\/03\/logorf.png\",\"width\":675,\"height\":216,\"caption\":\"leg&go bike\"},\"image\":{\"@id\":\"https:\/\/legandgo.com\/es\/#\/schema\/logo\/image\/\"},\"sameAs\":[\"https:\/\/www.facebook.com\/legandgo\",\"https:\/\/www.instagram.com\/legandgo\/\",\"https:\/\/www.linkedin.com\/company\/legandgo\/\",\"https:\/\/www.pinterest.com\/legandgo\/\",\"https:\/\/www.youtube.com\/channel\/UC_FBzWPmKWE0g7fcR4Xdfuw\/\"]}]}<\/script>\n<!-- \/ Yoast SEO plugin. -->","yoast_head_json":{"title":"Complemento Downhill Bike &#183; leg&amp;go","description":"Complemento de descenso para bicicleta de equilibrio de madera Leg&Go 3 en 1 para convertir la bicicleta de equilibrio en una bicicleta de descenso para ni\u00f1os peque\u00f1os","robots":{"index":"index","follow":"follow","max-snippet":"max-snippet:-1","max-image-preview":"max-image-preview:large","max-video-preview":"max-video-preview:-1"},"canonical":"https:\/\/legandgo.com\/es\/shop\/complementos\/complemento-downhill-bike\/","og_locale":"es_ES","og_type":"article","og_title":"Complemento Downhill Bike &#183; leg&amp;go","og_description":"Complemento de descenso para bicicleta de equilibrio de madera Leg&Go 3 en 1 para convertir la bicicleta de equilibrio en una bicicleta de descenso para ni\u00f1os peque\u00f1os","og_url":"https:\/\/legandgo.com\/es\/shop\/complementos\/complemento-downhill-bike\/","og_site_name":"leg&amp;go","article_publisher":"https:\/\/www.facebook.com\/legandgo","article_modified_time":"2026-02-13T12:32:28+00:00","og_image":[{"width":750,"height":749,"url":"https:\/\/legandgo.com\/wp-content\/uploads\/2021\/02\/Downhill_add-on.jpg","type":"image\/jpeg"}],"twitter_card":"summary_large_image","twitter_misc":{"Est. reading time":"1 minuto"},"schema":{"@context":"https:\/\/schema.org","@graph":[{"@type":"WebPage","@id":"https:\/\/legandgo.com\/es\/shop\/complementos\/complemento-downhill-bike\/","url":"https:\/\/legandgo.com\/es\/shop\/complementos\/complemento-downhill-bike\/","name":"Complemento Downhill Bike &#183; leg&amp;go","isPartOf":{"@id":"https:\/\/legandgo.com\/es\/#website"},"primaryImageOfPage":{"@id":"https:\/\/legandgo.com\/es\/shop\/complementos\/complemento-downhill-bike\/#primaryimage"},"image":{"@id":"https:\/\/legandgo.com\/es\/shop\/complementos\/complemento-downhill-bike\/#primaryimage"},"thumbnailUrl":"https:\/\/legandgo.com\/wp-content\/uploads\/2021\/02\/Downhill_add-on.jpg","datePublished":"2021-02-03T16:46:05+00:00","dateModified":"2026-02-13T12:32:28+00:00","description":"Complemento de descenso para bicicleta de equilibrio de madera Leg&Go 3 en 1 para convertir la bicicleta de equilibrio en una bicicleta de descenso para ni\u00f1os peque\u00f1os","breadcrumb":{"@id":"https:\/\/legandgo.com\/es\/shop\/complementos\/complemento-downhill-bike\/#breadcrumb"},"inLanguage":"es","potentialAction":[{"@type":"ReadAction","target":["https:\/\/legandgo.com\/es\/shop\/complementos\/complemento-downhill-bike\/"]}]},{"@type":"ImageObject","inLanguage":"es","@id":"https:\/\/legandgo.com\/es\/shop\/complementos\/complemento-downhill-bike\/#primaryimage","url":"https:\/\/legandgo.com\/wp-content\/uploads\/2021\/02\/Downhill_add-on.jpg","contentUrl":"https:\/\/legandgo.com\/wp-content\/uploads\/2021\/02\/Downhill_add-on.jpg","width":750,"height":749},{"@type":"BreadcrumbList","@id":"https:\/\/legandgo.com\/es\/shop\/complementos\/complemento-downhill-bike\/#breadcrumb","itemListElement":[{"@type":"ListItem","position":1,"name":"Home","item":"https:\/\/legandgo.com\/es\/"},{"@type":"ListItem","position":2,"name":"Tienda","item":"https:\/\/legandgo.com\/es\/shop\/"},{"@type":"ListItem","position":3,"name":"Complemento Downhill Bike"}]},{"@type":"WebSite","@id":"https:\/\/legandgo.com\/es\/#website","url":"https:\/\/legandgo.com\/es\/","name":"leg&amp;go","description":"","publisher":{"@id":"https:\/\/legandgo.com\/es\/#organization"},"potentialAction":[{"@type":"SearchAction","target":{"@type":"EntryPoint","urlTemplate":"https:\/\/legandgo.com\/es\/?s={search_term_string}"},"query-input":{"@type":"PropertyValueSpecification","valueRequired":true,"valueName":"search_term_string"}}],"inLanguage":"es"},{"@type":"Organization","@id":"https:\/\/legandgo.com\/es\/#organization","name":"leg&go bike","url":"https:\/\/legandgo.com\/es\/","logo":{"@type":"ImageObject","inLanguage":"es","@id":"https:\/\/legandgo.com\/es\/#\/schema\/logo\/image\/","url":"https:\/\/legandgo.com\/wp-content\/uploads\/2021\/03\/logorf.png","contentUrl":"https:\/\/legandgo.com\/wp-content\/uploads\/2021\/03\/logorf.png","width":675,"height":216,"caption":"leg&go bike"},"image":{"@id":"https:\/\/legandgo.com\/es\/#\/schema\/logo\/image\/"},"sameAs":["https:\/\/www.facebook.com\/legandgo","https:\/\/www.instagram.com\/legandgo\/","https:\/\/www.linkedin.com\/company\/legandgo\/","https:\/\/www.pinterest.com\/legandgo\/","https:\/\/www.youtube.com\/channel\/UC_FBzWPmKWE0g7fcR4Xdfuw\/"]}]}},"_links":{"self":[{"href":"https:\/\/legandgo.com\/es\/wp-json\/wp\/v2\/product\/42721","targetHints":{"allow":["GET"]}}],"collection":[{"href":"https:\/\/legandgo.com\/es\/wp-json\/wp\/v2\/product"}],"about":[{"href":"https:\/\/legandgo.com\/es\/wp-json\/wp\/v2\/types\/product"}],"replies":[{"embeddable":true,"href":"https:\/\/legandgo.com\/es\/wp-json\/wp\/v2\/comments?post=42721"}],"version-history":[{"count":3,"href":"https:\/\/legandgo.com\/es\/wp-json\/wp\/v2\/product\/42721\/revisions"}],"predecessor-version":[{"id":51710,"href":"https:\/\/legandgo.com\/es\/wp-json\/wp\/v2\/product\/42721\/revisions\/51710"}],"wp:featuredmedia":[{"embeddable":true,"href":"https:\/\/legandgo.com\/es\/wp-json\/wp\/v2\/media\/42724"}],"wp:attachment":[{"href":"https:\/\/legandgo.com\/es\/wp-json\/wp\/v2\/media?parent=42721"}],"wp:term":[{"taxonomy":"product_brand","embeddable":true,"href":"https:\/\/legandgo.com\/es\/wp-json\/wp\/v2\/product_brand?post=42721"},{"taxonomy":"product_cat","embeddable":true,"href":"https:\/\/legandgo.com\/es\/wp-json\/wp\/v2\/product_cat?post=42721"},{"taxonomy":"product_tag","embeddable":true,"href":"https:\/\/legandgo.com\/es\/wp-json\/wp\/v2\/product_tag?post=42721"}],"curies":[{"name":"wp","href":"https:\/\/api.w.org\/{rel}","templated":true}]}}