{"id":42867,"date":"2022-06-16T20:41:49","date_gmt":"2022-06-16T18:41:49","guid":{"rendered":"https:\/\/legandgo.com\/shop\/sin%20categor\u00eda\/gimnasio-de-madera-para-bebes\/"},"modified":"2026-03-24T15:18:41","modified_gmt":"2026-03-24T13:18:41","slug":"gimnasio-de-madera-para-bebes","status":"publish","type":"product","link":"https:\/\/legandgo.com\/es\/shop\/juguetes\/gimnasio-de-madera-para-bebes\/","title":{"rendered":"Gimnasio de madera para beb\u00e9s"},"content":{"rendered":"<p style=\"font-weight: 400;\">Un espacio tranquilo para jugar, crecer y descubrir.<\/p>\n<p style=\"font-weight: 400;\">Nuestro gimnasio para beb\u00e9s de madera crea un entorno seguro y bellamente dise\u00f1ado donde tu reci\u00e9n nacido puede explorar el movimiento, la concentraci\u00f3n y el juego sensorial desde el primer momento.<\/p>\n<p style=\"font-weight: 400;\">Simplemente coloca a tu beb\u00e9 sobre una manta suave o una alfombra de juego y observa c\u00f3mo comienza a notar, alcanzar e interactuar con el mundo que le rodea.<\/p>\n<p style=\"font-weight: 400;\"><strong>Elige solo la estructura o selecciona un conjunto de juguetes coordinado en Blanco y Negro, Azul o Rosa para empezar a jugar de inmediato.<\/strong><\/p>\n<p style=\"font-weight: 400;\">Un regalo ideal para nuevos padres.<\/p>\n","protected":false},"excerpt":{"rendered":"<p>Un espacio tranquilo para jugar, crecer y descubrir. Nuestro gimnasio para beb\u00e9s de madera crea un entorno seguro y bellamente dise\u00f1ado donde tu reci\u00e9n nacido puede explorar el movimiento, la concentraci\u00f3n y el juego sensorial desde el primer momento. Simplemente coloca a tu beb\u00e9 sobre una manta suave o una alfombra de juego y observa<a class=\"excerpt-read-more\" href=\"https:\/\/legandgo.com\/es\/shop\/juguetes\/gimnasio-de-madera-para-bebes\/\" title=\"ReadGimnasio de madera para beb\u00e9s\">&#8230; Read more &raquo;<\/a><\/p>\n","protected":false},"featured_media":48679,"comment_status":"closed","ping_status":"closed","template":"","meta":{"_acf_changed":false,"inline_featured_image":false,"footnotes":""},"product_brand":[],"product_cat":[1321,1018],"product_tag":[1729,1721,1725,1717,1713],"class_list":{"0":"post-42867","1":"product","2":"type-product","3":"status-publish","4":"has-post-thumbnail","6":"product_cat-categoria-de-juguete","7":"product_cat-juguetes","8":"product_tag-leg-go-2","9":"product_tag-leg-and-go","10":"product_tag-leg-go","11":"product_tag-leggo","12":"product_tag-legandgo","13":"product_shipping_class-toys-shipping-es","14":"pa_color-type-azul","15":"pa_color-type-blanco-y-negro","16":"pa_color-type-rosa-es","17":"pa_color-type-solo-estructura","19":"first","20":"instock","21":"purchasable","22":"product-type-variable","23":"has-default-attributes"},"bundled_by":[],"bundle_stock_status":"instock","bundle_stock_quantity":null,"bundle_virtual":false,"bundle_layout":"","bundle_add_to_cart_form_location":"","bundle_editable_in_cart":false,"bundle_sold_individually_context":"","bundle_item_grouping":"","bundle_min_size":"","bundle_max_size":"","bundle_price":[],"bundled_items":[],"bundle_sell_ids":[],"acf":[],"yoast_head":"<!-- This site is optimized with the Yoast SEO plugin v25.9 - https:\/\/yoast.com\/wordpress\/plugins\/seo\/ -->\n<title>Gimnasio de madera para beb\u00e9s - Gimnasio de actividades<\/title>\n<meta name=\"description\" content=\"Gimnasio de madera para beb\u00e9s y reci\u00e9n nacidos. Favorece el desarrollo sensorial, el movimiento y el aprendizaje temprano a trav\u00e9s del juego.\" \/>\n<meta name=\"robots\" content=\"index, follow, max-snippet:-1, max-image-preview:large, max-video-preview:-1\" \/>\n<link rel=\"canonical\" href=\"https:\/\/legandgo.com\/es\/shop\/juguetes\/gimnasio-de-madera-para-bebes\/\" \/>\n<meta property=\"og:locale\" content=\"es_ES\" \/>\n<meta property=\"og:type\" content=\"article\" \/>\n<meta property=\"og:title\" content=\"Gimnasio de madera para beb\u00e9s - Gimnasio de actividades\" \/>\n<meta property=\"og:description\" content=\"Gimnasio de madera para beb\u00e9s y reci\u00e9n nacidos. Favorece el desarrollo sensorial, el movimiento y el aprendizaje temprano a trav\u00e9s del juego.\" \/>\n<meta property=\"og:url\" content=\"https:\/\/legandgo.com\/es\/shop\/juguetes\/gimnasio-de-madera-para-bebes\/\" \/>\n<meta property=\"og:site_name\" content=\"leg&amp;go\" \/>\n<meta property=\"article:publisher\" content=\"https:\/\/www.facebook.com\/legandgo\" \/>\n<meta property=\"article:modified_time\" content=\"2026-03-24T13:18:41+00:00\" \/>\n<meta property=\"og:image\" content=\"https:\/\/legandgo.com\/wp-content\/uploads\/2022\/06\/wooden-baby-gym-scaled.jpg\" \/>\n\t<meta property=\"og:image:width\" content=\"2560\" \/>\n\t<meta property=\"og:image:height\" content=\"2560\" \/>\n\t<meta property=\"og:image:type\" content=\"image\/jpeg\" \/>\n<meta name=\"twitter:card\" content=\"summary_large_image\" \/>\n<meta name=\"twitter:label1\" content=\"Est. reading time\" \/>\n\t<meta name=\"twitter:data1\" content=\"1 minuto\" \/>\n<script type=\"application\/ld+json\" class=\"yoast-schema-graph\">{\"@context\":\"https:\/\/schema.org\",\"@graph\":[{\"@type\":\"WebPage\",\"@id\":\"https:\/\/legandgo.com\/es\/shop\/juguetes\/gimnasio-de-madera-para-bebes\/\",\"url\":\"https:\/\/legandgo.com\/es\/shop\/juguetes\/gimnasio-de-madera-para-bebes\/\",\"name\":\"Gimnasio de madera para beb\u00e9s - Gimnasio de actividades\",\"isPartOf\":{\"@id\":\"https:\/\/legandgo.com\/es\/#website\"},\"primaryImageOfPage\":{\"@id\":\"https:\/\/legandgo.com\/es\/shop\/juguetes\/gimnasio-de-madera-para-bebes\/#primaryimage\"},\"image\":{\"@id\":\"https:\/\/legandgo.com\/es\/shop\/juguetes\/gimnasio-de-madera-para-bebes\/#primaryimage\"},\"thumbnailUrl\":\"https:\/\/legandgo.com\/wp-content\/uploads\/2022\/06\/wooden-baby-gym-scaled.jpg\",\"datePublished\":\"2022-06-16T18:41:49+00:00\",\"dateModified\":\"2026-03-24T13:18:41+00:00\",\"description\":\"Gimnasio de madera para beb\u00e9s y reci\u00e9n nacidos. Favorece el desarrollo sensorial, el movimiento y el aprendizaje temprano a trav\u00e9s del juego.\",\"breadcrumb\":{\"@id\":\"https:\/\/legandgo.com\/es\/shop\/juguetes\/gimnasio-de-madera-para-bebes\/#breadcrumb\"},\"inLanguage\":\"es\",\"potentialAction\":[{\"@type\":\"ReadAction\",\"target\":[\"https:\/\/legandgo.com\/es\/shop\/juguetes\/gimnasio-de-madera-para-bebes\/\"]}]},{\"@type\":\"ImageObject\",\"inLanguage\":\"es\",\"@id\":\"https:\/\/legandgo.com\/es\/shop\/juguetes\/gimnasio-de-madera-para-bebes\/#primaryimage\",\"url\":\"https:\/\/legandgo.com\/wp-content\/uploads\/2022\/06\/wooden-baby-gym-scaled.jpg\",\"contentUrl\":\"https:\/\/legandgo.com\/wp-content\/uploads\/2022\/06\/wooden-baby-gym-scaled.jpg\",\"width\":2560,\"height\":2560},{\"@type\":\"BreadcrumbList\",\"@id\":\"https:\/\/legandgo.com\/es\/shop\/juguetes\/gimnasio-de-madera-para-bebes\/#breadcrumb\",\"itemListElement\":[{\"@type\":\"ListItem\",\"position\":1,\"name\":\"Home\",\"item\":\"https:\/\/legandgo.com\/es\/\"},{\"@type\":\"ListItem\",\"position\":2,\"name\":\"Tienda\",\"item\":\"https:\/\/legandgo.com\/es\/shop\/\"},{\"@type\":\"ListItem\",\"position\":3,\"name\":\"Gimnasio de madera para beb\u00e9s\"}]},{\"@type\":\"WebSite\",\"@id\":\"https:\/\/legandgo.com\/es\/#website\",\"url\":\"https:\/\/legandgo.com\/es\/\",\"name\":\"leg&amp;go\",\"description\":\"\",\"publisher\":{\"@id\":\"https:\/\/legandgo.com\/es\/#organization\"},\"potentialAction\":[{\"@type\":\"SearchAction\",\"target\":{\"@type\":\"EntryPoint\",\"urlTemplate\":\"https:\/\/legandgo.com\/es\/?s={search_term_string}\"},\"query-input\":{\"@type\":\"PropertyValueSpecification\",\"valueRequired\":true,\"valueName\":\"search_term_string\"}}],\"inLanguage\":\"es\"},{\"@type\":\"Organization\",\"@id\":\"https:\/\/legandgo.com\/es\/#organization\",\"name\":\"leg&go bike\",\"url\":\"https:\/\/legandgo.com\/es\/\",\"logo\":{\"@type\":\"ImageObject\",\"inLanguage\":\"es\",\"@id\":\"https:\/\/legandgo.com\/es\/#\/schema\/logo\/image\/\",\"url\":\"https:\/\/legandgo.com\/wp-content\/uploads\/2021\/03\/logorf.png\",\"contentUrl\":\"https:\/\/legandgo.com\/wp-content\/uploads\/2021\/03\/logorf.png\",\"width\":675,\"height\":216,\"caption\":\"leg&go bike\"},\"image\":{\"@id\":\"https:\/\/legandgo.com\/es\/#\/schema\/logo\/image\/\"},\"sameAs\":[\"https:\/\/www.facebook.com\/legandgo\",\"https:\/\/www.instagram.com\/legandgo\/\",\"https:\/\/www.linkedin.com\/company\/legandgo\/\",\"https:\/\/www.pinterest.com\/legandgo\/\",\"https:\/\/www.youtube.com\/channel\/UC_FBzWPmKWE0g7fcR4Xdfuw\/\"]}]}<\/script>\n<!-- \/ Yoast SEO plugin. -->","yoast_head_json":{"title":"Gimnasio de madera para beb\u00e9s - Gimnasio de actividades","description":"Gimnasio de madera para beb\u00e9s y reci\u00e9n nacidos. Favorece el desarrollo sensorial, el movimiento y el aprendizaje temprano a trav\u00e9s del juego.","robots":{"index":"index","follow":"follow","max-snippet":"max-snippet:-1","max-image-preview":"max-image-preview:large","max-video-preview":"max-video-preview:-1"},"canonical":"https:\/\/legandgo.com\/es\/shop\/juguetes\/gimnasio-de-madera-para-bebes\/","og_locale":"es_ES","og_type":"article","og_title":"Gimnasio de madera para beb\u00e9s - Gimnasio de actividades","og_description":"Gimnasio de madera para beb\u00e9s y reci\u00e9n nacidos. Favorece el desarrollo sensorial, el movimiento y el aprendizaje temprano a trav\u00e9s del juego.","og_url":"https:\/\/legandgo.com\/es\/shop\/juguetes\/gimnasio-de-madera-para-bebes\/","og_site_name":"leg&amp;go","article_publisher":"https:\/\/www.facebook.com\/legandgo","article_modified_time":"2026-03-24T13:18:41+00:00","og_image":[{"width":2560,"height":2560,"url":"https:\/\/legandgo.com\/wp-content\/uploads\/2022\/06\/wooden-baby-gym-scaled.jpg","type":"image\/jpeg"}],"twitter_card":"summary_large_image","twitter_misc":{"Est. reading time":"1 minuto"},"schema":{"@context":"https:\/\/schema.org","@graph":[{"@type":"WebPage","@id":"https:\/\/legandgo.com\/es\/shop\/juguetes\/gimnasio-de-madera-para-bebes\/","url":"https:\/\/legandgo.com\/es\/shop\/juguetes\/gimnasio-de-madera-para-bebes\/","name":"Gimnasio de madera para beb\u00e9s - Gimnasio de actividades","isPartOf":{"@id":"https:\/\/legandgo.com\/es\/#website"},"primaryImageOfPage":{"@id":"https:\/\/legandgo.com\/es\/shop\/juguetes\/gimnasio-de-madera-para-bebes\/#primaryimage"},"image":{"@id":"https:\/\/legandgo.com\/es\/shop\/juguetes\/gimnasio-de-madera-para-bebes\/#primaryimage"},"thumbnailUrl":"https:\/\/legandgo.com\/wp-content\/uploads\/2022\/06\/wooden-baby-gym-scaled.jpg","datePublished":"2022-06-16T18:41:49+00:00","dateModified":"2026-03-24T13:18:41+00:00","description":"Gimnasio de madera para beb\u00e9s y reci\u00e9n nacidos. Favorece el desarrollo sensorial, el movimiento y el aprendizaje temprano a trav\u00e9s del juego.","breadcrumb":{"@id":"https:\/\/legandgo.com\/es\/shop\/juguetes\/gimnasio-de-madera-para-bebes\/#breadcrumb"},"inLanguage":"es","potentialAction":[{"@type":"ReadAction","target":["https:\/\/legandgo.com\/es\/shop\/juguetes\/gimnasio-de-madera-para-bebes\/"]}]},{"@type":"ImageObject","inLanguage":"es","@id":"https:\/\/legandgo.com\/es\/shop\/juguetes\/gimnasio-de-madera-para-bebes\/#primaryimage","url":"https:\/\/legandgo.com\/wp-content\/uploads\/2022\/06\/wooden-baby-gym-scaled.jpg","contentUrl":"https:\/\/legandgo.com\/wp-content\/uploads\/2022\/06\/wooden-baby-gym-scaled.jpg","width":2560,"height":2560},{"@type":"BreadcrumbList","@id":"https:\/\/legandgo.com\/es\/shop\/juguetes\/gimnasio-de-madera-para-bebes\/#breadcrumb","itemListElement":[{"@type":"ListItem","position":1,"name":"Home","item":"https:\/\/legandgo.com\/es\/"},{"@type":"ListItem","position":2,"name":"Tienda","item":"https:\/\/legandgo.com\/es\/shop\/"},{"@type":"ListItem","position":3,"name":"Gimnasio de madera para beb\u00e9s"}]},{"@type":"WebSite","@id":"https:\/\/legandgo.com\/es\/#website","url":"https:\/\/legandgo.com\/es\/","name":"leg&amp;go","description":"","publisher":{"@id":"https:\/\/legandgo.com\/es\/#organization"},"potentialAction":[{"@type":"SearchAction","target":{"@type":"EntryPoint","urlTemplate":"https:\/\/legandgo.com\/es\/?s={search_term_string}"},"query-input":{"@type":"PropertyValueSpecification","valueRequired":true,"valueName":"search_term_string"}}],"inLanguage":"es"},{"@type":"Organization","@id":"https:\/\/legandgo.com\/es\/#organization","name":"leg&go bike","url":"https:\/\/legandgo.com\/es\/","logo":{"@type":"ImageObject","inLanguage":"es","@id":"https:\/\/legandgo.com\/es\/#\/schema\/logo\/image\/","url":"https:\/\/legandgo.com\/wp-content\/uploads\/2021\/03\/logorf.png","contentUrl":"https:\/\/legandgo.com\/wp-content\/uploads\/2021\/03\/logorf.png","width":675,"height":216,"caption":"leg&go bike"},"image":{"@id":"https:\/\/legandgo.com\/es\/#\/schema\/logo\/image\/"},"sameAs":["https:\/\/www.facebook.com\/legandgo","https:\/\/www.instagram.com\/legandgo\/","https:\/\/www.linkedin.com\/company\/legandgo\/","https:\/\/www.pinterest.com\/legandgo\/","https:\/\/www.youtube.com\/channel\/UC_FBzWPmKWE0g7fcR4Xdfuw\/"]}]}},"_links":{"self":[{"href":"https:\/\/legandgo.com\/es\/wp-json\/wp\/v2\/product\/42867","targetHints":{"allow":["GET"]}}],"collection":[{"href":"https:\/\/legandgo.com\/es\/wp-json\/wp\/v2\/product"}],"about":[{"href":"https:\/\/legandgo.com\/es\/wp-json\/wp\/v2\/types\/product"}],"replies":[{"embeddable":true,"href":"https:\/\/legandgo.com\/es\/wp-json\/wp\/v2\/comments?post=42867"}],"version-history":[{"count":10,"href":"https:\/\/legandgo.com\/es\/wp-json\/wp\/v2\/product\/42867\/revisions"}],"predecessor-version":[{"id":62595,"href":"https:\/\/legandgo.com\/es\/wp-json\/wp\/v2\/product\/42867\/revisions\/62595"}],"wp:featuredmedia":[{"embeddable":true,"href":"https:\/\/legandgo.com\/es\/wp-json\/wp\/v2\/media\/48679"}],"wp:attachment":[{"href":"https:\/\/legandgo.com\/es\/wp-json\/wp\/v2\/media?parent=42867"}],"wp:term":[{"taxonomy":"product_brand","embeddable":true,"href":"https:\/\/legandgo.com\/es\/wp-json\/wp\/v2\/product_brand?post=42867"},{"taxonomy":"product_cat","embeddable":true,"href":"https:\/\/legandgo.com\/es\/wp-json\/wp\/v2\/product_cat?post=42867"},{"taxonomy":"product_tag","embeddable":true,"href":"https:\/\/legandgo.com\/es\/wp-json\/wp\/v2\/product_tag?post=42867"}],"curies":[{"name":"wp","href":"https:\/\/api.w.org\/{rel}","templated":true}]}}