{"id":43004,"date":"2022-03-01T14:46:38","date_gmt":"2022-03-01T12:46:38","guid":{"rendered":"https:\/\/legandgo.com\/shop\/sin%20categor\u00eda\/mesa-y-silla-para-pared-sueca-de-escalada\/"},"modified":"2026-04-08T17:35:33","modified_gmt":"2026-04-08T15:35:33","slug":"https-legandgo-com-es-shop-juguetes-mesa-y-silla-para-pared-sueca-de-escalada-switch_languagees","status":"publish","type":"product","link":"https:\/\/legandgo.com\/es\/shop\/juguetes\/https-legandgo-com-es-shop-juguetes-mesa-y-silla-para-pared-sueca-de-escalada-switch_languagees\/","title":{"rendered":"Mesa y silla para pared sueca de escalada"},"content":{"rendered":"<p style=\"font-weight: 400;\">Del movimiento a los momentos de concentraci\u00f3n.<\/p>\n<p style=\"font-weight: 400;\">Nuestro complemento Mesa y Silla transforma tu Espaldera Sueca y Tri\u00e1ngulo de Escalada 2en1 en un espacio dedicado a la creatividad, el aprendizaje y las actividades diarias.<\/p>\n<p style=\"font-weight: 400;\">Simplemente coloca la mesa a la altura deseada para crear una superficie c\u00f3moda para dibujar, escribir, hacer rompecabezas o manualidades. Incluso puede funcionar como una pr\u00e1ctica mesa para port\u00e1til para adultos.<\/p>\n<p style=\"font-weight: 400;\">Ten en cuenta: El set Espaldera Sueca 2en1 no est\u00e1 incluido, es necesario para este producto y debe adquirirse por separado.<\/p>\n<p style=\"font-weight: 400;\"><strong>Explora m\u00e1s abajo.<\/strong><\/p>\n","protected":false},"excerpt":{"rendered":"<p>Del movimiento a los momentos de concentraci\u00f3n. Nuestro complemento Mesa y Silla transforma tu Espaldera Sueca y Tri\u00e1ngulo de Escalada 2en1 en un espacio dedicado a la creatividad, el aprendizaje y las actividades diarias. Simplemente coloca la mesa a la altura deseada para crear una superficie c\u00f3moda para dibujar, escribir, hacer rompecabezas o manualidades. Incluso<a class=\"excerpt-read-more\" href=\"https:\/\/legandgo.com\/es\/shop\/juguetes\/https-legandgo-com-es-shop-juguetes-mesa-y-silla-para-pared-sueca-de-escalada-switch_languagees\/\" title=\"ReadMesa y silla para pared sueca de escalada\">&#8230; Read more &raquo;<\/a><\/p>\n","protected":false},"featured_media":53841,"comment_status":"closed","ping_status":"closed","template":"","meta":{"_acf_changed":false,"inline_featured_image":false,"footnotes":""},"product_brand":[],"product_cat":[1321,1018],"product_tag":[],"class_list":{"0":"post-43004","1":"product","2":"type-product","3":"status-publish","4":"has-post-thumbnail","6":"product_cat-categoria-de-juguete","7":"product_cat-juguetes","8":"product_shipping_class-climbers-shipping-es","10":"first","11":"instock","12":"sale","13":"purchasable","14":"product-type-simple"},"bundled_by":[],"bundle_stock_status":"instock","bundle_stock_quantity":null,"bundle_virtual":false,"bundle_layout":"","bundle_add_to_cart_form_location":"","bundle_editable_in_cart":false,"bundle_sold_individually_context":"","bundle_item_grouping":"","bundle_min_size":"","bundle_max_size":"","bundle_price":[],"bundled_items":[],"bundle_sell_ids":[],"acf":[],"yoast_head":"<!-- This site is optimized with the Yoast SEO plugin v25.9 - https:\/\/yoast.com\/wordpress\/plugins\/seo\/ -->\n<title>Mesa y silla para pared sueca de escalada &#183; leg&amp;go<\/title>\n<meta name=\"description\" content=\"Mesa y silla adicionales para el juego de escalada triangular Leg&amp;Go Swedish Wall. Convierte este juego de actividades de madera en un lugar para sentarse y relajarse.\" \/>\n<meta name=\"robots\" content=\"index, follow, max-snippet:-1, max-image-preview:large, max-video-preview:-1\" \/>\n<link rel=\"canonical\" href=\"https:\/\/legandgo.com\/es\/shop\/juguetes\/https-legandgo-com-es-shop-juguetes-mesa-y-silla-para-pared-sueca-de-escalada-switch_languagees\/\" \/>\n<meta property=\"og:locale\" content=\"es_ES\" \/>\n<meta property=\"og:type\" content=\"article\" \/>\n<meta property=\"og:title\" content=\"Mesa y silla para pared sueca de escalada &#183; leg&amp;go\" \/>\n<meta property=\"og:description\" content=\"Mesa y silla adicionales para el juego de escalada triangular Leg&amp;Go Swedish Wall. Convierte este juego de actividades de madera en un lugar para sentarse y relajarse.\" \/>\n<meta property=\"og:url\" content=\"https:\/\/legandgo.com\/es\/shop\/juguetes\/https-legandgo-com-es-shop-juguetes-mesa-y-silla-para-pared-sueca-de-escalada-switch_languagees\/\" \/>\n<meta property=\"og:site_name\" content=\"leg&amp;go\" \/>\n<meta property=\"article:publisher\" content=\"https:\/\/www.facebook.com\/legandgo\" \/>\n<meta property=\"article:modified_time\" content=\"2026-04-08T15:35:33+00:00\" \/>\n<meta property=\"og:image\" content=\"https:\/\/legandgo.com\/wp-content\/uploads\/2022\/03\/Swedish-wall-table-and-chair-addon.jpg\" \/>\n\t<meta property=\"og:image:width\" content=\"2048\" \/>\n\t<meta property=\"og:image:height\" content=\"2048\" \/>\n\t<meta property=\"og:image:type\" content=\"image\/jpeg\" \/>\n<meta name=\"twitter:card\" content=\"summary_large_image\" \/>\n<script type=\"application\/ld+json\" class=\"yoast-schema-graph\">{\"@context\":\"https:\/\/schema.org\",\"@graph\":[{\"@type\":\"WebPage\",\"@id\":\"https:\/\/legandgo.com\/es\/shop\/juguetes\/https-legandgo-com-es-shop-juguetes-mesa-y-silla-para-pared-sueca-de-escalada-switch_languagees\/\",\"url\":\"https:\/\/legandgo.com\/es\/shop\/juguetes\/https-legandgo-com-es-shop-juguetes-mesa-y-silla-para-pared-sueca-de-escalada-switch_languagees\/\",\"name\":\"Mesa y silla para pared sueca de escalada &#183; leg&amp;go\",\"isPartOf\":{\"@id\":\"https:\/\/legandgo.com\/es\/#website\"},\"primaryImageOfPage\":{\"@id\":\"https:\/\/legandgo.com\/es\/shop\/juguetes\/https-legandgo-com-es-shop-juguetes-mesa-y-silla-para-pared-sueca-de-escalada-switch_languagees\/#primaryimage\"},\"image\":{\"@id\":\"https:\/\/legandgo.com\/es\/shop\/juguetes\/https-legandgo-com-es-shop-juguetes-mesa-y-silla-para-pared-sueca-de-escalada-switch_languagees\/#primaryimage\"},\"thumbnailUrl\":\"https:\/\/legandgo.com\/wp-content\/uploads\/2022\/03\/Swedish-wall-table-and-chair-addon.jpg\",\"datePublished\":\"2022-03-01T12:46:38+00:00\",\"dateModified\":\"2026-04-08T15:35:33+00:00\",\"description\":\"Mesa y silla adicionales para el juego de escalada triangular Leg&Go Swedish Wall. Convierte este juego de actividades de madera en un lugar para sentarse y relajarse.\",\"breadcrumb\":{\"@id\":\"https:\/\/legandgo.com\/es\/shop\/juguetes\/https-legandgo-com-es-shop-juguetes-mesa-y-silla-para-pared-sueca-de-escalada-switch_languagees\/#breadcrumb\"},\"inLanguage\":\"es\",\"potentialAction\":[{\"@type\":\"ReadAction\",\"target\":[\"https:\/\/legandgo.com\/es\/shop\/juguetes\/https-legandgo-com-es-shop-juguetes-mesa-y-silla-para-pared-sueca-de-escalada-switch_languagees\/\"]}]},{\"@type\":\"ImageObject\",\"inLanguage\":\"es\",\"@id\":\"https:\/\/legandgo.com\/es\/shop\/juguetes\/https-legandgo-com-es-shop-juguetes-mesa-y-silla-para-pared-sueca-de-escalada-switch_languagees\/#primaryimage\",\"url\":\"https:\/\/legandgo.com\/wp-content\/uploads\/2022\/03\/Swedish-wall-table-and-chair-addon.jpg\",\"contentUrl\":\"https:\/\/legandgo.com\/wp-content\/uploads\/2022\/03\/Swedish-wall-table-and-chair-addon.jpg\",\"width\":2048,\"height\":2048},{\"@type\":\"BreadcrumbList\",\"@id\":\"https:\/\/legandgo.com\/es\/shop\/juguetes\/https-legandgo-com-es-shop-juguetes-mesa-y-silla-para-pared-sueca-de-escalada-switch_languagees\/#breadcrumb\",\"itemListElement\":[{\"@type\":\"ListItem\",\"position\":1,\"name\":\"Home\",\"item\":\"https:\/\/legandgo.com\/es\/\"},{\"@type\":\"ListItem\",\"position\":2,\"name\":\"Tienda\",\"item\":\"https:\/\/legandgo.com\/es\/shop\/\"},{\"@type\":\"ListItem\",\"position\":3,\"name\":\"Mesa y silla para pared sueca de escalada\"}]},{\"@type\":\"WebSite\",\"@id\":\"https:\/\/legandgo.com\/es\/#website\",\"url\":\"https:\/\/legandgo.com\/es\/\",\"name\":\"leg&amp;go\",\"description\":\"\",\"publisher\":{\"@id\":\"https:\/\/legandgo.com\/es\/#organization\"},\"potentialAction\":[{\"@type\":\"SearchAction\",\"target\":{\"@type\":\"EntryPoint\",\"urlTemplate\":\"https:\/\/legandgo.com\/es\/?s={search_term_string}\"},\"query-input\":{\"@type\":\"PropertyValueSpecification\",\"valueRequired\":true,\"valueName\":\"search_term_string\"}}],\"inLanguage\":\"es\"},{\"@type\":\"Organization\",\"@id\":\"https:\/\/legandgo.com\/es\/#organization\",\"name\":\"leg&go bike\",\"url\":\"https:\/\/legandgo.com\/es\/\",\"logo\":{\"@type\":\"ImageObject\",\"inLanguage\":\"es\",\"@id\":\"https:\/\/legandgo.com\/es\/#\/schema\/logo\/image\/\",\"url\":\"https:\/\/legandgo.com\/wp-content\/uploads\/2021\/03\/logorf.png\",\"contentUrl\":\"https:\/\/legandgo.com\/wp-content\/uploads\/2021\/03\/logorf.png\",\"width\":675,\"height\":216,\"caption\":\"leg&go bike\"},\"image\":{\"@id\":\"https:\/\/legandgo.com\/es\/#\/schema\/logo\/image\/\"},\"sameAs\":[\"https:\/\/www.facebook.com\/legandgo\",\"https:\/\/www.instagram.com\/legandgo\/\",\"https:\/\/www.linkedin.com\/company\/legandgo\/\",\"https:\/\/www.pinterest.com\/legandgo\/\",\"https:\/\/www.youtube.com\/channel\/UC_FBzWPmKWE0g7fcR4Xdfuw\/\"]}]}<\/script>\n<!-- \/ Yoast SEO plugin. -->","yoast_head_json":{"title":"Mesa y silla para pared sueca de escalada &#183; leg&amp;go","description":"Mesa y silla adicionales para el juego de escalada triangular Leg&Go Swedish Wall. Convierte este juego de actividades de madera en un lugar para sentarse y relajarse.","robots":{"index":"index","follow":"follow","max-snippet":"max-snippet:-1","max-image-preview":"max-image-preview:large","max-video-preview":"max-video-preview:-1"},"canonical":"https:\/\/legandgo.com\/es\/shop\/juguetes\/https-legandgo-com-es-shop-juguetes-mesa-y-silla-para-pared-sueca-de-escalada-switch_languagees\/","og_locale":"es_ES","og_type":"article","og_title":"Mesa y silla para pared sueca de escalada &#183; leg&amp;go","og_description":"Mesa y silla adicionales para el juego de escalada triangular Leg&Go Swedish Wall. Convierte este juego de actividades de madera en un lugar para sentarse y relajarse.","og_url":"https:\/\/legandgo.com\/es\/shop\/juguetes\/https-legandgo-com-es-shop-juguetes-mesa-y-silla-para-pared-sueca-de-escalada-switch_languagees\/","og_site_name":"leg&amp;go","article_publisher":"https:\/\/www.facebook.com\/legandgo","article_modified_time":"2026-04-08T15:35:33+00:00","og_image":[{"width":2048,"height":2048,"url":"https:\/\/legandgo.com\/wp-content\/uploads\/2022\/03\/Swedish-wall-table-and-chair-addon.jpg","type":"image\/jpeg"}],"twitter_card":"summary_large_image","schema":{"@context":"https:\/\/schema.org","@graph":[{"@type":"WebPage","@id":"https:\/\/legandgo.com\/es\/shop\/juguetes\/https-legandgo-com-es-shop-juguetes-mesa-y-silla-para-pared-sueca-de-escalada-switch_languagees\/","url":"https:\/\/legandgo.com\/es\/shop\/juguetes\/https-legandgo-com-es-shop-juguetes-mesa-y-silla-para-pared-sueca-de-escalada-switch_languagees\/","name":"Mesa y silla para pared sueca de escalada &#183; leg&amp;go","isPartOf":{"@id":"https:\/\/legandgo.com\/es\/#website"},"primaryImageOfPage":{"@id":"https:\/\/legandgo.com\/es\/shop\/juguetes\/https-legandgo-com-es-shop-juguetes-mesa-y-silla-para-pared-sueca-de-escalada-switch_languagees\/#primaryimage"},"image":{"@id":"https:\/\/legandgo.com\/es\/shop\/juguetes\/https-legandgo-com-es-shop-juguetes-mesa-y-silla-para-pared-sueca-de-escalada-switch_languagees\/#primaryimage"},"thumbnailUrl":"https:\/\/legandgo.com\/wp-content\/uploads\/2022\/03\/Swedish-wall-table-and-chair-addon.jpg","datePublished":"2022-03-01T12:46:38+00:00","dateModified":"2026-04-08T15:35:33+00:00","description":"Mesa y silla adicionales para el juego de escalada triangular Leg&Go Swedish Wall. Convierte este juego de actividades de madera en un lugar para sentarse y relajarse.","breadcrumb":{"@id":"https:\/\/legandgo.com\/es\/shop\/juguetes\/https-legandgo-com-es-shop-juguetes-mesa-y-silla-para-pared-sueca-de-escalada-switch_languagees\/#breadcrumb"},"inLanguage":"es","potentialAction":[{"@type":"ReadAction","target":["https:\/\/legandgo.com\/es\/shop\/juguetes\/https-legandgo-com-es-shop-juguetes-mesa-y-silla-para-pared-sueca-de-escalada-switch_languagees\/"]}]},{"@type":"ImageObject","inLanguage":"es","@id":"https:\/\/legandgo.com\/es\/shop\/juguetes\/https-legandgo-com-es-shop-juguetes-mesa-y-silla-para-pared-sueca-de-escalada-switch_languagees\/#primaryimage","url":"https:\/\/legandgo.com\/wp-content\/uploads\/2022\/03\/Swedish-wall-table-and-chair-addon.jpg","contentUrl":"https:\/\/legandgo.com\/wp-content\/uploads\/2022\/03\/Swedish-wall-table-and-chair-addon.jpg","width":2048,"height":2048},{"@type":"BreadcrumbList","@id":"https:\/\/legandgo.com\/es\/shop\/juguetes\/https-legandgo-com-es-shop-juguetes-mesa-y-silla-para-pared-sueca-de-escalada-switch_languagees\/#breadcrumb","itemListElement":[{"@type":"ListItem","position":1,"name":"Home","item":"https:\/\/legandgo.com\/es\/"},{"@type":"ListItem","position":2,"name":"Tienda","item":"https:\/\/legandgo.com\/es\/shop\/"},{"@type":"ListItem","position":3,"name":"Mesa y silla para pared sueca de escalada"}]},{"@type":"WebSite","@id":"https:\/\/legandgo.com\/es\/#website","url":"https:\/\/legandgo.com\/es\/","name":"leg&amp;go","description":"","publisher":{"@id":"https:\/\/legandgo.com\/es\/#organization"},"potentialAction":[{"@type":"SearchAction","target":{"@type":"EntryPoint","urlTemplate":"https:\/\/legandgo.com\/es\/?s={search_term_string}"},"query-input":{"@type":"PropertyValueSpecification","valueRequired":true,"valueName":"search_term_string"}}],"inLanguage":"es"},{"@type":"Organization","@id":"https:\/\/legandgo.com\/es\/#organization","name":"leg&go bike","url":"https:\/\/legandgo.com\/es\/","logo":{"@type":"ImageObject","inLanguage":"es","@id":"https:\/\/legandgo.com\/es\/#\/schema\/logo\/image\/","url":"https:\/\/legandgo.com\/wp-content\/uploads\/2021\/03\/logorf.png","contentUrl":"https:\/\/legandgo.com\/wp-content\/uploads\/2021\/03\/logorf.png","width":675,"height":216,"caption":"leg&go bike"},"image":{"@id":"https:\/\/legandgo.com\/es\/#\/schema\/logo\/image\/"},"sameAs":["https:\/\/www.facebook.com\/legandgo","https:\/\/www.instagram.com\/legandgo\/","https:\/\/www.linkedin.com\/company\/legandgo\/","https:\/\/www.pinterest.com\/legandgo\/","https:\/\/www.youtube.com\/channel\/UC_FBzWPmKWE0g7fcR4Xdfuw\/"]}]}},"_links":{"self":[{"href":"https:\/\/legandgo.com\/es\/wp-json\/wp\/v2\/product\/43004","targetHints":{"allow":["GET"]}}],"collection":[{"href":"https:\/\/legandgo.com\/es\/wp-json\/wp\/v2\/product"}],"about":[{"href":"https:\/\/legandgo.com\/es\/wp-json\/wp\/v2\/types\/product"}],"replies":[{"embeddable":true,"href":"https:\/\/legandgo.com\/es\/wp-json\/wp\/v2\/comments?post=43004"}],"version-history":[{"count":12,"href":"https:\/\/legandgo.com\/es\/wp-json\/wp\/v2\/product\/43004\/revisions"}],"predecessor-version":[{"id":51599,"href":"https:\/\/legandgo.com\/es\/wp-json\/wp\/v2\/product\/43004\/revisions\/51599"}],"wp:featuredmedia":[{"embeddable":true,"href":"https:\/\/legandgo.com\/es\/wp-json\/wp\/v2\/media\/53841"}],"wp:attachment":[{"href":"https:\/\/legandgo.com\/es\/wp-json\/wp\/v2\/media?parent=43004"}],"wp:term":[{"taxonomy":"product_brand","embeddable":true,"href":"https:\/\/legandgo.com\/es\/wp-json\/wp\/v2\/product_brand?post=43004"},{"taxonomy":"product_cat","embeddable":true,"href":"https:\/\/legandgo.com\/es\/wp-json\/wp\/v2\/product_cat?post=43004"},{"taxonomy":"product_tag","embeddable":true,"href":"https:\/\/legandgo.com\/es\/wp-json\/wp\/v2\/product_tag?post=43004"}],"curies":[{"name":"wp","href":"https:\/\/api.w.org\/{rel}","templated":true}]}}