{"id":43214,"date":"2021-03-10T19:29:24","date_gmt":"2021-03-10T17:29:24","guid":{"rendered":"https:\/\/legandgo.com\/shop\/sin%20categor\u00eda\/rampa\/"},"modified":"2026-03-19T10:37:59","modified_gmt":"2026-03-19T08:37:59","slug":"rampa-de-escalada-tobogan-2en1","status":"publish","type":"product","link":"https:\/\/legandgo.com\/es\/shop\/juguetes\/rampa-de-escalada-tobogan-2en1\/","title":{"rendered":"Rampa de escalada &amp; Tobog\u00e1n 2en1"},"content":{"rendered":"<p style=\"font-weight: 400;\">Un complemento sencillo que abre nuevas formas de trepar, deslizarse y explorar. Dise\u00f1ada para combinarse perfectamente con la Espaldera Sueca y el Tri\u00e1ngulo de Escalada, la rampa introduce un desaf\u00edo suave mientras apoya el equilibrio, la coordinaci\u00f3n y el movimiento seguro.<\/p>\n<p style=\"font-weight: 400;\">Dale la vuelta para transformar la rampa de escalada en un tobog\u00e1n suave, aportando variedad al juego diario sin a\u00f1adir complejidad.<\/p>\n<p style=\"font-weight: 400;\">Ten en cuenta: El Set Espaldera Sueca y Tri\u00e1ngulo de Escalada 2en1 no est\u00e1 incluido y debe adquirirse por separado.<\/p>\n<p><strong>Explora m\u00e1s abajo.<\/strong><\/p>\n","protected":false},"excerpt":{"rendered":"<p>Un complemento sencillo que abre nuevas formas de trepar, deslizarse y explorar. Dise\u00f1ada para combinarse perfectamente con la Espaldera Sueca y el Tri\u00e1ngulo de Escalada, la rampa introduce un desaf\u00edo suave mientras apoya el equilibrio, la coordinaci\u00f3n y el movimiento seguro. Dale la vuelta para transformar la rampa de escalada en un tobog\u00e1n suave, aportando<a class=\"excerpt-read-more\" href=\"https:\/\/legandgo.com\/es\/shop\/juguetes\/rampa-de-escalada-tobogan-2en1\/\" title=\"ReadRampa de escalada &amp; Tobog\u00e1n 2en1\">&#8230; Read more &raquo;<\/a><\/p>\n","protected":false},"featured_media":43215,"comment_status":"closed","ping_status":"closed","template":"","meta":{"_acf_changed":false,"inline_featured_image":false,"footnotes":""},"product_brand":[],"product_cat":[1018],"product_tag":[1730,1736],"class_list":{"0":"post-43214","1":"product","2":"type-product","3":"status-publish","4":"has-post-thumbnail","6":"product_cat-juguetes","7":"product_tag-triangulo-pikler-2","8":"product_tag-triangulo-pikler-3","9":"product_shipping_class-climbers-shipping-es","10":"pa_color-type-madera-natural","11":"pa_color-type-mdf-blanco","12":"pa_color-type-multicolor","13":"pa_color-type-pastel-es","15":"first","16":"instock","17":"sale","18":"purchasable","19":"product-type-variable","20":"has-default-attributes"},"bundled_by":["42976","42902"],"bundle_stock_status":"instock","bundle_stock_quantity":null,"bundle_virtual":false,"bundle_layout":"","bundle_add_to_cart_form_location":"","bundle_editable_in_cart":false,"bundle_sold_individually_context":"","bundle_item_grouping":"","bundle_min_size":"","bundle_max_size":"","bundle_price":[],"bundled_items":[],"bundle_sell_ids":[],"acf":[],"yoast_head":"<!-- This site is optimized with the Yoast SEO plugin v25.9 - https:\/\/yoast.com\/wordpress\/plugins\/seo\/ -->\n<title>Rampa de escalada de madera para tri\u00e1ngulo Pikler y pared sueca<\/title>\n<meta name=\"description\" content=\"Rampa de escalada Montessori de madera para tri\u00e1ngulo Pikler y pared sueca. Favorece el equilibrio, el movimiento y el juego activo en interiores para ni\u00f1os.\" \/>\n<meta name=\"robots\" content=\"index, follow, max-snippet:-1, max-image-preview:large, max-video-preview:-1\" \/>\n<link rel=\"canonical\" href=\"https:\/\/legandgo.com\/es\/shop\/juguetes\/rampa-de-escalada-tobogan-2en1\/\" \/>\n<meta property=\"og:locale\" content=\"es_ES\" \/>\n<meta property=\"og:type\" content=\"article\" \/>\n<meta property=\"og:title\" content=\"Rampa de escalada de madera para tri\u00e1ngulo Pikler y pared sueca\" \/>\n<meta property=\"og:description\" content=\"Rampa de escalada Montessori de madera para tri\u00e1ngulo Pikler y pared sueca. Favorece el equilibrio, el movimiento y el juego activo en interiores para ni\u00f1os.\" \/>\n<meta property=\"og:url\" content=\"https:\/\/legandgo.com\/es\/shop\/juguetes\/rampa-de-escalada-tobogan-2en1\/\" \/>\n<meta property=\"og:site_name\" content=\"leg&amp;go\" \/>\n<meta property=\"article:publisher\" content=\"https:\/\/www.facebook.com\/legandgo\" \/>\n<meta property=\"article:modified_time\" content=\"2026-03-19T08:37:59+00:00\" \/>\n<meta property=\"og:image\" content=\"https:\/\/legandgo.com\/wp-content\/uploads\/2021\/03\/slidkalninjs_1_720x720px.jpg\" \/>\n\t<meta property=\"og:image:width\" content=\"720\" \/>\n\t<meta property=\"og:image:height\" content=\"720\" \/>\n\t<meta property=\"og:image:type\" content=\"image\/jpeg\" \/>\n<meta name=\"twitter:card\" content=\"summary_large_image\" \/>\n<script type=\"application\/ld+json\" class=\"yoast-schema-graph\">{\"@context\":\"https:\/\/schema.org\",\"@graph\":[{\"@type\":\"WebPage\",\"@id\":\"https:\/\/legandgo.com\/es\/shop\/juguetes\/rampa-de-escalada-tobogan-2en1\/\",\"url\":\"https:\/\/legandgo.com\/es\/shop\/juguetes\/rampa-de-escalada-tobogan-2en1\/\",\"name\":\"Rampa de escalada de madera para tri\u00e1ngulo Pikler y pared sueca\",\"isPartOf\":{\"@id\":\"https:\/\/legandgo.com\/es\/#website\"},\"primaryImageOfPage\":{\"@id\":\"https:\/\/legandgo.com\/es\/shop\/juguetes\/rampa-de-escalada-tobogan-2en1\/#primaryimage\"},\"image\":{\"@id\":\"https:\/\/legandgo.com\/es\/shop\/juguetes\/rampa-de-escalada-tobogan-2en1\/#primaryimage\"},\"thumbnailUrl\":\"https:\/\/legandgo.com\/wp-content\/uploads\/2021\/03\/slidkalninjs_1_720x720px.jpg\",\"datePublished\":\"2021-03-10T17:29:24+00:00\",\"dateModified\":\"2026-03-19T08:37:59+00:00\",\"description\":\"Rampa de escalada Montessori de madera para tri\u00e1ngulo Pikler y pared sueca. Favorece el equilibrio, el movimiento y el juego activo en interiores para ni\u00f1os.\",\"breadcrumb\":{\"@id\":\"https:\/\/legandgo.com\/es\/shop\/juguetes\/rampa-de-escalada-tobogan-2en1\/#breadcrumb\"},\"inLanguage\":\"es\",\"potentialAction\":[{\"@type\":\"ReadAction\",\"target\":[\"https:\/\/legandgo.com\/es\/shop\/juguetes\/rampa-de-escalada-tobogan-2en1\/\"]}]},{\"@type\":\"ImageObject\",\"inLanguage\":\"es\",\"@id\":\"https:\/\/legandgo.com\/es\/shop\/juguetes\/rampa-de-escalada-tobogan-2en1\/#primaryimage\",\"url\":\"https:\/\/legandgo.com\/wp-content\/uploads\/2021\/03\/slidkalninjs_1_720x720px.jpg\",\"contentUrl\":\"https:\/\/legandgo.com\/wp-content\/uploads\/2021\/03\/slidkalninjs_1_720x720px.jpg\",\"width\":720,\"height\":720},{\"@type\":\"BreadcrumbList\",\"@id\":\"https:\/\/legandgo.com\/es\/shop\/juguetes\/rampa-de-escalada-tobogan-2en1\/#breadcrumb\",\"itemListElement\":[{\"@type\":\"ListItem\",\"position\":1,\"name\":\"Home\",\"item\":\"https:\/\/legandgo.com\/es\/\"},{\"@type\":\"ListItem\",\"position\":2,\"name\":\"Tienda\",\"item\":\"https:\/\/legandgo.com\/es\/shop\/\"},{\"@type\":\"ListItem\",\"position\":3,\"name\":\"Rampa de escalada &amp; Tobog\u00e1n 2en1\"}]},{\"@type\":\"WebSite\",\"@id\":\"https:\/\/legandgo.com\/es\/#website\",\"url\":\"https:\/\/legandgo.com\/es\/\",\"name\":\"leg&amp;go\",\"description\":\"\",\"publisher\":{\"@id\":\"https:\/\/legandgo.com\/es\/#organization\"},\"potentialAction\":[{\"@type\":\"SearchAction\",\"target\":{\"@type\":\"EntryPoint\",\"urlTemplate\":\"https:\/\/legandgo.com\/es\/?s={search_term_string}\"},\"query-input\":{\"@type\":\"PropertyValueSpecification\",\"valueRequired\":true,\"valueName\":\"search_term_string\"}}],\"inLanguage\":\"es\"},{\"@type\":\"Organization\",\"@id\":\"https:\/\/legandgo.com\/es\/#organization\",\"name\":\"leg&go bike\",\"url\":\"https:\/\/legandgo.com\/es\/\",\"logo\":{\"@type\":\"ImageObject\",\"inLanguage\":\"es\",\"@id\":\"https:\/\/legandgo.com\/es\/#\/schema\/logo\/image\/\",\"url\":\"https:\/\/legandgo.com\/wp-content\/uploads\/2021\/03\/logorf.png\",\"contentUrl\":\"https:\/\/legandgo.com\/wp-content\/uploads\/2021\/03\/logorf.png\",\"width\":675,\"height\":216,\"caption\":\"leg&go bike\"},\"image\":{\"@id\":\"https:\/\/legandgo.com\/es\/#\/schema\/logo\/image\/\"},\"sameAs\":[\"https:\/\/www.facebook.com\/legandgo\",\"https:\/\/www.instagram.com\/legandgo\/\",\"https:\/\/www.linkedin.com\/company\/legandgo\/\",\"https:\/\/www.pinterest.com\/legandgo\/\",\"https:\/\/www.youtube.com\/channel\/UC_FBzWPmKWE0g7fcR4Xdfuw\/\"]}]}<\/script>\n<!-- \/ Yoast SEO plugin. -->","yoast_head_json":{"title":"Rampa de escalada de madera para tri\u00e1ngulo Pikler y pared sueca","description":"Rampa de escalada Montessori de madera para tri\u00e1ngulo Pikler y pared sueca. Favorece el equilibrio, el movimiento y el juego activo en interiores para ni\u00f1os.","robots":{"index":"index","follow":"follow","max-snippet":"max-snippet:-1","max-image-preview":"max-image-preview:large","max-video-preview":"max-video-preview:-1"},"canonical":"https:\/\/legandgo.com\/es\/shop\/juguetes\/rampa-de-escalada-tobogan-2en1\/","og_locale":"es_ES","og_type":"article","og_title":"Rampa de escalada de madera para tri\u00e1ngulo Pikler y pared sueca","og_description":"Rampa de escalada Montessori de madera para tri\u00e1ngulo Pikler y pared sueca. Favorece el equilibrio, el movimiento y el juego activo en interiores para ni\u00f1os.","og_url":"https:\/\/legandgo.com\/es\/shop\/juguetes\/rampa-de-escalada-tobogan-2en1\/","og_site_name":"leg&amp;go","article_publisher":"https:\/\/www.facebook.com\/legandgo","article_modified_time":"2026-03-19T08:37:59+00:00","og_image":[{"width":720,"height":720,"url":"https:\/\/legandgo.com\/wp-content\/uploads\/2021\/03\/slidkalninjs_1_720x720px.jpg","type":"image\/jpeg"}],"twitter_card":"summary_large_image","schema":{"@context":"https:\/\/schema.org","@graph":[{"@type":"WebPage","@id":"https:\/\/legandgo.com\/es\/shop\/juguetes\/rampa-de-escalada-tobogan-2en1\/","url":"https:\/\/legandgo.com\/es\/shop\/juguetes\/rampa-de-escalada-tobogan-2en1\/","name":"Rampa de escalada de madera para tri\u00e1ngulo Pikler y pared sueca","isPartOf":{"@id":"https:\/\/legandgo.com\/es\/#website"},"primaryImageOfPage":{"@id":"https:\/\/legandgo.com\/es\/shop\/juguetes\/rampa-de-escalada-tobogan-2en1\/#primaryimage"},"image":{"@id":"https:\/\/legandgo.com\/es\/shop\/juguetes\/rampa-de-escalada-tobogan-2en1\/#primaryimage"},"thumbnailUrl":"https:\/\/legandgo.com\/wp-content\/uploads\/2021\/03\/slidkalninjs_1_720x720px.jpg","datePublished":"2021-03-10T17:29:24+00:00","dateModified":"2026-03-19T08:37:59+00:00","description":"Rampa de escalada Montessori de madera para tri\u00e1ngulo Pikler y pared sueca. Favorece el equilibrio, el movimiento y el juego activo en interiores para ni\u00f1os.","breadcrumb":{"@id":"https:\/\/legandgo.com\/es\/shop\/juguetes\/rampa-de-escalada-tobogan-2en1\/#breadcrumb"},"inLanguage":"es","potentialAction":[{"@type":"ReadAction","target":["https:\/\/legandgo.com\/es\/shop\/juguetes\/rampa-de-escalada-tobogan-2en1\/"]}]},{"@type":"ImageObject","inLanguage":"es","@id":"https:\/\/legandgo.com\/es\/shop\/juguetes\/rampa-de-escalada-tobogan-2en1\/#primaryimage","url":"https:\/\/legandgo.com\/wp-content\/uploads\/2021\/03\/slidkalninjs_1_720x720px.jpg","contentUrl":"https:\/\/legandgo.com\/wp-content\/uploads\/2021\/03\/slidkalninjs_1_720x720px.jpg","width":720,"height":720},{"@type":"BreadcrumbList","@id":"https:\/\/legandgo.com\/es\/shop\/juguetes\/rampa-de-escalada-tobogan-2en1\/#breadcrumb","itemListElement":[{"@type":"ListItem","position":1,"name":"Home","item":"https:\/\/legandgo.com\/es\/"},{"@type":"ListItem","position":2,"name":"Tienda","item":"https:\/\/legandgo.com\/es\/shop\/"},{"@type":"ListItem","position":3,"name":"Rampa de escalada &amp; Tobog\u00e1n 2en1"}]},{"@type":"WebSite","@id":"https:\/\/legandgo.com\/es\/#website","url":"https:\/\/legandgo.com\/es\/","name":"leg&amp;go","description":"","publisher":{"@id":"https:\/\/legandgo.com\/es\/#organization"},"potentialAction":[{"@type":"SearchAction","target":{"@type":"EntryPoint","urlTemplate":"https:\/\/legandgo.com\/es\/?s={search_term_string}"},"query-input":{"@type":"PropertyValueSpecification","valueRequired":true,"valueName":"search_term_string"}}],"inLanguage":"es"},{"@type":"Organization","@id":"https:\/\/legandgo.com\/es\/#organization","name":"leg&go bike","url":"https:\/\/legandgo.com\/es\/","logo":{"@type":"ImageObject","inLanguage":"es","@id":"https:\/\/legandgo.com\/es\/#\/schema\/logo\/image\/","url":"https:\/\/legandgo.com\/wp-content\/uploads\/2021\/03\/logorf.png","contentUrl":"https:\/\/legandgo.com\/wp-content\/uploads\/2021\/03\/logorf.png","width":675,"height":216,"caption":"leg&go bike"},"image":{"@id":"https:\/\/legandgo.com\/es\/#\/schema\/logo\/image\/"},"sameAs":["https:\/\/www.facebook.com\/legandgo","https:\/\/www.instagram.com\/legandgo\/","https:\/\/www.linkedin.com\/company\/legandgo\/","https:\/\/www.pinterest.com\/legandgo\/","https:\/\/www.youtube.com\/channel\/UC_FBzWPmKWE0g7fcR4Xdfuw\/"]}]}},"_links":{"self":[{"href":"https:\/\/legandgo.com\/es\/wp-json\/wp\/v2\/product\/43214","targetHints":{"allow":["GET"]}}],"collection":[{"href":"https:\/\/legandgo.com\/es\/wp-json\/wp\/v2\/product"}],"about":[{"href":"https:\/\/legandgo.com\/es\/wp-json\/wp\/v2\/types\/product"}],"replies":[{"embeddable":true,"href":"https:\/\/legandgo.com\/es\/wp-json\/wp\/v2\/comments?post=43214"}],"version-history":[{"count":8,"href":"https:\/\/legandgo.com\/es\/wp-json\/wp\/v2\/product\/43214\/revisions"}],"predecessor-version":[{"id":54281,"href":"https:\/\/legandgo.com\/es\/wp-json\/wp\/v2\/product\/43214\/revisions\/54281"}],"wp:featuredmedia":[{"embeddable":true,"href":"https:\/\/legandgo.com\/es\/wp-json\/wp\/v2\/media\/43215"}],"wp:attachment":[{"href":"https:\/\/legandgo.com\/es\/wp-json\/wp\/v2\/media?parent=43214"}],"wp:term":[{"taxonomy":"product_brand","embeddable":true,"href":"https:\/\/legandgo.com\/es\/wp-json\/wp\/v2\/product_brand?post=43214"},{"taxonomy":"product_cat","embeddable":true,"href":"https:\/\/legandgo.com\/es\/wp-json\/wp\/v2\/product_cat?post=43214"},{"taxonomy":"product_tag","embeddable":true,"href":"https:\/\/legandgo.com\/es\/wp-json\/wp\/v2\/product_tag?post=43214"}],"curies":[{"name":"wp","href":"https:\/\/api.w.org\/{rel}","templated":true}]}}