{"id":43259,"date":"2021-05-27T09:43:42","date_gmt":"2021-05-27T07:43:42","guid":{"rendered":"https:\/\/legandgo.com\/shop\/sin%20categor\u00eda\/triangulo-de-escalada-pared-sueca-2-en-1\/"},"modified":"2026-03-20T16:23:36","modified_gmt":"2026-03-20T14:23:36","slug":"kletterdreieck-sprossenwand-2in1","status":"publish","type":"product","link":"https:\/\/legandgo.com\/es\/shop\/juguetes\/kletterdreieck-sprossenwand-2in1\/","title":{"rendered":"Tri\u00e1ngulo de escalada &amp; pared sueca 2en1"},"content":{"rendered":"<p style=\"font-weight: 400;\">Un tri\u00e1ngulo Pikler bellamente dise\u00f1ado que se transforma en una espaldera sueca, creando un espacio de escalada interior vers\u00e1til para ni\u00f1os desde aproximadamente los 6 meses hasta los 7 a\u00f1os.<\/p>\n<p style=\"font-weight: 400;\">Dos configuraciones: Modo Tri\u00e1ngulo y Modo Pared. Cambia de un modo a otro en aproximadamente un minuto, sin complicadas configuraciones. Disponible en tres colores. Peso m\u00e1ximo: 50 kg.   <\/p>\n<p style=\"font-weight: 400;\"><strong>Explora m\u00e1s abajo. <\/strong><\/p>\n","protected":false},"excerpt":{"rendered":"<p>Un tri\u00e1ngulo Pikler bellamente dise\u00f1ado que se transforma en una espaldera sueca, creando un espacio de escalada interior vers\u00e1til para ni\u00f1os desde aproximadamente los 6 meses hasta los 7 a\u00f1os. Dos configuraciones: Modo Tri\u00e1ngulo y Modo Pared. Cambia de un modo a otro en aproximadamente un minuto, sin complicadas configuraciones. Disponible en tres colores. Peso<a class=\"excerpt-read-more\" href=\"https:\/\/legandgo.com\/es\/shop\/juguetes\/kletterdreieck-sprossenwand-2in1\/\" title=\"ReadTri\u00e1ngulo de escalada &amp; pared sueca 2en1\">&#8230; Read more &raquo;<\/a><\/p>\n","protected":false},"featured_media":43260,"comment_status":"closed","ping_status":"closed","template":"","meta":{"_acf_changed":false,"inline_featured_image":false,"footnotes":""},"product_brand":[],"product_cat":[1018],"product_tag":[1729,1721,1725,1717,1713,1736,1730],"class_list":{"0":"post-43259","1":"product","2":"type-product","3":"status-publish","4":"has-post-thumbnail","6":"product_cat-juguetes","7":"product_tag-leg-go-2","8":"product_tag-leg-and-go","9":"product_tag-leg-go","10":"product_tag-leggo","11":"product_tag-legandgo","12":"product_tag-triangulo-pikler-3","13":"product_tag-triangulo-pikler-2","14":"pa_color-type-madera-natural","15":"pa_color-type-multicolor","16":"pa_color-type-pastel-es","18":"first","19":"instock","20":"purchasable","21":"product-type-variable","22":"has-default-attributes"},"bundled_by":["42902"],"bundle_stock_status":"instock","bundle_stock_quantity":null,"bundle_virtual":false,"bundle_layout":"","bundle_add_to_cart_form_location":"","bundle_editable_in_cart":false,"bundle_sold_individually_context":"","bundle_item_grouping":"","bundle_min_size":"","bundle_max_size":"","bundle_price":[],"bundled_items":[],"bundle_sell_ids":[],"acf":[],"yoast_head":"<!-- This site is optimized with the Yoast SEO plugin v25.9 - https:\/\/yoast.com\/wordpress\/plugins\/seo\/ -->\n<title>Tri\u00e1ngulo de escalada y pared sueca 2-en-1 para ni\u00f1os<\/title>\n<meta name=\"description\" content=\"Tri\u00e1ngulo de escalada convertible que se transforma en una espaldera sueca. Juguete de escalada interior 2-en-1 para ni\u00f1os que fomenta el movimiento y la motricidad.\" \/>\n<meta name=\"robots\" content=\"index, follow, max-snippet:-1, max-image-preview:large, max-video-preview:-1\" \/>\n<link rel=\"canonical\" href=\"https:\/\/legandgo.com\/es\/shop\/juguetes\/kletterdreieck-sprossenwand-2in1\/\" \/>\n<meta property=\"og:locale\" content=\"es_ES\" \/>\n<meta property=\"og:type\" content=\"article\" \/>\n<meta property=\"og:title\" content=\"Tri\u00e1ngulo de escalada y pared sueca 2-en-1 para ni\u00f1os\" \/>\n<meta property=\"og:description\" content=\"Tri\u00e1ngulo de escalada convertible que se transforma en una espaldera sueca. Juguete de escalada interior 2-en-1 para ni\u00f1os que fomenta el movimiento y la motricidad.\" \/>\n<meta property=\"og:url\" content=\"https:\/\/legandgo.com\/es\/shop\/juguetes\/kletterdreieck-sprossenwand-2in1\/\" \/>\n<meta property=\"og:site_name\" content=\"leg&amp;go\" \/>\n<meta property=\"article:publisher\" content=\"https:\/\/www.facebook.com\/legandgo\" \/>\n<meta property=\"article:modified_time\" content=\"2026-03-20T14:23:36+00:00\" \/>\n<meta property=\"og:image\" content=\"https:\/\/legandgo.com\/wp-content\/uploads\/2021\/05\/leggo-legandgo-pikler-triangle-set-swedish-wall.jpg\" \/>\n\t<meta property=\"og:image:width\" content=\"800\" \/>\n\t<meta property=\"og:image:height\" content=\"800\" \/>\n\t<meta property=\"og:image:type\" content=\"image\/jpeg\" \/>\n<meta name=\"twitter:card\" content=\"summary_large_image\" \/>\n<script type=\"application\/ld+json\" class=\"yoast-schema-graph\">{\"@context\":\"https:\/\/schema.org\",\"@graph\":[{\"@type\":\"WebPage\",\"@id\":\"https:\/\/legandgo.com\/es\/shop\/juguetes\/kletterdreieck-sprossenwand-2in1\/\",\"url\":\"https:\/\/legandgo.com\/es\/shop\/juguetes\/kletterdreieck-sprossenwand-2in1\/\",\"name\":\"Tri\u00e1ngulo de escalada y pared sueca 2-en-1 para ni\u00f1os\",\"isPartOf\":{\"@id\":\"https:\/\/legandgo.com\/es\/#website\"},\"primaryImageOfPage\":{\"@id\":\"https:\/\/legandgo.com\/es\/shop\/juguetes\/kletterdreieck-sprossenwand-2in1\/#primaryimage\"},\"image\":{\"@id\":\"https:\/\/legandgo.com\/es\/shop\/juguetes\/kletterdreieck-sprossenwand-2in1\/#primaryimage\"},\"thumbnailUrl\":\"https:\/\/legandgo.com\/wp-content\/uploads\/2021\/05\/leggo-legandgo-pikler-triangle-set-swedish-wall.jpg\",\"datePublished\":\"2021-05-27T07:43:42+00:00\",\"dateModified\":\"2026-03-20T14:23:36+00:00\",\"description\":\"Tri\u00e1ngulo de escalada convertible que se transforma en una espaldera sueca. Juguete de escalada interior 2-en-1 para ni\u00f1os que fomenta el movimiento y la motricidad.\",\"breadcrumb\":{\"@id\":\"https:\/\/legandgo.com\/es\/shop\/juguetes\/kletterdreieck-sprossenwand-2in1\/#breadcrumb\"},\"inLanguage\":\"es\",\"potentialAction\":[{\"@type\":\"ReadAction\",\"target\":[\"https:\/\/legandgo.com\/es\/shop\/juguetes\/kletterdreieck-sprossenwand-2in1\/\"]}]},{\"@type\":\"ImageObject\",\"inLanguage\":\"es\",\"@id\":\"https:\/\/legandgo.com\/es\/shop\/juguetes\/kletterdreieck-sprossenwand-2in1\/#primaryimage\",\"url\":\"https:\/\/legandgo.com\/wp-content\/uploads\/2021\/05\/leggo-legandgo-pikler-triangle-set-swedish-wall.jpg\",\"contentUrl\":\"https:\/\/legandgo.com\/wp-content\/uploads\/2021\/05\/leggo-legandgo-pikler-triangle-set-swedish-wall.jpg\",\"width\":800,\"height\":800},{\"@type\":\"BreadcrumbList\",\"@id\":\"https:\/\/legandgo.com\/es\/shop\/juguetes\/kletterdreieck-sprossenwand-2in1\/#breadcrumb\",\"itemListElement\":[{\"@type\":\"ListItem\",\"position\":1,\"name\":\"Home\",\"item\":\"https:\/\/legandgo.com\/es\/\"},{\"@type\":\"ListItem\",\"position\":2,\"name\":\"Tienda\",\"item\":\"https:\/\/legandgo.com\/es\/shop\/\"},{\"@type\":\"ListItem\",\"position\":3,\"name\":\"Tri\u00e1ngulo de escalada &amp; pared sueca 2en1\"}]},{\"@type\":\"WebSite\",\"@id\":\"https:\/\/legandgo.com\/es\/#website\",\"url\":\"https:\/\/legandgo.com\/es\/\",\"name\":\"leg&amp;go\",\"description\":\"\",\"publisher\":{\"@id\":\"https:\/\/legandgo.com\/es\/#organization\"},\"potentialAction\":[{\"@type\":\"SearchAction\",\"target\":{\"@type\":\"EntryPoint\",\"urlTemplate\":\"https:\/\/legandgo.com\/es\/?s={search_term_string}\"},\"query-input\":{\"@type\":\"PropertyValueSpecification\",\"valueRequired\":true,\"valueName\":\"search_term_string\"}}],\"inLanguage\":\"es\"},{\"@type\":\"Organization\",\"@id\":\"https:\/\/legandgo.com\/es\/#organization\",\"name\":\"leg&go bike\",\"url\":\"https:\/\/legandgo.com\/es\/\",\"logo\":{\"@type\":\"ImageObject\",\"inLanguage\":\"es\",\"@id\":\"https:\/\/legandgo.com\/es\/#\/schema\/logo\/image\/\",\"url\":\"https:\/\/legandgo.com\/wp-content\/uploads\/2021\/03\/logorf.png\",\"contentUrl\":\"https:\/\/legandgo.com\/wp-content\/uploads\/2021\/03\/logorf.png\",\"width\":675,\"height\":216,\"caption\":\"leg&go bike\"},\"image\":{\"@id\":\"https:\/\/legandgo.com\/es\/#\/schema\/logo\/image\/\"},\"sameAs\":[\"https:\/\/www.facebook.com\/legandgo\",\"https:\/\/www.instagram.com\/legandgo\/\",\"https:\/\/www.linkedin.com\/company\/legandgo\/\",\"https:\/\/www.pinterest.com\/legandgo\/\",\"https:\/\/www.youtube.com\/channel\/UC_FBzWPmKWE0g7fcR4Xdfuw\/\"]}]}<\/script>\n<!-- \/ Yoast SEO plugin. -->","yoast_head_json":{"title":"Tri\u00e1ngulo de escalada y pared sueca 2-en-1 para ni\u00f1os","description":"Tri\u00e1ngulo de escalada convertible que se transforma en una espaldera sueca. Juguete de escalada interior 2-en-1 para ni\u00f1os que fomenta el movimiento y la motricidad.","robots":{"index":"index","follow":"follow","max-snippet":"max-snippet:-1","max-image-preview":"max-image-preview:large","max-video-preview":"max-video-preview:-1"},"canonical":"https:\/\/legandgo.com\/es\/shop\/juguetes\/kletterdreieck-sprossenwand-2in1\/","og_locale":"es_ES","og_type":"article","og_title":"Tri\u00e1ngulo de escalada y pared sueca 2-en-1 para ni\u00f1os","og_description":"Tri\u00e1ngulo de escalada convertible que se transforma en una espaldera sueca. Juguete de escalada interior 2-en-1 para ni\u00f1os que fomenta el movimiento y la motricidad.","og_url":"https:\/\/legandgo.com\/es\/shop\/juguetes\/kletterdreieck-sprossenwand-2in1\/","og_site_name":"leg&amp;go","article_publisher":"https:\/\/www.facebook.com\/legandgo","article_modified_time":"2026-03-20T14:23:36+00:00","og_image":[{"width":800,"height":800,"url":"https:\/\/legandgo.com\/wp-content\/uploads\/2021\/05\/leggo-legandgo-pikler-triangle-set-swedish-wall.jpg","type":"image\/jpeg"}],"twitter_card":"summary_large_image","schema":{"@context":"https:\/\/schema.org","@graph":[{"@type":"WebPage","@id":"https:\/\/legandgo.com\/es\/shop\/juguetes\/kletterdreieck-sprossenwand-2in1\/","url":"https:\/\/legandgo.com\/es\/shop\/juguetes\/kletterdreieck-sprossenwand-2in1\/","name":"Tri\u00e1ngulo de escalada y pared sueca 2-en-1 para ni\u00f1os","isPartOf":{"@id":"https:\/\/legandgo.com\/es\/#website"},"primaryImageOfPage":{"@id":"https:\/\/legandgo.com\/es\/shop\/juguetes\/kletterdreieck-sprossenwand-2in1\/#primaryimage"},"image":{"@id":"https:\/\/legandgo.com\/es\/shop\/juguetes\/kletterdreieck-sprossenwand-2in1\/#primaryimage"},"thumbnailUrl":"https:\/\/legandgo.com\/wp-content\/uploads\/2021\/05\/leggo-legandgo-pikler-triangle-set-swedish-wall.jpg","datePublished":"2021-05-27T07:43:42+00:00","dateModified":"2026-03-20T14:23:36+00:00","description":"Tri\u00e1ngulo de escalada convertible que se transforma en una espaldera sueca. Juguete de escalada interior 2-en-1 para ni\u00f1os que fomenta el movimiento y la motricidad.","breadcrumb":{"@id":"https:\/\/legandgo.com\/es\/shop\/juguetes\/kletterdreieck-sprossenwand-2in1\/#breadcrumb"},"inLanguage":"es","potentialAction":[{"@type":"ReadAction","target":["https:\/\/legandgo.com\/es\/shop\/juguetes\/kletterdreieck-sprossenwand-2in1\/"]}]},{"@type":"ImageObject","inLanguage":"es","@id":"https:\/\/legandgo.com\/es\/shop\/juguetes\/kletterdreieck-sprossenwand-2in1\/#primaryimage","url":"https:\/\/legandgo.com\/wp-content\/uploads\/2021\/05\/leggo-legandgo-pikler-triangle-set-swedish-wall.jpg","contentUrl":"https:\/\/legandgo.com\/wp-content\/uploads\/2021\/05\/leggo-legandgo-pikler-triangle-set-swedish-wall.jpg","width":800,"height":800},{"@type":"BreadcrumbList","@id":"https:\/\/legandgo.com\/es\/shop\/juguetes\/kletterdreieck-sprossenwand-2in1\/#breadcrumb","itemListElement":[{"@type":"ListItem","position":1,"name":"Home","item":"https:\/\/legandgo.com\/es\/"},{"@type":"ListItem","position":2,"name":"Tienda","item":"https:\/\/legandgo.com\/es\/shop\/"},{"@type":"ListItem","position":3,"name":"Tri\u00e1ngulo de escalada &amp; pared sueca 2en1"}]},{"@type":"WebSite","@id":"https:\/\/legandgo.com\/es\/#website","url":"https:\/\/legandgo.com\/es\/","name":"leg&amp;go","description":"","publisher":{"@id":"https:\/\/legandgo.com\/es\/#organization"},"potentialAction":[{"@type":"SearchAction","target":{"@type":"EntryPoint","urlTemplate":"https:\/\/legandgo.com\/es\/?s={search_term_string}"},"query-input":{"@type":"PropertyValueSpecification","valueRequired":true,"valueName":"search_term_string"}}],"inLanguage":"es"},{"@type":"Organization","@id":"https:\/\/legandgo.com\/es\/#organization","name":"leg&go bike","url":"https:\/\/legandgo.com\/es\/","logo":{"@type":"ImageObject","inLanguage":"es","@id":"https:\/\/legandgo.com\/es\/#\/schema\/logo\/image\/","url":"https:\/\/legandgo.com\/wp-content\/uploads\/2021\/03\/logorf.png","contentUrl":"https:\/\/legandgo.com\/wp-content\/uploads\/2021\/03\/logorf.png","width":675,"height":216,"caption":"leg&go bike"},"image":{"@id":"https:\/\/legandgo.com\/es\/#\/schema\/logo\/image\/"},"sameAs":["https:\/\/www.facebook.com\/legandgo","https:\/\/www.instagram.com\/legandgo\/","https:\/\/www.linkedin.com\/company\/legandgo\/","https:\/\/www.pinterest.com\/legandgo\/","https:\/\/www.youtube.com\/channel\/UC_FBzWPmKWE0g7fcR4Xdfuw\/"]}]}},"_links":{"self":[{"href":"https:\/\/legandgo.com\/es\/wp-json\/wp\/v2\/product\/43259","targetHints":{"allow":["GET"]}}],"collection":[{"href":"https:\/\/legandgo.com\/es\/wp-json\/wp\/v2\/product"}],"about":[{"href":"https:\/\/legandgo.com\/es\/wp-json\/wp\/v2\/types\/product"}],"replies":[{"embeddable":true,"href":"https:\/\/legandgo.com\/es\/wp-json\/wp\/v2\/comments?post=43259"}],"version-history":[{"count":10,"href":"https:\/\/legandgo.com\/es\/wp-json\/wp\/v2\/product\/43259\/revisions"}],"predecessor-version":[{"id":54356,"href":"https:\/\/legandgo.com\/es\/wp-json\/wp\/v2\/product\/43259\/revisions\/54356"}],"wp:featuredmedia":[{"embeddable":true,"href":"https:\/\/legandgo.com\/es\/wp-json\/wp\/v2\/media\/43260"}],"wp:attachment":[{"href":"https:\/\/legandgo.com\/es\/wp-json\/wp\/v2\/media?parent=43259"}],"wp:term":[{"taxonomy":"product_brand","embeddable":true,"href":"https:\/\/legandgo.com\/es\/wp-json\/wp\/v2\/product_brand?post=43259"},{"taxonomy":"product_cat","embeddable":true,"href":"https:\/\/legandgo.com\/es\/wp-json\/wp\/v2\/product_cat?post=43259"},{"taxonomy":"product_tag","embeddable":true,"href":"https:\/\/legandgo.com\/es\/wp-json\/wp\/v2\/product_tag?post=43259"}],"curies":[{"name":"wp","href":"https:\/\/api.w.org\/{rel}","templated":true}]}}