{"id":43276,"date":"2024-09-27T14:45:38","date_gmt":"2024-09-27T12:45:38","guid":{"rendered":"https:\/\/legandgo.com\/shop\/sin%20categor\u00eda\/set-de-actividades-soft-play-discoverer\/"},"modified":"2026-02-13T14:11:22","modified_gmt":"2026-02-13T12:11:22","slug":"set-de-actividades-soft-play-discoverer","status":"publish","type":"product","link":"https:\/\/legandgo.com\/es\/shop\/bloques-blandos\/set-de-actividades-soft-play-discoverer\/","title":{"rendered":"Set de actividades Soft Play Discoverer"},"content":{"rendered":"<p>El set de juego Discoverer est\u00e1 dise\u00f1ado para despertar la curiosidad, estimular la creatividad y fomentar el aprendizaje activo. Construido para soportar los rigores del juego, el set Discoverer es duradero y est\u00e1 dise\u00f1ado para una diversi\u00f3n y exploraci\u00f3n duraderas. Pero m\u00e1s all\u00e1 de la aventura, este juego tambi\u00e9n ofrece valor educativo. Fomenta la resoluci\u00f3n de problemas, la conciencia espacial y el desarrollo del lenguaje a trav\u00e9s del juego colaborativo.   <\/p>\n<p><strong>Explora m\u00e1s caracter\u00edsticas a continuaci\u00f3n.<\/strong><\/p>\n","protected":false},"excerpt":{"rendered":"<p>El set de juego Discoverer est\u00e1 dise\u00f1ado para despertar la curiosidad, estimular la creatividad y fomentar el aprendizaje activo. Construido para soportar los rigores del juego, el set Discoverer es duradero y est\u00e1 dise\u00f1ado para una diversi\u00f3n y exploraci\u00f3n duraderas. Pero m\u00e1s all\u00e1 de la aventura, este juego tambi\u00e9n ofrece valor educativo. Fomenta la resoluci\u00f3n<a class=\"excerpt-read-more\" href=\"https:\/\/legandgo.com\/es\/shop\/bloques-blandos\/set-de-actividades-soft-play-discoverer\/\" title=\"ReadSet de actividades Soft Play Discoverer\">&#8230; Read more &raquo;<\/a><\/p>\n","protected":false},"featured_media":51634,"comment_status":"closed","ping_status":"closed","template":"","meta":{"_acf_changed":false,"inline_featured_image":false,"footnotes":""},"product_brand":[],"product_cat":[1016,1321],"product_tag":[1048,1049,1050,1054,1053,1052,1051,1055,1047],"class_list":{"0":"post-43276","1":"product","2":"type-product","3":"status-publish","4":"has-post-thumbnail","6":"product_cat-bloques-blandos","7":"product_cat-categoria-de-juguete","8":"product_tag-bloques-blandos","9":"product_tag-bloques-blandos-es","10":"product_tag-bloques-de-construccion-grandes-de-espuma","11":"product_tag-bloques-de-escalada-de-espuma","12":"product_tag-bloques-de-espuma-para-ninos","13":"product_tag-bloques-de-juego","14":"product_tag-bloques-de-juego-blandos","15":"product_tag-bloques-de-juego-de-espuma-grandes","16":"product_tag-bloques-de-juego-nino-pequeno","17":"product_shipping_class-soft-blocks-es","18":"pa_color-type-beige-rosa-es-2","19":"pa_color-type-beige-turquesa","20":"pa_color-type-blanco","21":"pa_color-type-multicolor","22":"pa_color-type-pastel-es","24":"first","25":"instock","26":"purchasable","27":"product-type-variable"},"bundled_by":[],"bundle_stock_status":"instock","bundle_stock_quantity":null,"bundle_virtual":false,"bundle_layout":"","bundle_add_to_cart_form_location":"","bundle_editable_in_cart":false,"bundle_sold_individually_context":"","bundle_item_grouping":"","bundle_min_size":"","bundle_max_size":"","bundle_price":[],"bundled_items":[],"bundle_sell_ids":[],"acf":[],"yoast_head":"<!-- This site is optimized with the Yoast SEO plugin v25.9 - https:\/\/yoast.com\/wordpress\/plugins\/seo\/ -->\n<title>Set de actividades Soft Play Discoverer &#183; leg&amp;go<\/title>\n<meta name=\"description\" content=\"Set de bloques blandos para escalar, ideal para ni\u00f1os peque\u00f1os, que convierte \u043b\u044e\u0431\u043e\u0439 espacio en un \u00e1rea de juego para ni\u00f1os de 1 a 5 a\u00f1os.\" \/>\n<meta name=\"robots\" content=\"index, follow, max-snippet:-1, max-image-preview:large, max-video-preview:-1\" \/>\n<link rel=\"canonical\" href=\"https:\/\/legandgo.com\/es\/shop\/bloques-blandos\/set-de-actividades-soft-play-discoverer\/\" \/>\n<meta property=\"og:locale\" content=\"es_ES\" \/>\n<meta property=\"og:type\" content=\"article\" \/>\n<meta property=\"og:title\" content=\"Set de actividades Soft Play Discoverer &#183; leg&amp;go\" \/>\n<meta property=\"og:description\" content=\"Set de bloques blandos para escalar, ideal para ni\u00f1os peque\u00f1os, que convierte \u043b\u044e\u0431\u043e\u0439 espacio en un \u00e1rea de juego para ni\u00f1os de 1 a 5 a\u00f1os.\" \/>\n<meta property=\"og:url\" content=\"https:\/\/legandgo.com\/es\/shop\/bloques-blandos\/set-de-actividades-soft-play-discoverer\/\" \/>\n<meta property=\"og:site_name\" content=\"leg&amp;go\" \/>\n<meta property=\"article:publisher\" content=\"https:\/\/www.facebook.com\/legandgo\" \/>\n<meta property=\"article:modified_time\" content=\"2026-02-13T12:11:22+00:00\" \/>\n<meta property=\"og:image\" content=\"https:\/\/legandgo.com\/wp-content\/uploads\/2024\/09\/Discoverer_Light_pastel1.jpg\" \/>\n\t<meta property=\"og:image:width\" content=\"1080\" \/>\n\t<meta property=\"og:image:height\" content=\"1080\" \/>\n\t<meta property=\"og:image:type\" content=\"image\/jpeg\" \/>\n<meta name=\"twitter:card\" content=\"summary_large_image\" \/>\n<script type=\"application\/ld+json\" class=\"yoast-schema-graph\">{\"@context\":\"https:\/\/schema.org\",\"@graph\":[{\"@type\":\"WebPage\",\"@id\":\"https:\/\/legandgo.com\/es\/shop\/bloques-blandos\/set-de-actividades-soft-play-discoverer\/\",\"url\":\"https:\/\/legandgo.com\/es\/shop\/bloques-blandos\/set-de-actividades-soft-play-discoverer\/\",\"name\":\"Set de actividades Soft Play Discoverer &#183; leg&amp;go\",\"isPartOf\":{\"@id\":\"https:\/\/legandgo.com\/es\/#website\"},\"primaryImageOfPage\":{\"@id\":\"https:\/\/legandgo.com\/es\/shop\/bloques-blandos\/set-de-actividades-soft-play-discoverer\/#primaryimage\"},\"image\":{\"@id\":\"https:\/\/legandgo.com\/es\/shop\/bloques-blandos\/set-de-actividades-soft-play-discoverer\/#primaryimage\"},\"thumbnailUrl\":\"https:\/\/legandgo.com\/wp-content\/uploads\/2024\/09\/Discoverer_Light_pastel1.jpg\",\"datePublished\":\"2024-09-27T12:45:38+00:00\",\"dateModified\":\"2026-02-13T12:11:22+00:00\",\"description\":\"Set de bloques blandos para escalar, ideal para ni\u00f1os peque\u00f1os, que convierte \u043b\u044e\u0431\u043e\u0439 espacio en un \u00e1rea de juego para ni\u00f1os de 1 a 5 a\u00f1os.\",\"breadcrumb\":{\"@id\":\"https:\/\/legandgo.com\/es\/shop\/bloques-blandos\/set-de-actividades-soft-play-discoverer\/#breadcrumb\"},\"inLanguage\":\"es\",\"potentialAction\":[{\"@type\":\"ReadAction\",\"target\":[\"https:\/\/legandgo.com\/es\/shop\/bloques-blandos\/set-de-actividades-soft-play-discoverer\/\"]}]},{\"@type\":\"ImageObject\",\"inLanguage\":\"es\",\"@id\":\"https:\/\/legandgo.com\/es\/shop\/bloques-blandos\/set-de-actividades-soft-play-discoverer\/#primaryimage\",\"url\":\"https:\/\/legandgo.com\/wp-content\/uploads\/2024\/09\/Discoverer_Light_pastel1.jpg\",\"contentUrl\":\"https:\/\/legandgo.com\/wp-content\/uploads\/2024\/09\/Discoverer_Light_pastel1.jpg\",\"width\":1080,\"height\":1080},{\"@type\":\"BreadcrumbList\",\"@id\":\"https:\/\/legandgo.com\/es\/shop\/bloques-blandos\/set-de-actividades-soft-play-discoverer\/#breadcrumb\",\"itemListElement\":[{\"@type\":\"ListItem\",\"position\":1,\"name\":\"Home\",\"item\":\"https:\/\/legandgo.com\/es\/\"},{\"@type\":\"ListItem\",\"position\":2,\"name\":\"Tienda\",\"item\":\"https:\/\/legandgo.com\/es\/shop\/\"},{\"@type\":\"ListItem\",\"position\":3,\"name\":\"Set de actividades Soft Play Discoverer\"}]},{\"@type\":\"WebSite\",\"@id\":\"https:\/\/legandgo.com\/es\/#website\",\"url\":\"https:\/\/legandgo.com\/es\/\",\"name\":\"leg&amp;go\",\"description\":\"\",\"publisher\":{\"@id\":\"https:\/\/legandgo.com\/es\/#organization\"},\"potentialAction\":[{\"@type\":\"SearchAction\",\"target\":{\"@type\":\"EntryPoint\",\"urlTemplate\":\"https:\/\/legandgo.com\/es\/?s={search_term_string}\"},\"query-input\":{\"@type\":\"PropertyValueSpecification\",\"valueRequired\":true,\"valueName\":\"search_term_string\"}}],\"inLanguage\":\"es\"},{\"@type\":\"Organization\",\"@id\":\"https:\/\/legandgo.com\/es\/#organization\",\"name\":\"leg&go bike\",\"url\":\"https:\/\/legandgo.com\/es\/\",\"logo\":{\"@type\":\"ImageObject\",\"inLanguage\":\"es\",\"@id\":\"https:\/\/legandgo.com\/es\/#\/schema\/logo\/image\/\",\"url\":\"https:\/\/legandgo.com\/wp-content\/uploads\/2021\/03\/logorf.png\",\"contentUrl\":\"https:\/\/legandgo.com\/wp-content\/uploads\/2021\/03\/logorf.png\",\"width\":675,\"height\":216,\"caption\":\"leg&go bike\"},\"image\":{\"@id\":\"https:\/\/legandgo.com\/es\/#\/schema\/logo\/image\/\"},\"sameAs\":[\"https:\/\/www.facebook.com\/legandgo\",\"https:\/\/www.instagram.com\/legandgo\/\",\"https:\/\/www.linkedin.com\/company\/legandgo\/\",\"https:\/\/www.pinterest.com\/legandgo\/\",\"https:\/\/www.youtube.com\/channel\/UC_FBzWPmKWE0g7fcR4Xdfuw\/\"]}]}<\/script>\n<!-- \/ Yoast SEO plugin. -->","yoast_head_json":{"title":"Set de actividades Soft Play Discoverer &#183; leg&amp;go","description":"Set de bloques blandos para escalar, ideal para ni\u00f1os peque\u00f1os, que convierte \u043b\u044e\u0431\u043e\u0439 espacio en un \u00e1rea de juego para ni\u00f1os de 1 a 5 a\u00f1os.","robots":{"index":"index","follow":"follow","max-snippet":"max-snippet:-1","max-image-preview":"max-image-preview:large","max-video-preview":"max-video-preview:-1"},"canonical":"https:\/\/legandgo.com\/es\/shop\/bloques-blandos\/set-de-actividades-soft-play-discoverer\/","og_locale":"es_ES","og_type":"article","og_title":"Set de actividades Soft Play Discoverer &#183; leg&amp;go","og_description":"Set de bloques blandos para escalar, ideal para ni\u00f1os peque\u00f1os, que convierte \u043b\u044e\u0431\u043e\u0439 espacio en un \u00e1rea de juego para ni\u00f1os de 1 a 5 a\u00f1os.","og_url":"https:\/\/legandgo.com\/es\/shop\/bloques-blandos\/set-de-actividades-soft-play-discoverer\/","og_site_name":"leg&amp;go","article_publisher":"https:\/\/www.facebook.com\/legandgo","article_modified_time":"2026-02-13T12:11:22+00:00","og_image":[{"width":1080,"height":1080,"url":"https:\/\/legandgo.com\/wp-content\/uploads\/2024\/09\/Discoverer_Light_pastel1.jpg","type":"image\/jpeg"}],"twitter_card":"summary_large_image","schema":{"@context":"https:\/\/schema.org","@graph":[{"@type":"WebPage","@id":"https:\/\/legandgo.com\/es\/shop\/bloques-blandos\/set-de-actividades-soft-play-discoverer\/","url":"https:\/\/legandgo.com\/es\/shop\/bloques-blandos\/set-de-actividades-soft-play-discoverer\/","name":"Set de actividades Soft Play Discoverer &#183; leg&amp;go","isPartOf":{"@id":"https:\/\/legandgo.com\/es\/#website"},"primaryImageOfPage":{"@id":"https:\/\/legandgo.com\/es\/shop\/bloques-blandos\/set-de-actividades-soft-play-discoverer\/#primaryimage"},"image":{"@id":"https:\/\/legandgo.com\/es\/shop\/bloques-blandos\/set-de-actividades-soft-play-discoverer\/#primaryimage"},"thumbnailUrl":"https:\/\/legandgo.com\/wp-content\/uploads\/2024\/09\/Discoverer_Light_pastel1.jpg","datePublished":"2024-09-27T12:45:38+00:00","dateModified":"2026-02-13T12:11:22+00:00","description":"Set de bloques blandos para escalar, ideal para ni\u00f1os peque\u00f1os, que convierte \u043b\u044e\u0431\u043e\u0439 espacio en un \u00e1rea de juego para ni\u00f1os de 1 a 5 a\u00f1os.","breadcrumb":{"@id":"https:\/\/legandgo.com\/es\/shop\/bloques-blandos\/set-de-actividades-soft-play-discoverer\/#breadcrumb"},"inLanguage":"es","potentialAction":[{"@type":"ReadAction","target":["https:\/\/legandgo.com\/es\/shop\/bloques-blandos\/set-de-actividades-soft-play-discoverer\/"]}]},{"@type":"ImageObject","inLanguage":"es","@id":"https:\/\/legandgo.com\/es\/shop\/bloques-blandos\/set-de-actividades-soft-play-discoverer\/#primaryimage","url":"https:\/\/legandgo.com\/wp-content\/uploads\/2024\/09\/Discoverer_Light_pastel1.jpg","contentUrl":"https:\/\/legandgo.com\/wp-content\/uploads\/2024\/09\/Discoverer_Light_pastel1.jpg","width":1080,"height":1080},{"@type":"BreadcrumbList","@id":"https:\/\/legandgo.com\/es\/shop\/bloques-blandos\/set-de-actividades-soft-play-discoverer\/#breadcrumb","itemListElement":[{"@type":"ListItem","position":1,"name":"Home","item":"https:\/\/legandgo.com\/es\/"},{"@type":"ListItem","position":2,"name":"Tienda","item":"https:\/\/legandgo.com\/es\/shop\/"},{"@type":"ListItem","position":3,"name":"Set de actividades Soft Play Discoverer"}]},{"@type":"WebSite","@id":"https:\/\/legandgo.com\/es\/#website","url":"https:\/\/legandgo.com\/es\/","name":"leg&amp;go","description":"","publisher":{"@id":"https:\/\/legandgo.com\/es\/#organization"},"potentialAction":[{"@type":"SearchAction","target":{"@type":"EntryPoint","urlTemplate":"https:\/\/legandgo.com\/es\/?s={search_term_string}"},"query-input":{"@type":"PropertyValueSpecification","valueRequired":true,"valueName":"search_term_string"}}],"inLanguage":"es"},{"@type":"Organization","@id":"https:\/\/legandgo.com\/es\/#organization","name":"leg&go bike","url":"https:\/\/legandgo.com\/es\/","logo":{"@type":"ImageObject","inLanguage":"es","@id":"https:\/\/legandgo.com\/es\/#\/schema\/logo\/image\/","url":"https:\/\/legandgo.com\/wp-content\/uploads\/2021\/03\/logorf.png","contentUrl":"https:\/\/legandgo.com\/wp-content\/uploads\/2021\/03\/logorf.png","width":675,"height":216,"caption":"leg&go bike"},"image":{"@id":"https:\/\/legandgo.com\/es\/#\/schema\/logo\/image\/"},"sameAs":["https:\/\/www.facebook.com\/legandgo","https:\/\/www.instagram.com\/legandgo\/","https:\/\/www.linkedin.com\/company\/legandgo\/","https:\/\/www.pinterest.com\/legandgo\/","https:\/\/www.youtube.com\/channel\/UC_FBzWPmKWE0g7fcR4Xdfuw\/"]}]}},"_links":{"self":[{"href":"https:\/\/legandgo.com\/es\/wp-json\/wp\/v2\/product\/43276","targetHints":{"allow":["GET"]}}],"collection":[{"href":"https:\/\/legandgo.com\/es\/wp-json\/wp\/v2\/product"}],"about":[{"href":"https:\/\/legandgo.com\/es\/wp-json\/wp\/v2\/types\/product"}],"replies":[{"embeddable":true,"href":"https:\/\/legandgo.com\/es\/wp-json\/wp\/v2\/comments?post=43276"}],"version-history":[{"count":5,"href":"https:\/\/legandgo.com\/es\/wp-json\/wp\/v2\/product\/43276\/revisions"}],"predecessor-version":[{"id":51698,"href":"https:\/\/legandgo.com\/es\/wp-json\/wp\/v2\/product\/43276\/revisions\/51698"}],"wp:featuredmedia":[{"embeddable":true,"href":"https:\/\/legandgo.com\/es\/wp-json\/wp\/v2\/media\/51634"}],"wp:attachment":[{"href":"https:\/\/legandgo.com\/es\/wp-json\/wp\/v2\/media?parent=43276"}],"wp:term":[{"taxonomy":"product_brand","embeddable":true,"href":"https:\/\/legandgo.com\/es\/wp-json\/wp\/v2\/product_brand?post=43276"},{"taxonomy":"product_cat","embeddable":true,"href":"https:\/\/legandgo.com\/es\/wp-json\/wp\/v2\/product_cat?post=43276"},{"taxonomy":"product_tag","embeddable":true,"href":"https:\/\/legandgo.com\/es\/wp-json\/wp\/v2\/product_tag?post=43276"}],"curies":[{"name":"wp","href":"https:\/\/api.w.org\/{rel}","templated":true}]}}