{"id":43309,"date":"2024-09-27T15:06:55","date_gmt":"2024-09-27T13:06:55","guid":{"rendered":"https:\/\/legandgo.com\/shop\/sin%20categor\u00eda\/set-de-actividades-soft-play-creativity\/"},"modified":"2026-03-19T09:47:05","modified_gmt":"2026-03-19T07:47:05","slug":"set-de-actividades-soft-play-creativity","status":"publish","type":"product","link":"https:\/\/legandgo.com\/es\/shop\/bloques-blandos\/set-de-actividades-soft-play-creativity\/","title":{"rendered":"Set de actividades Soft Play Creativity"},"content":{"rendered":"<p>Este set de juego de espuma es un lienzo donde desarrollar la creatividad de su hijo. Con varias formas y tama\u00f1os, ofrece infinitas posibilidades para el juego imaginativo, la construcci\u00f3n y la exploraci\u00f3n. Observe c\u00f3mo su hijo transforma sus ideas en creaciones tangibles, mejorando activamente sus habilidades de resoluci\u00f3n de problemas, razonamiento espacial y pensamiento cr\u00edtico. Es una forma divertida de aprender jugando.   <\/p>\n<p><strong>Descubre m\u00e1s caracter\u00edsticas a continuaci\u00f3n.<\/strong><\/p>\n","protected":false},"excerpt":{"rendered":"<p>Este set de juego de espuma es un lienzo donde desarrollar la creatividad de su hijo. Con varias formas y tama\u00f1os, ofrece infinitas posibilidades para el juego imaginativo, la construcci\u00f3n y la exploraci\u00f3n. Observe c\u00f3mo su hijo transforma sus ideas en creaciones tangibles, mejorando activamente sus habilidades de resoluci\u00f3n de problemas, razonamiento espacial y pensamiento<a class=\"excerpt-read-more\" href=\"https:\/\/legandgo.com\/es\/shop\/bloques-blandos\/set-de-actividades-soft-play-creativity\/\" title=\"ReadSet de actividades Soft Play Creativity\">&#8230; Read more &raquo;<\/a><\/p>\n","protected":false},"featured_media":29009,"comment_status":"closed","ping_status":"closed","template":"","meta":{"_acf_changed":false,"inline_featured_image":false,"footnotes":""},"product_brand":[],"product_cat":[1016,1321],"product_tag":[1048,1049,1050,1054,1053,1052,1051,1055,1047],"class_list":{"0":"post-43309","1":"product","2":"type-product","3":"status-publish","4":"has-post-thumbnail","6":"product_cat-bloques-blandos","7":"product_cat-categoria-de-juguete","8":"product_tag-bloques-blandos","9":"product_tag-bloques-blandos-es","10":"product_tag-bloques-de-construccion-grandes-de-espuma","11":"product_tag-bloques-de-escalada-de-espuma","12":"product_tag-bloques-de-espuma-para-ninos","13":"product_tag-bloques-de-juego","14":"product_tag-bloques-de-juego-blandos","15":"product_tag-bloques-de-juego-de-espuma-grandes","16":"product_tag-bloques-de-juego-nino-pequeno","17":"product_shipping_class-soft-blocks-es","18":"pa_color-type-blanco","19":"pa_color-type-gris-blanco","20":"pa_color-type-multicolor","21":"pa_color-type-multicolor-claro","22":"pa_color-type-pastel-es","24":"first","25":"instock","26":"sale","27":"purchasable","28":"product-type-variable","29":"has-default-attributes"},"bundled_by":[],"bundle_stock_status":"instock","bundle_stock_quantity":null,"bundle_virtual":false,"bundle_layout":"","bundle_add_to_cart_form_location":"","bundle_editable_in_cart":false,"bundle_sold_individually_context":"","bundle_item_grouping":"","bundle_min_size":"","bundle_max_size":"","bundle_price":[],"bundled_items":[],"bundle_sell_ids":[],"acf":[],"yoast_head":"<!-- This site is optimized with the Yoast SEO plugin v25.9 - https:\/\/yoast.com\/wordpress\/plugins\/seo\/ -->\n<title>Set de actividades Soft Play Creativity &#183; leg&amp;go<\/title>\n<meta name=\"description\" content=\"Set de bloques blandos para escalar, ideal para ni\u00f1os peque\u00f1os, que convierte \u043b\u044e\u0431\u043e\u0439 espacio en un \u00e1rea de juego para ni\u00f1os de 1 a 5 a\u00f1os.\" \/>\n<meta name=\"robots\" content=\"index, follow, max-snippet:-1, max-image-preview:large, max-video-preview:-1\" \/>\n<link rel=\"canonical\" href=\"https:\/\/legandgo.com\/es\/shop\/bloques-blandos\/set-de-actividades-soft-play-creativity\/\" \/>\n<meta property=\"og:locale\" content=\"es_ES\" \/>\n<meta property=\"og:type\" content=\"article\" \/>\n<meta property=\"og:title\" content=\"Set de actividades Soft Play Creativity &#183; leg&amp;go\" \/>\n<meta property=\"og:description\" content=\"Set de bloques blandos para escalar, ideal para ni\u00f1os peque\u00f1os, que convierte \u043b\u044e\u0431\u043e\u0439 espacio en un \u00e1rea de juego para ni\u00f1os de 1 a 5 a\u00f1os.\" \/>\n<meta property=\"og:url\" content=\"https:\/\/legandgo.com\/es\/shop\/bloques-blandos\/set-de-actividades-soft-play-creativity\/\" \/>\n<meta property=\"og:site_name\" content=\"leg&amp;go\" \/>\n<meta property=\"article:publisher\" content=\"https:\/\/www.facebook.com\/legandgo\" \/>\n<meta property=\"article:modified_time\" content=\"2026-03-19T07:47:05+00:00\" \/>\n<meta property=\"og:image\" content=\"https:\/\/legandgo.com\/wp-content\/uploads\/2024\/09\/soft-blocks-play-creativity-pastel-icon.jpg\" \/>\n\t<meta property=\"og:image:width\" content=\"600\" \/>\n\t<meta property=\"og:image:height\" content=\"600\" \/>\n\t<meta property=\"og:image:type\" content=\"image\/jpeg\" \/>\n<meta name=\"twitter:card\" content=\"summary_large_image\" \/>\n<script type=\"application\/ld+json\" class=\"yoast-schema-graph\">{\"@context\":\"https:\/\/schema.org\",\"@graph\":[{\"@type\":\"WebPage\",\"@id\":\"https:\/\/legandgo.com\/es\/shop\/bloques-blandos\/set-de-actividades-soft-play-creativity\/\",\"url\":\"https:\/\/legandgo.com\/es\/shop\/bloques-blandos\/set-de-actividades-soft-play-creativity\/\",\"name\":\"Set de actividades Soft Play Creativity &#183; leg&amp;go\",\"isPartOf\":{\"@id\":\"https:\/\/legandgo.com\/es\/#website\"},\"primaryImageOfPage\":{\"@id\":\"https:\/\/legandgo.com\/es\/shop\/bloques-blandos\/set-de-actividades-soft-play-creativity\/#primaryimage\"},\"image\":{\"@id\":\"https:\/\/legandgo.com\/es\/shop\/bloques-blandos\/set-de-actividades-soft-play-creativity\/#primaryimage\"},\"thumbnailUrl\":\"https:\/\/legandgo.com\/wp-content\/uploads\/2024\/09\/soft-blocks-play-creativity-pastel-icon.jpg\",\"datePublished\":\"2024-09-27T13:06:55+00:00\",\"dateModified\":\"2026-03-19T07:47:05+00:00\",\"description\":\"Set de bloques blandos para escalar, ideal para ni\u00f1os peque\u00f1os, que convierte \u043b\u044e\u0431\u043e\u0439 espacio en un \u00e1rea de juego para ni\u00f1os de 1 a 5 a\u00f1os.\",\"breadcrumb\":{\"@id\":\"https:\/\/legandgo.com\/es\/shop\/bloques-blandos\/set-de-actividades-soft-play-creativity\/#breadcrumb\"},\"inLanguage\":\"es\",\"potentialAction\":[{\"@type\":\"ReadAction\",\"target\":[\"https:\/\/legandgo.com\/es\/shop\/bloques-blandos\/set-de-actividades-soft-play-creativity\/\"]}]},{\"@type\":\"ImageObject\",\"inLanguage\":\"es\",\"@id\":\"https:\/\/legandgo.com\/es\/shop\/bloques-blandos\/set-de-actividades-soft-play-creativity\/#primaryimage\",\"url\":\"https:\/\/legandgo.com\/wp-content\/uploads\/2024\/09\/soft-blocks-play-creativity-pastel-icon.jpg\",\"contentUrl\":\"https:\/\/legandgo.com\/wp-content\/uploads\/2024\/09\/soft-blocks-play-creativity-pastel-icon.jpg\",\"width\":600,\"height\":600},{\"@type\":\"BreadcrumbList\",\"@id\":\"https:\/\/legandgo.com\/es\/shop\/bloques-blandos\/set-de-actividades-soft-play-creativity\/#breadcrumb\",\"itemListElement\":[{\"@type\":\"ListItem\",\"position\":1,\"name\":\"Home\",\"item\":\"https:\/\/legandgo.com\/es\/\"},{\"@type\":\"ListItem\",\"position\":2,\"name\":\"Tienda\",\"item\":\"https:\/\/legandgo.com\/es\/shop\/\"},{\"@type\":\"ListItem\",\"position\":3,\"name\":\"Set de actividades Soft Play Creativity\"}]},{\"@type\":\"WebSite\",\"@id\":\"https:\/\/legandgo.com\/es\/#website\",\"url\":\"https:\/\/legandgo.com\/es\/\",\"name\":\"leg&amp;go\",\"description\":\"\",\"publisher\":{\"@id\":\"https:\/\/legandgo.com\/es\/#organization\"},\"potentialAction\":[{\"@type\":\"SearchAction\",\"target\":{\"@type\":\"EntryPoint\",\"urlTemplate\":\"https:\/\/legandgo.com\/es\/?s={search_term_string}\"},\"query-input\":{\"@type\":\"PropertyValueSpecification\",\"valueRequired\":true,\"valueName\":\"search_term_string\"}}],\"inLanguage\":\"es\"},{\"@type\":\"Organization\",\"@id\":\"https:\/\/legandgo.com\/es\/#organization\",\"name\":\"leg&go bike\",\"url\":\"https:\/\/legandgo.com\/es\/\",\"logo\":{\"@type\":\"ImageObject\",\"inLanguage\":\"es\",\"@id\":\"https:\/\/legandgo.com\/es\/#\/schema\/logo\/image\/\",\"url\":\"https:\/\/legandgo.com\/wp-content\/uploads\/2021\/03\/logorf.png\",\"contentUrl\":\"https:\/\/legandgo.com\/wp-content\/uploads\/2021\/03\/logorf.png\",\"width\":675,\"height\":216,\"caption\":\"leg&go bike\"},\"image\":{\"@id\":\"https:\/\/legandgo.com\/es\/#\/schema\/logo\/image\/\"},\"sameAs\":[\"https:\/\/www.facebook.com\/legandgo\",\"https:\/\/www.instagram.com\/legandgo\/\",\"https:\/\/www.linkedin.com\/company\/legandgo\/\",\"https:\/\/www.pinterest.com\/legandgo\/\",\"https:\/\/www.youtube.com\/channel\/UC_FBzWPmKWE0g7fcR4Xdfuw\/\"]}]}<\/script>\n<!-- \/ Yoast SEO plugin. -->","yoast_head_json":{"title":"Set de actividades Soft Play Creativity &#183; leg&amp;go","description":"Set de bloques blandos para escalar, ideal para ni\u00f1os peque\u00f1os, que convierte \u043b\u044e\u0431\u043e\u0439 espacio en un \u00e1rea de juego para ni\u00f1os de 1 a 5 a\u00f1os.","robots":{"index":"index","follow":"follow","max-snippet":"max-snippet:-1","max-image-preview":"max-image-preview:large","max-video-preview":"max-video-preview:-1"},"canonical":"https:\/\/legandgo.com\/es\/shop\/bloques-blandos\/set-de-actividades-soft-play-creativity\/","og_locale":"es_ES","og_type":"article","og_title":"Set de actividades Soft Play Creativity &#183; leg&amp;go","og_description":"Set de bloques blandos para escalar, ideal para ni\u00f1os peque\u00f1os, que convierte \u043b\u044e\u0431\u043e\u0439 espacio en un \u00e1rea de juego para ni\u00f1os de 1 a 5 a\u00f1os.","og_url":"https:\/\/legandgo.com\/es\/shop\/bloques-blandos\/set-de-actividades-soft-play-creativity\/","og_site_name":"leg&amp;go","article_publisher":"https:\/\/www.facebook.com\/legandgo","article_modified_time":"2026-03-19T07:47:05+00:00","og_image":[{"width":600,"height":600,"url":"https:\/\/legandgo.com\/wp-content\/uploads\/2024\/09\/soft-blocks-play-creativity-pastel-icon.jpg","type":"image\/jpeg"}],"twitter_card":"summary_large_image","schema":{"@context":"https:\/\/schema.org","@graph":[{"@type":"WebPage","@id":"https:\/\/legandgo.com\/es\/shop\/bloques-blandos\/set-de-actividades-soft-play-creativity\/","url":"https:\/\/legandgo.com\/es\/shop\/bloques-blandos\/set-de-actividades-soft-play-creativity\/","name":"Set de actividades Soft Play Creativity &#183; leg&amp;go","isPartOf":{"@id":"https:\/\/legandgo.com\/es\/#website"},"primaryImageOfPage":{"@id":"https:\/\/legandgo.com\/es\/shop\/bloques-blandos\/set-de-actividades-soft-play-creativity\/#primaryimage"},"image":{"@id":"https:\/\/legandgo.com\/es\/shop\/bloques-blandos\/set-de-actividades-soft-play-creativity\/#primaryimage"},"thumbnailUrl":"https:\/\/legandgo.com\/wp-content\/uploads\/2024\/09\/soft-blocks-play-creativity-pastel-icon.jpg","datePublished":"2024-09-27T13:06:55+00:00","dateModified":"2026-03-19T07:47:05+00:00","description":"Set de bloques blandos para escalar, ideal para ni\u00f1os peque\u00f1os, que convierte \u043b\u044e\u0431\u043e\u0439 espacio en un \u00e1rea de juego para ni\u00f1os de 1 a 5 a\u00f1os.","breadcrumb":{"@id":"https:\/\/legandgo.com\/es\/shop\/bloques-blandos\/set-de-actividades-soft-play-creativity\/#breadcrumb"},"inLanguage":"es","potentialAction":[{"@type":"ReadAction","target":["https:\/\/legandgo.com\/es\/shop\/bloques-blandos\/set-de-actividades-soft-play-creativity\/"]}]},{"@type":"ImageObject","inLanguage":"es","@id":"https:\/\/legandgo.com\/es\/shop\/bloques-blandos\/set-de-actividades-soft-play-creativity\/#primaryimage","url":"https:\/\/legandgo.com\/wp-content\/uploads\/2024\/09\/soft-blocks-play-creativity-pastel-icon.jpg","contentUrl":"https:\/\/legandgo.com\/wp-content\/uploads\/2024\/09\/soft-blocks-play-creativity-pastel-icon.jpg","width":600,"height":600},{"@type":"BreadcrumbList","@id":"https:\/\/legandgo.com\/es\/shop\/bloques-blandos\/set-de-actividades-soft-play-creativity\/#breadcrumb","itemListElement":[{"@type":"ListItem","position":1,"name":"Home","item":"https:\/\/legandgo.com\/es\/"},{"@type":"ListItem","position":2,"name":"Tienda","item":"https:\/\/legandgo.com\/es\/shop\/"},{"@type":"ListItem","position":3,"name":"Set de actividades Soft Play Creativity"}]},{"@type":"WebSite","@id":"https:\/\/legandgo.com\/es\/#website","url":"https:\/\/legandgo.com\/es\/","name":"leg&amp;go","description":"","publisher":{"@id":"https:\/\/legandgo.com\/es\/#organization"},"potentialAction":[{"@type":"SearchAction","target":{"@type":"EntryPoint","urlTemplate":"https:\/\/legandgo.com\/es\/?s={search_term_string}"},"query-input":{"@type":"PropertyValueSpecification","valueRequired":true,"valueName":"search_term_string"}}],"inLanguage":"es"},{"@type":"Organization","@id":"https:\/\/legandgo.com\/es\/#organization","name":"leg&go bike","url":"https:\/\/legandgo.com\/es\/","logo":{"@type":"ImageObject","inLanguage":"es","@id":"https:\/\/legandgo.com\/es\/#\/schema\/logo\/image\/","url":"https:\/\/legandgo.com\/wp-content\/uploads\/2021\/03\/logorf.png","contentUrl":"https:\/\/legandgo.com\/wp-content\/uploads\/2021\/03\/logorf.png","width":675,"height":216,"caption":"leg&go bike"},"image":{"@id":"https:\/\/legandgo.com\/es\/#\/schema\/logo\/image\/"},"sameAs":["https:\/\/www.facebook.com\/legandgo","https:\/\/www.instagram.com\/legandgo\/","https:\/\/www.linkedin.com\/company\/legandgo\/","https:\/\/www.pinterest.com\/legandgo\/","https:\/\/www.youtube.com\/channel\/UC_FBzWPmKWE0g7fcR4Xdfuw\/"]}]}},"_links":{"self":[{"href":"https:\/\/legandgo.com\/es\/wp-json\/wp\/v2\/product\/43309","targetHints":{"allow":["GET"]}}],"collection":[{"href":"https:\/\/legandgo.com\/es\/wp-json\/wp\/v2\/product"}],"about":[{"href":"https:\/\/legandgo.com\/es\/wp-json\/wp\/v2\/types\/product"}],"replies":[{"embeddable":true,"href":"https:\/\/legandgo.com\/es\/wp-json\/wp\/v2\/comments?post=43309"}],"version-history":[{"count":4,"href":"https:\/\/legandgo.com\/es\/wp-json\/wp\/v2\/product\/43309\/revisions"}],"predecessor-version":[{"id":54027,"href":"https:\/\/legandgo.com\/es\/wp-json\/wp\/v2\/product\/43309\/revisions\/54027"}],"wp:featuredmedia":[{"embeddable":true,"href":"https:\/\/legandgo.com\/es\/wp-json\/wp\/v2\/media\/29009"}],"wp:attachment":[{"href":"https:\/\/legandgo.com\/es\/wp-json\/wp\/v2\/media?parent=43309"}],"wp:term":[{"taxonomy":"product_brand","embeddable":true,"href":"https:\/\/legandgo.com\/es\/wp-json\/wp\/v2\/product_brand?post=43309"},{"taxonomy":"product_cat","embeddable":true,"href":"https:\/\/legandgo.com\/es\/wp-json\/wp\/v2\/product_cat?post=43309"},{"taxonomy":"product_tag","embeddable":true,"href":"https:\/\/legandgo.com\/es\/wp-json\/wp\/v2\/product_tag?post=43309"}],"curies":[{"name":"wp","href":"https:\/\/api.w.org\/{rel}","templated":true}]}}