{"id":43331,"date":"2021-07-29T12:27:52","date_gmt":"2021-07-29T10:27:52","guid":{"rendered":"https:\/\/legandgo.com\/shop\/sin%20categor\u00eda\/timbre-para-bicicleta-knog\/"},"modified":"2026-05-11T09:04:01","modified_gmt":"2026-05-11T07:04:01","slug":"timbre-para-bicicleta-knog","status":"publish","type":"product","link":"https:\/\/legandgo.com\/es\/shop\/accesorios\/timbre-para-bicicleta-knog\/","title":{"rendered":"Timbre para bicicleta Knog"},"content":{"rendered":"<p style=\"font-weight: 400;\">Divertirse mientras se conduce con seguridad es siempre nuestra m\u00e1xima prioridad.<\/p>\n<p style=\"font-weight: 400;\">Para la mejor experiencia en bicicleta, tu peque\u00f1o ciclista no solo debe ser visto, sino tambi\u00e9n escuchado. La campana Knog Oi Classic se adapta perfectamente a nuestras bicicletas y ofrece un sonido tan claro y agradable como un suave carill\u00f3n. <\/p>\n<p style=\"font-weight: 400;\"><strong>Explora m\u00e1s abajo.<\/strong><\/p>\n","protected":false},"excerpt":{"rendered":"<p>Divertirse mientras se conduce con seguridad es siempre nuestra m\u00e1xima prioridad. Para la mejor experiencia en bicicleta, tu peque\u00f1o ciclista no solo debe ser visto, sino tambi\u00e9n escuchado. La campana Knog Oi Classic se adapta perfectamente a nuestras bicicletas y ofrece un sonido tan claro y agradable como un suave carill\u00f3n. Explora m\u00e1s abajo.<\/p>\n","protected":false},"featured_media":64544,"comment_status":"closed","ping_status":"closed","template":"","meta":{"_acf_changed":false,"inline_featured_image":false,"footnotes":""},"product_brand":[],"product_cat":[1012,1313],"product_tag":[],"class_list":{"0":"post-43331","1":"product","2":"type-product","3":"status-publish","4":"has-post-thumbnail","6":"product_cat-accesorios","7":"product_cat-bicicletas-de-equilibrio-y-mas","8":"product_shipping_class-accessories-shipping-es","10":"first","11":"instock","12":"purchasable","13":"product-type-simple"},"bundled_by":[],"bundle_stock_status":"instock","bundle_stock_quantity":null,"bundle_virtual":false,"bundle_layout":"","bundle_add_to_cart_form_location":"","bundle_editable_in_cart":false,"bundle_sold_individually_context":"","bundle_item_grouping":"","bundle_min_size":"","bundle_max_size":"","bundle_price":[],"bundled_items":[],"bundle_sell_ids":[],"acf":[],"yoast_head":"<!-- This site is optimized with the Yoast SEO plugin v25.9 - https:\/\/yoast.com\/wordpress\/plugins\/seo\/ -->\n<title>Timbre para bicicleta Knog &#183; leg&amp;go<\/title>\n<meta name=\"description\" content=\"Campana para bicicleta Knog Oi Classic con dise\u00f1o elegante y sonido claro para mayor seguridad en cada paseo. Compatible con manillares de 23,8 \u2013 31,8 mm, ideal para bicicletas leg&amp;go.\" \/>\n<meta name=\"robots\" content=\"index, follow, max-snippet:-1, max-image-preview:large, max-video-preview:-1\" \/>\n<link rel=\"canonical\" href=\"https:\/\/legandgo.com\/es\/shop\/accesorios\/timbre-para-bicicleta-knog\/\" \/>\n<meta property=\"og:locale\" content=\"es_ES\" \/>\n<meta property=\"og:type\" content=\"article\" \/>\n<meta property=\"og:title\" content=\"Timbre para bicicleta Knog &#183; leg&amp;go\" \/>\n<meta property=\"og:description\" content=\"Campana para bicicleta Knog Oi Classic con dise\u00f1o elegante y sonido claro para mayor seguridad en cada paseo. Compatible con manillares de 23,8 \u2013 31,8 mm, ideal para bicicletas leg&amp;go.\" \/>\n<meta property=\"og:url\" content=\"https:\/\/legandgo.com\/es\/shop\/accesorios\/timbre-para-bicicleta-knog\/\" \/>\n<meta property=\"og:site_name\" content=\"leg&amp;go\" \/>\n<meta property=\"article:publisher\" content=\"https:\/\/www.facebook.com\/legandgo\" \/>\n<meta property=\"article:modified_time\" content=\"2026-05-11T07:04:01+00:00\" \/>\n<meta property=\"og:image\" content=\"https:\/\/legandgo.com\/wp-content\/uploads\/2021\/07\/legandgo-knog-bell.jpg\" \/>\n\t<meta property=\"og:image:width\" content=\"660\" \/>\n\t<meta property=\"og:image:height\" content=\"660\" \/>\n\t<meta property=\"og:image:type\" content=\"image\/jpeg\" \/>\n<meta name=\"twitter:card\" content=\"summary_large_image\" \/>\n<script type=\"application\/ld+json\" class=\"yoast-schema-graph\">{\"@context\":\"https:\/\/schema.org\",\"@graph\":[{\"@type\":\"WebPage\",\"@id\":\"https:\/\/legandgo.com\/es\/shop\/accesorios\/timbre-para-bicicleta-knog\/\",\"url\":\"https:\/\/legandgo.com\/es\/shop\/accesorios\/timbre-para-bicicleta-knog\/\",\"name\":\"Timbre para bicicleta Knog &#183; leg&amp;go\",\"isPartOf\":{\"@id\":\"https:\/\/legandgo.com\/es\/#website\"},\"primaryImageOfPage\":{\"@id\":\"https:\/\/legandgo.com\/es\/shop\/accesorios\/timbre-para-bicicleta-knog\/#primaryimage\"},\"image\":{\"@id\":\"https:\/\/legandgo.com\/es\/shop\/accesorios\/timbre-para-bicicleta-knog\/#primaryimage\"},\"thumbnailUrl\":\"https:\/\/legandgo.com\/wp-content\/uploads\/2021\/07\/legandgo-knog-bell.jpg\",\"datePublished\":\"2021-07-29T10:27:52+00:00\",\"dateModified\":\"2026-05-11T07:04:01+00:00\",\"description\":\"Campana para bicicleta Knog Oi Classic con dise\u00f1o elegante y sonido claro para mayor seguridad en cada paseo. Compatible con manillares de 23,8 \u2013 31,8 mm, ideal para bicicletas leg&go.\",\"breadcrumb\":{\"@id\":\"https:\/\/legandgo.com\/es\/shop\/accesorios\/timbre-para-bicicleta-knog\/#breadcrumb\"},\"inLanguage\":\"es\",\"potentialAction\":[{\"@type\":\"ReadAction\",\"target\":[\"https:\/\/legandgo.com\/es\/shop\/accesorios\/timbre-para-bicicleta-knog\/\"]}]},{\"@type\":\"ImageObject\",\"inLanguage\":\"es\",\"@id\":\"https:\/\/legandgo.com\/es\/shop\/accesorios\/timbre-para-bicicleta-knog\/#primaryimage\",\"url\":\"https:\/\/legandgo.com\/wp-content\/uploads\/2021\/07\/legandgo-knog-bell.jpg\",\"contentUrl\":\"https:\/\/legandgo.com\/wp-content\/uploads\/2021\/07\/legandgo-knog-bell.jpg\",\"width\":660,\"height\":660},{\"@type\":\"BreadcrumbList\",\"@id\":\"https:\/\/legandgo.com\/es\/shop\/accesorios\/timbre-para-bicicleta-knog\/#breadcrumb\",\"itemListElement\":[{\"@type\":\"ListItem\",\"position\":1,\"name\":\"Home\",\"item\":\"https:\/\/legandgo.com\/es\/\"},{\"@type\":\"ListItem\",\"position\":2,\"name\":\"Tienda\",\"item\":\"https:\/\/legandgo.com\/es\/shop\/\"},{\"@type\":\"ListItem\",\"position\":3,\"name\":\"Timbre para bicicleta Knog\"}]},{\"@type\":\"WebSite\",\"@id\":\"https:\/\/legandgo.com\/es\/#website\",\"url\":\"https:\/\/legandgo.com\/es\/\",\"name\":\"leg&amp;go\",\"description\":\"\",\"publisher\":{\"@id\":\"https:\/\/legandgo.com\/es\/#organization\"},\"potentialAction\":[{\"@type\":\"SearchAction\",\"target\":{\"@type\":\"EntryPoint\",\"urlTemplate\":\"https:\/\/legandgo.com\/es\/?s={search_term_string}\"},\"query-input\":{\"@type\":\"PropertyValueSpecification\",\"valueRequired\":true,\"valueName\":\"search_term_string\"}}],\"inLanguage\":\"es\"},{\"@type\":\"Organization\",\"@id\":\"https:\/\/legandgo.com\/es\/#organization\",\"name\":\"leg&go bike\",\"url\":\"https:\/\/legandgo.com\/es\/\",\"logo\":{\"@type\":\"ImageObject\",\"inLanguage\":\"es\",\"@id\":\"https:\/\/legandgo.com\/es\/#\/schema\/logo\/image\/\",\"url\":\"https:\/\/legandgo.com\/wp-content\/uploads\/2021\/03\/logorf.png\",\"contentUrl\":\"https:\/\/legandgo.com\/wp-content\/uploads\/2021\/03\/logorf.png\",\"width\":675,\"height\":216,\"caption\":\"leg&go bike\"},\"image\":{\"@id\":\"https:\/\/legandgo.com\/es\/#\/schema\/logo\/image\/\"},\"sameAs\":[\"https:\/\/www.facebook.com\/legandgo\",\"https:\/\/www.instagram.com\/legandgo\/\",\"https:\/\/www.linkedin.com\/company\/legandgo\/\",\"https:\/\/www.pinterest.com\/legandgo\/\",\"https:\/\/www.youtube.com\/channel\/UC_FBzWPmKWE0g7fcR4Xdfuw\/\"]}]}<\/script>\n<!-- \/ Yoast SEO plugin. -->","yoast_head_json":{"title":"Timbre para bicicleta Knog &#183; leg&amp;go","description":"Campana para bicicleta Knog Oi Classic con dise\u00f1o elegante y sonido claro para mayor seguridad en cada paseo. Compatible con manillares de 23,8 \u2013 31,8 mm, ideal para bicicletas leg&go.","robots":{"index":"index","follow":"follow","max-snippet":"max-snippet:-1","max-image-preview":"max-image-preview:large","max-video-preview":"max-video-preview:-1"},"canonical":"https:\/\/legandgo.com\/es\/shop\/accesorios\/timbre-para-bicicleta-knog\/","og_locale":"es_ES","og_type":"article","og_title":"Timbre para bicicleta Knog &#183; leg&amp;go","og_description":"Campana para bicicleta Knog Oi Classic con dise\u00f1o elegante y sonido claro para mayor seguridad en cada paseo. Compatible con manillares de 23,8 \u2013 31,8 mm, ideal para bicicletas leg&go.","og_url":"https:\/\/legandgo.com\/es\/shop\/accesorios\/timbre-para-bicicleta-knog\/","og_site_name":"leg&amp;go","article_publisher":"https:\/\/www.facebook.com\/legandgo","article_modified_time":"2026-05-11T07:04:01+00:00","og_image":[{"width":660,"height":660,"url":"https:\/\/legandgo.com\/wp-content\/uploads\/2021\/07\/legandgo-knog-bell.jpg","type":"image\/jpeg"}],"twitter_card":"summary_large_image","schema":{"@context":"https:\/\/schema.org","@graph":[{"@type":"WebPage","@id":"https:\/\/legandgo.com\/es\/shop\/accesorios\/timbre-para-bicicleta-knog\/","url":"https:\/\/legandgo.com\/es\/shop\/accesorios\/timbre-para-bicicleta-knog\/","name":"Timbre para bicicleta Knog &#183; leg&amp;go","isPartOf":{"@id":"https:\/\/legandgo.com\/es\/#website"},"primaryImageOfPage":{"@id":"https:\/\/legandgo.com\/es\/shop\/accesorios\/timbre-para-bicicleta-knog\/#primaryimage"},"image":{"@id":"https:\/\/legandgo.com\/es\/shop\/accesorios\/timbre-para-bicicleta-knog\/#primaryimage"},"thumbnailUrl":"https:\/\/legandgo.com\/wp-content\/uploads\/2021\/07\/legandgo-knog-bell.jpg","datePublished":"2021-07-29T10:27:52+00:00","dateModified":"2026-05-11T07:04:01+00:00","description":"Campana para bicicleta Knog Oi Classic con dise\u00f1o elegante y sonido claro para mayor seguridad en cada paseo. Compatible con manillares de 23,8 \u2013 31,8 mm, ideal para bicicletas leg&go.","breadcrumb":{"@id":"https:\/\/legandgo.com\/es\/shop\/accesorios\/timbre-para-bicicleta-knog\/#breadcrumb"},"inLanguage":"es","potentialAction":[{"@type":"ReadAction","target":["https:\/\/legandgo.com\/es\/shop\/accesorios\/timbre-para-bicicleta-knog\/"]}]},{"@type":"ImageObject","inLanguage":"es","@id":"https:\/\/legandgo.com\/es\/shop\/accesorios\/timbre-para-bicicleta-knog\/#primaryimage","url":"https:\/\/legandgo.com\/wp-content\/uploads\/2021\/07\/legandgo-knog-bell.jpg","contentUrl":"https:\/\/legandgo.com\/wp-content\/uploads\/2021\/07\/legandgo-knog-bell.jpg","width":660,"height":660},{"@type":"BreadcrumbList","@id":"https:\/\/legandgo.com\/es\/shop\/accesorios\/timbre-para-bicicleta-knog\/#breadcrumb","itemListElement":[{"@type":"ListItem","position":1,"name":"Home","item":"https:\/\/legandgo.com\/es\/"},{"@type":"ListItem","position":2,"name":"Tienda","item":"https:\/\/legandgo.com\/es\/shop\/"},{"@type":"ListItem","position":3,"name":"Timbre para bicicleta Knog"}]},{"@type":"WebSite","@id":"https:\/\/legandgo.com\/es\/#website","url":"https:\/\/legandgo.com\/es\/","name":"leg&amp;go","description":"","publisher":{"@id":"https:\/\/legandgo.com\/es\/#organization"},"potentialAction":[{"@type":"SearchAction","target":{"@type":"EntryPoint","urlTemplate":"https:\/\/legandgo.com\/es\/?s={search_term_string}"},"query-input":{"@type":"PropertyValueSpecification","valueRequired":true,"valueName":"search_term_string"}}],"inLanguage":"es"},{"@type":"Organization","@id":"https:\/\/legandgo.com\/es\/#organization","name":"leg&go bike","url":"https:\/\/legandgo.com\/es\/","logo":{"@type":"ImageObject","inLanguage":"es","@id":"https:\/\/legandgo.com\/es\/#\/schema\/logo\/image\/","url":"https:\/\/legandgo.com\/wp-content\/uploads\/2021\/03\/logorf.png","contentUrl":"https:\/\/legandgo.com\/wp-content\/uploads\/2021\/03\/logorf.png","width":675,"height":216,"caption":"leg&go bike"},"image":{"@id":"https:\/\/legandgo.com\/es\/#\/schema\/logo\/image\/"},"sameAs":["https:\/\/www.facebook.com\/legandgo","https:\/\/www.instagram.com\/legandgo\/","https:\/\/www.linkedin.com\/company\/legandgo\/","https:\/\/www.pinterest.com\/legandgo\/","https:\/\/www.youtube.com\/channel\/UC_FBzWPmKWE0g7fcR4Xdfuw\/"]}]}},"_links":{"self":[{"href":"https:\/\/legandgo.com\/es\/wp-json\/wp\/v2\/product\/43331","targetHints":{"allow":["GET"]}}],"collection":[{"href":"https:\/\/legandgo.com\/es\/wp-json\/wp\/v2\/product"}],"about":[{"href":"https:\/\/legandgo.com\/es\/wp-json\/wp\/v2\/types\/product"}],"replies":[{"embeddable":true,"href":"https:\/\/legandgo.com\/es\/wp-json\/wp\/v2\/comments?post=43331"}],"version-history":[{"count":9,"href":"https:\/\/legandgo.com\/es\/wp-json\/wp\/v2\/product\/43331\/revisions"}],"predecessor-version":[{"id":52447,"href":"https:\/\/legandgo.com\/es\/wp-json\/wp\/v2\/product\/43331\/revisions\/52447"}],"wp:featuredmedia":[{"embeddable":true,"href":"https:\/\/legandgo.com\/es\/wp-json\/wp\/v2\/media\/64544"}],"wp:attachment":[{"href":"https:\/\/legandgo.com\/es\/wp-json\/wp\/v2\/media?parent=43331"}],"wp:term":[{"taxonomy":"product_brand","embeddable":true,"href":"https:\/\/legandgo.com\/es\/wp-json\/wp\/v2\/product_brand?post=43331"},{"taxonomy":"product_cat","embeddable":true,"href":"https:\/\/legandgo.com\/es\/wp-json\/wp\/v2\/product_cat?post=43331"},{"taxonomy":"product_tag","embeddable":true,"href":"https:\/\/legandgo.com\/es\/wp-json\/wp\/v2\/product_tag?post=43331"}],"curies":[{"name":"wp","href":"https:\/\/api.w.org\/{rel}","templated":true}]}}