{"id":44232,"date":"2021-02-08T13:32:18","date_gmt":"2021-02-08T13:32:18","guid":{"rendered":"https:\/\/legandgo.com\/shop\/sin%20categor\u00eda\/reflectores-para-radios\/"},"modified":"2026-02-19T16:52:21","modified_gmt":"2026-02-19T14:52:21","slug":"reflectores-para-radios","status":"publish","type":"product","link":"https:\/\/legandgo.com\/es\/shop\/accesorios\/reflectores-para-radios\/","title":{"rendered":"Reflectores para radios"},"content":{"rendered":"<p style=\"font-weight: 400;\">Visibilidad 360\u00b0 para peque\u00f1os ciclistas valientes.<\/p>\n<p style=\"font-weight: 400;\">Cuando los peque\u00f1os aventureros se dejan llevar por sus aventuras, queremos asegurarnos de que sean visibles para quienes los rodean. Estos reflectores ligeros para radios utilizan material 3M Scotchlite para ofrecer una visibilidad brillante de 360\u00b0 mientras se conduce. Dise\u00f1ados para la rueda delantera en una bicicleta de equilibrio y para ambas ruedas en una bicicleta con pedales, ayudan a que cada paseo sea m\u00e1s seguro sin cambiar la sensaci\u00f3n de conducci\u00f3n.  <\/p>\n<p style=\"font-weight: 400;\"><strong>Explora m\u00e1s abajo.<\/strong><\/p>\n","protected":false},"excerpt":{"rendered":"<p>Visibilidad 360\u00b0 para peque\u00f1os ciclistas valientes. Cuando los peque\u00f1os aventureros se dejan llevar por sus aventuras, queremos asegurarnos de que sean visibles para quienes los rodean. Estos reflectores ligeros para radios utilizan material 3M Scotchlite para ofrecer una visibilidad brillante de 360\u00b0 mientras se conduce. Dise\u00f1ados para la rueda delantera en una bicicleta de equilibrio<a class=\"excerpt-read-more\" href=\"https:\/\/legandgo.com\/es\/shop\/accesorios\/reflectores-para-radios\/\" title=\"ReadReflectores para radios\">&#8230; Read more &raquo;<\/a><\/p>\n","protected":false},"featured_media":44239,"comment_status":"closed","ping_status":"closed","template":"","meta":{"_acf_changed":false,"inline_featured_image":false,"footnotes":""},"product_brand":[],"product_cat":[1012,1313],"product_tag":[],"class_list":{"0":"post-44232","1":"product","2":"type-product","3":"status-publish","4":"has-post-thumbnail","6":"product_cat-accesorios","7":"product_cat-bicicletas-de-equilibrio-y-mas","8":"product_shipping_class-accessories-shipping-es","10":"first","11":"instock","12":"purchasable","13":"product-type-simple"},"bundled_by":[],"bundle_stock_status":"instock","bundle_stock_quantity":null,"bundle_virtual":false,"bundle_layout":"","bundle_add_to_cart_form_location":"","bundle_editable_in_cart":false,"bundle_sold_individually_context":"","bundle_item_grouping":"","bundle_min_size":"","bundle_max_size":"","bundle_price":[],"bundled_items":[],"bundle_sell_ids":[],"acf":[],"yoast_head":"<!-- This site is optimized with the Yoast SEO plugin v25.9 - https:\/\/yoast.com\/wordpress\/plugins\/seo\/ -->\n<title>Reflectores para radios &#183; leg&amp;go<\/title>\n<meta name=\"description\" content=\"Reflectores para radios con 3M Scotchlite que ofrecen visibilidad 360\u00b0 para ruedas de 12\u2033 y 14\u2033. Instalaci\u00f3n sin herramientas y dise\u00f1o ligero para una conducci\u00f3n segura.\" \/>\n<meta name=\"robots\" content=\"index, follow, max-snippet:-1, max-image-preview:large, max-video-preview:-1\" \/>\n<link rel=\"canonical\" href=\"https:\/\/legandgo.com\/es\/shop\/accesorios\/reflectores-para-radios\/\" \/>\n<meta property=\"og:locale\" content=\"es_ES\" \/>\n<meta property=\"og:type\" content=\"article\" \/>\n<meta property=\"og:title\" content=\"Reflectores para radios &#183; leg&amp;go\" \/>\n<meta property=\"og:description\" content=\"Reflectores para radios con 3M Scotchlite que ofrecen visibilidad 360\u00b0 para ruedas de 12\u2033 y 14\u2033. Instalaci\u00f3n sin herramientas y dise\u00f1o ligero para una conducci\u00f3n segura.\" \/>\n<meta property=\"og:url\" content=\"https:\/\/legandgo.com\/es\/shop\/accesorios\/reflectores-para-radios\/\" \/>\n<meta property=\"og:site_name\" content=\"leg&amp;go\" \/>\n<meta property=\"article:publisher\" content=\"https:\/\/www.facebook.com\/legandgo\" \/>\n<meta property=\"article:modified_time\" content=\"2026-02-19T14:52:21+00:00\" \/>\n<meta property=\"og:image\" content=\"https:\/\/legandgo.com\/wp-content\/uploads\/2021\/02\/legandgo-leggo-spoke-reflectors.jpg\" \/>\n\t<meta property=\"og:image:width\" content=\"1920\" \/>\n\t<meta property=\"og:image:height\" content=\"1920\" \/>\n\t<meta property=\"og:image:type\" content=\"image\/jpeg\" \/>\n<meta name=\"twitter:card\" content=\"summary_large_image\" \/>\n<script type=\"application\/ld+json\" class=\"yoast-schema-graph\">{\"@context\":\"https:\/\/schema.org\",\"@graph\":[{\"@type\":\"WebPage\",\"@id\":\"https:\/\/legandgo.com\/es\/shop\/accesorios\/reflectores-para-radios\/\",\"url\":\"https:\/\/legandgo.com\/es\/shop\/accesorios\/reflectores-para-radios\/\",\"name\":\"Reflectores para radios &#183; leg&amp;go\",\"isPartOf\":{\"@id\":\"https:\/\/legandgo.com\/es\/#website\"},\"primaryImageOfPage\":{\"@id\":\"https:\/\/legandgo.com\/es\/shop\/accesorios\/reflectores-para-radios\/#primaryimage\"},\"image\":{\"@id\":\"https:\/\/legandgo.com\/es\/shop\/accesorios\/reflectores-para-radios\/#primaryimage\"},\"thumbnailUrl\":\"https:\/\/legandgo.com\/wp-content\/uploads\/2021\/02\/legandgo-leggo-spoke-reflectors.jpg\",\"datePublished\":\"2021-02-08T13:32:18+00:00\",\"dateModified\":\"2026-02-19T14:52:21+00:00\",\"description\":\"Reflectores para radios con 3M Scotchlite que ofrecen visibilidad 360\u00b0 para ruedas de 12\u2033 y 14\u2033. Instalaci\u00f3n sin herramientas y dise\u00f1o ligero para una conducci\u00f3n segura.\",\"breadcrumb\":{\"@id\":\"https:\/\/legandgo.com\/es\/shop\/accesorios\/reflectores-para-radios\/#breadcrumb\"},\"inLanguage\":\"es\",\"potentialAction\":[{\"@type\":\"ReadAction\",\"target\":[\"https:\/\/legandgo.com\/es\/shop\/accesorios\/reflectores-para-radios\/\"]}]},{\"@type\":\"ImageObject\",\"inLanguage\":\"es\",\"@id\":\"https:\/\/legandgo.com\/es\/shop\/accesorios\/reflectores-para-radios\/#primaryimage\",\"url\":\"https:\/\/legandgo.com\/wp-content\/uploads\/2021\/02\/legandgo-leggo-spoke-reflectors.jpg\",\"contentUrl\":\"https:\/\/legandgo.com\/wp-content\/uploads\/2021\/02\/legandgo-leggo-spoke-reflectors.jpg\",\"width\":1920,\"height\":1920},{\"@type\":\"BreadcrumbList\",\"@id\":\"https:\/\/legandgo.com\/es\/shop\/accesorios\/reflectores-para-radios\/#breadcrumb\",\"itemListElement\":[{\"@type\":\"ListItem\",\"position\":1,\"name\":\"Home\",\"item\":\"https:\/\/legandgo.com\/es\/\"},{\"@type\":\"ListItem\",\"position\":2,\"name\":\"Tienda\",\"item\":\"https:\/\/legandgo.com\/es\/shop\/\"},{\"@type\":\"ListItem\",\"position\":3,\"name\":\"Reflectores para radios\"}]},{\"@type\":\"WebSite\",\"@id\":\"https:\/\/legandgo.com\/es\/#website\",\"url\":\"https:\/\/legandgo.com\/es\/\",\"name\":\"leg&amp;go\",\"description\":\"\",\"publisher\":{\"@id\":\"https:\/\/legandgo.com\/es\/#organization\"},\"potentialAction\":[{\"@type\":\"SearchAction\",\"target\":{\"@type\":\"EntryPoint\",\"urlTemplate\":\"https:\/\/legandgo.com\/es\/?s={search_term_string}\"},\"query-input\":{\"@type\":\"PropertyValueSpecification\",\"valueRequired\":true,\"valueName\":\"search_term_string\"}}],\"inLanguage\":\"es\"},{\"@type\":\"Organization\",\"@id\":\"https:\/\/legandgo.com\/es\/#organization\",\"name\":\"leg&go bike\",\"url\":\"https:\/\/legandgo.com\/es\/\",\"logo\":{\"@type\":\"ImageObject\",\"inLanguage\":\"es\",\"@id\":\"https:\/\/legandgo.com\/es\/#\/schema\/logo\/image\/\",\"url\":\"https:\/\/legandgo.com\/wp-content\/uploads\/2021\/03\/logorf.png\",\"contentUrl\":\"https:\/\/legandgo.com\/wp-content\/uploads\/2021\/03\/logorf.png\",\"width\":675,\"height\":216,\"caption\":\"leg&go bike\"},\"image\":{\"@id\":\"https:\/\/legandgo.com\/es\/#\/schema\/logo\/image\/\"},\"sameAs\":[\"https:\/\/www.facebook.com\/legandgo\",\"https:\/\/www.instagram.com\/legandgo\/\",\"https:\/\/www.linkedin.com\/company\/legandgo\/\",\"https:\/\/www.pinterest.com\/legandgo\/\",\"https:\/\/www.youtube.com\/channel\/UC_FBzWPmKWE0g7fcR4Xdfuw\/\"]}]}<\/script>\n<!-- \/ Yoast SEO plugin. -->","yoast_head_json":{"title":"Reflectores para radios &#183; leg&amp;go","description":"Reflectores para radios con 3M Scotchlite que ofrecen visibilidad 360\u00b0 para ruedas de 12\u2033 y 14\u2033. Instalaci\u00f3n sin herramientas y dise\u00f1o ligero para una conducci\u00f3n segura.","robots":{"index":"index","follow":"follow","max-snippet":"max-snippet:-1","max-image-preview":"max-image-preview:large","max-video-preview":"max-video-preview:-1"},"canonical":"https:\/\/legandgo.com\/es\/shop\/accesorios\/reflectores-para-radios\/","og_locale":"es_ES","og_type":"article","og_title":"Reflectores para radios &#183; leg&amp;go","og_description":"Reflectores para radios con 3M Scotchlite que ofrecen visibilidad 360\u00b0 para ruedas de 12\u2033 y 14\u2033. Instalaci\u00f3n sin herramientas y dise\u00f1o ligero para una conducci\u00f3n segura.","og_url":"https:\/\/legandgo.com\/es\/shop\/accesorios\/reflectores-para-radios\/","og_site_name":"leg&amp;go","article_publisher":"https:\/\/www.facebook.com\/legandgo","article_modified_time":"2026-02-19T14:52:21+00:00","og_image":[{"width":1920,"height":1920,"url":"https:\/\/legandgo.com\/wp-content\/uploads\/2021\/02\/legandgo-leggo-spoke-reflectors.jpg","type":"image\/jpeg"}],"twitter_card":"summary_large_image","schema":{"@context":"https:\/\/schema.org","@graph":[{"@type":"WebPage","@id":"https:\/\/legandgo.com\/es\/shop\/accesorios\/reflectores-para-radios\/","url":"https:\/\/legandgo.com\/es\/shop\/accesorios\/reflectores-para-radios\/","name":"Reflectores para radios &#183; leg&amp;go","isPartOf":{"@id":"https:\/\/legandgo.com\/es\/#website"},"primaryImageOfPage":{"@id":"https:\/\/legandgo.com\/es\/shop\/accesorios\/reflectores-para-radios\/#primaryimage"},"image":{"@id":"https:\/\/legandgo.com\/es\/shop\/accesorios\/reflectores-para-radios\/#primaryimage"},"thumbnailUrl":"https:\/\/legandgo.com\/wp-content\/uploads\/2021\/02\/legandgo-leggo-spoke-reflectors.jpg","datePublished":"2021-02-08T13:32:18+00:00","dateModified":"2026-02-19T14:52:21+00:00","description":"Reflectores para radios con 3M Scotchlite que ofrecen visibilidad 360\u00b0 para ruedas de 12\u2033 y 14\u2033. Instalaci\u00f3n sin herramientas y dise\u00f1o ligero para una conducci\u00f3n segura.","breadcrumb":{"@id":"https:\/\/legandgo.com\/es\/shop\/accesorios\/reflectores-para-radios\/#breadcrumb"},"inLanguage":"es","potentialAction":[{"@type":"ReadAction","target":["https:\/\/legandgo.com\/es\/shop\/accesorios\/reflectores-para-radios\/"]}]},{"@type":"ImageObject","inLanguage":"es","@id":"https:\/\/legandgo.com\/es\/shop\/accesorios\/reflectores-para-radios\/#primaryimage","url":"https:\/\/legandgo.com\/wp-content\/uploads\/2021\/02\/legandgo-leggo-spoke-reflectors.jpg","contentUrl":"https:\/\/legandgo.com\/wp-content\/uploads\/2021\/02\/legandgo-leggo-spoke-reflectors.jpg","width":1920,"height":1920},{"@type":"BreadcrumbList","@id":"https:\/\/legandgo.com\/es\/shop\/accesorios\/reflectores-para-radios\/#breadcrumb","itemListElement":[{"@type":"ListItem","position":1,"name":"Home","item":"https:\/\/legandgo.com\/es\/"},{"@type":"ListItem","position":2,"name":"Tienda","item":"https:\/\/legandgo.com\/es\/shop\/"},{"@type":"ListItem","position":3,"name":"Reflectores para radios"}]},{"@type":"WebSite","@id":"https:\/\/legandgo.com\/es\/#website","url":"https:\/\/legandgo.com\/es\/","name":"leg&amp;go","description":"","publisher":{"@id":"https:\/\/legandgo.com\/es\/#organization"},"potentialAction":[{"@type":"SearchAction","target":{"@type":"EntryPoint","urlTemplate":"https:\/\/legandgo.com\/es\/?s={search_term_string}"},"query-input":{"@type":"PropertyValueSpecification","valueRequired":true,"valueName":"search_term_string"}}],"inLanguage":"es"},{"@type":"Organization","@id":"https:\/\/legandgo.com\/es\/#organization","name":"leg&go bike","url":"https:\/\/legandgo.com\/es\/","logo":{"@type":"ImageObject","inLanguage":"es","@id":"https:\/\/legandgo.com\/es\/#\/schema\/logo\/image\/","url":"https:\/\/legandgo.com\/wp-content\/uploads\/2021\/03\/logorf.png","contentUrl":"https:\/\/legandgo.com\/wp-content\/uploads\/2021\/03\/logorf.png","width":675,"height":216,"caption":"leg&go bike"},"image":{"@id":"https:\/\/legandgo.com\/es\/#\/schema\/logo\/image\/"},"sameAs":["https:\/\/www.facebook.com\/legandgo","https:\/\/www.instagram.com\/legandgo\/","https:\/\/www.linkedin.com\/company\/legandgo\/","https:\/\/www.pinterest.com\/legandgo\/","https:\/\/www.youtube.com\/channel\/UC_FBzWPmKWE0g7fcR4Xdfuw\/"]}]}},"_links":{"self":[{"href":"https:\/\/legandgo.com\/es\/wp-json\/wp\/v2\/product\/44232","targetHints":{"allow":["GET"]}}],"collection":[{"href":"https:\/\/legandgo.com\/es\/wp-json\/wp\/v2\/product"}],"about":[{"href":"https:\/\/legandgo.com\/es\/wp-json\/wp\/v2\/types\/product"}],"replies":[{"embeddable":true,"href":"https:\/\/legandgo.com\/es\/wp-json\/wp\/v2\/comments?post=44232"}],"version-history":[{"count":4,"href":"https:\/\/legandgo.com\/es\/wp-json\/wp\/v2\/product\/44232\/revisions"}],"predecessor-version":[{"id":52701,"href":"https:\/\/legandgo.com\/es\/wp-json\/wp\/v2\/product\/44232\/revisions\/52701"}],"wp:featuredmedia":[{"embeddable":true,"href":"https:\/\/legandgo.com\/es\/wp-json\/wp\/v2\/media\/44239"}],"wp:attachment":[{"href":"https:\/\/legandgo.com\/es\/wp-json\/wp\/v2\/media?parent=44232"}],"wp:term":[{"taxonomy":"product_brand","embeddable":true,"href":"https:\/\/legandgo.com\/es\/wp-json\/wp\/v2\/product_brand?post=44232"},{"taxonomy":"product_cat","embeddable":true,"href":"https:\/\/legandgo.com\/es\/wp-json\/wp\/v2\/product_cat?post=44232"},{"taxonomy":"product_tag","embeddable":true,"href":"https:\/\/legandgo.com\/es\/wp-json\/wp\/v2\/product_tag?post=44232"}],"curies":[{"name":"wp","href":"https:\/\/api.w.org\/{rel}","templated":true}]}}