{"id":44242,"date":"2021-09-16T14:35:34","date_gmt":"2021-09-16T12:35:34","guid":{"rendered":"https:\/\/legandgo.com\/shop\/sin%20categor\u00eda\/pegatinas-reflectantes\/"},"modified":"2026-04-16T10:35:49","modified_gmt":"2026-04-16T08:35:49","slug":"pegatinas-reflectantes","status":"publish","type":"product","link":"https:\/\/legandgo.com\/es\/shop\/accesorios\/pegatinas-reflectantes\/","title":{"rendered":"Pegatinas reflectantes"},"content":{"rendered":"<p style=\"font-weight: 400;\">Peque\u00f1os detalles. Gran visibilidad. <\/p>\n<p style=\"font-weight: 400;\">Mantenerse visible en todo momento es fundamental. Nuestras pegatinas reflectantes son una forma sencilla de aumentar la seguridad sin perder el lado l\u00fadico. F\u00e1ciles de aplicar en la bicicleta o en el casco de tu peque\u00f1o ciclista, os permiten elegir la ubicaci\u00f3n y crear vuestra propia disposici\u00f3n juntos.  <\/p>\n<p style=\"font-weight: 400;\">Pedalea con seguridad con pegatinas reflectantes.<\/p>\n<p style=\"font-weight: 400;\"><strong>Explora m\u00e1s abajo.<\/strong><\/p>\n","protected":false},"excerpt":{"rendered":"<p>Peque\u00f1os detalles. Gran visibilidad. Mantenerse visible en todo momento es fundamental. Nuestras pegatinas reflectantes son una forma sencilla de aumentar la seguridad sin perder el lado l\u00fadico. F\u00e1ciles de aplicar en la bicicleta o en el casco de tu peque\u00f1o ciclista, os permiten elegir la ubicaci\u00f3n y crear vuestra propia disposici\u00f3n juntos. Pedalea con seguridad<a class=\"excerpt-read-more\" href=\"https:\/\/legandgo.com\/es\/shop\/accesorios\/pegatinas-reflectantes\/\" title=\"ReadPegatinas reflectantes\">&#8230; Read more &raquo;<\/a><\/p>\n","protected":false},"featured_media":44246,"comment_status":"closed","ping_status":"closed","template":"","meta":{"_acf_changed":false,"inline_featured_image":false,"footnotes":""},"product_brand":[],"product_cat":[1012,1313],"product_tag":[],"class_list":{"0":"post-44242","1":"product","2":"type-product","3":"status-publish","4":"has-post-thumbnail","6":"product_cat-accesorios","7":"product_cat-bicicletas-de-equilibrio-y-mas","8":"product_shipping_class-accessories-shipping-es","10":"first","11":"instock","12":"sale","13":"purchasable","14":"product-type-simple"},"bundled_by":[],"bundle_stock_status":"instock","bundle_stock_quantity":null,"bundle_virtual":false,"bundle_layout":"","bundle_add_to_cart_form_location":"","bundle_editable_in_cart":false,"bundle_sold_individually_context":"","bundle_item_grouping":"","bundle_min_size":"","bundle_max_size":"","bundle_price":[],"bundled_items":[],"bundle_sell_ids":[],"acf":[],"yoast_head":"<!-- This site is optimized with the Yoast SEO plugin v25.9 - https:\/\/yoast.com\/wordpress\/plugins\/seo\/ -->\n<title>Pegatinas reflectantes &#183; leg&amp;go<\/title>\n<meta name=\"description\" content=\"Pegatinas reflectantes para bicicleta o casco que mejoran la visibilidad en condiciones de poca luz. F\u00e1ciles de aplicar, incluye 2 hojas.\" \/>\n<meta name=\"robots\" content=\"index, follow, max-snippet:-1, max-image-preview:large, max-video-preview:-1\" \/>\n<link rel=\"canonical\" href=\"https:\/\/legandgo.com\/es\/shop\/accesorios\/pegatinas-reflectantes\/\" \/>\n<meta property=\"og:locale\" content=\"es_ES\" \/>\n<meta property=\"og:type\" content=\"article\" \/>\n<meta property=\"og:title\" content=\"Pegatinas reflectantes &#183; leg&amp;go\" \/>\n<meta property=\"og:description\" content=\"Pegatinas reflectantes para bicicleta o casco que mejoran la visibilidad en condiciones de poca luz. F\u00e1ciles de aplicar, incluye 2 hojas.\" \/>\n<meta property=\"og:url\" content=\"https:\/\/legandgo.com\/es\/shop\/accesorios\/pegatinas-reflectantes\/\" \/>\n<meta property=\"og:site_name\" content=\"leg&amp;go\" \/>\n<meta property=\"article:publisher\" content=\"https:\/\/www.facebook.com\/legandgo\" \/>\n<meta property=\"article:modified_time\" content=\"2026-04-16T08:35:49+00:00\" \/>\n<meta property=\"og:image\" content=\"https:\/\/legandgo.com\/wp-content\/uploads\/2021\/09\/leggo-legandgo-refelective-sticker.jpg\" \/>\n\t<meta property=\"og:image:width\" content=\"300\" \/>\n\t<meta property=\"og:image:height\" content=\"299\" \/>\n\t<meta property=\"og:image:type\" content=\"image\/jpeg\" \/>\n<meta name=\"twitter:card\" content=\"summary_large_image\" \/>\n<script type=\"application\/ld+json\" class=\"yoast-schema-graph\">{\"@context\":\"https:\/\/schema.org\",\"@graph\":[{\"@type\":\"WebPage\",\"@id\":\"https:\/\/legandgo.com\/es\/shop\/accesorios\/pegatinas-reflectantes\/\",\"url\":\"https:\/\/legandgo.com\/es\/shop\/accesorios\/pegatinas-reflectantes\/\",\"name\":\"Pegatinas reflectantes &#183; leg&amp;go\",\"isPartOf\":{\"@id\":\"https:\/\/legandgo.com\/es\/#website\"},\"primaryImageOfPage\":{\"@id\":\"https:\/\/legandgo.com\/es\/shop\/accesorios\/pegatinas-reflectantes\/#primaryimage\"},\"image\":{\"@id\":\"https:\/\/legandgo.com\/es\/shop\/accesorios\/pegatinas-reflectantes\/#primaryimage\"},\"thumbnailUrl\":\"https:\/\/legandgo.com\/wp-content\/uploads\/2021\/09\/leggo-legandgo-refelective-sticker.jpg\",\"datePublished\":\"2021-09-16T12:35:34+00:00\",\"dateModified\":\"2026-04-16T08:35:49+00:00\",\"description\":\"Pegatinas reflectantes para bicicleta o casco que mejoran la visibilidad en condiciones de poca luz. F\u00e1ciles de aplicar, incluye 2 hojas.\",\"breadcrumb\":{\"@id\":\"https:\/\/legandgo.com\/es\/shop\/accesorios\/pegatinas-reflectantes\/#breadcrumb\"},\"inLanguage\":\"es\",\"potentialAction\":[{\"@type\":\"ReadAction\",\"target\":[\"https:\/\/legandgo.com\/es\/shop\/accesorios\/pegatinas-reflectantes\/\"]}]},{\"@type\":\"ImageObject\",\"inLanguage\":\"es\",\"@id\":\"https:\/\/legandgo.com\/es\/shop\/accesorios\/pegatinas-reflectantes\/#primaryimage\",\"url\":\"https:\/\/legandgo.com\/wp-content\/uploads\/2021\/09\/leggo-legandgo-refelective-sticker.jpg\",\"contentUrl\":\"https:\/\/legandgo.com\/wp-content\/uploads\/2021\/09\/leggo-legandgo-refelective-sticker.jpg\",\"width\":300,\"height\":299},{\"@type\":\"BreadcrumbList\",\"@id\":\"https:\/\/legandgo.com\/es\/shop\/accesorios\/pegatinas-reflectantes\/#breadcrumb\",\"itemListElement\":[{\"@type\":\"ListItem\",\"position\":1,\"name\":\"Home\",\"item\":\"https:\/\/legandgo.com\/es\/\"},{\"@type\":\"ListItem\",\"position\":2,\"name\":\"Tienda\",\"item\":\"https:\/\/legandgo.com\/es\/shop\/\"},{\"@type\":\"ListItem\",\"position\":3,\"name\":\"Pegatinas reflectantes\"}]},{\"@type\":\"WebSite\",\"@id\":\"https:\/\/legandgo.com\/es\/#website\",\"url\":\"https:\/\/legandgo.com\/es\/\",\"name\":\"leg&amp;go\",\"description\":\"\",\"publisher\":{\"@id\":\"https:\/\/legandgo.com\/es\/#organization\"},\"potentialAction\":[{\"@type\":\"SearchAction\",\"target\":{\"@type\":\"EntryPoint\",\"urlTemplate\":\"https:\/\/legandgo.com\/es\/?s={search_term_string}\"},\"query-input\":{\"@type\":\"PropertyValueSpecification\",\"valueRequired\":true,\"valueName\":\"search_term_string\"}}],\"inLanguage\":\"es\"},{\"@type\":\"Organization\",\"@id\":\"https:\/\/legandgo.com\/es\/#organization\",\"name\":\"leg&go bike\",\"url\":\"https:\/\/legandgo.com\/es\/\",\"logo\":{\"@type\":\"ImageObject\",\"inLanguage\":\"es\",\"@id\":\"https:\/\/legandgo.com\/es\/#\/schema\/logo\/image\/\",\"url\":\"https:\/\/legandgo.com\/wp-content\/uploads\/2021\/03\/logorf.png\",\"contentUrl\":\"https:\/\/legandgo.com\/wp-content\/uploads\/2021\/03\/logorf.png\",\"width\":675,\"height\":216,\"caption\":\"leg&go bike\"},\"image\":{\"@id\":\"https:\/\/legandgo.com\/es\/#\/schema\/logo\/image\/\"},\"sameAs\":[\"https:\/\/www.facebook.com\/legandgo\",\"https:\/\/www.instagram.com\/legandgo\/\",\"https:\/\/www.linkedin.com\/company\/legandgo\/\",\"https:\/\/www.pinterest.com\/legandgo\/\",\"https:\/\/www.youtube.com\/channel\/UC_FBzWPmKWE0g7fcR4Xdfuw\/\"]}]}<\/script>\n<!-- \/ Yoast SEO plugin. -->","yoast_head_json":{"title":"Pegatinas reflectantes &#183; leg&amp;go","description":"Pegatinas reflectantes para bicicleta o casco que mejoran la visibilidad en condiciones de poca luz. F\u00e1ciles de aplicar, incluye 2 hojas.","robots":{"index":"index","follow":"follow","max-snippet":"max-snippet:-1","max-image-preview":"max-image-preview:large","max-video-preview":"max-video-preview:-1"},"canonical":"https:\/\/legandgo.com\/es\/shop\/accesorios\/pegatinas-reflectantes\/","og_locale":"es_ES","og_type":"article","og_title":"Pegatinas reflectantes &#183; leg&amp;go","og_description":"Pegatinas reflectantes para bicicleta o casco que mejoran la visibilidad en condiciones de poca luz. F\u00e1ciles de aplicar, incluye 2 hojas.","og_url":"https:\/\/legandgo.com\/es\/shop\/accesorios\/pegatinas-reflectantes\/","og_site_name":"leg&amp;go","article_publisher":"https:\/\/www.facebook.com\/legandgo","article_modified_time":"2026-04-16T08:35:49+00:00","og_image":[{"width":300,"height":299,"url":"https:\/\/legandgo.com\/wp-content\/uploads\/2021\/09\/leggo-legandgo-refelective-sticker.jpg","type":"image\/jpeg"}],"twitter_card":"summary_large_image","schema":{"@context":"https:\/\/schema.org","@graph":[{"@type":"WebPage","@id":"https:\/\/legandgo.com\/es\/shop\/accesorios\/pegatinas-reflectantes\/","url":"https:\/\/legandgo.com\/es\/shop\/accesorios\/pegatinas-reflectantes\/","name":"Pegatinas reflectantes &#183; leg&amp;go","isPartOf":{"@id":"https:\/\/legandgo.com\/es\/#website"},"primaryImageOfPage":{"@id":"https:\/\/legandgo.com\/es\/shop\/accesorios\/pegatinas-reflectantes\/#primaryimage"},"image":{"@id":"https:\/\/legandgo.com\/es\/shop\/accesorios\/pegatinas-reflectantes\/#primaryimage"},"thumbnailUrl":"https:\/\/legandgo.com\/wp-content\/uploads\/2021\/09\/leggo-legandgo-refelective-sticker.jpg","datePublished":"2021-09-16T12:35:34+00:00","dateModified":"2026-04-16T08:35:49+00:00","description":"Pegatinas reflectantes para bicicleta o casco que mejoran la visibilidad en condiciones de poca luz. F\u00e1ciles de aplicar, incluye 2 hojas.","breadcrumb":{"@id":"https:\/\/legandgo.com\/es\/shop\/accesorios\/pegatinas-reflectantes\/#breadcrumb"},"inLanguage":"es","potentialAction":[{"@type":"ReadAction","target":["https:\/\/legandgo.com\/es\/shop\/accesorios\/pegatinas-reflectantes\/"]}]},{"@type":"ImageObject","inLanguage":"es","@id":"https:\/\/legandgo.com\/es\/shop\/accesorios\/pegatinas-reflectantes\/#primaryimage","url":"https:\/\/legandgo.com\/wp-content\/uploads\/2021\/09\/leggo-legandgo-refelective-sticker.jpg","contentUrl":"https:\/\/legandgo.com\/wp-content\/uploads\/2021\/09\/leggo-legandgo-refelective-sticker.jpg","width":300,"height":299},{"@type":"BreadcrumbList","@id":"https:\/\/legandgo.com\/es\/shop\/accesorios\/pegatinas-reflectantes\/#breadcrumb","itemListElement":[{"@type":"ListItem","position":1,"name":"Home","item":"https:\/\/legandgo.com\/es\/"},{"@type":"ListItem","position":2,"name":"Tienda","item":"https:\/\/legandgo.com\/es\/shop\/"},{"@type":"ListItem","position":3,"name":"Pegatinas reflectantes"}]},{"@type":"WebSite","@id":"https:\/\/legandgo.com\/es\/#website","url":"https:\/\/legandgo.com\/es\/","name":"leg&amp;go","description":"","publisher":{"@id":"https:\/\/legandgo.com\/es\/#organization"},"potentialAction":[{"@type":"SearchAction","target":{"@type":"EntryPoint","urlTemplate":"https:\/\/legandgo.com\/es\/?s={search_term_string}"},"query-input":{"@type":"PropertyValueSpecification","valueRequired":true,"valueName":"search_term_string"}}],"inLanguage":"es"},{"@type":"Organization","@id":"https:\/\/legandgo.com\/es\/#organization","name":"leg&go bike","url":"https:\/\/legandgo.com\/es\/","logo":{"@type":"ImageObject","inLanguage":"es","@id":"https:\/\/legandgo.com\/es\/#\/schema\/logo\/image\/","url":"https:\/\/legandgo.com\/wp-content\/uploads\/2021\/03\/logorf.png","contentUrl":"https:\/\/legandgo.com\/wp-content\/uploads\/2021\/03\/logorf.png","width":675,"height":216,"caption":"leg&go bike"},"image":{"@id":"https:\/\/legandgo.com\/es\/#\/schema\/logo\/image\/"},"sameAs":["https:\/\/www.facebook.com\/legandgo","https:\/\/www.instagram.com\/legandgo\/","https:\/\/www.linkedin.com\/company\/legandgo\/","https:\/\/www.pinterest.com\/legandgo\/","https:\/\/www.youtube.com\/channel\/UC_FBzWPmKWE0g7fcR4Xdfuw\/"]}]}},"_links":{"self":[{"href":"https:\/\/legandgo.com\/es\/wp-json\/wp\/v2\/product\/44242","targetHints":{"allow":["GET"]}}],"collection":[{"href":"https:\/\/legandgo.com\/es\/wp-json\/wp\/v2\/product"}],"about":[{"href":"https:\/\/legandgo.com\/es\/wp-json\/wp\/v2\/types\/product"}],"replies":[{"embeddable":true,"href":"https:\/\/legandgo.com\/es\/wp-json\/wp\/v2\/comments?post=44242"}],"version-history":[{"count":5,"href":"https:\/\/legandgo.com\/es\/wp-json\/wp\/v2\/product\/44242\/revisions"}],"predecessor-version":[{"id":52768,"href":"https:\/\/legandgo.com\/es\/wp-json\/wp\/v2\/product\/44242\/revisions\/52768"}],"wp:featuredmedia":[{"embeddable":true,"href":"https:\/\/legandgo.com\/es\/wp-json\/wp\/v2\/media\/44246"}],"wp:attachment":[{"href":"https:\/\/legandgo.com\/es\/wp-json\/wp\/v2\/media?parent=44242"}],"wp:term":[{"taxonomy":"product_brand","embeddable":true,"href":"https:\/\/legandgo.com\/es\/wp-json\/wp\/v2\/product_brand?post=44242"},{"taxonomy":"product_cat","embeddable":true,"href":"https:\/\/legandgo.com\/es\/wp-json\/wp\/v2\/product_cat?post=44242"},{"taxonomy":"product_tag","embeddable":true,"href":"https:\/\/legandgo.com\/es\/wp-json\/wp\/v2\/product_tag?post=44242"}],"curies":[{"name":"wp","href":"https:\/\/api.w.org\/{rel}","templated":true}]}}