{"id":44320,"date":"2025-01-27T10:23:01","date_gmt":"2025-01-27T08:23:01","guid":{"rendered":"https:\/\/legandgo.com\/shop\/sin%20categor\u00eda\/piscina-de-bolas\/"},"modified":"2026-02-19T16:37:49","modified_gmt":"2026-02-19T14:37:49","slug":"piscina-de-bolas","status":"publish","type":"product","link":"https:\/\/legandgo.com\/es\/shop\/bloques-blandos\/piscina-de-bolas\/","title":{"rendered":"Piscina de Bolas en Espuma"},"content":{"rendered":"<p>Piscina de bolas para ni\u00f1os que estimula los sentidos del tacto, la vista y la percepci\u00f3n corporal de su hijo, favoreciendo el desarrollo sensorial. Dise\u00f1ada para contener 500 bolas que rebotan, ofrece la m\u00e1xima diversi\u00f3n a beb\u00e9s, ni\u00f1os peque\u00f1os y ni\u00f1os mayores.<\/p>\n<p>Fabricada para ni\u00f1os a partir de 1 a\u00f1o, la piscina de bolas tiene los laterales poco profundos para que su beb\u00e9 pueda meterse en ella sin ayuda.  <\/p>\n<p><strong>Explora m\u00e1s abajo.<\/strong><\/p>\n","protected":false},"excerpt":{"rendered":"<p>Piscina de bolas para ni\u00f1os que estimula los sentidos del tacto, la vista y la percepci\u00f3n corporal de su hijo, favoreciendo el desarrollo sensorial. Dise\u00f1ada para contener 500 bolas que rebotan, ofrece la m\u00e1xima diversi\u00f3n a beb\u00e9s, ni\u00f1os peque\u00f1os y ni\u00f1os mayores. Fabricada para ni\u00f1os a partir de 1 a\u00f1o, la piscina de bolas tiene<a class=\"excerpt-read-more\" href=\"https:\/\/legandgo.com\/es\/shop\/bloques-blandos\/piscina-de-bolas\/\" title=\"ReadPiscina de Bolas en Espuma\">&#8230; Read more &raquo;<\/a><\/p>\n","protected":false},"featured_media":52616,"comment_status":"closed","ping_status":"closed","template":"","meta":{"_acf_changed":false,"inline_featured_image":false,"footnotes":""},"product_brand":[],"product_cat":[1016,1321],"product_tag":[1203,1204,1205,1202,1199,1200,1196,1198,1197,1201],"class_list":{"0":"post-44320","1":"product","2":"type-product","3":"status-publish","4":"has-post-thumbnail","6":"product_cat-bloques-blandos","7":"product_cat-categoria-de-juguete","8":"product_tag-juego-blando","9":"product_tag-juego-de-pelotas-blandas","10":"product_tag-juego-de-pelotas-blandas-2","11":"product_tag-juego-para-ninos-pequenos","12":"product_tag-juego-suave","13":"product_tag-juegos-blandos-de-interior","14":"product_tag-jugar-a-la-pelota","15":"product_tag-jugar-al-billar","16":"product_tag-piscina-de-bolas-para-ninos","17":"product_tag-piscina-para-ninos-pequenos","18":"product_shipping_class-soft-blocks-es","20":"first","21":"outofstock","22":"purchasable","23":"product-type-simple"},"bundled_by":[],"bundle_stock_status":"outofstock","bundle_stock_quantity":null,"bundle_virtual":false,"bundle_layout":"","bundle_add_to_cart_form_location":"","bundle_editable_in_cart":false,"bundle_sold_individually_context":"","bundle_item_grouping":"","bundle_min_size":"","bundle_max_size":"","bundle_price":[],"bundled_items":[],"bundle_sell_ids":[],"acf":[],"yoast_head":"<!-- This site is optimized with the Yoast SEO plugin v25.9 - https:\/\/yoast.com\/wordpress\/plugins\/seo\/ -->\n<title>Piscina de Bolas para Ni\u00f1os en Espuma Soft Play<\/title>\n<meta name=\"description\" content=\"Piscina de bolas en espuma para ni\u00f1os de 1 a 7 a\u00f1os. Crea un espacio de juego interior seguro que fomenta la diversi\u00f3n activa y el desarrollo sensorial.\" \/>\n<meta name=\"robots\" content=\"index, follow, max-snippet:-1, max-image-preview:large, max-video-preview:-1\" \/>\n<link rel=\"canonical\" href=\"https:\/\/legandgo.com\/es\/shop\/bloques-blandos\/piscina-de-bolas\/\" \/>\n<meta property=\"og:locale\" content=\"es_ES\" \/>\n<meta property=\"og:type\" content=\"article\" \/>\n<meta property=\"og:title\" content=\"Piscina de Bolas para Ni\u00f1os en Espuma Soft Play\" \/>\n<meta property=\"og:description\" content=\"Piscina de bolas en espuma para ni\u00f1os de 1 a 7 a\u00f1os. Crea un espacio de juego interior seguro que fomenta la diversi\u00f3n activa y el desarrollo sensorial.\" \/>\n<meta property=\"og:url\" content=\"https:\/\/legandgo.com\/es\/shop\/bloques-blandos\/piscina-de-bolas\/\" \/>\n<meta property=\"og:site_name\" content=\"leg&amp;go\" \/>\n<meta property=\"article:publisher\" content=\"https:\/\/www.facebook.com\/legandgo\" \/>\n<meta property=\"article:modified_time\" content=\"2026-02-19T14:37:49+00:00\" \/>\n<meta property=\"og:image\" content=\"https:\/\/legandgo.com\/wp-content\/uploads\/2025\/01\/Ballpit_1.jpg\" \/>\n\t<meta property=\"og:image:width\" content=\"1080\" \/>\n\t<meta property=\"og:image:height\" content=\"1080\" \/>\n\t<meta property=\"og:image:type\" content=\"image\/jpeg\" \/>\n<meta name=\"twitter:card\" content=\"summary_large_image\" \/>\n<script type=\"application\/ld+json\" class=\"yoast-schema-graph\">{\"@context\":\"https:\/\/schema.org\",\"@graph\":[{\"@type\":\"WebPage\",\"@id\":\"https:\/\/legandgo.com\/es\/shop\/bloques-blandos\/piscina-de-bolas\/\",\"url\":\"https:\/\/legandgo.com\/es\/shop\/bloques-blandos\/piscina-de-bolas\/\",\"name\":\"Piscina de Bolas para Ni\u00f1os en Espuma Soft Play\",\"isPartOf\":{\"@id\":\"https:\/\/legandgo.com\/es\/#website\"},\"primaryImageOfPage\":{\"@id\":\"https:\/\/legandgo.com\/es\/shop\/bloques-blandos\/piscina-de-bolas\/#primaryimage\"},\"image\":{\"@id\":\"https:\/\/legandgo.com\/es\/shop\/bloques-blandos\/piscina-de-bolas\/#primaryimage\"},\"thumbnailUrl\":\"https:\/\/legandgo.com\/wp-content\/uploads\/2025\/01\/Ballpit_1.jpg\",\"datePublished\":\"2025-01-27T08:23:01+00:00\",\"dateModified\":\"2026-02-19T14:37:49+00:00\",\"description\":\"Piscina de bolas en espuma para ni\u00f1os de 1 a 7 a\u00f1os. Crea un espacio de juego interior seguro que fomenta la diversi\u00f3n activa y el desarrollo sensorial.\",\"breadcrumb\":{\"@id\":\"https:\/\/legandgo.com\/es\/shop\/bloques-blandos\/piscina-de-bolas\/#breadcrumb\"},\"inLanguage\":\"es\",\"potentialAction\":[{\"@type\":\"ReadAction\",\"target\":[\"https:\/\/legandgo.com\/es\/shop\/bloques-blandos\/piscina-de-bolas\/\"]}]},{\"@type\":\"ImageObject\",\"inLanguage\":\"es\",\"@id\":\"https:\/\/legandgo.com\/es\/shop\/bloques-blandos\/piscina-de-bolas\/#primaryimage\",\"url\":\"https:\/\/legandgo.com\/wp-content\/uploads\/2025\/01\/Ballpit_1.jpg\",\"contentUrl\":\"https:\/\/legandgo.com\/wp-content\/uploads\/2025\/01\/Ballpit_1.jpg\",\"width\":1080,\"height\":1080},{\"@type\":\"BreadcrumbList\",\"@id\":\"https:\/\/legandgo.com\/es\/shop\/bloques-blandos\/piscina-de-bolas\/#breadcrumb\",\"itemListElement\":[{\"@type\":\"ListItem\",\"position\":1,\"name\":\"Home\",\"item\":\"https:\/\/legandgo.com\/es\/\"},{\"@type\":\"ListItem\",\"position\":2,\"name\":\"Tienda\",\"item\":\"https:\/\/legandgo.com\/es\/shop\/\"},{\"@type\":\"ListItem\",\"position\":3,\"name\":\"Piscina de Bolas en Espuma\"}]},{\"@type\":\"WebSite\",\"@id\":\"https:\/\/legandgo.com\/es\/#website\",\"url\":\"https:\/\/legandgo.com\/es\/\",\"name\":\"leg&amp;go\",\"description\":\"\",\"publisher\":{\"@id\":\"https:\/\/legandgo.com\/es\/#organization\"},\"potentialAction\":[{\"@type\":\"SearchAction\",\"target\":{\"@type\":\"EntryPoint\",\"urlTemplate\":\"https:\/\/legandgo.com\/es\/?s={search_term_string}\"},\"query-input\":{\"@type\":\"PropertyValueSpecification\",\"valueRequired\":true,\"valueName\":\"search_term_string\"}}],\"inLanguage\":\"es\"},{\"@type\":\"Organization\",\"@id\":\"https:\/\/legandgo.com\/es\/#organization\",\"name\":\"leg&go bike\",\"url\":\"https:\/\/legandgo.com\/es\/\",\"logo\":{\"@type\":\"ImageObject\",\"inLanguage\":\"es\",\"@id\":\"https:\/\/legandgo.com\/es\/#\/schema\/logo\/image\/\",\"url\":\"https:\/\/legandgo.com\/wp-content\/uploads\/2021\/03\/logorf.png\",\"contentUrl\":\"https:\/\/legandgo.com\/wp-content\/uploads\/2021\/03\/logorf.png\",\"width\":675,\"height\":216,\"caption\":\"leg&go bike\"},\"image\":{\"@id\":\"https:\/\/legandgo.com\/es\/#\/schema\/logo\/image\/\"},\"sameAs\":[\"https:\/\/www.facebook.com\/legandgo\",\"https:\/\/www.instagram.com\/legandgo\/\",\"https:\/\/www.linkedin.com\/company\/legandgo\/\",\"https:\/\/www.pinterest.com\/legandgo\/\",\"https:\/\/www.youtube.com\/channel\/UC_FBzWPmKWE0g7fcR4Xdfuw\/\"]}]}<\/script>\n<!-- \/ Yoast SEO plugin. -->","yoast_head_json":{"title":"Piscina de Bolas para Ni\u00f1os en Espuma Soft Play","description":"Piscina de bolas en espuma para ni\u00f1os de 1 a 7 a\u00f1os. Crea un espacio de juego interior seguro que fomenta la diversi\u00f3n activa y el desarrollo sensorial.","robots":{"index":"index","follow":"follow","max-snippet":"max-snippet:-1","max-image-preview":"max-image-preview:large","max-video-preview":"max-video-preview:-1"},"canonical":"https:\/\/legandgo.com\/es\/shop\/bloques-blandos\/piscina-de-bolas\/","og_locale":"es_ES","og_type":"article","og_title":"Piscina de Bolas para Ni\u00f1os en Espuma Soft Play","og_description":"Piscina de bolas en espuma para ni\u00f1os de 1 a 7 a\u00f1os. Crea un espacio de juego interior seguro que fomenta la diversi\u00f3n activa y el desarrollo sensorial.","og_url":"https:\/\/legandgo.com\/es\/shop\/bloques-blandos\/piscina-de-bolas\/","og_site_name":"leg&amp;go","article_publisher":"https:\/\/www.facebook.com\/legandgo","article_modified_time":"2026-02-19T14:37:49+00:00","og_image":[{"width":1080,"height":1080,"url":"https:\/\/legandgo.com\/wp-content\/uploads\/2025\/01\/Ballpit_1.jpg","type":"image\/jpeg"}],"twitter_card":"summary_large_image","schema":{"@context":"https:\/\/schema.org","@graph":[{"@type":"WebPage","@id":"https:\/\/legandgo.com\/es\/shop\/bloques-blandos\/piscina-de-bolas\/","url":"https:\/\/legandgo.com\/es\/shop\/bloques-blandos\/piscina-de-bolas\/","name":"Piscina de Bolas para Ni\u00f1os en Espuma Soft Play","isPartOf":{"@id":"https:\/\/legandgo.com\/es\/#website"},"primaryImageOfPage":{"@id":"https:\/\/legandgo.com\/es\/shop\/bloques-blandos\/piscina-de-bolas\/#primaryimage"},"image":{"@id":"https:\/\/legandgo.com\/es\/shop\/bloques-blandos\/piscina-de-bolas\/#primaryimage"},"thumbnailUrl":"https:\/\/legandgo.com\/wp-content\/uploads\/2025\/01\/Ballpit_1.jpg","datePublished":"2025-01-27T08:23:01+00:00","dateModified":"2026-02-19T14:37:49+00:00","description":"Piscina de bolas en espuma para ni\u00f1os de 1 a 7 a\u00f1os. Crea un espacio de juego interior seguro que fomenta la diversi\u00f3n activa y el desarrollo sensorial.","breadcrumb":{"@id":"https:\/\/legandgo.com\/es\/shop\/bloques-blandos\/piscina-de-bolas\/#breadcrumb"},"inLanguage":"es","potentialAction":[{"@type":"ReadAction","target":["https:\/\/legandgo.com\/es\/shop\/bloques-blandos\/piscina-de-bolas\/"]}]},{"@type":"ImageObject","inLanguage":"es","@id":"https:\/\/legandgo.com\/es\/shop\/bloques-blandos\/piscina-de-bolas\/#primaryimage","url":"https:\/\/legandgo.com\/wp-content\/uploads\/2025\/01\/Ballpit_1.jpg","contentUrl":"https:\/\/legandgo.com\/wp-content\/uploads\/2025\/01\/Ballpit_1.jpg","width":1080,"height":1080},{"@type":"BreadcrumbList","@id":"https:\/\/legandgo.com\/es\/shop\/bloques-blandos\/piscina-de-bolas\/#breadcrumb","itemListElement":[{"@type":"ListItem","position":1,"name":"Home","item":"https:\/\/legandgo.com\/es\/"},{"@type":"ListItem","position":2,"name":"Tienda","item":"https:\/\/legandgo.com\/es\/shop\/"},{"@type":"ListItem","position":3,"name":"Piscina de Bolas en Espuma"}]},{"@type":"WebSite","@id":"https:\/\/legandgo.com\/es\/#website","url":"https:\/\/legandgo.com\/es\/","name":"leg&amp;go","description":"","publisher":{"@id":"https:\/\/legandgo.com\/es\/#organization"},"potentialAction":[{"@type":"SearchAction","target":{"@type":"EntryPoint","urlTemplate":"https:\/\/legandgo.com\/es\/?s={search_term_string}"},"query-input":{"@type":"PropertyValueSpecification","valueRequired":true,"valueName":"search_term_string"}}],"inLanguage":"es"},{"@type":"Organization","@id":"https:\/\/legandgo.com\/es\/#organization","name":"leg&go bike","url":"https:\/\/legandgo.com\/es\/","logo":{"@type":"ImageObject","inLanguage":"es","@id":"https:\/\/legandgo.com\/es\/#\/schema\/logo\/image\/","url":"https:\/\/legandgo.com\/wp-content\/uploads\/2021\/03\/logorf.png","contentUrl":"https:\/\/legandgo.com\/wp-content\/uploads\/2021\/03\/logorf.png","width":675,"height":216,"caption":"leg&go bike"},"image":{"@id":"https:\/\/legandgo.com\/es\/#\/schema\/logo\/image\/"},"sameAs":["https:\/\/www.facebook.com\/legandgo","https:\/\/www.instagram.com\/legandgo\/","https:\/\/www.linkedin.com\/company\/legandgo\/","https:\/\/www.pinterest.com\/legandgo\/","https:\/\/www.youtube.com\/channel\/UC_FBzWPmKWE0g7fcR4Xdfuw\/"]}]}},"_links":{"self":[{"href":"https:\/\/legandgo.com\/es\/wp-json\/wp\/v2\/product\/44320","targetHints":{"allow":["GET"]}}],"collection":[{"href":"https:\/\/legandgo.com\/es\/wp-json\/wp\/v2\/product"}],"about":[{"href":"https:\/\/legandgo.com\/es\/wp-json\/wp\/v2\/types\/product"}],"replies":[{"embeddable":true,"href":"https:\/\/legandgo.com\/es\/wp-json\/wp\/v2\/comments?post=44320"}],"version-history":[{"count":6,"href":"https:\/\/legandgo.com\/es\/wp-json\/wp\/v2\/product\/44320\/revisions"}],"predecessor-version":[{"id":52688,"href":"https:\/\/legandgo.com\/es\/wp-json\/wp\/v2\/product\/44320\/revisions\/52688"}],"wp:featuredmedia":[{"embeddable":true,"href":"https:\/\/legandgo.com\/es\/wp-json\/wp\/v2\/media\/52616"}],"wp:attachment":[{"href":"https:\/\/legandgo.com\/es\/wp-json\/wp\/v2\/media?parent=44320"}],"wp:term":[{"taxonomy":"product_brand","embeddable":true,"href":"https:\/\/legandgo.com\/es\/wp-json\/wp\/v2\/product_brand?post=44320"},{"taxonomy":"product_cat","embeddable":true,"href":"https:\/\/legandgo.com\/es\/wp-json\/wp\/v2\/product_cat?post=44320"},{"taxonomy":"product_tag","embeddable":true,"href":"https:\/\/legandgo.com\/es\/wp-json\/wp\/v2\/product_tag?post=44320"}],"curies":[{"name":"wp","href":"https:\/\/api.w.org\/{rel}","templated":true}]}}