{"id":46911,"date":"2025-12-17T11:49:34","date_gmt":"2025-12-17T09:49:34","guid":{"rendered":"https:\/\/legandgo.com\/shop\/sin%20categor\u00eda\/accesorio-de-bandeja-para-la-comida\/"},"modified":"2026-02-25T15:05:18","modified_gmt":"2026-02-25T13:05:18","slug":"accesorio-de-bandeja-para-la-comida","status":"publish","type":"product","link":"https:\/\/legandgo.com\/es\/shop\/muebles\/accesorio-de-bandeja-para-la-comida\/","title":{"rendered":"Accesorio de bandeja para la comida"},"content":{"rendered":"<p>El accesorio de bandeja para la comida transforma tu torre de cocina transformable en un espacio pr\u00e1ctico y seguro para las comidas, el juego y la creatividad. Dise\u00f1ado para el uso diario, se acopla f\u00e1cilmente al accesorio de silla alta y ofrece una superficie estable para que el ni\u00f1o pueda comer de forma aut\u00f3noma y realizar distintas actividades con comodidad. <\/p>\n<p>Un complemento sencillo que aporta una gran funcionalidad a la rutina diaria de tu hijo.<\/p>\n<p><strong>Descubre m\u00e1s caracter\u00edsticas a continuaci\u00f3n.<\/strong><\/p>\n","protected":false},"excerpt":{"rendered":"<p>El accesorio de bandeja para la comida transforma tu torre de cocina transformable en un espacio pr\u00e1ctico y seguro para las comidas, el juego y la creatividad. Dise\u00f1ado para el uso diario, se acopla f\u00e1cilmente al accesorio de silla alta y ofrece una superficie estable para que el ni\u00f1o pueda comer de forma aut\u00f3noma y<a class=\"excerpt-read-more\" href=\"https:\/\/legandgo.com\/es\/shop\/muebles\/accesorio-de-bandeja-para-la-comida\/\" title=\"ReadAccesorio de bandeja para la comida\">&#8230; Read more &raquo;<\/a><\/p>\n","protected":false},"featured_media":50796,"comment_status":"closed","ping_status":"closed","template":"","meta":{"_acf_changed":false,"inline_featured_image":false,"footnotes":""},"product_brand":[],"product_cat":[1317],"product_tag":[],"class_list":{"0":"post-46911","1":"product","2":"type-product","3":"status-publish","4":"has-post-thumbnail","6":"product_cat-muebles","7":"product_shipping_class-learning-tower-shipping-es","9":"first","10":"instock","11":"purchasable","12":"product-type-simple"},"bundled_by":["46764"],"bundle_stock_status":"instock","bundle_stock_quantity":null,"bundle_virtual":false,"bundle_layout":"","bundle_add_to_cart_form_location":"","bundle_editable_in_cart":false,"bundle_sold_individually_context":"","bundle_item_grouping":"","bundle_min_size":"","bundle_max_size":"","bundle_price":[],"bundled_items":[],"bundle_sell_ids":[],"acf":[],"yoast_head":"<!-- This site is optimized with the Yoast SEO plugin v25.9 - https:\/\/yoast.com\/wordpress\/plugins\/seo\/ -->\n<title>Bandeja para la comida - accesorio para la torre de cocina transformable leg&amp;go<\/title>\n<meta name=\"description\" content=\"Accesorio de bandeja para la comida de madera para la torre de cocina transformable leg&amp;go, que se convierte en torre de cocina y en mesa con silla.\" \/>\n<meta name=\"robots\" content=\"index, follow, max-snippet:-1, max-image-preview:large, max-video-preview:-1\" \/>\n<link rel=\"canonical\" href=\"https:\/\/legandgo.com\/es\/shop\/muebles\/accesorio-de-bandeja-para-la-comida\/\" \/>\n<meta property=\"og:locale\" content=\"es_ES\" \/>\n<meta property=\"og:type\" content=\"article\" \/>\n<meta property=\"og:title\" content=\"Bandeja para la comida - accesorio para la torre de cocina transformable leg&amp;go\" \/>\n<meta property=\"og:description\" content=\"Accesorio de bandeja para la comida de madera para la torre de cocina transformable leg&amp;go, que se convierte en torre de cocina y en mesa con silla.\" \/>\n<meta property=\"og:url\" content=\"https:\/\/legandgo.com\/es\/shop\/muebles\/accesorio-de-bandeja-para-la-comida\/\" \/>\n<meta property=\"og:site_name\" content=\"leg&amp;go\" \/>\n<meta property=\"article:publisher\" content=\"https:\/\/www.facebook.com\/legandgo\" \/>\n<meta property=\"article:modified_time\" content=\"2026-02-25T13:05:18+00:00\" \/>\n<meta property=\"og:image\" content=\"https:\/\/legandgo.com\/wp-content\/uploads\/2026\/02\/tray-addon-TKT.jpg\" \/>\n\t<meta property=\"og:image:width\" content=\"2048\" \/>\n\t<meta property=\"og:image:height\" content=\"2048\" \/>\n\t<meta property=\"og:image:type\" content=\"image\/jpeg\" \/>\n<meta name=\"twitter:card\" content=\"summary_large_image\" \/>\n<script type=\"application\/ld+json\" class=\"yoast-schema-graph\">{\"@context\":\"https:\/\/schema.org\",\"@graph\":[{\"@type\":\"WebPage\",\"@id\":\"https:\/\/legandgo.com\/es\/shop\/muebles\/accesorio-de-bandeja-para-la-comida\/\",\"url\":\"https:\/\/legandgo.com\/es\/shop\/muebles\/accesorio-de-bandeja-para-la-comida\/\",\"name\":\"Bandeja para la comida - accesorio para la torre de cocina transformable leg&go\",\"isPartOf\":{\"@id\":\"https:\/\/legandgo.com\/es\/#website\"},\"primaryImageOfPage\":{\"@id\":\"https:\/\/legandgo.com\/es\/shop\/muebles\/accesorio-de-bandeja-para-la-comida\/#primaryimage\"},\"image\":{\"@id\":\"https:\/\/legandgo.com\/es\/shop\/muebles\/accesorio-de-bandeja-para-la-comida\/#primaryimage\"},\"thumbnailUrl\":\"https:\/\/legandgo.com\/wp-content\/uploads\/2026\/02\/tray-addon-TKT.jpg\",\"datePublished\":\"2025-12-17T09:49:34+00:00\",\"dateModified\":\"2026-02-25T13:05:18+00:00\",\"description\":\"Accesorio de bandeja para la comida de madera para la torre de cocina transformable leg&go, que se convierte en torre de cocina y en mesa con silla.\",\"breadcrumb\":{\"@id\":\"https:\/\/legandgo.com\/es\/shop\/muebles\/accesorio-de-bandeja-para-la-comida\/#breadcrumb\"},\"inLanguage\":\"es\",\"potentialAction\":[{\"@type\":\"ReadAction\",\"target\":[\"https:\/\/legandgo.com\/es\/shop\/muebles\/accesorio-de-bandeja-para-la-comida\/\"]}]},{\"@type\":\"ImageObject\",\"inLanguage\":\"es\",\"@id\":\"https:\/\/legandgo.com\/es\/shop\/muebles\/accesorio-de-bandeja-para-la-comida\/#primaryimage\",\"url\":\"https:\/\/legandgo.com\/wp-content\/uploads\/2026\/02\/tray-addon-TKT.jpg\",\"contentUrl\":\"https:\/\/legandgo.com\/wp-content\/uploads\/2026\/02\/tray-addon-TKT.jpg\",\"width\":2048,\"height\":2048,\"caption\":\"Accesorio de bandeja para la comida extra\u00edble para la torre de cocina transformable, que crea una superficie pr\u00e1ctica para comer y jugar.\"},{\"@type\":\"BreadcrumbList\",\"@id\":\"https:\/\/legandgo.com\/es\/shop\/muebles\/accesorio-de-bandeja-para-la-comida\/#breadcrumb\",\"itemListElement\":[{\"@type\":\"ListItem\",\"position\":1,\"name\":\"Home\",\"item\":\"https:\/\/legandgo.com\/es\/\"},{\"@type\":\"ListItem\",\"position\":2,\"name\":\"Tienda\",\"item\":\"https:\/\/legandgo.com\/es\/shop\/\"},{\"@type\":\"ListItem\",\"position\":3,\"name\":\"Accesorio de bandeja para la comida\"}]},{\"@type\":\"WebSite\",\"@id\":\"https:\/\/legandgo.com\/es\/#website\",\"url\":\"https:\/\/legandgo.com\/es\/\",\"name\":\"leg&amp;go\",\"description\":\"\",\"publisher\":{\"@id\":\"https:\/\/legandgo.com\/es\/#organization\"},\"potentialAction\":[{\"@type\":\"SearchAction\",\"target\":{\"@type\":\"EntryPoint\",\"urlTemplate\":\"https:\/\/legandgo.com\/es\/?s={search_term_string}\"},\"query-input\":{\"@type\":\"PropertyValueSpecification\",\"valueRequired\":true,\"valueName\":\"search_term_string\"}}],\"inLanguage\":\"es\"},{\"@type\":\"Organization\",\"@id\":\"https:\/\/legandgo.com\/es\/#organization\",\"name\":\"leg&go bike\",\"url\":\"https:\/\/legandgo.com\/es\/\",\"logo\":{\"@type\":\"ImageObject\",\"inLanguage\":\"es\",\"@id\":\"https:\/\/legandgo.com\/es\/#\/schema\/logo\/image\/\",\"url\":\"https:\/\/legandgo.com\/wp-content\/uploads\/2021\/03\/logorf.png\",\"contentUrl\":\"https:\/\/legandgo.com\/wp-content\/uploads\/2021\/03\/logorf.png\",\"width\":675,\"height\":216,\"caption\":\"leg&go bike\"},\"image\":{\"@id\":\"https:\/\/legandgo.com\/es\/#\/schema\/logo\/image\/\"},\"sameAs\":[\"https:\/\/www.facebook.com\/legandgo\",\"https:\/\/www.instagram.com\/legandgo\/\",\"https:\/\/www.linkedin.com\/company\/legandgo\/\",\"https:\/\/www.pinterest.com\/legandgo\/\",\"https:\/\/www.youtube.com\/channel\/UC_FBzWPmKWE0g7fcR4Xdfuw\/\"]}]}<\/script>\n<!-- \/ Yoast SEO plugin. -->","yoast_head_json":{"title":"Bandeja para la comida - accesorio para la torre de cocina transformable leg&go","description":"Accesorio de bandeja para la comida de madera para la torre de cocina transformable leg&go, que se convierte en torre de cocina y en mesa con silla.","robots":{"index":"index","follow":"follow","max-snippet":"max-snippet:-1","max-image-preview":"max-image-preview:large","max-video-preview":"max-video-preview:-1"},"canonical":"https:\/\/legandgo.com\/es\/shop\/muebles\/accesorio-de-bandeja-para-la-comida\/","og_locale":"es_ES","og_type":"article","og_title":"Bandeja para la comida - accesorio para la torre de cocina transformable leg&go","og_description":"Accesorio de bandeja para la comida de madera para la torre de cocina transformable leg&go, que se convierte en torre de cocina y en mesa con silla.","og_url":"https:\/\/legandgo.com\/es\/shop\/muebles\/accesorio-de-bandeja-para-la-comida\/","og_site_name":"leg&amp;go","article_publisher":"https:\/\/www.facebook.com\/legandgo","article_modified_time":"2026-02-25T13:05:18+00:00","og_image":[{"width":2048,"height":2048,"url":"https:\/\/legandgo.com\/wp-content\/uploads\/2026\/02\/tray-addon-TKT.jpg","type":"image\/jpeg"}],"twitter_card":"summary_large_image","schema":{"@context":"https:\/\/schema.org","@graph":[{"@type":"WebPage","@id":"https:\/\/legandgo.com\/es\/shop\/muebles\/accesorio-de-bandeja-para-la-comida\/","url":"https:\/\/legandgo.com\/es\/shop\/muebles\/accesorio-de-bandeja-para-la-comida\/","name":"Bandeja para la comida - accesorio para la torre de cocina transformable leg&go","isPartOf":{"@id":"https:\/\/legandgo.com\/es\/#website"},"primaryImageOfPage":{"@id":"https:\/\/legandgo.com\/es\/shop\/muebles\/accesorio-de-bandeja-para-la-comida\/#primaryimage"},"image":{"@id":"https:\/\/legandgo.com\/es\/shop\/muebles\/accesorio-de-bandeja-para-la-comida\/#primaryimage"},"thumbnailUrl":"https:\/\/legandgo.com\/wp-content\/uploads\/2026\/02\/tray-addon-TKT.jpg","datePublished":"2025-12-17T09:49:34+00:00","dateModified":"2026-02-25T13:05:18+00:00","description":"Accesorio de bandeja para la comida de madera para la torre de cocina transformable leg&go, que se convierte en torre de cocina y en mesa con silla.","breadcrumb":{"@id":"https:\/\/legandgo.com\/es\/shop\/muebles\/accesorio-de-bandeja-para-la-comida\/#breadcrumb"},"inLanguage":"es","potentialAction":[{"@type":"ReadAction","target":["https:\/\/legandgo.com\/es\/shop\/muebles\/accesorio-de-bandeja-para-la-comida\/"]}]},{"@type":"ImageObject","inLanguage":"es","@id":"https:\/\/legandgo.com\/es\/shop\/muebles\/accesorio-de-bandeja-para-la-comida\/#primaryimage","url":"https:\/\/legandgo.com\/wp-content\/uploads\/2026\/02\/tray-addon-TKT.jpg","contentUrl":"https:\/\/legandgo.com\/wp-content\/uploads\/2026\/02\/tray-addon-TKT.jpg","width":2048,"height":2048,"caption":"Accesorio de bandeja para la comida extra\u00edble para la torre de cocina transformable, que crea una superficie pr\u00e1ctica para comer y jugar."},{"@type":"BreadcrumbList","@id":"https:\/\/legandgo.com\/es\/shop\/muebles\/accesorio-de-bandeja-para-la-comida\/#breadcrumb","itemListElement":[{"@type":"ListItem","position":1,"name":"Home","item":"https:\/\/legandgo.com\/es\/"},{"@type":"ListItem","position":2,"name":"Tienda","item":"https:\/\/legandgo.com\/es\/shop\/"},{"@type":"ListItem","position":3,"name":"Accesorio de bandeja para la comida"}]},{"@type":"WebSite","@id":"https:\/\/legandgo.com\/es\/#website","url":"https:\/\/legandgo.com\/es\/","name":"leg&amp;go","description":"","publisher":{"@id":"https:\/\/legandgo.com\/es\/#organization"},"potentialAction":[{"@type":"SearchAction","target":{"@type":"EntryPoint","urlTemplate":"https:\/\/legandgo.com\/es\/?s={search_term_string}"},"query-input":{"@type":"PropertyValueSpecification","valueRequired":true,"valueName":"search_term_string"}}],"inLanguage":"es"},{"@type":"Organization","@id":"https:\/\/legandgo.com\/es\/#organization","name":"leg&go bike","url":"https:\/\/legandgo.com\/es\/","logo":{"@type":"ImageObject","inLanguage":"es","@id":"https:\/\/legandgo.com\/es\/#\/schema\/logo\/image\/","url":"https:\/\/legandgo.com\/wp-content\/uploads\/2021\/03\/logorf.png","contentUrl":"https:\/\/legandgo.com\/wp-content\/uploads\/2021\/03\/logorf.png","width":675,"height":216,"caption":"leg&go bike"},"image":{"@id":"https:\/\/legandgo.com\/es\/#\/schema\/logo\/image\/"},"sameAs":["https:\/\/www.facebook.com\/legandgo","https:\/\/www.instagram.com\/legandgo\/","https:\/\/www.linkedin.com\/company\/legandgo\/","https:\/\/www.pinterest.com\/legandgo\/","https:\/\/www.youtube.com\/channel\/UC_FBzWPmKWE0g7fcR4Xdfuw\/"]}]}},"_links":{"self":[{"href":"https:\/\/legandgo.com\/es\/wp-json\/wp\/v2\/product\/46911","targetHints":{"allow":["GET"]}}],"collection":[{"href":"https:\/\/legandgo.com\/es\/wp-json\/wp\/v2\/product"}],"about":[{"href":"https:\/\/legandgo.com\/es\/wp-json\/wp\/v2\/types\/product"}],"replies":[{"embeddable":true,"href":"https:\/\/legandgo.com\/es\/wp-json\/wp\/v2\/comments?post=46911"}],"version-history":[{"count":4,"href":"https:\/\/legandgo.com\/es\/wp-json\/wp\/v2\/product\/46911\/revisions"}],"predecessor-version":[{"id":53322,"href":"https:\/\/legandgo.com\/es\/wp-json\/wp\/v2\/product\/46911\/revisions\/53322"}],"wp:featuredmedia":[{"embeddable":true,"href":"https:\/\/legandgo.com\/es\/wp-json\/wp\/v2\/media\/50796"}],"wp:attachment":[{"href":"https:\/\/legandgo.com\/es\/wp-json\/wp\/v2\/media?parent=46911"}],"wp:term":[{"taxonomy":"product_brand","embeddable":true,"href":"https:\/\/legandgo.com\/es\/wp-json\/wp\/v2\/product_brand?post=46911"},{"taxonomy":"product_cat","embeddable":true,"href":"https:\/\/legandgo.com\/es\/wp-json\/wp\/v2\/product_cat?post=46911"},{"taxonomy":"product_tag","embeddable":true,"href":"https:\/\/legandgo.com\/es\/wp-json\/wp\/v2\/product_tag?post=46911"}],"curies":[{"name":"wp","href":"https:\/\/api.w.org\/{rel}","templated":true}]}}