{"id":48344,"date":"2026-01-19T16:31:47","date_gmt":"2026-01-19T14:31:47","guid":{"rendered":"https:\/\/legandgo.com\/shop\/sin%20categor\u00eda\/rollo-de-papel-de-dibujo\/"},"modified":"2026-02-10T16:26:19","modified_gmt":"2026-02-10T14:26:19","slug":"rollo-de-papel-de-dibujo","status":"publish","type":"product","link":"https:\/\/legandgo.com\/es\/shop\/categoria-de-juguete\/rollo-de-papel-de-dibujo\/","title":{"rendered":"Rollo de papel de dibujo"},"content":{"rendered":"<p style=\"font-weight: 400;\">Papel sin fin. Creatividad sin fin.<\/p>\n<p style=\"font-weight: 400;\">Mant\u00e9n la creatividad en marcha con nuestro rollo de papel de recambio, dise\u00f1ado espec\u00edficamente para la pizarra de dibujo montada en la pared. Suave, resistente y perfectamente dimensionado para peque\u00f1os artistas que nunca quieren dejar de dibujar.<\/p>\n","protected":false},"excerpt":{"rendered":"<p>Papel sin fin. Creatividad sin fin. Mant\u00e9n la creatividad en marcha con nuestro rollo de papel de recambio, dise\u00f1ado espec\u00edficamente para la pizarra de dibujo montada en la pared. Suave, resistente y perfectamente dimensionado para peque\u00f1os artistas que nunca quieren dejar de dibujar.<\/p>\n","protected":false},"featured_media":48342,"comment_status":"closed","ping_status":"closed","template":"","meta":{"_acf_changed":false,"inline_featured_image":false,"footnotes":""},"product_brand":[],"product_cat":[1321],"product_tag":[],"class_list":{"0":"post-48344","1":"product","2":"type-product","3":"status-publish","4":"has-post-thumbnail","6":"product_cat-categoria-de-juguete","7":"product_shipping_class-drawing-board-shipping","9":"first","10":"instock","11":"purchasable","12":"product-type-simple"},"bundled_by":[],"bundle_stock_status":"instock","bundle_stock_quantity":null,"bundle_virtual":false,"bundle_layout":"","bundle_add_to_cart_form_location":"","bundle_editable_in_cart":false,"bundle_sold_individually_context":"","bundle_item_grouping":"","bundle_min_size":"","bundle_max_size":"","bundle_price":[],"bundled_items":[],"bundle_sell_ids":[],"acf":[],"yoast_head":"<!-- This site is optimized with the Yoast SEO plugin v25.9 - https:\/\/yoast.com\/wordpress\/plugins\/seo\/ -->\n<title>Rollo de papel de dibujo &#183; leg&amp;go<\/title>\n<meta name=\"description\" content=\"Rollo de papel de recambio para tu caballete de pared para dibujar. 30 m de largo, perfecto para que los ni\u00f1os dibujen, coloreen y jueguen de forma creativa en casa.\" \/>\n<meta name=\"robots\" content=\"index, follow, max-snippet:-1, max-image-preview:large, max-video-preview:-1\" \/>\n<link rel=\"canonical\" href=\"https:\/\/legandgo.com\/es\/shop\/categoria-de-juguete\/rollo-de-papel-de-dibujo\/\" \/>\n<meta property=\"og:locale\" content=\"es_ES\" \/>\n<meta property=\"og:type\" content=\"article\" \/>\n<meta property=\"og:title\" content=\"Rollo de papel de dibujo &#183; leg&amp;go\" \/>\n<meta property=\"og:description\" content=\"Rollo de papel de recambio para tu caballete de pared para dibujar. 30 m de largo, perfecto para que los ni\u00f1os dibujen, coloreen y jueguen de forma creativa en casa.\" \/>\n<meta property=\"og:url\" content=\"https:\/\/legandgo.com\/es\/shop\/categoria-de-juguete\/rollo-de-papel-de-dibujo\/\" \/>\n<meta property=\"og:site_name\" content=\"leg&amp;go\" \/>\n<meta property=\"article:publisher\" content=\"https:\/\/www.facebook.com\/legandgo\" \/>\n<meta property=\"article:modified_time\" content=\"2026-02-10T14:26:19+00:00\" \/>\n<meta property=\"og:image\" content=\"https:\/\/legandgo.com\/wp-content\/uploads\/2026\/01\/Drawing-board-paper-roll.jpg\" \/>\n\t<meta property=\"og:image:width\" content=\"1024\" \/>\n\t<meta property=\"og:image:height\" content=\"1024\" \/>\n\t<meta property=\"og:image:type\" content=\"image\/jpeg\" \/>\n<meta name=\"twitter:card\" content=\"summary_large_image\" \/>\n<script type=\"application\/ld+json\" class=\"yoast-schema-graph\">{\"@context\":\"https:\/\/schema.org\",\"@graph\":[{\"@type\":\"WebPage\",\"@id\":\"https:\/\/legandgo.com\/es\/shop\/categoria-de-juguete\/rollo-de-papel-de-dibujo\/\",\"url\":\"https:\/\/legandgo.com\/es\/shop\/categoria-de-juguete\/rollo-de-papel-de-dibujo\/\",\"name\":\"Rollo de papel de dibujo &#183; leg&amp;go\",\"isPartOf\":{\"@id\":\"https:\/\/legandgo.com\/es\/#website\"},\"primaryImageOfPage\":{\"@id\":\"https:\/\/legandgo.com\/es\/shop\/categoria-de-juguete\/rollo-de-papel-de-dibujo\/#primaryimage\"},\"image\":{\"@id\":\"https:\/\/legandgo.com\/es\/shop\/categoria-de-juguete\/rollo-de-papel-de-dibujo\/#primaryimage\"},\"thumbnailUrl\":\"https:\/\/legandgo.com\/wp-content\/uploads\/2026\/01\/Drawing-board-paper-roll.jpg\",\"datePublished\":\"2026-01-19T14:31:47+00:00\",\"dateModified\":\"2026-02-10T14:26:19+00:00\",\"description\":\"Rollo de papel de recambio para tu caballete de pared para dibujar. 30 m de largo, perfecto para que los ni\u00f1os dibujen, coloreen y jueguen de forma creativa en casa.\",\"breadcrumb\":{\"@id\":\"https:\/\/legandgo.com\/es\/shop\/categoria-de-juguete\/rollo-de-papel-de-dibujo\/#breadcrumb\"},\"inLanguage\":\"es\",\"potentialAction\":[{\"@type\":\"ReadAction\",\"target\":[\"https:\/\/legandgo.com\/es\/shop\/categoria-de-juguete\/rollo-de-papel-de-dibujo\/\"]}]},{\"@type\":\"ImageObject\",\"inLanguage\":\"es\",\"@id\":\"https:\/\/legandgo.com\/es\/shop\/categoria-de-juguete\/rollo-de-papel-de-dibujo\/#primaryimage\",\"url\":\"https:\/\/legandgo.com\/wp-content\/uploads\/2026\/01\/Drawing-board-paper-roll.jpg\",\"contentUrl\":\"https:\/\/legandgo.com\/wp-content\/uploads\/2026\/01\/Drawing-board-paper-roll.jpg\",\"width\":1024,\"height\":1024,\"caption\":\"Paper roll for wall mounted drawing board\"},{\"@type\":\"BreadcrumbList\",\"@id\":\"https:\/\/legandgo.com\/es\/shop\/categoria-de-juguete\/rollo-de-papel-de-dibujo\/#breadcrumb\",\"itemListElement\":[{\"@type\":\"ListItem\",\"position\":1,\"name\":\"Home\",\"item\":\"https:\/\/legandgo.com\/es\/\"},{\"@type\":\"ListItem\",\"position\":2,\"name\":\"Tienda\",\"item\":\"https:\/\/legandgo.com\/es\/shop\/\"},{\"@type\":\"ListItem\",\"position\":3,\"name\":\"Rollo de papel de dibujo\"}]},{\"@type\":\"WebSite\",\"@id\":\"https:\/\/legandgo.com\/es\/#website\",\"url\":\"https:\/\/legandgo.com\/es\/\",\"name\":\"leg&amp;go\",\"description\":\"\",\"publisher\":{\"@id\":\"https:\/\/legandgo.com\/es\/#organization\"},\"potentialAction\":[{\"@type\":\"SearchAction\",\"target\":{\"@type\":\"EntryPoint\",\"urlTemplate\":\"https:\/\/legandgo.com\/es\/?s={search_term_string}\"},\"query-input\":{\"@type\":\"PropertyValueSpecification\",\"valueRequired\":true,\"valueName\":\"search_term_string\"}}],\"inLanguage\":\"es\"},{\"@type\":\"Organization\",\"@id\":\"https:\/\/legandgo.com\/es\/#organization\",\"name\":\"leg&go bike\",\"url\":\"https:\/\/legandgo.com\/es\/\",\"logo\":{\"@type\":\"ImageObject\",\"inLanguage\":\"es\",\"@id\":\"https:\/\/legandgo.com\/es\/#\/schema\/logo\/image\/\",\"url\":\"https:\/\/legandgo.com\/wp-content\/uploads\/2021\/03\/logorf.png\",\"contentUrl\":\"https:\/\/legandgo.com\/wp-content\/uploads\/2021\/03\/logorf.png\",\"width\":675,\"height\":216,\"caption\":\"leg&go bike\"},\"image\":{\"@id\":\"https:\/\/legandgo.com\/es\/#\/schema\/logo\/image\/\"},\"sameAs\":[\"https:\/\/www.facebook.com\/legandgo\",\"https:\/\/www.instagram.com\/legandgo\/\",\"https:\/\/www.linkedin.com\/company\/legandgo\/\",\"https:\/\/www.pinterest.com\/legandgo\/\",\"https:\/\/www.youtube.com\/channel\/UC_FBzWPmKWE0g7fcR4Xdfuw\/\"]}]}<\/script>\n<!-- \/ Yoast SEO plugin. -->","yoast_head_json":{"title":"Rollo de papel de dibujo &#183; leg&amp;go","description":"Rollo de papel de recambio para tu caballete de pared para dibujar. 30 m de largo, perfecto para que los ni\u00f1os dibujen, coloreen y jueguen de forma creativa en casa.","robots":{"index":"index","follow":"follow","max-snippet":"max-snippet:-1","max-image-preview":"max-image-preview:large","max-video-preview":"max-video-preview:-1"},"canonical":"https:\/\/legandgo.com\/es\/shop\/categoria-de-juguete\/rollo-de-papel-de-dibujo\/","og_locale":"es_ES","og_type":"article","og_title":"Rollo de papel de dibujo &#183; leg&amp;go","og_description":"Rollo de papel de recambio para tu caballete de pared para dibujar. 30 m de largo, perfecto para que los ni\u00f1os dibujen, coloreen y jueguen de forma creativa en casa.","og_url":"https:\/\/legandgo.com\/es\/shop\/categoria-de-juguete\/rollo-de-papel-de-dibujo\/","og_site_name":"leg&amp;go","article_publisher":"https:\/\/www.facebook.com\/legandgo","article_modified_time":"2026-02-10T14:26:19+00:00","og_image":[{"width":1024,"height":1024,"url":"https:\/\/legandgo.com\/wp-content\/uploads\/2026\/01\/Drawing-board-paper-roll.jpg","type":"image\/jpeg"}],"twitter_card":"summary_large_image","schema":{"@context":"https:\/\/schema.org","@graph":[{"@type":"WebPage","@id":"https:\/\/legandgo.com\/es\/shop\/categoria-de-juguete\/rollo-de-papel-de-dibujo\/","url":"https:\/\/legandgo.com\/es\/shop\/categoria-de-juguete\/rollo-de-papel-de-dibujo\/","name":"Rollo de papel de dibujo &#183; leg&amp;go","isPartOf":{"@id":"https:\/\/legandgo.com\/es\/#website"},"primaryImageOfPage":{"@id":"https:\/\/legandgo.com\/es\/shop\/categoria-de-juguete\/rollo-de-papel-de-dibujo\/#primaryimage"},"image":{"@id":"https:\/\/legandgo.com\/es\/shop\/categoria-de-juguete\/rollo-de-papel-de-dibujo\/#primaryimage"},"thumbnailUrl":"https:\/\/legandgo.com\/wp-content\/uploads\/2026\/01\/Drawing-board-paper-roll.jpg","datePublished":"2026-01-19T14:31:47+00:00","dateModified":"2026-02-10T14:26:19+00:00","description":"Rollo de papel de recambio para tu caballete de pared para dibujar. 30 m de largo, perfecto para que los ni\u00f1os dibujen, coloreen y jueguen de forma creativa en casa.","breadcrumb":{"@id":"https:\/\/legandgo.com\/es\/shop\/categoria-de-juguete\/rollo-de-papel-de-dibujo\/#breadcrumb"},"inLanguage":"es","potentialAction":[{"@type":"ReadAction","target":["https:\/\/legandgo.com\/es\/shop\/categoria-de-juguete\/rollo-de-papel-de-dibujo\/"]}]},{"@type":"ImageObject","inLanguage":"es","@id":"https:\/\/legandgo.com\/es\/shop\/categoria-de-juguete\/rollo-de-papel-de-dibujo\/#primaryimage","url":"https:\/\/legandgo.com\/wp-content\/uploads\/2026\/01\/Drawing-board-paper-roll.jpg","contentUrl":"https:\/\/legandgo.com\/wp-content\/uploads\/2026\/01\/Drawing-board-paper-roll.jpg","width":1024,"height":1024,"caption":"Paper roll for wall mounted drawing board"},{"@type":"BreadcrumbList","@id":"https:\/\/legandgo.com\/es\/shop\/categoria-de-juguete\/rollo-de-papel-de-dibujo\/#breadcrumb","itemListElement":[{"@type":"ListItem","position":1,"name":"Home","item":"https:\/\/legandgo.com\/es\/"},{"@type":"ListItem","position":2,"name":"Tienda","item":"https:\/\/legandgo.com\/es\/shop\/"},{"@type":"ListItem","position":3,"name":"Rollo de papel de dibujo"}]},{"@type":"WebSite","@id":"https:\/\/legandgo.com\/es\/#website","url":"https:\/\/legandgo.com\/es\/","name":"leg&amp;go","description":"","publisher":{"@id":"https:\/\/legandgo.com\/es\/#organization"},"potentialAction":[{"@type":"SearchAction","target":{"@type":"EntryPoint","urlTemplate":"https:\/\/legandgo.com\/es\/?s={search_term_string}"},"query-input":{"@type":"PropertyValueSpecification","valueRequired":true,"valueName":"search_term_string"}}],"inLanguage":"es"},{"@type":"Organization","@id":"https:\/\/legandgo.com\/es\/#organization","name":"leg&go bike","url":"https:\/\/legandgo.com\/es\/","logo":{"@type":"ImageObject","inLanguage":"es","@id":"https:\/\/legandgo.com\/es\/#\/schema\/logo\/image\/","url":"https:\/\/legandgo.com\/wp-content\/uploads\/2021\/03\/logorf.png","contentUrl":"https:\/\/legandgo.com\/wp-content\/uploads\/2021\/03\/logorf.png","width":675,"height":216,"caption":"leg&go bike"},"image":{"@id":"https:\/\/legandgo.com\/es\/#\/schema\/logo\/image\/"},"sameAs":["https:\/\/www.facebook.com\/legandgo","https:\/\/www.instagram.com\/legandgo\/","https:\/\/www.linkedin.com\/company\/legandgo\/","https:\/\/www.pinterest.com\/legandgo\/","https:\/\/www.youtube.com\/channel\/UC_FBzWPmKWE0g7fcR4Xdfuw\/"]}]}},"_links":{"self":[{"href":"https:\/\/legandgo.com\/es\/wp-json\/wp\/v2\/product\/48344","targetHints":{"allow":["GET"]}}],"collection":[{"href":"https:\/\/legandgo.com\/es\/wp-json\/wp\/v2\/product"}],"about":[{"href":"https:\/\/legandgo.com\/es\/wp-json\/wp\/v2\/types\/product"}],"replies":[{"embeddable":true,"href":"https:\/\/legandgo.com\/es\/wp-json\/wp\/v2\/comments?post=48344"}],"version-history":[{"count":3,"href":"https:\/\/legandgo.com\/es\/wp-json\/wp\/v2\/product\/48344\/revisions"}],"predecessor-version":[{"id":51000,"href":"https:\/\/legandgo.com\/es\/wp-json\/wp\/v2\/product\/48344\/revisions\/51000"}],"wp:featuredmedia":[{"embeddable":true,"href":"https:\/\/legandgo.com\/es\/wp-json\/wp\/v2\/media\/48342"}],"wp:attachment":[{"href":"https:\/\/legandgo.com\/es\/wp-json\/wp\/v2\/media?parent=48344"}],"wp:term":[{"taxonomy":"product_brand","embeddable":true,"href":"https:\/\/legandgo.com\/es\/wp-json\/wp\/v2\/product_brand?post=48344"},{"taxonomy":"product_cat","embeddable":true,"href":"https:\/\/legandgo.com\/es\/wp-json\/wp\/v2\/product_cat?post=48344"},{"taxonomy":"product_tag","embeddable":true,"href":"https:\/\/legandgo.com\/es\/wp-json\/wp\/v2\/product_tag?post=48344"}],"curies":[{"name":"wp","href":"https:\/\/api.w.org\/{rel}","templated":true}]}}