{"id":48405,"date":"2026-01-14T11:42:48","date_gmt":"2026-01-14T09:42:48","guid":{"rendered":"https:\/\/legandgo.com\/?post_type=product&#038;p=48405"},"modified":"2026-02-10T16:01:29","modified_gmt":"2026-02-10T14:01:29","slug":"caballete-de-pared-para-dibujar","status":"publish","type":"product","link":"https:\/\/legandgo.com\/es\/shop\/categoria-de-juguete\/caballete-de-pared-para-dibujar\/","title":{"rendered":"Caballete de pared para dibujar"},"content":{"rendered":"<p style=\"font-weight: 400;\">Dise\u00f1ada pensando en los ni\u00f1os, nuestra pizarra de dibujo de madera para pared invita a disfrutar de horas de creatividad sin pantallas. F\u00e1cil de montar en cualquier pared, cuenta con una bandeja de almacenamiento integrada para mantener l\u00e1pices y ceras ordenados y siempre al alcance.<\/p>\n<p style=\"font-weight: 400;\">La ranura de alimentaci\u00f3n del papel, suave, permite tirar de los dibujos terminados hacia abajo y arrancarlos sin esfuerzo, fomentando la independencia y el juego ininterrumpido. Recomendamos a\u00f1adir uno o dos rollos adicionales a tu compra para que los peque\u00f1os artistas nunca se queden sin espacio para sus ideas.<\/p>\n<p style=\"font-weight: 400;\"><strong>Ten en cuenta<\/strong>: el color real del producto puede variar ligeramente debido a las condiciones de iluminaci\u00f3n, la configuraci\u00f3n de la pantalla y las variaciones naturales en la veta de la madera.<\/p>\n<p style=\"font-weight: 400;\"><strong>Descubre m\u00e1s a continuaci\u00f3n.<\/strong><\/p>\n","protected":false},"excerpt":{"rendered":"<p>Dise\u00f1ada pensando en los ni\u00f1os, nuestra pizarra de dibujo de madera para pared invita a disfrutar de horas de creatividad sin pantallas. F\u00e1cil de montar en cualquier pared, cuenta con una bandeja de almacenamiento integrada para mantener l\u00e1pices y ceras ordenados y siempre al alcance. La ranura de alimentaci\u00f3n del papel, suave, permite tirar de<a class=\"excerpt-read-more\" href=\"https:\/\/legandgo.com\/es\/shop\/categoria-de-juguete\/caballete-de-pared-para-dibujar\/\" title=\"ReadCaballete de pared para dibujar\">&#8230; Read more &raquo;<\/a><\/p>\n","protected":false},"featured_media":48555,"comment_status":"closed","ping_status":"closed","template":"","meta":{"_acf_changed":false,"inline_featured_image":false,"footnotes":""},"product_brand":[],"product_cat":[1321],"product_tag":[],"class_list":{"0":"post-48405","1":"product","2":"type-product","3":"status-publish","4":"has-post-thumbnail","6":"product_cat-categoria-de-juguete","7":"product_shipping_class-drawing-board-shipping","9":"first","10":"instock","11":"purchasable","12":"product-type-variable","13":"has-default-attributes"},"bundled_by":[],"bundle_stock_status":"instock","bundle_stock_quantity":null,"bundle_virtual":false,"bundle_layout":"","bundle_add_to_cart_form_location":"","bundle_editable_in_cart":false,"bundle_sold_individually_context":"","bundle_item_grouping":"","bundle_min_size":"","bundle_max_size":"","bundle_price":[],"bundled_items":[],"bundle_sell_ids":[],"acf":[],"yoast_head":"<!-- This site is optimized with the Yoast SEO plugin v25.9 - https:\/\/yoast.com\/wordpress\/plugins\/seo\/ -->\n<title>Caballete de pared para dibujar &#183; leg&amp;go<\/title>\n<meta name=\"description\" content=\"Caballete de pared para dibujar de madera para ni\u00f1os. Un rinc\u00f3n creativo que ahorra espacio con repisa para l\u00e1pices, ideal para dibujar, colorear y jugar sin pantallas.\" \/>\n<meta name=\"robots\" content=\"index, follow, max-snippet:-1, max-image-preview:large, max-video-preview:-1\" \/>\n<link rel=\"canonical\" href=\"https:\/\/legandgo.com\/es\/shop\/categoria-de-juguete\/caballete-de-pared-para-dibujar\/\" \/>\n<meta property=\"og:locale\" content=\"es_ES\" \/>\n<meta property=\"og:type\" content=\"article\" \/>\n<meta property=\"og:title\" content=\"Caballete de pared para dibujar &#183; leg&amp;go\" \/>\n<meta property=\"og:description\" content=\"Caballete de pared para dibujar de madera para ni\u00f1os. Un rinc\u00f3n creativo que ahorra espacio con repisa para l\u00e1pices, ideal para dibujar, colorear y jugar sin pantallas.\" \/>\n<meta property=\"og:url\" content=\"https:\/\/legandgo.com\/es\/shop\/categoria-de-juguete\/caballete-de-pared-para-dibujar\/\" \/>\n<meta property=\"og:site_name\" content=\"leg&amp;go\" \/>\n<meta property=\"article:publisher\" content=\"https:\/\/www.facebook.com\/legandgo\" \/>\n<meta property=\"article:modified_time\" content=\"2026-02-10T14:01:29+00:00\" \/>\n<meta property=\"og:image\" content=\"https:\/\/legandgo.com\/wp-content\/uploads\/2026\/01\/Drawing-board-with-paper-roll-scaled.jpg\" \/>\n\t<meta property=\"og:image:width\" content=\"2560\" \/>\n\t<meta property=\"og:image:height\" content=\"2560\" \/>\n\t<meta property=\"og:image:type\" content=\"image\/jpeg\" \/>\n<meta name=\"twitter:card\" content=\"summary_large_image\" \/>\n<meta name=\"twitter:label1\" content=\"Est. reading time\" \/>\n\t<meta name=\"twitter:data1\" content=\"1 minuto\" \/>\n<script type=\"application\/ld+json\" class=\"yoast-schema-graph\">{\"@context\":\"https:\/\/schema.org\",\"@graph\":[{\"@type\":\"WebPage\",\"@id\":\"https:\/\/legandgo.com\/es\/shop\/categoria-de-juguete\/caballete-de-pared-para-dibujar\/\",\"url\":\"https:\/\/legandgo.com\/es\/shop\/categoria-de-juguete\/caballete-de-pared-para-dibujar\/\",\"name\":\"Caballete de pared para dibujar &#183; leg&amp;go\",\"isPartOf\":{\"@id\":\"https:\/\/legandgo.com\/es\/#website\"},\"primaryImageOfPage\":{\"@id\":\"https:\/\/legandgo.com\/es\/shop\/categoria-de-juguete\/caballete-de-pared-para-dibujar\/#primaryimage\"},\"image\":{\"@id\":\"https:\/\/legandgo.com\/es\/shop\/categoria-de-juguete\/caballete-de-pared-para-dibujar\/#primaryimage\"},\"thumbnailUrl\":\"https:\/\/legandgo.com\/wp-content\/uploads\/2026\/01\/Drawing-board-with-paper-roll-scaled.jpg\",\"datePublished\":\"2026-01-14T09:42:48+00:00\",\"dateModified\":\"2026-02-10T14:01:29+00:00\",\"description\":\"Caballete de pared para dibujar de madera para ni\u00f1os. Un rinc\u00f3n creativo que ahorra espacio con repisa para l\u00e1pices, ideal para dibujar, colorear y jugar sin pantallas.\",\"breadcrumb\":{\"@id\":\"https:\/\/legandgo.com\/es\/shop\/categoria-de-juguete\/caballete-de-pared-para-dibujar\/#breadcrumb\"},\"inLanguage\":\"es\",\"potentialAction\":[{\"@type\":\"ReadAction\",\"target\":[\"https:\/\/legandgo.com\/es\/shop\/categoria-de-juguete\/caballete-de-pared-para-dibujar\/\"]}]},{\"@type\":\"ImageObject\",\"inLanguage\":\"es\",\"@id\":\"https:\/\/legandgo.com\/es\/shop\/categoria-de-juguete\/caballete-de-pared-para-dibujar\/#primaryimage\",\"url\":\"https:\/\/legandgo.com\/wp-content\/uploads\/2026\/01\/Drawing-board-with-paper-roll-scaled.jpg\",\"contentUrl\":\"https:\/\/legandgo.com\/wp-content\/uploads\/2026\/01\/Drawing-board-with-paper-roll-scaled.jpg\",\"width\":2560,\"height\":2560},{\"@type\":\"BreadcrumbList\",\"@id\":\"https:\/\/legandgo.com\/es\/shop\/categoria-de-juguete\/caballete-de-pared-para-dibujar\/#breadcrumb\",\"itemListElement\":[{\"@type\":\"ListItem\",\"position\":1,\"name\":\"Home\",\"item\":\"https:\/\/legandgo.com\/es\/\"},{\"@type\":\"ListItem\",\"position\":2,\"name\":\"Tienda\",\"item\":\"https:\/\/legandgo.com\/es\/shop\/\"},{\"@type\":\"ListItem\",\"position\":3,\"name\":\"Caballete de pared para dibujar\"}]},{\"@type\":\"WebSite\",\"@id\":\"https:\/\/legandgo.com\/es\/#website\",\"url\":\"https:\/\/legandgo.com\/es\/\",\"name\":\"leg&amp;go\",\"description\":\"\",\"publisher\":{\"@id\":\"https:\/\/legandgo.com\/es\/#organization\"},\"potentialAction\":[{\"@type\":\"SearchAction\",\"target\":{\"@type\":\"EntryPoint\",\"urlTemplate\":\"https:\/\/legandgo.com\/es\/?s={search_term_string}\"},\"query-input\":{\"@type\":\"PropertyValueSpecification\",\"valueRequired\":true,\"valueName\":\"search_term_string\"}}],\"inLanguage\":\"es\"},{\"@type\":\"Organization\",\"@id\":\"https:\/\/legandgo.com\/es\/#organization\",\"name\":\"leg&go bike\",\"url\":\"https:\/\/legandgo.com\/es\/\",\"logo\":{\"@type\":\"ImageObject\",\"inLanguage\":\"es\",\"@id\":\"https:\/\/legandgo.com\/es\/#\/schema\/logo\/image\/\",\"url\":\"https:\/\/legandgo.com\/wp-content\/uploads\/2021\/03\/logorf.png\",\"contentUrl\":\"https:\/\/legandgo.com\/wp-content\/uploads\/2021\/03\/logorf.png\",\"width\":675,\"height\":216,\"caption\":\"leg&go bike\"},\"image\":{\"@id\":\"https:\/\/legandgo.com\/es\/#\/schema\/logo\/image\/\"},\"sameAs\":[\"https:\/\/www.facebook.com\/legandgo\",\"https:\/\/www.instagram.com\/legandgo\/\",\"https:\/\/www.linkedin.com\/company\/legandgo\/\",\"https:\/\/www.pinterest.com\/legandgo\/\",\"https:\/\/www.youtube.com\/channel\/UC_FBzWPmKWE0g7fcR4Xdfuw\/\"]}]}<\/script>\n<!-- \/ Yoast SEO plugin. -->","yoast_head_json":{"title":"Caballete de pared para dibujar &#183; leg&amp;go","description":"Caballete de pared para dibujar de madera para ni\u00f1os. Un rinc\u00f3n creativo que ahorra espacio con repisa para l\u00e1pices, ideal para dibujar, colorear y jugar sin pantallas.","robots":{"index":"index","follow":"follow","max-snippet":"max-snippet:-1","max-image-preview":"max-image-preview:large","max-video-preview":"max-video-preview:-1"},"canonical":"https:\/\/legandgo.com\/es\/shop\/categoria-de-juguete\/caballete-de-pared-para-dibujar\/","og_locale":"es_ES","og_type":"article","og_title":"Caballete de pared para dibujar &#183; leg&amp;go","og_description":"Caballete de pared para dibujar de madera para ni\u00f1os. Un rinc\u00f3n creativo que ahorra espacio con repisa para l\u00e1pices, ideal para dibujar, colorear y jugar sin pantallas.","og_url":"https:\/\/legandgo.com\/es\/shop\/categoria-de-juguete\/caballete-de-pared-para-dibujar\/","og_site_name":"leg&amp;go","article_publisher":"https:\/\/www.facebook.com\/legandgo","article_modified_time":"2026-02-10T14:01:29+00:00","og_image":[{"width":2560,"height":2560,"url":"https:\/\/legandgo.com\/wp-content\/uploads\/2026\/01\/Drawing-board-with-paper-roll-scaled.jpg","type":"image\/jpeg"}],"twitter_card":"summary_large_image","twitter_misc":{"Est. reading time":"1 minuto"},"schema":{"@context":"https:\/\/schema.org","@graph":[{"@type":"WebPage","@id":"https:\/\/legandgo.com\/es\/shop\/categoria-de-juguete\/caballete-de-pared-para-dibujar\/","url":"https:\/\/legandgo.com\/es\/shop\/categoria-de-juguete\/caballete-de-pared-para-dibujar\/","name":"Caballete de pared para dibujar &#183; leg&amp;go","isPartOf":{"@id":"https:\/\/legandgo.com\/es\/#website"},"primaryImageOfPage":{"@id":"https:\/\/legandgo.com\/es\/shop\/categoria-de-juguete\/caballete-de-pared-para-dibujar\/#primaryimage"},"image":{"@id":"https:\/\/legandgo.com\/es\/shop\/categoria-de-juguete\/caballete-de-pared-para-dibujar\/#primaryimage"},"thumbnailUrl":"https:\/\/legandgo.com\/wp-content\/uploads\/2026\/01\/Drawing-board-with-paper-roll-scaled.jpg","datePublished":"2026-01-14T09:42:48+00:00","dateModified":"2026-02-10T14:01:29+00:00","description":"Caballete de pared para dibujar de madera para ni\u00f1os. Un rinc\u00f3n creativo que ahorra espacio con repisa para l\u00e1pices, ideal para dibujar, colorear y jugar sin pantallas.","breadcrumb":{"@id":"https:\/\/legandgo.com\/es\/shop\/categoria-de-juguete\/caballete-de-pared-para-dibujar\/#breadcrumb"},"inLanguage":"es","potentialAction":[{"@type":"ReadAction","target":["https:\/\/legandgo.com\/es\/shop\/categoria-de-juguete\/caballete-de-pared-para-dibujar\/"]}]},{"@type":"ImageObject","inLanguage":"es","@id":"https:\/\/legandgo.com\/es\/shop\/categoria-de-juguete\/caballete-de-pared-para-dibujar\/#primaryimage","url":"https:\/\/legandgo.com\/wp-content\/uploads\/2026\/01\/Drawing-board-with-paper-roll-scaled.jpg","contentUrl":"https:\/\/legandgo.com\/wp-content\/uploads\/2026\/01\/Drawing-board-with-paper-roll-scaled.jpg","width":2560,"height":2560},{"@type":"BreadcrumbList","@id":"https:\/\/legandgo.com\/es\/shop\/categoria-de-juguete\/caballete-de-pared-para-dibujar\/#breadcrumb","itemListElement":[{"@type":"ListItem","position":1,"name":"Home","item":"https:\/\/legandgo.com\/es\/"},{"@type":"ListItem","position":2,"name":"Tienda","item":"https:\/\/legandgo.com\/es\/shop\/"},{"@type":"ListItem","position":3,"name":"Caballete de pared para dibujar"}]},{"@type":"WebSite","@id":"https:\/\/legandgo.com\/es\/#website","url":"https:\/\/legandgo.com\/es\/","name":"leg&amp;go","description":"","publisher":{"@id":"https:\/\/legandgo.com\/es\/#organization"},"potentialAction":[{"@type":"SearchAction","target":{"@type":"EntryPoint","urlTemplate":"https:\/\/legandgo.com\/es\/?s={search_term_string}"},"query-input":{"@type":"PropertyValueSpecification","valueRequired":true,"valueName":"search_term_string"}}],"inLanguage":"es"},{"@type":"Organization","@id":"https:\/\/legandgo.com\/es\/#organization","name":"leg&go bike","url":"https:\/\/legandgo.com\/es\/","logo":{"@type":"ImageObject","inLanguage":"es","@id":"https:\/\/legandgo.com\/es\/#\/schema\/logo\/image\/","url":"https:\/\/legandgo.com\/wp-content\/uploads\/2021\/03\/logorf.png","contentUrl":"https:\/\/legandgo.com\/wp-content\/uploads\/2021\/03\/logorf.png","width":675,"height":216,"caption":"leg&go bike"},"image":{"@id":"https:\/\/legandgo.com\/es\/#\/schema\/logo\/image\/"},"sameAs":["https:\/\/www.facebook.com\/legandgo","https:\/\/www.instagram.com\/legandgo\/","https:\/\/www.linkedin.com\/company\/legandgo\/","https:\/\/www.pinterest.com\/legandgo\/","https:\/\/www.youtube.com\/channel\/UC_FBzWPmKWE0g7fcR4Xdfuw\/"]}]}},"_links":{"self":[{"href":"https:\/\/legandgo.com\/es\/wp-json\/wp\/v2\/product\/48405","targetHints":{"allow":["GET"]}}],"collection":[{"href":"https:\/\/legandgo.com\/es\/wp-json\/wp\/v2\/product"}],"about":[{"href":"https:\/\/legandgo.com\/es\/wp-json\/wp\/v2\/types\/product"}],"replies":[{"embeddable":true,"href":"https:\/\/legandgo.com\/es\/wp-json\/wp\/v2\/comments?post=48405"}],"version-history":[{"count":4,"href":"https:\/\/legandgo.com\/es\/wp-json\/wp\/v2\/product\/48405\/revisions"}],"predecessor-version":[{"id":50990,"href":"https:\/\/legandgo.com\/es\/wp-json\/wp\/v2\/product\/48405\/revisions\/50990"}],"wp:featuredmedia":[{"embeddable":true,"href":"https:\/\/legandgo.com\/es\/wp-json\/wp\/v2\/media\/48555"}],"wp:attachment":[{"href":"https:\/\/legandgo.com\/es\/wp-json\/wp\/v2\/media?parent=48405"}],"wp:term":[{"taxonomy":"product_brand","embeddable":true,"href":"https:\/\/legandgo.com\/es\/wp-json\/wp\/v2\/product_brand?post=48405"},{"taxonomy":"product_cat","embeddable":true,"href":"https:\/\/legandgo.com\/es\/wp-json\/wp\/v2\/product_cat?post=48405"},{"taxonomy":"product_tag","embeddable":true,"href":"https:\/\/legandgo.com\/es\/wp-json\/wp\/v2\/product_tag?post=48405"}],"curies":[{"name":"wp","href":"https:\/\/api.w.org\/{rel}","templated":true}]}}