{"id":50850,"date":"2026-02-09T12:39:13","date_gmt":"2026-02-09T10:39:13","guid":{"rendered":"https:\/\/legandgo.com\/shop\/sin%20categor\u00eda\/complete-riding-set\/"},"modified":"2026-02-11T13:28:07","modified_gmt":"2026-02-11T11:28:07","slug":"complete-riding-set","status":"publish","type":"product","link":"https:\/\/legandgo.com\/es\/shop\/bicicleta-de-equilibrio\/complete-riding-set\/","title":{"rendered":"Balance Bike 3in1 Conjunto Completo de Conducci\u00f3n"},"content":{"rendered":"<p style=\"font-weight: 400;\">Una bicicleta. Cada etapa.<\/p>\n<p style=\"font-weight: 400;\"><strong>Importante: Los add-ons est\u00e1n dise\u00f1ados exclusivamente para su uso con la Balance Bike 3in1 y requieren la bicicleta para funcionar. La Balance Bike 3in1 debe comprarse por separado. <\/strong><\/p>\n<p style=\"font-weight: 400;\">Desde los primeros movimientos hasta una conducci\u00f3n segura, el Balance Bike 3in1 Conjunto Completo de Conducci\u00f3n crece junto a tu hijo durante a\u00f1os, transform\u00e1ndose f\u00e1cilmente a medida que evolucionan sus habilidades, fuerza y curiosidad.<\/p>\n<p style=\"font-weight: 400;\">Una inversi\u00f3n con visi\u00f3n de futuro, dise\u00f1ada para reemplazar varias bicicletas mientras apoya el desarrollo natural en cada etapa.<\/p>\n<p style=\"font-weight: 400;\"><strong>Descubre m\u00e1s abajo.<\/strong><\/p>\n","protected":false},"excerpt":{"rendered":"<p>Una bicicleta. Cada etapa. Importante: Los add-ons est\u00e1n dise\u00f1ados exclusivamente para su uso con la Balance Bike 3in1 y requieren la bicicleta para funcionar. La Balance Bike 3in1 debe comprarse por separado. Desde los primeros movimientos hasta una conducci\u00f3n segura, el Balance Bike 3in1 Conjunto Completo de Conducci\u00f3n crece junto a tu hijo durante a\u00f1os,<a class=\"excerpt-read-more\" href=\"https:\/\/legandgo.com\/es\/shop\/bicicleta-de-equilibrio\/complete-riding-set\/\" title=\"ReadBalance Bike 3in1 Conjunto Completo de Conducci\u00f3n\">&#8230; Read more &raquo;<\/a><\/p>\n","protected":false},"featured_media":50851,"comment_status":"closed","ping_status":"closed","template":"","meta":{"_acf_changed":false,"inline_featured_image":false,"footnotes":""},"product_brand":[],"product_cat":[1009],"product_tag":[1729,1721,1725,1717,1713],"class_list":{"0":"post-50850","1":"product","2":"type-product","3":"status-publish","4":"has-post-thumbnail","6":"product_cat-bicicleta-de-equilibrio","7":"product_tag-leg-go-2","8":"product_tag-leg-and-go","9":"product_tag-leg-go","10":"product_tag-leggo","11":"product_tag-legandgo","13":"first","14":"instock","15":"taxable","16":"shipping-taxable","17":"purchasable","18":"product-type-woosb"},"bundled_by":[],"bundle_stock_status":"instock","bundle_stock_quantity":null,"bundle_virtual":false,"bundle_layout":"","bundle_add_to_cart_form_location":"","bundle_editable_in_cart":false,"bundle_sold_individually_context":"","bundle_item_grouping":"","bundle_min_size":"","bundle_max_size":"","bundle_price":[],"bundled_items":[],"bundle_sell_ids":[],"acf":[],"yoast_head":"<!-- This site is optimized with the Yoast SEO plugin v25.9 - https:\/\/yoast.com\/wordpress\/plugins\/seo\/ -->\n<title>Balance Bike 3in1 Conjunto Completo de Conducci\u00f3n &#183; leg&amp;go<\/title>\n<meta name=\"description\" content=\"leg&amp;go Balance Bike 3in1 Complete Riding Set, transform the bike as your child grows to adapt to their needs.\" \/>\n<meta name=\"robots\" content=\"index, follow, max-snippet:-1, max-image-preview:large, max-video-preview:-1\" \/>\n<link rel=\"canonical\" href=\"https:\/\/legandgo.com\/es\/shop\/bicicleta-de-equilibrio\/complete-riding-set\/\" \/>\n<meta property=\"og:locale\" content=\"es_ES\" \/>\n<meta property=\"og:type\" content=\"article\" \/>\n<meta property=\"og:title\" content=\"Balance Bike 3in1 Conjunto Completo de Conducci\u00f3n &#183; leg&amp;go\" \/>\n<meta property=\"og:description\" content=\"leg&amp;go Balance Bike 3in1 Complete Riding Set, transform the bike as your child grows to adapt to their needs.\" \/>\n<meta property=\"og:url\" content=\"https:\/\/legandgo.com\/es\/shop\/bicicleta-de-equilibrio\/complete-riding-set\/\" \/>\n<meta property=\"og:site_name\" content=\"leg&amp;go\" \/>\n<meta property=\"article:publisher\" content=\"https:\/\/www.facebook.com\/legandgo\" \/>\n<meta property=\"article:modified_time\" content=\"2026-02-11T11:28:07+00:00\" \/>\n<meta property=\"og:image\" content=\"https:\/\/legandgo.com\/wp-content\/uploads\/2021\/02\/legandgo-leggo-balance-bike-full-set-bundle.jpg\" \/>\n\t<meta property=\"og:image:width\" content=\"800\" \/>\n\t<meta property=\"og:image:height\" content=\"800\" \/>\n\t<meta property=\"og:image:type\" content=\"image\/jpeg\" \/>\n<meta name=\"twitter:card\" content=\"summary_large_image\" \/>\n<script type=\"application\/ld+json\" class=\"yoast-schema-graph\">{\"@context\":\"https:\/\/schema.org\",\"@graph\":[{\"@type\":\"WebPage\",\"@id\":\"https:\/\/legandgo.com\/es\/shop\/bicicleta-de-equilibrio\/complete-riding-set\/\",\"url\":\"https:\/\/legandgo.com\/es\/shop\/bicicleta-de-equilibrio\/complete-riding-set\/\",\"name\":\"Balance Bike 3in1 Conjunto Completo de Conducci\u00f3n &#183; leg&amp;go\",\"isPartOf\":{\"@id\":\"https:\/\/legandgo.com\/es\/#website\"},\"primaryImageOfPage\":{\"@id\":\"https:\/\/legandgo.com\/es\/shop\/bicicleta-de-equilibrio\/complete-riding-set\/#primaryimage\"},\"image\":{\"@id\":\"https:\/\/legandgo.com\/es\/shop\/bicicleta-de-equilibrio\/complete-riding-set\/#primaryimage\"},\"thumbnailUrl\":\"https:\/\/legandgo.com\/wp-content\/uploads\/2021\/02\/legandgo-leggo-balance-bike-full-set-bundle.jpg\",\"datePublished\":\"2026-02-09T10:39:13+00:00\",\"dateModified\":\"2026-02-11T11:28:07+00:00\",\"description\":\"leg&go Balance Bike 3in1 Complete Riding Set, transform the bike as your child grows to adapt to their needs.\",\"breadcrumb\":{\"@id\":\"https:\/\/legandgo.com\/es\/shop\/bicicleta-de-equilibrio\/complete-riding-set\/#breadcrumb\"},\"inLanguage\":\"es\",\"potentialAction\":[{\"@type\":\"ReadAction\",\"target\":[\"https:\/\/legandgo.com\/es\/shop\/bicicleta-de-equilibrio\/complete-riding-set\/\"]}]},{\"@type\":\"ImageObject\",\"inLanguage\":\"es\",\"@id\":\"https:\/\/legandgo.com\/es\/shop\/bicicleta-de-equilibrio\/complete-riding-set\/#primaryimage\",\"url\":\"https:\/\/legandgo.com\/wp-content\/uploads\/2021\/02\/legandgo-leggo-balance-bike-full-set-bundle.jpg\",\"contentUrl\":\"https:\/\/legandgo.com\/wp-content\/uploads\/2021\/02\/legandgo-leggo-balance-bike-full-set-bundle.jpg\",\"width\":800,\"height\":800},{\"@type\":\"BreadcrumbList\",\"@id\":\"https:\/\/legandgo.com\/es\/shop\/bicicleta-de-equilibrio\/complete-riding-set\/#breadcrumb\",\"itemListElement\":[{\"@type\":\"ListItem\",\"position\":1,\"name\":\"Home\",\"item\":\"https:\/\/legandgo.com\/es\/\"},{\"@type\":\"ListItem\",\"position\":2,\"name\":\"Tienda\",\"item\":\"https:\/\/legandgo.com\/es\/shop\/\"},{\"@type\":\"ListItem\",\"position\":3,\"name\":\"Balance Bike 3in1 Conjunto Completo de Conducci\u00f3n\"}]},{\"@type\":\"WebSite\",\"@id\":\"https:\/\/legandgo.com\/es\/#website\",\"url\":\"https:\/\/legandgo.com\/es\/\",\"name\":\"leg&amp;go\",\"description\":\"\",\"publisher\":{\"@id\":\"https:\/\/legandgo.com\/es\/#organization\"},\"potentialAction\":[{\"@type\":\"SearchAction\",\"target\":{\"@type\":\"EntryPoint\",\"urlTemplate\":\"https:\/\/legandgo.com\/es\/?s={search_term_string}\"},\"query-input\":{\"@type\":\"PropertyValueSpecification\",\"valueRequired\":true,\"valueName\":\"search_term_string\"}}],\"inLanguage\":\"es\"},{\"@type\":\"Organization\",\"@id\":\"https:\/\/legandgo.com\/es\/#organization\",\"name\":\"leg&go bike\",\"url\":\"https:\/\/legandgo.com\/es\/\",\"logo\":{\"@type\":\"ImageObject\",\"inLanguage\":\"es\",\"@id\":\"https:\/\/legandgo.com\/es\/#\/schema\/logo\/image\/\",\"url\":\"https:\/\/legandgo.com\/wp-content\/uploads\/2021\/03\/logorf.png\",\"contentUrl\":\"https:\/\/legandgo.com\/wp-content\/uploads\/2021\/03\/logorf.png\",\"width\":675,\"height\":216,\"caption\":\"leg&go bike\"},\"image\":{\"@id\":\"https:\/\/legandgo.com\/es\/#\/schema\/logo\/image\/\"},\"sameAs\":[\"https:\/\/www.facebook.com\/legandgo\",\"https:\/\/www.instagram.com\/legandgo\/\",\"https:\/\/www.linkedin.com\/company\/legandgo\/\",\"https:\/\/www.pinterest.com\/legandgo\/\",\"https:\/\/www.youtube.com\/channel\/UC_FBzWPmKWE0g7fcR4Xdfuw\/\"]}]}<\/script>\n<!-- \/ Yoast SEO plugin. -->","yoast_head_json":{"title":"Balance Bike 3in1 Conjunto Completo de Conducci\u00f3n &#183; leg&amp;go","description":"leg&go Balance Bike 3in1 Complete Riding Set, transform the bike as your child grows to adapt to their needs.","robots":{"index":"index","follow":"follow","max-snippet":"max-snippet:-1","max-image-preview":"max-image-preview:large","max-video-preview":"max-video-preview:-1"},"canonical":"https:\/\/legandgo.com\/es\/shop\/bicicleta-de-equilibrio\/complete-riding-set\/","og_locale":"es_ES","og_type":"article","og_title":"Balance Bike 3in1 Conjunto Completo de Conducci\u00f3n &#183; leg&amp;go","og_description":"leg&go Balance Bike 3in1 Complete Riding Set, transform the bike as your child grows to adapt to their needs.","og_url":"https:\/\/legandgo.com\/es\/shop\/bicicleta-de-equilibrio\/complete-riding-set\/","og_site_name":"leg&amp;go","article_publisher":"https:\/\/www.facebook.com\/legandgo","article_modified_time":"2026-02-11T11:28:07+00:00","og_image":[{"width":800,"height":800,"url":"https:\/\/legandgo.com\/wp-content\/uploads\/2021\/02\/legandgo-leggo-balance-bike-full-set-bundle.jpg","type":"image\/jpeg"}],"twitter_card":"summary_large_image","schema":{"@context":"https:\/\/schema.org","@graph":[{"@type":"WebPage","@id":"https:\/\/legandgo.com\/es\/shop\/bicicleta-de-equilibrio\/complete-riding-set\/","url":"https:\/\/legandgo.com\/es\/shop\/bicicleta-de-equilibrio\/complete-riding-set\/","name":"Balance Bike 3in1 Conjunto Completo de Conducci\u00f3n &#183; leg&amp;go","isPartOf":{"@id":"https:\/\/legandgo.com\/es\/#website"},"primaryImageOfPage":{"@id":"https:\/\/legandgo.com\/es\/shop\/bicicleta-de-equilibrio\/complete-riding-set\/#primaryimage"},"image":{"@id":"https:\/\/legandgo.com\/es\/shop\/bicicleta-de-equilibrio\/complete-riding-set\/#primaryimage"},"thumbnailUrl":"https:\/\/legandgo.com\/wp-content\/uploads\/2021\/02\/legandgo-leggo-balance-bike-full-set-bundle.jpg","datePublished":"2026-02-09T10:39:13+00:00","dateModified":"2026-02-11T11:28:07+00:00","description":"leg&go Balance Bike 3in1 Complete Riding Set, transform the bike as your child grows to adapt to their needs.","breadcrumb":{"@id":"https:\/\/legandgo.com\/es\/shop\/bicicleta-de-equilibrio\/complete-riding-set\/#breadcrumb"},"inLanguage":"es","potentialAction":[{"@type":"ReadAction","target":["https:\/\/legandgo.com\/es\/shop\/bicicleta-de-equilibrio\/complete-riding-set\/"]}]},{"@type":"ImageObject","inLanguage":"es","@id":"https:\/\/legandgo.com\/es\/shop\/bicicleta-de-equilibrio\/complete-riding-set\/#primaryimage","url":"https:\/\/legandgo.com\/wp-content\/uploads\/2021\/02\/legandgo-leggo-balance-bike-full-set-bundle.jpg","contentUrl":"https:\/\/legandgo.com\/wp-content\/uploads\/2021\/02\/legandgo-leggo-balance-bike-full-set-bundle.jpg","width":800,"height":800},{"@type":"BreadcrumbList","@id":"https:\/\/legandgo.com\/es\/shop\/bicicleta-de-equilibrio\/complete-riding-set\/#breadcrumb","itemListElement":[{"@type":"ListItem","position":1,"name":"Home","item":"https:\/\/legandgo.com\/es\/"},{"@type":"ListItem","position":2,"name":"Tienda","item":"https:\/\/legandgo.com\/es\/shop\/"},{"@type":"ListItem","position":3,"name":"Balance Bike 3in1 Conjunto Completo de Conducci\u00f3n"}]},{"@type":"WebSite","@id":"https:\/\/legandgo.com\/es\/#website","url":"https:\/\/legandgo.com\/es\/","name":"leg&amp;go","description":"","publisher":{"@id":"https:\/\/legandgo.com\/es\/#organization"},"potentialAction":[{"@type":"SearchAction","target":{"@type":"EntryPoint","urlTemplate":"https:\/\/legandgo.com\/es\/?s={search_term_string}"},"query-input":{"@type":"PropertyValueSpecification","valueRequired":true,"valueName":"search_term_string"}}],"inLanguage":"es"},{"@type":"Organization","@id":"https:\/\/legandgo.com\/es\/#organization","name":"leg&go bike","url":"https:\/\/legandgo.com\/es\/","logo":{"@type":"ImageObject","inLanguage":"es","@id":"https:\/\/legandgo.com\/es\/#\/schema\/logo\/image\/","url":"https:\/\/legandgo.com\/wp-content\/uploads\/2021\/03\/logorf.png","contentUrl":"https:\/\/legandgo.com\/wp-content\/uploads\/2021\/03\/logorf.png","width":675,"height":216,"caption":"leg&go bike"},"image":{"@id":"https:\/\/legandgo.com\/es\/#\/schema\/logo\/image\/"},"sameAs":["https:\/\/www.facebook.com\/legandgo","https:\/\/www.instagram.com\/legandgo\/","https:\/\/www.linkedin.com\/company\/legandgo\/","https:\/\/www.pinterest.com\/legandgo\/","https:\/\/www.youtube.com\/channel\/UC_FBzWPmKWE0g7fcR4Xdfuw\/"]}]}},"_links":{"self":[{"href":"https:\/\/legandgo.com\/es\/wp-json\/wp\/v2\/product\/50850","targetHints":{"allow":["GET"]}}],"collection":[{"href":"https:\/\/legandgo.com\/es\/wp-json\/wp\/v2\/product"}],"about":[{"href":"https:\/\/legandgo.com\/es\/wp-json\/wp\/v2\/types\/product"}],"replies":[{"embeddable":true,"href":"https:\/\/legandgo.com\/es\/wp-json\/wp\/v2\/comments?post=50850"}],"version-history":[{"count":4,"href":"https:\/\/legandgo.com\/es\/wp-json\/wp\/v2\/product\/50850\/revisions"}],"predecessor-version":[{"id":50954,"href":"https:\/\/legandgo.com\/es\/wp-json\/wp\/v2\/product\/50850\/revisions\/50954"}],"wp:featuredmedia":[{"embeddable":true,"href":"https:\/\/legandgo.com\/es\/wp-json\/wp\/v2\/media\/50851"}],"wp:attachment":[{"href":"https:\/\/legandgo.com\/es\/wp-json\/wp\/v2\/media?parent=50850"}],"wp:term":[{"taxonomy":"product_brand","embeddable":true,"href":"https:\/\/legandgo.com\/es\/wp-json\/wp\/v2\/product_brand?post=50850"},{"taxonomy":"product_cat","embeddable":true,"href":"https:\/\/legandgo.com\/es\/wp-json\/wp\/v2\/product_cat?post=50850"},{"taxonomy":"product_tag","embeddable":true,"href":"https:\/\/legandgo.com\/es\/wp-json\/wp\/v2\/product_tag?post=50850"}],"curies":[{"name":"wp","href":"https:\/\/api.w.org\/{rel}","templated":true}]}}