{"id":51462,"date":"2026-02-12T14:23:26","date_gmt":"2026-02-12T12:23:26","guid":{"rendered":"https:\/\/legandgo.com\/shop\/sin%20categor\u00eda\/oval-exercise-balance-board\/"},"modified":"2026-03-09T17:04:59","modified_gmt":"2026-03-09T15:04:59","slug":"oval-exercise-balance-board","status":"publish","type":"product","link":"https:\/\/legandgo.com\/es\/shop\/plancha-de-equilibrio\/oval-exercise-balance-board\/","title":{"rendered":"Tabla de equilibrio ovalada para ejercicio"},"content":{"rendered":"<p style=\"font-weight: 400;\">Mu\u00e9vete libremente. Entrena de forma din\u00e1mica.<\/p>\n<p style=\"font-weight: 400;\">Nuestra tabla de ejercicio ovalada con rodillo transforma los entrenamientos en una experiencia divertida para toda la familia. Dise\u00f1ada para fortalecer el core, tonificar los m\u00fasculos y mejorar la coordinaci\u00f3n, favorece un estilo de vida m\u00e1s saludable y activo.<\/p>\n<p style=\"font-weight: 400;\">El rodillo de corcho natural tambi\u00e9n funciona como foam roller para estiramientos, mientras que la tabla puede utilizarse como un pr\u00e1ctico soporte para la cama o el sof\u00e1.<\/p>\n<p style=\"font-weight: 400;\"><strong>Explora m\u00e1s caracter\u00edsticas a continuaci\u00f3n.<\/strong><\/p>\n","protected":false},"excerpt":{"rendered":"<p>Mu\u00e9vete libremente. Entrena de forma din\u00e1mica. Nuestra tabla de ejercicio ovalada con rodillo transforma los entrenamientos en una experiencia divertida para toda la familia. Dise\u00f1ada para fortalecer el core, tonificar los m\u00fasculos y mejorar la coordinaci\u00f3n, favorece un estilo de vida m\u00e1s saludable y activo. El rodillo de corcho natural tambi\u00e9n funciona como foam roller<a class=\"excerpt-read-more\" href=\"https:\/\/legandgo.com\/es\/shop\/plancha-de-equilibrio\/oval-exercise-balance-board\/\" title=\"ReadTabla de equilibrio ovalada para ejercicio\">&#8230; Read more &raquo;<\/a><\/p>\n","protected":false},"featured_media":61720,"comment_status":"closed","ping_status":"closed","template":"","meta":{"_acf_changed":false,"inline_featured_image":false,"footnotes":""},"product_brand":[],"product_cat":[954,1018],"product_tag":[1729,1721,1725,1717,1713,955],"class_list":{"0":"post-51462","1":"product","2":"type-product","3":"status-publish","4":"has-post-thumbnail","6":"product_cat-plancha-de-equilibrio","7":"product_cat-juguetes","8":"product_tag-leg-go-2","9":"product_tag-leg-and-go","10":"product_tag-leg-go","11":"product_tag-leggo","12":"product_tag-legandgo","13":"product_tag-tablero-de-equilibrio","14":"product_shipping_class-balance-board-w-roll-es","16":"first","17":"instock","18":"sale","19":"purchasable","20":"product-type-variable","21":"has-default-attributes"},"bundled_by":[],"bundle_stock_status":"instock","bundle_stock_quantity":null,"bundle_virtual":false,"bundle_layout":"","bundle_add_to_cart_form_location":"","bundle_editable_in_cart":false,"bundle_sold_individually_context":"","bundle_item_grouping":"","bundle_min_size":"","bundle_max_size":"","bundle_price":[],"bundled_items":[],"bundle_sell_ids":[],"acf":[],"yoast_head":"<!-- This site is optimized with the Yoast SEO plugin v25.9 - https:\/\/yoast.com\/wordpress\/plugins\/seo\/ -->\n<title>Tabla de equilibrio ovalada para ejercicio &#183; leg&amp;go<\/title>\n<meta name=\"description\" content=\"leg&amp;go Oval Exercise Balance Board is perfect for training core strength and mobility for adults and kids alike. Doubles as foam roller.\" \/>\n<meta name=\"robots\" content=\"index, follow, max-snippet:-1, max-image-preview:large, max-video-preview:-1\" \/>\n<link rel=\"canonical\" href=\"https:\/\/legandgo.com\/es\/shop\/plancha-de-equilibrio\/oval-exercise-balance-board\/\" \/>\n<meta property=\"og:locale\" content=\"es_ES\" \/>\n<meta property=\"og:type\" content=\"article\" \/>\n<meta property=\"og:title\" content=\"Tabla de equilibrio ovalada para ejercicio &#183; leg&amp;go\" \/>\n<meta property=\"og:description\" content=\"leg&amp;go Oval Exercise Balance Board is perfect for training core strength and mobility for adults and kids alike. Doubles as foam roller.\" \/>\n<meta property=\"og:url\" content=\"https:\/\/legandgo.com\/es\/shop\/plancha-de-equilibrio\/oval-exercise-balance-board\/\" \/>\n<meta property=\"og:site_name\" content=\"leg&amp;go\" \/>\n<meta property=\"article:publisher\" content=\"https:\/\/www.facebook.com\/legandgo\" \/>\n<meta property=\"article:modified_time\" content=\"2026-03-09T15:04:59+00:00\" \/>\n<meta property=\"og:image\" content=\"https:\/\/legandgo.com\/wp-content\/uploads\/2026\/02\/legandgo-balance-board-roll-wobble-excersise-5.jpg\" \/>\n\t<meta property=\"og:image:width\" content=\"2560\" \/>\n\t<meta property=\"og:image:height\" content=\"1707\" \/>\n\t<meta property=\"og:image:type\" content=\"image\/jpeg\" \/>\n<meta name=\"twitter:card\" content=\"summary_large_image\" \/>\n<script type=\"application\/ld+json\" class=\"yoast-schema-graph\">{\"@context\":\"https:\/\/schema.org\",\"@graph\":[{\"@type\":\"WebPage\",\"@id\":\"https:\/\/legandgo.com\/es\/shop\/plancha-de-equilibrio\/oval-exercise-balance-board\/\",\"url\":\"https:\/\/legandgo.com\/es\/shop\/plancha-de-equilibrio\/oval-exercise-balance-board\/\",\"name\":\"Tabla de equilibrio ovalada para ejercicio &#183; leg&amp;go\",\"isPartOf\":{\"@id\":\"https:\/\/legandgo.com\/es\/#website\"},\"primaryImageOfPage\":{\"@id\":\"https:\/\/legandgo.com\/es\/shop\/plancha-de-equilibrio\/oval-exercise-balance-board\/#primaryimage\"},\"image\":{\"@id\":\"https:\/\/legandgo.com\/es\/shop\/plancha-de-equilibrio\/oval-exercise-balance-board\/#primaryimage\"},\"thumbnailUrl\":\"https:\/\/legandgo.com\/wp-content\/uploads\/2026\/02\/1legandgo-balance-board-roll-wobble-excersise-6-square-1.jpg\",\"datePublished\":\"2026-02-12T12:23:26+00:00\",\"dateModified\":\"2026-03-09T15:04:59+00:00\",\"description\":\"leg&go Oval Exercise Balance Board is perfect for training core strength and mobility for adults and kids alike. Doubles as foam roller.\",\"breadcrumb\":{\"@id\":\"https:\/\/legandgo.com\/es\/shop\/plancha-de-equilibrio\/oval-exercise-balance-board\/#breadcrumb\"},\"inLanguage\":\"es\",\"potentialAction\":[{\"@type\":\"ReadAction\",\"target\":[\"https:\/\/legandgo.com\/es\/shop\/plancha-de-equilibrio\/oval-exercise-balance-board\/\"]}]},{\"@type\":\"ImageObject\",\"inLanguage\":\"es\",\"@id\":\"https:\/\/legandgo.com\/es\/shop\/plancha-de-equilibrio\/oval-exercise-balance-board\/#primaryimage\",\"url\":\"https:\/\/legandgo.com\/wp-content\/uploads\/2026\/02\/1legandgo-balance-board-roll-wobble-excersise-6-square-1.jpg\",\"contentUrl\":\"https:\/\/legandgo.com\/wp-content\/uploads\/2026\/02\/1legandgo-balance-board-roll-wobble-excersise-6-square-1.jpg\",\"width\":2560,\"height\":2560},{\"@type\":\"BreadcrumbList\",\"@id\":\"https:\/\/legandgo.com\/es\/shop\/plancha-de-equilibrio\/oval-exercise-balance-board\/#breadcrumb\",\"itemListElement\":[{\"@type\":\"ListItem\",\"position\":1,\"name\":\"Home\",\"item\":\"https:\/\/legandgo.com\/es\/\"},{\"@type\":\"ListItem\",\"position\":2,\"name\":\"Tienda\",\"item\":\"https:\/\/legandgo.com\/es\/shop\/\"},{\"@type\":\"ListItem\",\"position\":3,\"name\":\"Tabla de equilibrio ovalada para ejercicio\"}]},{\"@type\":\"WebSite\",\"@id\":\"https:\/\/legandgo.com\/es\/#website\",\"url\":\"https:\/\/legandgo.com\/es\/\",\"name\":\"leg&amp;go\",\"description\":\"\",\"publisher\":{\"@id\":\"https:\/\/legandgo.com\/es\/#organization\"},\"potentialAction\":[{\"@type\":\"SearchAction\",\"target\":{\"@type\":\"EntryPoint\",\"urlTemplate\":\"https:\/\/legandgo.com\/es\/?s={search_term_string}\"},\"query-input\":{\"@type\":\"PropertyValueSpecification\",\"valueRequired\":true,\"valueName\":\"search_term_string\"}}],\"inLanguage\":\"es\"},{\"@type\":\"Organization\",\"@id\":\"https:\/\/legandgo.com\/es\/#organization\",\"name\":\"leg&go bike\",\"url\":\"https:\/\/legandgo.com\/es\/\",\"logo\":{\"@type\":\"ImageObject\",\"inLanguage\":\"es\",\"@id\":\"https:\/\/legandgo.com\/es\/#\/schema\/logo\/image\/\",\"url\":\"https:\/\/legandgo.com\/wp-content\/uploads\/2021\/03\/logorf.png\",\"contentUrl\":\"https:\/\/legandgo.com\/wp-content\/uploads\/2021\/03\/logorf.png\",\"width\":675,\"height\":216,\"caption\":\"leg&go bike\"},\"image\":{\"@id\":\"https:\/\/legandgo.com\/es\/#\/schema\/logo\/image\/\"},\"sameAs\":[\"https:\/\/www.facebook.com\/legandgo\",\"https:\/\/www.instagram.com\/legandgo\/\",\"https:\/\/www.linkedin.com\/company\/legandgo\/\",\"https:\/\/www.pinterest.com\/legandgo\/\",\"https:\/\/www.youtube.com\/channel\/UC_FBzWPmKWE0g7fcR4Xdfuw\/\"]}]}<\/script>\n<!-- \/ Yoast SEO plugin. -->","yoast_head_json":{"title":"Tabla de equilibrio ovalada para ejercicio &#183; leg&amp;go","description":"leg&go Oval Exercise Balance Board is perfect for training core strength and mobility for adults and kids alike. Doubles as foam roller.","robots":{"index":"index","follow":"follow","max-snippet":"max-snippet:-1","max-image-preview":"max-image-preview:large","max-video-preview":"max-video-preview:-1"},"canonical":"https:\/\/legandgo.com\/es\/shop\/plancha-de-equilibrio\/oval-exercise-balance-board\/","og_locale":"es_ES","og_type":"article","og_title":"Tabla de equilibrio ovalada para ejercicio &#183; leg&amp;go","og_description":"leg&go Oval Exercise Balance Board is perfect for training core strength and mobility for adults and kids alike. Doubles as foam roller.","og_url":"https:\/\/legandgo.com\/es\/shop\/plancha-de-equilibrio\/oval-exercise-balance-board\/","og_site_name":"leg&amp;go","article_publisher":"https:\/\/www.facebook.com\/legandgo","article_modified_time":"2026-03-09T15:04:59+00:00","og_image":[{"width":2560,"height":1707,"url":"https:\/\/legandgo.com\/wp-content\/uploads\/2026\/02\/legandgo-balance-board-roll-wobble-excersise-5.jpg","type":"image\/jpeg"}],"twitter_card":"summary_large_image","schema":{"@context":"https:\/\/schema.org","@graph":[{"@type":"WebPage","@id":"https:\/\/legandgo.com\/es\/shop\/plancha-de-equilibrio\/oval-exercise-balance-board\/","url":"https:\/\/legandgo.com\/es\/shop\/plancha-de-equilibrio\/oval-exercise-balance-board\/","name":"Tabla de equilibrio ovalada para ejercicio &#183; leg&amp;go","isPartOf":{"@id":"https:\/\/legandgo.com\/es\/#website"},"primaryImageOfPage":{"@id":"https:\/\/legandgo.com\/es\/shop\/plancha-de-equilibrio\/oval-exercise-balance-board\/#primaryimage"},"image":{"@id":"https:\/\/legandgo.com\/es\/shop\/plancha-de-equilibrio\/oval-exercise-balance-board\/#primaryimage"},"thumbnailUrl":"https:\/\/legandgo.com\/wp-content\/uploads\/2026\/02\/1legandgo-balance-board-roll-wobble-excersise-6-square-1.jpg","datePublished":"2026-02-12T12:23:26+00:00","dateModified":"2026-03-09T15:04:59+00:00","description":"leg&go Oval Exercise Balance Board is perfect for training core strength and mobility for adults and kids alike. Doubles as foam roller.","breadcrumb":{"@id":"https:\/\/legandgo.com\/es\/shop\/plancha-de-equilibrio\/oval-exercise-balance-board\/#breadcrumb"},"inLanguage":"es","potentialAction":[{"@type":"ReadAction","target":["https:\/\/legandgo.com\/es\/shop\/plancha-de-equilibrio\/oval-exercise-balance-board\/"]}]},{"@type":"ImageObject","inLanguage":"es","@id":"https:\/\/legandgo.com\/es\/shop\/plancha-de-equilibrio\/oval-exercise-balance-board\/#primaryimage","url":"https:\/\/legandgo.com\/wp-content\/uploads\/2026\/02\/1legandgo-balance-board-roll-wobble-excersise-6-square-1.jpg","contentUrl":"https:\/\/legandgo.com\/wp-content\/uploads\/2026\/02\/1legandgo-balance-board-roll-wobble-excersise-6-square-1.jpg","width":2560,"height":2560},{"@type":"BreadcrumbList","@id":"https:\/\/legandgo.com\/es\/shop\/plancha-de-equilibrio\/oval-exercise-balance-board\/#breadcrumb","itemListElement":[{"@type":"ListItem","position":1,"name":"Home","item":"https:\/\/legandgo.com\/es\/"},{"@type":"ListItem","position":2,"name":"Tienda","item":"https:\/\/legandgo.com\/es\/shop\/"},{"@type":"ListItem","position":3,"name":"Tabla de equilibrio ovalada para ejercicio"}]},{"@type":"WebSite","@id":"https:\/\/legandgo.com\/es\/#website","url":"https:\/\/legandgo.com\/es\/","name":"leg&amp;go","description":"","publisher":{"@id":"https:\/\/legandgo.com\/es\/#organization"},"potentialAction":[{"@type":"SearchAction","target":{"@type":"EntryPoint","urlTemplate":"https:\/\/legandgo.com\/es\/?s={search_term_string}"},"query-input":{"@type":"PropertyValueSpecification","valueRequired":true,"valueName":"search_term_string"}}],"inLanguage":"es"},{"@type":"Organization","@id":"https:\/\/legandgo.com\/es\/#organization","name":"leg&go bike","url":"https:\/\/legandgo.com\/es\/","logo":{"@type":"ImageObject","inLanguage":"es","@id":"https:\/\/legandgo.com\/es\/#\/schema\/logo\/image\/","url":"https:\/\/legandgo.com\/wp-content\/uploads\/2021\/03\/logorf.png","contentUrl":"https:\/\/legandgo.com\/wp-content\/uploads\/2021\/03\/logorf.png","width":675,"height":216,"caption":"leg&go bike"},"image":{"@id":"https:\/\/legandgo.com\/es\/#\/schema\/logo\/image\/"},"sameAs":["https:\/\/www.facebook.com\/legandgo","https:\/\/www.instagram.com\/legandgo\/","https:\/\/www.linkedin.com\/company\/legandgo\/","https:\/\/www.pinterest.com\/legandgo\/","https:\/\/www.youtube.com\/channel\/UC_FBzWPmKWE0g7fcR4Xdfuw\/"]}]}},"_links":{"self":[{"href":"https:\/\/legandgo.com\/es\/wp-json\/wp\/v2\/product\/51462","targetHints":{"allow":["GET"]}}],"collection":[{"href":"https:\/\/legandgo.com\/es\/wp-json\/wp\/v2\/product"}],"about":[{"href":"https:\/\/legandgo.com\/es\/wp-json\/wp\/v2\/types\/product"}],"replies":[{"embeddable":true,"href":"https:\/\/legandgo.com\/es\/wp-json\/wp\/v2\/comments?post=51462"}],"version-history":[{"count":3,"href":"https:\/\/legandgo.com\/es\/wp-json\/wp\/v2\/product\/51462\/revisions"}],"predecessor-version":[{"id":53984,"href":"https:\/\/legandgo.com\/es\/wp-json\/wp\/v2\/product\/51462\/revisions\/53984"}],"wp:featuredmedia":[{"embeddable":true,"href":"https:\/\/legandgo.com\/es\/wp-json\/wp\/v2\/media\/61720"}],"wp:attachment":[{"href":"https:\/\/legandgo.com\/es\/wp-json\/wp\/v2\/media?parent=51462"}],"wp:term":[{"taxonomy":"product_brand","embeddable":true,"href":"https:\/\/legandgo.com\/es\/wp-json\/wp\/v2\/product_brand?post=51462"},{"taxonomy":"product_cat","embeddable":true,"href":"https:\/\/legandgo.com\/es\/wp-json\/wp\/v2\/product_cat?post=51462"},{"taxonomy":"product_tag","embeddable":true,"href":"https:\/\/legandgo.com\/es\/wp-json\/wp\/v2\/product_tag?post=51462"}],"curies":[{"name":"wp","href":"https:\/\/api.w.org\/{rel}","templated":true}]}}