{"id":52057,"date":"2026-02-16T17:02:38","date_gmt":"2026-02-16T15:02:38","guid":{"rendered":"https:\/\/legandgo.com\/shop\/sin%20categor\u00eda\/torre-de-cocina-transformable-modustep\/"},"modified":"2026-03-05T17:27:14","modified_gmt":"2026-03-05T15:27:14","slug":"torre-de-cocina-transformable-modustep","status":"publish","type":"product","link":"https:\/\/legandgo.com\/es\/shop\/torre-de-aprendizaje\/torre-de-cocina-transformable-modustep\/","title":{"rendered":"Torre de cocina transformable Modustep"},"content":{"rendered":"<p>La torre de cocina transformable Modustep es una torre de aprendizaje multifuncional dise\u00f1ada para crecer con tu hijo. Se convierte f\u00e1cilmente de una torre de cocina a un conjunto de mesa y sillas para ni\u00f1os peque\u00f1os, apoyando actividades cotidianas como ayudar, jugar y el aprendizaje independiente.<\/p>\n<p><strong>Explora m\u00e1s caracter\u00edsticas a continuaci\u00f3n.<\/strong><\/p>\n","protected":false},"excerpt":{"rendered":"<p>La torre de cocina transformable Modustep es una torre de aprendizaje multifuncional dise\u00f1ada para crecer con tu hijo. Se convierte f\u00e1cilmente de una torre de cocina a un conjunto de mesa y sillas para ni\u00f1os peque\u00f1os, apoyando actividades cotidianas como ayudar, jugar y el aprendizaje independiente. Explora m\u00e1s caracter\u00edsticas a continuaci\u00f3n.<\/p>\n","protected":false},"featured_media":51888,"comment_status":"closed","ping_status":"closed","template":"","meta":{"_acf_changed":false,"inline_featured_image":false,"footnotes":""},"product_brand":[],"product_cat":[1317,440],"product_tag":[1729,1721,1725,1717,1713,1744,926,936,939,934,935,1745],"class_list":{"0":"post-52057","1":"product","2":"type-product","3":"status-publish","4":"has-post-thumbnail","6":"product_cat-muebles","7":"product_cat-torre-de-aprendizaje","8":"product_tag-leg-go-2","9":"product_tag-leg-and-go","10":"product_tag-leg-go","11":"product_tag-leggo","12":"product_tag-legandgo","13":"product_tag-torre-auxiliar","14":"product_tag-torre-de-aprendizaje","15":"product_tag-torre-de-aprendizaje-plegable-es-2","16":"product_tag-torre-de-aprendizaje-plegable-es-3","17":"product_tag-torre-de-aprendizaje-plegable","18":"product_tag-torre-de-aprendizaje-plegable-es","19":"product_tag-torre-plegable-para-ninos-pequenos-2","21":"first","22":"instock","23":"sale","24":"purchasable","25":"product-type-variable","26":"has-default-attributes"},"bundled_by":[],"bundle_stock_status":"instock","bundle_stock_quantity":null,"bundle_virtual":false,"bundle_layout":"","bundle_add_to_cart_form_location":"","bundle_editable_in_cart":false,"bundle_sold_individually_context":"","bundle_item_grouping":"","bundle_min_size":"","bundle_max_size":"","bundle_price":[],"bundled_items":[],"bundle_sell_ids":[],"acf":[],"yoast_head":"<!-- This site is optimized with the Yoast SEO plugin v25.9 - https:\/\/yoast.com\/wordpress\/plugins\/seo\/ -->\n<title>Torre de Cocina Transformable 2 en 1 Modustep&#183; leg&amp;go<\/title>\n<meta name=\"description\" content=\"Torre de cocina transformable que se convierte en mesa y silla para ni\u00f1os peque\u00f1os. Dise\u00f1o ajustable de madera 2 en 1 para ayudar con seguridad en la cocina, jugar y aprender.\" \/>\n<meta name=\"robots\" content=\"index, follow, max-snippet:-1, max-image-preview:large, max-video-preview:-1\" \/>\n<link rel=\"canonical\" href=\"https:\/\/legandgo.com\/es\/shop\/torre-de-aprendizaje\/torre-de-cocina-transformable-modustep\/\" \/>\n<meta property=\"og:locale\" content=\"es_ES\" \/>\n<meta property=\"og:type\" content=\"article\" \/>\n<meta property=\"og:title\" content=\"Torre de Cocina Transformable 2 en 1 Modustep&#183; leg&amp;go\" \/>\n<meta property=\"og:description\" content=\"Torre de cocina transformable que se convierte en mesa y silla para ni\u00f1os peque\u00f1os. Dise\u00f1o ajustable de madera 2 en 1 para ayudar con seguridad en la cocina, jugar y aprender.\" \/>\n<meta property=\"og:url\" content=\"https:\/\/legandgo.com\/es\/shop\/torre-de-aprendizaje\/torre-de-cocina-transformable-modustep\/\" \/>\n<meta property=\"og:site_name\" content=\"leg&amp;go\" \/>\n<meta property=\"article:publisher\" content=\"https:\/\/www.facebook.com\/legandgo\" \/>\n<meta property=\"article:modified_time\" content=\"2026-03-05T15:27:14+00:00\" \/>\n<meta property=\"og:image\" content=\"https:\/\/legandgo.com\/wp-content\/uploads\/2026\/02\/TKT-03-BK-_white-background.jpg\" \/>\n\t<meta property=\"og:image:width\" content=\"2048\" \/>\n\t<meta property=\"og:image:height\" content=\"2048\" \/>\n\t<meta property=\"og:image:type\" content=\"image\/jpeg\" \/>\n<meta name=\"twitter:card\" content=\"summary_large_image\" \/>\n<script type=\"application\/ld+json\" class=\"yoast-schema-graph\">{\"@context\":\"https:\/\/schema.org\",\"@graph\":[{\"@type\":\"WebPage\",\"@id\":\"https:\/\/legandgo.com\/es\/shop\/torre-de-aprendizaje\/torre-de-cocina-transformable-modustep\/\",\"url\":\"https:\/\/legandgo.com\/es\/shop\/torre-de-aprendizaje\/torre-de-cocina-transformable-modustep\/\",\"name\":\"Torre de Cocina Transformable 2 en 1 Modustep&#183; leg&amp;go\",\"isPartOf\":{\"@id\":\"https:\/\/legandgo.com\/es\/#website\"},\"primaryImageOfPage\":{\"@id\":\"https:\/\/legandgo.com\/es\/shop\/torre-de-aprendizaje\/torre-de-cocina-transformable-modustep\/#primaryimage\"},\"image\":{\"@id\":\"https:\/\/legandgo.com\/es\/shop\/torre-de-aprendizaje\/torre-de-cocina-transformable-modustep\/#primaryimage\"},\"thumbnailUrl\":\"https:\/\/legandgo.com\/wp-content\/uploads\/2026\/02\/TKT-03-BK-_white-background.jpg\",\"datePublished\":\"2026-02-16T15:02:38+00:00\",\"dateModified\":\"2026-03-05T15:27:14+00:00\",\"description\":\"Torre de cocina transformable que se convierte en mesa y silla para ni\u00f1os peque\u00f1os. Dise\u00f1o ajustable de madera 2 en 1 para ayudar con seguridad en la cocina, jugar y aprender.\",\"breadcrumb\":{\"@id\":\"https:\/\/legandgo.com\/es\/shop\/torre-de-aprendizaje\/torre-de-cocina-transformable-modustep\/#breadcrumb\"},\"inLanguage\":\"es\",\"potentialAction\":[{\"@type\":\"ReadAction\",\"target\":[\"https:\/\/legandgo.com\/es\/shop\/torre-de-aprendizaje\/torre-de-cocina-transformable-modustep\/\"]}]},{\"@type\":\"ImageObject\",\"inLanguage\":\"es\",\"@id\":\"https:\/\/legandgo.com\/es\/shop\/torre-de-aprendizaje\/torre-de-cocina-transformable-modustep\/#primaryimage\",\"url\":\"https:\/\/legandgo.com\/wp-content\/uploads\/2026\/02\/TKT-03-BK-_white-background.jpg\",\"contentUrl\":\"https:\/\/legandgo.com\/wp-content\/uploads\/2026\/02\/TKT-03-BK-_white-background.jpg\",\"width\":2048,\"height\":2048,\"caption\":\"Torre de Cocina Transformable Modustep sobre fondo blanco\"},{\"@type\":\"BreadcrumbList\",\"@id\":\"https:\/\/legandgo.com\/es\/shop\/torre-de-aprendizaje\/torre-de-cocina-transformable-modustep\/#breadcrumb\",\"itemListElement\":[{\"@type\":\"ListItem\",\"position\":1,\"name\":\"Home\",\"item\":\"https:\/\/legandgo.com\/es\/\"},{\"@type\":\"ListItem\",\"position\":2,\"name\":\"Tienda\",\"item\":\"https:\/\/legandgo.com\/es\/shop\/\"},{\"@type\":\"ListItem\",\"position\":3,\"name\":\"Torre de cocina transformable Modustep\"}]},{\"@type\":\"WebSite\",\"@id\":\"https:\/\/legandgo.com\/es\/#website\",\"url\":\"https:\/\/legandgo.com\/es\/\",\"name\":\"leg&amp;go\",\"description\":\"\",\"publisher\":{\"@id\":\"https:\/\/legandgo.com\/es\/#organization\"},\"potentialAction\":[{\"@type\":\"SearchAction\",\"target\":{\"@type\":\"EntryPoint\",\"urlTemplate\":\"https:\/\/legandgo.com\/es\/?s={search_term_string}\"},\"query-input\":{\"@type\":\"PropertyValueSpecification\",\"valueRequired\":true,\"valueName\":\"search_term_string\"}}],\"inLanguage\":\"es\"},{\"@type\":\"Organization\",\"@id\":\"https:\/\/legandgo.com\/es\/#organization\",\"name\":\"leg&go bike\",\"url\":\"https:\/\/legandgo.com\/es\/\",\"logo\":{\"@type\":\"ImageObject\",\"inLanguage\":\"es\",\"@id\":\"https:\/\/legandgo.com\/es\/#\/schema\/logo\/image\/\",\"url\":\"https:\/\/legandgo.com\/wp-content\/uploads\/2021\/03\/logorf.png\",\"contentUrl\":\"https:\/\/legandgo.com\/wp-content\/uploads\/2021\/03\/logorf.png\",\"width\":675,\"height\":216,\"caption\":\"leg&go bike\"},\"image\":{\"@id\":\"https:\/\/legandgo.com\/es\/#\/schema\/logo\/image\/\"},\"sameAs\":[\"https:\/\/www.facebook.com\/legandgo\",\"https:\/\/www.instagram.com\/legandgo\/\",\"https:\/\/www.linkedin.com\/company\/legandgo\/\",\"https:\/\/www.pinterest.com\/legandgo\/\",\"https:\/\/www.youtube.com\/channel\/UC_FBzWPmKWE0g7fcR4Xdfuw\/\"]}]}<\/script>\n<!-- \/ Yoast SEO plugin. -->","yoast_head_json":{"title":"Torre de Cocina Transformable 2 en 1 Modustep&#183; leg&amp;go","description":"Torre de cocina transformable que se convierte en mesa y silla para ni\u00f1os peque\u00f1os. Dise\u00f1o ajustable de madera 2 en 1 para ayudar con seguridad en la cocina, jugar y aprender.","robots":{"index":"index","follow":"follow","max-snippet":"max-snippet:-1","max-image-preview":"max-image-preview:large","max-video-preview":"max-video-preview:-1"},"canonical":"https:\/\/legandgo.com\/es\/shop\/torre-de-aprendizaje\/torre-de-cocina-transformable-modustep\/","og_locale":"es_ES","og_type":"article","og_title":"Torre de Cocina Transformable 2 en 1 Modustep&#183; leg&amp;go","og_description":"Torre de cocina transformable que se convierte en mesa y silla para ni\u00f1os peque\u00f1os. Dise\u00f1o ajustable de madera 2 en 1 para ayudar con seguridad en la cocina, jugar y aprender.","og_url":"https:\/\/legandgo.com\/es\/shop\/torre-de-aprendizaje\/torre-de-cocina-transformable-modustep\/","og_site_name":"leg&amp;go","article_publisher":"https:\/\/www.facebook.com\/legandgo","article_modified_time":"2026-03-05T15:27:14+00:00","og_image":[{"width":2048,"height":2048,"url":"https:\/\/legandgo.com\/wp-content\/uploads\/2026\/02\/TKT-03-BK-_white-background.jpg","type":"image\/jpeg"}],"twitter_card":"summary_large_image","schema":{"@context":"https:\/\/schema.org","@graph":[{"@type":"WebPage","@id":"https:\/\/legandgo.com\/es\/shop\/torre-de-aprendizaje\/torre-de-cocina-transformable-modustep\/","url":"https:\/\/legandgo.com\/es\/shop\/torre-de-aprendizaje\/torre-de-cocina-transformable-modustep\/","name":"Torre de Cocina Transformable 2 en 1 Modustep&#183; leg&amp;go","isPartOf":{"@id":"https:\/\/legandgo.com\/es\/#website"},"primaryImageOfPage":{"@id":"https:\/\/legandgo.com\/es\/shop\/torre-de-aprendizaje\/torre-de-cocina-transformable-modustep\/#primaryimage"},"image":{"@id":"https:\/\/legandgo.com\/es\/shop\/torre-de-aprendizaje\/torre-de-cocina-transformable-modustep\/#primaryimage"},"thumbnailUrl":"https:\/\/legandgo.com\/wp-content\/uploads\/2026\/02\/TKT-03-BK-_white-background.jpg","datePublished":"2026-02-16T15:02:38+00:00","dateModified":"2026-03-05T15:27:14+00:00","description":"Torre de cocina transformable que se convierte en mesa y silla para ni\u00f1os peque\u00f1os. Dise\u00f1o ajustable de madera 2 en 1 para ayudar con seguridad en la cocina, jugar y aprender.","breadcrumb":{"@id":"https:\/\/legandgo.com\/es\/shop\/torre-de-aprendizaje\/torre-de-cocina-transformable-modustep\/#breadcrumb"},"inLanguage":"es","potentialAction":[{"@type":"ReadAction","target":["https:\/\/legandgo.com\/es\/shop\/torre-de-aprendizaje\/torre-de-cocina-transformable-modustep\/"]}]},{"@type":"ImageObject","inLanguage":"es","@id":"https:\/\/legandgo.com\/es\/shop\/torre-de-aprendizaje\/torre-de-cocina-transformable-modustep\/#primaryimage","url":"https:\/\/legandgo.com\/wp-content\/uploads\/2026\/02\/TKT-03-BK-_white-background.jpg","contentUrl":"https:\/\/legandgo.com\/wp-content\/uploads\/2026\/02\/TKT-03-BK-_white-background.jpg","width":2048,"height":2048,"caption":"Torre de Cocina Transformable Modustep sobre fondo blanco"},{"@type":"BreadcrumbList","@id":"https:\/\/legandgo.com\/es\/shop\/torre-de-aprendizaje\/torre-de-cocina-transformable-modustep\/#breadcrumb","itemListElement":[{"@type":"ListItem","position":1,"name":"Home","item":"https:\/\/legandgo.com\/es\/"},{"@type":"ListItem","position":2,"name":"Tienda","item":"https:\/\/legandgo.com\/es\/shop\/"},{"@type":"ListItem","position":3,"name":"Torre de cocina transformable Modustep"}]},{"@type":"WebSite","@id":"https:\/\/legandgo.com\/es\/#website","url":"https:\/\/legandgo.com\/es\/","name":"leg&amp;go","description":"","publisher":{"@id":"https:\/\/legandgo.com\/es\/#organization"},"potentialAction":[{"@type":"SearchAction","target":{"@type":"EntryPoint","urlTemplate":"https:\/\/legandgo.com\/es\/?s={search_term_string}"},"query-input":{"@type":"PropertyValueSpecification","valueRequired":true,"valueName":"search_term_string"}}],"inLanguage":"es"},{"@type":"Organization","@id":"https:\/\/legandgo.com\/es\/#organization","name":"leg&go bike","url":"https:\/\/legandgo.com\/es\/","logo":{"@type":"ImageObject","inLanguage":"es","@id":"https:\/\/legandgo.com\/es\/#\/schema\/logo\/image\/","url":"https:\/\/legandgo.com\/wp-content\/uploads\/2021\/03\/logorf.png","contentUrl":"https:\/\/legandgo.com\/wp-content\/uploads\/2021\/03\/logorf.png","width":675,"height":216,"caption":"leg&go bike"},"image":{"@id":"https:\/\/legandgo.com\/es\/#\/schema\/logo\/image\/"},"sameAs":["https:\/\/www.facebook.com\/legandgo","https:\/\/www.instagram.com\/legandgo\/","https:\/\/www.linkedin.com\/company\/legandgo\/","https:\/\/www.pinterest.com\/legandgo\/","https:\/\/www.youtube.com\/channel\/UC_FBzWPmKWE0g7fcR4Xdfuw\/"]}]}},"_links":{"self":[{"href":"https:\/\/legandgo.com\/es\/wp-json\/wp\/v2\/product\/52057","targetHints":{"allow":["GET"]}}],"collection":[{"href":"https:\/\/legandgo.com\/es\/wp-json\/wp\/v2\/product"}],"about":[{"href":"https:\/\/legandgo.com\/es\/wp-json\/wp\/v2\/types\/product"}],"replies":[{"embeddable":true,"href":"https:\/\/legandgo.com\/es\/wp-json\/wp\/v2\/comments?post=52057"}],"version-history":[{"count":4,"href":"https:\/\/legandgo.com\/es\/wp-json\/wp\/v2\/product\/52057\/revisions"}],"predecessor-version":[{"id":53595,"href":"https:\/\/legandgo.com\/es\/wp-json\/wp\/v2\/product\/52057\/revisions\/53595"}],"wp:featuredmedia":[{"embeddable":true,"href":"https:\/\/legandgo.com\/es\/wp-json\/wp\/v2\/media\/51888"}],"wp:attachment":[{"href":"https:\/\/legandgo.com\/es\/wp-json\/wp\/v2\/media?parent=52057"}],"wp:term":[{"taxonomy":"product_brand","embeddable":true,"href":"https:\/\/legandgo.com\/es\/wp-json\/wp\/v2\/product_brand?post=52057"},{"taxonomy":"product_cat","embeddable":true,"href":"https:\/\/legandgo.com\/es\/wp-json\/wp\/v2\/product_cat?post=52057"},{"taxonomy":"product_tag","embeddable":true,"href":"https:\/\/legandgo.com\/es\/wp-json\/wp\/v2\/product_tag?post=52057"}],"curies":[{"name":"wp","href":"https:\/\/api.w.org\/{rel}","templated":true}]}}