{"id":52345,"date":"2021-09-22T12:04:39","date_gmt":"2021-09-22T10:04:39","guid":{"rendered":"https:\/\/legandgo.com\/shop\/sin%20categor\u00eda\/kids-bern-helmet-nino\/"},"modified":"2026-02-18T19:35:47","modified_gmt":"2026-02-18T17:35:47","slug":"kids-bern-helmet-nino","status":"publish","type":"product","link":"https:\/\/legandgo.com\/es\/shop\/accesorios\/kids-bern-helmet-nino\/","title":{"rendered":"Casco Infantil Bern (Nino 2.0) MIPS"},"content":{"rendered":"<p style=\"font-weight: 400;\">Sabemos lo dif\u00edcil que puede ser encontrar un casco infantil que sea realmente seguro, c\u00f3modo y que adem\u00e1s tenga un gran dise\u00f1o. Por eso hemos hecho la selecci\u00f3n por ti. A\u00f1ade el Bern Nino 2.0 MIPS a tu pedido y rec\u00edbelo el mismo d\u00eda que tu bicicleta. <\/p>\n<p style=\"font-weight: 400;\">Dise\u00f1ado para ajustarse alrededor de la cabeza del ni\u00f1o en lugar de apoyarse encima, ofrece una sensaci\u00f3n segura y c\u00f3moda para los paseos diarios. Est\u00e1 acabado con una visera suave abatible que ayuda a proteger los ojitos del sol. <\/p>\n<p style=\"font-weight: 400;\"><strong>Explora m\u00e1s abajo. <\/strong><\/p>\n","protected":false},"excerpt":{"rendered":"<p>Sabemos lo dif\u00edcil que puede ser encontrar un casco infantil que sea realmente seguro, c\u00f3modo y que adem\u00e1s tenga un gran dise\u00f1o. Por eso hemos hecho la selecci\u00f3n por ti. A\u00f1ade el Bern Nino 2.0 MIPS a tu pedido y rec\u00edbelo el mismo d\u00eda que tu bicicleta. Dise\u00f1ado para ajustarse alrededor de la cabeza del<a class=\"excerpt-read-more\" href=\"https:\/\/legandgo.com\/es\/shop\/accesorios\/kids-bern-helmet-nino\/\" title=\"ReadCasco Infantil Bern (Nino 2.0) MIPS\">&#8230; Read more &raquo;<\/a><\/p>\n","protected":false},"featured_media":52367,"comment_status":"closed","ping_status":"closed","template":"","meta":{"_acf_changed":false,"inline_featured_image":false,"footnotes":""},"product_brand":[],"product_cat":[1012,1313],"product_tag":[],"class_list":{"0":"post-52345","1":"product","2":"type-product","3":"status-publish","4":"has-post-thumbnail","6":"product_cat-accesorios","7":"product_cat-bicicletas-de-equilibrio-y-mas","8":"product_shipping_class-accessories-helmet-shipping-es","10":"first","11":"instock","12":"purchasable","13":"product-type-variable","14":"has-default-attributes"},"bundled_by":[],"bundle_stock_status":"instock","bundle_stock_quantity":null,"bundle_virtual":false,"bundle_layout":"","bundle_add_to_cart_form_location":"","bundle_editable_in_cart":false,"bundle_sold_individually_context":"","bundle_item_grouping":"","bundle_min_size":"","bundle_max_size":"","bundle_price":[],"bundled_items":[],"bundle_sell_ids":[],"acf":[],"yoast_head":"<!-- This site is optimized with the Yoast SEO plugin v25.9 - https:\/\/yoast.com\/wordpress\/plugins\/seo\/ -->\n<title>Casco Infantil Bern (Nino 2.0) MIPS &#183; leg&amp;go<\/title>\n<meta name=\"description\" content=\"Casco infantil Bern Nino 2.0 MIPS con ajuste seguro y c\u00f3modo y visera suave para proteger del sol. Protecci\u00f3n premium para peque\u00f1os ciclistas, disponible en dos tallas.\" \/>\n<meta name=\"robots\" content=\"index, follow, max-snippet:-1, max-image-preview:large, max-video-preview:-1\" \/>\n<link rel=\"canonical\" href=\"https:\/\/legandgo.com\/es\/shop\/accesorios\/kids-bern-helmet-nino\/\" \/>\n<meta property=\"og:locale\" content=\"es_ES\" \/>\n<meta property=\"og:type\" content=\"article\" \/>\n<meta property=\"og:title\" content=\"Casco Infantil Bern (Nino 2.0) MIPS &#183; leg&amp;go\" \/>\n<meta property=\"og:description\" content=\"Casco infantil Bern Nino 2.0 MIPS con ajuste seguro y c\u00f3modo y visera suave para proteger del sol. Protecci\u00f3n premium para peque\u00f1os ciclistas, disponible en dos tallas.\" \/>\n<meta property=\"og:url\" content=\"https:\/\/legandgo.com\/es\/shop\/accesorios\/kids-bern-helmet-nino\/\" \/>\n<meta property=\"og:site_name\" content=\"leg&amp;go\" \/>\n<meta property=\"article:publisher\" content=\"https:\/\/www.facebook.com\/legandgo\" \/>\n<meta property=\"article:modified_time\" content=\"2026-02-18T17:35:47+00:00\" \/>\n<meta property=\"og:image\" content=\"https:\/\/legandgo.com\/wp-content\/uploads\/2023\/09\/legandgo-balance-bike-laufrad-kinderfahrrad-bern-helmet-black-300x300-1.jpg\" \/>\n\t<meta property=\"og:image:width\" content=\"300\" \/>\n\t<meta property=\"og:image:height\" content=\"300\" \/>\n\t<meta property=\"og:image:type\" content=\"image\/jpeg\" \/>\n<meta name=\"twitter:card\" content=\"summary_large_image\" \/>\n<meta name=\"twitter:label1\" content=\"Est. reading time\" \/>\n\t<meta name=\"twitter:data1\" content=\"1 minuto\" \/>\n<script type=\"application\/ld+json\" class=\"yoast-schema-graph\">{\"@context\":\"https:\/\/schema.org\",\"@graph\":[{\"@type\":\"WebPage\",\"@id\":\"https:\/\/legandgo.com\/es\/shop\/accesorios\/kids-bern-helmet-nino\/\",\"url\":\"https:\/\/legandgo.com\/es\/shop\/accesorios\/kids-bern-helmet-nino\/\",\"name\":\"Casco Infantil Bern (Nino 2.0) MIPS &#183; leg&amp;go\",\"isPartOf\":{\"@id\":\"https:\/\/legandgo.com\/es\/#website\"},\"primaryImageOfPage\":{\"@id\":\"https:\/\/legandgo.com\/es\/shop\/accesorios\/kids-bern-helmet-nino\/#primaryimage\"},\"image\":{\"@id\":\"https:\/\/legandgo.com\/es\/shop\/accesorios\/kids-bern-helmet-nino\/#primaryimage\"},\"thumbnailUrl\":\"https:\/\/legandgo.com\/wp-content\/uploads\/2023\/09\/legandgo-balance-bike-laufrad-kinderfahrrad-bern-helmet-black-300x300-1.jpg\",\"datePublished\":\"2021-09-22T10:04:39+00:00\",\"dateModified\":\"2026-02-18T17:35:47+00:00\",\"description\":\"Casco infantil Bern Nino 2.0 MIPS con ajuste seguro y c\u00f3modo y visera suave para proteger del sol. Protecci\u00f3n premium para peque\u00f1os ciclistas, disponible en dos tallas.\",\"breadcrumb\":{\"@id\":\"https:\/\/legandgo.com\/es\/shop\/accesorios\/kids-bern-helmet-nino\/#breadcrumb\"},\"inLanguage\":\"es\",\"potentialAction\":[{\"@type\":\"ReadAction\",\"target\":[\"https:\/\/legandgo.com\/es\/shop\/accesorios\/kids-bern-helmet-nino\/\"]}]},{\"@type\":\"ImageObject\",\"inLanguage\":\"es\",\"@id\":\"https:\/\/legandgo.com\/es\/shop\/accesorios\/kids-bern-helmet-nino\/#primaryimage\",\"url\":\"https:\/\/legandgo.com\/wp-content\/uploads\/2023\/09\/legandgo-balance-bike-laufrad-kinderfahrrad-bern-helmet-black-300x300-1.jpg\",\"contentUrl\":\"https:\/\/legandgo.com\/wp-content\/uploads\/2023\/09\/legandgo-balance-bike-laufrad-kinderfahrrad-bern-helmet-black-300x300-1.jpg\",\"width\":300,\"height\":300},{\"@type\":\"BreadcrumbList\",\"@id\":\"https:\/\/legandgo.com\/es\/shop\/accesorios\/kids-bern-helmet-nino\/#breadcrumb\",\"itemListElement\":[{\"@type\":\"ListItem\",\"position\":1,\"name\":\"Home\",\"item\":\"https:\/\/legandgo.com\/es\/\"},{\"@type\":\"ListItem\",\"position\":2,\"name\":\"Tienda\",\"item\":\"https:\/\/legandgo.com\/es\/shop\/\"},{\"@type\":\"ListItem\",\"position\":3,\"name\":\"Casco Infantil Bern (Nino 2.0) MIPS\"}]},{\"@type\":\"WebSite\",\"@id\":\"https:\/\/legandgo.com\/es\/#website\",\"url\":\"https:\/\/legandgo.com\/es\/\",\"name\":\"leg&amp;go\",\"description\":\"\",\"publisher\":{\"@id\":\"https:\/\/legandgo.com\/es\/#organization\"},\"potentialAction\":[{\"@type\":\"SearchAction\",\"target\":{\"@type\":\"EntryPoint\",\"urlTemplate\":\"https:\/\/legandgo.com\/es\/?s={search_term_string}\"},\"query-input\":{\"@type\":\"PropertyValueSpecification\",\"valueRequired\":true,\"valueName\":\"search_term_string\"}}],\"inLanguage\":\"es\"},{\"@type\":\"Organization\",\"@id\":\"https:\/\/legandgo.com\/es\/#organization\",\"name\":\"leg&go bike\",\"url\":\"https:\/\/legandgo.com\/es\/\",\"logo\":{\"@type\":\"ImageObject\",\"inLanguage\":\"es\",\"@id\":\"https:\/\/legandgo.com\/es\/#\/schema\/logo\/image\/\",\"url\":\"https:\/\/legandgo.com\/wp-content\/uploads\/2021\/03\/logorf.png\",\"contentUrl\":\"https:\/\/legandgo.com\/wp-content\/uploads\/2021\/03\/logorf.png\",\"width\":675,\"height\":216,\"caption\":\"leg&go bike\"},\"image\":{\"@id\":\"https:\/\/legandgo.com\/es\/#\/schema\/logo\/image\/\"},\"sameAs\":[\"https:\/\/www.facebook.com\/legandgo\",\"https:\/\/www.instagram.com\/legandgo\/\",\"https:\/\/www.linkedin.com\/company\/legandgo\/\",\"https:\/\/www.pinterest.com\/legandgo\/\",\"https:\/\/www.youtube.com\/channel\/UC_FBzWPmKWE0g7fcR4Xdfuw\/\"]}]}<\/script>\n<!-- \/ Yoast SEO plugin. -->","yoast_head_json":{"title":"Casco Infantil Bern (Nino 2.0) MIPS &#183; leg&amp;go","description":"Casco infantil Bern Nino 2.0 MIPS con ajuste seguro y c\u00f3modo y visera suave para proteger del sol. Protecci\u00f3n premium para peque\u00f1os ciclistas, disponible en dos tallas.","robots":{"index":"index","follow":"follow","max-snippet":"max-snippet:-1","max-image-preview":"max-image-preview:large","max-video-preview":"max-video-preview:-1"},"canonical":"https:\/\/legandgo.com\/es\/shop\/accesorios\/kids-bern-helmet-nino\/","og_locale":"es_ES","og_type":"article","og_title":"Casco Infantil Bern (Nino 2.0) MIPS &#183; leg&amp;go","og_description":"Casco infantil Bern Nino 2.0 MIPS con ajuste seguro y c\u00f3modo y visera suave para proteger del sol. Protecci\u00f3n premium para peque\u00f1os ciclistas, disponible en dos tallas.","og_url":"https:\/\/legandgo.com\/es\/shop\/accesorios\/kids-bern-helmet-nino\/","og_site_name":"leg&amp;go","article_publisher":"https:\/\/www.facebook.com\/legandgo","article_modified_time":"2026-02-18T17:35:47+00:00","og_image":[{"width":300,"height":300,"url":"https:\/\/legandgo.com\/wp-content\/uploads\/2023\/09\/legandgo-balance-bike-laufrad-kinderfahrrad-bern-helmet-black-300x300-1.jpg","type":"image\/jpeg"}],"twitter_card":"summary_large_image","twitter_misc":{"Est. reading time":"1 minuto"},"schema":{"@context":"https:\/\/schema.org","@graph":[{"@type":"WebPage","@id":"https:\/\/legandgo.com\/es\/shop\/accesorios\/kids-bern-helmet-nino\/","url":"https:\/\/legandgo.com\/es\/shop\/accesorios\/kids-bern-helmet-nino\/","name":"Casco Infantil Bern (Nino 2.0) MIPS &#183; leg&amp;go","isPartOf":{"@id":"https:\/\/legandgo.com\/es\/#website"},"primaryImageOfPage":{"@id":"https:\/\/legandgo.com\/es\/shop\/accesorios\/kids-bern-helmet-nino\/#primaryimage"},"image":{"@id":"https:\/\/legandgo.com\/es\/shop\/accesorios\/kids-bern-helmet-nino\/#primaryimage"},"thumbnailUrl":"https:\/\/legandgo.com\/wp-content\/uploads\/2023\/09\/legandgo-balance-bike-laufrad-kinderfahrrad-bern-helmet-black-300x300-1.jpg","datePublished":"2021-09-22T10:04:39+00:00","dateModified":"2026-02-18T17:35:47+00:00","description":"Casco infantil Bern Nino 2.0 MIPS con ajuste seguro y c\u00f3modo y visera suave para proteger del sol. Protecci\u00f3n premium para peque\u00f1os ciclistas, disponible en dos tallas.","breadcrumb":{"@id":"https:\/\/legandgo.com\/es\/shop\/accesorios\/kids-bern-helmet-nino\/#breadcrumb"},"inLanguage":"es","potentialAction":[{"@type":"ReadAction","target":["https:\/\/legandgo.com\/es\/shop\/accesorios\/kids-bern-helmet-nino\/"]}]},{"@type":"ImageObject","inLanguage":"es","@id":"https:\/\/legandgo.com\/es\/shop\/accesorios\/kids-bern-helmet-nino\/#primaryimage","url":"https:\/\/legandgo.com\/wp-content\/uploads\/2023\/09\/legandgo-balance-bike-laufrad-kinderfahrrad-bern-helmet-black-300x300-1.jpg","contentUrl":"https:\/\/legandgo.com\/wp-content\/uploads\/2023\/09\/legandgo-balance-bike-laufrad-kinderfahrrad-bern-helmet-black-300x300-1.jpg","width":300,"height":300},{"@type":"BreadcrumbList","@id":"https:\/\/legandgo.com\/es\/shop\/accesorios\/kids-bern-helmet-nino\/#breadcrumb","itemListElement":[{"@type":"ListItem","position":1,"name":"Home","item":"https:\/\/legandgo.com\/es\/"},{"@type":"ListItem","position":2,"name":"Tienda","item":"https:\/\/legandgo.com\/es\/shop\/"},{"@type":"ListItem","position":3,"name":"Casco Infantil Bern (Nino 2.0) MIPS"}]},{"@type":"WebSite","@id":"https:\/\/legandgo.com\/es\/#website","url":"https:\/\/legandgo.com\/es\/","name":"leg&amp;go","description":"","publisher":{"@id":"https:\/\/legandgo.com\/es\/#organization"},"potentialAction":[{"@type":"SearchAction","target":{"@type":"EntryPoint","urlTemplate":"https:\/\/legandgo.com\/es\/?s={search_term_string}"},"query-input":{"@type":"PropertyValueSpecification","valueRequired":true,"valueName":"search_term_string"}}],"inLanguage":"es"},{"@type":"Organization","@id":"https:\/\/legandgo.com\/es\/#organization","name":"leg&go bike","url":"https:\/\/legandgo.com\/es\/","logo":{"@type":"ImageObject","inLanguage":"es","@id":"https:\/\/legandgo.com\/es\/#\/schema\/logo\/image\/","url":"https:\/\/legandgo.com\/wp-content\/uploads\/2021\/03\/logorf.png","contentUrl":"https:\/\/legandgo.com\/wp-content\/uploads\/2021\/03\/logorf.png","width":675,"height":216,"caption":"leg&go bike"},"image":{"@id":"https:\/\/legandgo.com\/es\/#\/schema\/logo\/image\/"},"sameAs":["https:\/\/www.facebook.com\/legandgo","https:\/\/www.instagram.com\/legandgo\/","https:\/\/www.linkedin.com\/company\/legandgo\/","https:\/\/www.pinterest.com\/legandgo\/","https:\/\/www.youtube.com\/channel\/UC_FBzWPmKWE0g7fcR4Xdfuw\/"]}]}},"_links":{"self":[{"href":"https:\/\/legandgo.com\/es\/wp-json\/wp\/v2\/product\/52345","targetHints":{"allow":["GET"]}}],"collection":[{"href":"https:\/\/legandgo.com\/es\/wp-json\/wp\/v2\/product"}],"about":[{"href":"https:\/\/legandgo.com\/es\/wp-json\/wp\/v2\/types\/product"}],"replies":[{"embeddable":true,"href":"https:\/\/legandgo.com\/es\/wp-json\/wp\/v2\/comments?post=52345"}],"version-history":[{"count":2,"href":"https:\/\/legandgo.com\/es\/wp-json\/wp\/v2\/product\/52345\/revisions"}],"predecessor-version":[{"id":52419,"href":"https:\/\/legandgo.com\/es\/wp-json\/wp\/v2\/product\/52345\/revisions\/52419"}],"wp:featuredmedia":[{"embeddable":true,"href":"https:\/\/legandgo.com\/es\/wp-json\/wp\/v2\/media\/52367"}],"wp:attachment":[{"href":"https:\/\/legandgo.com\/es\/wp-json\/wp\/v2\/media?parent=52345"}],"wp:term":[{"taxonomy":"product_brand","embeddable":true,"href":"https:\/\/legandgo.com\/es\/wp-json\/wp\/v2\/product_brand?post=52345"},{"taxonomy":"product_cat","embeddable":true,"href":"https:\/\/legandgo.com\/es\/wp-json\/wp\/v2\/product_cat?post=52345"},{"taxonomy":"product_tag","embeddable":true,"href":"https:\/\/legandgo.com\/es\/wp-json\/wp\/v2\/product_tag?post=52345"}],"curies":[{"name":"wp","href":"https:\/\/api.w.org\/{rel}","templated":true}]}}