{"id":52582,"date":"2026-02-19T11:12:06","date_gmt":"2026-02-19T09:12:06","guid":{"rendered":"https:\/\/legandgo.com\/shop\/sin%20categor\u00eda\/pelotas-para-piscina-de-bolas-500-unidades\/"},"modified":"2026-02-19T13:14:23","modified_gmt":"2026-02-19T11:14:23","slug":"pelotas-para-piscina-de-bolas-500-unidades","status":"publish","type":"product","link":"https:\/\/legandgo.com\/es\/shop\/bloques-blandos\/pelotas-para-piscina-de-bolas-500-unidades\/","title":{"rendered":"Pelotas para Piscina de Bolas (500 unidades)"},"content":{"rendered":"<p>Crea la experiencia perfecta de soft play con nuestro set de 500 pelotas.<\/p>\n<p>Estas pelotas de pl\u00e1stico, suaves pero resistentes, est\u00e1n dise\u00f1adas para llenar perfectamente la piscina de bolas de tu hijo y transformar cualquier espacio en una zona de juego sensorial segura y estimulante.<\/p>\n<p><strong>Descubre m\u00e1s abajo.<\/strong> <\/p>\n","protected":false},"excerpt":{"rendered":"<p>Crea la experiencia perfecta de soft play con nuestro set de 500 pelotas. Estas pelotas de pl\u00e1stico, suaves pero resistentes, est\u00e1n dise\u00f1adas para llenar perfectamente la piscina de bolas de tu hijo y transformar cualquier espacio en una zona de juego sensorial segura y estimulante. Descubre m\u00e1s abajo.<\/p>\n","protected":false},"featured_media":52500,"comment_status":"closed","ping_status":"closed","template":"","meta":{"_acf_changed":false,"inline_featured_image":false,"footnotes":""},"product_brand":[],"product_cat":[1016,1321],"product_tag":[],"class_list":{"0":"post-52582","1":"product","2":"type-product","3":"status-publish","4":"has-post-thumbnail","6":"product_cat-bloques-blandos","7":"product_cat-categoria-de-juguete","8":"product_shipping_class-soft-blocks-es","10":"first","11":"outofstock","12":"purchasable","13":"product-type-variable"},"bundled_by":[],"bundle_stock_status":"outofstock","bundle_stock_quantity":null,"bundle_virtual":false,"bundle_layout":"","bundle_add_to_cart_form_location":"","bundle_editable_in_cart":false,"bundle_sold_individually_context":"","bundle_item_grouping":"","bundle_min_size":"","bundle_max_size":"","bundle_price":[],"bundled_items":[],"bundle_sell_ids":[],"acf":[],"yoast_head":"<!-- This site is optimized with the Yoast SEO plugin v25.9 - https:\/\/yoast.com\/wordpress\/plugins\/seo\/ -->\n<title>Pelotas para Piscina de Bolas (500 unidades) \u2013 Pelotas para Ni\u00f1os<\/title>\n<meta name=\"description\" content=\"Set de 500 pelotas soft play para piscina de bolas. Seguras, resistentes e ideales para crear un espacio de juego sensorial elegante para ni\u00f1os.\" \/>\n<meta name=\"robots\" content=\"index, follow, max-snippet:-1, max-image-preview:large, max-video-preview:-1\" \/>\n<link rel=\"canonical\" href=\"https:\/\/legandgo.com\/es\/shop\/bloques-blandos\/pelotas-para-piscina-de-bolas-500-unidades\/\" \/>\n<meta property=\"og:locale\" content=\"es_ES\" \/>\n<meta property=\"og:type\" content=\"article\" \/>\n<meta property=\"og:title\" content=\"Pelotas para Piscina de Bolas (500 unidades) \u2013 Pelotas para Ni\u00f1os\" \/>\n<meta property=\"og:description\" content=\"Set de 500 pelotas soft play para piscina de bolas. Seguras, resistentes e ideales para crear un espacio de juego sensorial elegante para ni\u00f1os.\" \/>\n<meta property=\"og:url\" content=\"https:\/\/legandgo.com\/es\/shop\/bloques-blandos\/pelotas-para-piscina-de-bolas-500-unidades\/\" \/>\n<meta property=\"og:site_name\" content=\"leg&amp;go\" \/>\n<meta property=\"article:publisher\" content=\"https:\/\/www.facebook.com\/legandgo\" \/>\n<meta property=\"article:modified_time\" content=\"2026-02-19T11:14:23+00:00\" \/>\n<meta property=\"og:image\" content=\"https:\/\/legandgo.com\/wp-content\/uploads\/2026\/02\/White-soft-ball-set-1.jpg\" \/>\n\t<meta property=\"og:image:width\" content=\"2048\" \/>\n\t<meta property=\"og:image:height\" content=\"2048\" \/>\n\t<meta property=\"og:image:type\" content=\"image\/jpeg\" \/>\n<meta name=\"twitter:card\" content=\"summary_large_image\" \/>\n<script type=\"application\/ld+json\" class=\"yoast-schema-graph\">{\"@context\":\"https:\/\/schema.org\",\"@graph\":[{\"@type\":\"WebPage\",\"@id\":\"https:\/\/legandgo.com\/es\/shop\/bloques-blandos\/pelotas-para-piscina-de-bolas-500-unidades\/\",\"url\":\"https:\/\/legandgo.com\/es\/shop\/bloques-blandos\/pelotas-para-piscina-de-bolas-500-unidades\/\",\"name\":\"Pelotas para Piscina de Bolas (500 unidades) \u2013 Pelotas para Ni\u00f1os\",\"isPartOf\":{\"@id\":\"https:\/\/legandgo.com\/es\/#website\"},\"primaryImageOfPage\":{\"@id\":\"https:\/\/legandgo.com\/es\/shop\/bloques-blandos\/pelotas-para-piscina-de-bolas-500-unidades\/#primaryimage\"},\"image\":{\"@id\":\"https:\/\/legandgo.com\/es\/shop\/bloques-blandos\/pelotas-para-piscina-de-bolas-500-unidades\/#primaryimage\"},\"thumbnailUrl\":\"https:\/\/legandgo.com\/wp-content\/uploads\/2026\/02\/White-soft-ball-set-1.jpg\",\"datePublished\":\"2026-02-19T09:12:06+00:00\",\"dateModified\":\"2026-02-19T11:14:23+00:00\",\"description\":\"Set de 500 pelotas soft play para piscina de bolas. Seguras, resistentes e ideales para crear un espacio de juego sensorial elegante para ni\u00f1os.\",\"breadcrumb\":{\"@id\":\"https:\/\/legandgo.com\/es\/shop\/bloques-blandos\/pelotas-para-piscina-de-bolas-500-unidades\/#breadcrumb\"},\"inLanguage\":\"es\",\"potentialAction\":[{\"@type\":\"ReadAction\",\"target\":[\"https:\/\/legandgo.com\/es\/shop\/bloques-blandos\/pelotas-para-piscina-de-bolas-500-unidades\/\"]}]},{\"@type\":\"ImageObject\",\"inLanguage\":\"es\",\"@id\":\"https:\/\/legandgo.com\/es\/shop\/bloques-blandos\/pelotas-para-piscina-de-bolas-500-unidades\/#primaryimage\",\"url\":\"https:\/\/legandgo.com\/wp-content\/uploads\/2026\/02\/White-soft-ball-set-1.jpg\",\"contentUrl\":\"https:\/\/legandgo.com\/wp-content\/uploads\/2026\/02\/White-soft-ball-set-1.jpg\",\"width\":2048,\"height\":2048},{\"@type\":\"BreadcrumbList\",\"@id\":\"https:\/\/legandgo.com\/es\/shop\/bloques-blandos\/pelotas-para-piscina-de-bolas-500-unidades\/#breadcrumb\",\"itemListElement\":[{\"@type\":\"ListItem\",\"position\":1,\"name\":\"Home\",\"item\":\"https:\/\/legandgo.com\/es\/\"},{\"@type\":\"ListItem\",\"position\":2,\"name\":\"Tienda\",\"item\":\"https:\/\/legandgo.com\/es\/shop\/\"},{\"@type\":\"ListItem\",\"position\":3,\"name\":\"Pelotas para Piscina de Bolas (500 unidades)\"}]},{\"@type\":\"WebSite\",\"@id\":\"https:\/\/legandgo.com\/es\/#website\",\"url\":\"https:\/\/legandgo.com\/es\/\",\"name\":\"leg&amp;go\",\"description\":\"\",\"publisher\":{\"@id\":\"https:\/\/legandgo.com\/es\/#organization\"},\"potentialAction\":[{\"@type\":\"SearchAction\",\"target\":{\"@type\":\"EntryPoint\",\"urlTemplate\":\"https:\/\/legandgo.com\/es\/?s={search_term_string}\"},\"query-input\":{\"@type\":\"PropertyValueSpecification\",\"valueRequired\":true,\"valueName\":\"search_term_string\"}}],\"inLanguage\":\"es\"},{\"@type\":\"Organization\",\"@id\":\"https:\/\/legandgo.com\/es\/#organization\",\"name\":\"leg&go bike\",\"url\":\"https:\/\/legandgo.com\/es\/\",\"logo\":{\"@type\":\"ImageObject\",\"inLanguage\":\"es\",\"@id\":\"https:\/\/legandgo.com\/es\/#\/schema\/logo\/image\/\",\"url\":\"https:\/\/legandgo.com\/wp-content\/uploads\/2021\/03\/logorf.png\",\"contentUrl\":\"https:\/\/legandgo.com\/wp-content\/uploads\/2021\/03\/logorf.png\",\"width\":675,\"height\":216,\"caption\":\"leg&go bike\"},\"image\":{\"@id\":\"https:\/\/legandgo.com\/es\/#\/schema\/logo\/image\/\"},\"sameAs\":[\"https:\/\/www.facebook.com\/legandgo\",\"https:\/\/www.instagram.com\/legandgo\/\",\"https:\/\/www.linkedin.com\/company\/legandgo\/\",\"https:\/\/www.pinterest.com\/legandgo\/\",\"https:\/\/www.youtube.com\/channel\/UC_FBzWPmKWE0g7fcR4Xdfuw\/\"]}]}<\/script>\n<!-- \/ Yoast SEO plugin. -->","yoast_head_json":{"title":"Pelotas para Piscina de Bolas (500 unidades) \u2013 Pelotas para Ni\u00f1os","description":"Set de 500 pelotas soft play para piscina de bolas. Seguras, resistentes e ideales para crear un espacio de juego sensorial elegante para ni\u00f1os.","robots":{"index":"index","follow":"follow","max-snippet":"max-snippet:-1","max-image-preview":"max-image-preview:large","max-video-preview":"max-video-preview:-1"},"canonical":"https:\/\/legandgo.com\/es\/shop\/bloques-blandos\/pelotas-para-piscina-de-bolas-500-unidades\/","og_locale":"es_ES","og_type":"article","og_title":"Pelotas para Piscina de Bolas (500 unidades) \u2013 Pelotas para Ni\u00f1os","og_description":"Set de 500 pelotas soft play para piscina de bolas. Seguras, resistentes e ideales para crear un espacio de juego sensorial elegante para ni\u00f1os.","og_url":"https:\/\/legandgo.com\/es\/shop\/bloques-blandos\/pelotas-para-piscina-de-bolas-500-unidades\/","og_site_name":"leg&amp;go","article_publisher":"https:\/\/www.facebook.com\/legandgo","article_modified_time":"2026-02-19T11:14:23+00:00","og_image":[{"width":2048,"height":2048,"url":"https:\/\/legandgo.com\/wp-content\/uploads\/2026\/02\/White-soft-ball-set-1.jpg","type":"image\/jpeg"}],"twitter_card":"summary_large_image","schema":{"@context":"https:\/\/schema.org","@graph":[{"@type":"WebPage","@id":"https:\/\/legandgo.com\/es\/shop\/bloques-blandos\/pelotas-para-piscina-de-bolas-500-unidades\/","url":"https:\/\/legandgo.com\/es\/shop\/bloques-blandos\/pelotas-para-piscina-de-bolas-500-unidades\/","name":"Pelotas para Piscina de Bolas (500 unidades) \u2013 Pelotas para Ni\u00f1os","isPartOf":{"@id":"https:\/\/legandgo.com\/es\/#website"},"primaryImageOfPage":{"@id":"https:\/\/legandgo.com\/es\/shop\/bloques-blandos\/pelotas-para-piscina-de-bolas-500-unidades\/#primaryimage"},"image":{"@id":"https:\/\/legandgo.com\/es\/shop\/bloques-blandos\/pelotas-para-piscina-de-bolas-500-unidades\/#primaryimage"},"thumbnailUrl":"https:\/\/legandgo.com\/wp-content\/uploads\/2026\/02\/White-soft-ball-set-1.jpg","datePublished":"2026-02-19T09:12:06+00:00","dateModified":"2026-02-19T11:14:23+00:00","description":"Set de 500 pelotas soft play para piscina de bolas. Seguras, resistentes e ideales para crear un espacio de juego sensorial elegante para ni\u00f1os.","breadcrumb":{"@id":"https:\/\/legandgo.com\/es\/shop\/bloques-blandos\/pelotas-para-piscina-de-bolas-500-unidades\/#breadcrumb"},"inLanguage":"es","potentialAction":[{"@type":"ReadAction","target":["https:\/\/legandgo.com\/es\/shop\/bloques-blandos\/pelotas-para-piscina-de-bolas-500-unidades\/"]}]},{"@type":"ImageObject","inLanguage":"es","@id":"https:\/\/legandgo.com\/es\/shop\/bloques-blandos\/pelotas-para-piscina-de-bolas-500-unidades\/#primaryimage","url":"https:\/\/legandgo.com\/wp-content\/uploads\/2026\/02\/White-soft-ball-set-1.jpg","contentUrl":"https:\/\/legandgo.com\/wp-content\/uploads\/2026\/02\/White-soft-ball-set-1.jpg","width":2048,"height":2048},{"@type":"BreadcrumbList","@id":"https:\/\/legandgo.com\/es\/shop\/bloques-blandos\/pelotas-para-piscina-de-bolas-500-unidades\/#breadcrumb","itemListElement":[{"@type":"ListItem","position":1,"name":"Home","item":"https:\/\/legandgo.com\/es\/"},{"@type":"ListItem","position":2,"name":"Tienda","item":"https:\/\/legandgo.com\/es\/shop\/"},{"@type":"ListItem","position":3,"name":"Pelotas para Piscina de Bolas (500 unidades)"}]},{"@type":"WebSite","@id":"https:\/\/legandgo.com\/es\/#website","url":"https:\/\/legandgo.com\/es\/","name":"leg&amp;go","description":"","publisher":{"@id":"https:\/\/legandgo.com\/es\/#organization"},"potentialAction":[{"@type":"SearchAction","target":{"@type":"EntryPoint","urlTemplate":"https:\/\/legandgo.com\/es\/?s={search_term_string}"},"query-input":{"@type":"PropertyValueSpecification","valueRequired":true,"valueName":"search_term_string"}}],"inLanguage":"es"},{"@type":"Organization","@id":"https:\/\/legandgo.com\/es\/#organization","name":"leg&go bike","url":"https:\/\/legandgo.com\/es\/","logo":{"@type":"ImageObject","inLanguage":"es","@id":"https:\/\/legandgo.com\/es\/#\/schema\/logo\/image\/","url":"https:\/\/legandgo.com\/wp-content\/uploads\/2021\/03\/logorf.png","contentUrl":"https:\/\/legandgo.com\/wp-content\/uploads\/2021\/03\/logorf.png","width":675,"height":216,"caption":"leg&go bike"},"image":{"@id":"https:\/\/legandgo.com\/es\/#\/schema\/logo\/image\/"},"sameAs":["https:\/\/www.facebook.com\/legandgo","https:\/\/www.instagram.com\/legandgo\/","https:\/\/www.linkedin.com\/company\/legandgo\/","https:\/\/www.pinterest.com\/legandgo\/","https:\/\/www.youtube.com\/channel\/UC_FBzWPmKWE0g7fcR4Xdfuw\/"]}]}},"_links":{"self":[{"href":"https:\/\/legandgo.com\/es\/wp-json\/wp\/v2\/product\/52582","targetHints":{"allow":["GET"]}}],"collection":[{"href":"https:\/\/legandgo.com\/es\/wp-json\/wp\/v2\/product"}],"about":[{"href":"https:\/\/legandgo.com\/es\/wp-json\/wp\/v2\/types\/product"}],"replies":[{"embeddable":true,"href":"https:\/\/legandgo.com\/es\/wp-json\/wp\/v2\/comments?post=52582"}],"version-history":[{"count":2,"href":"https:\/\/legandgo.com\/es\/wp-json\/wp\/v2\/product\/52582\/revisions"}],"predecessor-version":[{"id":52590,"href":"https:\/\/legandgo.com\/es\/wp-json\/wp\/v2\/product\/52582\/revisions\/52590"}],"wp:featuredmedia":[{"embeddable":true,"href":"https:\/\/legandgo.com\/es\/wp-json\/wp\/v2\/media\/52500"}],"wp:attachment":[{"href":"https:\/\/legandgo.com\/es\/wp-json\/wp\/v2\/media?parent=52582"}],"wp:term":[{"taxonomy":"product_brand","embeddable":true,"href":"https:\/\/legandgo.com\/es\/wp-json\/wp\/v2\/product_brand?post=52582"},{"taxonomy":"product_cat","embeddable":true,"href":"https:\/\/legandgo.com\/es\/wp-json\/wp\/v2\/product_cat?post=52582"},{"taxonomy":"product_tag","embeddable":true,"href":"https:\/\/legandgo.com\/es\/wp-json\/wp\/v2\/product_tag?post=52582"}],"curies":[{"name":"wp","href":"https:\/\/api.w.org\/{rel}","templated":true}]}}