{"id":52754,"date":"2021-08-26T11:31:03","date_gmt":"2021-08-26T09:31:03","guid":{"rendered":"https:\/\/legandgo.com\/shop\/sin categor\u00eda\/reflective-vest\/"},"modified":"2026-02-20T11:21:41","modified_gmt":"2026-02-20T09:21:41","slug":"reflective-vest","status":"publish","type":"product","link":"https:\/\/legandgo.com\/es\/shop\/accesorios\/reflective-vest\/","title":{"rendered":"Chaleco reflectante"},"content":{"rendered":"<p style=\"font-weight: 400;\">Seguridad que tambi\u00e9n tiene estilo.<\/p>\n<p style=\"font-weight: 400;\">\u00bfQui\u00e9n dijo que los chalecos reflectantes no son modernos? Nuestro chaleco reflectante chic a\u00f1ade estilo al look de tu peque\u00f1o ciclista mientras lo mantiene claramente visible. Como siempre con nosotros, es un 2in1: seguridad y estilo reunidos en un chaleco c\u00f3modo.  <\/p>\n<p style=\"font-weight: 400;\">Ya sea caminando por una carretera oscura, cruzando en un paso de peatones o jugando en el jard\u00edn, tu hijo estar\u00e1 siempre visible y con estilo.<\/p>\n<p style=\"font-weight: 400;\"><strong>Explora m\u00e1s abajo.<\/strong><\/p>\n","protected":false},"excerpt":{"rendered":"<p>Seguridad que tambi\u00e9n tiene estilo. \u00bfQui\u00e9n dijo que los chalecos reflectantes no son modernos? Nuestro chaleco reflectante chic a\u00f1ade estilo al look de tu peque\u00f1o ciclista mientras lo mantiene claramente visible. Como siempre con nosotros, es un 2in1: seguridad y estilo reunidos en un chaleco c\u00f3modo. Ya sea caminando por una carretera oscura, cruzando en<a class=\"excerpt-read-more\" href=\"https:\/\/legandgo.com\/es\/shop\/accesorios\/reflective-vest\/\" title=\"ReadChaleco reflectante\">&#8230; Read more &raquo;<\/a><\/p>\n","protected":false},"featured_media":3902,"comment_status":"closed","ping_status":"closed","template":"","meta":{"_acf_changed":false,"inline_featured_image":false,"footnotes":""},"product_brand":[],"product_cat":[1012,1313],"product_tag":[],"class_list":{"0":"post-52754","1":"product","2":"type-product","3":"status-publish","4":"has-post-thumbnail","6":"product_cat-accesorios","7":"product_cat-bicicletas-de-equilibrio-y-mas","8":"product_shipping_class-accessories-shipping-es","9":"pa_color-type-bees","10":"pa_color-type-blossoms","11":"pa_color-type-feathers","12":"pa_color-type-pino","14":"first","15":"instock","16":"sale","17":"purchasable","18":"product-type-variable","19":"has-default-attributes"},"bundled_by":[],"bundle_stock_status":"instock","bundle_stock_quantity":null,"bundle_virtual":false,"bundle_layout":"","bundle_add_to_cart_form_location":"","bundle_editable_in_cart":false,"bundle_sold_individually_context":"","bundle_item_grouping":"","bundle_min_size":"","bundle_max_size":"","bundle_price":[],"bundled_items":[],"bundle_sell_ids":[],"acf":[],"yoast_head":"<!-- This site is optimized with the Yoast SEO plugin v25.9 - https:\/\/yoast.com\/wordpress\/plugins\/seo\/ -->\n<title>Chaleco reflectante &#183; leg&amp;go<\/title>\n<meta name=\"description\" content=\"Chaleco reflectante para ni\u00f1os en edad preescolar, ajustable e impermeable. Hecho a mano en Europa para mayor visibilidad y seguridad diaria.\" \/>\n<meta name=\"robots\" content=\"index, follow, max-snippet:-1, max-image-preview:large, max-video-preview:-1\" \/>\n<link rel=\"canonical\" href=\"https:\/\/legandgo.com\/es\/shop\/accesorios\/reflective-vest\/\" \/>\n<meta property=\"og:locale\" content=\"es_ES\" \/>\n<meta property=\"og:type\" content=\"article\" \/>\n<meta property=\"og:title\" content=\"Chaleco reflectante &#183; leg&amp;go\" \/>\n<meta property=\"og:description\" content=\"Chaleco reflectante para ni\u00f1os en edad preescolar, ajustable e impermeable. Hecho a mano en Europa para mayor visibilidad y seguridad diaria.\" \/>\n<meta property=\"og:url\" content=\"https:\/\/legandgo.com\/es\/shop\/accesorios\/reflective-vest\/\" \/>\n<meta property=\"og:site_name\" content=\"leg&amp;go\" \/>\n<meta property=\"article:publisher\" content=\"https:\/\/www.facebook.com\/legandgo\" \/>\n<meta property=\"article:modified_time\" content=\"2026-02-20T09:21:41+00:00\" \/>\n<meta property=\"og:image\" content=\"https:\/\/legandgo.com\/wp-content\/uploads\/2021\/08\/legandgo-leggo-vest-weste-7.jpg\" \/>\n\t<meta property=\"og:image:width\" content=\"720\" \/>\n\t<meta property=\"og:image:height\" content=\"480\" \/>\n\t<meta property=\"og:image:type\" content=\"image\/jpeg\" \/>\n<meta name=\"twitter:card\" content=\"summary_large_image\" \/>\n<script type=\"application\/ld+json\" class=\"yoast-schema-graph\">{\"@context\":\"https:\/\/schema.org\",\"@graph\":[{\"@type\":\"WebPage\",\"@id\":\"https:\/\/legandgo.com\/es\/shop\/accesorios\/reflective-vest\/\",\"url\":\"https:\/\/legandgo.com\/es\/shop\/accesorios\/reflective-vest\/\",\"name\":\"Chaleco reflectante &#183; leg&amp;go\",\"isPartOf\":{\"@id\":\"https:\/\/legandgo.com\/es\/#website\"},\"primaryImageOfPage\":{\"@id\":\"https:\/\/legandgo.com\/es\/shop\/accesorios\/reflective-vest\/#primaryimage\"},\"image\":{\"@id\":\"https:\/\/legandgo.com\/es\/shop\/accesorios\/reflective-vest\/#primaryimage\"},\"thumbnailUrl\":\"https:\/\/legandgo.com\/wp-content\/uploads\/2021\/08\/legandgo-leggo-vest-weste-7.jpg\",\"datePublished\":\"2021-08-26T09:31:03+00:00\",\"dateModified\":\"2026-02-20T09:21:41+00:00\",\"description\":\"Chaleco reflectante para ni\u00f1os en edad preescolar, ajustable e impermeable. Hecho a mano en Europa para mayor visibilidad y seguridad diaria.\",\"breadcrumb\":{\"@id\":\"https:\/\/legandgo.com\/es\/shop\/accesorios\/reflective-vest\/#breadcrumb\"},\"inLanguage\":\"es\",\"potentialAction\":[{\"@type\":\"ReadAction\",\"target\":[\"https:\/\/legandgo.com\/es\/shop\/accesorios\/reflective-vest\/\"]}]},{\"@type\":\"ImageObject\",\"inLanguage\":\"es\",\"@id\":\"https:\/\/legandgo.com\/es\/shop\/accesorios\/reflective-vest\/#primaryimage\",\"url\":\"https:\/\/legandgo.com\/wp-content\/uploads\/2021\/08\/legandgo-leggo-vest-weste-7.jpg\",\"contentUrl\":\"https:\/\/legandgo.com\/wp-content\/uploads\/2021\/08\/legandgo-leggo-vest-weste-7.jpg\",\"width\":720,\"height\":480},{\"@type\":\"BreadcrumbList\",\"@id\":\"https:\/\/legandgo.com\/es\/shop\/accesorios\/reflective-vest\/#breadcrumb\",\"itemListElement\":[{\"@type\":\"ListItem\",\"position\":1,\"name\":\"Home\",\"item\":\"https:\/\/legandgo.com\/es\/\"},{\"@type\":\"ListItem\",\"position\":2,\"name\":\"Tienda\",\"item\":\"https:\/\/legandgo.com\/es\/shop\/\"},{\"@type\":\"ListItem\",\"position\":3,\"name\":\"Chaleco reflectante\"}]},{\"@type\":\"WebSite\",\"@id\":\"https:\/\/legandgo.com\/es\/#website\",\"url\":\"https:\/\/legandgo.com\/es\/\",\"name\":\"leg&amp;go\",\"description\":\"\",\"publisher\":{\"@id\":\"https:\/\/legandgo.com\/es\/#organization\"},\"potentialAction\":[{\"@type\":\"SearchAction\",\"target\":{\"@type\":\"EntryPoint\",\"urlTemplate\":\"https:\/\/legandgo.com\/es\/?s={search_term_string}\"},\"query-input\":{\"@type\":\"PropertyValueSpecification\",\"valueRequired\":true,\"valueName\":\"search_term_string\"}}],\"inLanguage\":\"es\"},{\"@type\":\"Organization\",\"@id\":\"https:\/\/legandgo.com\/es\/#organization\",\"name\":\"leg&go bike\",\"url\":\"https:\/\/legandgo.com\/es\/\",\"logo\":{\"@type\":\"ImageObject\",\"inLanguage\":\"es\",\"@id\":\"https:\/\/legandgo.com\/es\/#\/schema\/logo\/image\/\",\"url\":\"https:\/\/legandgo.com\/wp-content\/uploads\/2021\/03\/logorf.png\",\"contentUrl\":\"https:\/\/legandgo.com\/wp-content\/uploads\/2021\/03\/logorf.png\",\"width\":675,\"height\":216,\"caption\":\"leg&go bike\"},\"image\":{\"@id\":\"https:\/\/legandgo.com\/es\/#\/schema\/logo\/image\/\"},\"sameAs\":[\"https:\/\/www.facebook.com\/legandgo\",\"https:\/\/www.instagram.com\/legandgo\/\",\"https:\/\/www.linkedin.com\/company\/legandgo\/\",\"https:\/\/www.pinterest.com\/legandgo\/\",\"https:\/\/www.youtube.com\/channel\/UC_FBzWPmKWE0g7fcR4Xdfuw\/\"]}]}<\/script>\n<!-- \/ Yoast SEO plugin. -->","yoast_head_json":{"title":"Chaleco reflectante &#183; leg&amp;go","description":"Chaleco reflectante para ni\u00f1os en edad preescolar, ajustable e impermeable. Hecho a mano en Europa para mayor visibilidad y seguridad diaria.","robots":{"index":"index","follow":"follow","max-snippet":"max-snippet:-1","max-image-preview":"max-image-preview:large","max-video-preview":"max-video-preview:-1"},"canonical":"https:\/\/legandgo.com\/es\/shop\/accesorios\/reflective-vest\/","og_locale":"es_ES","og_type":"article","og_title":"Chaleco reflectante &#183; leg&amp;go","og_description":"Chaleco reflectante para ni\u00f1os en edad preescolar, ajustable e impermeable. Hecho a mano en Europa para mayor visibilidad y seguridad diaria.","og_url":"https:\/\/legandgo.com\/es\/shop\/accesorios\/reflective-vest\/","og_site_name":"leg&amp;go","article_publisher":"https:\/\/www.facebook.com\/legandgo","article_modified_time":"2026-02-20T09:21:41+00:00","og_image":[{"width":720,"height":480,"url":"https:\/\/legandgo.com\/wp-content\/uploads\/2021\/08\/legandgo-leggo-vest-weste-7.jpg","type":"image\/jpeg"}],"twitter_card":"summary_large_image","schema":{"@context":"https:\/\/schema.org","@graph":[{"@type":"WebPage","@id":"https:\/\/legandgo.com\/es\/shop\/accesorios\/reflective-vest\/","url":"https:\/\/legandgo.com\/es\/shop\/accesorios\/reflective-vest\/","name":"Chaleco reflectante &#183; leg&amp;go","isPartOf":{"@id":"https:\/\/legandgo.com\/es\/#website"},"primaryImageOfPage":{"@id":"https:\/\/legandgo.com\/es\/shop\/accesorios\/reflective-vest\/#primaryimage"},"image":{"@id":"https:\/\/legandgo.com\/es\/shop\/accesorios\/reflective-vest\/#primaryimage"},"thumbnailUrl":"https:\/\/legandgo.com\/wp-content\/uploads\/2021\/08\/legandgo-leggo-vest-weste-7.jpg","datePublished":"2021-08-26T09:31:03+00:00","dateModified":"2026-02-20T09:21:41+00:00","description":"Chaleco reflectante para ni\u00f1os en edad preescolar, ajustable e impermeable. Hecho a mano en Europa para mayor visibilidad y seguridad diaria.","breadcrumb":{"@id":"https:\/\/legandgo.com\/es\/shop\/accesorios\/reflective-vest\/#breadcrumb"},"inLanguage":"es","potentialAction":[{"@type":"ReadAction","target":["https:\/\/legandgo.com\/es\/shop\/accesorios\/reflective-vest\/"]}]},{"@type":"ImageObject","inLanguage":"es","@id":"https:\/\/legandgo.com\/es\/shop\/accesorios\/reflective-vest\/#primaryimage","url":"https:\/\/legandgo.com\/wp-content\/uploads\/2021\/08\/legandgo-leggo-vest-weste-7.jpg","contentUrl":"https:\/\/legandgo.com\/wp-content\/uploads\/2021\/08\/legandgo-leggo-vest-weste-7.jpg","width":720,"height":480},{"@type":"BreadcrumbList","@id":"https:\/\/legandgo.com\/es\/shop\/accesorios\/reflective-vest\/#breadcrumb","itemListElement":[{"@type":"ListItem","position":1,"name":"Home","item":"https:\/\/legandgo.com\/es\/"},{"@type":"ListItem","position":2,"name":"Tienda","item":"https:\/\/legandgo.com\/es\/shop\/"},{"@type":"ListItem","position":3,"name":"Chaleco reflectante"}]},{"@type":"WebSite","@id":"https:\/\/legandgo.com\/es\/#website","url":"https:\/\/legandgo.com\/es\/","name":"leg&amp;go","description":"","publisher":{"@id":"https:\/\/legandgo.com\/es\/#organization"},"potentialAction":[{"@type":"SearchAction","target":{"@type":"EntryPoint","urlTemplate":"https:\/\/legandgo.com\/es\/?s={search_term_string}"},"query-input":{"@type":"PropertyValueSpecification","valueRequired":true,"valueName":"search_term_string"}}],"inLanguage":"es"},{"@type":"Organization","@id":"https:\/\/legandgo.com\/es\/#organization","name":"leg&go bike","url":"https:\/\/legandgo.com\/es\/","logo":{"@type":"ImageObject","inLanguage":"es","@id":"https:\/\/legandgo.com\/es\/#\/schema\/logo\/image\/","url":"https:\/\/legandgo.com\/wp-content\/uploads\/2021\/03\/logorf.png","contentUrl":"https:\/\/legandgo.com\/wp-content\/uploads\/2021\/03\/logorf.png","width":675,"height":216,"caption":"leg&go bike"},"image":{"@id":"https:\/\/legandgo.com\/es\/#\/schema\/logo\/image\/"},"sameAs":["https:\/\/www.facebook.com\/legandgo","https:\/\/www.instagram.com\/legandgo\/","https:\/\/www.linkedin.com\/company\/legandgo\/","https:\/\/www.pinterest.com\/legandgo\/","https:\/\/www.youtube.com\/channel\/UC_FBzWPmKWE0g7fcR4Xdfuw\/"]}]}},"_links":{"self":[{"href":"https:\/\/legandgo.com\/es\/wp-json\/wp\/v2\/product\/52754","targetHints":{"allow":["GET"]}}],"collection":[{"href":"https:\/\/legandgo.com\/es\/wp-json\/wp\/v2\/product"}],"about":[{"href":"https:\/\/legandgo.com\/es\/wp-json\/wp\/v2\/types\/product"}],"replies":[{"embeddable":true,"href":"https:\/\/legandgo.com\/es\/wp-json\/wp\/v2\/comments?post=52754"}],"version-history":[{"count":0,"href":"https:\/\/legandgo.com\/es\/wp-json\/wp\/v2\/product\/52754\/revisions"}],"wp:featuredmedia":[{"embeddable":true,"href":"https:\/\/legandgo.com\/es\/wp-json\/wp\/v2\/media\/3902"}],"wp:attachment":[{"href":"https:\/\/legandgo.com\/es\/wp-json\/wp\/v2\/media?parent=52754"}],"wp:term":[{"taxonomy":"product_brand","embeddable":true,"href":"https:\/\/legandgo.com\/es\/wp-json\/wp\/v2\/product_brand?post=52754"},{"taxonomy":"product_cat","embeddable":true,"href":"https:\/\/legandgo.com\/es\/wp-json\/wp\/v2\/product_cat?post=52754"},{"taxonomy":"product_tag","embeddable":true,"href":"https:\/\/legandgo.com\/es\/wp-json\/wp\/v2\/product_tag?post=52754"}],"curies":[{"name":"wp","href":"https:\/\/api.w.org\/{rel}","templated":true}]}}