{"id":52822,"date":"2026-02-20T09:48:33","date_gmt":"2026-02-20T07:48:33","guid":{"rendered":"https:\/\/legandgo.com\/shop\/sin%20categor\u00eda\/piscina-de-bolas-con-500-pelotas-conjunto-completo\/"},"modified":"2026-02-20T12:19:29","modified_gmt":"2026-02-20T10:19:29","slug":"piscina-de-bolas-con-500-pelotas-conjunto-completo","status":"publish","type":"product","link":"https:\/\/legandgo.com\/es\/shop\/bloques-blandos\/piscina-de-bolas-con-500-pelotas-conjunto-completo\/","title":{"rendered":"Piscina de Bolas en Espuma con 500 Pelotas &#8211; Conjunto Completo"},"content":{"rendered":"<p>Piscina de bolas para ni\u00f1os que estimula los sentidos del tacto, la vista y la percepci\u00f3n corporal de su hijo, favoreciendo el desarrollo sensorial.<\/p>\n<p>Dise\u00f1ada para contener 500 bolas que rebotan, ofrece la m\u00e1xima diversi\u00f3n a beb\u00e9s, ni\u00f1os peque\u00f1os y ni\u00f1os mayores.<\/p>\n<p>Fabricada para ni\u00f1os a partir de 1 a\u00f1o, la piscina de bolas tiene los laterales poco profundos para que su beb\u00e9 pueda meterse en ella sin ayuda<strong>.<\/p>\n<p>Explora m\u00e1s abaj<\/strong>o.<\/p>\n","protected":false},"excerpt":{"rendered":"<p>Piscina de bolas para ni\u00f1os que estimula los sentidos del tacto, la vista y la percepci\u00f3n corporal de su hijo, favoreciendo el desarrollo sensorial. Dise\u00f1ada para contener 500 bolas que rebotan, ofrece la m\u00e1xima diversi\u00f3n a beb\u00e9s, ni\u00f1os peque\u00f1os y ni\u00f1os mayores. Fabricada para ni\u00f1os a partir de 1 a\u00f1o, la piscina de bolas tiene<a class=\"excerpt-read-more\" href=\"https:\/\/legandgo.com\/es\/shop\/bloques-blandos\/piscina-de-bolas-con-500-pelotas-conjunto-completo\/\" title=\"ReadPiscina de Bolas en Espuma con 500 Pelotas &#8211; Conjunto Completo\">&#8230; Read more &raquo;<\/a><\/p>\n","protected":false},"featured_media":52738,"comment_status":"closed","ping_status":"closed","template":"","meta":{"_acf_changed":false,"inline_featured_image":false,"footnotes":""},"product_brand":[],"product_cat":[1016,1321],"product_tag":[],"class_list":{"0":"post-52822","1":"product","2":"type-product","3":"status-publish","4":"has-post-thumbnail","6":"product_cat-bloques-blandos","7":"product_cat-categoria-de-juguete","8":"product_shipping_class-soft-blocks-es","10":"first","11":"instock","12":"purchasable","13":"product-type-woosb"},"bundled_by":[],"bundle_stock_status":"instock","bundle_stock_quantity":null,"bundle_virtual":false,"bundle_layout":"","bundle_add_to_cart_form_location":"","bundle_editable_in_cart":false,"bundle_sold_individually_context":"","bundle_item_grouping":"","bundle_min_size":"","bundle_max_size":"","bundle_price":[],"bundled_items":[],"bundle_sell_ids":[],"acf":[],"yoast_head":"<!-- This site is optimized with the Yoast SEO plugin v25.9 - https:\/\/yoast.com\/wordpress\/plugins\/seo\/ -->\n<title>Piscina de Bolas en Espuma con 500 Pelotas - Conjunto Completo<\/title>\n<meta name=\"description\" content=\"Piscina de bolas en espuma con 500 pelotas. Set completo para un espacio de juego interior seguro y estimulante.\" \/>\n<meta name=\"robots\" content=\"index, follow, max-snippet:-1, max-image-preview:large, max-video-preview:-1\" \/>\n<link rel=\"canonical\" href=\"https:\/\/legandgo.com\/es\/shop\/bloques-blandos\/piscina-de-bolas-con-500-pelotas-conjunto-completo\/\" \/>\n<meta property=\"og:locale\" content=\"es_ES\" \/>\n<meta property=\"og:type\" content=\"article\" \/>\n<meta property=\"og:title\" content=\"Piscina de Bolas en Espuma con 500 Pelotas - Conjunto Completo\" \/>\n<meta property=\"og:description\" content=\"Piscina de bolas en espuma con 500 pelotas. Set completo para un espacio de juego interior seguro y estimulante.\" \/>\n<meta property=\"og:url\" content=\"https:\/\/legandgo.com\/es\/shop\/bloques-blandos\/piscina-de-bolas-con-500-pelotas-conjunto-completo\/\" \/>\n<meta property=\"og:site_name\" content=\"leg&amp;go\" \/>\n<meta property=\"article:publisher\" content=\"https:\/\/www.facebook.com\/legandgo\" \/>\n<meta property=\"article:modified_time\" content=\"2026-02-20T10:19:29+00:00\" \/>\n<meta property=\"og:image\" content=\"https:\/\/legandgo.com\/wp-content\/uploads\/2026\/02\/white-ball-pit-with-balls.webp\" \/>\n\t<meta property=\"og:image:width\" content=\"1024\" \/>\n\t<meta property=\"og:image:height\" content=\"1024\" \/>\n\t<meta property=\"og:image:type\" content=\"image\/webp\" \/>\n<meta name=\"twitter:card\" content=\"summary_large_image\" \/>\n<script type=\"application\/ld+json\" class=\"yoast-schema-graph\">{\"@context\":\"https:\/\/schema.org\",\"@graph\":[{\"@type\":\"WebPage\",\"@id\":\"https:\/\/legandgo.com\/es\/shop\/bloques-blandos\/piscina-de-bolas-con-500-pelotas-conjunto-completo\/\",\"url\":\"https:\/\/legandgo.com\/es\/shop\/bloques-blandos\/piscina-de-bolas-con-500-pelotas-conjunto-completo\/\",\"name\":\"Piscina de Bolas en Espuma con 500 Pelotas - Conjunto Completo\",\"isPartOf\":{\"@id\":\"https:\/\/legandgo.com\/es\/#website\"},\"primaryImageOfPage\":{\"@id\":\"https:\/\/legandgo.com\/es\/shop\/bloques-blandos\/piscina-de-bolas-con-500-pelotas-conjunto-completo\/#primaryimage\"},\"image\":{\"@id\":\"https:\/\/legandgo.com\/es\/shop\/bloques-blandos\/piscina-de-bolas-con-500-pelotas-conjunto-completo\/#primaryimage\"},\"thumbnailUrl\":\"https:\/\/legandgo.com\/wp-content\/uploads\/2026\/02\/white-ball-pit-with-balls.webp\",\"datePublished\":\"2026-02-20T07:48:33+00:00\",\"dateModified\":\"2026-02-20T10:19:29+00:00\",\"description\":\"Piscina de bolas en espuma con 500 pelotas. Set completo para un espacio de juego interior seguro y estimulante.\",\"breadcrumb\":{\"@id\":\"https:\/\/legandgo.com\/es\/shop\/bloques-blandos\/piscina-de-bolas-con-500-pelotas-conjunto-completo\/#breadcrumb\"},\"inLanguage\":\"es\",\"potentialAction\":[{\"@type\":\"ReadAction\",\"target\":[\"https:\/\/legandgo.com\/es\/shop\/bloques-blandos\/piscina-de-bolas-con-500-pelotas-conjunto-completo\/\"]}]},{\"@type\":\"ImageObject\",\"inLanguage\":\"es\",\"@id\":\"https:\/\/legandgo.com\/es\/shop\/bloques-blandos\/piscina-de-bolas-con-500-pelotas-conjunto-completo\/#primaryimage\",\"url\":\"https:\/\/legandgo.com\/wp-content\/uploads\/2026\/02\/white-ball-pit-with-balls.webp\",\"contentUrl\":\"https:\/\/legandgo.com\/wp-content\/uploads\/2026\/02\/white-ball-pit-with-balls.webp\",\"width\":1024,\"height\":1024,\"caption\":\"Piscina de bolas en espuma con 500 pelotas incluidas\"},{\"@type\":\"BreadcrumbList\",\"@id\":\"https:\/\/legandgo.com\/es\/shop\/bloques-blandos\/piscina-de-bolas-con-500-pelotas-conjunto-completo\/#breadcrumb\",\"itemListElement\":[{\"@type\":\"ListItem\",\"position\":1,\"name\":\"Home\",\"item\":\"https:\/\/legandgo.com\/es\/\"},{\"@type\":\"ListItem\",\"position\":2,\"name\":\"Tienda\",\"item\":\"https:\/\/legandgo.com\/es\/shop\/\"},{\"@type\":\"ListItem\",\"position\":3,\"name\":\"Piscina de Bolas en Espuma con 500 Pelotas &#8211; Conjunto Completo\"}]},{\"@type\":\"WebSite\",\"@id\":\"https:\/\/legandgo.com\/es\/#website\",\"url\":\"https:\/\/legandgo.com\/es\/\",\"name\":\"leg&amp;go\",\"description\":\"\",\"publisher\":{\"@id\":\"https:\/\/legandgo.com\/es\/#organization\"},\"potentialAction\":[{\"@type\":\"SearchAction\",\"target\":{\"@type\":\"EntryPoint\",\"urlTemplate\":\"https:\/\/legandgo.com\/es\/?s={search_term_string}\"},\"query-input\":{\"@type\":\"PropertyValueSpecification\",\"valueRequired\":true,\"valueName\":\"search_term_string\"}}],\"inLanguage\":\"es\"},{\"@type\":\"Organization\",\"@id\":\"https:\/\/legandgo.com\/es\/#organization\",\"name\":\"leg&go bike\",\"url\":\"https:\/\/legandgo.com\/es\/\",\"logo\":{\"@type\":\"ImageObject\",\"inLanguage\":\"es\",\"@id\":\"https:\/\/legandgo.com\/es\/#\/schema\/logo\/image\/\",\"url\":\"https:\/\/legandgo.com\/wp-content\/uploads\/2021\/03\/logorf.png\",\"contentUrl\":\"https:\/\/legandgo.com\/wp-content\/uploads\/2021\/03\/logorf.png\",\"width\":675,\"height\":216,\"caption\":\"leg&go bike\"},\"image\":{\"@id\":\"https:\/\/legandgo.com\/es\/#\/schema\/logo\/image\/\"},\"sameAs\":[\"https:\/\/www.facebook.com\/legandgo\",\"https:\/\/www.instagram.com\/legandgo\/\",\"https:\/\/www.linkedin.com\/company\/legandgo\/\",\"https:\/\/www.pinterest.com\/legandgo\/\",\"https:\/\/www.youtube.com\/channel\/UC_FBzWPmKWE0g7fcR4Xdfuw\/\"]}]}<\/script>\n<!-- \/ Yoast SEO plugin. -->","yoast_head_json":{"title":"Piscina de Bolas en Espuma con 500 Pelotas - Conjunto Completo","description":"Piscina de bolas en espuma con 500 pelotas. Set completo para un espacio de juego interior seguro y estimulante.","robots":{"index":"index","follow":"follow","max-snippet":"max-snippet:-1","max-image-preview":"max-image-preview:large","max-video-preview":"max-video-preview:-1"},"canonical":"https:\/\/legandgo.com\/es\/shop\/bloques-blandos\/piscina-de-bolas-con-500-pelotas-conjunto-completo\/","og_locale":"es_ES","og_type":"article","og_title":"Piscina de Bolas en Espuma con 500 Pelotas - Conjunto Completo","og_description":"Piscina de bolas en espuma con 500 pelotas. Set completo para un espacio de juego interior seguro y estimulante.","og_url":"https:\/\/legandgo.com\/es\/shop\/bloques-blandos\/piscina-de-bolas-con-500-pelotas-conjunto-completo\/","og_site_name":"leg&amp;go","article_publisher":"https:\/\/www.facebook.com\/legandgo","article_modified_time":"2026-02-20T10:19:29+00:00","og_image":[{"width":1024,"height":1024,"url":"https:\/\/legandgo.com\/wp-content\/uploads\/2026\/02\/white-ball-pit-with-balls.webp","type":"image\/webp"}],"twitter_card":"summary_large_image","schema":{"@context":"https:\/\/schema.org","@graph":[{"@type":"WebPage","@id":"https:\/\/legandgo.com\/es\/shop\/bloques-blandos\/piscina-de-bolas-con-500-pelotas-conjunto-completo\/","url":"https:\/\/legandgo.com\/es\/shop\/bloques-blandos\/piscina-de-bolas-con-500-pelotas-conjunto-completo\/","name":"Piscina de Bolas en Espuma con 500 Pelotas - Conjunto Completo","isPartOf":{"@id":"https:\/\/legandgo.com\/es\/#website"},"primaryImageOfPage":{"@id":"https:\/\/legandgo.com\/es\/shop\/bloques-blandos\/piscina-de-bolas-con-500-pelotas-conjunto-completo\/#primaryimage"},"image":{"@id":"https:\/\/legandgo.com\/es\/shop\/bloques-blandos\/piscina-de-bolas-con-500-pelotas-conjunto-completo\/#primaryimage"},"thumbnailUrl":"https:\/\/legandgo.com\/wp-content\/uploads\/2026\/02\/white-ball-pit-with-balls.webp","datePublished":"2026-02-20T07:48:33+00:00","dateModified":"2026-02-20T10:19:29+00:00","description":"Piscina de bolas en espuma con 500 pelotas. Set completo para un espacio de juego interior seguro y estimulante.","breadcrumb":{"@id":"https:\/\/legandgo.com\/es\/shop\/bloques-blandos\/piscina-de-bolas-con-500-pelotas-conjunto-completo\/#breadcrumb"},"inLanguage":"es","potentialAction":[{"@type":"ReadAction","target":["https:\/\/legandgo.com\/es\/shop\/bloques-blandos\/piscina-de-bolas-con-500-pelotas-conjunto-completo\/"]}]},{"@type":"ImageObject","inLanguage":"es","@id":"https:\/\/legandgo.com\/es\/shop\/bloques-blandos\/piscina-de-bolas-con-500-pelotas-conjunto-completo\/#primaryimage","url":"https:\/\/legandgo.com\/wp-content\/uploads\/2026\/02\/white-ball-pit-with-balls.webp","contentUrl":"https:\/\/legandgo.com\/wp-content\/uploads\/2026\/02\/white-ball-pit-with-balls.webp","width":1024,"height":1024,"caption":"Piscina de bolas en espuma con 500 pelotas incluidas"},{"@type":"BreadcrumbList","@id":"https:\/\/legandgo.com\/es\/shop\/bloques-blandos\/piscina-de-bolas-con-500-pelotas-conjunto-completo\/#breadcrumb","itemListElement":[{"@type":"ListItem","position":1,"name":"Home","item":"https:\/\/legandgo.com\/es\/"},{"@type":"ListItem","position":2,"name":"Tienda","item":"https:\/\/legandgo.com\/es\/shop\/"},{"@type":"ListItem","position":3,"name":"Piscina de Bolas en Espuma con 500 Pelotas &#8211; Conjunto Completo"}]},{"@type":"WebSite","@id":"https:\/\/legandgo.com\/es\/#website","url":"https:\/\/legandgo.com\/es\/","name":"leg&amp;go","description":"","publisher":{"@id":"https:\/\/legandgo.com\/es\/#organization"},"potentialAction":[{"@type":"SearchAction","target":{"@type":"EntryPoint","urlTemplate":"https:\/\/legandgo.com\/es\/?s={search_term_string}"},"query-input":{"@type":"PropertyValueSpecification","valueRequired":true,"valueName":"search_term_string"}}],"inLanguage":"es"},{"@type":"Organization","@id":"https:\/\/legandgo.com\/es\/#organization","name":"leg&go bike","url":"https:\/\/legandgo.com\/es\/","logo":{"@type":"ImageObject","inLanguage":"es","@id":"https:\/\/legandgo.com\/es\/#\/schema\/logo\/image\/","url":"https:\/\/legandgo.com\/wp-content\/uploads\/2021\/03\/logorf.png","contentUrl":"https:\/\/legandgo.com\/wp-content\/uploads\/2021\/03\/logorf.png","width":675,"height":216,"caption":"leg&go bike"},"image":{"@id":"https:\/\/legandgo.com\/es\/#\/schema\/logo\/image\/"},"sameAs":["https:\/\/www.facebook.com\/legandgo","https:\/\/www.instagram.com\/legandgo\/","https:\/\/www.linkedin.com\/company\/legandgo\/","https:\/\/www.pinterest.com\/legandgo\/","https:\/\/www.youtube.com\/channel\/UC_FBzWPmKWE0g7fcR4Xdfuw\/"]}]}},"_links":{"self":[{"href":"https:\/\/legandgo.com\/es\/wp-json\/wp\/v2\/product\/52822","targetHints":{"allow":["GET"]}}],"collection":[{"href":"https:\/\/legandgo.com\/es\/wp-json\/wp\/v2\/product"}],"about":[{"href":"https:\/\/legandgo.com\/es\/wp-json\/wp\/v2\/types\/product"}],"replies":[{"embeddable":true,"href":"https:\/\/legandgo.com\/es\/wp-json\/wp\/v2\/comments?post=52822"}],"version-history":[{"count":2,"href":"https:\/\/legandgo.com\/es\/wp-json\/wp\/v2\/product\/52822\/revisions"}],"predecessor-version":[{"id":52827,"href":"https:\/\/legandgo.com\/es\/wp-json\/wp\/v2\/product\/52822\/revisions\/52827"}],"wp:featuredmedia":[{"embeddable":true,"href":"https:\/\/legandgo.com\/es\/wp-json\/wp\/v2\/media\/52738"}],"wp:attachment":[{"href":"https:\/\/legandgo.com\/es\/wp-json\/wp\/v2\/media?parent=52822"}],"wp:term":[{"taxonomy":"product_brand","embeddable":true,"href":"https:\/\/legandgo.com\/es\/wp-json\/wp\/v2\/product_brand?post=52822"},{"taxonomy":"product_cat","embeddable":true,"href":"https:\/\/legandgo.com\/es\/wp-json\/wp\/v2\/product_cat?post=52822"},{"taxonomy":"product_tag","embeddable":true,"href":"https:\/\/legandgo.com\/es\/wp-json\/wp\/v2\/product_tag?post=52822"}],"curies":[{"name":"wp","href":"https:\/\/api.w.org\/{rel}","templated":true}]}}