{"id":52956,"date":"2025-04-04T11:12:18","date_gmt":"2025-04-04T09:12:18","guid":{"rendered":"https:\/\/legandgo.com\/shop\/sin%20categor\u00eda\/cojin-oso\/"},"modified":"2026-02-20T19:50:26","modified_gmt":"2026-02-20T17:50:26","slug":"cojin-oso","status":"publish","type":"product","link":"https:\/\/legandgo.com\/es\/shop\/mobiliario-infantil\/cojin-oso\/","title":{"rendered":"Coj\u00edn Oso"},"content":{"rendered":"<p style=\"font-weight: 400;\">El Coj\u00edn Oso Wigiwama es una encantadora pieza decorativa dise\u00f1ada para aportar calidez y personalidad a la habitaci\u00f3n o zona de juegos infantil. Ligero, abrazable y f\u00e1cil de transportar, se mueve all\u00ed donde se necesite comodidad \u2014 desde la cama hasta el rinc\u00f3n de lectura o el sof\u00e1 de juego. <\/p>\n<p style=\"font-weight: 400;\">Su suave textura de tejido teddy, su dulce forma de oso y su relleno no alerg\u00e9nico lo convierten en el complemento perfecto tanto para la decoraci\u00f3n como para los abrazos diarios.<\/p>\n<p style=\"font-weight: 400;\"><strong>Explora m\u00e1s abajo.<\/strong><\/p>\n","protected":false},"excerpt":{"rendered":"<p>El Coj\u00edn Oso Wigiwama es una encantadora pieza decorativa dise\u00f1ada para aportar calidez y personalidad a la habitaci\u00f3n o zona de juegos infantil. Ligero, abrazable y f\u00e1cil de transportar, se mueve all\u00ed donde se necesite comodidad \u2014 desde la cama hasta el rinc\u00f3n de lectura o el sof\u00e1 de juego. Su suave textura de tejido<a class=\"excerpt-read-more\" href=\"https:\/\/legandgo.com\/es\/shop\/mobiliario-infantil\/cojin-oso\/\" title=\"ReadCoj\u00edn Oso\">&#8230; Read more &raquo;<\/a><\/p>\n","protected":false},"featured_media":37251,"comment_status":"closed","ping_status":"closed","template":"","meta":{"_acf_changed":false,"inline_featured_image":false,"footnotes":""},"product_brand":[],"product_cat":[1015,1317],"product_tag":[1543,1544,1541,1484,1540,1539,1535,1536,1534,1538,1537,1542,1483],"class_list":{"0":"post-52956","1":"product","2":"type-product","3":"status-publish","4":"has-post-thumbnail","6":"product_cat-mobiliario-infantil","7":"product_cat-muebles","8":"product_tag-bear-pillow-kids","9":"product_tag-bear-shaped-cushion","10":"product_tag-childrens-floor-pillows","11":"product_tag-childrens-seating","12":"product_tag-childrens-throw-pillows","13":"product_tag-kids-accent-cushions","14":"product_tag-kids-bear-pillow","15":"product_tag-kids-bear-plush-pillow","16":"product_tag-kids-cushion-bear","17":"product_tag-kids-decorative-cushions","18":"product_tag-kids-pillows","19":"product_tag-kids-plush-cushions","20":"product_tag-soft-play-furniture","21":"product_shipping_class-beanbags-cushions-shipping-es","22":"pa_color-arce","23":"pa_color-crema-blanco","24":"pa_color-galleta","25":"pa_color-guayaba-hielo","26":"pa_color-matcha","28":"first","29":"instock","30":"purchasable","31":"product-type-variable"},"bundled_by":[],"bundle_stock_status":"instock","bundle_stock_quantity":null,"bundle_virtual":false,"bundle_layout":"","bundle_add_to_cart_form_location":"","bundle_editable_in_cart":false,"bundle_sold_individually_context":"","bundle_item_grouping":"","bundle_min_size":"","bundle_max_size":"","bundle_price":[],"bundled_items":[],"bundle_sell_ids":[],"acf":[],"yoast_head":"<!-- This site is optimized with the Yoast SEO plugin v25.9 - https:\/\/yoast.com\/wordpress\/plugins\/seo\/ -->\n<title>Coj\u00edn Oso &#183; leg&amp;go<\/title>\n<meta name=\"description\" content=\"Puff Oso para ni\u00f1os en suave tejido teddy. Ligero, c\u00f3modo y con certificaci\u00f3n OEKO TEX. Perfecto para leer, jugar y relajarse en el dormitorio infantil.\" \/>\n<meta name=\"robots\" content=\"index, follow, max-snippet:-1, max-image-preview:large, max-video-preview:-1\" \/>\n<link rel=\"canonical\" href=\"https:\/\/legandgo.com\/es\/shop\/mobiliario-infantil\/cojin-oso\/\" \/>\n<meta property=\"og:locale\" content=\"es_ES\" \/>\n<meta property=\"og:type\" content=\"article\" \/>\n<meta property=\"og:title\" content=\"Coj\u00edn Oso &#183; leg&amp;go\" \/>\n<meta property=\"og:description\" content=\"Puff Oso para ni\u00f1os en suave tejido teddy. Ligero, c\u00f3modo y con certificaci\u00f3n OEKO TEX. Perfecto para leer, jugar y relajarse en el dormitorio infantil.\" \/>\n<meta property=\"og:url\" content=\"https:\/\/legandgo.com\/es\/shop\/mobiliario-infantil\/cojin-oso\/\" \/>\n<meta property=\"og:site_name\" content=\"leg&amp;go\" \/>\n<meta property=\"article:publisher\" content=\"https:\/\/www.facebook.com\/legandgo\" \/>\n<meta property=\"article:modified_time\" content=\"2026-02-20T17:50:26+00:00\" \/>\n<meta property=\"og:image\" content=\"https:\/\/legandgo.com\/wp-content\/uploads\/2025\/03\/matcha-bear-cushion.jpg\" \/>\n\t<meta property=\"og:image:width\" content=\"250\" \/>\n\t<meta property=\"og:image:height\" content=\"250\" \/>\n\t<meta property=\"og:image:type\" content=\"image\/jpeg\" \/>\n<meta name=\"twitter:card\" content=\"summary_large_image\" \/>\n<script type=\"application\/ld+json\" class=\"yoast-schema-graph\">{\"@context\":\"https:\/\/schema.org\",\"@graph\":[{\"@type\":\"WebPage\",\"@id\":\"https:\/\/legandgo.com\/es\/shop\/mobiliario-infantil\/cojin-oso\/\",\"url\":\"https:\/\/legandgo.com\/es\/shop\/mobiliario-infantil\/cojin-oso\/\",\"name\":\"Coj\u00edn Oso &#183; leg&amp;go\",\"isPartOf\":{\"@id\":\"https:\/\/legandgo.com\/es\/#website\"},\"primaryImageOfPage\":{\"@id\":\"https:\/\/legandgo.com\/es\/shop\/mobiliario-infantil\/cojin-oso\/#primaryimage\"},\"image\":{\"@id\":\"https:\/\/legandgo.com\/es\/shop\/mobiliario-infantil\/cojin-oso\/#primaryimage\"},\"thumbnailUrl\":\"https:\/\/legandgo.com\/wp-content\/uploads\/2025\/03\/matcha-bear-cushion.jpg\",\"datePublished\":\"2025-04-04T09:12:18+00:00\",\"dateModified\":\"2026-02-20T17:50:26+00:00\",\"description\":\"Puff Oso para ni\u00f1os en suave tejido teddy. Ligero, c\u00f3modo y con certificaci\u00f3n OEKO TEX. Perfecto para leer, jugar y relajarse en el dormitorio infantil.\",\"breadcrumb\":{\"@id\":\"https:\/\/legandgo.com\/es\/shop\/mobiliario-infantil\/cojin-oso\/#breadcrumb\"},\"inLanguage\":\"es\",\"potentialAction\":[{\"@type\":\"ReadAction\",\"target\":[\"https:\/\/legandgo.com\/es\/shop\/mobiliario-infantil\/cojin-oso\/\"]}]},{\"@type\":\"ImageObject\",\"inLanguage\":\"es\",\"@id\":\"https:\/\/legandgo.com\/es\/shop\/mobiliario-infantil\/cojin-oso\/#primaryimage\",\"url\":\"https:\/\/legandgo.com\/wp-content\/uploads\/2025\/03\/matcha-bear-cushion.jpg\",\"contentUrl\":\"https:\/\/legandgo.com\/wp-content\/uploads\/2025\/03\/matcha-bear-cushion.jpg\",\"width\":250,\"height\":250,\"caption\":\"Kids cushion\"},{\"@type\":\"BreadcrumbList\",\"@id\":\"https:\/\/legandgo.com\/es\/shop\/mobiliario-infantil\/cojin-oso\/#breadcrumb\",\"itemListElement\":[{\"@type\":\"ListItem\",\"position\":1,\"name\":\"Home\",\"item\":\"https:\/\/legandgo.com\/es\/\"},{\"@type\":\"ListItem\",\"position\":2,\"name\":\"Tienda\",\"item\":\"https:\/\/legandgo.com\/es\/shop\/\"},{\"@type\":\"ListItem\",\"position\":3,\"name\":\"Coj\u00edn Oso\"}]},{\"@type\":\"WebSite\",\"@id\":\"https:\/\/legandgo.com\/es\/#website\",\"url\":\"https:\/\/legandgo.com\/es\/\",\"name\":\"leg&amp;go\",\"description\":\"\",\"publisher\":{\"@id\":\"https:\/\/legandgo.com\/es\/#organization\"},\"potentialAction\":[{\"@type\":\"SearchAction\",\"target\":{\"@type\":\"EntryPoint\",\"urlTemplate\":\"https:\/\/legandgo.com\/es\/?s={search_term_string}\"},\"query-input\":{\"@type\":\"PropertyValueSpecification\",\"valueRequired\":true,\"valueName\":\"search_term_string\"}}],\"inLanguage\":\"es\"},{\"@type\":\"Organization\",\"@id\":\"https:\/\/legandgo.com\/es\/#organization\",\"name\":\"leg&go bike\",\"url\":\"https:\/\/legandgo.com\/es\/\",\"logo\":{\"@type\":\"ImageObject\",\"inLanguage\":\"es\",\"@id\":\"https:\/\/legandgo.com\/es\/#\/schema\/logo\/image\/\",\"url\":\"https:\/\/legandgo.com\/wp-content\/uploads\/2021\/03\/logorf.png\",\"contentUrl\":\"https:\/\/legandgo.com\/wp-content\/uploads\/2021\/03\/logorf.png\",\"width\":675,\"height\":216,\"caption\":\"leg&go bike\"},\"image\":{\"@id\":\"https:\/\/legandgo.com\/es\/#\/schema\/logo\/image\/\"},\"sameAs\":[\"https:\/\/www.facebook.com\/legandgo\",\"https:\/\/www.instagram.com\/legandgo\/\",\"https:\/\/www.linkedin.com\/company\/legandgo\/\",\"https:\/\/www.pinterest.com\/legandgo\/\",\"https:\/\/www.youtube.com\/channel\/UC_FBzWPmKWE0g7fcR4Xdfuw\/\"]}]}<\/script>\n<!-- \/ Yoast SEO plugin. -->","yoast_head_json":{"title":"Coj\u00edn Oso &#183; leg&amp;go","description":"Puff Oso para ni\u00f1os en suave tejido teddy. Ligero, c\u00f3modo y con certificaci\u00f3n OEKO TEX. Perfecto para leer, jugar y relajarse en el dormitorio infantil.","robots":{"index":"index","follow":"follow","max-snippet":"max-snippet:-1","max-image-preview":"max-image-preview:large","max-video-preview":"max-video-preview:-1"},"canonical":"https:\/\/legandgo.com\/es\/shop\/mobiliario-infantil\/cojin-oso\/","og_locale":"es_ES","og_type":"article","og_title":"Coj\u00edn Oso &#183; leg&amp;go","og_description":"Puff Oso para ni\u00f1os en suave tejido teddy. Ligero, c\u00f3modo y con certificaci\u00f3n OEKO TEX. Perfecto para leer, jugar y relajarse en el dormitorio infantil.","og_url":"https:\/\/legandgo.com\/es\/shop\/mobiliario-infantil\/cojin-oso\/","og_site_name":"leg&amp;go","article_publisher":"https:\/\/www.facebook.com\/legandgo","article_modified_time":"2026-02-20T17:50:26+00:00","og_image":[{"width":250,"height":250,"url":"https:\/\/legandgo.com\/wp-content\/uploads\/2025\/03\/matcha-bear-cushion.jpg","type":"image\/jpeg"}],"twitter_card":"summary_large_image","schema":{"@context":"https:\/\/schema.org","@graph":[{"@type":"WebPage","@id":"https:\/\/legandgo.com\/es\/shop\/mobiliario-infantil\/cojin-oso\/","url":"https:\/\/legandgo.com\/es\/shop\/mobiliario-infantil\/cojin-oso\/","name":"Coj\u00edn Oso &#183; leg&amp;go","isPartOf":{"@id":"https:\/\/legandgo.com\/es\/#website"},"primaryImageOfPage":{"@id":"https:\/\/legandgo.com\/es\/shop\/mobiliario-infantil\/cojin-oso\/#primaryimage"},"image":{"@id":"https:\/\/legandgo.com\/es\/shop\/mobiliario-infantil\/cojin-oso\/#primaryimage"},"thumbnailUrl":"https:\/\/legandgo.com\/wp-content\/uploads\/2025\/03\/matcha-bear-cushion.jpg","datePublished":"2025-04-04T09:12:18+00:00","dateModified":"2026-02-20T17:50:26+00:00","description":"Puff Oso para ni\u00f1os en suave tejido teddy. Ligero, c\u00f3modo y con certificaci\u00f3n OEKO TEX. Perfecto para leer, jugar y relajarse en el dormitorio infantil.","breadcrumb":{"@id":"https:\/\/legandgo.com\/es\/shop\/mobiliario-infantil\/cojin-oso\/#breadcrumb"},"inLanguage":"es","potentialAction":[{"@type":"ReadAction","target":["https:\/\/legandgo.com\/es\/shop\/mobiliario-infantil\/cojin-oso\/"]}]},{"@type":"ImageObject","inLanguage":"es","@id":"https:\/\/legandgo.com\/es\/shop\/mobiliario-infantil\/cojin-oso\/#primaryimage","url":"https:\/\/legandgo.com\/wp-content\/uploads\/2025\/03\/matcha-bear-cushion.jpg","contentUrl":"https:\/\/legandgo.com\/wp-content\/uploads\/2025\/03\/matcha-bear-cushion.jpg","width":250,"height":250,"caption":"Kids cushion"},{"@type":"BreadcrumbList","@id":"https:\/\/legandgo.com\/es\/shop\/mobiliario-infantil\/cojin-oso\/#breadcrumb","itemListElement":[{"@type":"ListItem","position":1,"name":"Home","item":"https:\/\/legandgo.com\/es\/"},{"@type":"ListItem","position":2,"name":"Tienda","item":"https:\/\/legandgo.com\/es\/shop\/"},{"@type":"ListItem","position":3,"name":"Coj\u00edn Oso"}]},{"@type":"WebSite","@id":"https:\/\/legandgo.com\/es\/#website","url":"https:\/\/legandgo.com\/es\/","name":"leg&amp;go","description":"","publisher":{"@id":"https:\/\/legandgo.com\/es\/#organization"},"potentialAction":[{"@type":"SearchAction","target":{"@type":"EntryPoint","urlTemplate":"https:\/\/legandgo.com\/es\/?s={search_term_string}"},"query-input":{"@type":"PropertyValueSpecification","valueRequired":true,"valueName":"search_term_string"}}],"inLanguage":"es"},{"@type":"Organization","@id":"https:\/\/legandgo.com\/es\/#organization","name":"leg&go bike","url":"https:\/\/legandgo.com\/es\/","logo":{"@type":"ImageObject","inLanguage":"es","@id":"https:\/\/legandgo.com\/es\/#\/schema\/logo\/image\/","url":"https:\/\/legandgo.com\/wp-content\/uploads\/2021\/03\/logorf.png","contentUrl":"https:\/\/legandgo.com\/wp-content\/uploads\/2021\/03\/logorf.png","width":675,"height":216,"caption":"leg&go bike"},"image":{"@id":"https:\/\/legandgo.com\/es\/#\/schema\/logo\/image\/"},"sameAs":["https:\/\/www.facebook.com\/legandgo","https:\/\/www.instagram.com\/legandgo\/","https:\/\/www.linkedin.com\/company\/legandgo\/","https:\/\/www.pinterest.com\/legandgo\/","https:\/\/www.youtube.com\/channel\/UC_FBzWPmKWE0g7fcR4Xdfuw\/"]}]}},"_links":{"self":[{"href":"https:\/\/legandgo.com\/es\/wp-json\/wp\/v2\/product\/52956","targetHints":{"allow":["GET"]}}],"collection":[{"href":"https:\/\/legandgo.com\/es\/wp-json\/wp\/v2\/product"}],"about":[{"href":"https:\/\/legandgo.com\/es\/wp-json\/wp\/v2\/types\/product"}],"replies":[{"embeddable":true,"href":"https:\/\/legandgo.com\/es\/wp-json\/wp\/v2\/comments?post=52956"}],"version-history":[{"count":3,"href":"https:\/\/legandgo.com\/es\/wp-json\/wp\/v2\/product\/52956\/revisions"}],"predecessor-version":[{"id":52975,"href":"https:\/\/legandgo.com\/es\/wp-json\/wp\/v2\/product\/52956\/revisions\/52975"}],"wp:featuredmedia":[{"embeddable":true,"href":"https:\/\/legandgo.com\/es\/wp-json\/wp\/v2\/media\/37251"}],"wp:attachment":[{"href":"https:\/\/legandgo.com\/es\/wp-json\/wp\/v2\/media?parent=52956"}],"wp:term":[{"taxonomy":"product_brand","embeddable":true,"href":"https:\/\/legandgo.com\/es\/wp-json\/wp\/v2\/product_brand?post=52956"},{"taxonomy":"product_cat","embeddable":true,"href":"https:\/\/legandgo.com\/es\/wp-json\/wp\/v2\/product_cat?post=52956"},{"taxonomy":"product_tag","embeddable":true,"href":"https:\/\/legandgo.com\/es\/wp-json\/wp\/v2\/product_tag?post=52956"}],"curies":[{"name":"wp","href":"https:\/\/api.w.org\/{rel}","templated":true}]}}