{"id":53281,"date":"2026-02-23T16:45:33","date_gmt":"2026-02-23T14:45:33","guid":{"rendered":"https:\/\/legandgo.com\/shop\/sin%20categor\u00eda\/torre-de-cocina-transformable-modustep-combo\/"},"modified":"2026-03-05T17:26:56","modified_gmt":"2026-03-05T15:26:56","slug":"torre-de-cocina-transformable-modustep-combo","status":"publish","type":"product","link":"https:\/\/legandgo.com\/es\/shop\/torre-de-aprendizaje\/torre-de-cocina-transformable-modustep-combo\/","title":{"rendered":"Torre de Cocina Transformable Modustep &amp; Accesorio Silla de Comer &#8211; Combo"},"content":{"rendered":"<p>La torre de cocina transformable Modustep es una torre de aprendizaje multifuncional dise\u00f1ada como una soluci\u00f3n todo en uno para el uso diario. Desde las actividades de pie y los juegos de mesa hasta la alimentaci\u00f3n y los momentos creativos con complementos opcionales, se adapta f\u00e1cilmente a medida que tu hijo crece, sustituyendo la necesidad de varios muebles separados.<\/p>\n<p>Descubre m\u00e1s caracter\u00edsticas a continuaci\u00f3n.<\/p>\n","protected":false},"excerpt":{"rendered":"<p>La torre de cocina transformable Modustep es una torre de aprendizaje multifuncional dise\u00f1ada como una soluci\u00f3n todo en uno para el uso diario. Desde las actividades de pie y los juegos de mesa hasta la alimentaci\u00f3n y los momentos creativos con complementos opcionales, se adapta f\u00e1cilmente a medida que tu hijo crece, sustituyendo la necesidad<a class=\"excerpt-read-more\" href=\"https:\/\/legandgo.com\/es\/shop\/torre-de-aprendizaje\/torre-de-cocina-transformable-modustep-combo\/\" title=\"ReadTorre de Cocina Transformable Modustep &amp; Accesorio Silla de Comer &#8211; Combo\">&#8230; Read more &raquo;<\/a><\/p>\n","protected":false},"featured_media":53231,"comment_status":"closed","ping_status":"closed","template":"","meta":{"_acf_changed":false,"inline_featured_image":false,"footnotes":""},"product_brand":[],"product_cat":[1317,440],"product_tag":[1729,1721,1725,1717,1713,1744,926,935,936,939,934,1745],"class_list":{"0":"post-53281","1":"product","2":"type-product","3":"status-publish","4":"has-post-thumbnail","6":"product_cat-muebles","7":"product_cat-torre-de-aprendizaje","8":"product_tag-leg-go-2","9":"product_tag-leg-and-go","10":"product_tag-leg-go","11":"product_tag-leggo","12":"product_tag-legandgo","13":"product_tag-torre-auxiliar","14":"product_tag-torre-de-aprendizaje","15":"product_tag-torre-de-aprendizaje-plegable-es","16":"product_tag-torre-de-aprendizaje-plegable-es-2","17":"product_tag-torre-de-aprendizaje-plegable-es-3","18":"product_tag-torre-de-aprendizaje-plegable","19":"product_tag-torre-plegable-para-ninos-pequenos-2","20":"product_shipping_class-learning-tower-shipping-es","22":"first","23":"instock","24":"purchasable","25":"product-type-woosb"},"bundled_by":[],"bundle_stock_status":"instock","bundle_stock_quantity":null,"bundle_virtual":false,"bundle_layout":"","bundle_add_to_cart_form_location":"","bundle_editable_in_cart":false,"bundle_sold_individually_context":"","bundle_item_grouping":"","bundle_min_size":"","bundle_max_size":"","bundle_price":[],"bundled_items":[],"bundle_sell_ids":[],"acf":[],"yoast_head":"<!-- This site is optimized with the Yoast SEO plugin v25.9 - https:\/\/yoast.com\/wordpress\/plugins\/seo\/ -->\n<title>Torre de Cocina Transformable &amp; Accesorio Silla de Comer-Combo<\/title>\n<meta name=\"description\" content=\"Torre de Cocina Transformable con combinaci\u00f3n de trona para ni\u00f1os peque\u00f1os. Se adapta para ayudar en la cocina, comer y jugar, con silla de alimentaci\u00f3n y bandeja opcionales.\" \/>\n<meta name=\"robots\" content=\"index, follow, max-snippet:-1, max-image-preview:large, max-video-preview:-1\" \/>\n<link rel=\"canonical\" href=\"https:\/\/legandgo.com\/es\/shop\/torre-de-aprendizaje\/torre-de-cocina-transformable-modustep-combo\/\" \/>\n<meta property=\"og:locale\" content=\"es_ES\" \/>\n<meta property=\"og:type\" content=\"article\" \/>\n<meta property=\"og:title\" content=\"Torre de Cocina Transformable &amp; Accesorio Silla de Comer-Combo\" \/>\n<meta property=\"og:description\" content=\"Torre de Cocina Transformable con combinaci\u00f3n de trona para ni\u00f1os peque\u00f1os. Se adapta para ayudar en la cocina, comer y jugar, con silla de alimentaci\u00f3n y bandeja opcionales.\" \/>\n<meta property=\"og:url\" content=\"https:\/\/legandgo.com\/es\/shop\/torre-de-aprendizaje\/torre-de-cocina-transformable-modustep-combo\/\" \/>\n<meta property=\"og:site_name\" content=\"leg&amp;go\" \/>\n<meta property=\"article:publisher\" content=\"https:\/\/www.facebook.com\/legandgo\" \/>\n<meta property=\"article:modified_time\" content=\"2026-03-05T15:26:56+00:00\" \/>\n<meta property=\"og:image\" content=\"https:\/\/legandgo.com\/wp-content\/uploads\/2026\/02\/Transformable-Kitchen-Tower-Modustep-combo-1.jpg\" \/>\n\t<meta property=\"og:image:width\" content=\"2048\" \/>\n\t<meta property=\"og:image:height\" content=\"2048\" \/>\n\t<meta property=\"og:image:type\" content=\"image\/jpeg\" \/>\n<meta name=\"twitter:card\" content=\"summary_large_image\" \/>\n<script type=\"application\/ld+json\" class=\"yoast-schema-graph\">{\"@context\":\"https:\/\/schema.org\",\"@graph\":[{\"@type\":\"WebPage\",\"@id\":\"https:\/\/legandgo.com\/es\/shop\/torre-de-aprendizaje\/torre-de-cocina-transformable-modustep-combo\/\",\"url\":\"https:\/\/legandgo.com\/es\/shop\/torre-de-aprendizaje\/torre-de-cocina-transformable-modustep-combo\/\",\"name\":\"Torre de Cocina Transformable & Accesorio Silla de Comer-Combo\",\"isPartOf\":{\"@id\":\"https:\/\/legandgo.com\/es\/#website\"},\"primaryImageOfPage\":{\"@id\":\"https:\/\/legandgo.com\/es\/shop\/torre-de-aprendizaje\/torre-de-cocina-transformable-modustep-combo\/#primaryimage\"},\"image\":{\"@id\":\"https:\/\/legandgo.com\/es\/shop\/torre-de-aprendizaje\/torre-de-cocina-transformable-modustep-combo\/#primaryimage\"},\"thumbnailUrl\":\"https:\/\/legandgo.com\/wp-content\/uploads\/2026\/02\/Transformable-Kitchen-Tower-Modustep-combo-1.jpg\",\"datePublished\":\"2026-02-23T14:45:33+00:00\",\"dateModified\":\"2026-03-05T15:26:56+00:00\",\"description\":\"Torre de Cocina Transformable con combinaci\u00f3n de trona para ni\u00f1os peque\u00f1os. Se adapta para ayudar en la cocina, comer y jugar, con silla de alimentaci\u00f3n y bandeja opcionales.\",\"breadcrumb\":{\"@id\":\"https:\/\/legandgo.com\/es\/shop\/torre-de-aprendizaje\/torre-de-cocina-transformable-modustep-combo\/#breadcrumb\"},\"inLanguage\":\"es\",\"potentialAction\":[{\"@type\":\"ReadAction\",\"target\":[\"https:\/\/legandgo.com\/es\/shop\/torre-de-aprendizaje\/torre-de-cocina-transformable-modustep-combo\/\"]}]},{\"@type\":\"ImageObject\",\"inLanguage\":\"es\",\"@id\":\"https:\/\/legandgo.com\/es\/shop\/torre-de-aprendizaje\/torre-de-cocina-transformable-modustep-combo\/#primaryimage\",\"url\":\"https:\/\/legandgo.com\/wp-content\/uploads\/2026\/02\/Transformable-Kitchen-Tower-Modustep-combo-1.jpg\",\"contentUrl\":\"https:\/\/legandgo.com\/wp-content\/uploads\/2026\/02\/Transformable-Kitchen-Tower-Modustep-combo-1.jpg\",\"width\":2048,\"height\":2048},{\"@type\":\"BreadcrumbList\",\"@id\":\"https:\/\/legandgo.com\/es\/shop\/torre-de-aprendizaje\/torre-de-cocina-transformable-modustep-combo\/#breadcrumb\",\"itemListElement\":[{\"@type\":\"ListItem\",\"position\":1,\"name\":\"Home\",\"item\":\"https:\/\/legandgo.com\/es\/\"},{\"@type\":\"ListItem\",\"position\":2,\"name\":\"Tienda\",\"item\":\"https:\/\/legandgo.com\/es\/shop\/\"},{\"@type\":\"ListItem\",\"position\":3,\"name\":\"Torre de Cocina Transformable Modustep &amp; Accesorio Silla de Comer &#8211; Combo\"}]},{\"@type\":\"WebSite\",\"@id\":\"https:\/\/legandgo.com\/es\/#website\",\"url\":\"https:\/\/legandgo.com\/es\/\",\"name\":\"leg&amp;go\",\"description\":\"\",\"publisher\":{\"@id\":\"https:\/\/legandgo.com\/es\/#organization\"},\"potentialAction\":[{\"@type\":\"SearchAction\",\"target\":{\"@type\":\"EntryPoint\",\"urlTemplate\":\"https:\/\/legandgo.com\/es\/?s={search_term_string}\"},\"query-input\":{\"@type\":\"PropertyValueSpecification\",\"valueRequired\":true,\"valueName\":\"search_term_string\"}}],\"inLanguage\":\"es\"},{\"@type\":\"Organization\",\"@id\":\"https:\/\/legandgo.com\/es\/#organization\",\"name\":\"leg&go bike\",\"url\":\"https:\/\/legandgo.com\/es\/\",\"logo\":{\"@type\":\"ImageObject\",\"inLanguage\":\"es\",\"@id\":\"https:\/\/legandgo.com\/es\/#\/schema\/logo\/image\/\",\"url\":\"https:\/\/legandgo.com\/wp-content\/uploads\/2021\/03\/logorf.png\",\"contentUrl\":\"https:\/\/legandgo.com\/wp-content\/uploads\/2021\/03\/logorf.png\",\"width\":675,\"height\":216,\"caption\":\"leg&go bike\"},\"image\":{\"@id\":\"https:\/\/legandgo.com\/es\/#\/schema\/logo\/image\/\"},\"sameAs\":[\"https:\/\/www.facebook.com\/legandgo\",\"https:\/\/www.instagram.com\/legandgo\/\",\"https:\/\/www.linkedin.com\/company\/legandgo\/\",\"https:\/\/www.pinterest.com\/legandgo\/\",\"https:\/\/www.youtube.com\/channel\/UC_FBzWPmKWE0g7fcR4Xdfuw\/\"]}]}<\/script>\n<!-- \/ Yoast SEO plugin. -->","yoast_head_json":{"title":"Torre de Cocina Transformable & Accesorio Silla de Comer-Combo","description":"Torre de Cocina Transformable con combinaci\u00f3n de trona para ni\u00f1os peque\u00f1os. Se adapta para ayudar en la cocina, comer y jugar, con silla de alimentaci\u00f3n y bandeja opcionales.","robots":{"index":"index","follow":"follow","max-snippet":"max-snippet:-1","max-image-preview":"max-image-preview:large","max-video-preview":"max-video-preview:-1"},"canonical":"https:\/\/legandgo.com\/es\/shop\/torre-de-aprendizaje\/torre-de-cocina-transformable-modustep-combo\/","og_locale":"es_ES","og_type":"article","og_title":"Torre de Cocina Transformable & Accesorio Silla de Comer-Combo","og_description":"Torre de Cocina Transformable con combinaci\u00f3n de trona para ni\u00f1os peque\u00f1os. Se adapta para ayudar en la cocina, comer y jugar, con silla de alimentaci\u00f3n y bandeja opcionales.","og_url":"https:\/\/legandgo.com\/es\/shop\/torre-de-aprendizaje\/torre-de-cocina-transformable-modustep-combo\/","og_site_name":"leg&amp;go","article_publisher":"https:\/\/www.facebook.com\/legandgo","article_modified_time":"2026-03-05T15:26:56+00:00","og_image":[{"width":2048,"height":2048,"url":"https:\/\/legandgo.com\/wp-content\/uploads\/2026\/02\/Transformable-Kitchen-Tower-Modustep-combo-1.jpg","type":"image\/jpeg"}],"twitter_card":"summary_large_image","schema":{"@context":"https:\/\/schema.org","@graph":[{"@type":"WebPage","@id":"https:\/\/legandgo.com\/es\/shop\/torre-de-aprendizaje\/torre-de-cocina-transformable-modustep-combo\/","url":"https:\/\/legandgo.com\/es\/shop\/torre-de-aprendizaje\/torre-de-cocina-transformable-modustep-combo\/","name":"Torre de Cocina Transformable & Accesorio Silla de Comer-Combo","isPartOf":{"@id":"https:\/\/legandgo.com\/es\/#website"},"primaryImageOfPage":{"@id":"https:\/\/legandgo.com\/es\/shop\/torre-de-aprendizaje\/torre-de-cocina-transformable-modustep-combo\/#primaryimage"},"image":{"@id":"https:\/\/legandgo.com\/es\/shop\/torre-de-aprendizaje\/torre-de-cocina-transformable-modustep-combo\/#primaryimage"},"thumbnailUrl":"https:\/\/legandgo.com\/wp-content\/uploads\/2026\/02\/Transformable-Kitchen-Tower-Modustep-combo-1.jpg","datePublished":"2026-02-23T14:45:33+00:00","dateModified":"2026-03-05T15:26:56+00:00","description":"Torre de Cocina Transformable con combinaci\u00f3n de trona para ni\u00f1os peque\u00f1os. Se adapta para ayudar en la cocina, comer y jugar, con silla de alimentaci\u00f3n y bandeja opcionales.","breadcrumb":{"@id":"https:\/\/legandgo.com\/es\/shop\/torre-de-aprendizaje\/torre-de-cocina-transformable-modustep-combo\/#breadcrumb"},"inLanguage":"es","potentialAction":[{"@type":"ReadAction","target":["https:\/\/legandgo.com\/es\/shop\/torre-de-aprendizaje\/torre-de-cocina-transformable-modustep-combo\/"]}]},{"@type":"ImageObject","inLanguage":"es","@id":"https:\/\/legandgo.com\/es\/shop\/torre-de-aprendizaje\/torre-de-cocina-transformable-modustep-combo\/#primaryimage","url":"https:\/\/legandgo.com\/wp-content\/uploads\/2026\/02\/Transformable-Kitchen-Tower-Modustep-combo-1.jpg","contentUrl":"https:\/\/legandgo.com\/wp-content\/uploads\/2026\/02\/Transformable-Kitchen-Tower-Modustep-combo-1.jpg","width":2048,"height":2048},{"@type":"BreadcrumbList","@id":"https:\/\/legandgo.com\/es\/shop\/torre-de-aprendizaje\/torre-de-cocina-transformable-modustep-combo\/#breadcrumb","itemListElement":[{"@type":"ListItem","position":1,"name":"Home","item":"https:\/\/legandgo.com\/es\/"},{"@type":"ListItem","position":2,"name":"Tienda","item":"https:\/\/legandgo.com\/es\/shop\/"},{"@type":"ListItem","position":3,"name":"Torre de Cocina Transformable Modustep &amp; Accesorio Silla de Comer &#8211; Combo"}]},{"@type":"WebSite","@id":"https:\/\/legandgo.com\/es\/#website","url":"https:\/\/legandgo.com\/es\/","name":"leg&amp;go","description":"","publisher":{"@id":"https:\/\/legandgo.com\/es\/#organization"},"potentialAction":[{"@type":"SearchAction","target":{"@type":"EntryPoint","urlTemplate":"https:\/\/legandgo.com\/es\/?s={search_term_string}"},"query-input":{"@type":"PropertyValueSpecification","valueRequired":true,"valueName":"search_term_string"}}],"inLanguage":"es"},{"@type":"Organization","@id":"https:\/\/legandgo.com\/es\/#organization","name":"leg&go bike","url":"https:\/\/legandgo.com\/es\/","logo":{"@type":"ImageObject","inLanguage":"es","@id":"https:\/\/legandgo.com\/es\/#\/schema\/logo\/image\/","url":"https:\/\/legandgo.com\/wp-content\/uploads\/2021\/03\/logorf.png","contentUrl":"https:\/\/legandgo.com\/wp-content\/uploads\/2021\/03\/logorf.png","width":675,"height":216,"caption":"leg&go bike"},"image":{"@id":"https:\/\/legandgo.com\/es\/#\/schema\/logo\/image\/"},"sameAs":["https:\/\/www.facebook.com\/legandgo","https:\/\/www.instagram.com\/legandgo\/","https:\/\/www.linkedin.com\/company\/legandgo\/","https:\/\/www.pinterest.com\/legandgo\/","https:\/\/www.youtube.com\/channel\/UC_FBzWPmKWE0g7fcR4Xdfuw\/"]}]}},"_links":{"self":[{"href":"https:\/\/legandgo.com\/es\/wp-json\/wp\/v2\/product\/53281","targetHints":{"allow":["GET"]}}],"collection":[{"href":"https:\/\/legandgo.com\/es\/wp-json\/wp\/v2\/product"}],"about":[{"href":"https:\/\/legandgo.com\/es\/wp-json\/wp\/v2\/types\/product"}],"replies":[{"embeddable":true,"href":"https:\/\/legandgo.com\/es\/wp-json\/wp\/v2\/comments?post=53281"}],"version-history":[{"count":6,"href":"https:\/\/legandgo.com\/es\/wp-json\/wp\/v2\/product\/53281\/revisions"}],"predecessor-version":[{"id":53594,"href":"https:\/\/legandgo.com\/es\/wp-json\/wp\/v2\/product\/53281\/revisions\/53594"}],"wp:featuredmedia":[{"embeddable":true,"href":"https:\/\/legandgo.com\/es\/wp-json\/wp\/v2\/media\/53231"}],"wp:attachment":[{"href":"https:\/\/legandgo.com\/es\/wp-json\/wp\/v2\/media?parent=53281"}],"wp:term":[{"taxonomy":"product_brand","embeddable":true,"href":"https:\/\/legandgo.com\/es\/wp-json\/wp\/v2\/product_brand?post=53281"},{"taxonomy":"product_cat","embeddable":true,"href":"https:\/\/legandgo.com\/es\/wp-json\/wp\/v2\/product_cat?post=53281"},{"taxonomy":"product_tag","embeddable":true,"href":"https:\/\/legandgo.com\/es\/wp-json\/wp\/v2\/product_tag?post=53281"}],"curies":[{"name":"wp","href":"https:\/\/api.w.org\/{rel}","templated":true}]}}