{"id":53553,"date":"2025-04-04T11:13:01","date_gmt":"2025-04-04T09:13:01","guid":{"rendered":"https:\/\/legandgo.com\/?post_type=product&#038;p=53553"},"modified":"2026-03-05T17:56:19","modified_gmt":"2026-03-05T15:56:19","slug":"cojin-estrella","status":"publish","type":"product","link":"https:\/\/legandgo.com\/es\/shop\/mobiliario-infantil\/cojin-estrella\/","title":{"rendered":"Coj\u00edn Estrella Infantil"},"content":{"rendered":"<p style=\"font-weight: 400;\">El coj\u00edn estrella infantil Wigiwama es una encantadora pieza decorativa que aporta un toque acogedor y divertido a cualquier dormitorio o sala de juegos infantil. Dise\u00f1ado cuidadosamente para los m\u00e1s peque\u00f1os, su forma suave y abrazable lo hace perfecto tanto para la decoraci\u00f3n como para la comodidad diaria. <\/p>\n<p style=\"font-weight: 400;\">Ya sea colocado sobre la cama, combinado con un beanbag o utilizado durante el juego, este coj\u00edn lleno de encanto aporta calidez y personalidad a cualquier espacio.<\/p>\n<p style=\"font-weight: 400;\"><strong>Explora m\u00e1s abajo.<\/strong><\/p>\n","protected":false},"excerpt":{"rendered":"<p>El coj\u00edn estrella infantil Wigiwama es una encantadora pieza decorativa que aporta un toque acogedor y divertido a cualquier dormitorio o sala de juegos infantil. Dise\u00f1ado cuidadosamente para los m\u00e1s peque\u00f1os, su forma suave y abrazable lo hace perfecto tanto para la decoraci\u00f3n como para la comodidad diaria. Ya sea colocado sobre la cama, combinado<a class=\"excerpt-read-more\" href=\"https:\/\/legandgo.com\/es\/shop\/mobiliario-infantil\/cojin-estrella\/\" title=\"ReadCoj\u00edn Estrella Infantil\">&#8230; Read more &raquo;<\/a><\/p>\n","protected":false},"featured_media":37522,"comment_status":"closed","ping_status":"closed","template":"","meta":{"_acf_changed":false,"inline_featured_image":false,"footnotes":""},"product_brand":[],"product_cat":[1015,1317],"product_tag":[1541,1484,1540,1569,1571,1574,1570,1573,1539,1538,1537,1542,1572,1483],"class_list":{"0":"post-53553","1":"product","2":"type-product","3":"status-publish","4":"has-post-thumbnail","6":"product_cat-mobiliario-infantil","7":"product_cat-muebles","8":"product_tag-childrens-floor-pillows","9":"product_tag-childrens-seating","10":"product_tag-childrens-throw-pillows","11":"product_tag-cojin-estrella","12":"product_tag-cojin-estrella-de-peluche-para-ninos","13":"product_tag-cojin-estrella-para-ninos-2","14":"product_tag-cojin-estrella-para-ninos","15":"product_tag-cojin-infantil","16":"product_tag-kids-accent-cushions","17":"product_tag-kids-decorative-cushions","18":"product_tag-kids-pillows","19":"product_tag-kids-plush-cushions","20":"product_tag-muebles-infantiles-suaves","21":"product_tag-soft-play-furniture","22":"pa_color-arce","23":"pa_color-crema-blanco","24":"pa_color-galleta","25":"pa_color-guayaba-hielo","26":"pa_color-matcha","28":"first","29":"instock","30":"purchasable","31":"product-type-variable"},"bundled_by":[],"bundle_stock_status":"instock","bundle_stock_quantity":null,"bundle_virtual":false,"bundle_layout":"","bundle_add_to_cart_form_location":"","bundle_editable_in_cart":false,"bundle_sold_individually_context":"","bundle_item_grouping":"","bundle_min_size":"","bundle_max_size":"","bundle_price":[],"bundled_items":[],"bundle_sell_ids":[],"acf":[],"yoast_head":"<!-- This site is optimized with the Yoast SEO plugin v25.9 - https:\/\/yoast.com\/wordpress\/plugins\/seo\/ -->\n<title>Coj\u00edn Estrella Infantil &#183; leg&amp;go<\/title>\n<meta name=\"description\" content=\"Puff Oso para ni\u00f1os en suave tejido teddy. Ligero, c\u00f3modo y con certificaci\u00f3n OEKO TEX. Perfecto para leer, jugar y relajarse en el dormitorio infantil.\" \/>\n<meta name=\"robots\" content=\"index, follow, max-snippet:-1, max-image-preview:large, max-video-preview:-1\" \/>\n<link rel=\"canonical\" href=\"https:\/\/legandgo.com\/es\/shop\/mobiliario-infantil\/cojin-estrella\/\" \/>\n<meta property=\"og:locale\" content=\"es_ES\" \/>\n<meta property=\"og:type\" content=\"article\" \/>\n<meta property=\"og:title\" content=\"Coj\u00edn Estrella Infantil &#183; leg&amp;go\" \/>\n<meta property=\"og:description\" content=\"Puff Oso para ni\u00f1os en suave tejido teddy. Ligero, c\u00f3modo y con certificaci\u00f3n OEKO TEX. Perfecto para leer, jugar y relajarse en el dormitorio infantil.\" \/>\n<meta property=\"og:url\" content=\"https:\/\/legandgo.com\/es\/shop\/mobiliario-infantil\/cojin-estrella\/\" \/>\n<meta property=\"og:site_name\" content=\"leg&amp;go\" \/>\n<meta property=\"article:publisher\" content=\"https:\/\/www.facebook.com\/legandgo\" \/>\n<meta property=\"article:modified_time\" content=\"2026-03-05T15:56:19+00:00\" \/>\n<meta property=\"og:image\" content=\"https:\/\/legandgo.com\/wp-content\/uploads\/2025\/03\/maple-star-cushion.jpg\" \/>\n\t<meta property=\"og:image:width\" content=\"250\" \/>\n\t<meta property=\"og:image:height\" content=\"250\" \/>\n\t<meta property=\"og:image:type\" content=\"image\/jpeg\" \/>\n<meta name=\"twitter:card\" content=\"summary_large_image\" \/>\n<script type=\"application\/ld+json\" class=\"yoast-schema-graph\">{\"@context\":\"https:\/\/schema.org\",\"@graph\":[{\"@type\":\"WebPage\",\"@id\":\"https:\/\/legandgo.com\/es\/shop\/mobiliario-infantil\/cojin-estrella\/\",\"url\":\"https:\/\/legandgo.com\/es\/shop\/mobiliario-infantil\/cojin-estrella\/\",\"name\":\"Coj\u00edn Estrella Infantil &#183; leg&amp;go\",\"isPartOf\":{\"@id\":\"https:\/\/legandgo.com\/es\/#website\"},\"primaryImageOfPage\":{\"@id\":\"https:\/\/legandgo.com\/es\/shop\/mobiliario-infantil\/cojin-estrella\/#primaryimage\"},\"image\":{\"@id\":\"https:\/\/legandgo.com\/es\/shop\/mobiliario-infantil\/cojin-estrella\/#primaryimage\"},\"thumbnailUrl\":\"https:\/\/legandgo.com\/wp-content\/uploads\/2025\/03\/maple-star-cushion.jpg\",\"datePublished\":\"2025-04-04T09:13:01+00:00\",\"dateModified\":\"2026-03-05T15:56:19+00:00\",\"description\":\"Puff Oso para ni\u00f1os en suave tejido teddy. Ligero, c\u00f3modo y con certificaci\u00f3n OEKO TEX. Perfecto para leer, jugar y relajarse en el dormitorio infantil.\",\"breadcrumb\":{\"@id\":\"https:\/\/legandgo.com\/es\/shop\/mobiliario-infantil\/cojin-estrella\/#breadcrumb\"},\"inLanguage\":\"es\",\"potentialAction\":[{\"@type\":\"ReadAction\",\"target\":[\"https:\/\/legandgo.com\/es\/shop\/mobiliario-infantil\/cojin-estrella\/\"]}]},{\"@type\":\"ImageObject\",\"inLanguage\":\"es\",\"@id\":\"https:\/\/legandgo.com\/es\/shop\/mobiliario-infantil\/cojin-estrella\/#primaryimage\",\"url\":\"https:\/\/legandgo.com\/wp-content\/uploads\/2025\/03\/maple-star-cushion.jpg\",\"contentUrl\":\"https:\/\/legandgo.com\/wp-content\/uploads\/2025\/03\/maple-star-cushion.jpg\",\"width\":250,\"height\":250,\"caption\":\"star cushion maple\"},{\"@type\":\"BreadcrumbList\",\"@id\":\"https:\/\/legandgo.com\/es\/shop\/mobiliario-infantil\/cojin-estrella\/#breadcrumb\",\"itemListElement\":[{\"@type\":\"ListItem\",\"position\":1,\"name\":\"Home\",\"item\":\"https:\/\/legandgo.com\/es\/\"},{\"@type\":\"ListItem\",\"position\":2,\"name\":\"Tienda\",\"item\":\"https:\/\/legandgo.com\/es\/shop\/\"},{\"@type\":\"ListItem\",\"position\":3,\"name\":\"Coj\u00edn Estrella Infantil\"}]},{\"@type\":\"WebSite\",\"@id\":\"https:\/\/legandgo.com\/es\/#website\",\"url\":\"https:\/\/legandgo.com\/es\/\",\"name\":\"leg&amp;go\",\"description\":\"\",\"publisher\":{\"@id\":\"https:\/\/legandgo.com\/es\/#organization\"},\"potentialAction\":[{\"@type\":\"SearchAction\",\"target\":{\"@type\":\"EntryPoint\",\"urlTemplate\":\"https:\/\/legandgo.com\/es\/?s={search_term_string}\"},\"query-input\":{\"@type\":\"PropertyValueSpecification\",\"valueRequired\":true,\"valueName\":\"search_term_string\"}}],\"inLanguage\":\"es\"},{\"@type\":\"Organization\",\"@id\":\"https:\/\/legandgo.com\/es\/#organization\",\"name\":\"leg&go bike\",\"url\":\"https:\/\/legandgo.com\/es\/\",\"logo\":{\"@type\":\"ImageObject\",\"inLanguage\":\"es\",\"@id\":\"https:\/\/legandgo.com\/es\/#\/schema\/logo\/image\/\",\"url\":\"https:\/\/legandgo.com\/wp-content\/uploads\/2021\/03\/logorf.png\",\"contentUrl\":\"https:\/\/legandgo.com\/wp-content\/uploads\/2021\/03\/logorf.png\",\"width\":675,\"height\":216,\"caption\":\"leg&go bike\"},\"image\":{\"@id\":\"https:\/\/legandgo.com\/es\/#\/schema\/logo\/image\/\"},\"sameAs\":[\"https:\/\/www.facebook.com\/legandgo\",\"https:\/\/www.instagram.com\/legandgo\/\",\"https:\/\/www.linkedin.com\/company\/legandgo\/\",\"https:\/\/www.pinterest.com\/legandgo\/\",\"https:\/\/www.youtube.com\/channel\/UC_FBzWPmKWE0g7fcR4Xdfuw\/\"]}]}<\/script>\n<!-- \/ Yoast SEO plugin. -->","yoast_head_json":{"title":"Coj\u00edn Estrella Infantil &#183; leg&amp;go","description":"Puff Oso para ni\u00f1os en suave tejido teddy. Ligero, c\u00f3modo y con certificaci\u00f3n OEKO TEX. Perfecto para leer, jugar y relajarse en el dormitorio infantil.","robots":{"index":"index","follow":"follow","max-snippet":"max-snippet:-1","max-image-preview":"max-image-preview:large","max-video-preview":"max-video-preview:-1"},"canonical":"https:\/\/legandgo.com\/es\/shop\/mobiliario-infantil\/cojin-estrella\/","og_locale":"es_ES","og_type":"article","og_title":"Coj\u00edn Estrella Infantil &#183; leg&amp;go","og_description":"Puff Oso para ni\u00f1os en suave tejido teddy. Ligero, c\u00f3modo y con certificaci\u00f3n OEKO TEX. Perfecto para leer, jugar y relajarse en el dormitorio infantil.","og_url":"https:\/\/legandgo.com\/es\/shop\/mobiliario-infantil\/cojin-estrella\/","og_site_name":"leg&amp;go","article_publisher":"https:\/\/www.facebook.com\/legandgo","article_modified_time":"2026-03-05T15:56:19+00:00","og_image":[{"width":250,"height":250,"url":"https:\/\/legandgo.com\/wp-content\/uploads\/2025\/03\/maple-star-cushion.jpg","type":"image\/jpeg"}],"twitter_card":"summary_large_image","schema":{"@context":"https:\/\/schema.org","@graph":[{"@type":"WebPage","@id":"https:\/\/legandgo.com\/es\/shop\/mobiliario-infantil\/cojin-estrella\/","url":"https:\/\/legandgo.com\/es\/shop\/mobiliario-infantil\/cojin-estrella\/","name":"Coj\u00edn Estrella Infantil &#183; leg&amp;go","isPartOf":{"@id":"https:\/\/legandgo.com\/es\/#website"},"primaryImageOfPage":{"@id":"https:\/\/legandgo.com\/es\/shop\/mobiliario-infantil\/cojin-estrella\/#primaryimage"},"image":{"@id":"https:\/\/legandgo.com\/es\/shop\/mobiliario-infantil\/cojin-estrella\/#primaryimage"},"thumbnailUrl":"https:\/\/legandgo.com\/wp-content\/uploads\/2025\/03\/maple-star-cushion.jpg","datePublished":"2025-04-04T09:13:01+00:00","dateModified":"2026-03-05T15:56:19+00:00","description":"Puff Oso para ni\u00f1os en suave tejido teddy. Ligero, c\u00f3modo y con certificaci\u00f3n OEKO TEX. Perfecto para leer, jugar y relajarse en el dormitorio infantil.","breadcrumb":{"@id":"https:\/\/legandgo.com\/es\/shop\/mobiliario-infantil\/cojin-estrella\/#breadcrumb"},"inLanguage":"es","potentialAction":[{"@type":"ReadAction","target":["https:\/\/legandgo.com\/es\/shop\/mobiliario-infantil\/cojin-estrella\/"]}]},{"@type":"ImageObject","inLanguage":"es","@id":"https:\/\/legandgo.com\/es\/shop\/mobiliario-infantil\/cojin-estrella\/#primaryimage","url":"https:\/\/legandgo.com\/wp-content\/uploads\/2025\/03\/maple-star-cushion.jpg","contentUrl":"https:\/\/legandgo.com\/wp-content\/uploads\/2025\/03\/maple-star-cushion.jpg","width":250,"height":250,"caption":"star cushion maple"},{"@type":"BreadcrumbList","@id":"https:\/\/legandgo.com\/es\/shop\/mobiliario-infantil\/cojin-estrella\/#breadcrumb","itemListElement":[{"@type":"ListItem","position":1,"name":"Home","item":"https:\/\/legandgo.com\/es\/"},{"@type":"ListItem","position":2,"name":"Tienda","item":"https:\/\/legandgo.com\/es\/shop\/"},{"@type":"ListItem","position":3,"name":"Coj\u00edn Estrella Infantil"}]},{"@type":"WebSite","@id":"https:\/\/legandgo.com\/es\/#website","url":"https:\/\/legandgo.com\/es\/","name":"leg&amp;go","description":"","publisher":{"@id":"https:\/\/legandgo.com\/es\/#organization"},"potentialAction":[{"@type":"SearchAction","target":{"@type":"EntryPoint","urlTemplate":"https:\/\/legandgo.com\/es\/?s={search_term_string}"},"query-input":{"@type":"PropertyValueSpecification","valueRequired":true,"valueName":"search_term_string"}}],"inLanguage":"es"},{"@type":"Organization","@id":"https:\/\/legandgo.com\/es\/#organization","name":"leg&go bike","url":"https:\/\/legandgo.com\/es\/","logo":{"@type":"ImageObject","inLanguage":"es","@id":"https:\/\/legandgo.com\/es\/#\/schema\/logo\/image\/","url":"https:\/\/legandgo.com\/wp-content\/uploads\/2021\/03\/logorf.png","contentUrl":"https:\/\/legandgo.com\/wp-content\/uploads\/2021\/03\/logorf.png","width":675,"height":216,"caption":"leg&go bike"},"image":{"@id":"https:\/\/legandgo.com\/es\/#\/schema\/logo\/image\/"},"sameAs":["https:\/\/www.facebook.com\/legandgo","https:\/\/www.instagram.com\/legandgo\/","https:\/\/www.linkedin.com\/company\/legandgo\/","https:\/\/www.pinterest.com\/legandgo\/","https:\/\/www.youtube.com\/channel\/UC_FBzWPmKWE0g7fcR4Xdfuw\/"]}]}},"_links":{"self":[{"href":"https:\/\/legandgo.com\/es\/wp-json\/wp\/v2\/product\/53553","targetHints":{"allow":["GET"]}}],"collection":[{"href":"https:\/\/legandgo.com\/es\/wp-json\/wp\/v2\/product"}],"about":[{"href":"https:\/\/legandgo.com\/es\/wp-json\/wp\/v2\/types\/product"}],"replies":[{"embeddable":true,"href":"https:\/\/legandgo.com\/es\/wp-json\/wp\/v2\/comments?post=53553"}],"version-history":[{"count":3,"href":"https:\/\/legandgo.com\/es\/wp-json\/wp\/v2\/product\/53553\/revisions"}],"predecessor-version":[{"id":53614,"href":"https:\/\/legandgo.com\/es\/wp-json\/wp\/v2\/product\/53553\/revisions\/53614"}],"wp:featuredmedia":[{"embeddable":true,"href":"https:\/\/legandgo.com\/es\/wp-json\/wp\/v2\/media\/37522"}],"wp:attachment":[{"href":"https:\/\/legandgo.com\/es\/wp-json\/wp\/v2\/media?parent=53553"}],"wp:term":[{"taxonomy":"product_brand","embeddable":true,"href":"https:\/\/legandgo.com\/es\/wp-json\/wp\/v2\/product_brand?post=53553"},{"taxonomy":"product_cat","embeddable":true,"href":"https:\/\/legandgo.com\/es\/wp-json\/wp\/v2\/product_cat?post=53553"},{"taxonomy":"product_tag","embeddable":true,"href":"https:\/\/legandgo.com\/es\/wp-json\/wp\/v2\/product_tag?post=53553"}],"curies":[{"name":"wp","href":"https:\/\/api.w.org\/{rel}","templated":true}]}}