{"id":53623,"date":"2025-03-26T17:11:47","date_gmt":"2025-03-26T15:11:47","guid":{"rendered":"https:\/\/legandgo.com\/shop\/sin%20categor\u00eda\/silla-moon\/"},"modified":"2026-03-12T00:26:42","modified_gmt":"2026-03-11T22:26:42","slug":"silla-moon","status":"publish","type":"product","link":"https:\/\/legandgo.com\/es\/shop\/mobiliario-infantil\/silla-moon\/","title":{"rendered":"Silla Moon"},"content":{"rendered":"<p style=\"font-weight: 400;\">La Silla Moon de Wigiwama es una silla modular para ni\u00f1os que combina comodidad, estilo y creatividad l\u00fadica. Su dise\u00f1o de tres piezas fomenta la construcci\u00f3n imaginativa y, al mismo tiempo, crea un lugar acogedor donde los ni\u00f1os pueden relajarse, leer o descansar. <\/p>\n<p style=\"font-weight: 400;\">La forma curva crea un asiento c\u00f3modo de estilo lounge, mientras que las piezas modulares invitan a experimentar y a jugar con imaginaci\u00f3n. Perfecta para rincones de lectura, salas de juegos o momentos acogedores despu\u00e9s de un d\u00eda ajetreado. <\/p>\n<p style=\"font-weight: 400;\"><strong>Explora m\u00e1s abajo.<\/strong><\/p>\n","protected":false},"excerpt":{"rendered":"<p>La Silla Moon de Wigiwama es una silla modular para ni\u00f1os que combina comodidad, estilo y creatividad l\u00fadica. Su dise\u00f1o de tres piezas fomenta la construcci\u00f3n imaginativa y, al mismo tiempo, crea un lugar acogedor donde los ni\u00f1os pueden relajarse, leer o descansar. La forma curva crea un asiento c\u00f3modo de estilo lounge, mientras que<a class=\"excerpt-read-more\" href=\"https:\/\/legandgo.com\/es\/shop\/mobiliario-infantil\/silla-moon\/\" title=\"ReadSilla Moon\">&#8230; Read more &raquo;<\/a><\/p>\n","protected":false},"featured_media":37127,"comment_status":"closed","ping_status":"closed","template":"","meta":{"_acf_changed":false,"inline_featured_image":false,"footnotes":""},"product_brand":[],"product_cat":[1015,1317],"product_tag":[1484,1477,1479,1481,1486,1476,1478,1485,1482,1612,1614,1613,1610,1611,1483],"class_list":{"0":"post-53623","1":"product","2":"type-product","3":"status-publish","4":"has-post-thumbnail","6":"product_cat-mobiliario-infantil","7":"product_cat-muebles","8":"product_tag-childrens-seating","9":"product_tag-childrens-sofa","10":"product_tag-infant-sofa","11":"product_tag-kiddies-sofas","12":"product_tag-kids-couch","13":"product_tag-kids-sofa","14":"product_tag-play-couch","15":"product_tag-play-sofas","16":"product_tag-playroom-sofa","17":"product_tag-silla-infantil","18":"product_tag-silla-sofa-infantil","19":"product_tag-silla-suave-infantil","20":"product_tag-sofa-infantil","21":"product_tag-sofa-para-ninos-pequenos","22":"product_tag-soft-play-furniture","23":"product_shipping_class-beanbags-cushions-shipping-es","24":"pa_color-brown-sugar","25":"pa_color-crema-blanco","26":"pa_color-galleta","27":"pa_color-toffee","29":"first","30":"instock","31":"purchasable","32":"product-type-variable","33":"has-default-attributes"},"bundled_by":[],"bundle_stock_status":"instock","bundle_stock_quantity":null,"bundle_virtual":false,"bundle_layout":"","bundle_add_to_cart_form_location":"","bundle_editable_in_cart":false,"bundle_sold_individually_context":"","bundle_item_grouping":"","bundle_min_size":"","bundle_max_size":"","bundle_price":[],"bundled_items":[],"bundle_sell_ids":[],"acf":[],"yoast_head":"<!-- This site is optimized with the Yoast SEO plugin v25.9 - https:\/\/yoast.com\/wordpress\/plugins\/seo\/ -->\n<title>Silla Moon &#183; leg&amp;go<\/title>\n<meta name=\"description\" content=\"Puff Oso para ni\u00f1os en suave tejido teddy. Ligero, c\u00f3modo y con certificaci\u00f3n OEKO TEX. Perfecto para leer, jugar y relajarse en el dormitorio infantil.\" \/>\n<meta name=\"robots\" content=\"index, follow, max-snippet:-1, max-image-preview:large, max-video-preview:-1\" \/>\n<link rel=\"canonical\" href=\"https:\/\/legandgo.com\/es\/shop\/mobiliario-infantil\/silla-moon\/\" \/>\n<meta property=\"og:locale\" content=\"es_ES\" \/>\n<meta property=\"og:type\" content=\"article\" \/>\n<meta property=\"og:title\" content=\"Silla Moon &#183; leg&amp;go\" \/>\n<meta property=\"og:description\" content=\"Puff Oso para ni\u00f1os en suave tejido teddy. Ligero, c\u00f3modo y con certificaci\u00f3n OEKO TEX. Perfecto para leer, jugar y relajarse en el dormitorio infantil.\" \/>\n<meta property=\"og:url\" content=\"https:\/\/legandgo.com\/es\/shop\/mobiliario-infantil\/silla-moon\/\" \/>\n<meta property=\"og:site_name\" content=\"leg&amp;go\" \/>\n<meta property=\"article:publisher\" content=\"https:\/\/www.facebook.com\/legandgo\" \/>\n<meta property=\"article:modified_time\" content=\"2026-03-11T22:26:42+00:00\" \/>\n<meta property=\"og:image\" content=\"https:\/\/legandgo.com\/wp-content\/uploads\/2025\/03\/moon-chair-icon.jpg\" \/>\n\t<meta property=\"og:image:width\" content=\"900\" \/>\n\t<meta property=\"og:image:height\" content=\"900\" \/>\n\t<meta property=\"og:image:type\" content=\"image\/jpeg\" \/>\n<meta name=\"twitter:card\" content=\"summary_large_image\" \/>\n<script type=\"application\/ld+json\" class=\"yoast-schema-graph\">{\"@context\":\"https:\/\/schema.org\",\"@graph\":[{\"@type\":\"WebPage\",\"@id\":\"https:\/\/legandgo.com\/es\/shop\/mobiliario-infantil\/silla-moon\/\",\"url\":\"https:\/\/legandgo.com\/es\/shop\/mobiliario-infantil\/silla-moon\/\",\"name\":\"Silla Moon &#183; leg&amp;go\",\"isPartOf\":{\"@id\":\"https:\/\/legandgo.com\/es\/#website\"},\"primaryImageOfPage\":{\"@id\":\"https:\/\/legandgo.com\/es\/shop\/mobiliario-infantil\/silla-moon\/#primaryimage\"},\"image\":{\"@id\":\"https:\/\/legandgo.com\/es\/shop\/mobiliario-infantil\/silla-moon\/#primaryimage\"},\"thumbnailUrl\":\"https:\/\/legandgo.com\/wp-content\/uploads\/2025\/03\/moon-chair-icon.jpg\",\"datePublished\":\"2025-03-26T15:11:47+00:00\",\"dateModified\":\"2026-03-11T22:26:42+00:00\",\"description\":\"Puff Oso para ni\u00f1os en suave tejido teddy. Ligero, c\u00f3modo y con certificaci\u00f3n OEKO TEX. Perfecto para leer, jugar y relajarse en el dormitorio infantil.\",\"breadcrumb\":{\"@id\":\"https:\/\/legandgo.com\/es\/shop\/mobiliario-infantil\/silla-moon\/#breadcrumb\"},\"inLanguage\":\"es\",\"potentialAction\":[{\"@type\":\"ReadAction\",\"target\":[\"https:\/\/legandgo.com\/es\/shop\/mobiliario-infantil\/silla-moon\/\"]}]},{\"@type\":\"ImageObject\",\"inLanguage\":\"es\",\"@id\":\"https:\/\/legandgo.com\/es\/shop\/mobiliario-infantil\/silla-moon\/#primaryimage\",\"url\":\"https:\/\/legandgo.com\/wp-content\/uploads\/2025\/03\/moon-chair-icon.jpg\",\"contentUrl\":\"https:\/\/legandgo.com\/wp-content\/uploads\/2025\/03\/moon-chair-icon.jpg\",\"width\":900,\"height\":900,\"caption\":\"Kids Chair\"},{\"@type\":\"BreadcrumbList\",\"@id\":\"https:\/\/legandgo.com\/es\/shop\/mobiliario-infantil\/silla-moon\/#breadcrumb\",\"itemListElement\":[{\"@type\":\"ListItem\",\"position\":1,\"name\":\"Home\",\"item\":\"https:\/\/legandgo.com\/es\/\"},{\"@type\":\"ListItem\",\"position\":2,\"name\":\"Tienda\",\"item\":\"https:\/\/legandgo.com\/es\/shop\/\"},{\"@type\":\"ListItem\",\"position\":3,\"name\":\"Silla Moon\"}]},{\"@type\":\"WebSite\",\"@id\":\"https:\/\/legandgo.com\/es\/#website\",\"url\":\"https:\/\/legandgo.com\/es\/\",\"name\":\"leg&amp;go\",\"description\":\"\",\"publisher\":{\"@id\":\"https:\/\/legandgo.com\/es\/#organization\"},\"potentialAction\":[{\"@type\":\"SearchAction\",\"target\":{\"@type\":\"EntryPoint\",\"urlTemplate\":\"https:\/\/legandgo.com\/es\/?s={search_term_string}\"},\"query-input\":{\"@type\":\"PropertyValueSpecification\",\"valueRequired\":true,\"valueName\":\"search_term_string\"}}],\"inLanguage\":\"es\"},{\"@type\":\"Organization\",\"@id\":\"https:\/\/legandgo.com\/es\/#organization\",\"name\":\"leg&go bike\",\"url\":\"https:\/\/legandgo.com\/es\/\",\"logo\":{\"@type\":\"ImageObject\",\"inLanguage\":\"es\",\"@id\":\"https:\/\/legandgo.com\/es\/#\/schema\/logo\/image\/\",\"url\":\"https:\/\/legandgo.com\/wp-content\/uploads\/2021\/03\/logorf.png\",\"contentUrl\":\"https:\/\/legandgo.com\/wp-content\/uploads\/2021\/03\/logorf.png\",\"width\":675,\"height\":216,\"caption\":\"leg&go bike\"},\"image\":{\"@id\":\"https:\/\/legandgo.com\/es\/#\/schema\/logo\/image\/\"},\"sameAs\":[\"https:\/\/www.facebook.com\/legandgo\",\"https:\/\/www.instagram.com\/legandgo\/\",\"https:\/\/www.linkedin.com\/company\/legandgo\/\",\"https:\/\/www.pinterest.com\/legandgo\/\",\"https:\/\/www.youtube.com\/channel\/UC_FBzWPmKWE0g7fcR4Xdfuw\/\"]}]}<\/script>\n<!-- \/ Yoast SEO plugin. -->","yoast_head_json":{"title":"Silla Moon &#183; leg&amp;go","description":"Puff Oso para ni\u00f1os en suave tejido teddy. Ligero, c\u00f3modo y con certificaci\u00f3n OEKO TEX. Perfecto para leer, jugar y relajarse en el dormitorio infantil.","robots":{"index":"index","follow":"follow","max-snippet":"max-snippet:-1","max-image-preview":"max-image-preview:large","max-video-preview":"max-video-preview:-1"},"canonical":"https:\/\/legandgo.com\/es\/shop\/mobiliario-infantil\/silla-moon\/","og_locale":"es_ES","og_type":"article","og_title":"Silla Moon &#183; leg&amp;go","og_description":"Puff Oso para ni\u00f1os en suave tejido teddy. Ligero, c\u00f3modo y con certificaci\u00f3n OEKO TEX. Perfecto para leer, jugar y relajarse en el dormitorio infantil.","og_url":"https:\/\/legandgo.com\/es\/shop\/mobiliario-infantil\/silla-moon\/","og_site_name":"leg&amp;go","article_publisher":"https:\/\/www.facebook.com\/legandgo","article_modified_time":"2026-03-11T22:26:42+00:00","og_image":[{"width":900,"height":900,"url":"https:\/\/legandgo.com\/wp-content\/uploads\/2025\/03\/moon-chair-icon.jpg","type":"image\/jpeg"}],"twitter_card":"summary_large_image","schema":{"@context":"https:\/\/schema.org","@graph":[{"@type":"WebPage","@id":"https:\/\/legandgo.com\/es\/shop\/mobiliario-infantil\/silla-moon\/","url":"https:\/\/legandgo.com\/es\/shop\/mobiliario-infantil\/silla-moon\/","name":"Silla Moon &#183; leg&amp;go","isPartOf":{"@id":"https:\/\/legandgo.com\/es\/#website"},"primaryImageOfPage":{"@id":"https:\/\/legandgo.com\/es\/shop\/mobiliario-infantil\/silla-moon\/#primaryimage"},"image":{"@id":"https:\/\/legandgo.com\/es\/shop\/mobiliario-infantil\/silla-moon\/#primaryimage"},"thumbnailUrl":"https:\/\/legandgo.com\/wp-content\/uploads\/2025\/03\/moon-chair-icon.jpg","datePublished":"2025-03-26T15:11:47+00:00","dateModified":"2026-03-11T22:26:42+00:00","description":"Puff Oso para ni\u00f1os en suave tejido teddy. Ligero, c\u00f3modo y con certificaci\u00f3n OEKO TEX. Perfecto para leer, jugar y relajarse en el dormitorio infantil.","breadcrumb":{"@id":"https:\/\/legandgo.com\/es\/shop\/mobiliario-infantil\/silla-moon\/#breadcrumb"},"inLanguage":"es","potentialAction":[{"@type":"ReadAction","target":["https:\/\/legandgo.com\/es\/shop\/mobiliario-infantil\/silla-moon\/"]}]},{"@type":"ImageObject","inLanguage":"es","@id":"https:\/\/legandgo.com\/es\/shop\/mobiliario-infantil\/silla-moon\/#primaryimage","url":"https:\/\/legandgo.com\/wp-content\/uploads\/2025\/03\/moon-chair-icon.jpg","contentUrl":"https:\/\/legandgo.com\/wp-content\/uploads\/2025\/03\/moon-chair-icon.jpg","width":900,"height":900,"caption":"Kids Chair"},{"@type":"BreadcrumbList","@id":"https:\/\/legandgo.com\/es\/shop\/mobiliario-infantil\/silla-moon\/#breadcrumb","itemListElement":[{"@type":"ListItem","position":1,"name":"Home","item":"https:\/\/legandgo.com\/es\/"},{"@type":"ListItem","position":2,"name":"Tienda","item":"https:\/\/legandgo.com\/es\/shop\/"},{"@type":"ListItem","position":3,"name":"Silla Moon"}]},{"@type":"WebSite","@id":"https:\/\/legandgo.com\/es\/#website","url":"https:\/\/legandgo.com\/es\/","name":"leg&amp;go","description":"","publisher":{"@id":"https:\/\/legandgo.com\/es\/#organization"},"potentialAction":[{"@type":"SearchAction","target":{"@type":"EntryPoint","urlTemplate":"https:\/\/legandgo.com\/es\/?s={search_term_string}"},"query-input":{"@type":"PropertyValueSpecification","valueRequired":true,"valueName":"search_term_string"}}],"inLanguage":"es"},{"@type":"Organization","@id":"https:\/\/legandgo.com\/es\/#organization","name":"leg&go bike","url":"https:\/\/legandgo.com\/es\/","logo":{"@type":"ImageObject","inLanguage":"es","@id":"https:\/\/legandgo.com\/es\/#\/schema\/logo\/image\/","url":"https:\/\/legandgo.com\/wp-content\/uploads\/2021\/03\/logorf.png","contentUrl":"https:\/\/legandgo.com\/wp-content\/uploads\/2021\/03\/logorf.png","width":675,"height":216,"caption":"leg&go bike"},"image":{"@id":"https:\/\/legandgo.com\/es\/#\/schema\/logo\/image\/"},"sameAs":["https:\/\/www.facebook.com\/legandgo","https:\/\/www.instagram.com\/legandgo\/","https:\/\/www.linkedin.com\/company\/legandgo\/","https:\/\/www.pinterest.com\/legandgo\/","https:\/\/www.youtube.com\/channel\/UC_FBzWPmKWE0g7fcR4Xdfuw\/"]}]}},"_links":{"self":[{"href":"https:\/\/legandgo.com\/es\/wp-json\/wp\/v2\/product\/53623","targetHints":{"allow":["GET"]}}],"collection":[{"href":"https:\/\/legandgo.com\/es\/wp-json\/wp\/v2\/product"}],"about":[{"href":"https:\/\/legandgo.com\/es\/wp-json\/wp\/v2\/types\/product"}],"replies":[{"embeddable":true,"href":"https:\/\/legandgo.com\/es\/wp-json\/wp\/v2\/comments?post=53623"}],"version-history":[{"count":5,"href":"https:\/\/legandgo.com\/es\/wp-json\/wp\/v2\/product\/53623\/revisions"}],"predecessor-version":[{"id":54302,"href":"https:\/\/legandgo.com\/es\/wp-json\/wp\/v2\/product\/53623\/revisions\/54302"}],"wp:featuredmedia":[{"embeddable":true,"href":"https:\/\/legandgo.com\/es\/wp-json\/wp\/v2\/media\/37127"}],"wp:attachment":[{"href":"https:\/\/legandgo.com\/es\/wp-json\/wp\/v2\/media?parent=53623"}],"wp:term":[{"taxonomy":"product_brand","embeddable":true,"href":"https:\/\/legandgo.com\/es\/wp-json\/wp\/v2\/product_brand?post=53623"},{"taxonomy":"product_cat","embeddable":true,"href":"https:\/\/legandgo.com\/es\/wp-json\/wp\/v2\/product_cat?post=53623"},{"taxonomy":"product_tag","embeddable":true,"href":"https:\/\/legandgo.com\/es\/wp-json\/wp\/v2\/product_tag?post=53623"}],"curies":[{"name":"wp","href":"https:\/\/api.w.org\/{rel}","templated":true}]}}