{"id":53635,"date":"2025-03-31T09:04:33","date_gmt":"2025-03-31T07:04:33","guid":{"rendered":"https:\/\/legandgo.com\/shop\/sin%20categor\u00eda\/kids-play-sofa\/"},"modified":"2026-03-11T20:24:13","modified_gmt":"2026-03-11T18:24:13","slug":"kids-play-sofa","status":"publish","type":"product","link":"https:\/\/legandgo.com\/es\/shop\/mobiliario-infantil\/kids-play-sofa\/","title":{"rendered":"Sof\u00e1 de Juego para Ni\u00f1os"},"content":{"rendered":"<p style=\"font-weight: 400;\">Suave pero con buen soporte, se transforma f\u00e1cilmente de un c\u00f3modo sof\u00e1 infantil en un entorno creativo de juego donde la imaginaci\u00f3n marca el camino.<\/p>\n<p style=\"font-weight: 400;\">El Sof\u00e1 de Juego para Ni\u00f1os Wigiwama est\u00e1 dise\u00f1ado para un juego imaginativo sin l\u00edmites y momentos de relajaci\u00f3n acogedora. Su dise\u00f1o modular cuidadosamente creado de 9 piezas permite a los peque\u00f1os constructores crear fuertes, coches, rincones de lectura o escondites secretos. <\/p>\n<p style=\"font-weight: 400;\">Ligero y f\u00e1cil de mover, el Sof\u00e1 de Juego para Ni\u00f1os convierte cualquier dormitorio infantil o sala de juegos en un espacio acogedor para leer, descansar y vivir aventuras diarias.<\/p>\n<p style=\"font-weight: 400;\"><strong>Explora m\u00e1s abajo.<\/strong><\/p>\n","protected":false},"excerpt":{"rendered":"<p>Suave pero con buen soporte, se transforma f\u00e1cilmente de un c\u00f3modo sof\u00e1 infantil en un entorno creativo de juego donde la imaginaci\u00f3n marca el camino. El Sof\u00e1 de Juego para Ni\u00f1os Wigiwama est\u00e1 dise\u00f1ado para un juego imaginativo sin l\u00edmites y momentos de relajaci\u00f3n acogedora. Su dise\u00f1o modular cuidadosamente creado de 9 piezas permite a<a class=\"excerpt-read-more\" href=\"https:\/\/legandgo.com\/es\/shop\/mobiliario-infantil\/kids-play-sofa\/\" title=\"ReadSof\u00e1 de Juego para Ni\u00f1os\">&#8230; Read more &raquo;<\/a><\/p>\n","protected":false},"featured_media":36931,"comment_status":"closed","ping_status":"closed","template":"","meta":{"_acf_changed":false,"inline_featured_image":false,"footnotes":""},"product_brand":[],"product_cat":[1015,1317],"product_tag":[1484,1477,1480,1479,1481,1486,1476,1623,1478,1485,1482,1622,1610,1625,1611,1624,1483],"class_list":{"0":"post-53635","1":"product","2":"type-product","3":"status-publish","4":"has-post-thumbnail","6":"product_cat-mobiliario-infantil","7":"product_cat-muebles","8":"product_tag-childrens-seating","9":"product_tag-childrens-sofa","10":"product_tag-childrens-sofa-beds","11":"product_tag-infant-sofa","12":"product_tag-kiddies-sofas","13":"product_tag-kids-couch","14":"product_tag-kids-sofa","15":"product_tag-ninos-suaves","16":"product_tag-play-couch","17":"product_tag-play-sofas","18":"product_tag-playroom-sofa","19":"product_tag-sofa-desplegable-para-ninos","20":"product_tag-sofa-infantil","21":"product_tag-sofa-modular-para-ninos","22":"product_tag-sofa-para-ninos-pequenos","23":"product_tag-sofa-settee-para-ninos","24":"product_tag-soft-play-furniture","25":"product_shipping_class-settee-sofa-shipping-es","26":"pa_color-brown-sugar","27":"pa_color-crema-blanco","28":"pa_color-galleta","29":"pa_color-toffee","31":"first","32":"instock","33":"purchasable","34":"product-type-variable"},"bundled_by":[],"bundle_stock_status":"instock","bundle_stock_quantity":null,"bundle_virtual":false,"bundle_layout":"","bundle_add_to_cart_form_location":"","bundle_editable_in_cart":false,"bundle_sold_individually_context":"","bundle_item_grouping":"","bundle_min_size":"","bundle_max_size":"","bundle_price":[],"bundled_items":[],"bundle_sell_ids":[],"acf":[],"yoast_head":"<!-- This site is optimized with the Yoast SEO plugin v25.9 - https:\/\/yoast.com\/wordpress\/plugins\/seo\/ -->\n<title>Sof\u00e1 de Juego para Ni\u00f1os &#183; leg&amp;go<\/title>\n<meta name=\"description\" content=\"Asiento de sof\u00e1 moderno para ni\u00f1os con un dise\u00f1o de bloques suaves. Dise\u00f1o modular que combina comodidad, juego y estilo en hogares contempor\u00e1neos.\" \/>\n<meta name=\"robots\" content=\"index, follow, max-snippet:-1, max-image-preview:large, max-video-preview:-1\" \/>\n<link rel=\"canonical\" href=\"https:\/\/legandgo.com\/es\/shop\/mobiliario-infantil\/kids-play-sofa\/\" \/>\n<meta property=\"og:locale\" content=\"es_ES\" \/>\n<meta property=\"og:type\" content=\"article\" \/>\n<meta property=\"og:title\" content=\"Sof\u00e1 de Juego para Ni\u00f1os &#183; leg&amp;go\" \/>\n<meta property=\"og:description\" content=\"Asiento de sof\u00e1 moderno para ni\u00f1os con un dise\u00f1o de bloques suaves. Dise\u00f1o modular que combina comodidad, juego y estilo en hogares contempor\u00e1neos.\" \/>\n<meta property=\"og:url\" content=\"https:\/\/legandgo.com\/es\/shop\/mobiliario-infantil\/kids-play-sofa\/\" \/>\n<meta property=\"og:site_name\" content=\"leg&amp;go\" \/>\n<meta property=\"article:publisher\" content=\"https:\/\/www.facebook.com\/legandgo\" \/>\n<meta property=\"article:modified_time\" content=\"2026-03-11T18:24:13+00:00\" \/>\n<meta property=\"og:image\" content=\"https:\/\/legandgo.com\/wp-content\/uploads\/2025\/03\/icon-sofa-1.jpg\" \/>\n\t<meta property=\"og:image:width\" content=\"250\" \/>\n\t<meta property=\"og:image:height\" content=\"250\" \/>\n\t<meta property=\"og:image:type\" content=\"image\/jpeg\" \/>\n<meta name=\"twitter:card\" content=\"summary_large_image\" \/>\n<meta name=\"twitter:label1\" content=\"Est. reading time\" \/>\n\t<meta name=\"twitter:data1\" content=\"1 minuto\" \/>\n<script type=\"application\/ld+json\" class=\"yoast-schema-graph\">{\"@context\":\"https:\/\/schema.org\",\"@graph\":[{\"@type\":\"WebPage\",\"@id\":\"https:\/\/legandgo.com\/es\/shop\/mobiliario-infantil\/kids-play-sofa\/\",\"url\":\"https:\/\/legandgo.com\/es\/shop\/mobiliario-infantil\/kids-play-sofa\/\",\"name\":\"Sof\u00e1 de Juego para Ni\u00f1os &#183; leg&amp;go\",\"isPartOf\":{\"@id\":\"https:\/\/legandgo.com\/es\/#website\"},\"primaryImageOfPage\":{\"@id\":\"https:\/\/legandgo.com\/es\/shop\/mobiliario-infantil\/kids-play-sofa\/#primaryimage\"},\"image\":{\"@id\":\"https:\/\/legandgo.com\/es\/shop\/mobiliario-infantil\/kids-play-sofa\/#primaryimage\"},\"thumbnailUrl\":\"https:\/\/legandgo.com\/wp-content\/uploads\/2025\/03\/icon-sofa-1.jpg\",\"datePublished\":\"2025-03-31T07:04:33+00:00\",\"dateModified\":\"2026-03-11T18:24:13+00:00\",\"description\":\"Asiento de sof\u00e1 moderno para ni\u00f1os con un dise\u00f1o de bloques suaves. Dise\u00f1o modular que combina comodidad, juego y estilo en hogares contempor\u00e1neos.\",\"breadcrumb\":{\"@id\":\"https:\/\/legandgo.com\/es\/shop\/mobiliario-infantil\/kids-play-sofa\/#breadcrumb\"},\"inLanguage\":\"es\",\"potentialAction\":[{\"@type\":\"ReadAction\",\"target\":[\"https:\/\/legandgo.com\/es\/shop\/mobiliario-infantil\/kids-play-sofa\/\"]}]},{\"@type\":\"ImageObject\",\"inLanguage\":\"es\",\"@id\":\"https:\/\/legandgo.com\/es\/shop\/mobiliario-infantil\/kids-play-sofa\/#primaryimage\",\"url\":\"https:\/\/legandgo.com\/wp-content\/uploads\/2025\/03\/icon-sofa-1.jpg\",\"contentUrl\":\"https:\/\/legandgo.com\/wp-content\/uploads\/2025\/03\/icon-sofa-1.jpg\",\"width\":250,\"height\":250,\"caption\":\"play couch kids\"},{\"@type\":\"BreadcrumbList\",\"@id\":\"https:\/\/legandgo.com\/es\/shop\/mobiliario-infantil\/kids-play-sofa\/#breadcrumb\",\"itemListElement\":[{\"@type\":\"ListItem\",\"position\":1,\"name\":\"Home\",\"item\":\"https:\/\/legandgo.com\/es\/\"},{\"@type\":\"ListItem\",\"position\":2,\"name\":\"Tienda\",\"item\":\"https:\/\/legandgo.com\/es\/shop\/\"},{\"@type\":\"ListItem\",\"position\":3,\"name\":\"Sof\u00e1 de Juego para Ni\u00f1os\"}]},{\"@type\":\"WebSite\",\"@id\":\"https:\/\/legandgo.com\/es\/#website\",\"url\":\"https:\/\/legandgo.com\/es\/\",\"name\":\"leg&amp;go\",\"description\":\"\",\"publisher\":{\"@id\":\"https:\/\/legandgo.com\/es\/#organization\"},\"potentialAction\":[{\"@type\":\"SearchAction\",\"target\":{\"@type\":\"EntryPoint\",\"urlTemplate\":\"https:\/\/legandgo.com\/es\/?s={search_term_string}\"},\"query-input\":{\"@type\":\"PropertyValueSpecification\",\"valueRequired\":true,\"valueName\":\"search_term_string\"}}],\"inLanguage\":\"es\"},{\"@type\":\"Organization\",\"@id\":\"https:\/\/legandgo.com\/es\/#organization\",\"name\":\"leg&go bike\",\"url\":\"https:\/\/legandgo.com\/es\/\",\"logo\":{\"@type\":\"ImageObject\",\"inLanguage\":\"es\",\"@id\":\"https:\/\/legandgo.com\/es\/#\/schema\/logo\/image\/\",\"url\":\"https:\/\/legandgo.com\/wp-content\/uploads\/2021\/03\/logorf.png\",\"contentUrl\":\"https:\/\/legandgo.com\/wp-content\/uploads\/2021\/03\/logorf.png\",\"width\":675,\"height\":216,\"caption\":\"leg&go bike\"},\"image\":{\"@id\":\"https:\/\/legandgo.com\/es\/#\/schema\/logo\/image\/\"},\"sameAs\":[\"https:\/\/www.facebook.com\/legandgo\",\"https:\/\/www.instagram.com\/legandgo\/\",\"https:\/\/www.linkedin.com\/company\/legandgo\/\",\"https:\/\/www.pinterest.com\/legandgo\/\",\"https:\/\/www.youtube.com\/channel\/UC_FBzWPmKWE0g7fcR4Xdfuw\/\"]}]}<\/script>\n<!-- \/ Yoast SEO plugin. -->","yoast_head_json":{"title":"Sof\u00e1 de Juego para Ni\u00f1os &#183; leg&amp;go","description":"Asiento de sof\u00e1 moderno para ni\u00f1os con un dise\u00f1o de bloques suaves. Dise\u00f1o modular que combina comodidad, juego y estilo en hogares contempor\u00e1neos.","robots":{"index":"index","follow":"follow","max-snippet":"max-snippet:-1","max-image-preview":"max-image-preview:large","max-video-preview":"max-video-preview:-1"},"canonical":"https:\/\/legandgo.com\/es\/shop\/mobiliario-infantil\/kids-play-sofa\/","og_locale":"es_ES","og_type":"article","og_title":"Sof\u00e1 de Juego para Ni\u00f1os &#183; leg&amp;go","og_description":"Asiento de sof\u00e1 moderno para ni\u00f1os con un dise\u00f1o de bloques suaves. Dise\u00f1o modular que combina comodidad, juego y estilo en hogares contempor\u00e1neos.","og_url":"https:\/\/legandgo.com\/es\/shop\/mobiliario-infantil\/kids-play-sofa\/","og_site_name":"leg&amp;go","article_publisher":"https:\/\/www.facebook.com\/legandgo","article_modified_time":"2026-03-11T18:24:13+00:00","og_image":[{"width":250,"height":250,"url":"https:\/\/legandgo.com\/wp-content\/uploads\/2025\/03\/icon-sofa-1.jpg","type":"image\/jpeg"}],"twitter_card":"summary_large_image","twitter_misc":{"Est. reading time":"1 minuto"},"schema":{"@context":"https:\/\/schema.org","@graph":[{"@type":"WebPage","@id":"https:\/\/legandgo.com\/es\/shop\/mobiliario-infantil\/kids-play-sofa\/","url":"https:\/\/legandgo.com\/es\/shop\/mobiliario-infantil\/kids-play-sofa\/","name":"Sof\u00e1 de Juego para Ni\u00f1os &#183; leg&amp;go","isPartOf":{"@id":"https:\/\/legandgo.com\/es\/#website"},"primaryImageOfPage":{"@id":"https:\/\/legandgo.com\/es\/shop\/mobiliario-infantil\/kids-play-sofa\/#primaryimage"},"image":{"@id":"https:\/\/legandgo.com\/es\/shop\/mobiliario-infantil\/kids-play-sofa\/#primaryimage"},"thumbnailUrl":"https:\/\/legandgo.com\/wp-content\/uploads\/2025\/03\/icon-sofa-1.jpg","datePublished":"2025-03-31T07:04:33+00:00","dateModified":"2026-03-11T18:24:13+00:00","description":"Asiento de sof\u00e1 moderno para ni\u00f1os con un dise\u00f1o de bloques suaves. Dise\u00f1o modular que combina comodidad, juego y estilo en hogares contempor\u00e1neos.","breadcrumb":{"@id":"https:\/\/legandgo.com\/es\/shop\/mobiliario-infantil\/kids-play-sofa\/#breadcrumb"},"inLanguage":"es","potentialAction":[{"@type":"ReadAction","target":["https:\/\/legandgo.com\/es\/shop\/mobiliario-infantil\/kids-play-sofa\/"]}]},{"@type":"ImageObject","inLanguage":"es","@id":"https:\/\/legandgo.com\/es\/shop\/mobiliario-infantil\/kids-play-sofa\/#primaryimage","url":"https:\/\/legandgo.com\/wp-content\/uploads\/2025\/03\/icon-sofa-1.jpg","contentUrl":"https:\/\/legandgo.com\/wp-content\/uploads\/2025\/03\/icon-sofa-1.jpg","width":250,"height":250,"caption":"play couch kids"},{"@type":"BreadcrumbList","@id":"https:\/\/legandgo.com\/es\/shop\/mobiliario-infantil\/kids-play-sofa\/#breadcrumb","itemListElement":[{"@type":"ListItem","position":1,"name":"Home","item":"https:\/\/legandgo.com\/es\/"},{"@type":"ListItem","position":2,"name":"Tienda","item":"https:\/\/legandgo.com\/es\/shop\/"},{"@type":"ListItem","position":3,"name":"Sof\u00e1 de Juego para Ni\u00f1os"}]},{"@type":"WebSite","@id":"https:\/\/legandgo.com\/es\/#website","url":"https:\/\/legandgo.com\/es\/","name":"leg&amp;go","description":"","publisher":{"@id":"https:\/\/legandgo.com\/es\/#organization"},"potentialAction":[{"@type":"SearchAction","target":{"@type":"EntryPoint","urlTemplate":"https:\/\/legandgo.com\/es\/?s={search_term_string}"},"query-input":{"@type":"PropertyValueSpecification","valueRequired":true,"valueName":"search_term_string"}}],"inLanguage":"es"},{"@type":"Organization","@id":"https:\/\/legandgo.com\/es\/#organization","name":"leg&go bike","url":"https:\/\/legandgo.com\/es\/","logo":{"@type":"ImageObject","inLanguage":"es","@id":"https:\/\/legandgo.com\/es\/#\/schema\/logo\/image\/","url":"https:\/\/legandgo.com\/wp-content\/uploads\/2021\/03\/logorf.png","contentUrl":"https:\/\/legandgo.com\/wp-content\/uploads\/2021\/03\/logorf.png","width":675,"height":216,"caption":"leg&go bike"},"image":{"@id":"https:\/\/legandgo.com\/es\/#\/schema\/logo\/image\/"},"sameAs":["https:\/\/www.facebook.com\/legandgo","https:\/\/www.instagram.com\/legandgo\/","https:\/\/www.linkedin.com\/company\/legandgo\/","https:\/\/www.pinterest.com\/legandgo\/","https:\/\/www.youtube.com\/channel\/UC_FBzWPmKWE0g7fcR4Xdfuw\/"]}]}},"_links":{"self":[{"href":"https:\/\/legandgo.com\/es\/wp-json\/wp\/v2\/product\/53635","targetHints":{"allow":["GET"]}}],"collection":[{"href":"https:\/\/legandgo.com\/es\/wp-json\/wp\/v2\/product"}],"about":[{"href":"https:\/\/legandgo.com\/es\/wp-json\/wp\/v2\/types\/product"}],"replies":[{"embeddable":true,"href":"https:\/\/legandgo.com\/es\/wp-json\/wp\/v2\/comments?post=53635"}],"version-history":[{"count":4,"href":"https:\/\/legandgo.com\/es\/wp-json\/wp\/v2\/product\/53635\/revisions"}],"predecessor-version":[{"id":54287,"href":"https:\/\/legandgo.com\/es\/wp-json\/wp\/v2\/product\/53635\/revisions\/54287"}],"wp:featuredmedia":[{"embeddable":true,"href":"https:\/\/legandgo.com\/es\/wp-json\/wp\/v2\/media\/36931"}],"wp:attachment":[{"href":"https:\/\/legandgo.com\/es\/wp-json\/wp\/v2\/media?parent=53635"}],"wp:term":[{"taxonomy":"product_brand","embeddable":true,"href":"https:\/\/legandgo.com\/es\/wp-json\/wp\/v2\/product_brand?post=53635"},{"taxonomy":"product_cat","embeddable":true,"href":"https:\/\/legandgo.com\/es\/wp-json\/wp\/v2\/product_cat?post=53635"},{"taxonomy":"product_tag","embeddable":true,"href":"https:\/\/legandgo.com\/es\/wp-json\/wp\/v2\/product_tag?post=53635"}],"curies":[{"name":"wp","href":"https:\/\/api.w.org\/{rel}","templated":true}]}}