{"id":63728,"date":"2026-04-22T16:13:09","date_gmt":"2026-04-22T14:13:09","guid":{"rendered":"https:\/\/legandgo.com\/shop\/sin%20categor\u00eda\/bicycle-go\/"},"modified":"2026-04-23T11:01:16","modified_gmt":"2026-04-23T09:01:16","slug":"bicycle-go","status":"publish","type":"product","link":"https:\/\/legandgo.com\/es\/shop\/bicicletas-de-equilibrio-y-mas\/bicycle-go\/","title":{"rendered":"Bicycle Go"},"content":{"rendered":"<p style=\"font-weight: 400;\">La primera bicicleta de pedales de 14\u2033 ultraligera, dise\u00f1ada para empezar con confianza.<\/p>\n<p style=\"font-weight: 400;\">Con un cuadro de madera ligero (solo 4,9 kg), una geometr\u00eda intuitiva y detalles centrados en la seguridad, Bicycle Go hace que aprender a montar en bicicleta se sienta natural desde el primer momento.<\/p>\n<p style=\"font-weight: 400;\">Dise\u00f1ada para ni\u00f1os a partir de 3 a\u00f1os.<br \/>\n<strong>Descubre m\u00e1s a continuaci\u00f3n.<\/strong><\/p>\n","protected":false},"excerpt":{"rendered":"<p>La primera bicicleta de pedales de 14\u2033 ultraligera, dise\u00f1ada para empezar con confianza. Con un cuadro de madera ligero (solo 4,9 kg), una geometr\u00eda intuitiva y detalles centrados en la seguridad, Bicycle Go hace que aprender a montar en bicicleta se sienta natural desde el primer momento. Dise\u00f1ada para ni\u00f1os a partir de 3 a\u00f1os.<a class=\"excerpt-read-more\" href=\"https:\/\/legandgo.com\/es\/shop\/bicicletas-de-equilibrio-y-mas\/bicycle-go\/\" title=\"ReadBicycle Go\">&#8230; Read more &raquo;<\/a><\/p>\n","protected":false},"featured_media":63687,"comment_status":"open","ping_status":"closed","template":"","meta":{"_acf_changed":false,"inline_featured_image":false,"footnotes":""},"product_brand":[],"product_cat":[1313],"product_tag":[1813,1812,1814],"class_list":{"0":"post-63728","1":"product","2":"type-product","3":"status-publish","4":"has-post-thumbnail","6":"product_cat-bicicletas-de-equilibrio-y-mas","7":"product_tag-bicicleta","8":"product_tag-bicicleta-de-equilibrio","9":"product_tag-bicicleta-de-pedales","10":"product_shipping_class-bike-shipping-es","12":"first","13":"instock","14":"sale","15":"purchasable","16":"product-type-simple"},"bundled_by":[],"bundle_stock_status":"instock","bundle_stock_quantity":null,"bundle_virtual":false,"bundle_layout":"","bundle_add_to_cart_form_location":"","bundle_editable_in_cart":false,"bundle_sold_individually_context":"","bundle_item_grouping":"","bundle_min_size":"","bundle_max_size":"","bundle_price":[],"bundled_items":[],"bundle_sell_ids":[],"acf":[],"yoast_head":"<!-- This site is optimized with the Yoast SEO plugin v25.9 - https:\/\/yoast.com\/wordpress\/plugins\/seo\/ -->\n<title>Bicycle Go &#183; leg&amp;go<\/title>\n<meta name=\"description\" content=\"La primera bicicleta leg&amp;go para ni\u00f1os a partir de 3 a\u00f1os. Perfecta para aprender a pedalear de forma segura.\" \/>\n<meta name=\"robots\" content=\"index, follow, max-snippet:-1, max-image-preview:large, max-video-preview:-1\" \/>\n<link rel=\"canonical\" href=\"https:\/\/legandgo.com\/es\/shop\/bicicletas-de-equilibrio-y-mas\/bicycle-go\/\" \/>\n<meta property=\"og:locale\" content=\"es_ES\" \/>\n<meta property=\"og:type\" content=\"article\" \/>\n<meta property=\"og:title\" content=\"Bicycle Go &#183; leg&amp;go\" \/>\n<meta property=\"og:description\" content=\"La primera bicicleta leg&amp;go para ni\u00f1os a partir de 3 a\u00f1os. Perfecta para aprender a pedalear de forma segura.\" \/>\n<meta property=\"og:url\" content=\"https:\/\/legandgo.com\/es\/shop\/bicicletas-de-equilibrio-y-mas\/bicycle-go\/\" \/>\n<meta property=\"og:site_name\" content=\"leg&amp;go\" \/>\n<meta property=\"article:publisher\" content=\"https:\/\/www.facebook.com\/legandgo\" \/>\n<meta property=\"article:modified_time\" content=\"2026-04-23T09:01:16+00:00\" \/>\n<meta property=\"og:image\" content=\"https:\/\/legandgo.com\/wp-content\/uploads\/2026\/04\/legandgo-pedal-bike-add-on-3-scaled.png\" \/>\n\t<meta property=\"og:image:width\" content=\"2560\" \/>\n\t<meta property=\"og:image:height\" content=\"1708\" \/>\n\t<meta property=\"og:image:type\" content=\"image\/png\" \/>\n<meta name=\"twitter:card\" content=\"summary_large_image\" \/>\n<script type=\"application\/ld+json\" class=\"yoast-schema-graph\">{\"@context\":\"https:\/\/schema.org\",\"@graph\":[{\"@type\":\"WebPage\",\"@id\":\"https:\/\/legandgo.com\/es\/shop\/bicicletas-de-equilibrio-y-mas\/bicycle-go\/\",\"url\":\"https:\/\/legandgo.com\/es\/shop\/bicicletas-de-equilibrio-y-mas\/bicycle-go\/\",\"name\":\"Bicycle Go &#183; leg&amp;go\",\"isPartOf\":{\"@id\":\"https:\/\/legandgo.com\/es\/#website\"},\"primaryImageOfPage\":{\"@id\":\"https:\/\/legandgo.com\/es\/shop\/bicicletas-de-equilibrio-y-mas\/bicycle-go\/#primaryimage\"},\"image\":{\"@id\":\"https:\/\/legandgo.com\/es\/shop\/bicicletas-de-equilibrio-y-mas\/bicycle-go\/#primaryimage\"},\"thumbnailUrl\":\"https:\/\/legandgo.com\/wp-content\/uploads\/2026\/04\/legandgo-pedal-bike-add-on-3-scaled.png\",\"datePublished\":\"2026-04-22T14:13:09+00:00\",\"dateModified\":\"2026-04-23T09:01:16+00:00\",\"description\":\"La primera bicicleta leg&go para ni\u00f1os a partir de 3 a\u00f1os. Perfecta para aprender a pedalear de forma segura.\",\"breadcrumb\":{\"@id\":\"https:\/\/legandgo.com\/es\/shop\/bicicletas-de-equilibrio-y-mas\/bicycle-go\/#breadcrumb\"},\"inLanguage\":\"es\",\"potentialAction\":[{\"@type\":\"ReadAction\",\"target\":[\"https:\/\/legandgo.com\/es\/shop\/bicicletas-de-equilibrio-y-mas\/bicycle-go\/\"]}]},{\"@type\":\"ImageObject\",\"inLanguage\":\"es\",\"@id\":\"https:\/\/legandgo.com\/es\/shop\/bicicletas-de-equilibrio-y-mas\/bicycle-go\/#primaryimage\",\"url\":\"https:\/\/legandgo.com\/wp-content\/uploads\/2026\/04\/legandgo-pedal-bike-add-on-3-scaled.png\",\"contentUrl\":\"https:\/\/legandgo.com\/wp-content\/uploads\/2026\/04\/legandgo-pedal-bike-add-on-3-scaled.png\",\"width\":2560,\"height\":1708},{\"@type\":\"BreadcrumbList\",\"@id\":\"https:\/\/legandgo.com\/es\/shop\/bicicletas-de-equilibrio-y-mas\/bicycle-go\/#breadcrumb\",\"itemListElement\":[{\"@type\":\"ListItem\",\"position\":1,\"name\":\"Home\",\"item\":\"https:\/\/legandgo.com\/es\/\"},{\"@type\":\"ListItem\",\"position\":2,\"name\":\"Tienda\",\"item\":\"https:\/\/legandgo.com\/es\/shop\/\"},{\"@type\":\"ListItem\",\"position\":3,\"name\":\"Bicycle Go\"}]},{\"@type\":\"WebSite\",\"@id\":\"https:\/\/legandgo.com\/es\/#website\",\"url\":\"https:\/\/legandgo.com\/es\/\",\"name\":\"leg&amp;go\",\"description\":\"\",\"publisher\":{\"@id\":\"https:\/\/legandgo.com\/es\/#organization\"},\"potentialAction\":[{\"@type\":\"SearchAction\",\"target\":{\"@type\":\"EntryPoint\",\"urlTemplate\":\"https:\/\/legandgo.com\/es\/?s={search_term_string}\"},\"query-input\":{\"@type\":\"PropertyValueSpecification\",\"valueRequired\":true,\"valueName\":\"search_term_string\"}}],\"inLanguage\":\"es\"},{\"@type\":\"Organization\",\"@id\":\"https:\/\/legandgo.com\/es\/#organization\",\"name\":\"leg&go bike\",\"url\":\"https:\/\/legandgo.com\/es\/\",\"logo\":{\"@type\":\"ImageObject\",\"inLanguage\":\"es\",\"@id\":\"https:\/\/legandgo.com\/es\/#\/schema\/logo\/image\/\",\"url\":\"https:\/\/legandgo.com\/wp-content\/uploads\/2021\/03\/logorf.png\",\"contentUrl\":\"https:\/\/legandgo.com\/wp-content\/uploads\/2021\/03\/logorf.png\",\"width\":675,\"height\":216,\"caption\":\"leg&go bike\"},\"image\":{\"@id\":\"https:\/\/legandgo.com\/es\/#\/schema\/logo\/image\/\"},\"sameAs\":[\"https:\/\/www.facebook.com\/legandgo\",\"https:\/\/www.instagram.com\/legandgo\/\",\"https:\/\/www.linkedin.com\/company\/legandgo\/\",\"https:\/\/www.pinterest.com\/legandgo\/\",\"https:\/\/www.youtube.com\/channel\/UC_FBzWPmKWE0g7fcR4Xdfuw\/\"]}]}<\/script>\n<!-- \/ Yoast SEO plugin. -->","yoast_head_json":{"title":"Bicycle Go &#183; leg&amp;go","description":"La primera bicicleta leg&go para ni\u00f1os a partir de 3 a\u00f1os. Perfecta para aprender a pedalear de forma segura.","robots":{"index":"index","follow":"follow","max-snippet":"max-snippet:-1","max-image-preview":"max-image-preview:large","max-video-preview":"max-video-preview:-1"},"canonical":"https:\/\/legandgo.com\/es\/shop\/bicicletas-de-equilibrio-y-mas\/bicycle-go\/","og_locale":"es_ES","og_type":"article","og_title":"Bicycle Go &#183; leg&amp;go","og_description":"La primera bicicleta leg&go para ni\u00f1os a partir de 3 a\u00f1os. Perfecta para aprender a pedalear de forma segura.","og_url":"https:\/\/legandgo.com\/es\/shop\/bicicletas-de-equilibrio-y-mas\/bicycle-go\/","og_site_name":"leg&amp;go","article_publisher":"https:\/\/www.facebook.com\/legandgo","article_modified_time":"2026-04-23T09:01:16+00:00","og_image":[{"width":2560,"height":1708,"url":"https:\/\/legandgo.com\/wp-content\/uploads\/2026\/04\/legandgo-pedal-bike-add-on-3-scaled.png","type":"image\/png"}],"twitter_card":"summary_large_image","schema":{"@context":"https:\/\/schema.org","@graph":[{"@type":"WebPage","@id":"https:\/\/legandgo.com\/es\/shop\/bicicletas-de-equilibrio-y-mas\/bicycle-go\/","url":"https:\/\/legandgo.com\/es\/shop\/bicicletas-de-equilibrio-y-mas\/bicycle-go\/","name":"Bicycle Go &#183; leg&amp;go","isPartOf":{"@id":"https:\/\/legandgo.com\/es\/#website"},"primaryImageOfPage":{"@id":"https:\/\/legandgo.com\/es\/shop\/bicicletas-de-equilibrio-y-mas\/bicycle-go\/#primaryimage"},"image":{"@id":"https:\/\/legandgo.com\/es\/shop\/bicicletas-de-equilibrio-y-mas\/bicycle-go\/#primaryimage"},"thumbnailUrl":"https:\/\/legandgo.com\/wp-content\/uploads\/2026\/04\/legandgo-pedal-bike-add-on-3-scaled.png","datePublished":"2026-04-22T14:13:09+00:00","dateModified":"2026-04-23T09:01:16+00:00","description":"La primera bicicleta leg&go para ni\u00f1os a partir de 3 a\u00f1os. Perfecta para aprender a pedalear de forma segura.","breadcrumb":{"@id":"https:\/\/legandgo.com\/es\/shop\/bicicletas-de-equilibrio-y-mas\/bicycle-go\/#breadcrumb"},"inLanguage":"es","potentialAction":[{"@type":"ReadAction","target":["https:\/\/legandgo.com\/es\/shop\/bicicletas-de-equilibrio-y-mas\/bicycle-go\/"]}]},{"@type":"ImageObject","inLanguage":"es","@id":"https:\/\/legandgo.com\/es\/shop\/bicicletas-de-equilibrio-y-mas\/bicycle-go\/#primaryimage","url":"https:\/\/legandgo.com\/wp-content\/uploads\/2026\/04\/legandgo-pedal-bike-add-on-3-scaled.png","contentUrl":"https:\/\/legandgo.com\/wp-content\/uploads\/2026\/04\/legandgo-pedal-bike-add-on-3-scaled.png","width":2560,"height":1708},{"@type":"BreadcrumbList","@id":"https:\/\/legandgo.com\/es\/shop\/bicicletas-de-equilibrio-y-mas\/bicycle-go\/#breadcrumb","itemListElement":[{"@type":"ListItem","position":1,"name":"Home","item":"https:\/\/legandgo.com\/es\/"},{"@type":"ListItem","position":2,"name":"Tienda","item":"https:\/\/legandgo.com\/es\/shop\/"},{"@type":"ListItem","position":3,"name":"Bicycle Go"}]},{"@type":"WebSite","@id":"https:\/\/legandgo.com\/es\/#website","url":"https:\/\/legandgo.com\/es\/","name":"leg&amp;go","description":"","publisher":{"@id":"https:\/\/legandgo.com\/es\/#organization"},"potentialAction":[{"@type":"SearchAction","target":{"@type":"EntryPoint","urlTemplate":"https:\/\/legandgo.com\/es\/?s={search_term_string}"},"query-input":{"@type":"PropertyValueSpecification","valueRequired":true,"valueName":"search_term_string"}}],"inLanguage":"es"},{"@type":"Organization","@id":"https:\/\/legandgo.com\/es\/#organization","name":"leg&go bike","url":"https:\/\/legandgo.com\/es\/","logo":{"@type":"ImageObject","inLanguage":"es","@id":"https:\/\/legandgo.com\/es\/#\/schema\/logo\/image\/","url":"https:\/\/legandgo.com\/wp-content\/uploads\/2021\/03\/logorf.png","contentUrl":"https:\/\/legandgo.com\/wp-content\/uploads\/2021\/03\/logorf.png","width":675,"height":216,"caption":"leg&go bike"},"image":{"@id":"https:\/\/legandgo.com\/es\/#\/schema\/logo\/image\/"},"sameAs":["https:\/\/www.facebook.com\/legandgo","https:\/\/www.instagram.com\/legandgo\/","https:\/\/www.linkedin.com\/company\/legandgo\/","https:\/\/www.pinterest.com\/legandgo\/","https:\/\/www.youtube.com\/channel\/UC_FBzWPmKWE0g7fcR4Xdfuw\/"]}]}},"_links":{"self":[{"href":"https:\/\/legandgo.com\/es\/wp-json\/wp\/v2\/product\/63728","targetHints":{"allow":["GET"]}}],"collection":[{"href":"https:\/\/legandgo.com\/es\/wp-json\/wp\/v2\/product"}],"about":[{"href":"https:\/\/legandgo.com\/es\/wp-json\/wp\/v2\/types\/product"}],"replies":[{"embeddable":true,"href":"https:\/\/legandgo.com\/es\/wp-json\/wp\/v2\/comments?post=63728"}],"version-history":[{"count":2,"href":"https:\/\/legandgo.com\/es\/wp-json\/wp\/v2\/product\/63728\/revisions"}],"predecessor-version":[{"id":63739,"href":"https:\/\/legandgo.com\/es\/wp-json\/wp\/v2\/product\/63728\/revisions\/63739"}],"wp:featuredmedia":[{"embeddable":true,"href":"https:\/\/legandgo.com\/es\/wp-json\/wp\/v2\/media\/63687"}],"wp:attachment":[{"href":"https:\/\/legandgo.com\/es\/wp-json\/wp\/v2\/media?parent=63728"}],"wp:term":[{"taxonomy":"product_brand","embeddable":true,"href":"https:\/\/legandgo.com\/es\/wp-json\/wp\/v2\/product_brand?post=63728"},{"taxonomy":"product_cat","embeddable":true,"href":"https:\/\/legandgo.com\/es\/wp-json\/wp\/v2\/product_cat?post=63728"},{"taxonomy":"product_tag","embeddable":true,"href":"https:\/\/legandgo.com\/es\/wp-json\/wp\/v2\/product_tag?post=63728"}],"curies":[{"name":"wp","href":"https:\/\/api.w.org\/{rel}","templated":true}]}}