{"id":63866,"date":"2026-04-24T18:33:27","date_gmt":"2026-04-24T16:33:27","guid":{"rendered":"https:\/\/legandgo.com\/shop\/sin%20categor\u00eda\/elephino-balancin\/"},"modified":"2026-04-24T18:43:36","modified_gmt":"2026-04-24T16:43:36","slug":"elephino-balancin","status":"publish","type":"product","link":"https:\/\/legandgo.com\/es\/shop\/juguetes\/elephino-balancin\/","title":{"rendered":"Elephino Balanc\u00edn"},"content":{"rendered":"<p style=\"font-weight: 400;\">El balanc\u00edn Elephino es una bonita mecedora para beb\u00e9s, dise\u00f1ada para introducir el equilibrio y la coordinaci\u00f3n desde el momento en que tu beb\u00e9 puede sentarse.<\/p>\n<p style=\"font-weight: 400;\">Con su geometr\u00eda cuidadosamente dise\u00f1ada y su construcci\u00f3n de madera natural, ofrece una experiencia de balanceo tranquila y estable que favorece el desarrollo temprano mediante un movimiento intuitivo.<\/p>\n<p style=\"font-weight: 400;\"><strong>Explora m\u00e1s abajo.<\/strong><\/p>\n","protected":false},"excerpt":{"rendered":"<p>El balanc\u00edn Elephino es una bonita mecedora para beb\u00e9s, dise\u00f1ada para introducir el equilibrio y la coordinaci\u00f3n desde el momento en que tu beb\u00e9 puede sentarse. Con su geometr\u00eda cuidadosamente dise\u00f1ada y su construcci\u00f3n de madera natural, ofrece una experiencia de balanceo tranquila y estable que favorece el desarrollo temprano mediante un movimiento intuitivo. Explora<a class=\"excerpt-read-more\" href=\"https:\/\/legandgo.com\/es\/shop\/juguetes\/elephino-balancin\/\" title=\"ReadElephino Balanc\u00edn\">&#8230; Read more &raquo;<\/a><\/p>\n","protected":false},"featured_media":49683,"comment_status":"closed","ping_status":"closed","template":"","meta":{"_acf_changed":false,"inline_featured_image":false,"footnotes":""},"product_brand":[],"product_cat":[1321,1018],"product_tag":[1829,1827,1828],"class_list":{"0":"post-63866","1":"product","2":"type-product","3":"status-publish","4":"has-post-thumbnail","6":"product_cat-categoria-de-juguete","7":"product_cat-juguetes","8":"product_tag-balancin-para-ninos-pequenos","9":"product_tag-mecedora","10":"product_tag-rocking-elephant","11":"product_shipping_class-bike-bundle-2-es","12":"pa_color-blanco","13":"pa_color-gris","15":"first","16":"instock","17":"sale","18":"purchasable","19":"product-type-variable"},"bundled_by":[],"bundle_stock_status":"instock","bundle_stock_quantity":null,"bundle_virtual":false,"bundle_layout":"","bundle_add_to_cart_form_location":"","bundle_editable_in_cart":false,"bundle_sold_individually_context":"","bundle_item_grouping":"","bundle_min_size":"","bundle_max_size":"","bundle_price":[],"bundled_items":[],"bundle_sell_ids":[],"acf":[],"yoast_head":"<!-- This site is optimized with the Yoast SEO plugin v25.9 - https:\/\/yoast.com\/wordpress\/plugins\/seo\/ -->\n<title>Elephino Balanc\u00edn &#183; leg&amp;go<\/title>\n<meta name=\"description\" content=\"Mecedora para beb\u00e9s de m\u00e1s de 6 meses. Su elegante dise\u00f1o de elefante permite a los ni\u00f1os aprender a mantener el equilibrio incluso antes de empezar a andar.\" \/>\n<meta name=\"robots\" content=\"index, follow, max-snippet:-1, max-image-preview:large, max-video-preview:-1\" \/>\n<link rel=\"canonical\" href=\"https:\/\/legandgo.com\/es\/shop\/juguetes\/elephino-balancin\/\" \/>\n<meta property=\"og:locale\" content=\"es_ES\" \/>\n<meta property=\"og:type\" content=\"article\" \/>\n<meta property=\"og:title\" content=\"Elephino Balanc\u00edn &#183; leg&amp;go\" \/>\n<meta property=\"og:description\" content=\"Mecedora para beb\u00e9s de m\u00e1s de 6 meses. Su elegante dise\u00f1o de elefante permite a los ni\u00f1os aprender a mantener el equilibrio incluso antes de empezar a andar.\" \/>\n<meta property=\"og:url\" content=\"https:\/\/legandgo.com\/es\/shop\/juguetes\/elephino-balancin\/\" \/>\n<meta property=\"og:site_name\" content=\"leg&amp;go\" \/>\n<meta property=\"article:publisher\" content=\"https:\/\/www.facebook.com\/legandgo\" \/>\n<meta property=\"article:modified_time\" content=\"2026-04-24T16:43:36+00:00\" \/>\n<meta property=\"og:image\" content=\"https:\/\/legandgo.com\/wp-content\/uploads\/2020\/08\/legandgo-rocking-elephant-add-on-1.png\" \/>\n\t<meta property=\"og:image:width\" content=\"750\" \/>\n\t<meta property=\"og:image:height\" content=\"550\" \/>\n\t<meta property=\"og:image:type\" content=\"image\/png\" \/>\n<meta name=\"twitter:card\" content=\"summary_large_image\" \/>\n<script type=\"application\/ld+json\" class=\"yoast-schema-graph\">{\"@context\":\"https:\/\/schema.org\",\"@graph\":[{\"@type\":\"WebPage\",\"@id\":\"https:\/\/legandgo.com\/es\/shop\/juguetes\/elephino-balancin\/\",\"url\":\"https:\/\/legandgo.com\/es\/shop\/juguetes\/elephino-balancin\/\",\"name\":\"Elephino Balanc\u00edn &#183; leg&amp;go\",\"isPartOf\":{\"@id\":\"https:\/\/legandgo.com\/es\/#website\"},\"primaryImageOfPage\":{\"@id\":\"https:\/\/legandgo.com\/es\/shop\/juguetes\/elephino-balancin\/#primaryimage\"},\"image\":{\"@id\":\"https:\/\/legandgo.com\/es\/shop\/juguetes\/elephino-balancin\/#primaryimage\"},\"thumbnailUrl\":\"https:\/\/legandgo.com\/wp-content\/uploads\/2020\/08\/legandgo-rocking-elephant-add-on-1.png\",\"datePublished\":\"2026-04-24T16:33:27+00:00\",\"dateModified\":\"2026-04-24T16:43:36+00:00\",\"description\":\"Mecedora para beb\u00e9s de m\u00e1s de 6 meses. Su elegante dise\u00f1o de elefante permite a los ni\u00f1os aprender a mantener el equilibrio incluso antes de empezar a andar.\",\"breadcrumb\":{\"@id\":\"https:\/\/legandgo.com\/es\/shop\/juguetes\/elephino-balancin\/#breadcrumb\"},\"inLanguage\":\"es\",\"potentialAction\":[{\"@type\":\"ReadAction\",\"target\":[\"https:\/\/legandgo.com\/es\/shop\/juguetes\/elephino-balancin\/\"]}]},{\"@type\":\"ImageObject\",\"inLanguage\":\"es\",\"@id\":\"https:\/\/legandgo.com\/es\/shop\/juguetes\/elephino-balancin\/#primaryimage\",\"url\":\"https:\/\/legandgo.com\/wp-content\/uploads\/2020\/08\/legandgo-rocking-elephant-add-on-1.png\",\"contentUrl\":\"https:\/\/legandgo.com\/wp-content\/uploads\/2020\/08\/legandgo-rocking-elephant-add-on-1.png\",\"width\":750,\"height\":550},{\"@type\":\"BreadcrumbList\",\"@id\":\"https:\/\/legandgo.com\/es\/shop\/juguetes\/elephino-balancin\/#breadcrumb\",\"itemListElement\":[{\"@type\":\"ListItem\",\"position\":1,\"name\":\"Home\",\"item\":\"https:\/\/legandgo.com\/es\/\"},{\"@type\":\"ListItem\",\"position\":2,\"name\":\"Tienda\",\"item\":\"https:\/\/legandgo.com\/es\/shop\/\"},{\"@type\":\"ListItem\",\"position\":3,\"name\":\"Elephino Balanc\u00edn\"}]},{\"@type\":\"WebSite\",\"@id\":\"https:\/\/legandgo.com\/es\/#website\",\"url\":\"https:\/\/legandgo.com\/es\/\",\"name\":\"leg&amp;go\",\"description\":\"\",\"publisher\":{\"@id\":\"https:\/\/legandgo.com\/es\/#organization\"},\"potentialAction\":[{\"@type\":\"SearchAction\",\"target\":{\"@type\":\"EntryPoint\",\"urlTemplate\":\"https:\/\/legandgo.com\/es\/?s={search_term_string}\"},\"query-input\":{\"@type\":\"PropertyValueSpecification\",\"valueRequired\":true,\"valueName\":\"search_term_string\"}}],\"inLanguage\":\"es\"},{\"@type\":\"Organization\",\"@id\":\"https:\/\/legandgo.com\/es\/#organization\",\"name\":\"leg&go bike\",\"url\":\"https:\/\/legandgo.com\/es\/\",\"logo\":{\"@type\":\"ImageObject\",\"inLanguage\":\"es\",\"@id\":\"https:\/\/legandgo.com\/es\/#\/schema\/logo\/image\/\",\"url\":\"https:\/\/legandgo.com\/wp-content\/uploads\/2021\/03\/logorf.png\",\"contentUrl\":\"https:\/\/legandgo.com\/wp-content\/uploads\/2021\/03\/logorf.png\",\"width\":675,\"height\":216,\"caption\":\"leg&go bike\"},\"image\":{\"@id\":\"https:\/\/legandgo.com\/es\/#\/schema\/logo\/image\/\"},\"sameAs\":[\"https:\/\/www.facebook.com\/legandgo\",\"https:\/\/www.instagram.com\/legandgo\/\",\"https:\/\/www.linkedin.com\/company\/legandgo\/\",\"https:\/\/www.pinterest.com\/legandgo\/\",\"https:\/\/www.youtube.com\/channel\/UC_FBzWPmKWE0g7fcR4Xdfuw\/\"]}]}<\/script>\n<!-- \/ Yoast SEO plugin. -->","yoast_head_json":{"title":"Elephino Balanc\u00edn &#183; leg&amp;go","description":"Mecedora para beb\u00e9s de m\u00e1s de 6 meses. Su elegante dise\u00f1o de elefante permite a los ni\u00f1os aprender a mantener el equilibrio incluso antes de empezar a andar.","robots":{"index":"index","follow":"follow","max-snippet":"max-snippet:-1","max-image-preview":"max-image-preview:large","max-video-preview":"max-video-preview:-1"},"canonical":"https:\/\/legandgo.com\/es\/shop\/juguetes\/elephino-balancin\/","og_locale":"es_ES","og_type":"article","og_title":"Elephino Balanc\u00edn &#183; leg&amp;go","og_description":"Mecedora para beb\u00e9s de m\u00e1s de 6 meses. Su elegante dise\u00f1o de elefante permite a los ni\u00f1os aprender a mantener el equilibrio incluso antes de empezar a andar.","og_url":"https:\/\/legandgo.com\/es\/shop\/juguetes\/elephino-balancin\/","og_site_name":"leg&amp;go","article_publisher":"https:\/\/www.facebook.com\/legandgo","article_modified_time":"2026-04-24T16:43:36+00:00","og_image":[{"width":750,"height":550,"url":"https:\/\/legandgo.com\/wp-content\/uploads\/2020\/08\/legandgo-rocking-elephant-add-on-1.png","type":"image\/png"}],"twitter_card":"summary_large_image","schema":{"@context":"https:\/\/schema.org","@graph":[{"@type":"WebPage","@id":"https:\/\/legandgo.com\/es\/shop\/juguetes\/elephino-balancin\/","url":"https:\/\/legandgo.com\/es\/shop\/juguetes\/elephino-balancin\/","name":"Elephino Balanc\u00edn &#183; leg&amp;go","isPartOf":{"@id":"https:\/\/legandgo.com\/es\/#website"},"primaryImageOfPage":{"@id":"https:\/\/legandgo.com\/es\/shop\/juguetes\/elephino-balancin\/#primaryimage"},"image":{"@id":"https:\/\/legandgo.com\/es\/shop\/juguetes\/elephino-balancin\/#primaryimage"},"thumbnailUrl":"https:\/\/legandgo.com\/wp-content\/uploads\/2020\/08\/legandgo-rocking-elephant-add-on-1.png","datePublished":"2026-04-24T16:33:27+00:00","dateModified":"2026-04-24T16:43:36+00:00","description":"Mecedora para beb\u00e9s de m\u00e1s de 6 meses. Su elegante dise\u00f1o de elefante permite a los ni\u00f1os aprender a mantener el equilibrio incluso antes de empezar a andar.","breadcrumb":{"@id":"https:\/\/legandgo.com\/es\/shop\/juguetes\/elephino-balancin\/#breadcrumb"},"inLanguage":"es","potentialAction":[{"@type":"ReadAction","target":["https:\/\/legandgo.com\/es\/shop\/juguetes\/elephino-balancin\/"]}]},{"@type":"ImageObject","inLanguage":"es","@id":"https:\/\/legandgo.com\/es\/shop\/juguetes\/elephino-balancin\/#primaryimage","url":"https:\/\/legandgo.com\/wp-content\/uploads\/2020\/08\/legandgo-rocking-elephant-add-on-1.png","contentUrl":"https:\/\/legandgo.com\/wp-content\/uploads\/2020\/08\/legandgo-rocking-elephant-add-on-1.png","width":750,"height":550},{"@type":"BreadcrumbList","@id":"https:\/\/legandgo.com\/es\/shop\/juguetes\/elephino-balancin\/#breadcrumb","itemListElement":[{"@type":"ListItem","position":1,"name":"Home","item":"https:\/\/legandgo.com\/es\/"},{"@type":"ListItem","position":2,"name":"Tienda","item":"https:\/\/legandgo.com\/es\/shop\/"},{"@type":"ListItem","position":3,"name":"Elephino Balanc\u00edn"}]},{"@type":"WebSite","@id":"https:\/\/legandgo.com\/es\/#website","url":"https:\/\/legandgo.com\/es\/","name":"leg&amp;go","description":"","publisher":{"@id":"https:\/\/legandgo.com\/es\/#organization"},"potentialAction":[{"@type":"SearchAction","target":{"@type":"EntryPoint","urlTemplate":"https:\/\/legandgo.com\/es\/?s={search_term_string}"},"query-input":{"@type":"PropertyValueSpecification","valueRequired":true,"valueName":"search_term_string"}}],"inLanguage":"es"},{"@type":"Organization","@id":"https:\/\/legandgo.com\/es\/#organization","name":"leg&go bike","url":"https:\/\/legandgo.com\/es\/","logo":{"@type":"ImageObject","inLanguage":"es","@id":"https:\/\/legandgo.com\/es\/#\/schema\/logo\/image\/","url":"https:\/\/legandgo.com\/wp-content\/uploads\/2021\/03\/logorf.png","contentUrl":"https:\/\/legandgo.com\/wp-content\/uploads\/2021\/03\/logorf.png","width":675,"height":216,"caption":"leg&go bike"},"image":{"@id":"https:\/\/legandgo.com\/es\/#\/schema\/logo\/image\/"},"sameAs":["https:\/\/www.facebook.com\/legandgo","https:\/\/www.instagram.com\/legandgo\/","https:\/\/www.linkedin.com\/company\/legandgo\/","https:\/\/www.pinterest.com\/legandgo\/","https:\/\/www.youtube.com\/channel\/UC_FBzWPmKWE0g7fcR4Xdfuw\/"]}]}},"_links":{"self":[{"href":"https:\/\/legandgo.com\/es\/wp-json\/wp\/v2\/product\/63866","targetHints":{"allow":["GET"]}}],"collection":[{"href":"https:\/\/legandgo.com\/es\/wp-json\/wp\/v2\/product"}],"about":[{"href":"https:\/\/legandgo.com\/es\/wp-json\/wp\/v2\/types\/product"}],"replies":[{"embeddable":true,"href":"https:\/\/legandgo.com\/es\/wp-json\/wp\/v2\/comments?post=63866"}],"version-history":[{"count":1,"href":"https:\/\/legandgo.com\/es\/wp-json\/wp\/v2\/product\/63866\/revisions"}],"predecessor-version":[{"id":63869,"href":"https:\/\/legandgo.com\/es\/wp-json\/wp\/v2\/product\/63866\/revisions\/63869"}],"wp:featuredmedia":[{"embeddable":true,"href":"https:\/\/legandgo.com\/es\/wp-json\/wp\/v2\/media\/49683"}],"wp:attachment":[{"href":"https:\/\/legandgo.com\/es\/wp-json\/wp\/v2\/media?parent=63866"}],"wp:term":[{"taxonomy":"product_brand","embeddable":true,"href":"https:\/\/legandgo.com\/es\/wp-json\/wp\/v2\/product_brand?post=63866"},{"taxonomy":"product_cat","embeddable":true,"href":"https:\/\/legandgo.com\/es\/wp-json\/wp\/v2\/product_cat?post=63866"},{"taxonomy":"product_tag","embeddable":true,"href":"https:\/\/legandgo.com\/es\/wp-json\/wp\/v2\/product_tag?post=63866"}],"curies":[{"name":"wp","href":"https:\/\/api.w.org\/{rel}","templated":true}]}}