{"id":66647,"date":"2026-05-07T12:32:05","date_gmt":"2026-05-07T10:32:05","guid":{"rendered":"https:\/\/legandgo.com\/shop\/sin%20categor\u00eda\/torre-de-aprendizaje-plegable-zigzag\/"},"modified":"2026-05-08T08:42:02","modified_gmt":"2026-05-08T06:42:02","slug":"torre-de-aprendizaje-plegable-zigzag","status":"publish","type":"product","link":"https:\/\/legandgo.com\/es\/shop\/torre-de-aprendizaje\/torre-de-aprendizaje-plegable-zigzag\/","title":{"rendered":"Torre de aprendizaje plegable ZigZag"},"content":{"rendered":"<p>La torre de aprendizaje plegable ZigZag est\u00e1 dise\u00f1ada para fomentar la autonom\u00eda de tu hijo mientras facilita las rutinas diarias de los padres.<\/p>\n<p>Con una barra de seguridad integrada para mayor estabilidad y seguridad, ofrece tranquilidad a los padres mientras los ni\u00f1os exploran y participan en las actividades diarias.<\/p>\n<p>Su dise\u00f1o plegable y compacto permite un almacenamiento f\u00e1cil cuando no est\u00e1 en uso.<\/p>\n<p><strong>Descubre m\u00e1s caracter\u00edsticas a continuaci\u00f3n.<\/strong><\/p>\n","protected":false},"excerpt":{"rendered":"<p>La torre de aprendizaje plegable ZigZag est\u00e1 dise\u00f1ada para fomentar la autonom\u00eda de tu hijo mientras facilita las rutinas diarias de los padres. Con una barra de seguridad integrada para mayor estabilidad y seguridad, ofrece tranquilidad a los padres mientras los ni\u00f1os exploran y participan en las actividades diarias. Su dise\u00f1o plegable y compacto permite<a class=\"excerpt-read-more\" href=\"https:\/\/legandgo.com\/es\/shop\/torre-de-aprendizaje\/torre-de-aprendizaje-plegable-zigzag\/\" title=\"ReadTorre de aprendizaje plegable ZigZag\">&#8230; Read more &raquo;<\/a><\/p>\n","protected":false},"featured_media":66423,"comment_status":"closed","ping_status":"closed","template":"","meta":{"_acf_changed":false,"inline_featured_image":false,"footnotes":""},"product_brand":[],"product_cat":[1317,440],"product_tag":[],"class_list":{"0":"post-66647","1":"product","2":"type-product","3":"status-publish","4":"has-post-thumbnail","6":"product_cat-muebles","7":"product_cat-torre-de-aprendizaje","8":"product_shipping_class-learning-tower-shipping-es","10":"first","11":"instock","12":"sale","13":"purchasable","14":"product-type-variable","15":"has-default-attributes"},"bundled_by":[],"bundle_stock_status":"instock","bundle_stock_quantity":null,"bundle_virtual":false,"bundle_layout":"","bundle_add_to_cart_form_location":"","bundle_editable_in_cart":false,"bundle_sold_individually_context":"","bundle_item_grouping":"","bundle_min_size":"","bundle_max_size":"","bundle_price":[],"bundled_items":[],"bundle_sell_ids":[],"acf":[],"yoast_head":"<!-- This site is optimized with the Yoast SEO plugin v25.9 - https:\/\/yoast.com\/wordpress\/plugins\/seo\/ -->\n<title>Torre de aprendizaje plegable ZigZag &#183; leg&amp;go<\/title>\n<meta name=\"description\" content=\"Torre de aprendizaje plegable con barra de seguridad y dise\u00f1o compacto. Permite a tu hijo participar de forma segura en el d\u00eda a d\u00eda.\" \/>\n<meta name=\"robots\" content=\"index, follow, max-snippet:-1, max-image-preview:large, max-video-preview:-1\" \/>\n<link rel=\"canonical\" href=\"https:\/\/legandgo.com\/es\/shop\/torre-de-aprendizaje\/torre-de-aprendizaje-plegable-zigzag\/\" \/>\n<meta property=\"og:locale\" content=\"es_ES\" \/>\n<meta property=\"og:type\" content=\"article\" \/>\n<meta property=\"og:title\" content=\"Torre de aprendizaje plegable ZigZag &#183; leg&amp;go\" \/>\n<meta property=\"og:description\" content=\"Torre de aprendizaje plegable con barra de seguridad y dise\u00f1o compacto. Permite a tu hijo participar de forma segura en el d\u00eda a d\u00eda.\" \/>\n<meta property=\"og:url\" content=\"https:\/\/legandgo.com\/es\/shop\/torre-de-aprendizaje\/torre-de-aprendizaje-plegable-zigzag\/\" \/>\n<meta property=\"og:site_name\" content=\"leg&amp;go\" \/>\n<meta property=\"article:publisher\" content=\"https:\/\/www.facebook.com\/legandgo\" \/>\n<meta property=\"article:modified_time\" content=\"2026-05-08T06:42:02+00:00\" \/>\n<meta property=\"og:image\" content=\"https:\/\/legandgo.com\/wp-content\/uploads\/2026\/05\/HTF-05-NT.jpg\" \/>\n\t<meta property=\"og:image:width\" content=\"2048\" \/>\n\t<meta property=\"og:image:height\" content=\"2048\" \/>\n\t<meta property=\"og:image:type\" content=\"image\/jpeg\" \/>\n<meta name=\"twitter:card\" content=\"summary_large_image\" \/>\n<script type=\"application\/ld+json\" class=\"yoast-schema-graph\">{\"@context\":\"https:\/\/schema.org\",\"@graph\":[{\"@type\":\"WebPage\",\"@id\":\"https:\/\/legandgo.com\/es\/shop\/torre-de-aprendizaje\/torre-de-aprendizaje-plegable-zigzag\/\",\"url\":\"https:\/\/legandgo.com\/es\/shop\/torre-de-aprendizaje\/torre-de-aprendizaje-plegable-zigzag\/\",\"name\":\"Torre de aprendizaje plegable ZigZag &#183; leg&amp;go\",\"isPartOf\":{\"@id\":\"https:\/\/legandgo.com\/es\/#website\"},\"primaryImageOfPage\":{\"@id\":\"https:\/\/legandgo.com\/es\/shop\/torre-de-aprendizaje\/torre-de-aprendizaje-plegable-zigzag\/#primaryimage\"},\"image\":{\"@id\":\"https:\/\/legandgo.com\/es\/shop\/torre-de-aprendizaje\/torre-de-aprendizaje-plegable-zigzag\/#primaryimage\"},\"thumbnailUrl\":\"https:\/\/legandgo.com\/wp-content\/uploads\/2026\/05\/HTF-05-NT.jpg\",\"datePublished\":\"2026-05-07T10:32:05+00:00\",\"dateModified\":\"2026-05-08T06:42:02+00:00\",\"description\":\"Torre de aprendizaje plegable con barra de seguridad y dise\u00f1o compacto. Permite a tu hijo participar de forma segura en el d\u00eda a d\u00eda.\",\"breadcrumb\":{\"@id\":\"https:\/\/legandgo.com\/es\/shop\/torre-de-aprendizaje\/torre-de-aprendizaje-plegable-zigzag\/#breadcrumb\"},\"inLanguage\":\"es\",\"potentialAction\":[{\"@type\":\"ReadAction\",\"target\":[\"https:\/\/legandgo.com\/es\/shop\/torre-de-aprendizaje\/torre-de-aprendizaje-plegable-zigzag\/\"]}]},{\"@type\":\"ImageObject\",\"inLanguage\":\"es\",\"@id\":\"https:\/\/legandgo.com\/es\/shop\/torre-de-aprendizaje\/torre-de-aprendizaje-plegable-zigzag\/#primaryimage\",\"url\":\"https:\/\/legandgo.com\/wp-content\/uploads\/2026\/05\/HTF-05-NT.jpg\",\"contentUrl\":\"https:\/\/legandgo.com\/wp-content\/uploads\/2026\/05\/HTF-05-NT.jpg\",\"width\":2048,\"height\":2048,\"caption\":\"Torre de aprendizaje plegable de madera ZigZag, vista del producto\"},{\"@type\":\"BreadcrumbList\",\"@id\":\"https:\/\/legandgo.com\/es\/shop\/torre-de-aprendizaje\/torre-de-aprendizaje-plegable-zigzag\/#breadcrumb\",\"itemListElement\":[{\"@type\":\"ListItem\",\"position\":1,\"name\":\"Home\",\"item\":\"https:\/\/legandgo.com\/es\/\"},{\"@type\":\"ListItem\",\"position\":2,\"name\":\"Tienda\",\"item\":\"https:\/\/legandgo.com\/es\/shop\/\"},{\"@type\":\"ListItem\",\"position\":3,\"name\":\"Torre de aprendizaje plegable ZigZag\"}]},{\"@type\":\"WebSite\",\"@id\":\"https:\/\/legandgo.com\/es\/#website\",\"url\":\"https:\/\/legandgo.com\/es\/\",\"name\":\"leg&amp;go\",\"description\":\"\",\"publisher\":{\"@id\":\"https:\/\/legandgo.com\/es\/#organization\"},\"potentialAction\":[{\"@type\":\"SearchAction\",\"target\":{\"@type\":\"EntryPoint\",\"urlTemplate\":\"https:\/\/legandgo.com\/es\/?s={search_term_string}\"},\"query-input\":{\"@type\":\"PropertyValueSpecification\",\"valueRequired\":true,\"valueName\":\"search_term_string\"}}],\"inLanguage\":\"es\"},{\"@type\":\"Organization\",\"@id\":\"https:\/\/legandgo.com\/es\/#organization\",\"name\":\"leg&go bike\",\"url\":\"https:\/\/legandgo.com\/es\/\",\"logo\":{\"@type\":\"ImageObject\",\"inLanguage\":\"es\",\"@id\":\"https:\/\/legandgo.com\/es\/#\/schema\/logo\/image\/\",\"url\":\"https:\/\/legandgo.com\/wp-content\/uploads\/2021\/03\/logorf.png\",\"contentUrl\":\"https:\/\/legandgo.com\/wp-content\/uploads\/2021\/03\/logorf.png\",\"width\":675,\"height\":216,\"caption\":\"leg&go bike\"},\"image\":{\"@id\":\"https:\/\/legandgo.com\/es\/#\/schema\/logo\/image\/\"},\"sameAs\":[\"https:\/\/www.facebook.com\/legandgo\",\"https:\/\/www.instagram.com\/legandgo\/\",\"https:\/\/www.linkedin.com\/company\/legandgo\/\",\"https:\/\/www.pinterest.com\/legandgo\/\",\"https:\/\/www.youtube.com\/channel\/UC_FBzWPmKWE0g7fcR4Xdfuw\/\"]}]}<\/script>\n<!-- \/ Yoast SEO plugin. -->","yoast_head_json":{"title":"Torre de aprendizaje plegable ZigZag &#183; leg&amp;go","description":"Torre de aprendizaje plegable con barra de seguridad y dise\u00f1o compacto. Permite a tu hijo participar de forma segura en el d\u00eda a d\u00eda.","robots":{"index":"index","follow":"follow","max-snippet":"max-snippet:-1","max-image-preview":"max-image-preview:large","max-video-preview":"max-video-preview:-1"},"canonical":"https:\/\/legandgo.com\/es\/shop\/torre-de-aprendizaje\/torre-de-aprendizaje-plegable-zigzag\/","og_locale":"es_ES","og_type":"article","og_title":"Torre de aprendizaje plegable ZigZag &#183; leg&amp;go","og_description":"Torre de aprendizaje plegable con barra de seguridad y dise\u00f1o compacto. Permite a tu hijo participar de forma segura en el d\u00eda a d\u00eda.","og_url":"https:\/\/legandgo.com\/es\/shop\/torre-de-aprendizaje\/torre-de-aprendizaje-plegable-zigzag\/","og_site_name":"leg&amp;go","article_publisher":"https:\/\/www.facebook.com\/legandgo","article_modified_time":"2026-05-08T06:42:02+00:00","og_image":[{"width":2048,"height":2048,"url":"https:\/\/legandgo.com\/wp-content\/uploads\/2026\/05\/HTF-05-NT.jpg","type":"image\/jpeg"}],"twitter_card":"summary_large_image","schema":{"@context":"https:\/\/schema.org","@graph":[{"@type":"WebPage","@id":"https:\/\/legandgo.com\/es\/shop\/torre-de-aprendizaje\/torre-de-aprendizaje-plegable-zigzag\/","url":"https:\/\/legandgo.com\/es\/shop\/torre-de-aprendizaje\/torre-de-aprendizaje-plegable-zigzag\/","name":"Torre de aprendizaje plegable ZigZag &#183; leg&amp;go","isPartOf":{"@id":"https:\/\/legandgo.com\/es\/#website"},"primaryImageOfPage":{"@id":"https:\/\/legandgo.com\/es\/shop\/torre-de-aprendizaje\/torre-de-aprendizaje-plegable-zigzag\/#primaryimage"},"image":{"@id":"https:\/\/legandgo.com\/es\/shop\/torre-de-aprendizaje\/torre-de-aprendizaje-plegable-zigzag\/#primaryimage"},"thumbnailUrl":"https:\/\/legandgo.com\/wp-content\/uploads\/2026\/05\/HTF-05-NT.jpg","datePublished":"2026-05-07T10:32:05+00:00","dateModified":"2026-05-08T06:42:02+00:00","description":"Torre de aprendizaje plegable con barra de seguridad y dise\u00f1o compacto. Permite a tu hijo participar de forma segura en el d\u00eda a d\u00eda.","breadcrumb":{"@id":"https:\/\/legandgo.com\/es\/shop\/torre-de-aprendizaje\/torre-de-aprendizaje-plegable-zigzag\/#breadcrumb"},"inLanguage":"es","potentialAction":[{"@type":"ReadAction","target":["https:\/\/legandgo.com\/es\/shop\/torre-de-aprendizaje\/torre-de-aprendizaje-plegable-zigzag\/"]}]},{"@type":"ImageObject","inLanguage":"es","@id":"https:\/\/legandgo.com\/es\/shop\/torre-de-aprendizaje\/torre-de-aprendizaje-plegable-zigzag\/#primaryimage","url":"https:\/\/legandgo.com\/wp-content\/uploads\/2026\/05\/HTF-05-NT.jpg","contentUrl":"https:\/\/legandgo.com\/wp-content\/uploads\/2026\/05\/HTF-05-NT.jpg","width":2048,"height":2048,"caption":"Torre de aprendizaje plegable de madera ZigZag, vista del producto"},{"@type":"BreadcrumbList","@id":"https:\/\/legandgo.com\/es\/shop\/torre-de-aprendizaje\/torre-de-aprendizaje-plegable-zigzag\/#breadcrumb","itemListElement":[{"@type":"ListItem","position":1,"name":"Home","item":"https:\/\/legandgo.com\/es\/"},{"@type":"ListItem","position":2,"name":"Tienda","item":"https:\/\/legandgo.com\/es\/shop\/"},{"@type":"ListItem","position":3,"name":"Torre de aprendizaje plegable ZigZag"}]},{"@type":"WebSite","@id":"https:\/\/legandgo.com\/es\/#website","url":"https:\/\/legandgo.com\/es\/","name":"leg&amp;go","description":"","publisher":{"@id":"https:\/\/legandgo.com\/es\/#organization"},"potentialAction":[{"@type":"SearchAction","target":{"@type":"EntryPoint","urlTemplate":"https:\/\/legandgo.com\/es\/?s={search_term_string}"},"query-input":{"@type":"PropertyValueSpecification","valueRequired":true,"valueName":"search_term_string"}}],"inLanguage":"es"},{"@type":"Organization","@id":"https:\/\/legandgo.com\/es\/#organization","name":"leg&go bike","url":"https:\/\/legandgo.com\/es\/","logo":{"@type":"ImageObject","inLanguage":"es","@id":"https:\/\/legandgo.com\/es\/#\/schema\/logo\/image\/","url":"https:\/\/legandgo.com\/wp-content\/uploads\/2021\/03\/logorf.png","contentUrl":"https:\/\/legandgo.com\/wp-content\/uploads\/2021\/03\/logorf.png","width":675,"height":216,"caption":"leg&go bike"},"image":{"@id":"https:\/\/legandgo.com\/es\/#\/schema\/logo\/image\/"},"sameAs":["https:\/\/www.facebook.com\/legandgo","https:\/\/www.instagram.com\/legandgo\/","https:\/\/www.linkedin.com\/company\/legandgo\/","https:\/\/www.pinterest.com\/legandgo\/","https:\/\/www.youtube.com\/channel\/UC_FBzWPmKWE0g7fcR4Xdfuw\/"]}]}},"_links":{"self":[{"href":"https:\/\/legandgo.com\/es\/wp-json\/wp\/v2\/product\/66647","targetHints":{"allow":["GET"]}}],"collection":[{"href":"https:\/\/legandgo.com\/es\/wp-json\/wp\/v2\/product"}],"about":[{"href":"https:\/\/legandgo.com\/es\/wp-json\/wp\/v2\/types\/product"}],"replies":[{"embeddable":true,"href":"https:\/\/legandgo.com\/es\/wp-json\/wp\/v2\/comments?post=66647"}],"version-history":[{"count":1,"href":"https:\/\/legandgo.com\/es\/wp-json\/wp\/v2\/product\/66647\/revisions"}],"predecessor-version":[{"id":66654,"href":"https:\/\/legandgo.com\/es\/wp-json\/wp\/v2\/product\/66647\/revisions\/66654"}],"wp:featuredmedia":[{"embeddable":true,"href":"https:\/\/legandgo.com\/es\/wp-json\/wp\/v2\/media\/66423"}],"wp:attachment":[{"href":"https:\/\/legandgo.com\/es\/wp-json\/wp\/v2\/media?parent=66647"}],"wp:term":[{"taxonomy":"product_brand","embeddable":true,"href":"https:\/\/legandgo.com\/es\/wp-json\/wp\/v2\/product_brand?post=66647"},{"taxonomy":"product_cat","embeddable":true,"href":"https:\/\/legandgo.com\/es\/wp-json\/wp\/v2\/product_cat?post=66647"},{"taxonomy":"product_tag","embeddable":true,"href":"https:\/\/legandgo.com\/es\/wp-json\/wp\/v2\/product_tag?post=66647"}],"curies":[{"name":"wp","href":"https:\/\/api.w.org\/{rel}","templated":true}]}}