{"id":937,"date":"2020-09-21T08:42:19","date_gmt":"2020-09-21T08:42:19","guid":{"rendered":"https:\/\/legandgo.com\/become-a-leggo-affiliate\/"},"modified":"2022-11-22T13:22:52","modified_gmt":"2022-11-22T11:22:52","slug":"become-a-leggo-affiliate","status":"publish","type":"page","link":"https:\/\/legandgo.com\/fr\/become-a-leggo-affiliate\/","title":{"rendered":"Programme d&#8217;affiliation"},"content":{"rendered":"\n<div class=\"show-desktop\"><img decoding=\"async\" src=\"https:\/\/legandgo.com\/wp-content\/themes\/legandgo2\/img\/afilliate-header-pc.jpg\" alt=\"\" class=\"wp-image-1702\"><\/div>\n\n<div class=\"show-mobile\"><img decoding=\"async\" src=\"https:\/\/legandgo.com\/wp-content\/themes\/legandgo2\/img\/afilliate-header-mob.jpg\" alt=\"\" class=\"wp-image-1714\"><\/div>\n\n\n\n<p><\/p>\n\n\n\n<h2 class=\"has-text-align-left wp-block-heading\">Qui sommes-nous ?<\/h2>\n\n\n\n<p>Leg&amp;go est le premier et unique v\u00e9lo pour enfant fait uniquement en bois, qui peut se transformer de 8 fa\u00e7ons, assurant ainsi la durabilit\u00e9, le design exceptionnel et la qualit\u00e9 sur le long-terme que les parents recherchent.<\/p>\n\n\n\n<p>La fourche en bois de haute qualit\u00e9 peut \u00eatre ajust\u00e9e en fonction de l\u2019\u00e2ge, de la taille et de la pr\u00e9f\u00e9rence, gr\u00e2ce \u00e0 ses nombreuses extensions, permettant ainsi au v\u00e9lo de grandir en m\u00eame temps que les enfants de 6 mois \u00e0 6 ans.<\/p>\n\n\n\n<p>Les produits leg&amp;go peuvent \u00eatre achet\u00e9s en ligne et nous exp\u00e9dions dans le monde entier !<\/p>\n\n\n\n<p><\/p>\n\n\n\n<p><\/p>\n\n\n\n<h2 class=\"has-text-align-left wp-block-heading\">Qui peut en faire parti ?<\/h2>\n\n\n\n<p>Nous cherchons des affili\u00e9s qui correspondent \u00e0 l\u2019image de notre marque.<\/p>\n\n\n\n<p>Les affili\u00e9s peuvent \u00eatre des \u00e9diteurs, des sites de loisirs cyclistes, des forums de cyclistes, des sites d\u2019\u00e9valuation de produits, des sites de m\u00e9dias sociaux et bien plus encore. Vous avez une chaine Youtube, un board Pinterest ou une page Instagram donc l\u2019audience est compos\u00e9e de parents ? Parfait, dans ce cas le programme d\u2019afiliation leg&amp;go est un bon moyen de commencer en touchant une comission sur les ventes g\u00e9n\u00e9r\u00e9es provenant de visiteurs que vous nous avez procur\u00e9s !<\/p>\n\n\n\n<p><\/p>\n\n\n\n<p><\/p>\n\n\n\n<h2 class=\"has-text-align-left wp-block-heading\">Quels sont les b\u00e9n\u00e9fices ?<\/h2>\n\n\n\n<ul class=\"wp-block-list\"><li>Des commissions tr\u00e8s comp\u00e9titives \u00e0 partir de 3%, avec des montants plus \u00e9lev\u00e9s r\u00e9serv\u00e9s aux affili\u00e9s tr\u00e8s performants.<\/li><li>Un prix moyen de commande \u00e9lev, entre 295 EUR et 630 EUR.<\/li><li>Cookies d\u2019une dur\u00e9e de 30 jours; gagnez des commissions gr\u00e2ce au trafic que vous g\u00e9n\u00e9rez durant un mois complet.<\/li><li>Nous vous fournissons les banni\u00e8res professionnelles, des briefs textuels, des interviews, des descriptions de produits \u2013 tout ce dont vous aurez besoin pour augmenter les ventes.<\/li><li>Support de notre affiliate manager.<\/li><li>Options de suivi et rapports d\u00e9taill\u00e9s disponibles sur la plate-forme d\u2019affiliation.<\/li><\/ul>\n\n\n\n<p><\/p>\n\n\n\n<p><\/p>\n\n\n\n<h2 class=\"has-text-align-left wp-block-heading\"> Comment cela fonctionne-t-il ?<\/h2>\n\n\n\n<p>Tout ce que vous aurez besoin de faire apr\u00e8s avoir adh\u00e9r\u00e9 au programme, sera de cr\u00e9er un lien vers notre site \u00e0 partir du v\u00f4tre. Les liens contiennent un code sp\u00e9cial qui permet de savoir \u00e0 partir de quel site un client arrive sur notre site, et lorsqu\u2019il passe commande chez nous, vous recevez une commission pour chaque article qu\u2019il ach\u00e8te !<\/p>\n\n\n\n<p>C\u2019est simple et transparent, nous g\u00e9rons notre programme d\u2019affiliation gr\u00e2ce \u00e0 la plateforme d\u2019affiliation Target Circle, donc toutes vos ventes sont suivies par un syst\u00e8me externe, pour vous permettre de suivre vos progr\u00e8s et de connaitre combien vous avez gagn\u00e9.<\/p>\n\n\n\n<p><\/p>\n\n\n\n<p><\/p>\n\n\n\n<h2 class=\"has-text-align-left wp-block-heading\"> Comment postuler ?<strong> <\/strong> <\/h2>\n\n\n\n<p class=\"has-text-align-left\"><a href=\"https:\/\/legandgo.targetcircle.com\/signup?ref=legandgo\" target=\"_blank\" rel=\"noreferrer noopener\"><\/a><a href=\"https:\/\/legandgo.targetcircle.com\/signup?ref=legandgo\">Inscrivez-vous ici<\/a> pour devenir notre partenaire affili\u00e9. Pour toute questions, n\u2019h\u00e9sitez pas \u00e0 nous contacter \u00e0 <a href=\"mailto:affiliate@legandgo.com\">affiliate@legandgo.com<\/a>. Dans un d\u00e9lai de trois jours, nous vous contacterons pour vous donner des instructions suppl\u00e9mentaires sur la mani\u00e8re de vous organiser pour commencer \u00e0 g\u00e9n\u00e9rer des gains avec nous. Nous avons hate de recevoir votre email !<\/p>\n\n\n\n<p><\/p>\n\n\n\n<p><\/p>\n\n\n\n<p><\/p>\n","protected":false},"excerpt":{"rendered":"<p>Qui sommes-nous ? Leg&amp;go est le premier et unique v\u00e9lo pour enfant fait uniquement en bois, qui peut se transformer de 8 fa\u00e7ons, assurant ainsi la durabilit\u00e9, le design exceptionnel et la qualit\u00e9 sur le long-terme que les parents recherchent. La fourche en bois de haute qualit\u00e9 peut \u00eatre ajust\u00e9e en fonction de l\u2019\u00e2ge, de<a class=\"excerpt-read-more\" href=\"https:\/\/legandgo.com\/fr\/become-a-leggo-affiliate\/\" title=\"ReadProgramme d&#8217;affiliation\">&#8230; Read more &raquo;<\/a><\/p>\n","protected":false},"author":1,"featured_media":0,"parent":0,"menu_order":14,"comment_status":"closed","ping_status":"closed","template":"","meta":{"_acf_changed":false,"inline_featured_image":false,"footnotes":""},"class_list":["post-937","page","type-page","status-publish","hentry"],"acf":[],"yoast_head":"<!-- This site is optimized with the Yoast SEO plugin v25.9 - https:\/\/yoast.com\/wordpress\/plugins\/seo\/ -->\n<title>Programme d&#039;affiliation &#183; leg&amp;go<\/title>\n<meta name=\"robots\" content=\"noindex, follow\" \/>\n<meta property=\"og:locale\" content=\"fr_FR\" \/>\n<meta property=\"og:type\" content=\"article\" \/>\n<meta property=\"og:title\" content=\"Programme d&#039;affiliation &#183; leg&amp;go\" \/>\n<meta property=\"og:description\" content=\"Qui sommes-nous ? Leg&amp;go est le premier et unique v\u00e9lo pour enfant fait uniquement en bois, qui peut se transformer de 8 fa\u00e7ons, assurant ainsi la durabilit\u00e9, le design exceptionnel et la qualit\u00e9 sur le long-terme que les parents recherchent. La fourche en bois de haute qualit\u00e9 peut \u00eatre ajust\u00e9e en fonction de l\u2019\u00e2ge, de... Read more &raquo;\" \/>\n<meta property=\"og:url\" content=\"https:\/\/legandgo.com\/fr\/become-a-leggo-affiliate\/\" \/>\n<meta property=\"og:site_name\" content=\"leg&amp;go\" \/>\n<meta property=\"article:publisher\" content=\"https:\/\/www.facebook.com\/legandgo\" \/>\n<meta property=\"article:modified_time\" content=\"2022-11-22T11:22:52+00:00\" \/>\n<meta property=\"og:image\" content=\"https:\/\/legandgo.com\/wp-content\/themes\/legandgo2\/img\/afilliate-header-pc.jpg\" \/>\n<meta name=\"twitter:card\" content=\"summary_large_image\" \/>\n<meta name=\"twitter:label1\" content=\"Dur\u00e9e de lecture estim\u00e9e\" \/>\n\t<meta name=\"twitter:data1\" content=\"3 minutes\" \/>\n<script type=\"application\/ld+json\" class=\"yoast-schema-graph\">{\"@context\":\"https:\/\/schema.org\",\"@graph\":[{\"@type\":\"WebPage\",\"@id\":\"https:\/\/legandgo.com\/fr\/become-a-leggo-affiliate\/\",\"url\":\"https:\/\/legandgo.com\/fr\/become-a-leggo-affiliate\/\",\"name\":\"Programme d'affiliation &#183; leg&amp;go\",\"isPartOf\":{\"@id\":\"https:\/\/legandgo.com\/fr\/#website\"},\"primaryImageOfPage\":{\"@id\":\"https:\/\/legandgo.com\/fr\/become-a-leggo-affiliate\/#primaryimage\"},\"image\":{\"@id\":\"https:\/\/legandgo.com\/fr\/become-a-leggo-affiliate\/#primaryimage\"},\"thumbnailUrl\":\"https:\/\/legandgo.com\/wp-content\/themes\/legandgo2\/img\/afilliate-header-pc.jpg\",\"datePublished\":\"2020-09-21T08:42:19+00:00\",\"dateModified\":\"2022-11-22T11:22:52+00:00\",\"breadcrumb\":{\"@id\":\"https:\/\/legandgo.com\/fr\/become-a-leggo-affiliate\/#breadcrumb\"},\"inLanguage\":\"fr-FR\",\"potentialAction\":[{\"@type\":\"ReadAction\",\"target\":[\"https:\/\/legandgo.com\/fr\/become-a-leggo-affiliate\/\"]}]},{\"@type\":\"ImageObject\",\"inLanguage\":\"fr-FR\",\"@id\":\"https:\/\/legandgo.com\/fr\/become-a-leggo-affiliate\/#primaryimage\",\"url\":\"https:\/\/legandgo.com\/wp-content\/themes\/legandgo2\/img\/afilliate-header-pc.jpg\",\"contentUrl\":\"https:\/\/legandgo.com\/wp-content\/themes\/legandgo2\/img\/afilliate-header-pc.jpg\"},{\"@type\":\"BreadcrumbList\",\"@id\":\"https:\/\/legandgo.com\/fr\/become-a-leggo-affiliate\/#breadcrumb\",\"itemListElement\":[{\"@type\":\"ListItem\",\"position\":1,\"name\":\"Home\",\"item\":\"https:\/\/legandgo.com\/fr\/\"},{\"@type\":\"ListItem\",\"position\":2,\"name\":\"Programme d&#8217;affiliation\"}]},{\"@type\":\"WebSite\",\"@id\":\"https:\/\/legandgo.com\/fr\/#website\",\"url\":\"https:\/\/legandgo.com\/fr\/\",\"name\":\"leg&amp;go\",\"description\":\"\",\"publisher\":{\"@id\":\"https:\/\/legandgo.com\/fr\/#organization\"},\"potentialAction\":[{\"@type\":\"SearchAction\",\"target\":{\"@type\":\"EntryPoint\",\"urlTemplate\":\"https:\/\/legandgo.com\/fr\/?s={search_term_string}\"},\"query-input\":{\"@type\":\"PropertyValueSpecification\",\"valueRequired\":true,\"valueName\":\"search_term_string\"}}],\"inLanguage\":\"fr-FR\"},{\"@type\":\"Organization\",\"@id\":\"https:\/\/legandgo.com\/fr\/#organization\",\"name\":\"leg&go bike\",\"url\":\"https:\/\/legandgo.com\/fr\/\",\"logo\":{\"@type\":\"ImageObject\",\"inLanguage\":\"fr-FR\",\"@id\":\"https:\/\/legandgo.com\/fr\/#\/schema\/logo\/image\/\",\"url\":\"https:\/\/legandgo.com\/wp-content\/uploads\/2021\/03\/logorf.png\",\"contentUrl\":\"https:\/\/legandgo.com\/wp-content\/uploads\/2021\/03\/logorf.png\",\"width\":675,\"height\":216,\"caption\":\"leg&go bike\"},\"image\":{\"@id\":\"https:\/\/legandgo.com\/fr\/#\/schema\/logo\/image\/\"},\"sameAs\":[\"https:\/\/www.facebook.com\/legandgo\",\"https:\/\/www.instagram.com\/legandgo\/\",\"https:\/\/www.linkedin.com\/company\/legandgo\/\",\"https:\/\/www.pinterest.com\/legandgo\/\",\"https:\/\/www.youtube.com\/channel\/UC_FBzWPmKWE0g7fcR4Xdfuw\/\"]}]}<\/script>\n<!-- \/ Yoast SEO plugin. -->","yoast_head_json":{"title":"Programme d'affiliation &#183; leg&amp;go","robots":{"index":"noindex","follow":"follow"},"og_locale":"fr_FR","og_type":"article","og_title":"Programme d'affiliation &#183; leg&amp;go","og_description":"Qui sommes-nous ? Leg&amp;go est le premier et unique v\u00e9lo pour enfant fait uniquement en bois, qui peut se transformer de 8 fa\u00e7ons, assurant ainsi la durabilit\u00e9, le design exceptionnel et la qualit\u00e9 sur le long-terme que les parents recherchent. La fourche en bois de haute qualit\u00e9 peut \u00eatre ajust\u00e9e en fonction de l\u2019\u00e2ge, de... Read more &raquo;","og_url":"https:\/\/legandgo.com\/fr\/become-a-leggo-affiliate\/","og_site_name":"leg&amp;go","article_publisher":"https:\/\/www.facebook.com\/legandgo","article_modified_time":"2022-11-22T11:22:52+00:00","og_image":[{"url":"https:\/\/legandgo.com\/wp-content\/themes\/legandgo2\/img\/afilliate-header-pc.jpg","type":"","width":"","height":""}],"twitter_card":"summary_large_image","twitter_misc":{"Dur\u00e9e de lecture estim\u00e9e":"3 minutes"},"schema":{"@context":"https:\/\/schema.org","@graph":[{"@type":"WebPage","@id":"https:\/\/legandgo.com\/fr\/become-a-leggo-affiliate\/","url":"https:\/\/legandgo.com\/fr\/become-a-leggo-affiliate\/","name":"Programme d'affiliation &#183; leg&amp;go","isPartOf":{"@id":"https:\/\/legandgo.com\/fr\/#website"},"primaryImageOfPage":{"@id":"https:\/\/legandgo.com\/fr\/become-a-leggo-affiliate\/#primaryimage"},"image":{"@id":"https:\/\/legandgo.com\/fr\/become-a-leggo-affiliate\/#primaryimage"},"thumbnailUrl":"https:\/\/legandgo.com\/wp-content\/themes\/legandgo2\/img\/afilliate-header-pc.jpg","datePublished":"2020-09-21T08:42:19+00:00","dateModified":"2022-11-22T11:22:52+00:00","breadcrumb":{"@id":"https:\/\/legandgo.com\/fr\/become-a-leggo-affiliate\/#breadcrumb"},"inLanguage":"fr-FR","potentialAction":[{"@type":"ReadAction","target":["https:\/\/legandgo.com\/fr\/become-a-leggo-affiliate\/"]}]},{"@type":"ImageObject","inLanguage":"fr-FR","@id":"https:\/\/legandgo.com\/fr\/become-a-leggo-affiliate\/#primaryimage","url":"https:\/\/legandgo.com\/wp-content\/themes\/legandgo2\/img\/afilliate-header-pc.jpg","contentUrl":"https:\/\/legandgo.com\/wp-content\/themes\/legandgo2\/img\/afilliate-header-pc.jpg"},{"@type":"BreadcrumbList","@id":"https:\/\/legandgo.com\/fr\/become-a-leggo-affiliate\/#breadcrumb","itemListElement":[{"@type":"ListItem","position":1,"name":"Home","item":"https:\/\/legandgo.com\/fr\/"},{"@type":"ListItem","position":2,"name":"Programme d&#8217;affiliation"}]},{"@type":"WebSite","@id":"https:\/\/legandgo.com\/fr\/#website","url":"https:\/\/legandgo.com\/fr\/","name":"leg&amp;go","description":"","publisher":{"@id":"https:\/\/legandgo.com\/fr\/#organization"},"potentialAction":[{"@type":"SearchAction","target":{"@type":"EntryPoint","urlTemplate":"https:\/\/legandgo.com\/fr\/?s={search_term_string}"},"query-input":{"@type":"PropertyValueSpecification","valueRequired":true,"valueName":"search_term_string"}}],"inLanguage":"fr-FR"},{"@type":"Organization","@id":"https:\/\/legandgo.com\/fr\/#organization","name":"leg&go bike","url":"https:\/\/legandgo.com\/fr\/","logo":{"@type":"ImageObject","inLanguage":"fr-FR","@id":"https:\/\/legandgo.com\/fr\/#\/schema\/logo\/image\/","url":"https:\/\/legandgo.com\/wp-content\/uploads\/2021\/03\/logorf.png","contentUrl":"https:\/\/legandgo.com\/wp-content\/uploads\/2021\/03\/logorf.png","width":675,"height":216,"caption":"leg&go bike"},"image":{"@id":"https:\/\/legandgo.com\/fr\/#\/schema\/logo\/image\/"},"sameAs":["https:\/\/www.facebook.com\/legandgo","https:\/\/www.instagram.com\/legandgo\/","https:\/\/www.linkedin.com\/company\/legandgo\/","https:\/\/www.pinterest.com\/legandgo\/","https:\/\/www.youtube.com\/channel\/UC_FBzWPmKWE0g7fcR4Xdfuw\/"]}]}},"_links":{"self":[{"href":"https:\/\/legandgo.com\/fr\/wp-json\/wp\/v2\/pages\/937","targetHints":{"allow":["GET"]}}],"collection":[{"href":"https:\/\/legandgo.com\/fr\/wp-json\/wp\/v2\/pages"}],"about":[{"href":"https:\/\/legandgo.com\/fr\/wp-json\/wp\/v2\/types\/page"}],"author":[{"embeddable":true,"href":"https:\/\/legandgo.com\/fr\/wp-json\/wp\/v2\/users\/1"}],"replies":[{"embeddable":true,"href":"https:\/\/legandgo.com\/fr\/wp-json\/wp\/v2\/comments?post=937"}],"version-history":[{"count":5,"href":"https:\/\/legandgo.com\/fr\/wp-json\/wp\/v2\/pages\/937\/revisions"}],"predecessor-version":[{"id":10016,"href":"https:\/\/legandgo.com\/fr\/wp-json\/wp\/v2\/pages\/937\/revisions\/10016"}],"wp:attachment":[{"href":"https:\/\/legandgo.com\/fr\/wp-json\/wp\/v2\/media?parent=937"}],"curies":[{"name":"wp","href":"https:\/\/api.w.org\/{rel}","templated":true}]}}