{"id":943,"date":"2020-08-30T06:21:54","date_gmt":"2020-08-30T06:21:54","guid":{"rendered":"https:\/\/legandgo.com\/contacts\/"},"modified":"2025-06-30T08:07:45","modified_gmt":"2025-06-30T06:07:45","slug":"contacts","status":"publish","type":"page","link":"https:\/\/legandgo.com\/fr\/about\/contacts\/","title":{"rendered":"Contact"},"content":{"rendered":"\n<h3 class=\"wp-block-heading\">Service client<\/h3>\n\n\n\n<p><br>Pour toute question concernant l\u2019exp\u00e9dition de votre commande, la garantie, les r\u00e9parations ou toute autre question relative \u00e0 l\u2019entretien et \u00e0 l\u2019utilisation de votre v\u00e9lo, n\u2019h\u00e9sitez pas \u00e0 nous contacter. Nous sommes heureux de nous occuper de nos clients autant que nous aimons produire des v\u00e9los.<\/p>\n\n\n\n<h4 class=\"wp-block-heading\">NOUS CONTACTER:<\/h4>\n\n\n\n<p style=\"font-size:30px\"><p style=\"font-size:30px\"><\/p><p style=\"font-size:20px\"><img class=\"wp-image-892\" style=\"width: 0px;\" src=https:\/\/legandgo.com\/wp-content\/uploads\/2021\/02\/ph.svg alt=\"\"><a href=mailto:support@legandgo.com>support@legandgo.com<\/a><\/p><p><\/p><\/p>\n\n\n\n<p style=\"font-size:30px\"><p style=\"font-size:20px\"><img decoding=\"async\" class=\"wp-image-894\" style=\"width: 0px;\" src=\"https:\/\/legandgo.com\/wp-content\/uploads\/2021\/02\/phh.svg\" alt=\"\"> +371 27 558 833<\/p><\/p>\n\n\n\n<div class=\"wp-block-columns my-columns is-layout-flex wp-container-core-columns-is-layout-9d6595d7 wp-block-columns-is-layout-flex\">\n<div class=\"wp-block-column my-columns is-layout-flow wp-block-column-is-layout-flow\">\n<h4 class=\"wp-block-heading\">VENTES<\/h4>\n\n\n\n<p>Cher revendeur ou agent, veuillez contacter notre service commercial<\/p>\n\n\n\n<p><a href=\"mailto:sales@legandgo.com\">sales@legandgo.com<\/a><\/p>\n<\/div>\n\n\n\n<div class=\"wp-block-column my-columns is-layout-flow wp-block-column-is-layout-flow\">\n<h4 class=\"wp-block-heading\">MARKETING<\/h4>\n\n\n\n<p>Pour toute question concernant la publicit\u00e9 et les collaborations, contactez l&#8217;\u00e9quipe Marketing<\/p>\n\n\n\n<p> <a href=\"mailto:kristine.pramniece@legandgo.com\">info@legandgo.com<\/a><\/p>\n<\/div>\n<\/div>\n\n\n\n<div class=\"wp-block-columns my-columns is-layout-flex wp-container-core-columns-is-layout-9d6595d7 wp-block-columns-is-layout-flex\">\n<div class=\"wp-block-column my-columns is-layout-flow wp-block-column-is-layout-flow\">\n<h4 class=\"wp-block-heading\">ADMINISTRATION<\/h4>\n\n\n\n<p>Pour toute autre question, n\u2019h\u00e9sitez pas \u00e0 nous contacter :<\/p>\n\n\n\n<p>T\u00e9l\u00e9phone:&nbsp; <a href=\"tel:0037127558833\">+371 27 558 833<\/a><br>E-mail: <a href=\"mailto:info@legandgo.com\">info@legandgo.com<\/a><br>12 Kalku St., Cesis,<br>LV-4101, Latvia<\/p>\n<\/div>\n\n\n\n<div class=\"wp-block-column my-columns is-layout-flow wp-block-column-is-layout-flow\"><\/div>\n<\/div>\n","protected":false},"excerpt":{"rendered":"<p>Service client Pour toute question concernant l\u2019exp\u00e9dition de votre commande, la garantie, les r\u00e9parations ou toute autre question relative \u00e0 l\u2019entretien et \u00e0 l\u2019utilisation de votre v\u00e9lo, n\u2019h\u00e9sitez pas \u00e0 nous contacter. Nous sommes heureux de nous occuper de nos clients autant que nous aimons produire des v\u00e9los. NOUS CONTACTER: support@legandgo.com +371 27 558 833<a class=\"excerpt-read-more\" href=\"https:\/\/legandgo.com\/fr\/about\/contacts\/\" title=\"ReadContact\">&#8230; Read more &raquo;<\/a><\/p>\n","protected":false},"author":1,"featured_media":0,"parent":948,"menu_order":15,"comment_status":"closed","ping_status":"closed","template":"page-contacts.php","meta":{"_acf_changed":false,"inline_featured_image":false,"footnotes":""},"class_list":["post-943","page","type-page","status-publish","hentry"],"acf":[],"yoast_head":"<!-- This site is optimized with the Yoast SEO plugin v25.9 - https:\/\/yoast.com\/wordpress\/plugins\/seo\/ -->\n<title>Contact &#183; leg&amp;go<\/title>\n<meta name=\"robots\" content=\"index, follow, max-snippet:-1, max-image-preview:large, max-video-preview:-1\" \/>\n<link rel=\"canonical\" href=\"https:\/\/legandgo.com\/fr\/about\/contacts\/\" \/>\n<meta property=\"og:locale\" content=\"fr_FR\" \/>\n<meta property=\"og:type\" content=\"article\" \/>\n<meta property=\"og:title\" content=\"Contact &#183; leg&amp;go\" \/>\n<meta property=\"og:description\" content=\"Service client Pour toute question concernant l\u2019exp\u00e9dition de votre commande, la garantie, les r\u00e9parations ou toute autre question relative \u00e0 l\u2019entretien et \u00e0 l\u2019utilisation de votre v\u00e9lo, n\u2019h\u00e9sitez pas \u00e0 nous contacter. Nous sommes heureux de nous occuper de nos clients autant que nous aimons produire des v\u00e9los. NOUS CONTACTER: support@legandgo.com +371 27 558 833... Read more &raquo;\" \/>\n<meta property=\"og:url\" content=\"https:\/\/legandgo.com\/fr\/about\/contacts\/\" \/>\n<meta property=\"og:site_name\" content=\"leg&amp;go\" \/>\n<meta property=\"article:publisher\" content=\"https:\/\/www.facebook.com\/legandgo\" \/>\n<meta property=\"article:modified_time\" content=\"2025-06-30T06:07:45+00:00\" \/>\n<meta property=\"og:image\" content=\"https:\/\/legandgo.com\/wp-content\/uploads\/2021\/02\/phh.svg\" \/>\n<meta name=\"twitter:card\" content=\"summary_large_image\" \/>\n<meta name=\"twitter:label1\" content=\"Dur\u00e9e de lecture estim\u00e9e\" \/>\n\t<meta name=\"twitter:data1\" content=\"1 minute\" \/>\n<script type=\"application\/ld+json\" class=\"yoast-schema-graph\">{\"@context\":\"https:\/\/schema.org\",\"@graph\":[{\"@type\":\"WebPage\",\"@id\":\"https:\/\/legandgo.com\/fr\/about\/contacts\/\",\"url\":\"https:\/\/legandgo.com\/fr\/about\/contacts\/\",\"name\":\"Contact &#183; leg&amp;go\",\"isPartOf\":{\"@id\":\"https:\/\/legandgo.com\/fr\/#website\"},\"primaryImageOfPage\":{\"@id\":\"https:\/\/legandgo.com\/fr\/about\/contacts\/#primaryimage\"},\"image\":{\"@id\":\"https:\/\/legandgo.com\/fr\/about\/contacts\/#primaryimage\"},\"thumbnailUrl\":\"https:\/\/legandgo.com\/wp-content\/uploads\/2021\/02\/phh.svg\",\"datePublished\":\"2020-08-30T06:21:54+00:00\",\"dateModified\":\"2025-06-30T06:07:45+00:00\",\"breadcrumb\":{\"@id\":\"https:\/\/legandgo.com\/fr\/about\/contacts\/#breadcrumb\"},\"inLanguage\":\"fr-FR\",\"potentialAction\":[{\"@type\":\"ReadAction\",\"target\":[\"https:\/\/legandgo.com\/fr\/about\/contacts\/\"]}]},{\"@type\":\"ImageObject\",\"inLanguage\":\"fr-FR\",\"@id\":\"https:\/\/legandgo.com\/fr\/about\/contacts\/#primaryimage\",\"url\":\"https:\/\/legandgo.com\/wp-content\/uploads\/2021\/02\/phh.svg\",\"contentUrl\":\"https:\/\/legandgo.com\/wp-content\/uploads\/2021\/02\/phh.svg\"},{\"@type\":\"BreadcrumbList\",\"@id\":\"https:\/\/legandgo.com\/fr\/about\/contacts\/#breadcrumb\",\"itemListElement\":[{\"@type\":\"ListItem\",\"position\":1,\"name\":\"Home\",\"item\":\"https:\/\/legandgo.com\/fr\/\"},{\"@type\":\"ListItem\",\"position\":2,\"name\":\"A propos\",\"item\":\"https:\/\/legandgo.com\/fr\/about\/\"},{\"@type\":\"ListItem\",\"position\":3,\"name\":\"Contact\"}]},{\"@type\":\"WebSite\",\"@id\":\"https:\/\/legandgo.com\/fr\/#website\",\"url\":\"https:\/\/legandgo.com\/fr\/\",\"name\":\"leg&amp;go\",\"description\":\"\",\"publisher\":{\"@id\":\"https:\/\/legandgo.com\/fr\/#organization\"},\"potentialAction\":[{\"@type\":\"SearchAction\",\"target\":{\"@type\":\"EntryPoint\",\"urlTemplate\":\"https:\/\/legandgo.com\/fr\/?s={search_term_string}\"},\"query-input\":{\"@type\":\"PropertyValueSpecification\",\"valueRequired\":true,\"valueName\":\"search_term_string\"}}],\"inLanguage\":\"fr-FR\"},{\"@type\":\"Organization\",\"@id\":\"https:\/\/legandgo.com\/fr\/#organization\",\"name\":\"leg&go bike\",\"url\":\"https:\/\/legandgo.com\/fr\/\",\"logo\":{\"@type\":\"ImageObject\",\"inLanguage\":\"fr-FR\",\"@id\":\"https:\/\/legandgo.com\/fr\/#\/schema\/logo\/image\/\",\"url\":\"https:\/\/legandgo.com\/wp-content\/uploads\/2021\/03\/logorf.png\",\"contentUrl\":\"https:\/\/legandgo.com\/wp-content\/uploads\/2021\/03\/logorf.png\",\"width\":675,\"height\":216,\"caption\":\"leg&go bike\"},\"image\":{\"@id\":\"https:\/\/legandgo.com\/fr\/#\/schema\/logo\/image\/\"},\"sameAs\":[\"https:\/\/www.facebook.com\/legandgo\",\"https:\/\/www.instagram.com\/legandgo\/\",\"https:\/\/www.linkedin.com\/company\/legandgo\/\",\"https:\/\/www.pinterest.com\/legandgo\/\",\"https:\/\/www.youtube.com\/channel\/UC_FBzWPmKWE0g7fcR4Xdfuw\/\"]}]}<\/script>\n<!-- \/ Yoast SEO plugin. -->","yoast_head_json":{"title":"Contact &#183; leg&amp;go","robots":{"index":"index","follow":"follow","max-snippet":"max-snippet:-1","max-image-preview":"max-image-preview:large","max-video-preview":"max-video-preview:-1"},"canonical":"https:\/\/legandgo.com\/fr\/about\/contacts\/","og_locale":"fr_FR","og_type":"article","og_title":"Contact &#183; leg&amp;go","og_description":"Service client Pour toute question concernant l\u2019exp\u00e9dition de votre commande, la garantie, les r\u00e9parations ou toute autre question relative \u00e0 l\u2019entretien et \u00e0 l\u2019utilisation de votre v\u00e9lo, n\u2019h\u00e9sitez pas \u00e0 nous contacter. Nous sommes heureux de nous occuper de nos clients autant que nous aimons produire des v\u00e9los. NOUS CONTACTER: support@legandgo.com +371 27 558 833... Read more &raquo;","og_url":"https:\/\/legandgo.com\/fr\/about\/contacts\/","og_site_name":"leg&amp;go","article_publisher":"https:\/\/www.facebook.com\/legandgo","article_modified_time":"2025-06-30T06:07:45+00:00","og_image":[{"url":"https:\/\/legandgo.com\/wp-content\/uploads\/2021\/02\/phh.svg","type":"","width":"","height":""}],"twitter_card":"summary_large_image","twitter_misc":{"Dur\u00e9e de lecture estim\u00e9e":"1 minute"},"schema":{"@context":"https:\/\/schema.org","@graph":[{"@type":"WebPage","@id":"https:\/\/legandgo.com\/fr\/about\/contacts\/","url":"https:\/\/legandgo.com\/fr\/about\/contacts\/","name":"Contact &#183; leg&amp;go","isPartOf":{"@id":"https:\/\/legandgo.com\/fr\/#website"},"primaryImageOfPage":{"@id":"https:\/\/legandgo.com\/fr\/about\/contacts\/#primaryimage"},"image":{"@id":"https:\/\/legandgo.com\/fr\/about\/contacts\/#primaryimage"},"thumbnailUrl":"https:\/\/legandgo.com\/wp-content\/uploads\/2021\/02\/phh.svg","datePublished":"2020-08-30T06:21:54+00:00","dateModified":"2025-06-30T06:07:45+00:00","breadcrumb":{"@id":"https:\/\/legandgo.com\/fr\/about\/contacts\/#breadcrumb"},"inLanguage":"fr-FR","potentialAction":[{"@type":"ReadAction","target":["https:\/\/legandgo.com\/fr\/about\/contacts\/"]}]},{"@type":"ImageObject","inLanguage":"fr-FR","@id":"https:\/\/legandgo.com\/fr\/about\/contacts\/#primaryimage","url":"https:\/\/legandgo.com\/wp-content\/uploads\/2021\/02\/phh.svg","contentUrl":"https:\/\/legandgo.com\/wp-content\/uploads\/2021\/02\/phh.svg"},{"@type":"BreadcrumbList","@id":"https:\/\/legandgo.com\/fr\/about\/contacts\/#breadcrumb","itemListElement":[{"@type":"ListItem","position":1,"name":"Home","item":"https:\/\/legandgo.com\/fr\/"},{"@type":"ListItem","position":2,"name":"A propos","item":"https:\/\/legandgo.com\/fr\/about\/"},{"@type":"ListItem","position":3,"name":"Contact"}]},{"@type":"WebSite","@id":"https:\/\/legandgo.com\/fr\/#website","url":"https:\/\/legandgo.com\/fr\/","name":"leg&amp;go","description":"","publisher":{"@id":"https:\/\/legandgo.com\/fr\/#organization"},"potentialAction":[{"@type":"SearchAction","target":{"@type":"EntryPoint","urlTemplate":"https:\/\/legandgo.com\/fr\/?s={search_term_string}"},"query-input":{"@type":"PropertyValueSpecification","valueRequired":true,"valueName":"search_term_string"}}],"inLanguage":"fr-FR"},{"@type":"Organization","@id":"https:\/\/legandgo.com\/fr\/#organization","name":"leg&go bike","url":"https:\/\/legandgo.com\/fr\/","logo":{"@type":"ImageObject","inLanguage":"fr-FR","@id":"https:\/\/legandgo.com\/fr\/#\/schema\/logo\/image\/","url":"https:\/\/legandgo.com\/wp-content\/uploads\/2021\/03\/logorf.png","contentUrl":"https:\/\/legandgo.com\/wp-content\/uploads\/2021\/03\/logorf.png","width":675,"height":216,"caption":"leg&go bike"},"image":{"@id":"https:\/\/legandgo.com\/fr\/#\/schema\/logo\/image\/"},"sameAs":["https:\/\/www.facebook.com\/legandgo","https:\/\/www.instagram.com\/legandgo\/","https:\/\/www.linkedin.com\/company\/legandgo\/","https:\/\/www.pinterest.com\/legandgo\/","https:\/\/www.youtube.com\/channel\/UC_FBzWPmKWE0g7fcR4Xdfuw\/"]}]}},"_links":{"self":[{"href":"https:\/\/legandgo.com\/fr\/wp-json\/wp\/v2\/pages\/943","targetHints":{"allow":["GET"]}}],"collection":[{"href":"https:\/\/legandgo.com\/fr\/wp-json\/wp\/v2\/pages"}],"about":[{"href":"https:\/\/legandgo.com\/fr\/wp-json\/wp\/v2\/types\/page"}],"author":[{"embeddable":true,"href":"https:\/\/legandgo.com\/fr\/wp-json\/wp\/v2\/users\/1"}],"replies":[{"embeddable":true,"href":"https:\/\/legandgo.com\/fr\/wp-json\/wp\/v2\/comments?post=943"}],"version-history":[{"count":19,"href":"https:\/\/legandgo.com\/fr\/wp-json\/wp\/v2\/pages\/943\/revisions"}],"predecessor-version":[{"id":40649,"href":"https:\/\/legandgo.com\/fr\/wp-json\/wp\/v2\/pages\/943\/revisions\/40649"}],"up":[{"embeddable":true,"href":"https:\/\/legandgo.com\/fr\/wp-json\/wp\/v2\/pages\/948"}],"wp:attachment":[{"href":"https:\/\/legandgo.com\/fr\/wp-json\/wp\/v2\/media?parent=943"}],"curies":[{"name":"wp","href":"https:\/\/api.w.org\/{rel}","templated":true}]}}