{"id":946,"date":"2020-08-30T06:20:51","date_gmt":"2020-08-30T06:20:51","guid":{"rendered":"https:\/\/legandgo.com\/our-story\/"},"modified":"2024-12-02T10:56:04","modified_gmt":"2024-12-02T08:56:04","slug":"our-story","status":"publish","type":"page","link":"https:\/\/legandgo.com\/fr\/about\/our-story\/","title":{"rendered":"Notre histoire"},"content":{"rendered":"","protected":false},"excerpt":{"rendered":"","protected":false},"author":1,"featured_media":0,"parent":948,"menu_order":42,"comment_status":"closed","ping_status":"closed","template":"page-our-story.php","meta":{"_acf_changed":false,"inline_featured_image":false,"footnotes":""},"class_list":["post-946","page","type-page","status-publish","hentry"],"acf":[],"yoast_head":"<!-- This site is optimized with the Yoast SEO plugin v25.9 - https:\/\/yoast.com\/wordpress\/plugins\/seo\/ -->\n<title>Notre histoire derri\u00e8re leg&amp;go | V\u00e9lo \u00e9volutif durable<\/title>\n<meta name=\"description\" content=\"D\u00e9couvrez notre histoire derri\u00e8re leg&amp;go. Du v\u00e9lo \u00e9volutif en bois le plus durable aux produits qui inspirent la croissance et la cr\u00e9ativit\u00e9 des enfants.\" \/>\n<meta name=\"robots\" content=\"index, follow, max-snippet:-1, max-image-preview:large, max-video-preview:-1\" \/>\n<link rel=\"canonical\" href=\"https:\/\/legandgo.com\/fr\/about\/our-story\/\" \/>\n<meta property=\"og:locale\" content=\"fr_FR\" \/>\n<meta property=\"og:type\" content=\"article\" \/>\n<meta property=\"og:title\" content=\"Notre histoire derri\u00e8re leg&amp;go | V\u00e9lo \u00e9volutif durable\" \/>\n<meta property=\"og:description\" content=\"D\u00e9couvrez notre histoire derri\u00e8re leg&amp;go. Du v\u00e9lo \u00e9volutif en bois le plus durable aux produits qui inspirent la croissance et la cr\u00e9ativit\u00e9 des enfants.\" \/>\n<meta property=\"og:url\" content=\"https:\/\/legandgo.com\/fr\/about\/our-story\/\" \/>\n<meta property=\"og:site_name\" content=\"leg&amp;go\" \/>\n<meta property=\"article:publisher\" content=\"https:\/\/www.facebook.com\/legandgo\" \/>\n<meta property=\"article:modified_time\" content=\"2024-12-02T08:56:04+00:00\" \/>\n<meta property=\"og:image\" content=\"https:\/\/legandgo.com\/wp-content\/uploads\/2021\/02\/572a9dff7e0dea6b91d5e27979d5f64e.jpg\" \/>\n\t<meta property=\"og:image:width\" content=\"1200\" \/>\n\t<meta property=\"og:image:height\" content=\"675\" \/>\n\t<meta property=\"og:image:type\" content=\"image\/jpeg\" \/>\n<meta name=\"twitter:card\" content=\"summary_large_image\" \/>\n<script type=\"application\/ld+json\" class=\"yoast-schema-graph\">{\"@context\":\"https:\/\/schema.org\",\"@graph\":[{\"@type\":\"WebPage\",\"@id\":\"https:\/\/legandgo.com\/fr\/about\/our-story\/\",\"url\":\"https:\/\/legandgo.com\/fr\/about\/our-story\/\",\"name\":\"Notre histoire derri\u00e8re leg&go | V\u00e9lo \u00e9volutif durable\",\"isPartOf\":{\"@id\":\"https:\/\/legandgo.com\/fr\/#website\"},\"datePublished\":\"2020-08-30T06:20:51+00:00\",\"dateModified\":\"2024-12-02T08:56:04+00:00\",\"description\":\"D\u00e9couvrez notre histoire derri\u00e8re leg&go. Du v\u00e9lo \u00e9volutif en bois le plus durable aux produits qui inspirent la croissance et la cr\u00e9ativit\u00e9 des enfants.\",\"breadcrumb\":{\"@id\":\"https:\/\/legandgo.com\/fr\/about\/our-story\/#breadcrumb\"},\"inLanguage\":\"fr-FR\",\"potentialAction\":[{\"@type\":\"ReadAction\",\"target\":[\"https:\/\/legandgo.com\/fr\/about\/our-story\/\"]}]},{\"@type\":\"BreadcrumbList\",\"@id\":\"https:\/\/legandgo.com\/fr\/about\/our-story\/#breadcrumb\",\"itemListElement\":[{\"@type\":\"ListItem\",\"position\":1,\"name\":\"Home\",\"item\":\"https:\/\/legandgo.com\/fr\/\"},{\"@type\":\"ListItem\",\"position\":2,\"name\":\"A propos\",\"item\":\"https:\/\/legandgo.com\/fr\/about\/\"},{\"@type\":\"ListItem\",\"position\":3,\"name\":\"Notre histoire\"}]},{\"@type\":\"WebSite\",\"@id\":\"https:\/\/legandgo.com\/fr\/#website\",\"url\":\"https:\/\/legandgo.com\/fr\/\",\"name\":\"leg&amp;go\",\"description\":\"\",\"publisher\":{\"@id\":\"https:\/\/legandgo.com\/fr\/#organization\"},\"potentialAction\":[{\"@type\":\"SearchAction\",\"target\":{\"@type\":\"EntryPoint\",\"urlTemplate\":\"https:\/\/legandgo.com\/fr\/?s={search_term_string}\"},\"query-input\":{\"@type\":\"PropertyValueSpecification\",\"valueRequired\":true,\"valueName\":\"search_term_string\"}}],\"inLanguage\":\"fr-FR\"},{\"@type\":\"Organization\",\"@id\":\"https:\/\/legandgo.com\/fr\/#organization\",\"name\":\"leg&go bike\",\"url\":\"https:\/\/legandgo.com\/fr\/\",\"logo\":{\"@type\":\"ImageObject\",\"inLanguage\":\"fr-FR\",\"@id\":\"https:\/\/legandgo.com\/fr\/#\/schema\/logo\/image\/\",\"url\":\"https:\/\/legandgo.com\/wp-content\/uploads\/2021\/03\/logorf.png\",\"contentUrl\":\"https:\/\/legandgo.com\/wp-content\/uploads\/2021\/03\/logorf.png\",\"width\":675,\"height\":216,\"caption\":\"leg&go bike\"},\"image\":{\"@id\":\"https:\/\/legandgo.com\/fr\/#\/schema\/logo\/image\/\"},\"sameAs\":[\"https:\/\/www.facebook.com\/legandgo\",\"https:\/\/www.instagram.com\/legandgo\/\",\"https:\/\/www.linkedin.com\/company\/legandgo\/\",\"https:\/\/www.pinterest.com\/legandgo\/\",\"https:\/\/www.youtube.com\/channel\/UC_FBzWPmKWE0g7fcR4Xdfuw\/\"]}]}<\/script>\n<!-- \/ Yoast SEO plugin. -->","yoast_head_json":{"title":"Notre histoire derri\u00e8re leg&go | V\u00e9lo \u00e9volutif durable","description":"D\u00e9couvrez notre histoire derri\u00e8re leg&go. Du v\u00e9lo \u00e9volutif en bois le plus durable aux produits qui inspirent la croissance et la cr\u00e9ativit\u00e9 des enfants.","robots":{"index":"index","follow":"follow","max-snippet":"max-snippet:-1","max-image-preview":"max-image-preview:large","max-video-preview":"max-video-preview:-1"},"canonical":"https:\/\/legandgo.com\/fr\/about\/our-story\/","og_locale":"fr_FR","og_type":"article","og_title":"Notre histoire derri\u00e8re leg&go | V\u00e9lo \u00e9volutif durable","og_description":"D\u00e9couvrez notre histoire derri\u00e8re leg&go. Du v\u00e9lo \u00e9volutif en bois le plus durable aux produits qui inspirent la croissance et la cr\u00e9ativit\u00e9 des enfants.","og_url":"https:\/\/legandgo.com\/fr\/about\/our-story\/","og_site_name":"leg&amp;go","article_publisher":"https:\/\/www.facebook.com\/legandgo","article_modified_time":"2024-12-02T08:56:04+00:00","og_image":[{"width":1200,"height":675,"url":"https:\/\/legandgo.com\/wp-content\/uploads\/2021\/02\/572a9dff7e0dea6b91d5e27979d5f64e.jpg","type":"image\/jpeg"}],"twitter_card":"summary_large_image","schema":{"@context":"https:\/\/schema.org","@graph":[{"@type":"WebPage","@id":"https:\/\/legandgo.com\/fr\/about\/our-story\/","url":"https:\/\/legandgo.com\/fr\/about\/our-story\/","name":"Notre histoire derri\u00e8re leg&go | V\u00e9lo \u00e9volutif durable","isPartOf":{"@id":"https:\/\/legandgo.com\/fr\/#website"},"datePublished":"2020-08-30T06:20:51+00:00","dateModified":"2024-12-02T08:56:04+00:00","description":"D\u00e9couvrez notre histoire derri\u00e8re leg&go. Du v\u00e9lo \u00e9volutif en bois le plus durable aux produits qui inspirent la croissance et la cr\u00e9ativit\u00e9 des enfants.","breadcrumb":{"@id":"https:\/\/legandgo.com\/fr\/about\/our-story\/#breadcrumb"},"inLanguage":"fr-FR","potentialAction":[{"@type":"ReadAction","target":["https:\/\/legandgo.com\/fr\/about\/our-story\/"]}]},{"@type":"BreadcrumbList","@id":"https:\/\/legandgo.com\/fr\/about\/our-story\/#breadcrumb","itemListElement":[{"@type":"ListItem","position":1,"name":"Home","item":"https:\/\/legandgo.com\/fr\/"},{"@type":"ListItem","position":2,"name":"A propos","item":"https:\/\/legandgo.com\/fr\/about\/"},{"@type":"ListItem","position":3,"name":"Notre histoire"}]},{"@type":"WebSite","@id":"https:\/\/legandgo.com\/fr\/#website","url":"https:\/\/legandgo.com\/fr\/","name":"leg&amp;go","description":"","publisher":{"@id":"https:\/\/legandgo.com\/fr\/#organization"},"potentialAction":[{"@type":"SearchAction","target":{"@type":"EntryPoint","urlTemplate":"https:\/\/legandgo.com\/fr\/?s={search_term_string}"},"query-input":{"@type":"PropertyValueSpecification","valueRequired":true,"valueName":"search_term_string"}}],"inLanguage":"fr-FR"},{"@type":"Organization","@id":"https:\/\/legandgo.com\/fr\/#organization","name":"leg&go bike","url":"https:\/\/legandgo.com\/fr\/","logo":{"@type":"ImageObject","inLanguage":"fr-FR","@id":"https:\/\/legandgo.com\/fr\/#\/schema\/logo\/image\/","url":"https:\/\/legandgo.com\/wp-content\/uploads\/2021\/03\/logorf.png","contentUrl":"https:\/\/legandgo.com\/wp-content\/uploads\/2021\/03\/logorf.png","width":675,"height":216,"caption":"leg&go bike"},"image":{"@id":"https:\/\/legandgo.com\/fr\/#\/schema\/logo\/image\/"},"sameAs":["https:\/\/www.facebook.com\/legandgo","https:\/\/www.instagram.com\/legandgo\/","https:\/\/www.linkedin.com\/company\/legandgo\/","https:\/\/www.pinterest.com\/legandgo\/","https:\/\/www.youtube.com\/channel\/UC_FBzWPmKWE0g7fcR4Xdfuw\/"]}]}},"_links":{"self":[{"href":"https:\/\/legandgo.com\/fr\/wp-json\/wp\/v2\/pages\/946","targetHints":{"allow":["GET"]}}],"collection":[{"href":"https:\/\/legandgo.com\/fr\/wp-json\/wp\/v2\/pages"}],"about":[{"href":"https:\/\/legandgo.com\/fr\/wp-json\/wp\/v2\/types\/page"}],"author":[{"embeddable":true,"href":"https:\/\/legandgo.com\/fr\/wp-json\/wp\/v2\/users\/1"}],"replies":[{"embeddable":true,"href":"https:\/\/legandgo.com\/fr\/wp-json\/wp\/v2\/comments?post=946"}],"version-history":[{"count":12,"href":"https:\/\/legandgo.com\/fr\/wp-json\/wp\/v2\/pages\/946\/revisions"}],"predecessor-version":[{"id":3430,"href":"https:\/\/legandgo.com\/fr\/wp-json\/wp\/v2\/pages\/946\/revisions\/3430"}],"up":[{"embeddable":true,"href":"https:\/\/legandgo.com\/fr\/wp-json\/wp\/v2\/pages\/948"}],"wp:attachment":[{"href":"https:\/\/legandgo.com\/fr\/wp-json\/wp\/v2\/media?parent=946"}],"curies":[{"name":"wp","href":"https:\/\/api.w.org\/{rel}","templated":true}]}}