{"id":955,"date":"2020-08-30T06:14:49","date_gmt":"2020-08-30T06:14:49","guid":{"rendered":"https:\/\/legandgo.com\/home-page\/"},"modified":"2026-01-15T11:52:36","modified_gmt":"2026-01-15T09:52:36","slug":"home","status":"publish","type":"page","link":"https:\/\/legandgo.com\/fr\/","title":{"rendered":"Page d&#8217;accueil"},"content":{"rendered":"\n<div class=\"wp-block-group\"><div class=\"wp-block-group__inner-container is-layout-flow wp-block-group-is-layout-flow\">\n<h1 class=\"wp-block-heading has-text-align-center\">Tout ce qu&#8217;un premier v\u00e9lo<br>devrait \u00eatre !<\/h1>\n\n\n\n<div class=\"relative-position scroll-animation-div\"><div class=\"scroll-animation notscrolled\"><\/div><span>Faites d\u00e9filer pour voir le v\u00e9lo transform\u00e9<\/span><\/div>\n\n\n\n<div class=\"wrapper-common\">\n   <div class=\"front-slide-changer front-slide info-block\">\n      <div class=\"show-info-bl show-info-bl-1\">\n         <h3>Grandir ensemble<\/h3>\n         <p>Ce v\u00e9lo grandit et se transforme en m\u00eame temps que votre enfant !<\/p>\n         <a class=\"bike-bttn\" href=\"https:\/\/legandgo.com\/fr\/shop\/draisienne3en1\/balance-bike-3in1\/\">VOIR LE VELO<\/a>\n      <\/div>\n      <div class=\"show-info-bl show-info-bl-2\" style=\"display: none;\">\n         <h3>Un investissement avant-gardiste\n \n         <\/h3>\n         <p>Pourquoi acheter plusieurs v\u00e9los au fil des ans alors que vous pouvez en avoir un seul, toujours \u00e0 la bonne taille ?<\/p>\n         <a class=\"bike-bttn\" href=\"https:\/\/legandgo.com\/fr\/shop\/draisienne3en1\/balance-bike-3in1\/\">VOIR LE VELO<\/a>\n      <\/div>\n      <div class=\"show-info-bl show-info-bl-3\" style=\"display: none;\">\n         <h3>S\u00e9curit\u00e9 \n \u00e0 tout \u00e2ge  \n         <\/h3>\n         <p>A travers toutes les transformations, le v\u00e9lo reste solide et ergonomique afin que ses utilisateurs puissent acqu\u00e9rir de nouvelles comp\u00e9tences en toute s\u00e9curit\u00e9.<\/p>\n         <a class=\"bike-bttn\" href=\"https:\/\/legandgo.com\/fr\/shop\/draisienne3en1\/balance-bike-3in1\/\">VOIR LE VELO<\/a>\n      <\/div>\n   <\/div>\n<\/div>\n<\/div><\/div>\n\n\n\n<div class=\"wp-block-group\"><div class=\"wp-block-group__inner-container is-layout-flow wp-block-group-is-layout-flow\">\n<div class=\"wp-block-columns is-layout-flex wp-container-core-columns-is-layout-9d6595d7 wp-block-columns-is-layout-flex\">\n<div class=\"wp-block-column is-layout-flow wp-block-column-is-layout-flow\">\n<h3 class=\"wp-block-heading has-text-align-center\">Transformabilit\u00e9<\/h3>\n\n\n\n<figure class=\"wp-block-image size-large\"><img decoding=\"async\" src=\"https:\/\/legandgo.com\/wp-content\/uploads\/2020\/08\/transformability-1.svg\" alt=\"\" class=\"wp-image-159\"\/><\/figure>\n\n\n\n<p class=\"has-text-align-center\">1 minute et aucun outil &#8211; c&#8217;est tout ce qu&#8217;il faut pour transformer votre Balance Bike 3in1 de la version b\u00e9b\u00e9 tr\u00e8s basse \u00e0 une configuration beaucoup plus haute ou plus rebondissante.<\/p>\n<\/div>\n\n\n\n<div class=\"wp-block-column is-layout-flow wp-block-column-is-layout-flow\">\n<h3 class=\"wp-block-heading has-text-align-center\">Long\u00e9vit\u00e9<\/h3>\n\n\n\n<figure class=\"wp-block-image size-large\"><img decoding=\"async\" src=\"https:\/\/legandgo.com\/wp-content\/uploads\/2020\/08\/longevity-1.svg\" alt=\"\" class=\"wp-image-162\"\/><\/figure>\n\n\n\n<p class=\"has-text-align-center\">Un v\u00e9lo de 1 \u00e0 5 ans. De 85 cm \u00e0 115 cm. De 25 cm \u00e0 47 cm de hauteur d&#8217;assise.<\/p>\n<\/div>\n\n\n\n<div class=\"wp-block-column is-layout-flow wp-block-column-is-layout-flow\">\n<h3 class=\"wp-block-heading has-text-align-center\">Qualit\u00e9<\/h3>\n\n\n\n<figure class=\"wp-block-image size-large\"><img decoding=\"async\" src=\"https:\/\/legandgo.com\/wp-content\/uploads\/2020\/08\/quality.svg\" alt=\"\" class=\"wp-image-165\"\/><\/figure>\n\n\n\n<p class=\"has-text-align-center\">Combinant un travail soign\u00e9 et des technologies intelligentes, il s&#8217;\u00e9coule trois mois entre le moment o\u00f9 nos artisans re\u00e7oivent une solide pi\u00e8ce de contreplaqu\u00e9 de bouleau de premi\u00e8re qualit\u00e9 et le moment o\u00f9 le v\u00e9lo fini est pos\u00e9 dans son emballage soigneusement con\u00e7u.<\/p>\n<\/div>\n<\/div>\n<\/div><\/div>\n\n\n\n<div class=\"wp-block-group\"><div class=\"wp-block-group__inner-container is-layout-flow wp-block-group-is-layout-flow\">\n<h2 class=\"wp-block-heading has-text-align-center\">Nos prix<\/h2>\n\n\n\n<p class=\"has-text-align-center\">Nous sommes fiers et honor\u00e9s d&#8217;avoir re\u00e7u ces prix.<\/p>\n\n\n\n<div class=\"wp-block-columns is-layout-flex wp-container-core-columns-is-layout-9d6595d7 wp-block-columns-is-layout-flex\">\n<div class=\"wp-block-column is-layout-flow wp-block-column-is-layout-flow\">\n<figure class=\"wp-block-image size-large is-resized\"><img loading=\"lazy\" decoding=\"async\" width=\"976\" height=\"500\" src=\"https:\/\/legandgo.com\/wp-content\/uploads\/2020\/08\/award1.jpg\" alt=\"\" class=\"wp-image-171\" style=\"width:220px;height:111px\" srcset=\"https:\/\/legandgo.com\/wp-content\/uploads\/2020\/08\/award1.jpg 976w, https:\/\/legandgo.com\/wp-content\/uploads\/2020\/08\/award1-300x154.jpg 300w, https:\/\/legandgo.com\/wp-content\/uploads\/2020\/08\/award1-768x393.jpg 768w, https:\/\/legandgo.com\/wp-content\/uploads\/2020\/08\/award1-720x369.jpg 720w, https:\/\/legandgo.com\/wp-content\/uploads\/2020\/08\/award1-600x307.jpg 600w\" sizes=\"auto, (max-width: 976px) 100vw, 976px\" \/><\/figure>\n<\/div>\n\n\n\n<div class=\"wp-block-column is-layout-flow wp-block-column-is-layout-flow\">\n<figure class=\"wp-block-image size-large is-resized\"><img loading=\"lazy\" decoding=\"async\" width=\"266\" height=\"224\" src=\"https:\/\/legandgo.com\/wp-content\/uploads\/2020\/08\/award2-2.png\" alt=\"\" class=\"wp-image-173\" style=\"width:189px;height:156px\"\/><\/figure>\n<\/div>\n\n\n\n<div class=\"wp-block-column is-layout-flow wp-block-column-is-layout-flow\">\n<figure class=\"wp-block-image size-large is-resized\"><img loading=\"lazy\" decoding=\"async\" width=\"500\" height=\"901\" src=\"https:\/\/legandgo.com\/wp-content\/uploads\/2020\/08\/award3.jpg\" alt=\"\" class=\"wp-image-168\" style=\"width:93px;height:166px\" srcset=\"https:\/\/legandgo.com\/wp-content\/uploads\/2020\/08\/award3.jpg 500w, https:\/\/legandgo.com\/wp-content\/uploads\/2020\/08\/award3-166x300.jpg 166w, https:\/\/legandgo.com\/wp-content\/uploads\/2020\/08\/award3-266x480.jpg 266w\" sizes=\"auto, (max-width: 500px) 100vw, 500px\" \/><\/figure>\n<\/div>\n\n\n\n<div class=\"wp-block-column is-layout-flow wp-block-column-is-layout-flow\">\n<figure class=\"wp-block-image size-large is-resized\"><img loading=\"lazy\" decoding=\"async\" width=\"934\" height=\"501\" src=\"https:\/\/legandgo.com\/wp-content\/uploads\/2020\/08\/award4-2.png\" alt=\"\" class=\"wp-image-175\" style=\"width:315px;height:168px\" srcset=\"https:\/\/legandgo.com\/wp-content\/uploads\/2020\/08\/award4-2.png 934w, https:\/\/legandgo.com\/wp-content\/uploads\/2020\/08\/award4-2-300x161.png 300w, https:\/\/legandgo.com\/wp-content\/uploads\/2020\/08\/award4-2-768x412.png 768w, https:\/\/legandgo.com\/wp-content\/uploads\/2020\/08\/award4-2-720x386.png 720w, https:\/\/legandgo.com\/wp-content\/uploads\/2020\/08\/award4-2-600x322.png 600w\" sizes=\"auto, (max-width: 934px) 100vw, 934px\" \/><\/figure>\n<\/div>\n<\/div>\n\n\n\n<p><\/p>\n<\/div><\/div>\n\n\n\n<div class=\"wp-block-group\"><div class=\"wp-block-group__inner-container is-layout-flow wp-block-group-is-layout-flow\">\n<h2 class=\"wp-block-heading has-text-align-center\">Ce que disent les clients et les experts<\/h2>\n\n\n\n<div class=\"wp-block-group\"><div class=\"wp-block-group__inner-container is-layout-flow wp-block-group-is-layout-flow\">\n<p>Le v\u00e9lo d&#8217;\u00e9quilibre leg&#038;go \u00e9tait l&#8217;achat id\u00e9al pour mon enfant. Elle \u00e9tait un peu h\u00e9sitante au d\u00e9but, mais elle s&#8217;est vite sentie \u00e0 l&#8217;aise en jouant avec le v\u00e9lo, puis elle a rapidement appris \u00e0 rouler.  La transition vers le v\u00e9lo \u00e0 p\u00e9dales a \u00e9t\u00e9 encore plus facile. Une fois que nous avons remarqu\u00e9 que notre fille semblait confiante sur le v\u00e9lo d&#8217;\u00e9quilibre, nous avons ajout\u00e9 les p\u00e9dales et elle n&#8217;a pas eu besoin d&#8217;apprendre longtemps. Il a suffi de lui expliquer \u00e0 quoi servaient les p\u00e9dales pour qu&#8217;elle comprenne tout de suite. La transition s&#8217;est faite beaucoup plus facilement qu&#8217;avec notre fils a\u00een\u00e9, qui a d\u00fb s&#8217;habituer \u00e0 trois v\u00e9los diff\u00e9rents avant de trouver le bon. Hautement recommand\u00e9 \u00e0 tous mes amis qui ont des enfants. De plus, le v\u00e9lo est d&#8217;un beau bois, il a fi\u00e8re allure lors des voyages !<\/p> <span class=\"author\">Jeniffer, m\u00e8re de deux enfants g\u00e9niaux, Australie  <\/span>\n\n\n\n<p>Tout simplement incroyable ! Chaque fois que nous sommes \u00e0 l&#8217;ext\u00e9rieur, quelqu&#8217;un nous dit &#8220;Wow ! Quel v\u00e9lo !&#8221;. Mon fils est totalement amoureux de son v\u00e9lo sp\u00e9cial que tout le monde veut avoir. Et le service client\u00e8le est compos\u00e9 de personnes fantastiques, toujours au top !<\/p> <span class=\"author\">Sarah Cools Gallien, Suisse<\/span>\n\n\n\n<p>Le r\u00eave de tout amateur de v\u00e9lo ! Tendance, durable, simple et adaptable &#8211; l&#8217;un des produits les plus innovants de l&#8217;ann\u00e9e !<\/p> <span class=\"author\">Jury du prix du design et de l&#8217;innovation 2019<\/span>\n\n\n\n<p>Le v\u00e9lo est presque une \u0153uvre d&#8217;art en mouvement tant il est beau.<\/p> <span class=\"author\">Bryan O&#8217; Connell, R\u00e9publique d&#8217;Afrique du Sud<\/span>\n\n\n\n<p>Nous sommes rest\u00e9s bouche b\u00e9e lorsque nous avons re\u00e7u le nouveau v\u00e9lo d&#8217;\u00e9change pour notre fils&#8230; vous \u00eates une entreprise incroyable.<\/p> <span class=\"author\">Dorit Breitfellner, Autriche<\/span>\n\n\n\n<p>Avant d&#8217;acheter le v\u00e9lo leg&#038;go, j&#8217;ai fait de nombreuses recherches pour trouver le meilleur v\u00e9lo d&#8217;\u00e9quilibre pour enfants. Je peux vous assurer que leg&#038;go a vraiment un design exceptionnel ; ils se distinguent par leur fonctionnalit\u00e9, leur qualit\u00e9 et leur durabilit\u00e9. Avec une garantie de 5 ans, il n&#8217;y a pas d&#8217;autre v\u00e9lo de ce type sur le march\u00e9. L&#8217;excellent service client et la fonctionnalit\u00e9 font que ce v\u00e9lo a un excellent rapport qualit\u00e9\/prix !<\/p> <span class=\"author\">Robert Smith, p\u00e8re d&#8217;Emma, New York  <\/span>\n\n\n\n<p>Un v\u00e9lo g\u00e9nial &#8211; ma fille a commenc\u00e9 \u00e0 l&#8217;utiliser \u00e0 l&#8217;\u00e2ge d&#8217;un an et demi en roulant \u00e0 l&#8217;int\u00e9rieur de notre maison. Plus tard, nous avons commenc\u00e9 \u00e0 l&#8217;utiliser pour nos trajets quotidiens vers l&#8217;\u00e9cole maternelle, et elle l&#8217;a ador\u00e9. Elle voulait monter \u00e0 cheval quel que soit le temps qu&#8217;il faisait dehors !<\/p> <span class=\"author\">La m\u00e8re de Katie, Californie<\/span>\n\n\n\n<p><span style=\"font-weight: 400;\">Nous avons re\u00e7u notre v\u00e9lo hier et nous ne pouvions pas \u00eatre plus heureux !!!! Il est encore plus beau en personne.<\/span><\/p><p><span style=\"font-weight: 400;\">Merci beaucoup pour la livraison gratuite et super rapide \u00e0 l&#8217;autre bout du monde. Quel service extraordinaire !<\/span><\/p><p><span style=\"font-weight: 400;\">Notre petit gar\u00e7on (18 mois) est un peu incertain pour l&#8217;instant, mais je suis s\u00fbre qu&#8217;il va se mettre \u00e0 zapper avant que nous nous en rendions compte &#8211; j&#8217;ai vraiment h\u00e2te de le voir tomber amoureux de la voiture.<\/span><\/p> <span class=\"author\">Lara, l&#8217;une des mamans de nos coureurs<\/span>\n<\/div><\/div>\n<\/div><\/div>\n","protected":false},"excerpt":{"rendered":"<p>Tout ce qu&#8217;un premier v\u00e9lodevrait \u00eatre ! Faites d\u00e9filer pour voir le v\u00e9lo transform\u00e9 Grandir ensemble Ce v\u00e9lo grandit et se transforme en m\u00eame temps que votre enfant ! VOIR LE VELO Un investissement avant-gardiste Pourquoi acheter plusieurs v\u00e9los au fil des ans alors que vous pouvez en avoir un seul, toujours \u00e0 la bonne<a class=\"excerpt-read-more\" href=\"https:\/\/legandgo.com\/fr\/\" title=\"ReadPage d&#8217;accueil\">&#8230; Read more &raquo;<\/a><\/p>\n","protected":false},"author":1,"featured_media":958,"parent":0,"menu_order":61,"comment_status":"closed","ping_status":"closed","template":"page-home.php","meta":{"_acf_changed":false,"inline_featured_image":false,"footnotes":""},"class_list":["post-955","page","type-page","status-publish","has-post-thumbnail","hentry"],"acf":[],"yoast_head":"<!-- This site is optimized with the Yoast SEO plugin v25.9 - https:\/\/yoast.com\/wordpress\/plugins\/seo\/ -->\n<title>v\u00e9lo d&#039;\u00e9quilibre leg&amp;go. Transformable. Durable. Durable.<\/title>\n<meta name=\"description\" content=\"v\u00e9lo d&#039;\u00e9quilibre leg&amp;go. Transformable. Durable. Durable. Tout ce que devrait \u00eatre le premier v\u00e9lo de votre enfant ! Livraison dans le monde entier.\" \/>\n<meta name=\"robots\" content=\"index, follow, max-snippet:-1, max-image-preview:large, max-video-preview:-1\" \/>\n<link rel=\"canonical\" href=\"https:\/\/legandgo.com\/fr\/\" \/>\n<meta property=\"og:locale\" content=\"fr_FR\" \/>\n<meta property=\"og:type\" content=\"article\" \/>\n<meta property=\"og:title\" content=\"v\u00e9lo d&#039;\u00e9quilibre leg&amp;go. Transformable. Durable. Durable.\" \/>\n<meta property=\"og:description\" content=\"v\u00e9lo d&#039;\u00e9quilibre leg&amp;go. Transformable. Durable. Durable. Tout ce que devrait \u00eatre le premier v\u00e9lo de votre enfant !\" \/>\n<meta property=\"og:url\" content=\"https:\/\/legandgo.com\/fr\/\" \/>\n<meta property=\"og:site_name\" content=\"leg&amp;go\" \/>\n<meta property=\"article:publisher\" content=\"https:\/\/www.facebook.com\/legandgo\" \/>\n<meta property=\"article:modified_time\" content=\"2026-01-15T09:52:36+00:00\" \/>\n<meta property=\"og:image\" content=\"https:\/\/legandgo.com\/wp-content\/uploads\/2021\/02\/572a9dff7e0dea6b91d5e27979d5f64e.jpg\" \/>\n\t<meta property=\"og:image:width\" content=\"1200\" \/>\n\t<meta property=\"og:image:height\" content=\"675\" \/>\n\t<meta property=\"og:image:type\" content=\"image\/jpeg\" \/>\n<meta name=\"twitter:card\" content=\"summary_large_image\" \/>\n<meta name=\"twitter:label1\" content=\"Dur\u00e9e de lecture estim\u00e9e\" \/>\n\t<meta name=\"twitter:data1\" content=\"4 minutes\" \/>\n<script type=\"application\/ld+json\" class=\"yoast-schema-graph\">{\"@context\":\"https:\/\/schema.org\",\"@graph\":[{\"@type\":\"WebPage\",\"@id\":\"https:\/\/legandgo.com\/fr\/\",\"url\":\"https:\/\/legandgo.com\/fr\/\",\"name\":\"v\u00e9lo d'\u00e9quilibre leg&go. Transformable. Durable. Durable.\",\"isPartOf\":{\"@id\":\"https:\/\/legandgo.com\/fr\/#website\"},\"primaryImageOfPage\":{\"@id\":\"https:\/\/legandgo.com\/fr\/#primaryimage\"},\"image\":{\"@id\":\"https:\/\/legandgo.com\/fr\/#primaryimage\"},\"thumbnailUrl\":\"https:\/\/legandgo.com\/wp-content\/uploads\/2021\/02\/572a9dff7e0dea6b91d5e27979d5f64e.jpg\",\"datePublished\":\"2020-08-30T06:14:49+00:00\",\"dateModified\":\"2026-01-15T09:52:36+00:00\",\"description\":\"v\u00e9lo d'\u00e9quilibre leg&go. Transformable. Durable. Durable. Tout ce que devrait \u00eatre le premier v\u00e9lo de votre enfant ! Livraison dans le monde entier.\",\"breadcrumb\":{\"@id\":\"https:\/\/legandgo.com\/fr\/#breadcrumb\"},\"inLanguage\":\"fr-FR\",\"potentialAction\":[{\"@type\":\"ReadAction\",\"target\":[\"https:\/\/legandgo.com\/fr\/\"]}]},{\"@type\":\"ImageObject\",\"inLanguage\":\"fr-FR\",\"@id\":\"https:\/\/legandgo.com\/fr\/#primaryimage\",\"url\":\"https:\/\/legandgo.com\/wp-content\/uploads\/2021\/02\/572a9dff7e0dea6b91d5e27979d5f64e.jpg\",\"contentUrl\":\"https:\/\/legandgo.com\/wp-content\/uploads\/2021\/02\/572a9dff7e0dea6b91d5e27979d5f64e.jpg\",\"width\":1200,\"height\":675},{\"@type\":\"BreadcrumbList\",\"@id\":\"https:\/\/legandgo.com\/fr\/#breadcrumb\",\"itemListElement\":[{\"@type\":\"ListItem\",\"position\":1,\"name\":\"Home\",\"item\":\"https:\/\/legandgo.com\/fr\/\"},{\"@type\":\"ListItem\",\"position\":2,\"name\":\"Page d&#8217;accueil\"}]},{\"@type\":\"WebSite\",\"@id\":\"https:\/\/legandgo.com\/fr\/#website\",\"url\":\"https:\/\/legandgo.com\/fr\/\",\"name\":\"leg&amp;go\",\"description\":\"\",\"publisher\":{\"@id\":\"https:\/\/legandgo.com\/fr\/#organization\"},\"potentialAction\":[{\"@type\":\"SearchAction\",\"target\":{\"@type\":\"EntryPoint\",\"urlTemplate\":\"https:\/\/legandgo.com\/fr\/?s={search_term_string}\"},\"query-input\":{\"@type\":\"PropertyValueSpecification\",\"valueRequired\":true,\"valueName\":\"search_term_string\"}}],\"inLanguage\":\"fr-FR\"},{\"@type\":\"Organization\",\"@id\":\"https:\/\/legandgo.com\/fr\/#organization\",\"name\":\"leg&go bike\",\"url\":\"https:\/\/legandgo.com\/fr\/\",\"logo\":{\"@type\":\"ImageObject\",\"inLanguage\":\"fr-FR\",\"@id\":\"https:\/\/legandgo.com\/fr\/#\/schema\/logo\/image\/\",\"url\":\"https:\/\/legandgo.com\/wp-content\/uploads\/2021\/03\/logorf.png\",\"contentUrl\":\"https:\/\/legandgo.com\/wp-content\/uploads\/2021\/03\/logorf.png\",\"width\":675,\"height\":216,\"caption\":\"leg&go bike\"},\"image\":{\"@id\":\"https:\/\/legandgo.com\/fr\/#\/schema\/logo\/image\/\"},\"sameAs\":[\"https:\/\/www.facebook.com\/legandgo\",\"https:\/\/www.instagram.com\/legandgo\/\",\"https:\/\/www.linkedin.com\/company\/legandgo\/\",\"https:\/\/www.pinterest.com\/legandgo\/\",\"https:\/\/www.youtube.com\/channel\/UC_FBzWPmKWE0g7fcR4Xdfuw\/\"]}]}<\/script>\n<!-- \/ Yoast SEO plugin. -->","yoast_head_json":{"title":"v\u00e9lo d'\u00e9quilibre leg&go. Transformable. Durable. Durable.","description":"v\u00e9lo d'\u00e9quilibre leg&go. Transformable. Durable. Durable. Tout ce que devrait \u00eatre le premier v\u00e9lo de votre enfant ! Livraison dans le monde entier.","robots":{"index":"index","follow":"follow","max-snippet":"max-snippet:-1","max-image-preview":"max-image-preview:large","max-video-preview":"max-video-preview:-1"},"canonical":"https:\/\/legandgo.com\/fr\/","og_locale":"fr_FR","og_type":"article","og_title":"v\u00e9lo d'\u00e9quilibre leg&go. Transformable. Durable. Durable.","og_description":"v\u00e9lo d'\u00e9quilibre leg&go. Transformable. Durable. Durable. Tout ce que devrait \u00eatre le premier v\u00e9lo de votre enfant !","og_url":"https:\/\/legandgo.com\/fr\/","og_site_name":"leg&amp;go","article_publisher":"https:\/\/www.facebook.com\/legandgo","article_modified_time":"2026-01-15T09:52:36+00:00","og_image":[{"width":1200,"height":675,"url":"https:\/\/legandgo.com\/wp-content\/uploads\/2021\/02\/572a9dff7e0dea6b91d5e27979d5f64e.jpg","type":"image\/jpeg"}],"twitter_card":"summary_large_image","twitter_misc":{"Dur\u00e9e de lecture estim\u00e9e":"4 minutes"},"schema":{"@context":"https:\/\/schema.org","@graph":[{"@type":"WebPage","@id":"https:\/\/legandgo.com\/fr\/","url":"https:\/\/legandgo.com\/fr\/","name":"v\u00e9lo d'\u00e9quilibre leg&go. Transformable. Durable. Durable.","isPartOf":{"@id":"https:\/\/legandgo.com\/fr\/#website"},"primaryImageOfPage":{"@id":"https:\/\/legandgo.com\/fr\/#primaryimage"},"image":{"@id":"https:\/\/legandgo.com\/fr\/#primaryimage"},"thumbnailUrl":"https:\/\/legandgo.com\/wp-content\/uploads\/2021\/02\/572a9dff7e0dea6b91d5e27979d5f64e.jpg","datePublished":"2020-08-30T06:14:49+00:00","dateModified":"2026-01-15T09:52:36+00:00","description":"v\u00e9lo d'\u00e9quilibre leg&go. Transformable. Durable. Durable. Tout ce que devrait \u00eatre le premier v\u00e9lo de votre enfant ! Livraison dans le monde entier.","breadcrumb":{"@id":"https:\/\/legandgo.com\/fr\/#breadcrumb"},"inLanguage":"fr-FR","potentialAction":[{"@type":"ReadAction","target":["https:\/\/legandgo.com\/fr\/"]}]},{"@type":"ImageObject","inLanguage":"fr-FR","@id":"https:\/\/legandgo.com\/fr\/#primaryimage","url":"https:\/\/legandgo.com\/wp-content\/uploads\/2021\/02\/572a9dff7e0dea6b91d5e27979d5f64e.jpg","contentUrl":"https:\/\/legandgo.com\/wp-content\/uploads\/2021\/02\/572a9dff7e0dea6b91d5e27979d5f64e.jpg","width":1200,"height":675},{"@type":"BreadcrumbList","@id":"https:\/\/legandgo.com\/fr\/#breadcrumb","itemListElement":[{"@type":"ListItem","position":1,"name":"Home","item":"https:\/\/legandgo.com\/fr\/"},{"@type":"ListItem","position":2,"name":"Page d&#8217;accueil"}]},{"@type":"WebSite","@id":"https:\/\/legandgo.com\/fr\/#website","url":"https:\/\/legandgo.com\/fr\/","name":"leg&amp;go","description":"","publisher":{"@id":"https:\/\/legandgo.com\/fr\/#organization"},"potentialAction":[{"@type":"SearchAction","target":{"@type":"EntryPoint","urlTemplate":"https:\/\/legandgo.com\/fr\/?s={search_term_string}"},"query-input":{"@type":"PropertyValueSpecification","valueRequired":true,"valueName":"search_term_string"}}],"inLanguage":"fr-FR"},{"@type":"Organization","@id":"https:\/\/legandgo.com\/fr\/#organization","name":"leg&go bike","url":"https:\/\/legandgo.com\/fr\/","logo":{"@type":"ImageObject","inLanguage":"fr-FR","@id":"https:\/\/legandgo.com\/fr\/#\/schema\/logo\/image\/","url":"https:\/\/legandgo.com\/wp-content\/uploads\/2021\/03\/logorf.png","contentUrl":"https:\/\/legandgo.com\/wp-content\/uploads\/2021\/03\/logorf.png","width":675,"height":216,"caption":"leg&go bike"},"image":{"@id":"https:\/\/legandgo.com\/fr\/#\/schema\/logo\/image\/"},"sameAs":["https:\/\/www.facebook.com\/legandgo","https:\/\/www.instagram.com\/legandgo\/","https:\/\/www.linkedin.com\/company\/legandgo\/","https:\/\/www.pinterest.com\/legandgo\/","https:\/\/www.youtube.com\/channel\/UC_FBzWPmKWE0g7fcR4Xdfuw\/"]}]}},"_links":{"self":[{"href":"https:\/\/legandgo.com\/fr\/wp-json\/wp\/v2\/pages\/955","targetHints":{"allow":["GET"]}}],"collection":[{"href":"https:\/\/legandgo.com\/fr\/wp-json\/wp\/v2\/pages"}],"about":[{"href":"https:\/\/legandgo.com\/fr\/wp-json\/wp\/v2\/types\/page"}],"author":[{"embeddable":true,"href":"https:\/\/legandgo.com\/fr\/wp-json\/wp\/v2\/users\/1"}],"replies":[{"embeddable":true,"href":"https:\/\/legandgo.com\/fr\/wp-json\/wp\/v2\/comments?post=955"}],"version-history":[{"count":33,"href":"https:\/\/legandgo.com\/fr\/wp-json\/wp\/v2\/pages\/955\/revisions"}],"predecessor-version":[{"id":48124,"href":"https:\/\/legandgo.com\/fr\/wp-json\/wp\/v2\/pages\/955\/revisions\/48124"}],"wp:featuredmedia":[{"embeddable":true,"href":"https:\/\/legandgo.com\/fr\/wp-json\/wp\/v2\/media\/958"}],"wp:attachment":[{"href":"https:\/\/legandgo.com\/fr\/wp-json\/wp\/v2\/media?parent=955"}],"curies":[{"name":"wp","href":"https:\/\/api.w.org\/{rel}","templated":true}]}}