{"id":1046,"date":"2021-02-08T13:36:46","date_gmt":"2021-02-08T13:36:46","guid":{"rendered":"https:\/\/legandgo.com\/product\/swing-board\/"},"modified":"2026-03-31T10:24:09","modified_gmt":"2026-03-31T08:24:09","slug":"swing-board","status":"publish","type":"product","link":"https:\/\/legandgo.com\/fr\/shop\/planche-dequilibre\/swing-board\/","title":{"rendered":"Balan\u00e7oire &amp; Planche d\u2019\u00c9quilibre 2-en-1"},"content":{"rendered":"<p>Une planche d\u2019\u00e9quilibre en bois naturel unique et multifonctionnelle qui peut \u00eatre utilis\u00e9e de 2 fa\u00e7ons: comme planche d\u2019\u00e9quilibre et comme balan\u00e7oire ! Le passage de la balan\u00e7oire \u00e0 la planche d\u2019\u00e9quilibre (et inversement) est rapide et facile et, surtout, ne n\u00e9cessite aucun outil. <\/p>\n<p><strong>D\u00e9couvrir plus ci dessous.<\/strong><\/p>\n","protected":false},"excerpt":{"rendered":"<p>Une planche d\u2019\u00e9quilibre en bois naturel unique et multifonctionnelle qui peut \u00eatre utilis\u00e9e de 2 fa\u00e7ons: comme planche d\u2019\u00e9quilibre et comme balan\u00e7oire ! Le passage de la balan\u00e7oire \u00e0 la planche d\u2019\u00e9quilibre (et inversement) est rapide et facile et, surtout, ne n\u00e9cessite aucun outil. D\u00e9couvrir plus ci dessous.<\/p>\n","protected":false},"featured_media":48807,"comment_status":"closed","ping_status":"closed","template":"","meta":{"_acf_changed":false,"inline_featured_image":false,"footnotes":""},"product_brand":[],"product_cat":[1318,539],"product_tag":[1391,1774,1771,1779,1777,1776,1775,1772,1773,1726,1718,1722,1714,1710,1778],"class_list":{"0":"post-1046","1":"product","2":"type-product","3":"status-publish","4":"has-post-thumbnail","6":"product_cat-categorie-de-jouets","7":"product_cat-planche-dequilibre","8":"product_tag-balance-board","9":"product_tag-balance-board-for-kids","10":"product_tag-balance-board-kids","11":"product_tag-balance-boards-deals","12":"product_tag-balance-boards-for-kids","13":"product_tag-balance-boards-sale","14":"product_tag-balanceboard","15":"product_tag-go-balance-board","16":"product_tag-kids-balance-board","17":"product_tag-leg-go-2","18":"product_tag-leg-and-go","19":"product_tag-leg-go","20":"product_tag-leggo","21":"product_tag-legandgo","22":"product_tag-value-balance-boards","23":"product_shipping_class-bike-shipping-fr","25":"first","26":"instock","27":"purchasable","28":"product-type-variable","29":"has-default-attributes"},"bundled_by":[],"bundle_stock_status":"instock","bundle_stock_quantity":null,"bundle_virtual":false,"bundle_layout":"","bundle_add_to_cart_form_location":"","bundle_editable_in_cart":false,"bundle_sold_individually_context":"","bundle_item_grouping":"","bundle_min_size":"","bundle_max_size":"","bundle_price":[],"bundled_items":[],"bundle_sell_ids":[],"acf":[],"yoast_head":"<!-- This site is optimized with the Yoast SEO plugin v25.9 - https:\/\/yoast.com\/wordpress\/plugins\/seo\/ -->\n<title>Balan\u00e7oire &amp; Planche d\u2019\u00c9quilibre 2-en-1 &#183; leg&amp;go<\/title>\n<meta name=\"description\" content=\"Planche en bois Leg&amp;Go pouvant \u00eatre utilis\u00e9e comme planche d\u2019\u00e9quilibre ou comme balan\u00e7oire, selon l\u2019envie du moment.\" \/>\n<meta name=\"robots\" content=\"index, follow, max-snippet:-1, max-image-preview:large, max-video-preview:-1\" \/>\n<link rel=\"canonical\" href=\"https:\/\/legandgo.com\/fr\/shop\/planche-dequilibre\/swing-board\/\" \/>\n<meta property=\"og:locale\" content=\"fr_FR\" \/>\n<meta property=\"og:type\" content=\"article\" \/>\n<meta property=\"og:title\" content=\"Balan\u00e7oire &amp; Planche d\u2019\u00c9quilibre 2-en-1 &#183; leg&amp;go\" \/>\n<meta property=\"og:description\" content=\"Planche en bois Leg&amp;Go pouvant \u00eatre utilis\u00e9e comme planche d\u2019\u00e9quilibre ou comme balan\u00e7oire, selon l\u2019envie du moment.\" \/>\n<meta property=\"og:url\" content=\"https:\/\/legandgo.com\/fr\/shop\/planche-dequilibre\/swing-board\/\" \/>\n<meta property=\"og:site_name\" content=\"leg&amp;go\" \/>\n<meta property=\"article:publisher\" content=\"https:\/\/www.facebook.com\/legandgo\" \/>\n<meta property=\"article:modified_time\" content=\"2026-03-31T08:24:09+00:00\" \/>\n<meta property=\"og:image\" content=\"https:\/\/legandgo.com\/wp-content\/uploads\/2021\/02\/swing1.jpg\" \/>\n\t<meta property=\"og:image:width\" content=\"940\" \/>\n\t<meta property=\"og:image:height\" content=\"788\" \/>\n\t<meta property=\"og:image:type\" content=\"image\/jpeg\" \/>\n<meta name=\"twitter:card\" content=\"summary_large_image\" \/>\n<script type=\"application\/ld+json\" class=\"yoast-schema-graph\">{\"@context\":\"https:\/\/schema.org\",\"@graph\":[{\"@type\":\"WebPage\",\"@id\":\"https:\/\/legandgo.com\/fr\/shop\/planche-dequilibre\/swing-board\/\",\"url\":\"https:\/\/legandgo.com\/fr\/shop\/planche-dequilibre\/swing-board\/\",\"name\":\"Balan\u00e7oire &amp; Planche d\u2019\u00c9quilibre 2-en-1 &#183; leg&amp;go\",\"isPartOf\":{\"@id\":\"https:\/\/legandgo.com\/fr\/#website\"},\"primaryImageOfPage\":{\"@id\":\"https:\/\/legandgo.com\/fr\/shop\/planche-dequilibre\/swing-board\/#primaryimage\"},\"image\":{\"@id\":\"https:\/\/legandgo.com\/fr\/shop\/planche-dequilibre\/swing-board\/#primaryimage\"},\"thumbnailUrl\":\"https:\/\/legandgo.com\/wp-content\/uploads\/2021\/02\/swing1.jpg\",\"datePublished\":\"2021-02-08T13:36:46+00:00\",\"dateModified\":\"2026-03-31T08:24:09+00:00\",\"description\":\"Planche en bois Leg&Go pouvant \u00eatre utilis\u00e9e comme planche d\u2019\u00e9quilibre ou comme balan\u00e7oire, selon l\u2019envie du moment.\",\"breadcrumb\":{\"@id\":\"https:\/\/legandgo.com\/fr\/shop\/planche-dequilibre\/swing-board\/#breadcrumb\"},\"inLanguage\":\"fr-FR\",\"potentialAction\":[{\"@type\":\"ReadAction\",\"target\":[\"https:\/\/legandgo.com\/fr\/shop\/planche-dequilibre\/swing-board\/\"]}]},{\"@type\":\"ImageObject\",\"inLanguage\":\"fr-FR\",\"@id\":\"https:\/\/legandgo.com\/fr\/shop\/planche-dequilibre\/swing-board\/#primaryimage\",\"url\":\"https:\/\/legandgo.com\/wp-content\/uploads\/2021\/02\/swing1.jpg\",\"contentUrl\":\"https:\/\/legandgo.com\/wp-content\/uploads\/2021\/02\/swing1.jpg\",\"width\":940,\"height\":788},{\"@type\":\"BreadcrumbList\",\"@id\":\"https:\/\/legandgo.com\/fr\/shop\/planche-dequilibre\/swing-board\/#breadcrumb\",\"itemListElement\":[{\"@type\":\"ListItem\",\"position\":1,\"name\":\"Home\",\"item\":\"https:\/\/legandgo.com\/fr\/\"},{\"@type\":\"ListItem\",\"position\":2,\"name\":\"Shop\",\"item\":\"https:\/\/legandgo.com\/fr\/shop\/\"},{\"@type\":\"ListItem\",\"position\":3,\"name\":\"Balan\u00e7oire &amp; Planche d\u2019\u00c9quilibre 2-en-1\"}]},{\"@type\":\"WebSite\",\"@id\":\"https:\/\/legandgo.com\/fr\/#website\",\"url\":\"https:\/\/legandgo.com\/fr\/\",\"name\":\"leg&amp;go\",\"description\":\"\",\"publisher\":{\"@id\":\"https:\/\/legandgo.com\/fr\/#organization\"},\"potentialAction\":[{\"@type\":\"SearchAction\",\"target\":{\"@type\":\"EntryPoint\",\"urlTemplate\":\"https:\/\/legandgo.com\/fr\/?s={search_term_string}\"},\"query-input\":{\"@type\":\"PropertyValueSpecification\",\"valueRequired\":true,\"valueName\":\"search_term_string\"}}],\"inLanguage\":\"fr-FR\"},{\"@type\":\"Organization\",\"@id\":\"https:\/\/legandgo.com\/fr\/#organization\",\"name\":\"leg&go bike\",\"url\":\"https:\/\/legandgo.com\/fr\/\",\"logo\":{\"@type\":\"ImageObject\",\"inLanguage\":\"fr-FR\",\"@id\":\"https:\/\/legandgo.com\/fr\/#\/schema\/logo\/image\/\",\"url\":\"https:\/\/legandgo.com\/wp-content\/uploads\/2021\/03\/logorf.png\",\"contentUrl\":\"https:\/\/legandgo.com\/wp-content\/uploads\/2021\/03\/logorf.png\",\"width\":675,\"height\":216,\"caption\":\"leg&go bike\"},\"image\":{\"@id\":\"https:\/\/legandgo.com\/fr\/#\/schema\/logo\/image\/\"},\"sameAs\":[\"https:\/\/www.facebook.com\/legandgo\",\"https:\/\/www.instagram.com\/legandgo\/\",\"https:\/\/www.linkedin.com\/company\/legandgo\/\",\"https:\/\/www.pinterest.com\/legandgo\/\",\"https:\/\/www.youtube.com\/channel\/UC_FBzWPmKWE0g7fcR4Xdfuw\/\"]}]}<\/script>\n<!-- \/ Yoast SEO plugin. -->","yoast_head_json":{"title":"Balan\u00e7oire &amp; Planche d\u2019\u00c9quilibre 2-en-1 &#183; leg&amp;go","description":"Planche en bois Leg&Go pouvant \u00eatre utilis\u00e9e comme planche d\u2019\u00e9quilibre ou comme balan\u00e7oire, selon l\u2019envie du moment.","robots":{"index":"index","follow":"follow","max-snippet":"max-snippet:-1","max-image-preview":"max-image-preview:large","max-video-preview":"max-video-preview:-1"},"canonical":"https:\/\/legandgo.com\/fr\/shop\/planche-dequilibre\/swing-board\/","og_locale":"fr_FR","og_type":"article","og_title":"Balan\u00e7oire &amp; Planche d\u2019\u00c9quilibre 2-en-1 &#183; leg&amp;go","og_description":"Planche en bois Leg&Go pouvant \u00eatre utilis\u00e9e comme planche d\u2019\u00e9quilibre ou comme balan\u00e7oire, selon l\u2019envie du moment.","og_url":"https:\/\/legandgo.com\/fr\/shop\/planche-dequilibre\/swing-board\/","og_site_name":"leg&amp;go","article_publisher":"https:\/\/www.facebook.com\/legandgo","article_modified_time":"2026-03-31T08:24:09+00:00","og_image":[{"width":940,"height":788,"url":"https:\/\/legandgo.com\/wp-content\/uploads\/2021\/02\/swing1.jpg","type":"image\/jpeg"}],"twitter_card":"summary_large_image","schema":{"@context":"https:\/\/schema.org","@graph":[{"@type":"WebPage","@id":"https:\/\/legandgo.com\/fr\/shop\/planche-dequilibre\/swing-board\/","url":"https:\/\/legandgo.com\/fr\/shop\/planche-dequilibre\/swing-board\/","name":"Balan\u00e7oire &amp; Planche d\u2019\u00c9quilibre 2-en-1 &#183; leg&amp;go","isPartOf":{"@id":"https:\/\/legandgo.com\/fr\/#website"},"primaryImageOfPage":{"@id":"https:\/\/legandgo.com\/fr\/shop\/planche-dequilibre\/swing-board\/#primaryimage"},"image":{"@id":"https:\/\/legandgo.com\/fr\/shop\/planche-dequilibre\/swing-board\/#primaryimage"},"thumbnailUrl":"https:\/\/legandgo.com\/wp-content\/uploads\/2021\/02\/swing1.jpg","datePublished":"2021-02-08T13:36:46+00:00","dateModified":"2026-03-31T08:24:09+00:00","description":"Planche en bois Leg&Go pouvant \u00eatre utilis\u00e9e comme planche d\u2019\u00e9quilibre ou comme balan\u00e7oire, selon l\u2019envie du moment.","breadcrumb":{"@id":"https:\/\/legandgo.com\/fr\/shop\/planche-dequilibre\/swing-board\/#breadcrumb"},"inLanguage":"fr-FR","potentialAction":[{"@type":"ReadAction","target":["https:\/\/legandgo.com\/fr\/shop\/planche-dequilibre\/swing-board\/"]}]},{"@type":"ImageObject","inLanguage":"fr-FR","@id":"https:\/\/legandgo.com\/fr\/shop\/planche-dequilibre\/swing-board\/#primaryimage","url":"https:\/\/legandgo.com\/wp-content\/uploads\/2021\/02\/swing1.jpg","contentUrl":"https:\/\/legandgo.com\/wp-content\/uploads\/2021\/02\/swing1.jpg","width":940,"height":788},{"@type":"BreadcrumbList","@id":"https:\/\/legandgo.com\/fr\/shop\/planche-dequilibre\/swing-board\/#breadcrumb","itemListElement":[{"@type":"ListItem","position":1,"name":"Home","item":"https:\/\/legandgo.com\/fr\/"},{"@type":"ListItem","position":2,"name":"Shop","item":"https:\/\/legandgo.com\/fr\/shop\/"},{"@type":"ListItem","position":3,"name":"Balan\u00e7oire &amp; Planche d\u2019\u00c9quilibre 2-en-1"}]},{"@type":"WebSite","@id":"https:\/\/legandgo.com\/fr\/#website","url":"https:\/\/legandgo.com\/fr\/","name":"leg&amp;go","description":"","publisher":{"@id":"https:\/\/legandgo.com\/fr\/#organization"},"potentialAction":[{"@type":"SearchAction","target":{"@type":"EntryPoint","urlTemplate":"https:\/\/legandgo.com\/fr\/?s={search_term_string}"},"query-input":{"@type":"PropertyValueSpecification","valueRequired":true,"valueName":"search_term_string"}}],"inLanguage":"fr-FR"},{"@type":"Organization","@id":"https:\/\/legandgo.com\/fr\/#organization","name":"leg&go bike","url":"https:\/\/legandgo.com\/fr\/","logo":{"@type":"ImageObject","inLanguage":"fr-FR","@id":"https:\/\/legandgo.com\/fr\/#\/schema\/logo\/image\/","url":"https:\/\/legandgo.com\/wp-content\/uploads\/2021\/03\/logorf.png","contentUrl":"https:\/\/legandgo.com\/wp-content\/uploads\/2021\/03\/logorf.png","width":675,"height":216,"caption":"leg&go bike"},"image":{"@id":"https:\/\/legandgo.com\/fr\/#\/schema\/logo\/image\/"},"sameAs":["https:\/\/www.facebook.com\/legandgo","https:\/\/www.instagram.com\/legandgo\/","https:\/\/www.linkedin.com\/company\/legandgo\/","https:\/\/www.pinterest.com\/legandgo\/","https:\/\/www.youtube.com\/channel\/UC_FBzWPmKWE0g7fcR4Xdfuw\/"]}]}},"_links":{"self":[{"href":"https:\/\/legandgo.com\/fr\/wp-json\/wp\/v2\/product\/1046","targetHints":{"allow":["GET"]}}],"collection":[{"href":"https:\/\/legandgo.com\/fr\/wp-json\/wp\/v2\/product"}],"about":[{"href":"https:\/\/legandgo.com\/fr\/wp-json\/wp\/v2\/types\/product"}],"replies":[{"embeddable":true,"href":"https:\/\/legandgo.com\/fr\/wp-json\/wp\/v2\/comments?post=1046"}],"version-history":[{"count":31,"href":"https:\/\/legandgo.com\/fr\/wp-json\/wp\/v2\/product\/1046\/revisions"}],"predecessor-version":[{"id":63160,"href":"https:\/\/legandgo.com\/fr\/wp-json\/wp\/v2\/product\/1046\/revisions\/63160"}],"wp:featuredmedia":[{"embeddable":true,"href":"https:\/\/legandgo.com\/fr\/wp-json\/wp\/v2\/media\/48807"}],"wp:attachment":[{"href":"https:\/\/legandgo.com\/fr\/wp-json\/wp\/v2\/media?parent=1046"}],"wp:term":[{"taxonomy":"product_brand","embeddable":true,"href":"https:\/\/legandgo.com\/fr\/wp-json\/wp\/v2\/product_brand?post=1046"},{"taxonomy":"product_cat","embeddable":true,"href":"https:\/\/legandgo.com\/fr\/wp-json\/wp\/v2\/product_cat?post=1046"},{"taxonomy":"product_tag","embeddable":true,"href":"https:\/\/legandgo.com\/fr\/wp-json\/wp\/v2\/product_tag?post=1046"}],"curies":[{"name":"wp","href":"https:\/\/api.w.org\/{rel}","templated":true}]}}