{"id":1055,"date":"2021-02-08T13:36:24","date_gmt":"2021-02-08T13:36:24","guid":{"rendered":"https:\/\/legandgo.com\/product\/balance-board\/"},"modified":"2026-04-09T09:20:44","modified_gmt":"2026-04-09T07:20:44","slug":"planche-dequilibre","status":"publish","type":"product","link":"https:\/\/legandgo.com\/fr\/shop\/planche-dequilibre\/planche-dequilibre\/","title":{"rendered":"Planche d\u2019\u00e9quilibre"},"content":{"rendered":"<p style=\"font-weight: 400;\">Un outil de mouvement magnifiquement simple qui inspire l\u2019\u00e9quilibre, la cr\u00e9ativit\u00e9 et le jeu actif \u00e0 tout \u00e2ge. Minimaliste dans sa forme mais infiniment polyvalent, il invite les enfants \u00e0 se balancer, s\u2019\u00e9quilibrer, construire et explorer tout en s\u2019adaptant naturellement \u00e0 leur d\u00e9veloppement &#8211; et peut m\u00eame \u00eatre appr\u00e9ci\u00e9 par les adultes.<\/p>\n<p style=\"font-weight: 400;\">S\u2019associe parfaitement avec le Mur su\u00e9dois et le Triangle d\u2019escalade Set 2in1 ou fonctionne tout aussi bien comme pi\u00e8ce autonome.<\/p>\n<p style=\"font-weight: 400;\"><strong>D\u00e9couvrez les d\u00e9tails ci-dessous. <\/strong><\/p>\n","protected":false},"excerpt":{"rendered":"<p>Un outil de mouvement magnifiquement simple qui inspire l\u2019\u00e9quilibre, la cr\u00e9ativit\u00e9 et le jeu actif \u00e0 tout \u00e2ge. Minimaliste dans sa forme mais infiniment polyvalent, il invite les enfants \u00e0 se balancer, s\u2019\u00e9quilibrer, construire et explorer tout en s\u2019adaptant naturellement \u00e0 leur d\u00e9veloppement &#8211; et peut m\u00eame \u00eatre appr\u00e9ci\u00e9 par les adultes. S\u2019associe parfaitement avec<a class=\"excerpt-read-more\" href=\"https:\/\/legandgo.com\/fr\/shop\/planche-dequilibre\/planche-dequilibre\/\" title=\"ReadPlanche d\u2019\u00e9quilibre\">&#8230; Read more &raquo;<\/a><\/p>\n","protected":false},"featured_media":48801,"comment_status":"closed","ping_status":"closed","template":"","meta":{"_acf_changed":false,"inline_featured_image":false,"footnotes":""},"product_brand":[],"product_cat":[1318,539],"product_tag":[1391,1774,1771,1779,1777,1776,1775,1772,1773,1726,1718,1722,1714,1710,1778],"class_list":{"0":"post-1055","1":"product","2":"type-product","3":"status-publish","4":"has-post-thumbnail","6":"product_cat-categorie-de-jouets","7":"product_cat-planche-dequilibre","8":"product_tag-balance-board","9":"product_tag-balance-board-for-kids","10":"product_tag-balance-board-kids","11":"product_tag-balance-boards-deals","12":"product_tag-balance-boards-for-kids","13":"product_tag-balance-boards-sale","14":"product_tag-balanceboard","15":"product_tag-go-balance-board","16":"product_tag-kids-balance-board","17":"product_tag-leg-go-2","18":"product_tag-leg-and-go","19":"product_tag-leg-go","20":"product_tag-leggo","21":"product_tag-legandgo","22":"product_tag-value-balance-boards","23":"product_shipping_class-bike-shipping-fr","25":"first","26":"instock","27":"sale","28":"purchasable","29":"product-type-variable","30":"has-default-attributes"},"bundled_by":["2725","2723"],"bundle_stock_status":"instock","bundle_stock_quantity":null,"bundle_virtual":false,"bundle_layout":"","bundle_add_to_cart_form_location":"","bundle_editable_in_cart":false,"bundle_sold_individually_context":"","bundle_item_grouping":"","bundle_min_size":"","bundle_max_size":"","bundle_price":[],"bundled_items":[],"bundle_sell_ids":[],"acf":[],"yoast_head":"<!-- This site is optimized with the Yoast SEO plugin v25.9 - https:\/\/yoast.com\/wordpress\/plugins\/seo\/ -->\n<title>Planche d\u2019\u00e9quilibre &#183; leg&amp;go<\/title>\n<meta name=\"description\" content=\"La planche d\u2019\u00e9quilibre leg&amp;go en bois de haute qualit\u00e9 est id\u00e9ale pour apprendre l\u2019\u00e9quilibre et d\u00e9velopper l\u2019agilit\u00e9 chez les enfants et les adultes.\" \/>\n<meta name=\"robots\" content=\"index, follow, max-snippet:-1, max-image-preview:large, max-video-preview:-1\" \/>\n<link rel=\"canonical\" href=\"https:\/\/legandgo.com\/fr\/shop\/planche-dequilibre\/planche-dequilibre\/\" \/>\n<meta property=\"og:locale\" content=\"fr_FR\" \/>\n<meta property=\"og:type\" content=\"article\" \/>\n<meta property=\"og:title\" content=\"Planche d\u2019\u00e9quilibre &#183; leg&amp;go\" \/>\n<meta property=\"og:description\" content=\"La planche d\u2019\u00e9quilibre leg&amp;go en bois de haute qualit\u00e9 est id\u00e9ale pour apprendre l\u2019\u00e9quilibre et d\u00e9velopper l\u2019agilit\u00e9 chez les enfants et les adultes.\" \/>\n<meta property=\"og:url\" content=\"https:\/\/legandgo.com\/fr\/shop\/planche-dequilibre\/planche-dequilibre\/\" \/>\n<meta property=\"og:site_name\" content=\"leg&amp;go\" \/>\n<meta property=\"article:publisher\" content=\"https:\/\/www.facebook.com\/legandgo\" \/>\n<meta property=\"article:modified_time\" content=\"2026-04-09T07:20:44+00:00\" \/>\n<meta property=\"og:image\" content=\"https:\/\/legandgo.com\/wp-content\/uploads\/2021\/02\/M.jpg\" \/>\n\t<meta property=\"og:image:width\" content=\"1080\" \/>\n\t<meta property=\"og:image:height\" content=\"1080\" \/>\n\t<meta property=\"og:image:type\" content=\"image\/jpeg\" \/>\n<meta name=\"twitter:card\" content=\"summary_large_image\" \/>\n<script type=\"application\/ld+json\" class=\"yoast-schema-graph\">{\"@context\":\"https:\/\/schema.org\",\"@graph\":[{\"@type\":\"WebPage\",\"@id\":\"https:\/\/legandgo.com\/fr\/shop\/planche-dequilibre\/planche-dequilibre\/\",\"url\":\"https:\/\/legandgo.com\/fr\/shop\/planche-dequilibre\/planche-dequilibre\/\",\"name\":\"Planche d\u2019\u00e9quilibre &#183; leg&amp;go\",\"isPartOf\":{\"@id\":\"https:\/\/legandgo.com\/fr\/#website\"},\"primaryImageOfPage\":{\"@id\":\"https:\/\/legandgo.com\/fr\/shop\/planche-dequilibre\/planche-dequilibre\/#primaryimage\"},\"image\":{\"@id\":\"https:\/\/legandgo.com\/fr\/shop\/planche-dequilibre\/planche-dequilibre\/#primaryimage\"},\"thumbnailUrl\":\"https:\/\/legandgo.com\/wp-content\/uploads\/2021\/02\/M.jpg\",\"datePublished\":\"2021-02-08T13:36:24+00:00\",\"dateModified\":\"2026-04-09T07:20:44+00:00\",\"description\":\"La planche d\u2019\u00e9quilibre leg&go en bois de haute qualit\u00e9 est id\u00e9ale pour apprendre l\u2019\u00e9quilibre et d\u00e9velopper l\u2019agilit\u00e9 chez les enfants et les adultes.\",\"breadcrumb\":{\"@id\":\"https:\/\/legandgo.com\/fr\/shop\/planche-dequilibre\/planche-dequilibre\/#breadcrumb\"},\"inLanguage\":\"fr-FR\",\"potentialAction\":[{\"@type\":\"ReadAction\",\"target\":[\"https:\/\/legandgo.com\/fr\/shop\/planche-dequilibre\/planche-dequilibre\/\"]}]},{\"@type\":\"ImageObject\",\"inLanguage\":\"fr-FR\",\"@id\":\"https:\/\/legandgo.com\/fr\/shop\/planche-dequilibre\/planche-dequilibre\/#primaryimage\",\"url\":\"https:\/\/legandgo.com\/wp-content\/uploads\/2021\/02\/M.jpg\",\"contentUrl\":\"https:\/\/legandgo.com\/wp-content\/uploads\/2021\/02\/M.jpg\",\"width\":1080,\"height\":1080},{\"@type\":\"BreadcrumbList\",\"@id\":\"https:\/\/legandgo.com\/fr\/shop\/planche-dequilibre\/planche-dequilibre\/#breadcrumb\",\"itemListElement\":[{\"@type\":\"ListItem\",\"position\":1,\"name\":\"Home\",\"item\":\"https:\/\/legandgo.com\/fr\/\"},{\"@type\":\"ListItem\",\"position\":2,\"name\":\"Shop\",\"item\":\"https:\/\/legandgo.com\/fr\/shop\/\"},{\"@type\":\"ListItem\",\"position\":3,\"name\":\"Planche d\u2019\u00e9quilibre\"}]},{\"@type\":\"WebSite\",\"@id\":\"https:\/\/legandgo.com\/fr\/#website\",\"url\":\"https:\/\/legandgo.com\/fr\/\",\"name\":\"leg&amp;go\",\"description\":\"\",\"publisher\":{\"@id\":\"https:\/\/legandgo.com\/fr\/#organization\"},\"potentialAction\":[{\"@type\":\"SearchAction\",\"target\":{\"@type\":\"EntryPoint\",\"urlTemplate\":\"https:\/\/legandgo.com\/fr\/?s={search_term_string}\"},\"query-input\":{\"@type\":\"PropertyValueSpecification\",\"valueRequired\":true,\"valueName\":\"search_term_string\"}}],\"inLanguage\":\"fr-FR\"},{\"@type\":\"Organization\",\"@id\":\"https:\/\/legandgo.com\/fr\/#organization\",\"name\":\"leg&go bike\",\"url\":\"https:\/\/legandgo.com\/fr\/\",\"logo\":{\"@type\":\"ImageObject\",\"inLanguage\":\"fr-FR\",\"@id\":\"https:\/\/legandgo.com\/fr\/#\/schema\/logo\/image\/\",\"url\":\"https:\/\/legandgo.com\/wp-content\/uploads\/2021\/03\/logorf.png\",\"contentUrl\":\"https:\/\/legandgo.com\/wp-content\/uploads\/2021\/03\/logorf.png\",\"width\":675,\"height\":216,\"caption\":\"leg&go bike\"},\"image\":{\"@id\":\"https:\/\/legandgo.com\/fr\/#\/schema\/logo\/image\/\"},\"sameAs\":[\"https:\/\/www.facebook.com\/legandgo\",\"https:\/\/www.instagram.com\/legandgo\/\",\"https:\/\/www.linkedin.com\/company\/legandgo\/\",\"https:\/\/www.pinterest.com\/legandgo\/\",\"https:\/\/www.youtube.com\/channel\/UC_FBzWPmKWE0g7fcR4Xdfuw\/\"]}]}<\/script>\n<!-- \/ Yoast SEO plugin. -->","yoast_head_json":{"title":"Planche d\u2019\u00e9quilibre &#183; leg&amp;go","description":"La planche d\u2019\u00e9quilibre leg&go en bois de haute qualit\u00e9 est id\u00e9ale pour apprendre l\u2019\u00e9quilibre et d\u00e9velopper l\u2019agilit\u00e9 chez les enfants et les adultes.","robots":{"index":"index","follow":"follow","max-snippet":"max-snippet:-1","max-image-preview":"max-image-preview:large","max-video-preview":"max-video-preview:-1"},"canonical":"https:\/\/legandgo.com\/fr\/shop\/planche-dequilibre\/planche-dequilibre\/","og_locale":"fr_FR","og_type":"article","og_title":"Planche d\u2019\u00e9quilibre &#183; leg&amp;go","og_description":"La planche d\u2019\u00e9quilibre leg&go en bois de haute qualit\u00e9 est id\u00e9ale pour apprendre l\u2019\u00e9quilibre et d\u00e9velopper l\u2019agilit\u00e9 chez les enfants et les adultes.","og_url":"https:\/\/legandgo.com\/fr\/shop\/planche-dequilibre\/planche-dequilibre\/","og_site_name":"leg&amp;go","article_publisher":"https:\/\/www.facebook.com\/legandgo","article_modified_time":"2026-04-09T07:20:44+00:00","og_image":[{"width":1080,"height":1080,"url":"https:\/\/legandgo.com\/wp-content\/uploads\/2021\/02\/M.jpg","type":"image\/jpeg"}],"twitter_card":"summary_large_image","schema":{"@context":"https:\/\/schema.org","@graph":[{"@type":"WebPage","@id":"https:\/\/legandgo.com\/fr\/shop\/planche-dequilibre\/planche-dequilibre\/","url":"https:\/\/legandgo.com\/fr\/shop\/planche-dequilibre\/planche-dequilibre\/","name":"Planche d\u2019\u00e9quilibre &#183; leg&amp;go","isPartOf":{"@id":"https:\/\/legandgo.com\/fr\/#website"},"primaryImageOfPage":{"@id":"https:\/\/legandgo.com\/fr\/shop\/planche-dequilibre\/planche-dequilibre\/#primaryimage"},"image":{"@id":"https:\/\/legandgo.com\/fr\/shop\/planche-dequilibre\/planche-dequilibre\/#primaryimage"},"thumbnailUrl":"https:\/\/legandgo.com\/wp-content\/uploads\/2021\/02\/M.jpg","datePublished":"2021-02-08T13:36:24+00:00","dateModified":"2026-04-09T07:20:44+00:00","description":"La planche d\u2019\u00e9quilibre leg&go en bois de haute qualit\u00e9 est id\u00e9ale pour apprendre l\u2019\u00e9quilibre et d\u00e9velopper l\u2019agilit\u00e9 chez les enfants et les adultes.","breadcrumb":{"@id":"https:\/\/legandgo.com\/fr\/shop\/planche-dequilibre\/planche-dequilibre\/#breadcrumb"},"inLanguage":"fr-FR","potentialAction":[{"@type":"ReadAction","target":["https:\/\/legandgo.com\/fr\/shop\/planche-dequilibre\/planche-dequilibre\/"]}]},{"@type":"ImageObject","inLanguage":"fr-FR","@id":"https:\/\/legandgo.com\/fr\/shop\/planche-dequilibre\/planche-dequilibre\/#primaryimage","url":"https:\/\/legandgo.com\/wp-content\/uploads\/2021\/02\/M.jpg","contentUrl":"https:\/\/legandgo.com\/wp-content\/uploads\/2021\/02\/M.jpg","width":1080,"height":1080},{"@type":"BreadcrumbList","@id":"https:\/\/legandgo.com\/fr\/shop\/planche-dequilibre\/planche-dequilibre\/#breadcrumb","itemListElement":[{"@type":"ListItem","position":1,"name":"Home","item":"https:\/\/legandgo.com\/fr\/"},{"@type":"ListItem","position":2,"name":"Shop","item":"https:\/\/legandgo.com\/fr\/shop\/"},{"@type":"ListItem","position":3,"name":"Planche d\u2019\u00e9quilibre"}]},{"@type":"WebSite","@id":"https:\/\/legandgo.com\/fr\/#website","url":"https:\/\/legandgo.com\/fr\/","name":"leg&amp;go","description":"","publisher":{"@id":"https:\/\/legandgo.com\/fr\/#organization"},"potentialAction":[{"@type":"SearchAction","target":{"@type":"EntryPoint","urlTemplate":"https:\/\/legandgo.com\/fr\/?s={search_term_string}"},"query-input":{"@type":"PropertyValueSpecification","valueRequired":true,"valueName":"search_term_string"}}],"inLanguage":"fr-FR"},{"@type":"Organization","@id":"https:\/\/legandgo.com\/fr\/#organization","name":"leg&go bike","url":"https:\/\/legandgo.com\/fr\/","logo":{"@type":"ImageObject","inLanguage":"fr-FR","@id":"https:\/\/legandgo.com\/fr\/#\/schema\/logo\/image\/","url":"https:\/\/legandgo.com\/wp-content\/uploads\/2021\/03\/logorf.png","contentUrl":"https:\/\/legandgo.com\/wp-content\/uploads\/2021\/03\/logorf.png","width":675,"height":216,"caption":"leg&go bike"},"image":{"@id":"https:\/\/legandgo.com\/fr\/#\/schema\/logo\/image\/"},"sameAs":["https:\/\/www.facebook.com\/legandgo","https:\/\/www.instagram.com\/legandgo\/","https:\/\/www.linkedin.com\/company\/legandgo\/","https:\/\/www.pinterest.com\/legandgo\/","https:\/\/www.youtube.com\/channel\/UC_FBzWPmKWE0g7fcR4Xdfuw\/"]}]}},"_links":{"self":[{"href":"https:\/\/legandgo.com\/fr\/wp-json\/wp\/v2\/product\/1055","targetHints":{"allow":["GET"]}}],"collection":[{"href":"https:\/\/legandgo.com\/fr\/wp-json\/wp\/v2\/product"}],"about":[{"href":"https:\/\/legandgo.com\/fr\/wp-json\/wp\/v2\/types\/product"}],"replies":[{"embeddable":true,"href":"https:\/\/legandgo.com\/fr\/wp-json\/wp\/v2\/comments?post=1055"}],"version-history":[{"count":26,"href":"https:\/\/legandgo.com\/fr\/wp-json\/wp\/v2\/product\/1055\/revisions"}],"predecessor-version":[{"id":63346,"href":"https:\/\/legandgo.com\/fr\/wp-json\/wp\/v2\/product\/1055\/revisions\/63346"}],"wp:featuredmedia":[{"embeddable":true,"href":"https:\/\/legandgo.com\/fr\/wp-json\/wp\/v2\/media\/48801"}],"wp:attachment":[{"href":"https:\/\/legandgo.com\/fr\/wp-json\/wp\/v2\/media?parent=1055"}],"wp:term":[{"taxonomy":"product_brand","embeddable":true,"href":"https:\/\/legandgo.com\/fr\/wp-json\/wp\/v2\/product_brand?post=1055"},{"taxonomy":"product_cat","embeddable":true,"href":"https:\/\/legandgo.com\/fr\/wp-json\/wp\/v2\/product_cat?post=1055"},{"taxonomy":"product_tag","embeddable":true,"href":"https:\/\/legandgo.com\/fr\/wp-json\/wp\/v2\/product_tag?post=1055"}],"curies":[{"name":"wp","href":"https:\/\/api.w.org\/{rel}","templated":true}]}}