{"id":1064,"date":"2021-02-08T13:36:07","date_gmt":"2021-02-08T13:36:07","guid":{"rendered":"https:\/\/legandgo.com\/product\/balance-board-with-a-gray-felt-bottom\/"},"modified":"2026-04-09T10:12:42","modified_gmt":"2026-04-09T08:12:42","slug":"felt-base-balance-board","status":"publish","type":"product","link":"https:\/\/legandgo.com\/fr\/shop\/planche-dequilibre\/felt-base-balance-board\/","title":{"rendered":"Planche d\u2019\u00e9quilibre avec base en feutre"},"content":{"rendered":"<p>L\u00e0 o\u00f9 le mouvement rencontre l\u2019imagination.<\/p>\n<p>Notre planche d\u2019\u00e9quilibre en bois avec base en feutre invite le mouvement ludique dans le quotidien tout en prot\u00e9geant vos sols gr\u00e2ce \u00e0 une couche douce et protectrice.<\/p>\n<p>Se balancer, basculer, s\u2019\u00e9quilibrer, s\u2019\u00e9tirer &#8211; il n\u2019existe pas une seule fa\u00e7on de l\u2019utiliser. Ce qui commence comme un jeu devient rapidement un outil puissant pour d\u00e9velopper la coordination, la force, la cr\u00e9ativit\u00e9 et la confiance en soi.<\/p>\n<p>Con\u00e7ue pour tous les \u00e2ges, elle grandit avec votre famille et encourage le mouvement actif de la petite enfance jusqu\u2019\u00e0 l\u2019\u00e2ge adulte.<\/p>\n<p><strong>Explorez davantage ci-dessous.<\/strong><\/p>\n","protected":false},"excerpt":{"rendered":"<p>L\u00e0 o\u00f9 le mouvement rencontre l\u2019imagination. Notre planche d\u2019\u00e9quilibre en bois avec base en feutre invite le mouvement ludique dans le quotidien tout en prot\u00e9geant vos sols gr\u00e2ce \u00e0 une couche douce et protectrice. Se balancer, basculer, s\u2019\u00e9quilibrer, s\u2019\u00e9tirer &#8211; il n\u2019existe pas une seule fa\u00e7on de l\u2019utiliser. Ce qui commence comme un jeu devient<a class=\"excerpt-read-more\" href=\"https:\/\/legandgo.com\/fr\/shop\/planche-dequilibre\/felt-base-balance-board\/\" title=\"ReadPlanche d\u2019\u00e9quilibre avec base en feutre\">&#8230; Read more &raquo;<\/a><\/p>\n","protected":false},"featured_media":48796,"comment_status":"closed","ping_status":"closed","template":"","meta":{"_acf_changed":false,"inline_featured_image":false,"footnotes":""},"product_brand":[],"product_cat":[1318,539],"product_tag":[1391,1774,1771,1779,1777,1776,1775,1772,1773,1726,1718,1722,1714,1710,1778],"class_list":{"0":"post-1064","1":"product","2":"type-product","3":"status-publish","4":"has-post-thumbnail","6":"product_cat-categorie-de-jouets","7":"product_cat-planche-dequilibre","8":"product_tag-balance-board","9":"product_tag-balance-board-for-kids","10":"product_tag-balance-board-kids","11":"product_tag-balance-boards-deals","12":"product_tag-balance-boards-for-kids","13":"product_tag-balance-boards-sale","14":"product_tag-balanceboard","15":"product_tag-go-balance-board","16":"product_tag-kids-balance-board","17":"product_tag-leg-go-2","18":"product_tag-leg-and-go","19":"product_tag-leg-go","20":"product_tag-leggo","21":"product_tag-legandgo","22":"product_tag-value-balance-boards","23":"product_shipping_class-bike-shipping-fr","25":"first","26":"instock","27":"sale","28":"purchasable","29":"product-type-variable","30":"has-default-attributes"},"bundled_by":[],"bundle_stock_status":"instock","bundle_stock_quantity":null,"bundle_virtual":false,"bundle_layout":"","bundle_add_to_cart_form_location":"","bundle_editable_in_cart":false,"bundle_sold_individually_context":"","bundle_item_grouping":"","bundle_min_size":"","bundle_max_size":"","bundle_price":[],"bundled_items":[],"bundle_sell_ids":[],"acf":[],"yoast_head":"<!-- This site is optimized with the Yoast SEO plugin v25.9 - https:\/\/yoast.com\/wordpress\/plugins\/seo\/ -->\n<title>Planche d\u2019\u00e9quilibre avec base en feutre &#183; leg&amp;go<\/title>\n<meta name=\"description\" content=\"Planche d\u2019\u00e9quilibre Leg&amp;Go avec base en feutre, con\u00e7ue en bois naturel pour favoriser l\u2019\u00e9quilibre, le mouvement et la cr\u00e9ativit\u00e9 tout en prot\u00e9geant vos sols.\" \/>\n<meta name=\"robots\" content=\"index, follow, max-snippet:-1, max-image-preview:large, max-video-preview:-1\" \/>\n<link rel=\"canonical\" href=\"https:\/\/legandgo.com\/fr\/shop\/planche-dequilibre\/felt-base-balance-board\/\" \/>\n<meta property=\"og:locale\" content=\"fr_FR\" \/>\n<meta property=\"og:type\" content=\"article\" \/>\n<meta property=\"og:title\" content=\"Planche d\u2019\u00e9quilibre avec base en feutre &#183; leg&amp;go\" \/>\n<meta property=\"og:description\" content=\"Planche d\u2019\u00e9quilibre Leg&amp;Go avec base en feutre, con\u00e7ue en bois naturel pour favoriser l\u2019\u00e9quilibre, le mouvement et la cr\u00e9ativit\u00e9 tout en prot\u00e9geant vos sols.\" \/>\n<meta property=\"og:url\" content=\"https:\/\/legandgo.com\/fr\/shop\/planche-dequilibre\/felt-base-balance-board\/\" \/>\n<meta property=\"og:site_name\" content=\"leg&amp;go\" \/>\n<meta property=\"article:publisher\" content=\"https:\/\/www.facebook.com\/legandgo\" \/>\n<meta property=\"article:modified_time\" content=\"2026-04-09T08:12:42+00:00\" \/>\n<meta property=\"og:image\" content=\"https:\/\/legandgo.com\/wp-content\/uploads\/2021\/02\/Balance-Board-with-a-Gray-Felt-Bottom-scaled.jpg\" \/>\n\t<meta property=\"og:image:width\" content=\"2560\" \/>\n\t<meta property=\"og:image:height\" content=\"2560\" \/>\n\t<meta property=\"og:image:type\" content=\"image\/jpeg\" \/>\n<meta name=\"twitter:card\" content=\"summary_large_image\" \/>\n<meta name=\"twitter:label1\" content=\"Dur\u00e9e de lecture estim\u00e9e\" \/>\n\t<meta name=\"twitter:data1\" content=\"1 minute\" \/>\n<script type=\"application\/ld+json\" class=\"yoast-schema-graph\">{\"@context\":\"https:\/\/schema.org\",\"@graph\":[{\"@type\":\"WebPage\",\"@id\":\"https:\/\/legandgo.com\/fr\/shop\/planche-dequilibre\/felt-base-balance-board\/\",\"url\":\"https:\/\/legandgo.com\/fr\/shop\/planche-dequilibre\/felt-base-balance-board\/\",\"name\":\"Planche d\u2019\u00e9quilibre avec base en feutre &#183; leg&amp;go\",\"isPartOf\":{\"@id\":\"https:\/\/legandgo.com\/fr\/#website\"},\"primaryImageOfPage\":{\"@id\":\"https:\/\/legandgo.com\/fr\/shop\/planche-dequilibre\/felt-base-balance-board\/#primaryimage\"},\"image\":{\"@id\":\"https:\/\/legandgo.com\/fr\/shop\/planche-dequilibre\/felt-base-balance-board\/#primaryimage\"},\"thumbnailUrl\":\"https:\/\/legandgo.com\/wp-content\/uploads\/2021\/02\/Balance-Board-with-a-Gray-Felt-Bottom-scaled.jpg\",\"datePublished\":\"2021-02-08T13:36:07+00:00\",\"dateModified\":\"2026-04-09T08:12:42+00:00\",\"description\":\"Planche d\u2019\u00e9quilibre Leg&Go avec base en feutre, con\u00e7ue en bois naturel pour favoriser l\u2019\u00e9quilibre, le mouvement et la cr\u00e9ativit\u00e9 tout en prot\u00e9geant vos sols.\",\"breadcrumb\":{\"@id\":\"https:\/\/legandgo.com\/fr\/shop\/planche-dequilibre\/felt-base-balance-board\/#breadcrumb\"},\"inLanguage\":\"fr-FR\",\"potentialAction\":[{\"@type\":\"ReadAction\",\"target\":[\"https:\/\/legandgo.com\/fr\/shop\/planche-dequilibre\/felt-base-balance-board\/\"]}]},{\"@type\":\"ImageObject\",\"inLanguage\":\"fr-FR\",\"@id\":\"https:\/\/legandgo.com\/fr\/shop\/planche-dequilibre\/felt-base-balance-board\/#primaryimage\",\"url\":\"https:\/\/legandgo.com\/wp-content\/uploads\/2021\/02\/Balance-Board-with-a-Gray-Felt-Bottom-scaled.jpg\",\"contentUrl\":\"https:\/\/legandgo.com\/wp-content\/uploads\/2021\/02\/Balance-Board-with-a-Gray-Felt-Bottom-scaled.jpg\",\"width\":2560,\"height\":2560},{\"@type\":\"BreadcrumbList\",\"@id\":\"https:\/\/legandgo.com\/fr\/shop\/planche-dequilibre\/felt-base-balance-board\/#breadcrumb\",\"itemListElement\":[{\"@type\":\"ListItem\",\"position\":1,\"name\":\"Home\",\"item\":\"https:\/\/legandgo.com\/fr\/\"},{\"@type\":\"ListItem\",\"position\":2,\"name\":\"Shop\",\"item\":\"https:\/\/legandgo.com\/fr\/shop\/\"},{\"@type\":\"ListItem\",\"position\":3,\"name\":\"Planche d\u2019\u00e9quilibre avec base en feutre\"}]},{\"@type\":\"WebSite\",\"@id\":\"https:\/\/legandgo.com\/fr\/#website\",\"url\":\"https:\/\/legandgo.com\/fr\/\",\"name\":\"leg&amp;go\",\"description\":\"\",\"publisher\":{\"@id\":\"https:\/\/legandgo.com\/fr\/#organization\"},\"potentialAction\":[{\"@type\":\"SearchAction\",\"target\":{\"@type\":\"EntryPoint\",\"urlTemplate\":\"https:\/\/legandgo.com\/fr\/?s={search_term_string}\"},\"query-input\":{\"@type\":\"PropertyValueSpecification\",\"valueRequired\":true,\"valueName\":\"search_term_string\"}}],\"inLanguage\":\"fr-FR\"},{\"@type\":\"Organization\",\"@id\":\"https:\/\/legandgo.com\/fr\/#organization\",\"name\":\"leg&go bike\",\"url\":\"https:\/\/legandgo.com\/fr\/\",\"logo\":{\"@type\":\"ImageObject\",\"inLanguage\":\"fr-FR\",\"@id\":\"https:\/\/legandgo.com\/fr\/#\/schema\/logo\/image\/\",\"url\":\"https:\/\/legandgo.com\/wp-content\/uploads\/2021\/03\/logorf.png\",\"contentUrl\":\"https:\/\/legandgo.com\/wp-content\/uploads\/2021\/03\/logorf.png\",\"width\":675,\"height\":216,\"caption\":\"leg&go bike\"},\"image\":{\"@id\":\"https:\/\/legandgo.com\/fr\/#\/schema\/logo\/image\/\"},\"sameAs\":[\"https:\/\/www.facebook.com\/legandgo\",\"https:\/\/www.instagram.com\/legandgo\/\",\"https:\/\/www.linkedin.com\/company\/legandgo\/\",\"https:\/\/www.pinterest.com\/legandgo\/\",\"https:\/\/www.youtube.com\/channel\/UC_FBzWPmKWE0g7fcR4Xdfuw\/\"]}]}<\/script>\n<!-- \/ Yoast SEO plugin. -->","yoast_head_json":{"title":"Planche d\u2019\u00e9quilibre avec base en feutre &#183; leg&amp;go","description":"Planche d\u2019\u00e9quilibre Leg&Go avec base en feutre, con\u00e7ue en bois naturel pour favoriser l\u2019\u00e9quilibre, le mouvement et la cr\u00e9ativit\u00e9 tout en prot\u00e9geant vos sols.","robots":{"index":"index","follow":"follow","max-snippet":"max-snippet:-1","max-image-preview":"max-image-preview:large","max-video-preview":"max-video-preview:-1"},"canonical":"https:\/\/legandgo.com\/fr\/shop\/planche-dequilibre\/felt-base-balance-board\/","og_locale":"fr_FR","og_type":"article","og_title":"Planche d\u2019\u00e9quilibre avec base en feutre &#183; leg&amp;go","og_description":"Planche d\u2019\u00e9quilibre Leg&Go avec base en feutre, con\u00e7ue en bois naturel pour favoriser l\u2019\u00e9quilibre, le mouvement et la cr\u00e9ativit\u00e9 tout en prot\u00e9geant vos sols.","og_url":"https:\/\/legandgo.com\/fr\/shop\/planche-dequilibre\/felt-base-balance-board\/","og_site_name":"leg&amp;go","article_publisher":"https:\/\/www.facebook.com\/legandgo","article_modified_time":"2026-04-09T08:12:42+00:00","og_image":[{"width":2560,"height":2560,"url":"https:\/\/legandgo.com\/wp-content\/uploads\/2021\/02\/Balance-Board-with-a-Gray-Felt-Bottom-scaled.jpg","type":"image\/jpeg"}],"twitter_card":"summary_large_image","twitter_misc":{"Dur\u00e9e de lecture estim\u00e9e":"1 minute"},"schema":{"@context":"https:\/\/schema.org","@graph":[{"@type":"WebPage","@id":"https:\/\/legandgo.com\/fr\/shop\/planche-dequilibre\/felt-base-balance-board\/","url":"https:\/\/legandgo.com\/fr\/shop\/planche-dequilibre\/felt-base-balance-board\/","name":"Planche d\u2019\u00e9quilibre avec base en feutre &#183; leg&amp;go","isPartOf":{"@id":"https:\/\/legandgo.com\/fr\/#website"},"primaryImageOfPage":{"@id":"https:\/\/legandgo.com\/fr\/shop\/planche-dequilibre\/felt-base-balance-board\/#primaryimage"},"image":{"@id":"https:\/\/legandgo.com\/fr\/shop\/planche-dequilibre\/felt-base-balance-board\/#primaryimage"},"thumbnailUrl":"https:\/\/legandgo.com\/wp-content\/uploads\/2021\/02\/Balance-Board-with-a-Gray-Felt-Bottom-scaled.jpg","datePublished":"2021-02-08T13:36:07+00:00","dateModified":"2026-04-09T08:12:42+00:00","description":"Planche d\u2019\u00e9quilibre Leg&Go avec base en feutre, con\u00e7ue en bois naturel pour favoriser l\u2019\u00e9quilibre, le mouvement et la cr\u00e9ativit\u00e9 tout en prot\u00e9geant vos sols.","breadcrumb":{"@id":"https:\/\/legandgo.com\/fr\/shop\/planche-dequilibre\/felt-base-balance-board\/#breadcrumb"},"inLanguage":"fr-FR","potentialAction":[{"@type":"ReadAction","target":["https:\/\/legandgo.com\/fr\/shop\/planche-dequilibre\/felt-base-balance-board\/"]}]},{"@type":"ImageObject","inLanguage":"fr-FR","@id":"https:\/\/legandgo.com\/fr\/shop\/planche-dequilibre\/felt-base-balance-board\/#primaryimage","url":"https:\/\/legandgo.com\/wp-content\/uploads\/2021\/02\/Balance-Board-with-a-Gray-Felt-Bottom-scaled.jpg","contentUrl":"https:\/\/legandgo.com\/wp-content\/uploads\/2021\/02\/Balance-Board-with-a-Gray-Felt-Bottom-scaled.jpg","width":2560,"height":2560},{"@type":"BreadcrumbList","@id":"https:\/\/legandgo.com\/fr\/shop\/planche-dequilibre\/felt-base-balance-board\/#breadcrumb","itemListElement":[{"@type":"ListItem","position":1,"name":"Home","item":"https:\/\/legandgo.com\/fr\/"},{"@type":"ListItem","position":2,"name":"Shop","item":"https:\/\/legandgo.com\/fr\/shop\/"},{"@type":"ListItem","position":3,"name":"Planche d\u2019\u00e9quilibre avec base en feutre"}]},{"@type":"WebSite","@id":"https:\/\/legandgo.com\/fr\/#website","url":"https:\/\/legandgo.com\/fr\/","name":"leg&amp;go","description":"","publisher":{"@id":"https:\/\/legandgo.com\/fr\/#organization"},"potentialAction":[{"@type":"SearchAction","target":{"@type":"EntryPoint","urlTemplate":"https:\/\/legandgo.com\/fr\/?s={search_term_string}"},"query-input":{"@type":"PropertyValueSpecification","valueRequired":true,"valueName":"search_term_string"}}],"inLanguage":"fr-FR"},{"@type":"Organization","@id":"https:\/\/legandgo.com\/fr\/#organization","name":"leg&go bike","url":"https:\/\/legandgo.com\/fr\/","logo":{"@type":"ImageObject","inLanguage":"fr-FR","@id":"https:\/\/legandgo.com\/fr\/#\/schema\/logo\/image\/","url":"https:\/\/legandgo.com\/wp-content\/uploads\/2021\/03\/logorf.png","contentUrl":"https:\/\/legandgo.com\/wp-content\/uploads\/2021\/03\/logorf.png","width":675,"height":216,"caption":"leg&go bike"},"image":{"@id":"https:\/\/legandgo.com\/fr\/#\/schema\/logo\/image\/"},"sameAs":["https:\/\/www.facebook.com\/legandgo","https:\/\/www.instagram.com\/legandgo\/","https:\/\/www.linkedin.com\/company\/legandgo\/","https:\/\/www.pinterest.com\/legandgo\/","https:\/\/www.youtube.com\/channel\/UC_FBzWPmKWE0g7fcR4Xdfuw\/"]}]}},"_links":{"self":[{"href":"https:\/\/legandgo.com\/fr\/wp-json\/wp\/v2\/product\/1064","targetHints":{"allow":["GET"]}}],"collection":[{"href":"https:\/\/legandgo.com\/fr\/wp-json\/wp\/v2\/product"}],"about":[{"href":"https:\/\/legandgo.com\/fr\/wp-json\/wp\/v2\/types\/product"}],"replies":[{"embeddable":true,"href":"https:\/\/legandgo.com\/fr\/wp-json\/wp\/v2\/comments?post=1064"}],"version-history":[{"count":23,"href":"https:\/\/legandgo.com\/fr\/wp-json\/wp\/v2\/product\/1064\/revisions"}],"predecessor-version":[{"id":63396,"href":"https:\/\/legandgo.com\/fr\/wp-json\/wp\/v2\/product\/1064\/revisions\/63396"}],"wp:featuredmedia":[{"embeddable":true,"href":"https:\/\/legandgo.com\/fr\/wp-json\/wp\/v2\/media\/48796"}],"wp:attachment":[{"href":"https:\/\/legandgo.com\/fr\/wp-json\/wp\/v2\/media?parent=1064"}],"wp:term":[{"taxonomy":"product_brand","embeddable":true,"href":"https:\/\/legandgo.com\/fr\/wp-json\/wp\/v2\/product_brand?post=1064"},{"taxonomy":"product_cat","embeddable":true,"href":"https:\/\/legandgo.com\/fr\/wp-json\/wp\/v2\/product_cat?post=1064"},{"taxonomy":"product_tag","embeddable":true,"href":"https:\/\/legandgo.com\/fr\/wp-json\/wp\/v2\/product_tag?post=1064"}],"curies":[{"name":"wp","href":"https:\/\/api.w.org\/{rel}","templated":true}]}}