{"id":1114,"date":"2021-02-08T13:32:18","date_gmt":"2021-02-08T13:32:18","guid":{"rendered":"https:\/\/legandgo.com\/product\/spoke-reflectors\/"},"modified":"2026-03-10T11:16:09","modified_gmt":"2026-03-10T09:16:09","slug":"spoke-reflectors","status":"publish","type":"product","link":"https:\/\/legandgo.com\/fr\/shop\/accessories-fr\/spoke-reflectors\/","title":{"rendered":"R\u00e9flecteurs de rayon"},"content":{"rendered":"<p style=\"font-weight: 400;\">Visibilit\u00e9 \u00e0 360\u00b0 pour les petits riders intr\u00e9pides.<\/p>\n<p style=\"font-weight: 400;\">Lorsque les petits casse-cou se laissent emporter par leurs aventures, nous voulons \u00eatre certains qu\u2019ils soient bien visibles pour les personnes autour d\u2019eux. Ces r\u00e9flecteurs de rayons l\u00e9gers utilisent le mat\u00e9riau 3M Scotchlite pour offrir une visibilit\u00e9 lumineuse \u00e0 360\u00b0 pendant la conduite. Con\u00e7us pour la roue avant d\u2019une draisienne et pour les deux roues d\u2019un v\u00e9lo \u00e0 p\u00e9dales, ils rendent chaque sortie plus s\u00fbre sans modifier la sensation de conduite.<\/p>\n<p style=\"font-weight: 400;\"><strong>Explorez davantage ci-dessous.<\/strong><\/p>\n","protected":false},"excerpt":{"rendered":"<p>Visibilit\u00e9 \u00e0 360\u00b0 pour les petits riders intr\u00e9pides. Lorsque les petits casse-cou se laissent emporter par leurs aventures, nous voulons \u00eatre certains qu\u2019ils soient bien visibles pour les personnes autour d\u2019eux. Ces r\u00e9flecteurs de rayons l\u00e9gers utilisent le mat\u00e9riau 3M Scotchlite pour offrir une visibilit\u00e9 lumineuse \u00e0 360\u00b0 pendant la conduite. Con\u00e7us pour la roue<a class=\"excerpt-read-more\" href=\"https:\/\/legandgo.com\/fr\/shop\/accessories-fr\/spoke-reflectors\/\" title=\"ReadR\u00e9flecteurs de rayon\">&#8230; Read more &raquo;<\/a><\/p>\n","protected":false},"featured_media":5161,"comment_status":"closed","ping_status":"closed","template":"","meta":{"_acf_changed":false,"inline_featured_image":false,"footnotes":""},"product_brand":[],"product_cat":[1310,86],"product_tag":[1661,1662,1663],"class_list":{"0":"post-1114","1":"product","2":"type-product","3":"status-publish","4":"has-post-thumbnail","6":"product_cat-draisiennes-et-plus","7":"product_cat-accessories-fr","8":"product_tag-draisienne","9":"product_tag-draisienne-a-pedale","10":"product_tag-velo-dapprentissage","11":"product_shipping_class-accessories-shipping-fr","13":"first","14":"instock","15":"purchasable","16":"product-type-simple"},"bundled_by":[],"bundle_stock_status":"instock","bundle_stock_quantity":null,"bundle_virtual":false,"bundle_layout":"","bundle_add_to_cart_form_location":"","bundle_editable_in_cart":false,"bundle_sold_individually_context":"","bundle_item_grouping":"","bundle_min_size":"","bundle_max_size":"","bundle_price":[],"bundled_items":[],"bundle_sell_ids":[],"acf":[],"yoast_head":"<!-- This site is optimized with the Yoast SEO plugin v25.9 - https:\/\/yoast.com\/wordpress\/plugins\/seo\/ -->\n<title>R\u00e9flecteurs de rayon &#183; leg&amp;go<\/title>\n<meta name=\"description\" content=\"R\u00e9flecteurs de rayons en 3M Scotchlite offrant une visibilit\u00e9 \u00e0 360\u00b0 pour roues 12\u2033 et 14\u2033. Installation sans outil et design l\u00e9ger pour plus de s\u00e9curit\u00e9.\" \/>\n<meta name=\"robots\" content=\"index, follow, max-snippet:-1, max-image-preview:large, max-video-preview:-1\" \/>\n<link rel=\"canonical\" href=\"https:\/\/legandgo.com\/fr\/shop\/accessories-fr\/spoke-reflectors\/\" \/>\n<meta property=\"og:locale\" content=\"fr_FR\" \/>\n<meta property=\"og:type\" content=\"article\" \/>\n<meta property=\"og:title\" content=\"R\u00e9flecteurs de rayon &#183; leg&amp;go\" \/>\n<meta property=\"og:description\" content=\"R\u00e9flecteurs de rayons en 3M Scotchlite offrant une visibilit\u00e9 \u00e0 360\u00b0 pour roues 12\u2033 et 14\u2033. Installation sans outil et design l\u00e9ger pour plus de s\u00e9curit\u00e9.\" \/>\n<meta property=\"og:url\" content=\"https:\/\/legandgo.com\/fr\/shop\/accessories-fr\/spoke-reflectors\/\" \/>\n<meta property=\"og:site_name\" content=\"leg&amp;go\" \/>\n<meta property=\"article:publisher\" content=\"https:\/\/www.facebook.com\/legandgo\" \/>\n<meta property=\"article:modified_time\" content=\"2026-03-10T09:16:09+00:00\" \/>\n<meta property=\"og:image\" content=\"https:\/\/legandgo.com\/wp-content\/uploads\/2021\/02\/legandgo-leggo-spoke-reflectors.jpg\" \/>\n\t<meta property=\"og:image:width\" content=\"1920\" \/>\n\t<meta property=\"og:image:height\" content=\"1920\" \/>\n\t<meta property=\"og:image:type\" content=\"image\/jpeg\" \/>\n<meta name=\"twitter:card\" content=\"summary_large_image\" \/>\n<script type=\"application\/ld+json\" class=\"yoast-schema-graph\">{\"@context\":\"https:\/\/schema.org\",\"@graph\":[{\"@type\":\"WebPage\",\"@id\":\"https:\/\/legandgo.com\/fr\/shop\/accessories-fr\/spoke-reflectors\/\",\"url\":\"https:\/\/legandgo.com\/fr\/shop\/accessories-fr\/spoke-reflectors\/\",\"name\":\"R\u00e9flecteurs de rayon &#183; leg&amp;go\",\"isPartOf\":{\"@id\":\"https:\/\/legandgo.com\/fr\/#website\"},\"primaryImageOfPage\":{\"@id\":\"https:\/\/legandgo.com\/fr\/shop\/accessories-fr\/spoke-reflectors\/#primaryimage\"},\"image\":{\"@id\":\"https:\/\/legandgo.com\/fr\/shop\/accessories-fr\/spoke-reflectors\/#primaryimage\"},\"thumbnailUrl\":\"https:\/\/legandgo.com\/wp-content\/uploads\/2021\/02\/legandgo-leggo-spoke-reflectors.jpg\",\"datePublished\":\"2021-02-08T13:32:18+00:00\",\"dateModified\":\"2026-03-10T09:16:09+00:00\",\"description\":\"R\u00e9flecteurs de rayons en 3M Scotchlite offrant une visibilit\u00e9 \u00e0 360\u00b0 pour roues 12\u2033 et 14\u2033. Installation sans outil et design l\u00e9ger pour plus de s\u00e9curit\u00e9.\",\"breadcrumb\":{\"@id\":\"https:\/\/legandgo.com\/fr\/shop\/accessories-fr\/spoke-reflectors\/#breadcrumb\"},\"inLanguage\":\"fr-FR\",\"potentialAction\":[{\"@type\":\"ReadAction\",\"target\":[\"https:\/\/legandgo.com\/fr\/shop\/accessories-fr\/spoke-reflectors\/\"]}]},{\"@type\":\"ImageObject\",\"inLanguage\":\"fr-FR\",\"@id\":\"https:\/\/legandgo.com\/fr\/shop\/accessories-fr\/spoke-reflectors\/#primaryimage\",\"url\":\"https:\/\/legandgo.com\/wp-content\/uploads\/2021\/02\/legandgo-leggo-spoke-reflectors.jpg\",\"contentUrl\":\"https:\/\/legandgo.com\/wp-content\/uploads\/2021\/02\/legandgo-leggo-spoke-reflectors.jpg\",\"width\":1920,\"height\":1920},{\"@type\":\"BreadcrumbList\",\"@id\":\"https:\/\/legandgo.com\/fr\/shop\/accessories-fr\/spoke-reflectors\/#breadcrumb\",\"itemListElement\":[{\"@type\":\"ListItem\",\"position\":1,\"name\":\"Home\",\"item\":\"https:\/\/legandgo.com\/fr\/\"},{\"@type\":\"ListItem\",\"position\":2,\"name\":\"Shop\",\"item\":\"https:\/\/legandgo.com\/fr\/shop\/\"},{\"@type\":\"ListItem\",\"position\":3,\"name\":\"R\u00e9flecteurs de rayon\"}]},{\"@type\":\"WebSite\",\"@id\":\"https:\/\/legandgo.com\/fr\/#website\",\"url\":\"https:\/\/legandgo.com\/fr\/\",\"name\":\"leg&amp;go\",\"description\":\"\",\"publisher\":{\"@id\":\"https:\/\/legandgo.com\/fr\/#organization\"},\"potentialAction\":[{\"@type\":\"SearchAction\",\"target\":{\"@type\":\"EntryPoint\",\"urlTemplate\":\"https:\/\/legandgo.com\/fr\/?s={search_term_string}\"},\"query-input\":{\"@type\":\"PropertyValueSpecification\",\"valueRequired\":true,\"valueName\":\"search_term_string\"}}],\"inLanguage\":\"fr-FR\"},{\"@type\":\"Organization\",\"@id\":\"https:\/\/legandgo.com\/fr\/#organization\",\"name\":\"leg&go bike\",\"url\":\"https:\/\/legandgo.com\/fr\/\",\"logo\":{\"@type\":\"ImageObject\",\"inLanguage\":\"fr-FR\",\"@id\":\"https:\/\/legandgo.com\/fr\/#\/schema\/logo\/image\/\",\"url\":\"https:\/\/legandgo.com\/wp-content\/uploads\/2021\/03\/logorf.png\",\"contentUrl\":\"https:\/\/legandgo.com\/wp-content\/uploads\/2021\/03\/logorf.png\",\"width\":675,\"height\":216,\"caption\":\"leg&go bike\"},\"image\":{\"@id\":\"https:\/\/legandgo.com\/fr\/#\/schema\/logo\/image\/\"},\"sameAs\":[\"https:\/\/www.facebook.com\/legandgo\",\"https:\/\/www.instagram.com\/legandgo\/\",\"https:\/\/www.linkedin.com\/company\/legandgo\/\",\"https:\/\/www.pinterest.com\/legandgo\/\",\"https:\/\/www.youtube.com\/channel\/UC_FBzWPmKWE0g7fcR4Xdfuw\/\"]}]}<\/script>\n<!-- \/ Yoast SEO plugin. -->","yoast_head_json":{"title":"R\u00e9flecteurs de rayon &#183; leg&amp;go","description":"R\u00e9flecteurs de rayons en 3M Scotchlite offrant une visibilit\u00e9 \u00e0 360\u00b0 pour roues 12\u2033 et 14\u2033. Installation sans outil et design l\u00e9ger pour plus de s\u00e9curit\u00e9.","robots":{"index":"index","follow":"follow","max-snippet":"max-snippet:-1","max-image-preview":"max-image-preview:large","max-video-preview":"max-video-preview:-1"},"canonical":"https:\/\/legandgo.com\/fr\/shop\/accessories-fr\/spoke-reflectors\/","og_locale":"fr_FR","og_type":"article","og_title":"R\u00e9flecteurs de rayon &#183; leg&amp;go","og_description":"R\u00e9flecteurs de rayons en 3M Scotchlite offrant une visibilit\u00e9 \u00e0 360\u00b0 pour roues 12\u2033 et 14\u2033. Installation sans outil et design l\u00e9ger pour plus de s\u00e9curit\u00e9.","og_url":"https:\/\/legandgo.com\/fr\/shop\/accessories-fr\/spoke-reflectors\/","og_site_name":"leg&amp;go","article_publisher":"https:\/\/www.facebook.com\/legandgo","article_modified_time":"2026-03-10T09:16:09+00:00","og_image":[{"width":1920,"height":1920,"url":"https:\/\/legandgo.com\/wp-content\/uploads\/2021\/02\/legandgo-leggo-spoke-reflectors.jpg","type":"image\/jpeg"}],"twitter_card":"summary_large_image","schema":{"@context":"https:\/\/schema.org","@graph":[{"@type":"WebPage","@id":"https:\/\/legandgo.com\/fr\/shop\/accessories-fr\/spoke-reflectors\/","url":"https:\/\/legandgo.com\/fr\/shop\/accessories-fr\/spoke-reflectors\/","name":"R\u00e9flecteurs de rayon &#183; leg&amp;go","isPartOf":{"@id":"https:\/\/legandgo.com\/fr\/#website"},"primaryImageOfPage":{"@id":"https:\/\/legandgo.com\/fr\/shop\/accessories-fr\/spoke-reflectors\/#primaryimage"},"image":{"@id":"https:\/\/legandgo.com\/fr\/shop\/accessories-fr\/spoke-reflectors\/#primaryimage"},"thumbnailUrl":"https:\/\/legandgo.com\/wp-content\/uploads\/2021\/02\/legandgo-leggo-spoke-reflectors.jpg","datePublished":"2021-02-08T13:32:18+00:00","dateModified":"2026-03-10T09:16:09+00:00","description":"R\u00e9flecteurs de rayons en 3M Scotchlite offrant une visibilit\u00e9 \u00e0 360\u00b0 pour roues 12\u2033 et 14\u2033. Installation sans outil et design l\u00e9ger pour plus de s\u00e9curit\u00e9.","breadcrumb":{"@id":"https:\/\/legandgo.com\/fr\/shop\/accessories-fr\/spoke-reflectors\/#breadcrumb"},"inLanguage":"fr-FR","potentialAction":[{"@type":"ReadAction","target":["https:\/\/legandgo.com\/fr\/shop\/accessories-fr\/spoke-reflectors\/"]}]},{"@type":"ImageObject","inLanguage":"fr-FR","@id":"https:\/\/legandgo.com\/fr\/shop\/accessories-fr\/spoke-reflectors\/#primaryimage","url":"https:\/\/legandgo.com\/wp-content\/uploads\/2021\/02\/legandgo-leggo-spoke-reflectors.jpg","contentUrl":"https:\/\/legandgo.com\/wp-content\/uploads\/2021\/02\/legandgo-leggo-spoke-reflectors.jpg","width":1920,"height":1920},{"@type":"BreadcrumbList","@id":"https:\/\/legandgo.com\/fr\/shop\/accessories-fr\/spoke-reflectors\/#breadcrumb","itemListElement":[{"@type":"ListItem","position":1,"name":"Home","item":"https:\/\/legandgo.com\/fr\/"},{"@type":"ListItem","position":2,"name":"Shop","item":"https:\/\/legandgo.com\/fr\/shop\/"},{"@type":"ListItem","position":3,"name":"R\u00e9flecteurs de rayon"}]},{"@type":"WebSite","@id":"https:\/\/legandgo.com\/fr\/#website","url":"https:\/\/legandgo.com\/fr\/","name":"leg&amp;go","description":"","publisher":{"@id":"https:\/\/legandgo.com\/fr\/#organization"},"potentialAction":[{"@type":"SearchAction","target":{"@type":"EntryPoint","urlTemplate":"https:\/\/legandgo.com\/fr\/?s={search_term_string}"},"query-input":{"@type":"PropertyValueSpecification","valueRequired":true,"valueName":"search_term_string"}}],"inLanguage":"fr-FR"},{"@type":"Organization","@id":"https:\/\/legandgo.com\/fr\/#organization","name":"leg&go bike","url":"https:\/\/legandgo.com\/fr\/","logo":{"@type":"ImageObject","inLanguage":"fr-FR","@id":"https:\/\/legandgo.com\/fr\/#\/schema\/logo\/image\/","url":"https:\/\/legandgo.com\/wp-content\/uploads\/2021\/03\/logorf.png","contentUrl":"https:\/\/legandgo.com\/wp-content\/uploads\/2021\/03\/logorf.png","width":675,"height":216,"caption":"leg&go bike"},"image":{"@id":"https:\/\/legandgo.com\/fr\/#\/schema\/logo\/image\/"},"sameAs":["https:\/\/www.facebook.com\/legandgo","https:\/\/www.instagram.com\/legandgo\/","https:\/\/www.linkedin.com\/company\/legandgo\/","https:\/\/www.pinterest.com\/legandgo\/","https:\/\/www.youtube.com\/channel\/UC_FBzWPmKWE0g7fcR4Xdfuw\/"]}]}},"_links":{"self":[{"href":"https:\/\/legandgo.com\/fr\/wp-json\/wp\/v2\/product\/1114","targetHints":{"allow":["GET"]}}],"collection":[{"href":"https:\/\/legandgo.com\/fr\/wp-json\/wp\/v2\/product"}],"about":[{"href":"https:\/\/legandgo.com\/fr\/wp-json\/wp\/v2\/types\/product"}],"replies":[{"embeddable":true,"href":"https:\/\/legandgo.com\/fr\/wp-json\/wp\/v2\/comments?post=1114"}],"version-history":[{"count":15,"href":"https:\/\/legandgo.com\/fr\/wp-json\/wp\/v2\/product\/1114\/revisions"}],"predecessor-version":[{"id":54019,"href":"https:\/\/legandgo.com\/fr\/wp-json\/wp\/v2\/product\/1114\/revisions\/54019"}],"wp:featuredmedia":[{"embeddable":true,"href":"https:\/\/legandgo.com\/fr\/wp-json\/wp\/v2\/media\/5161"}],"wp:attachment":[{"href":"https:\/\/legandgo.com\/fr\/wp-json\/wp\/v2\/media?parent=1114"}],"wp:term":[{"taxonomy":"product_brand","embeddable":true,"href":"https:\/\/legandgo.com\/fr\/wp-json\/wp\/v2\/product_brand?post=1114"},{"taxonomy":"product_cat","embeddable":true,"href":"https:\/\/legandgo.com\/fr\/wp-json\/wp\/v2\/product_cat?post=1114"},{"taxonomy":"product_tag","embeddable":true,"href":"https:\/\/legandgo.com\/fr\/wp-json\/wp\/v2\/product_tag?post=1114"}],"curies":[{"name":"wp","href":"https:\/\/api.w.org\/{rel}","templated":true}]}}